{"id":33580,"date":"2025-03-21T11:38:03","date_gmt":"2025-03-21T09:38:03","guid":{"rendered":"https:\/\/stiftadmont.at\/?page_id=33580"},"modified":"2025-03-25T09:21:10","modified_gmt":"2025-03-25T07:21:10","slug":"ancienne-eglise-dandrea","status":"publish","type":"page","link":"https:\/\/stiftadmont.at\/fr\/pfarren\/stadtpfarre-trieben\/alte-andreaskirche\/","title":{"rendered":"Ancienne \u00e9glise Saint-Andr\u00e9"},"content":{"rendered":"<section id='lightpress__section--block_b10a187ab056f17b3e1c950226ddb4f9' class='align-center lightpress__section--default-section-space lightpress__section lightpress__section--headline'><div class=\"headline__container\">\n            <p class=\"headline text--40 text-medium line line--gold line-above line-middle\">Ancienne \u00e9glise Saint-Andr\u00e9 <\/p>\n        <p class=\"text-center text-gold text--20 text-medium text--uppercase\"><\/p>\n        <div class=\"spacer--40\"><\/div>\n<\/div>\n\n<\/section>\n\n<section id='lightpress__section--block_d9a66980982d6e97fdd7d1419a6335ae' class='lightpress__section--default-section-space lightpress__section lightpress__section--content'><div class=\"content__inner\"\n         x-init=\"initContentBlockAnim($el)\">\n        \n    <div class=\"content__grid content__grid--fifty-fifty\">\n                                            <div class=\"content__box content__box\"\n                 style=\"\">\n                                \n                \n                                        <div class=\"content__media stickyTo\" x-init=\"imageSticky($el)\">\n\n                                                                                                <picture\n                                class=\"content__image sticky\">\n                            <source srcset=\"https:\/\/stiftadmont.at\/wp-content\/uploads\/Pfarre-Trieben_c-Thomas-Sattler_Stift-Admont.jpg\"\n                                    type=\"image\/webp\">\n                            <source srcset=\"https:\/\/stiftadmont.at\/wp-content\/uploads\/Pfarre-Trieben_c-Thomas-Sattler_Stift-Admont.jpg\"\n                                    type=\"image\/jpeg\">\n                            <img decoding=\"async\" loading=\"lazy\" src=\"https:\/\/stiftadmont.at\/wp-content\/uploads\/Pfarre-Trieben_c-Thomas-Sattler_Stift-Admont.jpg\" alt=\"Paroisse de Trieben c Thomas Sattler Stift Admont\" width=\"600\" height=\"450\" \/>\n                                                                                                            <\/picture>\n\n                    <\/div>\n\n                            <\/div>\n        \n                                                    <div class=\"content__box content__box--2\"\n                     >\n                                        \n                    \n                                                    <div class=\"prose\"><h5 class=\"heading-m line line-above line--gold\"><strong>L'\u00e9glise filiale de Trieben : \"Alte Andreaskirche\" (ancienne \u00e9glise Saint-Andr\u00e9)<\/strong><\/h5>\n<p>\u00a0<\/p>\n<p>L'\u00e9glise dite \"Alte Andreaskirche\" \u00e9tait \u00e0 l'origine une \u00e9glise filiale de St. Lorenzen et la premi\u00e8re \u00e9glise paroissiale de Trieben. En 1160, une \"capella\" de Trieben est mentionn\u00e9e pour la premi\u00e8re fois dans un document, et 11 ans plus tard, on parlait d\u00e9j\u00e0 d'une \"\u00e9glise\" Saint-Andr\u00e9.  La construction de l'\u00e9glise actuelle remonte aux ann\u00e9es 1494-1498, apr\u00e8s la destruction de l'\u00e9glise suite aux invasions turques de 1480. L'\u00e9glise a br\u00fbl\u00e9 en 1858 et c'est dans les ann\u00e9es qui ont suivi que l'\u00e9glise a pris son aspect actuel.\u00a0<\/p>\n<p>\u00a0<\/p>\n<p><a class=\"admont-button admont-button--secondary\" href=\"https:\/\/my.matterport.com\/show\/?m=xDXitxagYfL\" target=\"_blank\" rel=\"noopener\">VISITE VIRTUELLE DE L'ANCIENNE \u00c9GLISE D'ANDR\u00c9A<\/a><\/p>\n<p>\u00a0<\/p>\n<\/div>\n                        \n                                    <\/div>\n            \n            <\/div>\n<\/div>\n\n<\/section>","protected":false},"excerpt":{"rendered":"","protected":false},"author":7,"featured_media":0,"parent":33483,"menu_order":0,"comment_status":"closed","ping_status":"closed","template":"","meta":{"_acf_changed":false,"footnotes":""},"categories":[],"class_list":["post-33580","page","type-page","status-publish","hentry"],"acf":[],"yoast_head":"<!-- This site is optimized with the Yoast SEO Premium plugin v26.0 (Yoast SEO v26.8) - https:\/\/yoast.com\/product\/yoast-seo-premium-wordpress\/ -->\n<title>Alte Andreaskirche - Stift Admont<\/title>\n<meta name=\"robots\" content=\"index, follow, max-snippet:-1, max-image-preview:large, max-video-preview:-1\" \/>\n<link rel=\"canonical\" href=\"https:\/\/stiftadmont.at\/fr\/paroisses\/paroisse-de-la-ville-de-trieben\/ancienne-eglise-dandrea\/\" \/>\n<meta property=\"og:locale\" content=\"fr_FR\" \/>\n<meta property=\"og:type\" content=\"article\" \/>\n<meta property=\"og:title\" content=\"Alte Andreaskirche\" \/>\n<meta property=\"og:url\" content=\"https:\/\/stiftadmont.at\/fr\/paroisses\/paroisse-de-la-ville-de-trieben\/ancienne-eglise-dandrea\/\" \/>\n<meta property=\"og:site_name\" content=\"Stift Admont\" \/>\n<meta property=\"article:modified_time\" content=\"2025-03-25T07:21:10+00:00\" \/>\n<meta property=\"og:image\" content=\"https:\/\/stiftadmont.at\/wp-content\/uploads\/Klosteranlage-innen.jpg\" \/>\n\t<meta property=\"og:image:width\" content=\"1912\" \/>\n\t<meta property=\"og:image:height\" content=\"1188\" \/>\n\t<meta property=\"og:image:type\" content=\"image\/jpeg\" \/>\n<meta name=\"twitter:card\" content=\"summary_large_image\" \/>\n<script type=\"application\/ld+json\" class=\"yoast-schema-graph\">{\"@context\":\"https:\/\/schema.org\",\"@graph\":[{\"@type\":\"WebPage\",\"@id\":\"https:\/\/stiftadmont.at\/pfarren\/stadtpfarre-trieben\/alte-andreaskirche\/\",\"url\":\"https:\/\/stiftadmont.at\/pfarren\/stadtpfarre-trieben\/alte-andreaskirche\/\",\"name\":\"Alte Andreaskirche - Stift Admont\",\"isPartOf\":{\"@id\":\"https:\/\/stiftadmont.at\/#website\"},\"datePublished\":\"2025-03-21T09:38:03+00:00\",\"dateModified\":\"2025-03-25T07:21:10+00:00\",\"breadcrumb\":{\"@id\":\"https:\/\/stiftadmont.at\/pfarren\/stadtpfarre-trieben\/alte-andreaskirche\/#breadcrumb\"},\"inLanguage\":\"fr-FR\",\"potentialAction\":[{\"@type\":\"ReadAction\",\"target\":[\"https:\/\/stiftadmont.at\/pfarren\/stadtpfarre-trieben\/alte-andreaskirche\/\"]}]},{\"@type\":\"BreadcrumbList\",\"@id\":\"https:\/\/stiftadmont.at\/pfarren\/stadtpfarre-trieben\/alte-andreaskirche\/#breadcrumb\",\"itemListElement\":[{\"@type\":\"ListItem\",\"position\":1,\"name\":\"Start\",\"item\":\"https:\/\/stiftadmont.at\/\"},{\"@type\":\"ListItem\",\"position\":2,\"name\":\"Pfarren\",\"item\":\"https:\/\/stiftadmont.at\/pfarren\/\"},{\"@type\":\"ListItem\",\"position\":3,\"name\":\"Stadtpfarre Trieben\",\"item\":\"https:\/\/stiftadmont.at\/pfarren\/stadtpfarre-trieben\/\"},{\"@type\":\"ListItem\",\"position\":4,\"name\":\"Alte Andreaskirche\"}]},{\"@type\":\"WebSite\",\"@id\":\"https:\/\/stiftadmont.at\/#website\",\"url\":\"https:\/\/stiftadmont.at\/\",\"name\":\"Stift Admont\",\"description\":\"Benediktinerkloster und Sehensw\u00fcrdigkeit im Ges\u00e4use\",\"potentialAction\":[{\"@type\":\"SearchAction\",\"target\":{\"@type\":\"EntryPoint\",\"urlTemplate\":\"https:\/\/stiftadmont.at\/?s={search_term_string}\"},\"query-input\":{\"@type\":\"PropertyValueSpecification\",\"valueRequired\":true,\"valueName\":\"search_term_string\"}}],\"inLanguage\":\"fr-FR\"}]}<\/script>\n<!-- \/ Yoast SEO Premium plugin. -->","yoast_head_json":{"title":"Ancienne \u00e9glise Saint-Andr\u00e9 - Abbaye d'Admont","robots":{"index":"index","follow":"follow","max-snippet":"max-snippet:-1","max-image-preview":"max-image-preview:large","max-video-preview":"max-video-preview:-1"},"canonical":"https:\/\/stiftadmont.at\/fr\/paroisses\/paroisse-de-la-ville-de-trieben\/ancienne-eglise-dandrea\/","og_locale":"fr_FR","og_type":"article","og_title":"Alte Andreaskirche","og_url":"https:\/\/stiftadmont.at\/fr\/paroisses\/paroisse-de-la-ville-de-trieben\/ancienne-eglise-dandrea\/","og_site_name":"Stift Admont","article_modified_time":"2025-03-25T07:21:10+00:00","og_image":[{"width":1912,"height":1188,"url":"https:\/\/stiftadmont.at\/wp-content\/uploads\/Klosteranlage-innen.jpg","type":"image\/jpeg"}],"twitter_card":"summary_large_image","schema":{"@context":"https:\/\/schema.org","@graph":[{"@type":"WebPage","@id":"https:\/\/stiftadmont.at\/pfarren\/stadtpfarre-trieben\/alte-andreaskirche\/","url":"https:\/\/stiftadmont.at\/pfarren\/stadtpfarre-trieben\/alte-andreaskirche\/","name":"Ancienne \u00e9glise Saint-Andr\u00e9 - Abbaye d'Admont","isPartOf":{"@id":"https:\/\/stiftadmont.at\/#website"},"datePublished":"2025-03-21T09:38:03+00:00","dateModified":"2025-03-25T07:21:10+00:00","breadcrumb":{"@id":"https:\/\/stiftadmont.at\/pfarren\/stadtpfarre-trieben\/alte-andreaskirche\/#breadcrumb"},"inLanguage":"fr-FR","potentialAction":[{"@type":"ReadAction","target":["https:\/\/stiftadmont.at\/pfarren\/stadtpfarre-trieben\/alte-andreaskirche\/"]}]},{"@type":"BreadcrumbList","@id":"https:\/\/stiftadmont.at\/pfarren\/stadtpfarre-trieben\/alte-andreaskirche\/#breadcrumb","itemListElement":[{"@type":"ListItem","position":1,"name":"Start","item":"https:\/\/stiftadmont.at\/"},{"@type":"ListItem","position":2,"name":"Pfarren","item":"https:\/\/stiftadmont.at\/pfarren\/"},{"@type":"ListItem","position":3,"name":"Stadtpfarre Trieben","item":"https:\/\/stiftadmont.at\/pfarren\/stadtpfarre-trieben\/"},{"@type":"ListItem","position":4,"name":"Alte Andreaskirche"}]},{"@type":"WebSite","@id":"https:\/\/stiftadmont.at\/#website","url":"https:\/\/stiftadmont.at\/","name":"Abbaye d'Admont","description":"Monast\u00e8re b\u00e9n\u00e9dictin et attraction touristique dans le Ges\u00e4use","potentialAction":[{"@type":"SearchAction","target":{"@type":"EntryPoint","urlTemplate":"https:\/\/stiftadmont.at\/?s={search_term_string}"},"query-input":{"@type":"PropertyValueSpecification","valueRequired":true,"valueName":"search_term_string"}}],"inLanguage":"fr-FR"}]}},"_links":{"self":[{"href":"https:\/\/stiftadmont.at\/fr\/wp-json\/wp\/v2\/pages\/33580","targetHints":{"allow":["GET"]}}],"collection":[{"href":"https:\/\/stiftadmont.at\/fr\/wp-json\/wp\/v2\/pages"}],"about":[{"href":"https:\/\/stiftadmont.at\/fr\/wp-json\/wp\/v2\/types\/page"}],"author":[{"embeddable":true,"href":"https:\/\/stiftadmont.at\/fr\/wp-json\/wp\/v2\/users\/7"}],"replies":[{"embeddable":true,"href":"https:\/\/stiftadmont.at\/fr\/wp-json\/wp\/v2\/comments?post=33580"}],"version-history":[{"count":4,"href":"https:\/\/stiftadmont.at\/fr\/wp-json\/wp\/v2\/pages\/33580\/revisions"}],"predecessor-version":[{"id":33829,"href":"https:\/\/stiftadmont.at\/fr\/wp-json\/wp\/v2\/pages\/33580\/revisions\/33829"}],"up":[{"embeddable":true,"href":"https:\/\/stiftadmont.at\/fr\/wp-json\/wp\/v2\/pages\/33483"}],"wp:attachment":[{"href":"https:\/\/stiftadmont.at\/fr\/wp-json\/wp\/v2\/media?parent=33580"}],"wp:term":[{"taxonomy":"category","embeddable":true,"href":"https:\/\/stiftadmont.at\/fr\/wp-json\/wp\/v2\/categories?post=33580"}],"curies":[{"name":"wp","href":"https:\/\/api.w.org\/{rel}","templated":true}]}}