{"id":33983,"date":"2025-03-25T14:02:45","date_gmt":"2025-03-25T12:02:45","guid":{"rendered":"https:\/\/stiftadmont.at\/?page_id=33983"},"modified":"2025-03-25T14:02:49","modified_gmt":"2025-03-25T12:02:49","slug":"paroisse-de-mautern","status":"publish","type":"page","link":"https:\/\/stiftadmont.at\/fr\/pfarren\/pfarre-mautern\/","title":{"rendered":"La paroisse de Mautern"},"content":{"rendered":"<section id='lightpress__section--block_5ff085558cea5fbcf1bafc4db2d3558d' class='align-center lightpress__section--default-section-space lightpress__section lightpress__section--headline'><div class=\"headline__container\">\n            <h2 class=\"headline text--40 text-medium line line--gold line-above line-middle\">La paroisse de Mautern<\/h2>\n        <p class=\"text-center text-gold text--20 text-medium text--uppercase\">Vous trouverez ici toutes les informations sur notre paroisse <\/p>\n        <div class=\"spacer--40\"><\/div>\n<\/div>\n\n<\/section>\n\n<section id='lightpress__section--block_9e48db33bee6f35ab615dd7c907d4bd3' class='lightpress__section--default-section-space lightpress__section lightpress__section--content'><div class=\"content__inner\"\n         x-init=\"initContentBlockAnim($el)\">\n        \n    <div class=\"content__grid content__grid--fifty-fifty\">\n                                            <div class=\"content__box content__box\"\n                 style=\"\">\n                                \n                \n                                        <div class=\"content__media stickyTo\" x-init=\"imageSticky($el)\">\n\n                                                                                                <picture\n                                class=\"content__image sticky\">\n                            <source srcset=\"https:\/\/stiftadmont.at\/wp-content\/uploads\/Mautern_Dioezese-Graz-Seckau_Harry-Schiffer1.jpg\"\n                                    type=\"image\/webp\">\n                            <source srcset=\"https:\/\/stiftadmont.at\/wp-content\/uploads\/Mautern_Dioezese-Graz-Seckau_Harry-Schiffer1.jpg\"\n                                    type=\"image\/jpeg\">\n                            <img decoding=\"async\" loading=\"lazy\" src=\"https:\/\/stiftadmont.at\/wp-content\/uploads\/Mautern_Dioezese-Graz-Seckau_Harry-Schiffer1.jpg\" alt=\"Mautern Diocese de Graz Seckau Harry Schiffer1\" width=\"600\" height=\"450\" \/>\n                                                                                                            <\/picture>\n\n                    <\/div>\n\n                            <\/div>\n        \n                                                    <div class=\"content__box content__box--2\"\n                     >\n                                        \n                    \n                                                    <div class=\"prose\"><h5 class=\"heading-m line line-above line--gold\"><strong>\u00c0 propos de la paroisse de Mautern<\/strong><\/h5>\n<p>\u00a0<\/p>\n<p><strong>Patronage :<\/strong> Saint Nicolas, 6 d\u00e9cembre<\/p>\n<p><strong>Journ\u00e9e d'adoration :<\/strong> 14 septembre<\/p>\n<p><strong>Jour de la kermesse :<\/strong> Samedi avant le troisi\u00e8me dimanche d'octobre<\/p>\n<p><strong>Paroisse err :<\/strong> 1472<\/p>\n<p><strong>\u00c9glise :<\/strong> Sainte Barbe (ancienne \u00e9glise des R\u00e9demptoristes), erb. 1669-1675<\/p>\n<p><strong>Chapelle :<\/strong> Sainte Marie au centre de soins de l'\u00c9tat<\/p>\n<p><strong>Matricules :<\/strong> 1677<\/p>\n<p>\u00a0<\/p>\n<p><strong>\u00c9glise paroissiale gen : <\/strong>1187 (2e moiti\u00e9 du 15e si\u00e8cle, 18e si\u00e8cle)<\/p>\n<p><strong>Chapelle de la messe : <\/strong>Sainte Madeleine au Calvaire, erb. 1694<\/p>\n<p><strong>Chapelle de la messe :<\/strong> Saint-Sauveur sur l'alpage du monast\u00e8re<\/p>\n<p><strong>\u00c9glise paroissiale :<\/strong> \u00c9glise paroissiale Saint-Nicolas<\/p>\n<p><strong>\u00c9glise :<\/strong> Sainte Madeleine au Calvaire<\/p>\n<p><strong>\u00c9glise : <\/strong>\u00c9glise du couvent Sainte-Barbe (ancienne \u00e9glise des R\u00e9demptoristes)<\/p>\n<p>\u00a0<\/p>\n<p><a class=\"admont-button admont-button--secondary\" href=\"https:\/\/discover.matterport.com\/space\/bMyYhky1Eeb\" target=\"_blank\" rel=\"noopener\">VISITE VIRTUELLE DE L'\u00c9GLISE PAROISSIALE<\/a><\/p>\n<p>\u00a0<\/p>\n<p>\u00a0<\/p>\n<p><span data-mce-type=\"bookmark\" style=\"display: inline-block; width: 0px; overflow: hidden; line-height: 0;\" class=\"mce_SELRES_start\"><\/span><\/p>\n<\/div>\n                        \n                                    <\/div>\n            \n            <\/div>\n<\/div>\n\n<\/section>\n\n<section id='lightpress__section--block_60838e272fd07def028a5445c7c8cf2e' class='align-center lightpress__section--default-section-space lightpress__section lightpress__section--headline'><div class=\"headline__container\">\n            <h2 class=\"headline text--40 text-medium line line--gold line-above line-middle\">Services religieux dans notre paroisse<\/h2>\n        <p class=\"text-center text-gold text--20 text-medium text--uppercase\">C\u00e9l\u00e9brez avec nous les offices religieux<\/p>\n        <div class=\"spacer--40\"><\/div>\n<\/div>\n\n<\/section>\n\n<section id='lightpress__section--block_1a4d93c63ca557328deae8e53a0f2c47' class='bg--black lightpress__section--colored-bg lightpress__section--default-section-space lightpress__section lightpress__section--additional-content'><div class=\"additional-content__container additional-content__container--horizontal\">\n\n    \n    <div class=\"additional-content__entries\">\n                    <div class=\"additional-content__item text-gold\">\n\n                                    <p class=\"additional-content__title text--26 auto-hyphen\">DIMANCHE (1.7.- 31.12.) <\/p>\n                \n                                                            <div class=\"spacer--30\"><\/div>\n                                    \n                                    <p class=\"additional-content__subtitle text--uppercase text--26\">10:00 heures<\/p>\n\n                                \n                    <p class=\"additional-content__text text--20\">Service religieux<\/p>\n\n                            <\/div>\n                    <div class=\"additional-content__item text-gold\">\n\n                                    <p class=\"additional-content__title text--26 auto-hyphen\">DIMANCHE (1.1. - 30.06.) <\/p>\n                \n                                                            <div class=\"spacer--30\"><\/div>\n                                    \n                                    <p class=\"additional-content__subtitle text--uppercase text--26\">08:30 heures<\/p>\n\n                                \n                    <p class=\"additional-content__text text--20\">Service religieux<\/p>\n\n                            <\/div>\n                    <div class=\"additional-content__item text-gold\">\n\n                                    <p class=\"additional-content__title text--26 auto-hyphen\">MARDI<\/p>\n                \n                                                            <div class=\"spacer--30\"><\/div>\n                                    \n                                    <p class=\"additional-content__subtitle text--uppercase text--26\">18h30<\/p>\n\n                                \n                    <p class=\"additional-content__text text--20\">Service religieux dans l'\u00e9glise du monast\u00e8re<\/p>\n\n                            <\/div>\n                    <div class=\"additional-content__item text-gold\">\n\n                                    <p class=\"additional-content__title text--26 auto-hyphen\">MERCREDI<\/p>\n                \n                                                            <div class=\"spacer--30\"><\/div>\n                                    \n                                    <p class=\"additional-content__subtitle text--uppercase text--26\">09:00 heures<\/p>\n\n                                \n                    <p class=\"additional-content__text text--20\">Service religieux<\/p>\n\n                            <\/div>\n            <\/div>\n<\/div>\n\n    <div class=\"background__container background__container--black\">\n    <\/div>\n\n<\/section>\n\n<section id='lightpress__section--block_0d76b6d810dbf84f5d66737483baf388' class='align-center lightpress__section--default-section-space lightpress__section lightpress__section--headline'><div class=\"headline__container\">\n            <h2 class=\"headline text--40 text-medium line line--gold line-above line-middle\">Contact et heures d'ouverture du cabinet<\/h2>\n        <p class=\"text-center text-gold text--20 text-medium text--uppercase\">Vous trouverez ici toutes les informations n\u00e9cessaires pour nous contacter.<\/p>\n        <div class=\"spacer--40\"><\/div>\n<\/div>\n\n<\/section>\n\n<section id='lightpress__section--block_a3978f35da7e43aba7368a7b5259d48f' class='lightpress__section--default-section-space lightpress__section lightpress__section--content'><div class=\"content__inner\"\n         x-init=\"initContentBlockAnim($el)\">\n        \n    <div class=\"content__grid content__grid--fifty-fifty\">\n                                            <div class=\"content__box content__box\"\n                 style=\"\">\n                                \n                \n                                        <div class=\"content__media stickyTo\" x-init=\"imageSticky($el)\">\n\n                                                                                                <picture\n                                class=\"content__image sticky\">\n                            <source srcset=\"https:\/\/stiftadmont.at\/wp-content\/uploads\/Pater-Egon.png\"\n                                    type=\"image\/webp\">\n                            <source srcset=\"https:\/\/stiftadmont.at\/wp-content\/uploads\/Pater-Egon.png\"\n                                    type=\"image\/jpeg\">\n                            <img decoding=\"async\" loading=\"lazy\" src=\"https:\/\/stiftadmont.at\/wp-content\/uploads\/Pater-Egon.png\" alt=\"P\u00e8re Egon\" width=\"600\" height=\"450\" \/>\n                                                                                                            <\/picture>\n\n                    <\/div>\n\n                            <\/div>\n        \n                                                    <div class=\"content__box content__box--2\"\n                     >\n                                        \n                    \n                                                    <div class=\"prose\"><h5 class=\"heading-m line line-above line--gold\"><strong>Paroisse catholique romaine de Mautern<\/strong><\/h5>\n<p>Chemin du presbyt\u00e8re 8<\/p>\n<p>8774 Mautern en Styrie<\/p>\n<p>\u00a0<\/p>\n<p><strong>Heures d'ouverture du bureau :\u00a0<\/strong><\/p>\n<p>\u00a0<\/p>\n<p>Mercredi : 09:00 - 11:30 heures<\/p>\n<p>jeudi : 15h00 - 17h00<\/p>\n<p>\u00a0<\/p>\n<p><a class=\"phone\" href=\"tel:+43 (0) 676 \/ 8742 6304\"><span class=\"icon-outer\"><i class=\"fa-light fa-phone\"><\/i><\/span>+43 (0) 676 \/ 8742 6304<\/a><\/p>\n<p><a class=\"email\" href=\"mailto:mautern@graz-seckau.at\"><span class=\"icon-outer\"><i class=\"fa-light fa-envelope\"><\/i><\/span>mautern@graz-seckau.at<\/a><\/p>\n<p>\u00a0<\/p>\n<p>\u00a0<\/p>\n<p><strong>Pasteur : <\/strong>Mag.<strong> <\/strong>P\u00e8re Egon Homann OSB<\/p>\n<p>\u00a0<\/p>\n<p>Cur\u00e9 de Kalwang, Kammern, Traboch et Wald am Schoberpass ; responsable de la pastorale de St. Michael ; directeur de la Maison de la rencontre \u00e0 Graz ;<\/p>\n<\/div>\n                        \n                                    <\/div>\n            \n            <\/div>\n<\/div>\n\n<\/section>","protected":false},"excerpt":{"rendered":"","protected":false},"author":7,"featured_media":0,"parent":13905,"menu_order":0,"comment_status":"closed","ping_status":"closed","template":"","meta":{"_acf_changed":false,"footnotes":""},"categories":[],"class_list":["post-33983","page","type-page","status-publish","hentry"],"acf":[],"yoast_head":"<!-- This site is optimized with the Yoast SEO Premium plugin v26.0 (Yoast SEO v26.8) - https:\/\/yoast.com\/product\/yoast-seo-premium-wordpress\/ -->\n<title>Die Pfarre Mautern - Stift Admont<\/title>\n<meta name=\"robots\" content=\"index, follow, max-snippet:-1, max-image-preview:large, max-video-preview:-1\" \/>\n<link rel=\"canonical\" href=\"https:\/\/stiftadmont.at\/fr\/paroisses\/paroisse-de-mautern\/\" \/>\n<meta property=\"og:locale\" content=\"fr_FR\" \/>\n<meta property=\"og:type\" content=\"article\" \/>\n<meta property=\"og:title\" content=\"Die Pfarre Mautern\" \/>\n<meta property=\"og:url\" content=\"https:\/\/stiftadmont.at\/fr\/paroisses\/paroisse-de-mautern\/\" \/>\n<meta property=\"og:site_name\" content=\"Stift Admont\" \/>\n<meta property=\"article:modified_time\" content=\"2025-03-25T12:02:49+00:00\" \/>\n<meta property=\"og:image\" content=\"https:\/\/stiftadmont.at\/wp-content\/uploads\/Klosteranlage-innen.jpg\" \/>\n\t<meta property=\"og:image:width\" content=\"1912\" \/>\n\t<meta property=\"og:image:height\" content=\"1188\" \/>\n\t<meta property=\"og:image:type\" content=\"image\/jpeg\" \/>\n<meta name=\"twitter:card\" content=\"summary_large_image\" \/>\n<script type=\"application\/ld+json\" class=\"yoast-schema-graph\">{\"@context\":\"https:\/\/schema.org\",\"@graph\":[{\"@type\":\"WebPage\",\"@id\":\"https:\/\/stiftadmont.at\/pfarren\/pfarre-mautern\/\",\"url\":\"https:\/\/stiftadmont.at\/pfarren\/pfarre-mautern\/\",\"name\":\"Die Pfarre Mautern - Stift Admont\",\"isPartOf\":{\"@id\":\"https:\/\/stiftadmont.at\/#website\"},\"datePublished\":\"2025-03-25T12:02:45+00:00\",\"dateModified\":\"2025-03-25T12:02:49+00:00\",\"breadcrumb\":{\"@id\":\"https:\/\/stiftadmont.at\/pfarren\/pfarre-mautern\/#breadcrumb\"},\"inLanguage\":\"fr-FR\",\"potentialAction\":[{\"@type\":\"ReadAction\",\"target\":[\"https:\/\/stiftadmont.at\/pfarren\/pfarre-mautern\/\"]}]},{\"@type\":\"BreadcrumbList\",\"@id\":\"https:\/\/stiftadmont.at\/pfarren\/pfarre-mautern\/#breadcrumb\",\"itemListElement\":[{\"@type\":\"ListItem\",\"position\":1,\"name\":\"Start\",\"item\":\"https:\/\/stiftadmont.at\/\"},{\"@type\":\"ListItem\",\"position\":2,\"name\":\"Pfarren\",\"item\":\"https:\/\/stiftadmont.at\/pfarren\/\"},{\"@type\":\"ListItem\",\"position\":3,\"name\":\"Die Pfarre Mautern\"}]},{\"@type\":\"WebSite\",\"@id\":\"https:\/\/stiftadmont.at\/#website\",\"url\":\"https:\/\/stiftadmont.at\/\",\"name\":\"Stift Admont\",\"description\":\"Benediktinerkloster und Sehensw\u00fcrdigkeit im Ges\u00e4use\",\"potentialAction\":[{\"@type\":\"SearchAction\",\"target\":{\"@type\":\"EntryPoint\",\"urlTemplate\":\"https:\/\/stiftadmont.at\/?s={search_term_string}\"},\"query-input\":{\"@type\":\"PropertyValueSpecification\",\"valueRequired\":true,\"valueName\":\"search_term_string\"}}],\"inLanguage\":\"fr-FR\"}]}<\/script>\n<!-- \/ Yoast SEO Premium plugin. -->","yoast_head_json":{"title":"La paroisse de Mautern - L'abbaye d'Admont","robots":{"index":"index","follow":"follow","max-snippet":"max-snippet:-1","max-image-preview":"max-image-preview:large","max-video-preview":"max-video-preview:-1"},"canonical":"https:\/\/stiftadmont.at\/fr\/paroisses\/paroisse-de-mautern\/","og_locale":"fr_FR","og_type":"article","og_title":"Die Pfarre Mautern","og_url":"https:\/\/stiftadmont.at\/fr\/paroisses\/paroisse-de-mautern\/","og_site_name":"Stift Admont","article_modified_time":"2025-03-25T12:02:49+00:00","og_image":[{"width":1912,"height":1188,"url":"https:\/\/stiftadmont.at\/wp-content\/uploads\/Klosteranlage-innen.jpg","type":"image\/jpeg"}],"twitter_card":"summary_large_image","schema":{"@context":"https:\/\/schema.org","@graph":[{"@type":"WebPage","@id":"https:\/\/stiftadmont.at\/pfarren\/pfarre-mautern\/","url":"https:\/\/stiftadmont.at\/pfarren\/pfarre-mautern\/","name":"La paroisse de Mautern - L'abbaye d'Admont","isPartOf":{"@id":"https:\/\/stiftadmont.at\/#website"},"datePublished":"2025-03-25T12:02:45+00:00","dateModified":"2025-03-25T12:02:49+00:00","breadcrumb":{"@id":"https:\/\/stiftadmont.at\/pfarren\/pfarre-mautern\/#breadcrumb"},"inLanguage":"fr-FR","potentialAction":[{"@type":"ReadAction","target":["https:\/\/stiftadmont.at\/pfarren\/pfarre-mautern\/"]}]},{"@type":"BreadcrumbList","@id":"https:\/\/stiftadmont.at\/pfarren\/pfarre-mautern\/#breadcrumb","itemListElement":[{"@type":"ListItem","position":1,"name":"Start","item":"https:\/\/stiftadmont.at\/"},{"@type":"ListItem","position":2,"name":"Pfarren","item":"https:\/\/stiftadmont.at\/pfarren\/"},{"@type":"ListItem","position":3,"name":"Die Pfarre Mautern"}]},{"@type":"WebSite","@id":"https:\/\/stiftadmont.at\/#website","url":"https:\/\/stiftadmont.at\/","name":"Abbaye d'Admont","description":"Monast\u00e8re b\u00e9n\u00e9dictin et attraction touristique dans le Ges\u00e4use","potentialAction":[{"@type":"SearchAction","target":{"@type":"EntryPoint","urlTemplate":"https:\/\/stiftadmont.at\/?s={search_term_string}"},"query-input":{"@type":"PropertyValueSpecification","valueRequired":true,"valueName":"search_term_string"}}],"inLanguage":"fr-FR"}]}},"_links":{"self":[{"href":"https:\/\/stiftadmont.at\/fr\/wp-json\/wp\/v2\/pages\/33983","targetHints":{"allow":["GET"]}}],"collection":[{"href":"https:\/\/stiftadmont.at\/fr\/wp-json\/wp\/v2\/pages"}],"about":[{"href":"https:\/\/stiftadmont.at\/fr\/wp-json\/wp\/v2\/types\/page"}],"author":[{"embeddable":true,"href":"https:\/\/stiftadmont.at\/fr\/wp-json\/wp\/v2\/users\/7"}],"replies":[{"embeddable":true,"href":"https:\/\/stiftadmont.at\/fr\/wp-json\/wp\/v2\/comments?post=33983"}],"version-history":[{"count":2,"href":"https:\/\/stiftadmont.at\/fr\/wp-json\/wp\/v2\/pages\/33983\/revisions"}],"predecessor-version":[{"id":33987,"href":"https:\/\/stiftadmont.at\/fr\/wp-json\/wp\/v2\/pages\/33983\/revisions\/33987"}],"up":[{"embeddable":true,"href":"https:\/\/stiftadmont.at\/fr\/wp-json\/wp\/v2\/pages\/13905"}],"wp:attachment":[{"href":"https:\/\/stiftadmont.at\/fr\/wp-json\/wp\/v2\/media?parent=33983"}],"wp:term":[{"taxonomy":"category","embeddable":true,"href":"https:\/\/stiftadmont.at\/fr\/wp-json\/wp\/v2\/categories?post=33983"}],"curies":[{"name":"wp","href":"https:\/\/api.w.org\/{rel}","templated":true}]}}