{"id":35951,"date":"2025-06-26T13:13:05","date_gmt":"2025-06-26T11:13:05","guid":{"rendered":"https:\/\/stiftadmont.at\/?page_id=35951"},"modified":"2025-06-26T16:15:41","modified_gmt":"2025-06-26T14:15:41","slug":"fonds-de-la-bibliotheque-de-labbaye-dadmont","status":"publish","type":"page","link":"https:\/\/stiftadmont.at\/fr\/bibliotheksbestaende-stift-admont\/","title":{"rendered":"Fonds de la biblioth\u00e8que"},"content":{"rendered":"<section id='lightpress__section--block_7c45c671286d064a67d93ac03e432375' class='align-center lightpress__section--default-section-space lightpress__section lightpress__section--headline'><div class=\"headline__container\">\n            <h2 class=\"headline text--40 text-medium line line--gold line-above line-middle\">Bibliotheksbest\u00e4nde <\/h2>\n        <p class=\"text-center text-gold text--20 text-medium text--uppercase\">Hier finden Sie Informationen zu unseren Bibliotheksbest\u00e4nden <\/p>\n        <div class=\"spacer--40\"><\/div>\n<\/div>\n\n<\/section>\n\n<section id='lightpress__section--block_5ce24521045ce493ff35135c35193d12' class='bg--beige lightpress__section--colored-bg lightpress__section--default-section-space lightpress__section lightpress__section--content'><div class=\"content__inner\"\n         x-init=\"initContentBlockAnim($el)\">\n        \n    <div class=\"content__grid content__grid\">\n                                            <div class=\"content__box content__box--one-hundred\"\n                 style=\"\">\n                                \n                \n                                            <div class=\"prose\"><h5 class=\"heading-m line line-above line--gold\">Bibliotheksbest\u00e4nde<\/h5>\n<p>\u00a0<\/p>\n<p data-start=\"62\" data-end=\"297\">\u201eEin Kloster ohne Bibliothek ist wie eine Festung ohne R\u00fcstkammer.\u201c \u2013 Dieser Satz bringt auf den Punkt, was B\u00fccher f\u00fcr das kl\u00f6sterliche Leben bedeuten: Sie sind das geistige R\u00fcstzeug f\u00fcr <strong data-start=\"249\" data-end=\"296\">Gebet, Bildung, Wissenschaft und Verwaltung<\/strong>.<\/p>\n<p data-start=\"62\" data-end=\"297\">\u00a0<\/p>\n<p data-start=\"299\" data-end=\"623\">Die Geschichte der <strong data-start=\"318\" data-end=\"345\">Stiftsbibliothek Admont<\/strong> reicht bis zur <strong data-start=\"361\" data-end=\"399\">Gr\u00fcndung des Klosters im Jahr 1074<\/strong> zur\u00fcck. Schon die ersten M\u00f6nche aus dem Mutterkloster St. Peter in Salzburg brachten wertvolle B\u00fccher mit. Erg\u00e4nzt wurden diese durch bedeutende <strong data-start=\"545\" data-end=\"566\">B\u00fccherschenkungen<\/strong> des Klostergr\u00fcnders <strong data-start=\"587\" data-end=\"622\">Erzbischof Gebhard von Salzburg<\/strong>.<\/p>\n<p data-start=\"299\" data-end=\"623\">\u00a0<\/p>\n<p data-start=\"625\" data-end=\"787\">So entstand eine Sammlung, die \u00fcber die Jahrhunderte gewachsen ist \u2013 heute z\u00e4hlt die Admonter Bibliothek zu den bedeutendsten Bibliotheken der Welt.<\/p>\n<p class=\"paragraph-m\">\u00a0<\/p>\n<p data-start=\"789\" data-end=\"918\" data-is-last-node=\"\" data-is-only-node=\"\"><strong data-start=\"789\" data-end=\"918\" data-is-last-node=\"\">Entdecken Sie das Erbe der Jahrhunderte \u2013 in der Stiftsbibliothek Admont, einem Ort der Weisheit, Geschichte und Inspiration.<\/strong><\/p>\n<p>\u00a0<\/p>\n<p><a class=\"admont-button admont-button--secondary\" href=\"https:\/\/search.obvsg.at\/primo-explore\/search?vid=OBV\" target=\"_blank\" rel=\"noopener\">DRUCKWERKE<\/a> <a class=\"admont-button admont-button--secondary\" href=\"https:\/\/search.onb.ac.at\/primo-explore\/search?query=&amp;tab=onb_sondersammlungen&amp;search_scope=ONB_inkzen&amp;vid=ONB\" target=\"_blank\" rel=\"noopener\">INKUNABELN<\/a> <a class=\"admont-button admont-button--secondary\" href=\"https:\/\/webapp.uibk.ac.at\/alo\/cat\/collection.jsp?id=1055\" target=\"_blank\" rel=\"noopener\">DIGITALISIERTER ZETTELKATALOG DER DRUCKWERKE AB CA. 1980<\/a> <a class=\"admont-button admont-button--secondary\" href=\"https:\/\/manuscripta.at\/\" target=\"_blank\" rel=\"noopener\">HANDSCHRIFTENBEST\u00c4NDE<\/a><\/p>\n<p><a class=\"admont-button admont-button--secondary\" href=\"\/ueber-das-stiftsarchiv\/bibliotheksbestaende\/\">MEHR ERFAHREN<\/a><\/p>\n<\/div>\n                    \n                            <\/div>\n        \n            <\/div>\n<\/div>\n\n    <div class=\"background__container background__container--beige\">\n    <\/div>\n\n<\/section>\n\n<section id='lightpress__section--block_4712d8e90d284cd12d3465a3b2534bbb' class='lightpress__section--default-section-space lightpress__section lightpress__section--image-slider'>\n<div class=\"image-slider\"\n     x-data=\"{ gallery: null, shown: false }\"\n     x-init=\"gallery = initSliderGallery([{&quot;href&quot;:&quot;https:\\\/\\\/stiftadmont.at\\\/wp-content\\\/uploads\\\/Bibliothekskatalog_www.jpg&quot;,&quot;type&quot;:&quot;image&quot;},{&quot;href&quot;:&quot;https:\\\/\\\/stiftadmont.at\\\/wp-content\\\/uploads\\\/Stift_Admont_\\u00a9StefanLeitner_013.jpg&quot;,&quot;type&quot;:&quot;image&quot;},{&quot;href&quot;:&quot;https:\\\/\\\/stiftadmont.at\\\/wp-content\\\/uploads\\\/1-4-1920x2705.jpg&quot;,&quot;type&quot;:&quot;image&quot;},{&quot;href&quot;:&quot;https:\\\/\\\/stiftadmont.at\\\/wp-content\\\/uploads\\\/Stift_Admont_\\u00a9StefanLeitner_014.jpg&quot;,&quot;type&quot;:&quot;image&quot;},{&quot;href&quot;:&quot;https:\\\/\\\/stiftadmont.at\\\/wp-content\\\/uploads\\\/Klosterbibliothek_cStefan-www-1920x1368.jpg&quot;,&quot;type&quot;:&quot;image&quot;},{&quot;href&quot;:&quot;https:\\\/\\\/stiftadmont.at\\\/wp-content\\\/uploads\\\/Stift_Admont_\\u00a9StefanLeitner_018.jpg&quot;,&quot;type&quot;:&quot;image&quot;}]); initImageSliderBlockAnim($el);\">\n    <div class=\"image-slider__inner\">\n\n        <div class=\"swiper-container\" x-init=\"initImageSliderBlock($el, $refs.btnPrev, $refs.btnNext)\">\n            <div class=\"swiper-wrapper\">\n                                    <div class=\"swiper-slide\">\n                        <div class=\"image-slider__media\">\n                            <img decoding=\"async\" class=\"image-slider__image\"\n                                 src=\"https:\/\/stiftadmont.at\/wp-content\/uploads\/Bibliothekskatalog_www-768x999.jpg\"\n                                 alt=\"Bibliothekskatalog www\">\n                        <\/div>\n                    <\/div>\n                                    <div class=\"swiper-slide\">\n                        <div class=\"image-slider__media\">\n                            <img decoding=\"async\" class=\"image-slider__image\"\n                                 src=\"https:\/\/stiftadmont.at\/wp-content\/uploads\/Stift_Admont_\u00a9StefanLeitner_013-768x576.jpg\"\n                                 alt=\"Stift Admont - M\u00f6nche in der Klosterbibliothek \u00a9 Stefan Leitner\">\n                        <\/div>\n                    <\/div>\n                                    <div class=\"swiper-slide\">\n                        <div class=\"image-slider__media\">\n                            <img decoding=\"async\" class=\"image-slider__image\"\n                                 src=\"https:\/\/stiftadmont.at\/wp-content\/uploads\/1-4-768x1082.jpg\"\n                                 alt=\"1\">\n                        <\/div>\n                    <\/div>\n                                    <div class=\"swiper-slide\">\n                        <div class=\"image-slider__media\">\n                            <img decoding=\"async\" class=\"image-slider__image\"\n                                 src=\"https:\/\/stiftadmont.at\/wp-content\/uploads\/Stift_Admont_\u00a9StefanLeitner_014-768x576.jpg\"\n                                 alt=\"Stift Admont - M\u00f6nche in der Klosterbibliothek \u00a9 Stefan Leitner\">\n                        <\/div>\n                    <\/div>\n                                    <div class=\"swiper-slide\">\n                        <div class=\"image-slider__media\">\n                            <img decoding=\"async\" class=\"image-slider__image\"\n                                 src=\"https:\/\/stiftadmont.at\/wp-content\/uploads\/Klosterbibliothek_cStefan-www-768x547.jpg\"\n                                 alt=\"Klosterbibliothek (c)Stefan www\">\n                        <\/div>\n                    <\/div>\n                                    <div class=\"swiper-slide\">\n                        <div class=\"image-slider__media\">\n                            <img decoding=\"async\" class=\"image-slider__image\"\n                                 src=\"https:\/\/stiftadmont.at\/wp-content\/uploads\/Stift_Admont_\u00a9StefanLeitner_018-768x576.jpg\"\n                                 alt=\"Stift Admont - M\u00f6nche in der Klosterbibliothek \u00a9 Stefan Leitner\">\n                        <\/div>\n                    <\/div>\n                            <\/div>\n\n            <div class=\"swiper-nav-wrapper\">\n                <button class=\"swiper-button-prev slider-button--prev\" x-ref=\"btnPrev\"\n                        aria-label=\"Vorige Bilder anzeigen\">\n                    <img decoding=\"async\" src=\"\/wp-content\/themes\/stift-admont\/src\/assets\/img\/arrow-left-big-new.svg\" alt=\"Pfeil nach Links\">\n                <\/button>\n\n\n                <a class=\"image-slider__gallery\" @click=\"openGallery(gallery)\"><i class=\"fa-thin fa-plus\"><\/i><\/a>\n                <button class=\"swiper-button-next slider-button--next\"\n                        x-ref=\"btnNext\"\n                        aria-label=\"N\u00e4chste Bilder anzeigen\">\n                    <img decoding=\"async\" src=\"\/wp-content\/themes\/stift-admont\/src\/assets\/img\/arrow-right-big-new.svg\" alt=\"Pfeil nach Rechts\">\n                <\/button>\n            <\/div>\n        <\/div>\n    <\/div>\n\n\n<\/div><\/section>","protected":false},"excerpt":{"rendered":"","protected":false},"author":7,"featured_media":13160,"parent":0,"menu_order":0,"comment_status":"closed","ping_status":"closed","template":"","meta":{"_acf_changed":false,"footnotes":""},"categories":[],"class_list":["post-35951","page","type-page","status-publish","has-post-thumbnail","hentry"],"acf":[],"yoast_head":"<!-- This site is optimized with the Yoast SEO Premium plugin v26.0 (Yoast SEO v26.8) - https:\/\/yoast.com\/product\/yoast-seo-premium-wordpress\/ -->\n<title>Bibliotheksbest\u00e4nde - Stift Admont<\/title>\n<meta name=\"robots\" content=\"index, follow, max-snippet:-1, max-image-preview:large, max-video-preview:-1\" \/>\n<link rel=\"canonical\" href=\"https:\/\/stiftadmont.at\/fr\/fonds-de-la-bibliotheque-de-labbaye-dadmont\/\" \/>\n<meta property=\"og:locale\" content=\"fr_FR\" \/>\n<meta property=\"og:type\" content=\"article\" \/>\n<meta property=\"og:title\" content=\"Bibliotheksbest\u00e4nde\" \/>\n<meta property=\"og:url\" content=\"https:\/\/stiftadmont.at\/fr\/fonds-de-la-bibliotheque-de-labbaye-dadmont\/\" \/>\n<meta property=\"og:site_name\" content=\"Stift Admont\" \/>\n<meta property=\"article:modified_time\" content=\"2025-06-26T14:15:41+00:00\" \/>\n<meta property=\"og:image\" content=\"https:\/\/stiftadmont.at\/wp-content\/uploads\/Bibliothek_c_StefanLeitner-StiftAdmont_01.jpg\" \/>\n\t<meta property=\"og:image:width\" content=\"1500\" \/>\n\t<meta property=\"og:image:height\" content=\"1069\" \/>\n\t<meta property=\"og:image:type\" content=\"image\/jpeg\" \/>\n<meta name=\"twitter:card\" content=\"summary_large_image\" \/>\n<meta name=\"twitter:label1\" content=\"Dur\u00e9e de lecture estim\u00e9e\" \/>\n\t<meta name=\"twitter:data1\" content=\"1 minute\" \/>\n<script type=\"application\/ld+json\" class=\"yoast-schema-graph\">{\"@context\":\"https:\/\/schema.org\",\"@graph\":[{\"@type\":\"WebPage\",\"@id\":\"https:\/\/stiftadmont.at\/bibliotheksbestaende-stift-admont\/\",\"url\":\"https:\/\/stiftadmont.at\/bibliotheksbestaende-stift-admont\/\",\"name\":\"Bibliotheksbest\u00e4nde - Stift Admont\",\"isPartOf\":{\"@id\":\"https:\/\/stiftadmont.at\/#website\"},\"primaryImageOfPage\":{\"@id\":\"https:\/\/stiftadmont.at\/bibliotheksbestaende-stift-admont\/#primaryimage\"},\"image\":{\"@id\":\"https:\/\/stiftadmont.at\/bibliotheksbestaende-stift-admont\/#primaryimage\"},\"thumbnailUrl\":\"https:\/\/stiftadmont.at\/wp-content\/uploads\/Bibliothek_c_StefanLeitner-StiftAdmont_01.jpg\",\"datePublished\":\"2025-06-26T11:13:05+00:00\",\"dateModified\":\"2025-06-26T14:15:41+00:00\",\"breadcrumb\":{\"@id\":\"https:\/\/stiftadmont.at\/bibliotheksbestaende-stift-admont\/#breadcrumb\"},\"inLanguage\":\"fr-FR\",\"potentialAction\":[{\"@type\":\"ReadAction\",\"target\":[\"https:\/\/stiftadmont.at\/bibliotheksbestaende-stift-admont\/\"]}]},{\"@type\":\"ImageObject\",\"inLanguage\":\"fr-FR\",\"@id\":\"https:\/\/stiftadmont.at\/bibliotheksbestaende-stift-admont\/#primaryimage\",\"url\":\"https:\/\/stiftadmont.at\/wp-content\/uploads\/Bibliothek_c_StefanLeitner-StiftAdmont_01.jpg\",\"contentUrl\":\"https:\/\/stiftadmont.at\/wp-content\/uploads\/Bibliothek_c_StefanLeitner-StiftAdmont_01.jpg\",\"width\":1500,\"height\":1069,\"caption\":\"Stift Admont - Klosterbibliothek \u00a9 Stefan Leitner\"},{\"@type\":\"BreadcrumbList\",\"@id\":\"https:\/\/stiftadmont.at\/bibliotheksbestaende-stift-admont\/#breadcrumb\",\"itemListElement\":[{\"@type\":\"ListItem\",\"position\":1,\"name\":\"Start\",\"item\":\"https:\/\/stiftadmont.at\/\"},{\"@type\":\"ListItem\",\"position\":2,\"name\":\"Bibliotheksbest\u00e4nde\"}]},{\"@type\":\"WebSite\",\"@id\":\"https:\/\/stiftadmont.at\/#website\",\"url\":\"https:\/\/stiftadmont.at\/\",\"name\":\"Stift Admont\",\"description\":\"Benediktinerkloster und Sehensw\u00fcrdigkeit im Ges\u00e4use\",\"potentialAction\":[{\"@type\":\"SearchAction\",\"target\":{\"@type\":\"EntryPoint\",\"urlTemplate\":\"https:\/\/stiftadmont.at\/?s={search_term_string}\"},\"query-input\":{\"@type\":\"PropertyValueSpecification\",\"valueRequired\":true,\"valueName\":\"search_term_string\"}}],\"inLanguage\":\"fr-FR\"}]}<\/script>\n<!-- \/ Yoast SEO Premium plugin. -->","yoast_head_json":{"title":"Fonds de la biblioth\u00e8que - Stift Admont","robots":{"index":"index","follow":"follow","max-snippet":"max-snippet:-1","max-image-preview":"max-image-preview:large","max-video-preview":"max-video-preview:-1"},"canonical":"https:\/\/stiftadmont.at\/fr\/fonds-de-la-bibliotheque-de-labbaye-dadmont\/","og_locale":"fr_FR","og_type":"article","og_title":"Bibliotheksbest\u00e4nde","og_url":"https:\/\/stiftadmont.at\/fr\/fonds-de-la-bibliotheque-de-labbaye-dadmont\/","og_site_name":"Stift Admont","article_modified_time":"2025-06-26T14:15:41+00:00","og_image":[{"width":1500,"height":1069,"url":"https:\/\/stiftadmont.at\/wp-content\/uploads\/Bibliothek_c_StefanLeitner-StiftAdmont_01.jpg","type":"image\/jpeg"}],"twitter_card":"summary_large_image","twitter_misc":{"Dur\u00e9e de lecture estim\u00e9e":"1 minute"},"schema":{"@context":"https:\/\/schema.org","@graph":[{"@type":"WebPage","@id":"https:\/\/stiftadmont.at\/bibliotheksbestaende-stift-admont\/","url":"https:\/\/stiftadmont.at\/bibliotheksbestaende-stift-admont\/","name":"Fonds de la biblioth\u00e8que - Stift Admont","isPartOf":{"@id":"https:\/\/stiftadmont.at\/#website"},"primaryImageOfPage":{"@id":"https:\/\/stiftadmont.at\/bibliotheksbestaende-stift-admont\/#primaryimage"},"image":{"@id":"https:\/\/stiftadmont.at\/bibliotheksbestaende-stift-admont\/#primaryimage"},"thumbnailUrl":"https:\/\/stiftadmont.at\/wp-content\/uploads\/Bibliothek_c_StefanLeitner-StiftAdmont_01.jpg","datePublished":"2025-06-26T11:13:05+00:00","dateModified":"2025-06-26T14:15:41+00:00","breadcrumb":{"@id":"https:\/\/stiftadmont.at\/bibliotheksbestaende-stift-admont\/#breadcrumb"},"inLanguage":"fr-FR","potentialAction":[{"@type":"ReadAction","target":["https:\/\/stiftadmont.at\/bibliotheksbestaende-stift-admont\/"]}]},{"@type":"ImageObject","inLanguage":"fr-FR","@id":"https:\/\/stiftadmont.at\/bibliotheksbestaende-stift-admont\/#primaryimage","url":"https:\/\/stiftadmont.at\/wp-content\/uploads\/Bibliothek_c_StefanLeitner-StiftAdmont_01.jpg","contentUrl":"https:\/\/stiftadmont.at\/wp-content\/uploads\/Bibliothek_c_StefanLeitner-StiftAdmont_01.jpg","width":1500,"height":1069,"caption":"Stift Admont - Klosterbibliothek \u00a9 Stefan Leitner"},{"@type":"BreadcrumbList","@id":"https:\/\/stiftadmont.at\/bibliotheksbestaende-stift-admont\/#breadcrumb","itemListElement":[{"@type":"ListItem","position":1,"name":"Start","item":"https:\/\/stiftadmont.at\/"},{"@type":"ListItem","position":2,"name":"Bibliotheksbest\u00e4nde"}]},{"@type":"WebSite","@id":"https:\/\/stiftadmont.at\/#website","url":"https:\/\/stiftadmont.at\/","name":"Abbaye d'Admont","description":"Monast\u00e8re b\u00e9n\u00e9dictin et attraction touristique dans le Ges\u00e4use","potentialAction":[{"@type":"SearchAction","target":{"@type":"EntryPoint","urlTemplate":"https:\/\/stiftadmont.at\/?s={search_term_string}"},"query-input":{"@type":"PropertyValueSpecification","valueRequired":true,"valueName":"search_term_string"}}],"inLanguage":"fr-FR"}]}},"_links":{"self":[{"href":"https:\/\/stiftadmont.at\/fr\/wp-json\/wp\/v2\/pages\/35951","targetHints":{"allow":["GET"]}}],"collection":[{"href":"https:\/\/stiftadmont.at\/fr\/wp-json\/wp\/v2\/pages"}],"about":[{"href":"https:\/\/stiftadmont.at\/fr\/wp-json\/wp\/v2\/types\/page"}],"author":[{"embeddable":true,"href":"https:\/\/stiftadmont.at\/fr\/wp-json\/wp\/v2\/users\/7"}],"replies":[{"embeddable":true,"href":"https:\/\/stiftadmont.at\/fr\/wp-json\/wp\/v2\/comments?post=35951"}],"version-history":[{"count":3,"href":"https:\/\/stiftadmont.at\/fr\/wp-json\/wp\/v2\/pages\/35951\/revisions"}],"predecessor-version":[{"id":35957,"href":"https:\/\/stiftadmont.at\/fr\/wp-json\/wp\/v2\/pages\/35951\/revisions\/35957"}],"wp:featuredmedia":[{"embeddable":true,"href":"https:\/\/stiftadmont.at\/fr\/wp-json\/wp\/v2\/media\/13160"}],"wp:attachment":[{"href":"https:\/\/stiftadmont.at\/fr\/wp-json\/wp\/v2\/media?parent=35951"}],"wp:term":[{"taxonomy":"category","embeddable":true,"href":"https:\/\/stiftadmont.at\/fr\/wp-json\/wp\/v2\/categories?post=35951"}],"curies":[{"name":"wp","href":"https:\/\/api.w.org\/{rel}","templated":true}]}}