{"id":36523,"date":"2025-07-16T09:24:36","date_gmt":"2025-07-16T07:24:36","guid":{"rendered":"https:\/\/stiftadmont.at\/?page_id=36523"},"modified":"2025-08-01T12:06:39","modified_gmt":"2025-08-01T10:06:39","slug":"edition-2001","status":"publish","type":"page","link":"https:\/\/stiftadmont.at\/fr\/archiv-stiftisches-magazin-pax\/ausgabe-2001\/","title":{"rendered":"Magazine PAX 2001"},"content":{"rendered":"<section id='lightpress__section--block_dee835309dc82a7b04d48155ff781ba5' class='align-center lightpress__section--default-section-space lightpress__section lightpress__section--headline'><div class=\"headline__container\">\n            <h2 class=\"headline text--40 text-medium line line--gold line-above line-middle\">Archives du magazine de la fondation \"PAX\" - Edition 2001 \/ Cahier 1<\/h2>\n        <p class=\"text-center text-gold text--20 text-medium text--uppercase\">D\u00e9couvrez les principaux \u00e9v\u00e9nements et d\u00e9veloppements concernant l'abbaye d'Admont dans nos archives de magazines num\u00e9riques. <\/p>\n        <div class=\"spacer--40\"><\/div>\n<\/div>\n\n<\/section>\n\n<section id='lightpress__section--block_509770a8cd6b250a9ca3fecbacef65e8' class='lightpress__section--default-section-space lightpress__section lightpress__section--content'><div class=\"content__inner\"\n         x-init=\"initContentBlockAnim($el)\">\n        \n    <div class=\"content__grid content__grid\">\n                                            <div class=\"content__box content__box--one-hundred\"\n                 style=\"\">\n                                \n                \n                                            <div class=\"prose\"><div class=\"_df_book df-lite\" id=\"df_37063\"  _slug=\"pax-magazin-2001-heft-1\" data-title=\"pax-magazin-2001-heft-1\" wpoptions=\"true\" thumbtype=\"\" ><\/div><script class=\"df-shortcode-script\" nowprocket type=\"application\/javascript\">window.option_df_37063 = {\"outline\":[],\"autoEnableOutline\":\"false\",\"autoEnableThumbnail\":\"false\",\"overwritePDFOutline\":\"false\",\"direction\":\"1\",\"pageSize\":\"0\",\"source\":\"https:\\\/\\\/stiftadmont.at\\\/wp-content\\\/uploads\\\/PAX-2001_Heft-1.pdf\",\"wpOptions\":\"true\"}; if(window.DFLIP && window.DFLIP.parseBooks){window.DFLIP.parseBooks();}<\/script>\n<\/div>\n                    \n                            <\/div>\n        \n            <\/div>\n<\/div>\n\n<\/section>\n\n<section id='lightpress__section--block_388fc10e39c628b30db747ab1969b195' class='align-center lightpress__section--default-section-space lightpress__section lightpress__section--headline'><div class=\"headline__container\">\n            <h2 class=\"headline text--40 text-medium line line--gold line-above line-middle\">Archives du magazine de la fondation \"PAX\" - Edition 2001 \/ Cahier 2<\/h2>\n        <p class=\"text-center text-gold text--20 text-medium text--uppercase\">D\u00e9couvrez les principaux \u00e9v\u00e9nements et d\u00e9veloppements concernant l'abbaye d'Admont dans nos archives de magazines num\u00e9riques. <\/p>\n        <div class=\"spacer--40\"><\/div>\n<\/div>\n\n<\/section>\n\n<section id='lightpress__section--block_1eaed29b189038e8cc83df6e269f1d44' class='lightpress__section--default-section-space lightpress__section lightpress__section--content'><div class=\"content__inner\"\n         x-init=\"initContentBlockAnim($el)\">\n        \n    <div class=\"content__grid content__grid\">\n                                            <div class=\"content__box content__box--one-hundred\"\n                 style=\"\">\n                                \n                \n                                            <div class=\"prose\"><div class=\"_df_book df-lite\" id=\"df_37066\"  _slug=\"pax-magazin-2001-heft-3\" data-title=\"pax-magazin-2001-heft-3\" wpoptions=\"true\" thumbtype=\"\" ><\/div><script class=\"df-shortcode-script\" nowprocket type=\"application\/javascript\">window.option_df_37066 = {\"outline\":[],\"autoEnableOutline\":\"false\",\"autoEnableThumbnail\":\"false\",\"overwritePDFOutline\":\"false\",\"direction\":\"1\",\"pageSize\":\"0\",\"source\":\"https:\\\/\\\/stiftadmont.at\\\/wp-content\\\/uploads\\\/PAX-2001_Heft-2.pdf\",\"wpOptions\":\"true\"}; if(window.DFLIP && window.DFLIP.parseBooks){window.DFLIP.parseBooks();}<\/script>\n<\/div>\n                    \n                            <\/div>\n        \n            <\/div>\n<\/div>\n\n<\/section>\n\n<section id='lightpress__section--block_e0d180528777a74e324c894589c838cb' class='align-center lightpress__section--default-section-space lightpress__section lightpress__section--headline'><div class=\"headline__container\">\n            <h2 class=\"headline text--40 text-medium line line--gold line-above line-middle\">Archives du magazine de la fondation \"PAX\" - Edition 2001 \/ Cahier 3<\/h2>\n        <p class=\"text-center text-gold text--20 text-medium text--uppercase\">D\u00e9couvrez les principaux \u00e9v\u00e9nements et d\u00e9veloppements concernant l'abbaye d'Admont dans nos archives de magazines num\u00e9riques. <\/p>\n        <div class=\"spacer--40\"><\/div>\n<\/div>\n\n<\/section>\n\n<section id='lightpress__section--block_803ca6d10362c49204705eaba7c42d88' class='lightpress__section--default-section-space lightpress__section lightpress__section--content'><div class=\"content__inner\"\n         x-init=\"initContentBlockAnim($el)\">\n        \n    <div class=\"content__grid content__grid\">\n                                            <div class=\"content__box content__box--one-hundred\"\n                 style=\"\">\n                                \n                \n                                            <div class=\"prose\"><div class=\"_df_book df-lite\" id=\"df_37070\"  _slug=\"pax-magazin-2001-heft-3-2\" data-title=\"pax-magazin-2001-heft-3\" wpoptions=\"true\" thumbtype=\"\" ><\/div><script class=\"df-shortcode-script\" nowprocket type=\"application\/javascript\">window.option_df_37070 = {\"outline\":[],\"autoEnableOutline\":\"false\",\"autoEnableThumbnail\":\"false\",\"overwritePDFOutline\":\"false\",\"direction\":\"1\",\"pageSize\":\"0\",\"source\":\"https:\\\/\\\/stiftadmont.at\\\/wp-content\\\/uploads\\\/PAX-2001_Heft-3_Kultur.pdf\",\"wpOptions\":\"true\"}; if(window.DFLIP && window.DFLIP.parseBooks){window.DFLIP.parseBooks();}<\/script>\n<\/div>\n                    \n                            <\/div>\n        \n            <\/div>\n<\/div>\n\n<\/section>","protected":false},"excerpt":{"rendered":"","protected":false},"author":7,"featured_media":0,"parent":36352,"menu_order":0,"comment_status":"closed","ping_status":"closed","template":"","meta":{"_acf_changed":false,"footnotes":""},"categories":[],"class_list":["post-36523","page","type-page","status-publish","hentry"],"acf":[],"yoast_head":"<!-- This site is optimized with the Yoast SEO Premium plugin v26.0 (Yoast SEO v26.8) - https:\/\/yoast.com\/product\/yoast-seo-premium-wordpress\/ -->\n<title>PAX Magazin 2001 - Stift Admont<\/title>\n<meta name=\"robots\" content=\"index, follow, max-snippet:-1, max-image-preview:large, max-video-preview:-1\" \/>\n<link rel=\"canonical\" href=\"https:\/\/stiftadmont.at\/fr\/archives-de-la-revue-pax\/edition-2001\/\" \/>\n<meta property=\"og:locale\" content=\"fr_FR\" \/>\n<meta property=\"og:type\" content=\"article\" \/>\n<meta property=\"og:title\" content=\"PAX Magazin 2001\" \/>\n<meta property=\"og:url\" content=\"https:\/\/stiftadmont.at\/fr\/archives-de-la-revue-pax\/edition-2001\/\" \/>\n<meta property=\"og:site_name\" content=\"Stift Admont\" \/>\n<meta property=\"article:modified_time\" content=\"2025-08-01T10:06:39+00:00\" \/>\n<meta property=\"og:image\" content=\"https:\/\/stiftadmont.at\/wp-content\/uploads\/Klosteranlage-innen.jpg\" \/>\n\t<meta property=\"og:image:width\" content=\"1912\" \/>\n\t<meta property=\"og:image:height\" content=\"1188\" \/>\n\t<meta property=\"og:image:type\" content=\"image\/jpeg\" \/>\n<meta name=\"twitter:card\" content=\"summary_large_image\" \/>\n<script type=\"application\/ld+json\" class=\"yoast-schema-graph\">{\"@context\":\"https:\/\/schema.org\",\"@graph\":[{\"@type\":\"WebPage\",\"@id\":\"https:\/\/stiftadmont.at\/archiv-stiftisches-magazin-pax\/ausgabe-2001\/\",\"url\":\"https:\/\/stiftadmont.at\/archiv-stiftisches-magazin-pax\/ausgabe-2001\/\",\"name\":\"PAX Magazin 2001 - Stift Admont\",\"isPartOf\":{\"@id\":\"https:\/\/stiftadmont.at\/#website\"},\"datePublished\":\"2025-07-16T07:24:36+00:00\",\"dateModified\":\"2025-08-01T10:06:39+00:00\",\"breadcrumb\":{\"@id\":\"https:\/\/stiftadmont.at\/archiv-stiftisches-magazin-pax\/ausgabe-2001\/#breadcrumb\"},\"inLanguage\":\"fr-FR\",\"potentialAction\":[{\"@type\":\"ReadAction\",\"target\":[\"https:\/\/stiftadmont.at\/archiv-stiftisches-magazin-pax\/ausgabe-2001\/\"]}]},{\"@type\":\"BreadcrumbList\",\"@id\":\"https:\/\/stiftadmont.at\/archiv-stiftisches-magazin-pax\/ausgabe-2001\/#breadcrumb\",\"itemListElement\":[{\"@type\":\"ListItem\",\"position\":1,\"name\":\"Start\",\"item\":\"https:\/\/stiftadmont.at\/\"},{\"@type\":\"ListItem\",\"position\":2,\"name\":\"Archiv &quot;PAX Stift Admont&quot;\",\"item\":\"https:\/\/stiftadmont.at\/archiv-stiftisches-magazin-pax\/\"},{\"@type\":\"ListItem\",\"position\":3,\"name\":\"PAX Magazin 2001\"}]},{\"@type\":\"WebSite\",\"@id\":\"https:\/\/stiftadmont.at\/#website\",\"url\":\"https:\/\/stiftadmont.at\/\",\"name\":\"Stift Admont\",\"description\":\"Benediktinerkloster und Sehensw\u00fcrdigkeit im Ges\u00e4use\",\"potentialAction\":[{\"@type\":\"SearchAction\",\"target\":{\"@type\":\"EntryPoint\",\"urlTemplate\":\"https:\/\/stiftadmont.at\/?s={search_term_string}\"},\"query-input\":{\"@type\":\"PropertyValueSpecification\",\"valueRequired\":true,\"valueName\":\"search_term_string\"}}],\"inLanguage\":\"fr-FR\"}]}<\/script>\n<!-- \/ Yoast SEO Premium plugin. -->","yoast_head_json":{"title":"PAX Magazine 2001 - Abbaye d'Admont","robots":{"index":"index","follow":"follow","max-snippet":"max-snippet:-1","max-image-preview":"max-image-preview:large","max-video-preview":"max-video-preview:-1"},"canonical":"https:\/\/stiftadmont.at\/fr\/archives-de-la-revue-pax\/edition-2001\/","og_locale":"fr_FR","og_type":"article","og_title":"PAX Magazin 2001","og_url":"https:\/\/stiftadmont.at\/fr\/archives-de-la-revue-pax\/edition-2001\/","og_site_name":"Stift Admont","article_modified_time":"2025-08-01T10:06:39+00:00","og_image":[{"width":1912,"height":1188,"url":"https:\/\/stiftadmont.at\/wp-content\/uploads\/Klosteranlage-innen.jpg","type":"image\/jpeg"}],"twitter_card":"summary_large_image","schema":{"@context":"https:\/\/schema.org","@graph":[{"@type":"WebPage","@id":"https:\/\/stiftadmont.at\/archiv-stiftisches-magazin-pax\/ausgabe-2001\/","url":"https:\/\/stiftadmont.at\/archiv-stiftisches-magazin-pax\/ausgabe-2001\/","name":"PAX Magazine 2001 - Abbaye d'Admont","isPartOf":{"@id":"https:\/\/stiftadmont.at\/#website"},"datePublished":"2025-07-16T07:24:36+00:00","dateModified":"2025-08-01T10:06:39+00:00","breadcrumb":{"@id":"https:\/\/stiftadmont.at\/archiv-stiftisches-magazin-pax\/ausgabe-2001\/#breadcrumb"},"inLanguage":"fr-FR","potentialAction":[{"@type":"ReadAction","target":["https:\/\/stiftadmont.at\/archiv-stiftisches-magazin-pax\/ausgabe-2001\/"]}]},{"@type":"BreadcrumbList","@id":"https:\/\/stiftadmont.at\/archiv-stiftisches-magazin-pax\/ausgabe-2001\/#breadcrumb","itemListElement":[{"@type":"ListItem","position":1,"name":"Start","item":"https:\/\/stiftadmont.at\/"},{"@type":"ListItem","position":2,"name":"Archiv &quot;PAX Stift Admont&quot;","item":"https:\/\/stiftadmont.at\/archiv-stiftisches-magazin-pax\/"},{"@type":"ListItem","position":3,"name":"PAX Magazin 2001"}]},{"@type":"WebSite","@id":"https:\/\/stiftadmont.at\/#website","url":"https:\/\/stiftadmont.at\/","name":"Abbaye d'Admont","description":"Monast\u00e8re b\u00e9n\u00e9dictin et attraction touristique dans le Ges\u00e4use","potentialAction":[{"@type":"SearchAction","target":{"@type":"EntryPoint","urlTemplate":"https:\/\/stiftadmont.at\/?s={search_term_string}"},"query-input":{"@type":"PropertyValueSpecification","valueRequired":true,"valueName":"search_term_string"}}],"inLanguage":"fr-FR"}]}},"_links":{"self":[{"href":"https:\/\/stiftadmont.at\/fr\/wp-json\/wp\/v2\/pages\/36523","targetHints":{"allow":["GET"]}}],"collection":[{"href":"https:\/\/stiftadmont.at\/fr\/wp-json\/wp\/v2\/pages"}],"about":[{"href":"https:\/\/stiftadmont.at\/fr\/wp-json\/wp\/v2\/types\/page"}],"author":[{"embeddable":true,"href":"https:\/\/stiftadmont.at\/fr\/wp-json\/wp\/v2\/users\/7"}],"replies":[{"embeddable":true,"href":"https:\/\/stiftadmont.at\/fr\/wp-json\/wp\/v2\/comments?post=36523"}],"version-history":[{"count":3,"href":"https:\/\/stiftadmont.at\/fr\/wp-json\/wp\/v2\/pages\/36523\/revisions"}],"predecessor-version":[{"id":37073,"href":"https:\/\/stiftadmont.at\/fr\/wp-json\/wp\/v2\/pages\/36523\/revisions\/37073"}],"up":[{"embeddable":true,"href":"https:\/\/stiftadmont.at\/fr\/wp-json\/wp\/v2\/pages\/36352"}],"wp:attachment":[{"href":"https:\/\/stiftadmont.at\/fr\/wp-json\/wp\/v2\/media?parent=36523"}],"wp:term":[{"taxonomy":"category","embeddable":true,"href":"https:\/\/stiftadmont.at\/fr\/wp-json\/wp\/v2\/categories?post=36523"}],"curies":[{"name":"wp","href":"https:\/\/api.w.org\/{rel}","templated":true}]}}