{"id":36657,"date":"2025-07-16T13:32:20","date_gmt":"2025-07-16T11:32:20","guid":{"rendered":"https:\/\/stiftadmont.at\/?page_id=36657"},"modified":"2025-07-17T10:12:39","modified_gmt":"2025-07-17T08:12:39","slug":"edition-2018","status":"publish","type":"page","link":"https:\/\/stiftadmont.at\/fr\/archiv-museumszeitungen\/ausgabe-2018\/","title":{"rendered":"Journal du mus\u00e9e 2018"},"content":{"rendered":"<section id='lightpress__section--block_8023e2c27e2cb15472d9983acf84c5d8' class='align-center lightpress__section--default-section-space lightpress__section lightpress__section--headline'><div class=\"headline__container\">\n            <h2 class=\"headline text--40 text-medium line line--gold line-above line-middle\">Archives des journaux du mus\u00e9e de l'abbaye d'Admont - \u00c9dition 2018<\/h2>\n        <p class=\"text-center text-gold text--20 text-medium text--uppercase\">Plongez dans l'histoire de notre mus\u00e9e - d\u00e9couvrez les points forts et les \u00e9volutions des archives num\u00e9riques des journaux.<\/p>\n        <div class=\"spacer--40\"><\/div>\n<\/div>\n\n<\/section>\n\n<section id='lightpress__section--block_2c4de71ffce9ec4ba2001336ba193cc5' class='lightpress__section--default-section-space lightpress__section lightpress__section--content'><div class=\"content__inner\"\n         x-init=\"initContentBlockAnim($el)\">\n        \n    <div class=\"content__grid content__grid\">\n                                            <div class=\"content__box content__box--one-hundred\"\n                 style=\"\">\n                                \n                \n                                            <div class=\"prose\"><p><span style=\"color: #555555; font-family: Nunito, sans-serif; font-size: 13px; background-color: #ffffff;\"><div class=\"_df_book df-lite\" id=\"df_36658\"  _slug=\"museumszeitung-2018\" data-title=\"museumszeitung-2018\" wpoptions=\"true\" thumbtype=\"\" ><\/div><script class=\"df-shortcode-script\" nowprocket type=\"application\/javascript\">window.option_df_36658 = {\"outline\":[],\"autoEnableOutline\":\"false\",\"autoEnableThumbnail\":\"false\",\"overwritePDFOutline\":\"false\",\"direction\":\"1\",\"pageSize\":\"0\",\"source\":\"https:\\\/\\\/stiftadmont.at\\\/wp-content\\\/uploads\\\/Museumszeitung-2018-komprimiert.pdf\",\"wpOptions\":\"true\"}; if(window.DFLIP && window.DFLIP.parseBooks){window.DFLIP.parseBooks();}<\/script><\/span><\/p>\n<\/div>\n                    \n                            <\/div>\n        \n            <\/div>\n<\/div>\n\n<\/section>\n\n<section id='lightpress__section--block_e2a9075205f2f9b4343d1695d25d920a' class='align-center lightpress__section--default-section-space lightpress__section lightpress__section--headline'><div class=\"headline__container\">\n            <h2 class=\"headline text--40 text-medium line line--gold line-above line-middle\">Brochure d'information de l'ann\u00e9e 2018<\/h2>\n        <p class=\"text-center text-gold text--20 text-medium text--uppercase\">Plongez dans l'histoire de notre mus\u00e9e - d\u00e9couvrez les informations g\u00e9n\u00e9rales de l'ann\u00e9e 2018 dans le livre d'images suivant<\/p>\n        <div class=\"spacer--40\"><\/div>\n<\/div>\n\n<\/section>\n\n<section id='lightpress__section--block_66936b09905378e4d9e92801e40b9454' class='lightpress__section--default-section-space lightpress__section lightpress__section--content'><div class=\"content__inner\"\n         x-init=\"initContentBlockAnim($el)\">\n        \n    <div class=\"content__grid content__grid\">\n                                            <div class=\"content__box content__box--one-hundred\"\n                 style=\"\">\n                                \n                \n                                            <div class=\"prose\"><p><span style=\"color: #555555; font-family: Nunito, sans-serif; font-size: 13px; background-color: #ffffff;\"><div class=\"_df_book df-lite\" id=\"df_36757\"  _slug=\"infobroschuere-2018\" data-title=\"infobroschuere-2018\" wpoptions=\"true\" thumbtype=\"\" ><\/div><script class=\"df-shortcode-script\" nowprocket type=\"application\/javascript\">window.option_df_36757 = {\"outline\":[],\"autoEnableOutline\":\"false\",\"autoEnableThumbnail\":\"false\",\"overwritePDFOutline\":\"false\",\"direction\":\"1\",\"pageSize\":\"0\",\"source\":\"https:\\\/\\\/stiftadmont.at\\\/wp-content\\\/uploads\\\/Bildband-Stift-Admont_A5-quer_FINAL.compressed.pdf\",\"wpOptions\":\"true\"}; if(window.DFLIP && window.DFLIP.parseBooks){window.DFLIP.parseBooks();}<\/script><\/span><\/p>\n<\/div>\n                    \n                            <\/div>\n        \n            <\/div>\n<\/div>\n\n<\/section>","protected":false},"excerpt":{"rendered":"","protected":false},"author":7,"featured_media":0,"parent":36563,"menu_order":0,"comment_status":"closed","ping_status":"closed","template":"","meta":{"_acf_changed":false,"footnotes":""},"categories":[],"class_list":["post-36657","page","type-page","status-publish","hentry"],"acf":[],"yoast_head":"<!-- This site is optimized with the Yoast SEO Premium plugin v26.0 (Yoast SEO v26.8) - https:\/\/yoast.com\/product\/yoast-seo-premium-wordpress\/ -->\n<title>Museumszeitung 2018 - Stift Admont<\/title>\n<meta name=\"robots\" content=\"index, follow, max-snippet:-1, max-image-preview:large, max-video-preview:-1\" \/>\n<link rel=\"canonical\" href=\"https:\/\/stiftadmont.at\/fr\/archives-journaux-de-musees\/edition-2018\/\" \/>\n<meta property=\"og:locale\" content=\"fr_FR\" \/>\n<meta property=\"og:type\" content=\"article\" \/>\n<meta property=\"og:title\" content=\"Museumszeitung 2018\" \/>\n<meta property=\"og:url\" content=\"https:\/\/stiftadmont.at\/fr\/archives-journaux-de-musees\/edition-2018\/\" \/>\n<meta property=\"og:site_name\" content=\"Stift Admont\" \/>\n<meta property=\"article:modified_time\" content=\"2025-07-17T08:12:39+00:00\" \/>\n<meta property=\"og:image\" content=\"https:\/\/stiftadmont.at\/wp-content\/uploads\/Klosteranlage-innen.jpg\" \/>\n\t<meta property=\"og:image:width\" content=\"1912\" \/>\n\t<meta property=\"og:image:height\" content=\"1188\" \/>\n\t<meta property=\"og:image:type\" content=\"image\/jpeg\" \/>\n<meta name=\"twitter:card\" content=\"summary_large_image\" \/>\n<script type=\"application\/ld+json\" class=\"yoast-schema-graph\">{\"@context\":\"https:\/\/schema.org\",\"@graph\":[{\"@type\":\"WebPage\",\"@id\":\"https:\/\/stiftadmont.at\/archiv-museumszeitungen\/ausgabe-2018\/\",\"url\":\"https:\/\/stiftadmont.at\/archiv-museumszeitungen\/ausgabe-2018\/\",\"name\":\"Museumszeitung 2018 - Stift Admont\",\"isPartOf\":{\"@id\":\"https:\/\/stiftadmont.at\/#website\"},\"datePublished\":\"2025-07-16T11:32:20+00:00\",\"dateModified\":\"2025-07-17T08:12:39+00:00\",\"breadcrumb\":{\"@id\":\"https:\/\/stiftadmont.at\/archiv-museumszeitungen\/ausgabe-2018\/#breadcrumb\"},\"inLanguage\":\"fr-FR\",\"potentialAction\":[{\"@type\":\"ReadAction\",\"target\":[\"https:\/\/stiftadmont.at\/archiv-museumszeitungen\/ausgabe-2018\/\"]}]},{\"@type\":\"BreadcrumbList\",\"@id\":\"https:\/\/stiftadmont.at\/archiv-museumszeitungen\/ausgabe-2018\/#breadcrumb\",\"itemListElement\":[{\"@type\":\"ListItem\",\"position\":1,\"name\":\"Start\",\"item\":\"https:\/\/stiftadmont.at\/\"},{\"@type\":\"ListItem\",\"position\":2,\"name\":\"Archiv der Museumszeitungen des Stiftes Admont\",\"item\":\"https:\/\/stiftadmont.at\/archiv-museumszeitungen\/\"},{\"@type\":\"ListItem\",\"position\":3,\"name\":\"Museumszeitung 2018\"}]},{\"@type\":\"WebSite\",\"@id\":\"https:\/\/stiftadmont.at\/#website\",\"url\":\"https:\/\/stiftadmont.at\/\",\"name\":\"Stift Admont\",\"description\":\"Benediktinerkloster und Sehensw\u00fcrdigkeit im Ges\u00e4use\",\"potentialAction\":[{\"@type\":\"SearchAction\",\"target\":{\"@type\":\"EntryPoint\",\"urlTemplate\":\"https:\/\/stiftadmont.at\/?s={search_term_string}\"},\"query-input\":{\"@type\":\"PropertyValueSpecification\",\"valueRequired\":true,\"valueName\":\"search_term_string\"}}],\"inLanguage\":\"fr-FR\"}]}<\/script>\n<!-- \/ Yoast SEO Premium plugin. -->","yoast_head_json":{"title":"Journal du mus\u00e9e 2018 - Abbaye d'Admont","robots":{"index":"index","follow":"follow","max-snippet":"max-snippet:-1","max-image-preview":"max-image-preview:large","max-video-preview":"max-video-preview:-1"},"canonical":"https:\/\/stiftadmont.at\/fr\/archives-journaux-de-musees\/edition-2018\/","og_locale":"fr_FR","og_type":"article","og_title":"Museumszeitung 2018","og_url":"https:\/\/stiftadmont.at\/fr\/archives-journaux-de-musees\/edition-2018\/","og_site_name":"Stift Admont","article_modified_time":"2025-07-17T08:12:39+00:00","og_image":[{"width":1912,"height":1188,"url":"https:\/\/stiftadmont.at\/wp-content\/uploads\/Klosteranlage-innen.jpg","type":"image\/jpeg"}],"twitter_card":"summary_large_image","schema":{"@context":"https:\/\/schema.org","@graph":[{"@type":"WebPage","@id":"https:\/\/stiftadmont.at\/archiv-museumszeitungen\/ausgabe-2018\/","url":"https:\/\/stiftadmont.at\/archiv-museumszeitungen\/ausgabe-2018\/","name":"Journal du mus\u00e9e 2018 - Abbaye d'Admont","isPartOf":{"@id":"https:\/\/stiftadmont.at\/#website"},"datePublished":"2025-07-16T11:32:20+00:00","dateModified":"2025-07-17T08:12:39+00:00","breadcrumb":{"@id":"https:\/\/stiftadmont.at\/archiv-museumszeitungen\/ausgabe-2018\/#breadcrumb"},"inLanguage":"fr-FR","potentialAction":[{"@type":"ReadAction","target":["https:\/\/stiftadmont.at\/archiv-museumszeitungen\/ausgabe-2018\/"]}]},{"@type":"BreadcrumbList","@id":"https:\/\/stiftadmont.at\/archiv-museumszeitungen\/ausgabe-2018\/#breadcrumb","itemListElement":[{"@type":"ListItem","position":1,"name":"Start","item":"https:\/\/stiftadmont.at\/"},{"@type":"ListItem","position":2,"name":"Archiv der Museumszeitungen des Stiftes Admont","item":"https:\/\/stiftadmont.at\/archiv-museumszeitungen\/"},{"@type":"ListItem","position":3,"name":"Museumszeitung 2018"}]},{"@type":"WebSite","@id":"https:\/\/stiftadmont.at\/#website","url":"https:\/\/stiftadmont.at\/","name":"Abbaye d'Admont","description":"Monast\u00e8re b\u00e9n\u00e9dictin et attraction touristique dans le Ges\u00e4use","potentialAction":[{"@type":"SearchAction","target":{"@type":"EntryPoint","urlTemplate":"https:\/\/stiftadmont.at\/?s={search_term_string}"},"query-input":{"@type":"PropertyValueSpecification","valueRequired":true,"valueName":"search_term_string"}}],"inLanguage":"fr-FR"}]}},"_links":{"self":[{"href":"https:\/\/stiftadmont.at\/fr\/wp-json\/wp\/v2\/pages\/36657","targetHints":{"allow":["GET"]}}],"collection":[{"href":"https:\/\/stiftadmont.at\/fr\/wp-json\/wp\/v2\/pages"}],"about":[{"href":"https:\/\/stiftadmont.at\/fr\/wp-json\/wp\/v2\/types\/page"}],"author":[{"embeddable":true,"href":"https:\/\/stiftadmont.at\/fr\/wp-json\/wp\/v2\/users\/7"}],"replies":[{"embeddable":true,"href":"https:\/\/stiftadmont.at\/fr\/wp-json\/wp\/v2\/comments?post=36657"}],"version-history":[{"count":4,"href":"https:\/\/stiftadmont.at\/fr\/wp-json\/wp\/v2\/pages\/36657\/revisions"}],"predecessor-version":[{"id":36760,"href":"https:\/\/stiftadmont.at\/fr\/wp-json\/wp\/v2\/pages\/36657\/revisions\/36760"}],"up":[{"embeddable":true,"href":"https:\/\/stiftadmont.at\/fr\/wp-json\/wp\/v2\/pages\/36563"}],"wp:attachment":[{"href":"https:\/\/stiftadmont.at\/fr\/wp-json\/wp\/v2\/media?parent=36657"}],"wp:term":[{"taxonomy":"category","embeddable":true,"href":"https:\/\/stiftadmont.at\/fr\/wp-json\/wp\/v2\/categories?post=36657"}],"curies":[{"name":"wp","href":"https:\/\/api.w.org\/{rel}","templated":true}]}}