{"id":3759,"date":"2021-07-27T08:38:46","date_gmt":"2021-07-27T06:38:46","guid":{"rendered":"https:\/\/stiftadmont.at\/?page_id=3759"},"modified":"2025-02-05T11:41:48","modified_gmt":"2025-02-05T09:41:48","slug":"sentier-litteraire","status":"publish","type":"page","link":"https:\/\/stiftadmont.at\/fr\/aussenanlagen\/literaturpfad\/","title":{"rendered":"Sentier litt\u00e9raire"},"content":{"rendered":"<section id='lightpress__section--block_2b6bc258f29bea1a3918121b01cf7b1d' class='lightpress__section--default-section-space lightpress__section lightpress__section--content'><div class=\"content__inner\"\n         x-init=\"initContentBlockAnim($el)\">\n        \n    <div class=\"content__grid content__grid--fifty-fifty\">\n                                            <div class=\"content__box content__box\"\n                 style=\"\">\n                                \n                \n                                            <div class=\"prose\"><h5 class=\"heading-m line line-above line--gold\">Lieu : Abbaye d'Admont<\/h5>\n<p>\u00a0<\/p>\n<p class=\"paragraph-m\">L'un d'entre eux se trouve \u00e0 Admont et conduit les visiteurs sur 500 m\u00e8tres autour de l'abbaye de Styrie sup\u00e9rieure.<\/p>\n<\/div>\n                    \n                            <\/div>\n        \n                                                    <div class=\"content__box content__box--2\"\n                     >\n                                        \n                    \n                                                    <div class=\"prose\"><div class=\"info info--info\">\n<p>Sentiers litt\u00e9raires styriens du Moyen \u00c2ge<\/p>\n<p><a class=\"admont-button admont-button--secondary\" href=\"\/wp-content\/uploads\/StiftAdmont_Literaturpfad_Broschuere.pdf\">Brochure<\/a><\/p>\n<\/div>\n<\/div>\n                        \n                                    <\/div>\n            \n            <\/div>\n<\/div>\n\n<\/section>\n\n<section id='lightpress__section--block_86511bbe41f2df694150bfe9facc3c05' class='bg--beige lightpress__section--colored-bg lightpress__section--default-section-space lightpress__section lightpress__section--content'><div class=\"content__inner\"\n         x-init=\"initContentBlockAnim($el)\">\n        \n    <div class=\"content__grid content__grid--fifty-fifty\">\n                                            <div class=\"content__box content__box\"\n                 style=\"\">\n                                \n                \n                                            <div class=\"prose\"><h5 class=\"heading-m line line-above line--gold\">Objets 3D<\/h5>\n<p>\u00a0<\/p>\n<p class=\"paragraph-m\">Le long du parcours, cinq objets spectaculaires en 3D pr\u00e9sentent un classique de la litt\u00e9rature m\u00e9dicale du Moyen-\u00c2ge en langue allemande, \u00e0 savoir des extraits du manuscrit de Bartholom\u00e4us d'Admont datant du 15e si\u00e8cle.<\/p>\n<p>\u00a0<\/p>\n<p class=\"paragraph-m\">Le projet est dirig\u00e9 par le professeur Wernfried Hofmeister de l'Institut d'\u00e9tudes germaniques de l'Universit\u00e9 Karl-Franzens de Graz. Hofmeister : \"On a d\u00e9lib\u00e9r\u00e9ment choisi ces huit lieux, car c'est l\u00e0 que des textes m\u00e9di\u00e9vaux ont \u00e9t\u00e9 recueillis ou ont \u00e9t\u00e9 \u00e9crits. Les monast\u00e8res ont toujours \u00e9t\u00e9 des lieux o\u00f9 l'on se tournait quand on ne savait plus quoi faire !\"<\/p>\n<p>\u00a0<\/p>\n<p class=\"paragraph-m\">Dans la biblioth\u00e8que de l'abbaye d'Admont, nous avons trouv\u00e9 des tr\u00e9sors d'une collection m\u00e9di\u00e9vale de litt\u00e9rature m\u00e9dicale, \u00e0 savoir celle de Bartholom\u00e9e d'Admont\".<\/p>\n<\/div>\n                    \n                            <\/div>\n        \n                                                    <div class=\"content__box content__box--2\"\n                     >\n                                        \n                    \n                                                    <div class=\"prose\"><h5 class=\"heading-m line line-above line--gold\">Stations de narration<\/h5>\n<p>\u00a0<\/p>\n<p class=\"paragraph-m\">Des parties de ce tr\u00e9sor m\u00e9di\u00e9val sont d\u00e9sormais rappel\u00e9es sur un sentier facile \u00e0 parcourir. Sur les cinq stations narratives, les textes m\u00e9dicinaux sont pr\u00e9sent\u00e9s de mani\u00e8re claire et innovante. Le code QR de la derni\u00e8re station, qui permet de recevoir un texte audio, constitue une plus-value multim\u00e9dia. Des images tir\u00e9es de pr\u00e9cieux manuscrits illustrent les enseignements de Bartholom\u00e9e, comme par exemple des recettes contre les maux de dents. Bartholom\u00e9e \u00e9tait un best-seller au Moyen-\u00c2ge et sa litt\u00e9rature avait une utilit\u00e9 pratique dans la vie. L'\u00e9quipe du projet a tent\u00e9 de rendre compr\u00e9hensible l'\u00e9tendue de ses connaissances en mati\u00e8re de m\u00e9decine dans le sentier litt\u00e9raire.<\/p>\n<p class=\"paragraph-m\">Les sentiers litt\u00e9raires styriens, avec leurs huit stations, forment au total un r\u00e9seau unique en Europe et sont assur\u00e9s pour les cinq \u00e0 dix prochaines ann\u00e9es par l'association universitaire \"Sentiers litt\u00e9raires styriens du Moyen \u00c2ge\".<\/p>\n<\/div>\n                        \n                                    <\/div>\n            \n            <\/div>\n<\/div>\n\n    <div class=\"background__container background__container--beige\">\n    <\/div>\n\n<\/section>\n\n<section id='lightpress__section--block_4cfeacc1f3792899472416860dfc1d90' class='lightpress__section--default-section-space lightpress__section lightpress__section--content'><div class=\"content__inner\"\n         x-init=\"initContentBlockAnim($el)\">\n        \n    <div class=\"content__grid content__grid\">\n                                            <div class=\"content__box content__box--one-hundred\"\n                 style=\"\">\n                                \n                \n                                            <div class=\"prose\"><h5 class=\"heading-m line line-above line--gold text-center\">Autres installations ext\u00e9rieures<\/h5>\n<p>\u00a0<\/p>\n<p class=\"paragraph-m text-center\">Am\u00e9nagements ext\u00e9rieurs dans et autour de l'abbaye d'Admont<\/p>\n<p>\u00a0<\/p>\n<p class=\"text-center\"><a class=\"admont-button admont-button--outline-gold\" href=\"\/fr\/installations-exterieures\/\" rel=\"noopener\">INSTALLATIONS EXTERNES<\/a><\/p>\n<\/div>\n                    \n                            <\/div>\n        \n            <\/div>\n<\/div>\n\n<\/section>\n\n<section id='lightpress__section--block_2f95fbf31f11e10b3a3c6436c17aa7ec' class='lightpress__section--more-links--950 lightpress__section--full-width lightpress__section--default-section-space lightpress__section lightpress__section--more-links'><div class=\"more\" x-init=\"initMoreLinksBlockAnim($el)\">\n            <style>\n            #lightpress__section--block_2f95fbf31f11e10b3a3c6436c17aa7ec .more {\n                --entry-width: calc(100% \/ 2 - var(--grid-gap) * 2);\n                grid-template-columns: repeat(auto-fit, minmax(max(var(--entry-width),50rem), 1fr));\n            }\n        <\/style>\n    \n                    <a class=\"more__link\" href=\"\/fr\/installations-exterieures\/jardin-dherbes-aromatiques\/\">\n            <div class=\"more__media\">\n                                    <picture class=\"more__image\">\n                        <source srcset=\"https:\/\/stiftadmont.at\/wp-content\/uploads\/Bildschirmfoto-2021-07-27-um-08.30.59-2-1024x674.webp\" type=\"image\/webp\">\n                        <source srcset=\"https:\/\/stiftadmont.at\/wp-content\/uploads\/Bildschirmfoto-2021-07-27-um-08.30.59-2-1024x674.jpg\" type=\"image\/jpeg\">\n                        <img decoding=\"async\" loading=\"lazy\" src=\"https:\/\/stiftadmont.at\/wp-content\/uploads\/Bildschirmfoto-2021-07-27-um-08.30.59-2-1024x674.png\" alt=\"Jardin d&#039;herbes aromatiques 2021\" \/>\n                    <\/picture>\n                            <\/div>\n            <div class=\"more__content\">\n                <div class=\"more__title--container\">\n                                            \n                                                                            \n                        <p class=\"text-bold text-white text--serif text--40\">Jardin d'herbes aromatiques<\/p>\n                                                            <\/div>\n                                    <div class=\"more__cta\">\n                        <i class=\"fa-thin fa-chevron-right\"><\/i>\n                    <\/div>\n                            <\/div>\n        <\/a>\n                    <a class=\"more__link\" href=\"\/fr\/installations-exterieures\/chemins-de-pelerinage\/\">\n            <div class=\"more__media\">\n                                    <picture class=\"more__image\">\n                        <source srcset=\"https:\/\/stiftadmont.at\/wp-content\/uploads\/kaiblinggatterl637.webp\" type=\"image\/webp\">\n                        <source srcset=\"https:\/\/stiftadmont.at\/wp-content\/uploads\/kaiblinggatterl637.jpg\" type=\"image\/jpeg\">\n                        <img decoding=\"async\" loading=\"lazy\" src=\"https:\/\/stiftadmont.at\/wp-content\/uploads\/kaiblinggatterl637.jpg\" alt=\"Refuge M\u00f6dlinger\" \/>\n                    <\/picture>\n                            <\/div>\n            <div class=\"more__content\">\n                <div class=\"more__title--container\">\n                                            \n                                                                            \n                        <p class=\"text-bold text-white text--serif text--40\">Chemins de p\u00e8lerinage<\/p>\n                                                            <\/div>\n                                    <div class=\"more__cta\">\n                        <i class=\"fa-thin fa-chevron-right\"><\/i>\n                    <\/div>\n                            <\/div>\n        <\/a>\n    \n<\/div>\n\n<\/section>","protected":false},"excerpt":{"rendered":"","protected":false},"author":7,"featured_media":0,"parent":484,"menu_order":2,"comment_status":"closed","ping_status":"closed","template":"","meta":{"_acf_changed":false,"footnotes":""},"categories":[],"class_list":["post-3759","page","type-page","status-publish","hentry"],"acf":[],"yoast_head":"<!-- This site is optimized with the Yoast SEO Premium plugin v26.0 (Yoast SEO v26.8) - https:\/\/yoast.com\/product\/yoast-seo-premium-wordpress\/ -->\n<title>Literaturpfad - Stift Admont<\/title>\n<meta name=\"robots\" content=\"index, follow, max-snippet:-1, max-image-preview:large, max-video-preview:-1\" \/>\n<link rel=\"canonical\" href=\"https:\/\/stiftadmont.at\/fr\/installations-exterieures\/sentier-litteraire\/\" \/>\n<meta property=\"og:locale\" content=\"fr_FR\" \/>\n<meta property=\"og:type\" content=\"article\" \/>\n<meta property=\"og:title\" content=\"Literaturpfad\" \/>\n<meta property=\"og:url\" content=\"https:\/\/stiftadmont.at\/fr\/installations-exterieures\/sentier-litteraire\/\" \/>\n<meta property=\"og:site_name\" content=\"Stift Admont\" \/>\n<meta property=\"article:modified_time\" content=\"2025-02-05T09:41:48+00:00\" \/>\n<meta property=\"og:image\" content=\"https:\/\/stiftadmont.at\/wp-content\/uploads\/Klosteranlage-innen.jpg\" \/>\n\t<meta property=\"og:image:width\" content=\"1912\" \/>\n\t<meta property=\"og:image:height\" content=\"1188\" \/>\n\t<meta property=\"og:image:type\" content=\"image\/jpeg\" \/>\n<meta name=\"twitter:card\" content=\"summary_large_image\" \/>\n<script type=\"application\/ld+json\" class=\"yoast-schema-graph\">{\"@context\":\"https:\/\/schema.org\",\"@graph\":[{\"@type\":\"WebPage\",\"@id\":\"https:\/\/stiftadmont.at\/aussenanlagen\/literaturpfad\/\",\"url\":\"https:\/\/stiftadmont.at\/aussenanlagen\/literaturpfad\/\",\"name\":\"Literaturpfad - Stift Admont\",\"isPartOf\":{\"@id\":\"https:\/\/stiftadmont.at\/#website\"},\"datePublished\":\"2021-07-27T06:38:46+00:00\",\"dateModified\":\"2025-02-05T09:41:48+00:00\",\"breadcrumb\":{\"@id\":\"https:\/\/stiftadmont.at\/aussenanlagen\/literaturpfad\/#breadcrumb\"},\"inLanguage\":\"fr-FR\",\"potentialAction\":[{\"@type\":\"ReadAction\",\"target\":[\"https:\/\/stiftadmont.at\/aussenanlagen\/literaturpfad\/\"]}]},{\"@type\":\"BreadcrumbList\",\"@id\":\"https:\/\/stiftadmont.at\/aussenanlagen\/literaturpfad\/#breadcrumb\",\"itemListElement\":[{\"@type\":\"ListItem\",\"position\":1,\"name\":\"Start\",\"item\":\"https:\/\/stiftadmont.at\/\"},{\"@type\":\"ListItem\",\"position\":2,\"name\":\"Au\u00dfenanlagen\",\"item\":\"https:\/\/stiftadmont.at\/aussenanlagen\/\"},{\"@type\":\"ListItem\",\"position\":3,\"name\":\"Literaturpfad\"}]},{\"@type\":\"WebSite\",\"@id\":\"https:\/\/stiftadmont.at\/#website\",\"url\":\"https:\/\/stiftadmont.at\/\",\"name\":\"Stift Admont\",\"description\":\"Benediktinerkloster und Sehensw\u00fcrdigkeit im Ges\u00e4use\",\"potentialAction\":[{\"@type\":\"SearchAction\",\"target\":{\"@type\":\"EntryPoint\",\"urlTemplate\":\"https:\/\/stiftadmont.at\/?s={search_term_string}\"},\"query-input\":{\"@type\":\"PropertyValueSpecification\",\"valueRequired\":true,\"valueName\":\"search_term_string\"}}],\"inLanguage\":\"fr-FR\"}]}<\/script>\n<!-- \/ Yoast SEO Premium plugin. -->","yoast_head_json":{"title":"Sentier litt\u00e9raire - Abbaye d'Admont","robots":{"index":"index","follow":"follow","max-snippet":"max-snippet:-1","max-image-preview":"max-image-preview:large","max-video-preview":"max-video-preview:-1"},"canonical":"https:\/\/stiftadmont.at\/fr\/installations-exterieures\/sentier-litteraire\/","og_locale":"fr_FR","og_type":"article","og_title":"Literaturpfad","og_url":"https:\/\/stiftadmont.at\/fr\/installations-exterieures\/sentier-litteraire\/","og_site_name":"Stift Admont","article_modified_time":"2025-02-05T09:41:48+00:00","og_image":[{"width":1912,"height":1188,"url":"https:\/\/stiftadmont.at\/wp-content\/uploads\/Klosteranlage-innen.jpg","type":"image\/jpeg"}],"twitter_card":"summary_large_image","schema":{"@context":"https:\/\/schema.org","@graph":[{"@type":"WebPage","@id":"https:\/\/stiftadmont.at\/aussenanlagen\/literaturpfad\/","url":"https:\/\/stiftadmont.at\/aussenanlagen\/literaturpfad\/","name":"Sentier litt\u00e9raire - Abbaye d'Admont","isPartOf":{"@id":"https:\/\/stiftadmont.at\/#website"},"datePublished":"2021-07-27T06:38:46+00:00","dateModified":"2025-02-05T09:41:48+00:00","breadcrumb":{"@id":"https:\/\/stiftadmont.at\/aussenanlagen\/literaturpfad\/#breadcrumb"},"inLanguage":"fr-FR","potentialAction":[{"@type":"ReadAction","target":["https:\/\/stiftadmont.at\/aussenanlagen\/literaturpfad\/"]}]},{"@type":"BreadcrumbList","@id":"https:\/\/stiftadmont.at\/aussenanlagen\/literaturpfad\/#breadcrumb","itemListElement":[{"@type":"ListItem","position":1,"name":"Start","item":"https:\/\/stiftadmont.at\/"},{"@type":"ListItem","position":2,"name":"Au\u00dfenanlagen","item":"https:\/\/stiftadmont.at\/aussenanlagen\/"},{"@type":"ListItem","position":3,"name":"Literaturpfad"}]},{"@type":"WebSite","@id":"https:\/\/stiftadmont.at\/#website","url":"https:\/\/stiftadmont.at\/","name":"Abbaye d'Admont","description":"Monast\u00e8re b\u00e9n\u00e9dictin et attraction touristique dans le Ges\u00e4use","potentialAction":[{"@type":"SearchAction","target":{"@type":"EntryPoint","urlTemplate":"https:\/\/stiftadmont.at\/?s={search_term_string}"},"query-input":{"@type":"PropertyValueSpecification","valueRequired":true,"valueName":"search_term_string"}}],"inLanguage":"fr-FR"}]}},"_links":{"self":[{"href":"https:\/\/stiftadmont.at\/fr\/wp-json\/wp\/v2\/pages\/3759","targetHints":{"allow":["GET"]}}],"collection":[{"href":"https:\/\/stiftadmont.at\/fr\/wp-json\/wp\/v2\/pages"}],"about":[{"href":"https:\/\/stiftadmont.at\/fr\/wp-json\/wp\/v2\/types\/page"}],"author":[{"embeddable":true,"href":"https:\/\/stiftadmont.at\/fr\/wp-json\/wp\/v2\/users\/7"}],"replies":[{"embeddable":true,"href":"https:\/\/stiftadmont.at\/fr\/wp-json\/wp\/v2\/comments?post=3759"}],"version-history":[{"count":62,"href":"https:\/\/stiftadmont.at\/fr\/wp-json\/wp\/v2\/pages\/3759\/revisions"}],"predecessor-version":[{"id":32669,"href":"https:\/\/stiftadmont.at\/fr\/wp-json\/wp\/v2\/pages\/3759\/revisions\/32669"}],"up":[{"embeddable":true,"href":"https:\/\/stiftadmont.at\/fr\/wp-json\/wp\/v2\/pages\/484"}],"wp:attachment":[{"href":"https:\/\/stiftadmont.at\/fr\/wp-json\/wp\/v2\/media?parent=3759"}],"wp:term":[{"taxonomy":"category","embeddable":true,"href":"https:\/\/stiftadmont.at\/fr\/wp-json\/wp\/v2\/categories?post=3759"}],"curies":[{"name":"wp","href":"https:\/\/api.w.org\/{rel}","templated":true}]}}