{"id":3804,"date":"2021-07-27T08:56:02","date_gmt":"2021-07-27T06:56:02","guid":{"rendered":"https:\/\/stiftadmont.at\/?page_id=3804"},"modified":"2025-01-30T10:28:40","modified_gmt":"2025-01-30T08:28:40","slug":"chemins-de-pelerinage","status":"publish","type":"page","link":"https:\/\/stiftadmont.at\/fr\/aussenanlagen\/pilgerwege\/","title":{"rendered":"Chemins de p\u00e8lerinage"},"content":{"rendered":"<section id='lightpress__section--block_3149c650bf281511b677eaf98662b8a8' class='align-center lightpress__section--default-section-space lightpress__section lightpress__section--headline'><div class=\"headline__container\">\n            <h2 class=\"headline text--40 text-medium line line--gold line-above line-middle\">Le plus long voyage est celui qui m\u00e8ne \u00e0 soi-m\u00eame<\/h2>\n        <p class=\"text-center text-gold text--20 text-medium text--uppercase\">Nous souhaitons vous pr\u00e9senter sur cette page des chemins de p\u00e8lerinage qui passent par l'abbaye d'Admont ou qui en partent.<\/p>\n        <div class=\"spacer--40\"><\/div>\n<\/div>\n\n<\/section>\n\n<section id='lightpress__section--block_670bae197bceffbcdab1b691586bc86c' class='lightpress__section--default-section-space lightpress__section lightpress__section--content'><div class=\"content__inner\"\n         x-init=\"initContentBlockAnim($el)\">\n        \n    <div class=\"content__grid content__grid--fifty-fifty\">\n                                            <div class=\"content__box content__box\"\n                 style=\"\">\n                                \n                \n                                            <div class=\"prose\"><h5 class=\"heading-m line line-above line--gold\">P\u00e8lerinage de l'H\u00e9misph\u00e8re<\/h5>\n<p>\u00a0<\/p>\n<p class=\"paragraph-m\">Sainte Hemma, comtesse de Friesach-Zeltschach, est n\u00e9e vers 980 et a fond\u00e9 les monast\u00e8res b\u00e9n\u00e9dictins de Gurk et d'Admont. Partant de l'abbaye d'Admont, le p\u00e8lerinage de sainte Hemma m\u00e8ne \u00e0 Gurk, en Carinthie, o\u00f9 sainte Hemma est enterr\u00e9e dans la crypte de la cath\u00e9drale. Sa v\u00e9n\u00e9ration remonte \u00e0 plusieurs si\u00e8cles en Carinthie, en Styrie et en Slov\u00e9nie. N\u00e9e vers 980 en tant que comtesse de Friesach-Zeltschach, sa charit\u00e9 et ses dons l'ont rendue c\u00e9l\u00e8bre aupr\u00e8s de la population.<\/p>\n<\/div>\n                    \n                            <\/div>\n        \n                                                    <div class=\"content__box content__box--2\"\n                     >\n                                        \n                    \n                                                    <div class=\"prose\"><div class=\"info info--info\">\n<p>d'Admont \u00e0 Gurk (186,6 km)<\/p>\n<p>Dur\u00e9e : 59 h <br \/>Profil d'altitude : 7077 \/ 7047 m <br \/>Difficult\u00e9 : 3 \/ 5<\/p>\n<p><a class=\"admont-button admont-button--outline-gold\" href=\"http:\/\/www.pilgerwege-kaernten.at\" target=\"_blank\" rel=\"noopener\">D\u00c9TAILS<\/a> <a class=\"admont-button admont-button--outline-gold\" href=\"\/wp-content\/uploads\/HemmaPilgerweg_3-4_WEB_gesamt.pdf\">BROCHURE<\/a><\/p>\n<\/div>\n<\/div>\n                        \n                                    <\/div>\n            \n            <\/div>\n<\/div>\n\n<\/section>\n\n<section id='lightpress__section--block_f8daa6b74f6f87c713df15d7ff54b6b3' class='lightpress__section--default-section-space lightpress__section lightpress__section--content'><div class=\"content__inner\"\n         x-init=\"initContentBlockAnim($el)\">\n        \n    <div class=\"content__grid content__grid\">\n                                            <div class=\"content__box content__box--one-hundred\"\n                 style=\"\">\n                                \n                \n                                            <div class=\"prose\"><h5 class=\"heading-m line line-above line--gold\">Route<\/h5>\n<p>\u00a0<\/p>\n<p class=\"paragraph-m\">Le p\u00e8lerinage est divis\u00e9 en 7 \u00e9tapes, mais chacun peut bien s\u00fbr composer son propre itin\u00e9raire. Sur le parcours se trouvent de nombreuses curiosit\u00e9s auxquelles il faut consacrer un peu de temps. D\u00e8s le d\u00e9but, l'abbaye d'Admont et sa biblioth\u00e8que, qui est la plus grande biblioth\u00e8que d'abbaye du monde, ouvrent la voie. Parmi les plus beaux spectacles naturels du chemin, il y a certainement la travers\u00e9e du Niederen Tauern par le Glattjoch, avec comme point final de l'\u00e9tape Oberw\u00f6lz, la plus petite ville de Styrie, et un centre-ville historique de grande valeur, entour\u00e9 d'un impressionnant mur d'enceinte.<\/p>\n<\/div>\n                    \n                            <\/div>\n        \n            <\/div>\n<\/div>\n\n<\/section>\n\n<section id='lightpress__section--block_1da8d18c6948fab04b1b70befe7a6b85' class='lightpress__section--default-section-space lightpress__section lightpress__section--content'><div class=\"content__inner\"\n         x-init=\"initContentBlockAnim($el)\">\n        \n    <div class=\"content__grid content__grid--fifty-fifty\">\n                                            <div class=\"content__box content__box\"\n                 style=\"\">\n                                \n                \n                                            <div class=\"prose\"><h5 class=\"heading-m line line-above line--gold\">Chemin de B\u00e9n\u00e9dicte<\/h5>\n<p>\u00a0<\/p>\n<p class=\"paragraph-m\">Le Benediktweg a \u00e9t\u00e9 cr\u00e9\u00e9 \u00e0 l'occasion du bicentenaire de la recolonisation de l'abbaye de St. Paul dans la vall\u00e9e de Lavant en 2009 et porte le nom du fondateur de l'ordre, Beno\u00eet de Nursie. Le chemin m\u00e8ne de Spital am Pyhrn \u00e0 Gornij Grad en Slov\u00e9nie, en passant par Admont, Seckau, Maria Buch, Wolfsberg, St. Paul et Slovenj Gradec.<\/p>\n<\/div>\n                    \n                            <\/div>\n        \n                                                    <div class=\"content__box content__box--2\"\n                     >\n                                        \n                    \n                                                    <div class=\"prose\"><div class=\"info info--info\">\n<p>de Spital am Pyhrn \u00e0 Gornij Grad\/Slo. (126,1 km)<\/p>\n<p>Dur\u00e9e : 37 h 30 min <br \/>Profil d'altitude : 3227 \/ 3170 m <br \/>Difficult\u00e9 : 2 \/ 5<\/p>\n<p><a class=\"admont-button admont-button--outline-gold\" href=\"https:\/\/www.pilgerwege-kaernten.at\/home\/\" target=\"_blank\" rel=\"noopener\">D\u00c9TAILS<\/a> <a class=\"admont-button admont-button--outline-gold\" href=\"https:\/\/www.benedikt-bewegt.at\/\" target=\"_blank\" rel=\"noopener\">B\u00c9N\u00c9DICT BOUGE\u00a0<\/a><\/p>\n<\/div>\n<\/div>\n                        \n                                    <\/div>\n            \n            <\/div>\n<\/div>\n\n<\/section>\n\n<section id='lightpress__section--block_8c17ec234a0d25510e5aac293db766d2' class='lightpress__section--default-section-space lightpress__section lightpress__section--content'><div class=\"content__inner\"\n         x-init=\"initContentBlockAnim($el)\">\n        \n    <div class=\"content__grid content__grid\">\n                                            <div class=\"content__box content__box--one-hundred\"\n                 style=\"\">\n                                \n                \n                                            <div class=\"prose\"><h5 class=\"heading-m line line-above line--gold\">Route<\/h5>\n<p>\u00a0<\/p>\n<p class=\"paragraph-m\">Le tron\u00e7on du chemin de Saint-Beno\u00eet qui traverse la Styrie nous m\u00e8ne d'abbaye en abbaye - d'Admont \u00e0 la Carinthie en passant par Seckau. Les points forts du paysage sont le parc national du Ges\u00e4use et la travers\u00e9e du Niederen Tauern. La nature et la culture s'alternent et de petites villes sont \u00e9galement au programme pour compl\u00e9ter les riches exp\u00e9riences de la nature.<\/p>\n<\/div>\n                    \n                            <\/div>\n        \n            <\/div>\n<\/div>\n\n<\/section>\n\n<section id='lightpress__section--block_596a5dc8cb11bf49f5b6f946851ac1f3' class='lightpress__section--default-section-space lightpress__section lightpress__section--content'><div class=\"content__inner\"\n         x-init=\"initContentBlockAnim($el)\">\n        \n    <div class=\"content__grid content__grid\">\n                                            <div class=\"content__box content__box--one-hundred\"\n                 style=\"\">\n                                \n                \n                                            <div class=\"prose\"><h5 class=\"heading-m line line-above line--gold text-center\">Autres installations ext\u00e9rieures\u00a0<\/h5>\n<p>\u00a0<\/p>\n<p class=\"paragraph-m text-center\">Am\u00e9nagements ext\u00e9rieurs dans et autour de l'abbaye d'Admont<\/p>\n<p class=\"text-center\"><a class=\"admont-button admont-button--outline-gold\" href=\"\/fr\/installations-exterieures\/\">INSTALLATIONS EXTERNES<\/a><\/p>\n<\/div>\n                    \n                            <\/div>\n        \n            <\/div>\n<\/div>\n\n<\/section>\n\n<section id='lightpress__section--block_8d0b9654ee9c08c5760659570e707731' class='lightpress__section--more-links--950 lightpress__section--full-width lightpress__section--default-section-space lightpress__section lightpress__section--more-links'><div class=\"more\" x-init=\"initMoreLinksBlockAnim($el)\">\n            <style>\n            #lightpress__section--block_8d0b9654ee9c08c5760659570e707731 .more {\n                --entry-width: calc(100% \/ 4 - var(--grid-gap) * 4);\n                grid-template-columns: repeat(auto-fit, minmax(max(var(--entry-width),50rem), 1fr));\n            }\n        <\/style>\n    \n                    <a class=\"more__link\" href=\"\/fr\/installations-exterieures\/sentier-litteraire\/\">\n            <div class=\"more__media\">\n                                    <picture class=\"more__image\">\n                        <source srcset=\"https:\/\/stiftadmont.at\/wp-content\/uploads\/8d967de4fb0deac392e6fc1838a87d15-1024x683.webp\" type=\"image\/webp\">\n                        <source srcset=\"https:\/\/stiftadmont.at\/wp-content\/uploads\/8d967de4fb0deac392e6fc1838a87d15-1024x683.jpg\" type=\"image\/jpeg\">\n                        <img decoding=\"async\" loading=\"lazy\" src=\"https:\/\/stiftadmont.at\/wp-content\/uploads\/8d967de4fb0deac392e6fc1838a87d15-1024x683.jpg\" alt=\"Sentier litt\u00e9raire 2021\" \/>\n                    <\/picture>\n                            <\/div>\n            <div class=\"more__content\">\n                <div class=\"more__title--container\">\n                                            \n                                                                            \n                        <p class=\"text-bold text-white text--serif text--26\">Sentier litt\u00e9raire<\/p>\n                                                            <\/div>\n                                    <div class=\"more__cta\">\n                        <i class=\"fa-thin fa-chevron-right\"><\/i>\n                    <\/div>\n                            <\/div>\n        <\/a>\n                    <a class=\"more__link\" href=\"\/fr\/installations-exterieures\/jardin-dherbes-aromatiques\/\">\n            <div class=\"more__media\">\n                                    <picture class=\"more__image\">\n                        <source srcset=\"https:\/\/stiftadmont.at\/wp-content\/uploads\/Bildschirmfoto-2021-07-27-um-08.30.59-2-1024x674.webp\" type=\"image\/webp\">\n                        <source srcset=\"https:\/\/stiftadmont.at\/wp-content\/uploads\/Bildschirmfoto-2021-07-27-um-08.30.59-2-1024x674.jpg\" type=\"image\/jpeg\">\n                        <img decoding=\"async\" loading=\"lazy\" src=\"https:\/\/stiftadmont.at\/wp-content\/uploads\/Bildschirmfoto-2021-07-27-um-08.30.59-2-1024x674.png\" alt=\"Jardin d&#039;herbes aromatiques 2021\" \/>\n                    <\/picture>\n                            <\/div>\n            <div class=\"more__content\">\n                <div class=\"more__title--container\">\n                                            \n                                                                            \n                        <p class=\"text-bold text-white text--serif text--26\">Jardin d'herbes aromatiques<\/p>\n                                                            <\/div>\n                                    <div class=\"more__cta\">\n                        <i class=\"fa-thin fa-chevron-right\"><\/i>\n                    <\/div>\n                            <\/div>\n        <\/a>\n    \n<\/div>\n\n<\/section>","protected":false},"excerpt":{"rendered":"","protected":false},"author":7,"featured_media":0,"parent":484,"menu_order":5,"comment_status":"closed","ping_status":"closed","template":"","meta":{"_acf_changed":false,"footnotes":""},"categories":[],"class_list":["post-3804","page","type-page","status-publish","hentry"],"acf":[],"yoast_head":"<!-- This site is optimized with the Yoast SEO Premium plugin v26.0 (Yoast SEO v26.8) - https:\/\/yoast.com\/product\/yoast-seo-premium-wordpress\/ -->\n<title>Pilgerwege - Stift Admont<\/title>\n<meta name=\"robots\" content=\"index, follow, max-snippet:-1, max-image-preview:large, max-video-preview:-1\" \/>\n<link rel=\"canonical\" href=\"https:\/\/stiftadmont.at\/fr\/installations-exterieures\/chemins-de-pelerinage\/\" \/>\n<meta property=\"og:locale\" content=\"fr_FR\" \/>\n<meta property=\"og:type\" content=\"article\" \/>\n<meta property=\"og:title\" content=\"Pilgerwege\" \/>\n<meta property=\"og:url\" content=\"https:\/\/stiftadmont.at\/fr\/installations-exterieures\/chemins-de-pelerinage\/\" \/>\n<meta property=\"og:site_name\" content=\"Stift Admont\" \/>\n<meta property=\"article:modified_time\" content=\"2025-01-30T08:28:40+00:00\" \/>\n<meta property=\"og:image\" content=\"https:\/\/stiftadmont.at\/wp-content\/uploads\/Klosteranlage-innen.jpg\" \/>\n\t<meta property=\"og:image:width\" content=\"1912\" \/>\n\t<meta property=\"og:image:height\" content=\"1188\" \/>\n\t<meta property=\"og:image:type\" content=\"image\/jpeg\" \/>\n<meta name=\"twitter:card\" content=\"summary_large_image\" \/>\n<script type=\"application\/ld+json\" class=\"yoast-schema-graph\">{\"@context\":\"https:\/\/schema.org\",\"@graph\":[{\"@type\":\"WebPage\",\"@id\":\"https:\/\/stiftadmont.at\/aussenanlagen\/pilgerwege\/\",\"url\":\"https:\/\/stiftadmont.at\/aussenanlagen\/pilgerwege\/\",\"name\":\"Pilgerwege - Stift Admont\",\"isPartOf\":{\"@id\":\"https:\/\/stiftadmont.at\/#website\"},\"datePublished\":\"2021-07-27T06:56:02+00:00\",\"dateModified\":\"2025-01-30T08:28:40+00:00\",\"breadcrumb\":{\"@id\":\"https:\/\/stiftadmont.at\/aussenanlagen\/pilgerwege\/#breadcrumb\"},\"inLanguage\":\"fr-FR\",\"potentialAction\":[{\"@type\":\"ReadAction\",\"target\":[\"https:\/\/stiftadmont.at\/aussenanlagen\/pilgerwege\/\"]}]},{\"@type\":\"BreadcrumbList\",\"@id\":\"https:\/\/stiftadmont.at\/aussenanlagen\/pilgerwege\/#breadcrumb\",\"itemListElement\":[{\"@type\":\"ListItem\",\"position\":1,\"name\":\"Start\",\"item\":\"https:\/\/stiftadmont.at\/\"},{\"@type\":\"ListItem\",\"position\":2,\"name\":\"Au\u00dfenanlagen\",\"item\":\"https:\/\/stiftadmont.at\/aussenanlagen\/\"},{\"@type\":\"ListItem\",\"position\":3,\"name\":\"Pilgerwege\"}]},{\"@type\":\"WebSite\",\"@id\":\"https:\/\/stiftadmont.at\/#website\",\"url\":\"https:\/\/stiftadmont.at\/\",\"name\":\"Stift Admont\",\"description\":\"Benediktinerkloster und Sehensw\u00fcrdigkeit im Ges\u00e4use\",\"potentialAction\":[{\"@type\":\"SearchAction\",\"target\":{\"@type\":\"EntryPoint\",\"urlTemplate\":\"https:\/\/stiftadmont.at\/?s={search_term_string}\"},\"query-input\":{\"@type\":\"PropertyValueSpecification\",\"valueRequired\":true,\"valueName\":\"search_term_string\"}}],\"inLanguage\":\"fr-FR\"}]}<\/script>\n<!-- \/ Yoast SEO Premium plugin. -->","yoast_head_json":{"title":"Chemins de p\u00e8lerinage - Stift Admont","robots":{"index":"index","follow":"follow","max-snippet":"max-snippet:-1","max-image-preview":"max-image-preview:large","max-video-preview":"max-video-preview:-1"},"canonical":"https:\/\/stiftadmont.at\/fr\/installations-exterieures\/chemins-de-pelerinage\/","og_locale":"fr_FR","og_type":"article","og_title":"Pilgerwege","og_url":"https:\/\/stiftadmont.at\/fr\/installations-exterieures\/chemins-de-pelerinage\/","og_site_name":"Stift Admont","article_modified_time":"2025-01-30T08:28:40+00:00","og_image":[{"width":1912,"height":1188,"url":"https:\/\/stiftadmont.at\/wp-content\/uploads\/Klosteranlage-innen.jpg","type":"image\/jpeg"}],"twitter_card":"summary_large_image","schema":{"@context":"https:\/\/schema.org","@graph":[{"@type":"WebPage","@id":"https:\/\/stiftadmont.at\/aussenanlagen\/pilgerwege\/","url":"https:\/\/stiftadmont.at\/aussenanlagen\/pilgerwege\/","name":"Chemins de p\u00e8lerinage - Stift Admont","isPartOf":{"@id":"https:\/\/stiftadmont.at\/#website"},"datePublished":"2021-07-27T06:56:02+00:00","dateModified":"2025-01-30T08:28:40+00:00","breadcrumb":{"@id":"https:\/\/stiftadmont.at\/aussenanlagen\/pilgerwege\/#breadcrumb"},"inLanguage":"fr-FR","potentialAction":[{"@type":"ReadAction","target":["https:\/\/stiftadmont.at\/aussenanlagen\/pilgerwege\/"]}]},{"@type":"BreadcrumbList","@id":"https:\/\/stiftadmont.at\/aussenanlagen\/pilgerwege\/#breadcrumb","itemListElement":[{"@type":"ListItem","position":1,"name":"Start","item":"https:\/\/stiftadmont.at\/"},{"@type":"ListItem","position":2,"name":"Au\u00dfenanlagen","item":"https:\/\/stiftadmont.at\/aussenanlagen\/"},{"@type":"ListItem","position":3,"name":"Pilgerwege"}]},{"@type":"WebSite","@id":"https:\/\/stiftadmont.at\/#website","url":"https:\/\/stiftadmont.at\/","name":"Abbaye d'Admont","description":"Monast\u00e8re b\u00e9n\u00e9dictin et attraction touristique dans le Ges\u00e4use","potentialAction":[{"@type":"SearchAction","target":{"@type":"EntryPoint","urlTemplate":"https:\/\/stiftadmont.at\/?s={search_term_string}"},"query-input":{"@type":"PropertyValueSpecification","valueRequired":true,"valueName":"search_term_string"}}],"inLanguage":"fr-FR"}]}},"_links":{"self":[{"href":"https:\/\/stiftadmont.at\/fr\/wp-json\/wp\/v2\/pages\/3804","targetHints":{"allow":["GET"]}}],"collection":[{"href":"https:\/\/stiftadmont.at\/fr\/wp-json\/wp\/v2\/pages"}],"about":[{"href":"https:\/\/stiftadmont.at\/fr\/wp-json\/wp\/v2\/types\/page"}],"author":[{"embeddable":true,"href":"https:\/\/stiftadmont.at\/fr\/wp-json\/wp\/v2\/users\/7"}],"replies":[{"embeddable":true,"href":"https:\/\/stiftadmont.at\/fr\/wp-json\/wp\/v2\/comments?post=3804"}],"version-history":[{"count":95,"href":"https:\/\/stiftadmont.at\/fr\/wp-json\/wp\/v2\/pages\/3804\/revisions"}],"predecessor-version":[{"id":32374,"href":"https:\/\/stiftadmont.at\/fr\/wp-json\/wp\/v2\/pages\/3804\/revisions\/32374"}],"up":[{"embeddable":true,"href":"https:\/\/stiftadmont.at\/fr\/wp-json\/wp\/v2\/pages\/484"}],"wp:attachment":[{"href":"https:\/\/stiftadmont.at\/fr\/wp-json\/wp\/v2\/media?parent=3804"}],"wp:term":[{"taxonomy":"category","embeddable":true,"href":"https:\/\/stiftadmont.at\/fr\/wp-json\/wp\/v2\/categories?post=3804"}],"curies":[{"name":"wp","href":"https:\/\/api.w.org\/{rel}","templated":true}]}}