{"id":39264,"date":"2026-02-02T13:17:04","date_gmt":"2026-02-02T11:17:04","guid":{"rendered":"https:\/\/stiftadmont.at\/?page_id=39264"},"modified":"2026-03-17T12:53:20","modified_gmt":"2026-03-17T10:53:20","slug":"lart-actuel-dans-les-vieux-murs-2026","status":"publish","type":"page","link":"https:\/\/stiftadmont.at\/fr\/aktuelle-kunst-in-alten-mauern-2026\/","title":{"rendered":"L'art actuel dans les vieux murs"},"content":{"rendered":"<section id='lightpress__section--block_87714cf1faa2698210a5ba8119a99c9b' class='align-center lightpress__section--default-section-space lightpress__section lightpress__section--headline'><div class=\"headline__container\">\n            <h2 class=\"headline text--40 text-medium line line--gold line-above line-middle\">L'art contemporain au mus\u00e9e de l'abbaye d'Admont<\/h2>\n        <p class=\"text-center text-gold text--20 text-medium text--uppercase\">Un dialogue entre tradition et innovation<\/p>\n        <div class=\"spacer--40\"><\/div>\n<\/div>\n\n<\/section>\n\n<section id='lightpress__section--block_0961d0c98a7b88e63ec041b641f9475e' class='lightpress__section--default-section-space lightpress__section lightpress__section--content'><div class=\"content__inner\"\n         x-init=\"initContentBlockAnim($el)\">\n        \n    <div class=\"content__grid content__grid\">\n                                            <div class=\"content__box content__box--one-hundred\"\n                 style=\"\">\n                                \n                \n                                            <div class=\"prose\"><h5 class=\"heading-m line line-above line--gold\">L'art actuel dans les vieux murs - Expositions temporaires 2026 : Hannes Schwarz et Josef Pillhofer<\/h5>\n<p class=\"paragraph-m\">\u00a0<\/p>\n<p>Depuis l'ouverture du grand mus\u00e9e en 2003, des expositions temporaires ont lieu chaque ann\u00e9e au deuxi\u00e8me \u00e9tage du mus\u00e9e. En 2026, l'\u0153uvre de deux artistes autrichiens majeurs du 20e si\u00e8cle sera pr\u00e9sent\u00e9e. \u00c0 l'occasion du centenaire de la naissance du peintre Hannes Schwarz (1926-2014), une exposition g\u00e9n\u00e9rale sera consacr\u00e9e \u00e0 son \u0153uvre. Parall\u00e8lement, une exposition invite \u00e0 d\u00e9couvrir le sculpteur Josef Pillhofer (1921-2010). Ainsi, les \u0153uvres de deux protagonistes centraux de l'art styrien de l'apr\u00e8s-guerre entrent en discussion : des dessins, des peintures et des graphiques de Hannes Schwarz sont expos\u00e9s, tandis que Josef Pillhofer pr\u00e9sente des travaux de sculpture, des dessins, des collages ainsi qu'une tapisserie rarement expos\u00e9e jusqu'\u00e0 pr\u00e9sent.\u00a0<\/p>\n<p>\u00a0<\/p>\n<p><strong>L'inauguration des deux expositions aura lieu le 19 mars 2026, \u00e0 partir de 17h00, au mus\u00e9e de l'abbaye d'Admont. Il est demand\u00e9 de s'inscrire \u00e0 <a class=\"email\" href=\"mailto:events@stiftadmont.at\"><span class=\"icon-outer\"><i class=\"fa-light fa-envelope\"><\/i><\/span>events@stiftadmont.at<\/a> a \u00e9t\u00e9 demand\u00e9.<\/strong><\/p>\n<p>\u00a0<\/p>\n<p><em><strong>Remarque :\u00a0\u00a0<\/strong><strong>Le 19 mars 2026, le mus\u00e9e de l'abbaye d'Admont sera ouvert d\u00e8s 14 heures et l'entr\u00e9e sera gratuite.<\/strong><\/em><\/p>\n<\/div>\n                    \n                            <\/div>\n        \n            <\/div>\n<\/div>\n\n<\/section>\n\n<section id='lightpress__section--block_33356f0fa4b997564df27d70c48fb271' class='bg--beige lightpress__section--colored-bg lightpress__section--default-section-space lightpress__section lightpress__section--content'><div class=\"content__inner\"\n         x-init=\"initContentBlockAnim($el)\">\n        \n    <div class=\"content__grid content__grid--fifty-fifty\">\n                                            <div class=\"content__box content__box\"\n                 style=\"\">\n                                \n                \n                                        <div class=\"content__media stickyTo\" x-init=\"imageSticky($el)\">\n\n                                                                                                <picture\n                                class=\"content__image sticky\">\n                            <source srcset=\"https:\/\/stiftadmont.at\/wp-content\/uploads\/Schwarz_verletzt-1024x687.png\"\n                                    type=\"image\/webp\">\n                            <source srcset=\"https:\/\/stiftadmont.at\/wp-content\/uploads\/Schwarz_verletzt-1024x687.png\"\n                                    type=\"image\/jpeg\">\n                            <img decoding=\"async\" loading=\"lazy\" src=\"https:\/\/stiftadmont.at\/wp-content\/uploads\/Schwarz_verletzt-1024x687.png\" alt=\"Noir bless\u00e9\" width=\"600\" height=\"450\" \/>\n                                                                                                            <\/picture>\n\n                    <\/div>\n\n                            <\/div>\n        \n                                                    <div class=\"content__box content__box--2\"\n                     >\n                                        \n                    \n                                                    <div class=\"prose\"><h5 class=\"heading-m line line-above line--gold\">Bless\u00e9 . Hannes Schwarz dans la collection de l'abbaye b\u00e9n\u00e9dictine d'Admont<\/h5>\n<p class=\"paragraph-m\">\u00a0<\/p>\n<p>L'exposition \u201eVerletzt\u201c offre un aper\u00e7u complet de l'\u0153uvre complexe de Hannes Schwarz, marqu\u00e9e par des questions existentielles et des changements stylistiques. Apr\u00e8s les premiers travaux abstraits des ann\u00e9es 1950 et les techniques d'impression exp\u00e9rimentales \u00e0 partir de 1959, l'accent est mis sur la figure humaine vuln\u00e9rable et d\u00e9form\u00e9e \u00e0 partir du milieu des ann\u00e9es 1960. \u00c0 partir de 1975 environ, la s\u00e9rie \u201eVerletzt\u201c marque un tournant vers des espaces picturaux r\u00e9duits, paysagers, dans lesquels l'exposition de l'homme est th\u00e9matis\u00e9e.<\/p>\n<p>\u00a0<\/p>\n<p><a class=\"admont-button admont-button--secondary\" href=\"https:\/\/stiftadmont.at\/fr\/projet-commemoratif-gegenwelten\/\">Projet de comm\u00e9moration Gegenwelten - Hannes Schwarz (1926-2014)<\/a><\/p>\n<p>\u00a0<\/p>\n<p><a class=\"admont-button admont-button--secondary\" href=\"https:\/\/stiftadmont.at\/wp-content\/uploads\/STA_Einladung-Vernissage-Verletzt_2026.pdf\" target=\"_blank\" rel=\"noopener\">D\u00e9pliant Hannes Schwarz<\/a><\/p>\n<p>\u00a0<\/p>\n<\/div>\n                        \n                                    <\/div>\n            \n            <\/div>\n<\/div>\n\n    <div class=\"background__container background__container--beige\">\n    <\/div>\n\n<\/section>\n\n<section id='lightpress__section--block_897b57923b0a3a88b9c99b9f73bd0512' class='lightpress__section--default-section-space lightpress__section lightpress__section--content'><div class=\"content__inner\"\n         x-init=\"initContentBlockAnim($el)\">\n        \n    <div class=\"content__grid content__grid--fifty-fifty\">\n                                            <div class=\"content__box content__box\"\n                 style=\"\">\n                                \n                \n                                            <div class=\"prose\"><h5 class=\"heading-m line line-above line--gold\">Josef Pillhofer. Entre abstraction et figuration<\/h5>\n<p class=\"paragraph-m\">\u00a0<\/p>\n<p>Josef Pillhofer compte parmi les sculpteurs autrichiens les plus importants de la deuxi\u00e8me moiti\u00e9 du 20e si\u00e8cle. Apr\u00e8s des \u00e9tudes \u00e0 Graz et \u00e0 Vienne et une p\u00e9riode marquante \u00e0 Paris, il a d\u00e9velopp\u00e9 un langage formel autonome entre abstraction et figuration. Son \u0153uvre, qui s'int\u00e9resse de pr\u00e8s \u00e0 l'espace, \u00e0 la structure et \u00e0 la figure humaine, est pr\u00e9sent\u00e9e \u00e0 Admont \u00e0 l'aide d'une s\u00e9lection d'\u0153uvres pr\u00eat\u00e9es par des particuliers.<\/p>\n<p>\u00a0<\/p>\n<p><a class=\"admont-button admont-button--secondary\" href=\"https:\/\/stiftadmont.at\/wp-content\/uploads\/STA_Einladung-Vernissage-Pillhofer_2026.pdf\" target=\"_blank\" rel=\"noopener\">D\u00e9pliant Josef Pillhofer<\/a><\/p>\n<\/div>\n                    \n                            <\/div>\n        \n                                                    <div class=\"content__box content__box--2\"\n                     >\n                                        \n                                            \n                                                    <a href=\"https:\/\/stiftadmont.at\/wp-content\/uploads\/Gegenwartskunst-.mp4\" class=\"content__video content__media\"\n                               x-data\n x-init=\"initContentLightBox('#lightpress__section--block_897b57923b0a3a88b9c99b9f73bd0512 .content__video')\">\n                                                                                                                                <picture class=\"content__image\">\n                                    <source srcset=\"https:\/\/stiftadmont.at\/wp-content\/uploads\/Pillhofer_liegender-Mann-1024x810.webp\" type=\"image\/webp\">\n                                    <source srcset=\"https:\/\/stiftadmont.at\/wp-content\/uploads\/Pillhofer_liegender-Mann-1024x810.jpg\" type=\"image\/jpeg\">\n                                    <img decoding=\"async\" class=\"content__image\" loading=\"lazy\" src=\"https:\/\/stiftadmont.at\/wp-content\/uploads\/Pillhofer_liegender-Mann-1024x810.png\" alt=\"Pillhofer homme couch\u00e9\" width=\"600\" height=\"450\" \/>\n                                <\/picture>\n\n                                <span class=\"overlay-dark\"><\/span>\n                                <span class=\"content-overlay\"><\/span>\n                                <div class=\"content__plaque\">\n                                    <div class=\"content__plaque-inner\">\n                                        <span><i class=\"fas fa-play content__icon\"><\/i><\/span>\n                                        <p class=\"paragraph-m\">Jouer<\/p>\n                                    <\/div>\n                                <\/div>\n                            <\/a>\n                        \n                                    <\/div>\n            \n            <\/div>\n<\/div>\n\n<\/section>","protected":false},"excerpt":{"rendered":"","protected":false},"author":7,"featured_media":39253,"parent":0,"menu_order":0,"comment_status":"closed","ping_status":"closed","template":"","meta":{"_acf_changed":false,"footnotes":""},"categories":[],"class_list":["post-39264","page","type-page","status-publish","has-post-thumbnail","hentry"],"acf":[],"yoast_head":"<!-- This site is optimized with the Yoast SEO Premium plugin v26.0 (Yoast SEO v26.8) - https:\/\/yoast.com\/product\/yoast-seo-premium-wordpress\/ -->\n<title>Aktuelle Kunst in alten Mauern - Stift Admont<\/title>\n<meta name=\"robots\" content=\"index, follow, max-snippet:-1, max-image-preview:large, max-video-preview:-1\" \/>\n<link rel=\"canonical\" href=\"https:\/\/stiftadmont.at\/fr\/lart-actuel-dans-les-vieux-murs-2026\/\" \/>\n<meta property=\"og:locale\" content=\"fr_FR\" \/>\n<meta property=\"og:type\" content=\"article\" \/>\n<meta property=\"og:title\" content=\"Aktuelle Kunst in alten Mauern\" \/>\n<meta property=\"og:url\" content=\"https:\/\/stiftadmont.at\/fr\/lart-actuel-dans-les-vieux-murs-2026\/\" \/>\n<meta property=\"og:site_name\" content=\"Stift Admont\" \/>\n<meta property=\"article:modified_time\" content=\"2026-03-17T10:53:20+00:00\" \/>\n<meta property=\"og:image\" content=\"https:\/\/stiftadmont.at\/wp-content\/uploads\/Schwarz_verletzt-1024x687.png\" \/>\n\t<meta property=\"og:image:width\" content=\"1024\" \/>\n\t<meta property=\"og:image:height\" content=\"687\" \/>\n\t<meta property=\"og:image:type\" content=\"image\/png\" \/>\n<meta name=\"twitter:card\" content=\"summary_large_image\" \/>\n<meta name=\"twitter:label1\" content=\"Dur\u00e9e de lecture estim\u00e9e\" \/>\n\t<meta name=\"twitter:data1\" content=\"1 minute\" \/>\n<script type=\"application\/ld+json\" class=\"yoast-schema-graph\">{\"@context\":\"https:\/\/schema.org\",\"@graph\":[{\"@type\":\"WebPage\",\"@id\":\"https:\/\/stiftadmont.at\/aktuelle-kunst-in-alten-mauern-2026\/\",\"url\":\"https:\/\/stiftadmont.at\/aktuelle-kunst-in-alten-mauern-2026\/\",\"name\":\"Aktuelle Kunst in alten Mauern - Stift Admont\",\"isPartOf\":{\"@id\":\"https:\/\/stiftadmont.at\/#website\"},\"primaryImageOfPage\":{\"@id\":\"https:\/\/stiftadmont.at\/aktuelle-kunst-in-alten-mauern-2026\/#primaryimage\"},\"image\":{\"@id\":\"https:\/\/stiftadmont.at\/aktuelle-kunst-in-alten-mauern-2026\/#primaryimage\"},\"thumbnailUrl\":\"https:\/\/stiftadmont.at\/wp-content\/uploads\/Schwarz_verletzt.png\",\"datePublished\":\"2026-02-02T11:17:04+00:00\",\"dateModified\":\"2026-03-17T10:53:20+00:00\",\"breadcrumb\":{\"@id\":\"https:\/\/stiftadmont.at\/aktuelle-kunst-in-alten-mauern-2026\/#breadcrumb\"},\"inLanguage\":\"fr-FR\",\"potentialAction\":[{\"@type\":\"ReadAction\",\"target\":[\"https:\/\/stiftadmont.at\/aktuelle-kunst-in-alten-mauern-2026\/\"]}]},{\"@type\":\"ImageObject\",\"inLanguage\":\"fr-FR\",\"@id\":\"https:\/\/stiftadmont.at\/aktuelle-kunst-in-alten-mauern-2026\/#primaryimage\",\"url\":\"https:\/\/stiftadmont.at\/wp-content\/uploads\/Schwarz_verletzt.png\",\"contentUrl\":\"https:\/\/stiftadmont.at\/wp-content\/uploads\/Schwarz_verletzt.png\",\"width\":1894,\"height\":1271,\"caption\":\"Schwarz verletzt\"},{\"@type\":\"BreadcrumbList\",\"@id\":\"https:\/\/stiftadmont.at\/aktuelle-kunst-in-alten-mauern-2026\/#breadcrumb\",\"itemListElement\":[{\"@type\":\"ListItem\",\"position\":1,\"name\":\"Start\",\"item\":\"https:\/\/stiftadmont.at\/\"},{\"@type\":\"ListItem\",\"position\":2,\"name\":\"Aktuelle Kunst in alten Mauern\"}]},{\"@type\":\"WebSite\",\"@id\":\"https:\/\/stiftadmont.at\/#website\",\"url\":\"https:\/\/stiftadmont.at\/\",\"name\":\"Stift Admont\",\"description\":\"Benediktinerkloster und Sehensw\u00fcrdigkeit im Ges\u00e4use\",\"potentialAction\":[{\"@type\":\"SearchAction\",\"target\":{\"@type\":\"EntryPoint\",\"urlTemplate\":\"https:\/\/stiftadmont.at\/?s={search_term_string}\"},\"query-input\":{\"@type\":\"PropertyValueSpecification\",\"valueRequired\":true,\"valueName\":\"search_term_string\"}}],\"inLanguage\":\"fr-FR\"}]}<\/script>\n<!-- \/ Yoast SEO Premium plugin. -->","yoast_head_json":{"title":"L'art contemporain dans les vieux murs - Stift Admont","robots":{"index":"index","follow":"follow","max-snippet":"max-snippet:-1","max-image-preview":"max-image-preview:large","max-video-preview":"max-video-preview:-1"},"canonical":"https:\/\/stiftadmont.at\/fr\/lart-actuel-dans-les-vieux-murs-2026\/","og_locale":"fr_FR","og_type":"article","og_title":"Aktuelle Kunst in alten Mauern","og_url":"https:\/\/stiftadmont.at\/fr\/lart-actuel-dans-les-vieux-murs-2026\/","og_site_name":"Stift Admont","article_modified_time":"2026-03-17T10:53:20+00:00","og_image":[{"width":1024,"height":687,"url":"https:\/\/stiftadmont.at\/wp-content\/uploads\/Schwarz_verletzt-1024x687.png","type":"image\/png"}],"twitter_card":"summary_large_image","twitter_misc":{"Dur\u00e9e de lecture estim\u00e9e":"1 minute"},"schema":{"@context":"https:\/\/schema.org","@graph":[{"@type":"WebPage","@id":"https:\/\/stiftadmont.at\/aktuelle-kunst-in-alten-mauern-2026\/","url":"https:\/\/stiftadmont.at\/aktuelle-kunst-in-alten-mauern-2026\/","name":"L'art contemporain dans les vieux murs - Stift Admont","isPartOf":{"@id":"https:\/\/stiftadmont.at\/#website"},"primaryImageOfPage":{"@id":"https:\/\/stiftadmont.at\/aktuelle-kunst-in-alten-mauern-2026\/#primaryimage"},"image":{"@id":"https:\/\/stiftadmont.at\/aktuelle-kunst-in-alten-mauern-2026\/#primaryimage"},"thumbnailUrl":"https:\/\/stiftadmont.at\/wp-content\/uploads\/Schwarz_verletzt.png","datePublished":"2026-02-02T11:17:04+00:00","dateModified":"2026-03-17T10:53:20+00:00","breadcrumb":{"@id":"https:\/\/stiftadmont.at\/aktuelle-kunst-in-alten-mauern-2026\/#breadcrumb"},"inLanguage":"fr-FR","potentialAction":[{"@type":"ReadAction","target":["https:\/\/stiftadmont.at\/aktuelle-kunst-in-alten-mauern-2026\/"]}]},{"@type":"ImageObject","inLanguage":"fr-FR","@id":"https:\/\/stiftadmont.at\/aktuelle-kunst-in-alten-mauern-2026\/#primaryimage","url":"https:\/\/stiftadmont.at\/wp-content\/uploads\/Schwarz_verletzt.png","contentUrl":"https:\/\/stiftadmont.at\/wp-content\/uploads\/Schwarz_verletzt.png","width":1894,"height":1271,"caption":"Schwarz verletzt"},{"@type":"BreadcrumbList","@id":"https:\/\/stiftadmont.at\/aktuelle-kunst-in-alten-mauern-2026\/#breadcrumb","itemListElement":[{"@type":"ListItem","position":1,"name":"Start","item":"https:\/\/stiftadmont.at\/"},{"@type":"ListItem","position":2,"name":"Aktuelle Kunst in alten Mauern"}]},{"@type":"WebSite","@id":"https:\/\/stiftadmont.at\/#website","url":"https:\/\/stiftadmont.at\/","name":"Abbaye d'Admont","description":"Monast\u00e8re b\u00e9n\u00e9dictin et attraction touristique dans le Ges\u00e4use","potentialAction":[{"@type":"SearchAction","target":{"@type":"EntryPoint","urlTemplate":"https:\/\/stiftadmont.at\/?s={search_term_string}"},"query-input":{"@type":"PropertyValueSpecification","valueRequired":true,"valueName":"search_term_string"}}],"inLanguage":"fr-FR"}]}},"_links":{"self":[{"href":"https:\/\/stiftadmont.at\/fr\/wp-json\/wp\/v2\/pages\/39264","targetHints":{"allow":["GET"]}}],"collection":[{"href":"https:\/\/stiftadmont.at\/fr\/wp-json\/wp\/v2\/pages"}],"about":[{"href":"https:\/\/stiftadmont.at\/fr\/wp-json\/wp\/v2\/types\/page"}],"author":[{"embeddable":true,"href":"https:\/\/stiftadmont.at\/fr\/wp-json\/wp\/v2\/users\/7"}],"replies":[{"embeddable":true,"href":"https:\/\/stiftadmont.at\/fr\/wp-json\/wp\/v2\/comments?post=39264"}],"version-history":[{"count":11,"href":"https:\/\/stiftadmont.at\/fr\/wp-json\/wp\/v2\/pages\/39264\/revisions"}],"predecessor-version":[{"id":40494,"href":"https:\/\/stiftadmont.at\/fr\/wp-json\/wp\/v2\/pages\/39264\/revisions\/40494"}],"wp:featuredmedia":[{"embeddable":true,"href":"https:\/\/stiftadmont.at\/fr\/wp-json\/wp\/v2\/media\/39253"}],"wp:attachment":[{"href":"https:\/\/stiftadmont.at\/fr\/wp-json\/wp\/v2\/media?parent=39264"}],"wp:term":[{"taxonomy":"category","embeddable":true,"href":"https:\/\/stiftadmont.at\/fr\/wp-json\/wp\/v2\/categories?post=39264"}],"curies":[{"name":"wp","href":"https:\/\/api.w.org\/{rel}","templated":true}]}}