{"id":39564,"date":"2026-02-11T13:50:45","date_gmt":"2026-02-11T11:50:45","guid":{"rendered":"https:\/\/stiftadmont.at\/?page_id=39564"},"modified":"2026-03-03T22:25:19","modified_gmt":"2026-03-03T20:25:19","slug":"architecture","status":"publish","type":"page","link":"https:\/\/stiftadmont.at\/fr\/pfarren\/pfarrgemeinschaft-frauenberg-ardning-hall\/vikariat-ardning\/seelsorgestelle\/architektur\/","title":{"rendered":"Architecture et d\u00e9coration de l'\u00e9glise Saint-Jean"},"content":{"rendered":"<section id='lightpress__section--block_28f80359fb7d54469ebc2114df297bff' class='align-center lightpress__section--default-section-space lightpress__section lightpress__section--headline'><div class=\"headline__container\">\n            <h2 class=\"headline text--40 text-medium line line--gold line-above line-middle\">Architecture et d\u00e9coration de l'\u00e9glise Saint-Jean<\/h2>\n        <p class=\"text-center text-gold text--20 text-medium text--uppercase\">Vous trouverez ici des informations sur l'architecture et l'am\u00e9nagement de l'\u00e9glise Saint-Jean d'Ardning.<\/p>\n        <div class=\"spacer--40\"><\/div>\n<\/div>\n\n<\/section>\n\n<section id='lightpress__section--block_2e507143a624687ff4476237072fca97' class='lightpress__section--default-section-space lightpress__section lightpress__section--content'><div class=\"content__inner\"\n         x-init=\"initContentBlockAnim($el)\">\n        \n    <div class=\"content__grid content__grid--fifty-fifty\">\n                                            <div class=\"content__box content__box\"\n                 style=\"\">\n                                \n                \n                                            <div class=\"prose\"><p>L'\u00e9glise filiale Saint-Jean-Baptiste d'Ardning est une \u00e9glise \u00e0 nef unique avec une vo\u00fbte d'ar\u00eate sur des piliers muraux. Au centre se trouve le tabernacle baroque, qui a \u00e9t\u00e9 transf\u00e9r\u00e9 ici en 1980 du ch\u00e2teau de Premst\u00e4tten. Au-dessus se trouve un tableau d'autel repr\u00e9sentant saint Beno\u00eet de Nursie et des sculptures d'anges baroques. Dans l'abside se trouvent en outre, sur des consoles, les statues de qualit\u00e9 de saint Jean-Baptiste (patron de l'\u00e9glise) et de saint Jean l'\u00c9vang\u00e9liste, datant de la fin du 17e si\u00e8cle ou du d\u00e9but du 18e si\u00e8cle. Elles proviennent de l'\u00e9glise paroissiale de Frauenberg et n'ont \u00e9t\u00e9 transf\u00e9r\u00e9es \u00e0 Ardning qu'en 2016.<\/p>\n<p>\u00a0<\/p>\n<p>Le chemin de croix est l'\u0153uvre de la b\u00e9n\u00e9dictine Basilia G\u00fcrth OSB. L'autel de c\u00e9l\u00e9bration n\u00e9obaroque et l'ambon (tous deux r\u00e9alis\u00e9s vers 1980) proviennent \u00e0 l'origine de l'\u00e9glise paroissiale de Bad Zell (Haute-Autriche) et ont \u00e9t\u00e9 offerts \u00e0 Ardning en 2019.<\/p>\n<\/div>\n                    \n                            <\/div>\n        \n                                                    <div class=\"content__box content__box--2\"\n                     >\n                                        \n                    \n                                                <div class=\"content__media stickyTo\" x-init=\"imageSticky($el)\">\n\n                                                                                    <picture\n                                    class=\"content__image sticky\">\n                                <source srcset=\"https:\/\/stiftadmont.at\/wp-content\/uploads\/Ardning-6-1024x583.webp\" type=\"image\/webp\">\n                                <source srcset=\"https:\/\/stiftadmont.at\/wp-content\/uploads\/Ardning-6-1024x583.jpg\" type=\"image\/jpeg\">\n                                <img decoding=\"async\" class=\"sticky\" loading=\"lazy\" src=\"https:\/\/stiftadmont.at\/wp-content\/uploads\/Ardning-6-1024x583.png\" alt=\"Ardning\" \/>\n\n                                                                                                                            <\/picture>\n\n                        <\/div>\n\n                                    <\/div>\n            \n            <\/div>\n<\/div>\n\n<\/section>","protected":false},"excerpt":{"rendered":"","protected":false},"author":7,"featured_media":0,"parent":39544,"menu_order":0,"comment_status":"closed","ping_status":"closed","template":"","meta":{"_acf_changed":false,"footnotes":""},"categories":[],"class_list":["post-39564","page","type-page","status-publish","hentry"],"acf":[],"yoast_head":"<!-- This site is optimized with the Yoast SEO Premium plugin v26.0 (Yoast SEO v26.8) - https:\/\/yoast.com\/product\/yoast-seo-premium-wordpress\/ -->\n<title>Architektur und Ausstattung der Johanneskirche - Stift Admont<\/title>\n<meta name=\"robots\" content=\"index, follow, max-snippet:-1, max-image-preview:large, max-video-preview:-1\" \/>\n<link rel=\"canonical\" href=\"https:\/\/stiftadmont.at\/fr\/paroisses\/communaute-paroissiale-frauenberg-ardning-hall\/vicariat-dardning\/aumonerie\/architecture\/\" \/>\n<meta property=\"og:locale\" content=\"fr_FR\" \/>\n<meta property=\"og:type\" content=\"article\" \/>\n<meta property=\"og:title\" content=\"Architektur und Ausstattung der Johanneskirche\" \/>\n<meta property=\"og:url\" content=\"https:\/\/stiftadmont.at\/fr\/paroisses\/communaute-paroissiale-frauenberg-ardning-hall\/vicariat-dardning\/aumonerie\/architecture\/\" \/>\n<meta property=\"og:site_name\" content=\"Stift Admont\" \/>\n<meta property=\"article:modified_time\" content=\"2026-03-03T20:25:19+00:00\" \/>\n<meta property=\"og:image\" content=\"https:\/\/stiftadmont.at\/wp-content\/uploads\/Klosteranlage-innen.jpg\" \/>\n\t<meta property=\"og:image:width\" content=\"1912\" \/>\n\t<meta property=\"og:image:height\" content=\"1188\" \/>\n\t<meta property=\"og:image:type\" content=\"image\/jpeg\" \/>\n<meta name=\"twitter:card\" content=\"summary_large_image\" \/>\n<script type=\"application\/ld+json\" class=\"yoast-schema-graph\">{\"@context\":\"https:\/\/schema.org\",\"@graph\":[{\"@type\":\"WebPage\",\"@id\":\"https:\/\/stiftadmont.at\/pfarren\/pfarrgemeinschaft-frauenberg-ardning-hall\/vikariat-ardning\/seelsorgestelle\/architektur\/\",\"url\":\"https:\/\/stiftadmont.at\/pfarren\/pfarrgemeinschaft-frauenberg-ardning-hall\/vikariat-ardning\/seelsorgestelle\/architektur\/\",\"name\":\"Architektur und Ausstattung der Johanneskirche - Stift Admont\",\"isPartOf\":{\"@id\":\"https:\/\/stiftadmont.at\/#website\"},\"datePublished\":\"2026-02-11T11:50:45+00:00\",\"dateModified\":\"2026-03-03T20:25:19+00:00\",\"breadcrumb\":{\"@id\":\"https:\/\/stiftadmont.at\/pfarren\/pfarrgemeinschaft-frauenberg-ardning-hall\/vikariat-ardning\/seelsorgestelle\/architektur\/#breadcrumb\"},\"inLanguage\":\"fr-FR\",\"potentialAction\":[{\"@type\":\"ReadAction\",\"target\":[\"https:\/\/stiftadmont.at\/pfarren\/pfarrgemeinschaft-frauenberg-ardning-hall\/vikariat-ardning\/seelsorgestelle\/architektur\/\"]}]},{\"@type\":\"BreadcrumbList\",\"@id\":\"https:\/\/stiftadmont.at\/pfarren\/pfarrgemeinschaft-frauenberg-ardning-hall\/vikariat-ardning\/seelsorgestelle\/architektur\/#breadcrumb\",\"itemListElement\":[{\"@type\":\"ListItem\",\"position\":1,\"name\":\"Start\",\"item\":\"https:\/\/stiftadmont.at\/\"},{\"@type\":\"ListItem\",\"position\":2,\"name\":\"Pfarren\",\"item\":\"https:\/\/stiftadmont.at\/pfarren\/\"},{\"@type\":\"ListItem\",\"position\":3,\"name\":\"Pfarrgemeinschaft Frauenberg-Ardning-Hall\",\"item\":\"https:\/\/stiftadmont.at\/pfarren\/pfarrgemeinschaft-frauenberg-ardning-hall\/\"},{\"@type\":\"ListItem\",\"position\":4,\"name\":\"Das Vikariat Ardning\",\"item\":\"https:\/\/stiftadmont.at\/pfarren\/pfarrgemeinschaft-frauenberg-ardning-hall\/vikariat-ardning\/\"},{\"@type\":\"ListItem\",\"position\":5,\"name\":\"Das Vikariat Ardning\",\"item\":\"https:\/\/stiftadmont.at\/pfarren\/pfarrgemeinschaft-frauenberg-ardning-hall\/vikariat-ardning\/seelsorgestelle\/\"},{\"@type\":\"ListItem\",\"position\":6,\"name\":\"Architektur und Ausstattung der Johanneskirche\"}]},{\"@type\":\"WebSite\",\"@id\":\"https:\/\/stiftadmont.at\/#website\",\"url\":\"https:\/\/stiftadmont.at\/\",\"name\":\"Stift Admont\",\"description\":\"Benediktinerkloster und Sehensw\u00fcrdigkeit im Ges\u00e4use\",\"potentialAction\":[{\"@type\":\"SearchAction\",\"target\":{\"@type\":\"EntryPoint\",\"urlTemplate\":\"https:\/\/stiftadmont.at\/?s={search_term_string}\"},\"query-input\":{\"@type\":\"PropertyValueSpecification\",\"valueRequired\":true,\"valueName\":\"search_term_string\"}}],\"inLanguage\":\"fr-FR\"}]}<\/script>\n<!-- \/ Yoast SEO Premium plugin. -->","yoast_head_json":{"title":"Architecture et d\u00e9coration de l'\u00e9glise Saint-Jean - Abbaye d'Admont","robots":{"index":"index","follow":"follow","max-snippet":"max-snippet:-1","max-image-preview":"max-image-preview:large","max-video-preview":"max-video-preview:-1"},"canonical":"https:\/\/stiftadmont.at\/fr\/paroisses\/communaute-paroissiale-frauenberg-ardning-hall\/vicariat-dardning\/aumonerie\/architecture\/","og_locale":"fr_FR","og_type":"article","og_title":"Architektur und Ausstattung der Johanneskirche","og_url":"https:\/\/stiftadmont.at\/fr\/paroisses\/communaute-paroissiale-frauenberg-ardning-hall\/vicariat-dardning\/aumonerie\/architecture\/","og_site_name":"Stift Admont","article_modified_time":"2026-03-03T20:25:19+00:00","og_image":[{"width":1912,"height":1188,"url":"https:\/\/stiftadmont.at\/wp-content\/uploads\/Klosteranlage-innen.jpg","type":"image\/jpeg"}],"twitter_card":"summary_large_image","schema":{"@context":"https:\/\/schema.org","@graph":[{"@type":"WebPage","@id":"https:\/\/stiftadmont.at\/pfarren\/pfarrgemeinschaft-frauenberg-ardning-hall\/vikariat-ardning\/seelsorgestelle\/architektur\/","url":"https:\/\/stiftadmont.at\/pfarren\/pfarrgemeinschaft-frauenberg-ardning-hall\/vikariat-ardning\/seelsorgestelle\/architektur\/","name":"Architecture et d\u00e9coration de l'\u00e9glise Saint-Jean - Abbaye d'Admont","isPartOf":{"@id":"https:\/\/stiftadmont.at\/#website"},"datePublished":"2026-02-11T11:50:45+00:00","dateModified":"2026-03-03T20:25:19+00:00","breadcrumb":{"@id":"https:\/\/stiftadmont.at\/pfarren\/pfarrgemeinschaft-frauenberg-ardning-hall\/vikariat-ardning\/seelsorgestelle\/architektur\/#breadcrumb"},"inLanguage":"fr-FR","potentialAction":[{"@type":"ReadAction","target":["https:\/\/stiftadmont.at\/pfarren\/pfarrgemeinschaft-frauenberg-ardning-hall\/vikariat-ardning\/seelsorgestelle\/architektur\/"]}]},{"@type":"BreadcrumbList","@id":"https:\/\/stiftadmont.at\/pfarren\/pfarrgemeinschaft-frauenberg-ardning-hall\/vikariat-ardning\/seelsorgestelle\/architektur\/#breadcrumb","itemListElement":[{"@type":"ListItem","position":1,"name":"Start","item":"https:\/\/stiftadmont.at\/"},{"@type":"ListItem","position":2,"name":"Pfarren","item":"https:\/\/stiftadmont.at\/pfarren\/"},{"@type":"ListItem","position":3,"name":"Pfarrgemeinschaft Frauenberg-Ardning-Hall","item":"https:\/\/stiftadmont.at\/pfarren\/pfarrgemeinschaft-frauenberg-ardning-hall\/"},{"@type":"ListItem","position":4,"name":"Das Vikariat Ardning","item":"https:\/\/stiftadmont.at\/pfarren\/pfarrgemeinschaft-frauenberg-ardning-hall\/vikariat-ardning\/"},{"@type":"ListItem","position":5,"name":"Das Vikariat Ardning","item":"https:\/\/stiftadmont.at\/pfarren\/pfarrgemeinschaft-frauenberg-ardning-hall\/vikariat-ardning\/seelsorgestelle\/"},{"@type":"ListItem","position":6,"name":"Architektur und Ausstattung der Johanneskirche"}]},{"@type":"WebSite","@id":"https:\/\/stiftadmont.at\/#website","url":"https:\/\/stiftadmont.at\/","name":"Abbaye d'Admont","description":"Monast\u00e8re b\u00e9n\u00e9dictin et attraction touristique dans le Ges\u00e4use","potentialAction":[{"@type":"SearchAction","target":{"@type":"EntryPoint","urlTemplate":"https:\/\/stiftadmont.at\/?s={search_term_string}"},"query-input":{"@type":"PropertyValueSpecification","valueRequired":true,"valueName":"search_term_string"}}],"inLanguage":"fr-FR"}]}},"_links":{"self":[{"href":"https:\/\/stiftadmont.at\/fr\/wp-json\/wp\/v2\/pages\/39564","targetHints":{"allow":["GET"]}}],"collection":[{"href":"https:\/\/stiftadmont.at\/fr\/wp-json\/wp\/v2\/pages"}],"about":[{"href":"https:\/\/stiftadmont.at\/fr\/wp-json\/wp\/v2\/types\/page"}],"author":[{"embeddable":true,"href":"https:\/\/stiftadmont.at\/fr\/wp-json\/wp\/v2\/users\/7"}],"replies":[{"embeddable":true,"href":"https:\/\/stiftadmont.at\/fr\/wp-json\/wp\/v2\/comments?post=39564"}],"version-history":[{"count":6,"href":"https:\/\/stiftadmont.at\/fr\/wp-json\/wp\/v2\/pages\/39564\/revisions"}],"predecessor-version":[{"id":39904,"href":"https:\/\/stiftadmont.at\/fr\/wp-json\/wp\/v2\/pages\/39564\/revisions\/39904"}],"up":[{"embeddable":true,"href":"https:\/\/stiftadmont.at\/fr\/wp-json\/wp\/v2\/pages\/39544"}],"wp:attachment":[{"href":"https:\/\/stiftadmont.at\/fr\/wp-json\/wp\/v2\/media?parent=39564"}],"wp:term":[{"taxonomy":"category","embeddable":true,"href":"https:\/\/stiftadmont.at\/fr\/wp-json\/wp\/v2\/categories?post=39564"}],"curies":[{"name":"wp","href":"https:\/\/api.w.org\/{rel}","templated":true}]}}