{"id":39926,"date":"2026-03-03T23:49:46","date_gmt":"2026-03-03T21:49:46","guid":{"rendered":"https:\/\/stiftadmont.at\/?page_id=39926"},"modified":"2026-03-04T09:09:03","modified_gmt":"2026-03-04T07:09:03","slug":"pre-de-lurne","status":"publish","type":"page","link":"https:\/\/stiftadmont.at\/fr\/pfarren\/pfarrgemeinschaft-frauenberg-ardning-hall\/vikariat-ardning\/urnenwiese\/","title":{"rendered":"Nouvelle possibilit\u00e9 d'inhumation - Pr\u00e9 des urnes \u00e0 Ardning"},"content":{"rendered":"<section id='lightpress__section--block_a30173d5f8c92f1333aa53282943d727' class='lightpress__section--default-section-space lightpress__section lightpress__section--content'><div class=\"content__inner\"\n         x-init=\"initContentBlockAnim($el)\">\n        \n    <div class=\"content__grid content__grid--fifty-fifty\">\n                                            <div class=\"content__box content__box\"\n                 style=\"\">\n                                \n                \n                                            <div class=\"prose\"><h5 class=\"heading-m line line-above line--gold\">Nouvelle possibilit\u00e9 d'inhumation - Pr\u00e9 des urnes \u00e0 Ardning<\/h5>\n<p>\u00a0<\/p>\n<p>\u00a0Le cimeti\u00e8re fait partie des biens culturels les plus importants de chaque localit\u00e9 et de chaque peuple. C'est un lieu public de comm\u00e9moration des d\u00e9funts. La phrase suivante reste valable : \u201eSi tu veux savoir quelles personnes vivent dans un endroit, va y voir le cimeti\u00e8re\u201c.\u201c<\/p>\n<p>\u00a0<\/p>\n<p>Il est \u00e9galement important pour nous, du point de vue de la foi, qu'il y ait un lieu commun et accessible \u00e0 tous pour se souvenir de nos chers disparus. Leurs noms, \u00e9crits dans la main de Dieu, ne doivent pas \u00eatre oubli\u00e9s. C'est pourquoi nous accordons une grande importance \u00e0 la comm\u00e9moration des morts, \u00e0 l'entretien du cimeti\u00e8re et des tombes.<\/p>\n<p>\u00a0<\/p>\n<p>En m\u00eame temps, nous savons que, pour de nombreuses personnes, faire ses adieux aux d\u00e9funts et entretenir leurs tombes est aujourd'hui une t\u00e2che difficile.<\/p>\n<p>\u00a0<\/p>\n<p>Outre les cimeti\u00e8res d'Ardning et de Frauenberg, la prairie d'urnes d'Ardning doit \u00eatre consid\u00e9r\u00e9e comme une possibilit\u00e9 digne pour le \u201edernier repos\u201c de nos d\u00e9funts. La prairie d'urnes est un espace d\u00e9limit\u00e9 par une cl\u00f4ture dans le cimeti\u00e8re d'Ardning.\u00a0<\/p>\n<\/div>\n                    \n                            <\/div>\n        \n                                                    <div class=\"content__box content__box--2\"\n                     >\n                                        \n                    \n                                                    <div class=\"prose\"><p>L'inhumation des urnes en terre se fait de mani\u00e8re anonyme, ce qui signifie qu'aucune pierre tombale, aucune croix ne sera plac\u00e9e \u00e0 cet endroit. Il n'est pas non plus possible de marcher sur la pelouse, d'y d\u00e9poser des fleurs ou d'y allumer des bougies. Le long de la cl\u00f4ture ext\u00e9rieure se trouve toutefois un bel \u201eendroit comm\u00e9moratif\u201c. Les noms des personnes enterr\u00e9es dans la prairie y sont inscrits, et il est \u00e9galement possible d'allumer des bougies et de d\u00e9poser des fleurs.<\/p>\n<p>\u00a0<\/p>\n<p>La n\u00e9cessit\u00e9 d'entretenir la tombe dispara\u00eet totalement pour les proches - elle est prise en charge par l'administration du cimeti\u00e8re.\u00a0<\/p>\n<p>\u00a0<\/p>\n<p>Il y a <strong>une taxe unique de 500,- \u20ac. <\/strong>pour l'inhumation dans une urne putrescible. Apr\u00e8s 10 ans, l'administration du cimeti\u00e8re vous demandera si vous souhaitez une \u201eprolongation\u201c, c'est-\u00e0-dire si la plaque nominative doit \u00eatre retir\u00e9e ou non.<\/p>\n<p>\u00a0<\/p>\n<p>Plus d'informations :<\/p>\n<p><strong> Administration du cimeti\u00e8re d'Ardning<\/strong> (\u00e0 la chancellerie de la paroisse de Frauenberg) : Patrizia Freydecker.<\/p>\n<p>Mar - Jeu 08:30 - 11:30 heures,<\/p>\n<p>Ve 08:30 - 10:00 heures<\/p>\n<p>\u00a0<\/p>\n<p><a class=\"phone\" href=\"tel:+0043 3612\/7333\"><span class=\"icon-outer\"><i class=\"fa-light fa-phone\"><\/i><\/span>+43 3612\/7333<\/a>.<\/p>\n<p><a class=\"email\" href=\"mailto:pfarre.frauenberg@stiftadmont.at\"><span class=\"icon-outer\"><i class=\"fa-light fa-envelope\"><\/i><\/span>pfarre.frauenberg@stiftadmont.at<\/a><\/p>\n<p>\u00a0<\/p>\n<\/div>\n                        \n                                    <\/div>\n            \n            <\/div>\n<\/div>\n\n<\/section>","protected":false},"excerpt":{"rendered":"","protected":false},"author":7,"featured_media":39927,"parent":39535,"menu_order":0,"comment_status":"closed","ping_status":"closed","template":"","meta":{"_acf_changed":false,"footnotes":""},"categories":[],"class_list":["post-39926","page","type-page","status-publish","has-post-thumbnail","hentry"],"acf":[],"yoast_head":"<!-- This site is optimized with the Yoast SEO Premium plugin v26.0 (Yoast SEO v26.8) - https:\/\/yoast.com\/product\/yoast-seo-premium-wordpress\/ -->\n<title>Neue Bestattungsm\u00f6glichkeit \u2013 Urnenwiese in Ardning - Stift Admont<\/title>\n<meta name=\"robots\" content=\"index, follow, max-snippet:-1, max-image-preview:large, max-video-preview:-1\" \/>\n<link rel=\"canonical\" href=\"https:\/\/stiftadmont.at\/fr\/paroisses\/communaute-paroissiale-frauenberg-ardning-hall\/vicariat-dardning\/pre-de-lurne\/\" \/>\n<meta property=\"og:locale\" content=\"fr_FR\" \/>\n<meta property=\"og:type\" content=\"article\" \/>\n<meta property=\"og:title\" content=\"Neue Bestattungsm\u00f6glichkeit \u2013 Urnenwiese in Ardning\" \/>\n<meta property=\"og:url\" content=\"https:\/\/stiftadmont.at\/fr\/paroisses\/communaute-paroissiale-frauenberg-ardning-hall\/vicariat-dardning\/pre-de-lurne\/\" \/>\n<meta property=\"og:site_name\" content=\"Stift Admont\" \/>\n<meta property=\"article:modified_time\" content=\"2026-03-04T07:09:03+00:00\" \/>\n<meta property=\"og:image\" content=\"https:\/\/stiftadmont.at\/wp-content\/uploads\/urnenwiese-ardning-769x1024.png\" \/>\n\t<meta property=\"og:image:width\" content=\"769\" \/>\n\t<meta property=\"og:image:height\" content=\"1024\" \/>\n\t<meta property=\"og:image:type\" content=\"image\/png\" \/>\n<meta name=\"twitter:card\" content=\"summary_large_image\" \/>\n<meta name=\"twitter:label1\" content=\"Dur\u00e9e de lecture estim\u00e9e\" \/>\n\t<meta name=\"twitter:data1\" content=\"1 minute\" \/>\n<script type=\"application\/ld+json\" class=\"yoast-schema-graph\">{\"@context\":\"https:\/\/schema.org\",\"@graph\":[{\"@type\":\"WebPage\",\"@id\":\"https:\/\/stiftadmont.at\/pfarren\/pfarrgemeinschaft-frauenberg-ardning-hall\/vikariat-ardning\/urnenwiese\/\",\"url\":\"https:\/\/stiftadmont.at\/pfarren\/pfarrgemeinschaft-frauenberg-ardning-hall\/vikariat-ardning\/urnenwiese\/\",\"name\":\"Neue Bestattungsm\u00f6glichkeit \u2013 Urnenwiese in Ardning - Stift Admont\",\"isPartOf\":{\"@id\":\"https:\/\/stiftadmont.at\/#website\"},\"primaryImageOfPage\":{\"@id\":\"https:\/\/stiftadmont.at\/pfarren\/pfarrgemeinschaft-frauenberg-ardning-hall\/vikariat-ardning\/urnenwiese\/#primaryimage\"},\"image\":{\"@id\":\"https:\/\/stiftadmont.at\/pfarren\/pfarrgemeinschaft-frauenberg-ardning-hall\/vikariat-ardning\/urnenwiese\/#primaryimage\"},\"thumbnailUrl\":\"https:\/\/stiftadmont.at\/wp-content\/uploads\/urnenwiese-ardning.png\",\"datePublished\":\"2026-03-03T21:49:46+00:00\",\"dateModified\":\"2026-03-04T07:09:03+00:00\",\"breadcrumb\":{\"@id\":\"https:\/\/stiftadmont.at\/pfarren\/pfarrgemeinschaft-frauenberg-ardning-hall\/vikariat-ardning\/urnenwiese\/#breadcrumb\"},\"inLanguage\":\"fr-FR\",\"potentialAction\":[{\"@type\":\"ReadAction\",\"target\":[\"https:\/\/stiftadmont.at\/pfarren\/pfarrgemeinschaft-frauenberg-ardning-hall\/vikariat-ardning\/urnenwiese\/\"]}]},{\"@type\":\"ImageObject\",\"inLanguage\":\"fr-FR\",\"@id\":\"https:\/\/stiftadmont.at\/pfarren\/pfarrgemeinschaft-frauenberg-ardning-hall\/vikariat-ardning\/urnenwiese\/#primaryimage\",\"url\":\"https:\/\/stiftadmont.at\/wp-content\/uploads\/urnenwiese-ardning.png\",\"contentUrl\":\"https:\/\/stiftadmont.at\/wp-content\/uploads\/urnenwiese-ardning.png\",\"width\":1390,\"height\":1851,\"caption\":\"urnenwiese ardning\"},{\"@type\":\"BreadcrumbList\",\"@id\":\"https:\/\/stiftadmont.at\/pfarren\/pfarrgemeinschaft-frauenberg-ardning-hall\/vikariat-ardning\/urnenwiese\/#breadcrumb\",\"itemListElement\":[{\"@type\":\"ListItem\",\"position\":1,\"name\":\"Start\",\"item\":\"https:\/\/stiftadmont.at\/\"},{\"@type\":\"ListItem\",\"position\":2,\"name\":\"Pfarren\",\"item\":\"https:\/\/stiftadmont.at\/pfarren\/\"},{\"@type\":\"ListItem\",\"position\":3,\"name\":\"Pfarrgemeinschaft Frauenberg-Ardning-Hall\",\"item\":\"https:\/\/stiftadmont.at\/pfarren\/pfarrgemeinschaft-frauenberg-ardning-hall\/\"},{\"@type\":\"ListItem\",\"position\":4,\"name\":\"Das Vikariat Ardning\",\"item\":\"https:\/\/stiftadmont.at\/pfarren\/pfarrgemeinschaft-frauenberg-ardning-hall\/vikariat-ardning\/\"},{\"@type\":\"ListItem\",\"position\":5,\"name\":\"Neue Bestattungsm\u00f6glichkeit \u2013 Urnenwiese in Ardning\"}]},{\"@type\":\"WebSite\",\"@id\":\"https:\/\/stiftadmont.at\/#website\",\"url\":\"https:\/\/stiftadmont.at\/\",\"name\":\"Stift Admont\",\"description\":\"Benediktinerkloster und Sehensw\u00fcrdigkeit im Ges\u00e4use\",\"potentialAction\":[{\"@type\":\"SearchAction\",\"target\":{\"@type\":\"EntryPoint\",\"urlTemplate\":\"https:\/\/stiftadmont.at\/?s={search_term_string}\"},\"query-input\":{\"@type\":\"PropertyValueSpecification\",\"valueRequired\":true,\"valueName\":\"search_term_string\"}}],\"inLanguage\":\"fr-FR\"}]}<\/script>\n<!-- \/ Yoast SEO Premium plugin. -->","yoast_head_json":{"title":"Nouvelle possibilit\u00e9 d'inhumation - Pr\u00e9 des urnes \u00e0 Ardning - Stift Admont","robots":{"index":"index","follow":"follow","max-snippet":"max-snippet:-1","max-image-preview":"max-image-preview:large","max-video-preview":"max-video-preview:-1"},"canonical":"https:\/\/stiftadmont.at\/fr\/paroisses\/communaute-paroissiale-frauenberg-ardning-hall\/vicariat-dardning\/pre-de-lurne\/","og_locale":"fr_FR","og_type":"article","og_title":"Neue Bestattungsm\u00f6glichkeit \u2013 Urnenwiese in Ardning","og_url":"https:\/\/stiftadmont.at\/fr\/paroisses\/communaute-paroissiale-frauenberg-ardning-hall\/vicariat-dardning\/pre-de-lurne\/","og_site_name":"Stift Admont","article_modified_time":"2026-03-04T07:09:03+00:00","og_image":[{"width":769,"height":1024,"url":"https:\/\/stiftadmont.at\/wp-content\/uploads\/urnenwiese-ardning-769x1024.png","type":"image\/png"}],"twitter_card":"summary_large_image","twitter_misc":{"Dur\u00e9e de lecture estim\u00e9e":"1 minute"},"schema":{"@context":"https:\/\/schema.org","@graph":[{"@type":"WebPage","@id":"https:\/\/stiftadmont.at\/pfarren\/pfarrgemeinschaft-frauenberg-ardning-hall\/vikariat-ardning\/urnenwiese\/","url":"https:\/\/stiftadmont.at\/pfarren\/pfarrgemeinschaft-frauenberg-ardning-hall\/vikariat-ardning\/urnenwiese\/","name":"Nouvelle possibilit\u00e9 d'inhumation - Pr\u00e9 des urnes \u00e0 Ardning - Stift Admont","isPartOf":{"@id":"https:\/\/stiftadmont.at\/#website"},"primaryImageOfPage":{"@id":"https:\/\/stiftadmont.at\/pfarren\/pfarrgemeinschaft-frauenberg-ardning-hall\/vikariat-ardning\/urnenwiese\/#primaryimage"},"image":{"@id":"https:\/\/stiftadmont.at\/pfarren\/pfarrgemeinschaft-frauenberg-ardning-hall\/vikariat-ardning\/urnenwiese\/#primaryimage"},"thumbnailUrl":"https:\/\/stiftadmont.at\/wp-content\/uploads\/urnenwiese-ardning.png","datePublished":"2026-03-03T21:49:46+00:00","dateModified":"2026-03-04T07:09:03+00:00","breadcrumb":{"@id":"https:\/\/stiftadmont.at\/pfarren\/pfarrgemeinschaft-frauenberg-ardning-hall\/vikariat-ardning\/urnenwiese\/#breadcrumb"},"inLanguage":"fr-FR","potentialAction":[{"@type":"ReadAction","target":["https:\/\/stiftadmont.at\/pfarren\/pfarrgemeinschaft-frauenberg-ardning-hall\/vikariat-ardning\/urnenwiese\/"]}]},{"@type":"ImageObject","inLanguage":"fr-FR","@id":"https:\/\/stiftadmont.at\/pfarren\/pfarrgemeinschaft-frauenberg-ardning-hall\/vikariat-ardning\/urnenwiese\/#primaryimage","url":"https:\/\/stiftadmont.at\/wp-content\/uploads\/urnenwiese-ardning.png","contentUrl":"https:\/\/stiftadmont.at\/wp-content\/uploads\/urnenwiese-ardning.png","width":1390,"height":1851,"caption":"urnenwiese ardning"},{"@type":"BreadcrumbList","@id":"https:\/\/stiftadmont.at\/pfarren\/pfarrgemeinschaft-frauenberg-ardning-hall\/vikariat-ardning\/urnenwiese\/#breadcrumb","itemListElement":[{"@type":"ListItem","position":1,"name":"Start","item":"https:\/\/stiftadmont.at\/"},{"@type":"ListItem","position":2,"name":"Pfarren","item":"https:\/\/stiftadmont.at\/pfarren\/"},{"@type":"ListItem","position":3,"name":"Pfarrgemeinschaft Frauenberg-Ardning-Hall","item":"https:\/\/stiftadmont.at\/pfarren\/pfarrgemeinschaft-frauenberg-ardning-hall\/"},{"@type":"ListItem","position":4,"name":"Das Vikariat Ardning","item":"https:\/\/stiftadmont.at\/pfarren\/pfarrgemeinschaft-frauenberg-ardning-hall\/vikariat-ardning\/"},{"@type":"ListItem","position":5,"name":"Neue Bestattungsm\u00f6glichkeit \u2013 Urnenwiese in Ardning"}]},{"@type":"WebSite","@id":"https:\/\/stiftadmont.at\/#website","url":"https:\/\/stiftadmont.at\/","name":"Abbaye d'Admont","description":"Monast\u00e8re b\u00e9n\u00e9dictin et attraction touristique dans le Ges\u00e4use","potentialAction":[{"@type":"SearchAction","target":{"@type":"EntryPoint","urlTemplate":"https:\/\/stiftadmont.at\/?s={search_term_string}"},"query-input":{"@type":"PropertyValueSpecification","valueRequired":true,"valueName":"search_term_string"}}],"inLanguage":"fr-FR"}]}},"_links":{"self":[{"href":"https:\/\/stiftadmont.at\/fr\/wp-json\/wp\/v2\/pages\/39926","targetHints":{"allow":["GET"]}}],"collection":[{"href":"https:\/\/stiftadmont.at\/fr\/wp-json\/wp\/v2\/pages"}],"about":[{"href":"https:\/\/stiftadmont.at\/fr\/wp-json\/wp\/v2\/types\/page"}],"author":[{"embeddable":true,"href":"https:\/\/stiftadmont.at\/fr\/wp-json\/wp\/v2\/users\/7"}],"replies":[{"embeddable":true,"href":"https:\/\/stiftadmont.at\/fr\/wp-json\/wp\/v2\/comments?post=39926"}],"version-history":[{"count":5,"href":"https:\/\/stiftadmont.at\/fr\/wp-json\/wp\/v2\/pages\/39926\/revisions"}],"predecessor-version":[{"id":39936,"href":"https:\/\/stiftadmont.at\/fr\/wp-json\/wp\/v2\/pages\/39926\/revisions\/39936"}],"up":[{"embeddable":true,"href":"https:\/\/stiftadmont.at\/fr\/wp-json\/wp\/v2\/pages\/39535"}],"wp:featuredmedia":[{"embeddable":true,"href":"https:\/\/stiftadmont.at\/fr\/wp-json\/wp\/v2\/media\/39927"}],"wp:attachment":[{"href":"https:\/\/stiftadmont.at\/fr\/wp-json\/wp\/v2\/media?parent=39926"}],"wp:term":[{"taxonomy":"category","embeddable":true,"href":"https:\/\/stiftadmont.at\/fr\/wp-json\/wp\/v2\/categories?post=39926"}],"curies":[{"name":"wp","href":"https:\/\/api.w.org\/{rel}","templated":true}]}}