{"id":41093,"date":"2026-05-04T14:12:47","date_gmt":"2026-05-04T12:12:47","guid":{"rendered":"https:\/\/stiftadmont.at\/?page_id=41093"},"modified":"2026-05-04T14:17:13","modified_gmt":"2026-05-04T12:17:13","slug":"marche-des-specialites-4","status":"publish","type":"page","link":"https:\/\/stiftadmont.at\/fr\/spezialitaetenmarkt\/","title":{"rendered":"March\u00e9 de sp\u00e9cialit\u00e9s \u00e0 l'abbaye d'Admont"},"content":{"rendered":"<section id='lightpress__section--block_102741bea0be3a49c524398d15a816dc' class='align-center lightpress__section--default-section-space lightpress__section lightpress__section--headline'><div class=\"headline__container\">\n            <h2 class=\"headline text--40 text-medium line line--gold line-above line-middle\">Spezialit\u00e4tenmarkt im Stift Admont &#8211; Regionale Vielfalt an einem Ort <\/h2>\n        <p class=\"text-center text-gold text--20 text-medium text--uppercase\">Ein Markt mit stiftischen und regionalen Produkten<\/p>\n        <div class=\"spacer--40\"><\/div>\n<\/div>\n\n<\/section>\n\n<section id='lightpress__section--block_b225aac48912a57eac238ef1ba76acad' class='lightpress__section--default-section-space lightpress__section lightpress__section--content'><div class=\"content__inner\"\n         x-init=\"initContentBlockAnim($el)\">\n        \n    <div class=\"content__grid content__grid--fifty-fifty\">\n                                            <div class=\"content__box content__box\"\n                 style=\"\">\n                                \n                \n                                            <div class=\"prose\"><h5 class=\"heading-m line line-above line--gold\">Regionalit\u00e4t erleben \u2013 Qualit\u00e4t genie\u00dfen<\/h5>\n<p>\u00a0<\/p>\n<p>Nach dem erfolgreichen Auftakt im Vorjahr geht der Ges\u00e4use-Spezialit\u00e4tenmarkt 2026 in die zweite Runde. Als Nachfolger der traditionsreichen Klostermarkttage wurde das neue Format vom Stift Admont in Kooperation mit dem Stiftskeller ins Leben gerufen \u2013 mit einem klaren Fokus: Das Angebot stammt ausschlie\u00dflich aus der Region Ges\u00e4use.<\/p>\n<p>\u00a0<\/p>\n<p>Seit dem 2. Mai 2026 hei\u00dft es nun wieder jeden ersten Samstag im Monat: Regionalit\u00e4t erleben \u2013 Qualit\u00e4t genie\u00dfen! Der Markt bringt die kulinarischen Sch\u00e4tze der Region direkt auf den Marktplatz und macht sie f\u00fcr Besucher:innen geb\u00fcndelt erlebbar.<\/p>\n<\/div>\n                    \n                            <\/div>\n        \n                                                    <div class=\"content__box content__box--2\"\n                     >\n                                        \n                                            \n                                                    <a href=\"https:\/\/www.youtube.com\/shorts\/GLreDyIDUBs\" class=\"content__video content__media\"\n                               x-data\n                               x-init=\"initContentLightBox('#lightpress__section--block_b225aac48912a57eac238ef1ba76acad .content__video')\">\n                                                                \n                                <picture class=\"content__image\">\n                                    <source srcset=\"https:\/\/stiftadmont.at\/wp-content\/uploads\/Spezialitaetenmarkt-2-1024x677.webp\" type=\"image\/webp\">\n                                    <source srcset=\"https:\/\/stiftadmont.at\/wp-content\/uploads\/Spezialitaetenmarkt-2-1024x677.jpg\" type=\"image\/jpeg\">\n                                    <img decoding=\"async\" class=\"content__image\" loading=\"lazy\" src=\"https:\/\/stiftadmont.at\/wp-content\/uploads\/Spezialitaetenmarkt-2-1024x677.png\" alt=\"Spezialit\u00e4tenmarkt\" width=\"600\" height=\"450\" \/>\n                                <\/picture>\n\n                                <span class=\"overlay-dark\"><\/span>\n                                <span class=\"content-overlay\"><\/span>\n                                <div class=\"content__plaque\">\n                                    <div class=\"content__plaque-inner\">\n                                        <span><i class=\"fas fa-play content__icon\"><\/i><\/span>\n                                        <p class=\"paragraph-m\">Play<\/p>\n                                    <\/div>\n                                <\/div>\n                            <\/a>\n                        \n                                    <\/div>\n            \n            <\/div>\n<\/div>\n\n<\/section>\n\n<section id='lightpress__section--block_a67281f15b4a61e6bd87ba53e6d36de0' class='bg--beige lightpress__section--colored-bg lightpress__section--default-section-space lightpress__section lightpress__section--content'><div class=\"content__inner\"\n         x-init=\"initContentBlockAnim($el)\">\n        \n    <div class=\"content__grid content__grid--fifty-fifty\">\n                                            <div class=\"content__box content__box\"\n                 style=\"\">\n                                \n                \n                                        <div class=\"content__media stickyTo\" x-init=\"imageSticky($el)\">\n\n                                                                                                <picture\n                                class=\"content__image sticky\">\n                            <source srcset=\"https:\/\/stiftadmont.at\/wp-content\/uploads\/Spezialitaetenmarkt-3-1024x678.png\"\n                                    type=\"image\/webp\">\n                            <source srcset=\"https:\/\/stiftadmont.at\/wp-content\/uploads\/Spezialitaetenmarkt-3-1024x678.png\"\n                                    type=\"image\/jpeg\">\n                            <img decoding=\"async\" loading=\"lazy\" src=\"https:\/\/stiftadmont.at\/wp-content\/uploads\/Spezialitaetenmarkt-3-1024x678.png\" alt=\"Spezialit\u00e4tenmarkt\" width=\"600\" height=\"450\" \/>\n                                                                                                            <\/picture>\n\n                    <\/div>\n\n                            <\/div>\n        \n                                                    <div class=\"content__box content__box--2\"\n                     >\n                                        \n                    \n                                                    <div class=\"prose\"><h5 class=\"heading-m line line-above line--gold\">Regionale Vielfalt an einem Ort<\/h5>\n<p>\u00a0<\/p>\n<p>Von preisgekr\u00f6nten Apfelweinen \u00fcber Xeis Edelwild bis hin zu Bierbrot und Marzizoni: Neben der beeindruckenden Natur des Nationalparks Ges\u00e4use und dem kulturellen Erbe des Benediktinerstiftes Admont \u00fcberzeugt die Region auch kulinarisch. Der Ges\u00e4use-Spezialit\u00e4tenmarkt schafft dabei einen besonderen Mehrwert: <em>\u201eWer regional einkaufen m\u00f6chte, muss daf\u00fcr nicht mehr von einem Produzenten zum n\u00e4chsten fahren \u2013 am Markt findet man die gesamte Vielfalt der Region an einem Ort\u201c,<\/em> erkl\u00e4rt Mario Brandm\u00fcller, Leiter der Bereiche Kultur, Tourismus und PR im Stift Admont.<\/p>\n<p>\u00a0<\/p>\n<p>\u00a0<\/p>\n<h5 class=\"heading-m line line-above line--gold\">St\u00e4rkung heimischer Produzenten<\/h5>\n<p>\u00a0<\/p>\n<p>Mit dem neuen Format wird bewusst ein nachhaltiger Weg eingeschlagen. Im Unterschied zu den ehemaligen Klostermarkttagen liegt der Fokus nun gezielt auf der Direktvermarktung regionaler Betriebe.<\/p>\n<p><em>\u201eMit dem Ges\u00e4use-Spezialit\u00e4tenmarkt schaffen wir erstmals die M\u00f6glichkeit, ausschlie\u00dflich heimische Produzenten zu unterst\u00fctzen und ihre Produkte sichtbar zu machen\u201c<\/em>, so Brandm\u00fcller.<\/p>\n<\/div>\n                        \n                                    <\/div>\n            \n            <\/div>\n<\/div>\n\n    <div class=\"background__container background__container--beige\">\n    <\/div>\n\n<\/section>\n\n<section id='lightpress__section--block_ac0edf38ef4658f56a3cd75268186345' class='lightpress__section--default-section-space lightpress__section lightpress__section--content'><div class=\"content__inner\"\n         x-init=\"initContentBlockAnim($el)\">\n        \n    <div class=\"content__grid content__grid--fifty-fifty\">\n                                            <div class=\"content__box content__box\"\n                 style=\"\">\n                                \n                \n                                            <div class=\"prose\"><p>Auch\u00a0<strong>Ulrich Matlschweiger vom Stiftskeller<\/strong>\u00a0unterstreicht die Bedeutung des Projekts:\u00a0<em>\u201eGes\u00e4use-Spezialit\u00e4ten gewinnen dadurch an Bekanntheit \u2013 sowohl regional als auch \u00fcberregional<\/em><em>.\u201c<\/em><\/p>\n<p>\u00a0<\/p>\n<p>Neben dem Genuss steht vor allem die nachhaltige Entwicklung der Region im Fokus. Kurze Transportwege, bewusster Konsum und die F\u00f6rderung traditioneller Handwerkskunst sind zentrale Anliegen des Marktes.<\/p>\n<p>\u00a0<\/p>\n<p><em>\u201eEine nachhaltige Zukunft k\u00f6nnen wir nur gestalten, wenn das Bewusstsein f\u00fcr heimische Lebensmittel w\u00e4chst\u201c,<\/em> betont Matlschweiger. \u201eDamit tragen wir aktiv zum Erhalt unserer Kulturlandschaft und zur Sicherung hochwertiger Lebensmittelproduktion bei.\u201c<\/p>\n<p>\u00a0<\/p>\n<p>\u00a0<\/p>\n<h5 class=\"heading-m line line-above line--gold\">Markttage 2026 im \u00dcberblick<\/h5>\n<p>\u00a0<\/p>\n<p>Der Ges\u00e4use-Spezialit\u00e4tenmarkt <strong>findet ab 2. Mai 2026<\/strong> <strong>jeden ersten Samstag im Monat von 09:00 bis 14:00 Uhr statt: <\/strong><strong>6.<span style=\"white-space: pre;\"> <\/span>Juni | 4. Juli | 1. August | 5. September | 11. Oktober\u00a0<\/strong><\/p>\n<p>\u00a0<\/p>\n<p>Veranstaltungsort ist der Eingangsbereich zum Rosarium des Benediktinerstiftes Admont.<\/p>\n<p>\u00a0<\/p>\n<p><strong>Ges\u00e4use Spezialit\u00e4tenmarkt \u2013 echt. regional. wertvoll.<\/strong><\/p>\n<\/div>\n                    \n                            <\/div>\n        \n                                                    <div class=\"content__box content__box--2\"\n                     >\n                                        \n                    \n                                                <div class=\"content__media stickyTo\" x-init=\"imageSticky($el)\">\n\n                                                                                    <picture\n                                    class=\"content__image sticky\">\n                                <source srcset=\"https:\/\/stiftadmont.at\/wp-content\/uploads\/Spezialitaetenmarkt-4-1024x674.webp\" type=\"image\/webp\">\n                                <source srcset=\"https:\/\/stiftadmont.at\/wp-content\/uploads\/Spezialitaetenmarkt-4-1024x674.jpg\" type=\"image\/jpeg\">\n                                <img decoding=\"async\" class=\"sticky\" loading=\"lazy\" src=\"https:\/\/stiftadmont.at\/wp-content\/uploads\/Spezialitaetenmarkt-4-1024x674.png\" alt=\"Spezialit\u00e4tenmarkt\" \/>\n\n                                                                                                                            <\/picture>\n\n                        <\/div>\n\n                                    <\/div>\n            \n            <\/div>\n<\/div>\n\n<\/section>\n\n<section id='lightpress__section--block_0e7bf8633a2edfb41c32748d19cd3e0e' class='lightpress__section--default-section-space lightpress__section lightpress__section--image-slider'>\n<div class=\"image-slider\"\n     x-data=\"{ gallery: null, shown: false }\"\n     x-init=\"gallery = initSliderGallery([{&quot;href&quot;:&quot;https:\\\/\\\/stiftadmont.at\\\/wp-content\\\/uploads\\\/Spezialitaetenmarkt-Stift-Admont.png&quot;,&quot;type&quot;:&quot;image&quot;},{&quot;href&quot;:&quot;https:\\\/\\\/stiftadmont.at\\\/wp-content\\\/uploads\\\/Spezialitaetenmarkt-2.png&quot;,&quot;type&quot;:&quot;image&quot;},{&quot;href&quot;:&quot;https:\\\/\\\/stiftadmont.at\\\/wp-content\\\/uploads\\\/Spezialitaetenmarkt-3.png&quot;,&quot;type&quot;:&quot;image&quot;},{&quot;href&quot;:&quot;https:\\\/\\\/stiftadmont.at\\\/wp-content\\\/uploads\\\/Spezialitaetenmarkt-4.png&quot;,&quot;type&quot;:&quot;image&quot;},{&quot;href&quot;:&quot;https:\\\/\\\/stiftadmont.at\\\/wp-content\\\/uploads\\\/Spezialitaetenmarkt-Stift-Admont-5.png&quot;,&quot;type&quot;:&quot;image&quot;},{&quot;href&quot;:&quot;https:\\\/\\\/stiftadmont.at\\\/wp-content\\\/uploads\\\/Spezialitaetenmarkt-Stift-Admont-6.png&quot;,&quot;type&quot;:&quot;image&quot;},{&quot;href&quot;:&quot;https:\\\/\\\/stiftadmont.at\\\/wp-content\\\/uploads\\\/Spezialitaetenmarkt-Stift-Admont-7.png&quot;,&quot;type&quot;:&quot;image&quot;}]); initImageSliderBlockAnim($el);\">\n    <div class=\"image-slider__inner\">\n\n        <div class=\"swiper-container\" x-init=\"initImageSliderBlock($el, $refs.btnPrev, $refs.btnNext)\">\n            <div class=\"swiper-wrapper\">\n                                    <div class=\"swiper-slide\">\n                        <div class=\"image-slider__media\">\n                            <img decoding=\"async\" class=\"image-slider__image\"\n                                 src=\"https:\/\/stiftadmont.at\/wp-content\/uploads\/Spezialitaetenmarkt-Stift-Admont-768x513.png\"\n                                 alt=\"Spezialit\u00e4tenmarkt Stift Admont\">\n                        <\/div>\n                    <\/div>\n                                    <div class=\"swiper-slide\">\n                        <div class=\"image-slider__media\">\n                            <img decoding=\"async\" class=\"image-slider__image\"\n                                 src=\"https:\/\/stiftadmont.at\/wp-content\/uploads\/Spezialitaetenmarkt-2-768x508.png\"\n                                 alt=\"Spezialit\u00e4tenmarkt\">\n                        <\/div>\n                    <\/div>\n                                    <div class=\"swiper-slide\">\n                        <div class=\"image-slider__media\">\n                            <img decoding=\"async\" class=\"image-slider__image\"\n                                 src=\"https:\/\/stiftadmont.at\/wp-content\/uploads\/Spezialitaetenmarkt-3-768x509.png\"\n                                 alt=\"Spezialit\u00e4tenmarkt\">\n                        <\/div>\n                    <\/div>\n                                    <div class=\"swiper-slide\">\n                        <div class=\"image-slider__media\">\n                            <img decoding=\"async\" class=\"image-slider__image\"\n                                 src=\"https:\/\/stiftadmont.at\/wp-content\/uploads\/Spezialitaetenmarkt-4-768x506.png\"\n                                 alt=\"Spezialit\u00e4tenmarkt\">\n                        <\/div>\n                    <\/div>\n                                    <div class=\"swiper-slide\">\n                        <div class=\"image-slider__media\">\n                            <img decoding=\"async\" class=\"image-slider__image\" src=\"https:\/\/stiftadmont.at\/wp-content\/uploads\/Spezialitaetenmarkt-Stift-Admont-5.png\" alt=\"Spezialit\u00e4tenmarkt Stift Admont\" \/>\n                        <\/div>\n                    <\/div>\n                                    <div class=\"swiper-slide\">\n                        <div class=\"image-slider__media\">\n                            <img decoding=\"async\" class=\"image-slider__image\" src=\"https:\/\/stiftadmont.at\/wp-content\/uploads\/Spezialitaetenmarkt-Stift-Admont-6.png\" alt=\"Spezialit\u00e4tenmarkt Stift Admont\" \/>\n                        <\/div>\n                    <\/div>\n                                    <div class=\"swiper-slide\">\n                        <div class=\"image-slider__media\">\n                            <img decoding=\"async\" class=\"image-slider__image\" src=\"https:\/\/stiftadmont.at\/wp-content\/uploads\/Spezialitaetenmarkt-Stift-Admont-7.png\" alt=\"Spezialit\u00e4tenmarkt Stift Admont\" \/>\n                        <\/div>\n                    <\/div>\n                            <\/div>\n\n            <div class=\"swiper-nav-wrapper\">\n                <button class=\"swiper-button-prev slider-button--prev\" x-ref=\"btnPrev\"\n                        aria-label=\"Vorige Bilder anzeigen\">\n                    <img decoding=\"async\" src=\"\/wp-content\/themes\/stift-admont\/src\/assets\/img\/arrow-left-big-new.svg\" alt=\"Pfeil nach Links\">\n                <\/button>\n\n\n                <a class=\"image-slider__gallery\" @click=\"openGallery(gallery)\"><i class=\"fa-thin fa-plus\"><\/i><\/a>\n                <button class=\"swiper-button-next slider-button--next\"\n                        x-ref=\"btnNext\"\n                        aria-label=\"N\u00e4chste Bilder anzeigen\">\n                    <img decoding=\"async\" src=\"\/wp-content\/themes\/stift-admont\/src\/assets\/img\/arrow-right-big-new.svg\" alt=\"Pfeil nach Rechts\">\n                <\/button>\n            <\/div>\n        <\/div>\n    <\/div>\n\n\n<\/div><\/section>","protected":false},"excerpt":{"rendered":"","protected":false},"author":7,"featured_media":41095,"parent":0,"menu_order":0,"comment_status":"closed","ping_status":"closed","template":"","meta":{"_acf_changed":false,"footnotes":""},"categories":[23],"class_list":["post-41093","page","type-page","status-publish","has-post-thumbnail","hentry","category-einrichtungen-aktuell"],"acf":[],"yoast_head":"<!-- This site is optimized with the Yoast SEO Premium plugin v27.5 (Yoast SEO v27.6) - https:\/\/yoast.com\/product\/yoast-seo-premium-wordpress\/ -->\n<title>Spezialit\u00e4tenmarkt im Stift Admont - Stift Admont<\/title>\n<meta name=\"robots\" content=\"index, follow, max-snippet:-1, max-image-preview:large, max-video-preview:-1\" \/>\n<link rel=\"canonical\" href=\"https:\/\/stiftadmont.at\/fr\/marche-des-specialites-4\/\" \/>\n<meta property=\"og:locale\" content=\"fr_FR\" \/>\n<meta property=\"og:type\" content=\"article\" \/>\n<meta property=\"og:title\" content=\"Spezialit\u00e4tenmarkt im Stift Admont\" \/>\n<meta property=\"og:url\" content=\"https:\/\/stiftadmont.at\/fr\/marche-des-specialites-4\/\" \/>\n<meta property=\"og:site_name\" content=\"Stift Admont\" \/>\n<meta property=\"article:modified_time\" content=\"2026-05-04T12:17:13+00:00\" \/>\n<meta property=\"og:image\" content=\"https:\/\/stiftadmont.at\/wp-content\/uploads\/Spezialitaetenmarkt-2.png\" \/>\n\t<meta property=\"og:image:width\" content=\"1371\" \/>\n\t<meta property=\"og:image:height\" content=\"906\" \/>\n\t<meta property=\"og:image:type\" content=\"image\/png\" \/>\n<meta name=\"twitter:card\" content=\"summary_large_image\" \/>\n<meta name=\"twitter:label1\" content=\"Dur\u00e9e de lecture estim\u00e9e\" \/>\n\t<meta name=\"twitter:data1\" content=\"1 minute\" \/>\n<script type=\"application\/ld+json\" class=\"yoast-schema-graph\">{\"@context\":\"https:\\\/\\\/schema.org\",\"@graph\":[{\"@type\":\"WebPage\",\"@id\":\"https:\\\/\\\/stiftadmont.at\\\/spezialitaetenmarkt\\\/\",\"url\":\"https:\\\/\\\/stiftadmont.at\\\/spezialitaetenmarkt\\\/\",\"name\":\"Spezialit\u00e4tenmarkt im Stift Admont - Stift Admont\",\"isPartOf\":{\"@id\":\"https:\\\/\\\/stiftadmont.at\\\/#website\"},\"primaryImageOfPage\":{\"@id\":\"https:\\\/\\\/stiftadmont.at\\\/spezialitaetenmarkt\\\/#primaryimage\"},\"image\":{\"@id\":\"https:\\\/\\\/stiftadmont.at\\\/spezialitaetenmarkt\\\/#primaryimage\"},\"thumbnailUrl\":\"https:\\\/\\\/stiftadmont.at\\\/wp-content\\\/uploads\\\/Spezialitaetenmarkt-2.png\",\"datePublished\":\"2026-05-04T12:12:47+00:00\",\"dateModified\":\"2026-05-04T12:17:13+00:00\",\"breadcrumb\":{\"@id\":\"https:\\\/\\\/stiftadmont.at\\\/spezialitaetenmarkt\\\/#breadcrumb\"},\"inLanguage\":\"fr-FR\",\"potentialAction\":[{\"@type\":\"ReadAction\",\"target\":[\"https:\\\/\\\/stiftadmont.at\\\/spezialitaetenmarkt\\\/\"]}]},{\"@type\":\"ImageObject\",\"inLanguage\":\"fr-FR\",\"@id\":\"https:\\\/\\\/stiftadmont.at\\\/spezialitaetenmarkt\\\/#primaryimage\",\"url\":\"https:\\\/\\\/stiftadmont.at\\\/wp-content\\\/uploads\\\/Spezialitaetenmarkt-2.png\",\"contentUrl\":\"https:\\\/\\\/stiftadmont.at\\\/wp-content\\\/uploads\\\/Spezialitaetenmarkt-2.png\",\"width\":1371,\"height\":906,\"caption\":\"Spezialit\u00e4tenmarkt\"},{\"@type\":\"BreadcrumbList\",\"@id\":\"https:\\\/\\\/stiftadmont.at\\\/spezialitaetenmarkt\\\/#breadcrumb\",\"itemListElement\":[{\"@type\":\"ListItem\",\"position\":1,\"name\":\"Start\",\"item\":\"https:\\\/\\\/stiftadmont.at\\\/\"},{\"@type\":\"ListItem\",\"position\":2,\"name\":\"Spezialit\u00e4tenmarkt im Stift Admont\"}]},{\"@type\":\"WebSite\",\"@id\":\"https:\\\/\\\/stiftadmont.at\\\/#website\",\"url\":\"https:\\\/\\\/stiftadmont.at\\\/\",\"name\":\"Stift Admont\",\"description\":\"Benediktinerkloster und Sehensw\u00fcrdigkeit im Ges\u00e4use\",\"potentialAction\":[{\"@type\":\"SearchAction\",\"target\":{\"@type\":\"EntryPoint\",\"urlTemplate\":\"https:\\\/\\\/stiftadmont.at\\\/?s={search_term_string}\"},\"query-input\":{\"@type\":\"PropertyValueSpecification\",\"valueRequired\":true,\"valueName\":\"search_term_string\"}}],\"inLanguage\":\"fr-FR\"}]}<\/script>\n<!-- \/ Yoast SEO Premium plugin. -->","yoast_head_json":{"title":"March\u00e9 de sp\u00e9cialit\u00e9s \u00e0 l'abbaye d'Admont - Stift Admont","robots":{"index":"index","follow":"follow","max-snippet":"max-snippet:-1","max-image-preview":"max-image-preview:large","max-video-preview":"max-video-preview:-1"},"canonical":"https:\/\/stiftadmont.at\/fr\/marche-des-specialites-4\/","og_locale":"fr_FR","og_type":"article","og_title":"Spezialit\u00e4tenmarkt im Stift Admont","og_url":"https:\/\/stiftadmont.at\/fr\/marche-des-specialites-4\/","og_site_name":"Stift Admont","article_modified_time":"2026-05-04T12:17:13+00:00","og_image":[{"width":1371,"height":906,"url":"https:\/\/stiftadmont.at\/wp-content\/uploads\/Spezialitaetenmarkt-2.png","type":"image\/png"}],"twitter_card":"summary_large_image","twitter_misc":{"Dur\u00e9e de lecture estim\u00e9e":"1 minute"},"schema":{"@context":"https:\/\/schema.org","@graph":[{"@type":"WebPage","@id":"https:\/\/stiftadmont.at\/spezialitaetenmarkt\/","url":"https:\/\/stiftadmont.at\/spezialitaetenmarkt\/","name":"March\u00e9 de sp\u00e9cialit\u00e9s \u00e0 l'abbaye d'Admont - Stift Admont","isPartOf":{"@id":"https:\/\/stiftadmont.at\/#website"},"primaryImageOfPage":{"@id":"https:\/\/stiftadmont.at\/spezialitaetenmarkt\/#primaryimage"},"image":{"@id":"https:\/\/stiftadmont.at\/spezialitaetenmarkt\/#primaryimage"},"thumbnailUrl":"https:\/\/stiftadmont.at\/wp-content\/uploads\/Spezialitaetenmarkt-2.png","datePublished":"2026-05-04T12:12:47+00:00","dateModified":"2026-05-04T12:17:13+00:00","breadcrumb":{"@id":"https:\/\/stiftadmont.at\/spezialitaetenmarkt\/#breadcrumb"},"inLanguage":"fr-FR","potentialAction":[{"@type":"ReadAction","target":["https:\/\/stiftadmont.at\/spezialitaetenmarkt\/"]}]},{"@type":"ImageObject","inLanguage":"fr-FR","@id":"https:\/\/stiftadmont.at\/spezialitaetenmarkt\/#primaryimage","url":"https:\/\/stiftadmont.at\/wp-content\/uploads\/Spezialitaetenmarkt-2.png","contentUrl":"https:\/\/stiftadmont.at\/wp-content\/uploads\/Spezialitaetenmarkt-2.png","width":1371,"height":906,"caption":"Spezialit\u00e4tenmarkt"},{"@type":"BreadcrumbList","@id":"https:\/\/stiftadmont.at\/spezialitaetenmarkt\/#breadcrumb","itemListElement":[{"@type":"ListItem","position":1,"name":"Start","item":"https:\/\/stiftadmont.at\/"},{"@type":"ListItem","position":2,"name":"Spezialit\u00e4tenmarkt im Stift Admont"}]},{"@type":"WebSite","@id":"https:\/\/stiftadmont.at\/#website","url":"https:\/\/stiftadmont.at\/","name":"Abbaye d'Admont","description":"Monast\u00e8re b\u00e9n\u00e9dictin et attraction touristique dans le Ges\u00e4use","potentialAction":[{"@type":"SearchAction","target":{"@type":"EntryPoint","urlTemplate":"https:\/\/stiftadmont.at\/?s={search_term_string}"},"query-input":{"@type":"PropertyValueSpecification","valueRequired":true,"valueName":"search_term_string"}}],"inLanguage":"fr-FR"}]}},"_links":{"self":[{"href":"https:\/\/stiftadmont.at\/fr\/wp-json\/wp\/v2\/pages\/41093","targetHints":{"allow":["GET"]}}],"collection":[{"href":"https:\/\/stiftadmont.at\/fr\/wp-json\/wp\/v2\/pages"}],"about":[{"href":"https:\/\/stiftadmont.at\/fr\/wp-json\/wp\/v2\/types\/page"}],"author":[{"embeddable":true,"href":"https:\/\/stiftadmont.at\/fr\/wp-json\/wp\/v2\/users\/7"}],"replies":[{"embeddable":true,"href":"https:\/\/stiftadmont.at\/fr\/wp-json\/wp\/v2\/comments?post=41093"}],"version-history":[{"count":5,"href":"https:\/\/stiftadmont.at\/fr\/wp-json\/wp\/v2\/pages\/41093\/revisions"}],"predecessor-version":[{"id":41107,"href":"https:\/\/stiftadmont.at\/fr\/wp-json\/wp\/v2\/pages\/41093\/revisions\/41107"}],"wp:featuredmedia":[{"embeddable":true,"href":"https:\/\/stiftadmont.at\/fr\/wp-json\/wp\/v2\/media\/41095"}],"wp:attachment":[{"href":"https:\/\/stiftadmont.at\/fr\/wp-json\/wp\/v2\/media?parent=41093"}],"wp:term":[{"taxonomy":"category","embeddable":true,"href":"https:\/\/stiftadmont.at\/fr\/wp-json\/wp\/v2\/categories?post=41093"}],"curies":[{"name":"wp","href":"https:\/\/api.w.org\/{rel}","templated":true}]}}