{"id":469,"date":"2021-07-15T14:16:36","date_gmt":"2021-07-15T12:16:36","guid":{"rendered":"https:\/\/stiftadmont.at\/?page_id=469"},"modified":"2026-03-06T09:41:58","modified_gmt":"2026-03-06T07:41:58","slug":"boutique-du-monastere-dadmont","status":"publish","type":"page","link":"https:\/\/stiftadmont.at\/fr\/klosterladen-stift-admont\/","title":{"rendered":"Magasin du monast\u00e8re d'Admont"},"content":{"rendered":"<section id='lightpress__section--block_e6fdb802769a68e2a580535b1b609336' class='align-center lightpress__section--default-section-space lightpress__section lightpress__section--headline'><div class=\"headline__container\">\n            <h2 class=\"headline text--40 text-medium line line--gold line-above line-middle\">Plaisir proche de l'art et sp\u00e9cialit\u00e9s r\u00e9gionales<\/h2>\n        <p class=\"text-center text-gold text--20 text-medium text--uppercase\">Litt\u00e9rature, souvenirs, vins DVERI PAX avec possibilit\u00e9 de d\u00e9gustation, sp\u00e9cialit\u00e9s r\u00e9gionales et bien d'autres choses encore sont disponibles dans la boutique du monast\u00e8re.<\/p>\n        <div class=\"spacer--40\"><\/div>\n<\/div>\n\n<\/section>\n\n<section id='lightpress__section--block_a1c32d312b997d3cd07ff92b328ac9a9' class='bg--beige lightpress__section--colored-bg lightpress__section--default-section-space lightpress__section lightpress__section--content'><div class=\"content__inner\"\n         x-init=\"initContentBlockAnim($el)\">\n        \n    <div class=\"content__grid content__grid--fifty-fifty\">\n                                            <div class=\"content__box content__box\"\n                 style=\"\">\n                                \n                \n                                            <div class=\"prose\"><p>Le site <strong>Boutique de l'abbaye b\u00e9n\u00e9dictine d'Admont<\/strong> est bien plus qu'une boutique de souvenirs classique - c'est un lieu de d\u00e9couverte, de plaisir et d'inspiration. Avec un grand souci du d\u00e9tail, elle propose une s\u00e9lection exclusive de produits r\u00e9gionaux de qualit\u00e9, dispos\u00e9s avec art et d'un caract\u00e8re particulier.<\/p>\n<p>Le c\u0153ur de l'assortiment est la ligne de produits maison \"Made for Admont\", qui s\u00e9duit par ses sp\u00e9cialit\u00e9s tri\u00e9es sur le volet - des vins s\u00e9lectionn\u00e9s et des spiritueux raffin\u00e9s aux pralines, bonbons, sirops et sels de vin rouge faits main.<\/p>\n<p>\u00a0<\/p>\n<p><span style=\"text-decoration: underline;\"><strong>Points forts particuliers dans le magasin du monast\u00e8re :<\/strong><\/span><\/p>\n<p>\u00a0<\/p>\n<p>-<span style=\"white-space: pre;\"> <\/span>Vins DVERI PAX du domaine viticole de l'abbaye en Slov\u00e9nie - d\u00e9gustation possible au magasin<\/p>\n<p>-<span style=\"white-space: pre;\"> <\/span>De multiples objets de d\u00e9votion : chapelets, croix, anges gardiens, pendentifs et plus encore<\/p>\n<p>-<span style=\"white-space: pre;\"> <\/span>S\u00e9lection de litt\u00e9rature sur des th\u00e8mes tels que la foi, la famille, l'art culinaire ainsi que des publications propres \u00e0 la fondation<\/p>\n<p>-<span style=\"white-space: pre;\"> <\/span>Cadeaux personnalis\u00e9s pour des occasions sp\u00e9ciales comme le bapt\u00eame, la premi\u00e8re communion ou la confirmation<\/p>\n<p>-<span style=\"white-space: pre;\"> <\/span>Cartes postales et billets avec une touche spirituelle et artistique<\/p>\n<p>-<span style=\"white-space: pre;\"> <\/span>Corbeilles cadeaux - compos\u00e9es avec amour, personnalis\u00e9es sur demande<\/p>\n<p>\u00a0<\/p>\n<p>Venez nous rendre visite et laissez-vous inspirer.<\/p>\n<p>La boutique du monast\u00e8re est librement accessible et peut \u00eatre visit\u00e9e sans ticket de mus\u00e9e.<\/p>\n<p>\u00a0<\/p>\n<p><strong>Nous nous r\u00e9jouissons de vous accueillir !<\/strong><\/p>\n<\/div>\n                    \n                            <\/div>\n        \n                                                    <div class=\"content__box content__box--2\"\n                     >\n                                        \n                                            \n                                                    <a href=\"https:\/\/stiftadmont.at\/wp-content\/uploads\/Klosterladen.mp4\" class=\"content__video content__media\"\n                               x-data\n x-init=\"initContentLightBox('#lightpress__section--block_a1c32d312b997d3cd07ff92b328ac9a9 .content__video')\">\n                                                                                                                                <picture class=\"content__image\">\n                                    <source srcset=\"https:\/\/stiftadmont.at\/wp-content\/uploads\/klosterladen5-1024x682.webp\" type=\"image\/webp\">\n                                    <source srcset=\"https:\/\/stiftadmont.at\/wp-content\/uploads\/klosterladen5-1024x682.jpg\" type=\"image\/jpeg\">\n                                    <img decoding=\"async\" class=\"content__image\" loading=\"lazy\" src=\"https:\/\/stiftadmont.at\/wp-content\/uploads\/klosterladen5-1024x682.png\" alt=\"magasin du monast\u00e8re\" width=\"600\" height=\"450\" \/>\n                                <\/picture>\n\n                                <span class=\"overlay-dark\"><\/span>\n                                <span class=\"content-overlay\"><\/span>\n                                <div class=\"content__plaque\">\n                                    <div class=\"content__plaque-inner\">\n                                        <span><i class=\"fas fa-play content__icon\"><\/i><\/span>\n                                        <p class=\"paragraph-m\">Jouer<\/p>\n                                    <\/div>\n                                <\/div>\n                            <\/a>\n                        \n                                    <\/div>\n            \n            <\/div>\n<\/div>\n\n    <div class=\"background__container background__container--beige\">\n    <\/div>\n\n<\/section>\n\n<section id='lightpress__section--block_06ce95a907df41efe82d3881cc291933' class='lightpress__section--more-links--950 lightpress__section--full-width lightpress__section--default-section-space lightpress__section lightpress__section--more-links'><div class=\"more\" x-init=\"initMoreLinksBlockAnim($el)\">\n            <style>\n            #lightpress__section--block_06ce95a907df41efe82d3881cc291933 .more {\n                --entry-width: calc(100% \/ 4 - var(--grid-gap) * 4);\n                grid-template-columns: repeat(auto-fit, minmax(max(var(--entry-width),50rem), 1fr));\n            }\n        <\/style>\n    \n                    <a class=\"more__link\" href=\"https:\/\/stiftadmont.at\/fr\/boutique-du-monastere-dadmont\/personnes-a-contacter\/\">\n            <div class=\"more__media\">\n                                    <picture class=\"more__image\">\n                        <source srcset=\"https:\/\/stiftadmont.at\/wp-content\/uploads\/Stift-Admont-Loberauer-Silvana_c-Thomas-Sattler_www-1024x683.webp\" type=\"image\/webp\">\n                        <source srcset=\"https:\/\/stiftadmont.at\/wp-content\/uploads\/Stift-Admont-Loberauer-Silvana_c-Thomas-Sattler_www-1024x683.jpg\" type=\"image\/jpeg\">\n                        <img decoding=\"async\" loading=\"lazy\" src=\"https:\/\/stiftadmont.at\/wp-content\/uploads\/Stift-Admont-Loberauer-Silvana_c-Thomas-Sattler_www-1024x683.jpg\" alt=\"Stift Admont Loberauer Silvana c Thomas Sattler www\" \/>\n                    <\/picture>\n                            <\/div>\n            <div class=\"more__content\">\n                <div class=\"more__title--container\">\n                                            \n                                                                            \n                        <p class=\"text-bold text-white text--serif text--26\">Personnes de contact<\/p>\n                                                            <\/div>\n                                    <div class=\"more__cta\">\n                        <i class=\"fa-thin fa-chevron-right\"><\/i>\n                    <\/div>\n                            <\/div>\n        <\/a>\n                    <a class=\"more__link\" href=\"https:\/\/stiftadmont.at\/fr\/heures-douverture\/\">\n            <div class=\"more__media\">\n                                    <picture class=\"more__image\">\n                        <source srcset=\"https:\/\/stiftadmont.at\/wp-content\/uploads\/Klosterladen4-1024x672.webp\" type=\"image\/webp\">\n                        <source srcset=\"https:\/\/stiftadmont.at\/wp-content\/uploads\/Klosterladen4-1024x672.jpg\" type=\"image\/jpeg\">\n                        <img decoding=\"async\" loading=\"lazy\" src=\"https:\/\/stiftadmont.at\/wp-content\/uploads\/Klosterladen4-1024x672.png\" alt=\"Magasin du monast\u00e8re\" \/>\n                    <\/picture>\n                            <\/div>\n            <div class=\"more__content\">\n                <div class=\"more__title--container\">\n                                            \n                                                                            \n                        <p class=\"text-bold text-white text--serif text--26\">Heures d'ouverture du magasin de l'abbaye<\/p>\n                                                            <\/div>\n                                    <div class=\"more__cta\">\n                        <i class=\"fa-thin fa-chevron-right\"><\/i>\n                    <\/div>\n                            <\/div>\n        <\/a>\n                    <a class=\"more__link\" href=\"https:\/\/stiftadmont.at\/fr\/boutique-du-monastere-dadmont\/vins-et-coffrets-cadeaux\/\">\n            <div class=\"more__media\">\n                                    <picture class=\"more__image\">\n                        <source srcset=\"https:\/\/stiftadmont.at\/wp-content\/uploads\/Geschenkskorb_\u00a9Thomas-Sattler_www-1024x683.webp\" type=\"image\/webp\">\n                        <source srcset=\"https:\/\/stiftadmont.at\/wp-content\/uploads\/Geschenkskorb_\u00a9Thomas-Sattler_www-1024x683.jpg\" type=\"image\/jpeg\">\n                        <img decoding=\"async\" loading=\"lazy\" src=\"https:\/\/stiftadmont.at\/wp-content\/uploads\/Geschenkskorb_\u00a9Thomas-Sattler_www-1024x683.jpg\" alt=\"Panier cadeau \u00a9Thomas Sattler www\" \/>\n                    <\/picture>\n                            <\/div>\n            <div class=\"more__content\">\n                <div class=\"more__title--container\">\n                                            \n                                                                            \n                        <p class=\"text-bold text-white text--serif text--26\">Vins fins et paniers-cadeaux<\/p>\n                                                            <\/div>\n                                    <div class=\"more__cta\">\n                        <i class=\"fa-thin fa-chevron-right\"><\/i>\n                    <\/div>\n                            <\/div>\n        <\/a>\n                    <a class=\"more__link\" href=\"https:\/\/stiftadmont.at\/fr\/boutique-du-monastere-dadmont\/livre-pour-enfants\/\">\n            <div class=\"more__media\">\n                                    <picture class=\"more__image\">\n                        <source srcset=\"https:\/\/stiftadmont.at\/wp-content\/uploads\/Kinder_Museum_c-Thomas-Sattler-58_www-1024x683.webp\" type=\"image\/webp\">\n                        <source srcset=\"https:\/\/stiftadmont.at\/wp-content\/uploads\/Kinder_Museum_c-Thomas-Sattler-58_www-1024x683.jpg\" type=\"image\/jpeg\">\n                        <img decoding=\"async\" loading=\"lazy\" src=\"https:\/\/stiftadmont.at\/wp-content\/uploads\/Kinder_Museum_c-Thomas-Sattler-58_www-1024x683.jpg\" alt=\"Mus\u00e9e des enfants c Thomas Sattler 58 www\" \/>\n                    <\/picture>\n                            <\/div>\n            <div class=\"more__content\">\n                <div class=\"more__title--container\">\n                                            \n                                                                            \n                        <p class=\"text-bold text-white text--serif text--26\">Premier livre pour enfants Stift Admont<\/p>\n                                                            <\/div>\n                                    <div class=\"more__cta\">\n                        <i class=\"fa-thin fa-chevron-right\"><\/i>\n                    <\/div>\n                            <\/div>\n        <\/a>\n    \n<\/div>\n\n<\/section>","protected":false},"excerpt":{"rendered":"","protected":false},"author":3,"featured_media":7355,"parent":0,"menu_order":122,"comment_status":"closed","ping_status":"closed","template":"","meta":{"_acf_changed":false,"footnotes":""},"categories":[],"class_list":["post-469","page","type-page","status-publish","has-post-thumbnail","hentry"],"acf":[],"yoast_head":"<!-- This site is optimized with the Yoast SEO Premium plugin v26.0 (Yoast SEO v26.8) - https:\/\/yoast.com\/product\/yoast-seo-premium-wordpress\/ -->\n<title>Klosterladen Stift Admont - Stift Admont<\/title>\n<meta name=\"description\" content=\"Kunstnaher Genuss und regionale Vielfalt! Literatur, Souvenirs, DVERI PAX Weine, regionale Spezialit\u00e4ten und vieles mehr sind im Klosterladen erh\u00e4ltlich.\" \/>\n<meta name=\"robots\" content=\"index, follow, max-snippet:-1, max-image-preview:large, max-video-preview:-1\" \/>\n<link rel=\"canonical\" href=\"https:\/\/stiftadmont.at\/fr\/boutique-du-monastere-dadmont\/\" \/>\n<meta property=\"og:locale\" content=\"fr_FR\" \/>\n<meta property=\"og:type\" content=\"article\" \/>\n<meta property=\"og:title\" content=\"Klosterladen Stift Admont\" \/>\n<meta property=\"og:description\" content=\"Kunstnaher Genuss und regionale Vielfalt! Literatur, Souvenirs, DVERI PAX Weine, regionale Spezialit\u00e4ten und vieles mehr sind im Klosterladen erh\u00e4ltlich.\" \/>\n<meta property=\"og:url\" content=\"https:\/\/stiftadmont.at\/fr\/boutique-du-monastere-dadmont\/\" \/>\n<meta property=\"og:site_name\" content=\"Stift Admont\" \/>\n<meta property=\"article:modified_time\" content=\"2026-03-06T07:41:58+00:00\" \/>\n<meta property=\"og:image\" content=\"https:\/\/stiftadmont.at\/wp-content\/uploads\/Museumsshop_\u00a9Thomas-Sattler-4-e1648801069784.jpg\" \/>\n\t<meta property=\"og:image:width\" content=\"2048\" \/>\n\t<meta property=\"og:image:height\" content=\"1365\" \/>\n\t<meta property=\"og:image:type\" content=\"image\/jpeg\" \/>\n<meta name=\"twitter:card\" content=\"summary_large_image\" \/>\n<meta name=\"twitter:label1\" content=\"Dur\u00e9e de lecture estim\u00e9e\" \/>\n\t<meta name=\"twitter:data1\" content=\"1 minute\" \/>\n<script type=\"application\/ld+json\" class=\"yoast-schema-graph\">{\"@context\":\"https:\/\/schema.org\",\"@graph\":[{\"@type\":\"WebPage\",\"@id\":\"https:\/\/stiftadmont.at\/klosterladen-stift-admont\/\",\"url\":\"https:\/\/stiftadmont.at\/klosterladen-stift-admont\/\",\"name\":\"Klosterladen Stift Admont - Stift Admont\",\"isPartOf\":{\"@id\":\"https:\/\/stiftadmont.at\/#website\"},\"primaryImageOfPage\":{\"@id\":\"https:\/\/stiftadmont.at\/klosterladen-stift-admont\/#primaryimage\"},\"image\":{\"@id\":\"https:\/\/stiftadmont.at\/klosterladen-stift-admont\/#primaryimage\"},\"thumbnailUrl\":\"https:\/\/stiftadmont.at\/wp-content\/uploads\/Museumsshop_\u00a9Thomas-Sattler-4-e1648801069784.jpg\",\"datePublished\":\"2021-07-15T12:16:36+00:00\",\"dateModified\":\"2026-03-06T07:41:58+00:00\",\"description\":\"Kunstnaher Genuss und regionale Vielfalt! Literatur, Souvenirs, DVERI PAX Weine, regionale Spezialit\u00e4ten und vieles mehr sind im Klosterladen erh\u00e4ltlich.\",\"breadcrumb\":{\"@id\":\"https:\/\/stiftadmont.at\/klosterladen-stift-admont\/#breadcrumb\"},\"inLanguage\":\"fr-FR\",\"potentialAction\":[{\"@type\":\"ReadAction\",\"target\":[\"https:\/\/stiftadmont.at\/klosterladen-stift-admont\/\"]}]},{\"@type\":\"ImageObject\",\"inLanguage\":\"fr-FR\",\"@id\":\"https:\/\/stiftadmont.at\/klosterladen-stift-admont\/#primaryimage\",\"url\":\"https:\/\/stiftadmont.at\/wp-content\/uploads\/Museumsshop_\u00a9Thomas-Sattler-4-e1648801069784.jpg\",\"contentUrl\":\"https:\/\/stiftadmont.at\/wp-content\/uploads\/Museumsshop_\u00a9Thomas-Sattler-4-e1648801069784.jpg\",\"width\":2048,\"height\":1365,\"caption\":\"Museumsshop \u00a9Thomas Sattler 4 e1648801069784\"},{\"@type\":\"BreadcrumbList\",\"@id\":\"https:\/\/stiftadmont.at\/klosterladen-stift-admont\/#breadcrumb\",\"itemListElement\":[{\"@type\":\"ListItem\",\"position\":1,\"name\":\"Start\",\"item\":\"https:\/\/stiftadmont.at\/\"},{\"@type\":\"ListItem\",\"position\":2,\"name\":\"Klosterladen Stift Admont\"}]},{\"@type\":\"WebSite\",\"@id\":\"https:\/\/stiftadmont.at\/#website\",\"url\":\"https:\/\/stiftadmont.at\/\",\"name\":\"Stift Admont\",\"description\":\"Benediktinerkloster und Sehensw\u00fcrdigkeit im Ges\u00e4use\",\"potentialAction\":[{\"@type\":\"SearchAction\",\"target\":{\"@type\":\"EntryPoint\",\"urlTemplate\":\"https:\/\/stiftadmont.at\/?s={search_term_string}\"},\"query-input\":{\"@type\":\"PropertyValueSpecification\",\"valueRequired\":true,\"valueName\":\"search_term_string\"}}],\"inLanguage\":\"fr-FR\"}]}<\/script>\n<!-- \/ Yoast SEO Premium plugin. -->","yoast_head_json":{"title":"Magasin du monast\u00e8re d'Admont - Stift Admont","description":"Un plaisir proche de l'art et une diversit\u00e9 r\u00e9gionale ! Litt\u00e9rature, souvenirs, vins DVERI PAX, sp\u00e9cialit\u00e9s r\u00e9gionales et bien d'autres choses encore sont disponibles \u00e0 la boutique du monast\u00e8re.","robots":{"index":"index","follow":"follow","max-snippet":"max-snippet:-1","max-image-preview":"max-image-preview:large","max-video-preview":"max-video-preview:-1"},"canonical":"https:\/\/stiftadmont.at\/fr\/boutique-du-monastere-dadmont\/","og_locale":"fr_FR","og_type":"article","og_title":"Klosterladen Stift Admont","og_description":"Kunstnaher Genuss und regionale Vielfalt! Literatur, Souvenirs, DVERI PAX Weine, regionale Spezialit\u00e4ten und vieles mehr sind im Klosterladen erh\u00e4ltlich.","og_url":"https:\/\/stiftadmont.at\/fr\/boutique-du-monastere-dadmont\/","og_site_name":"Stift Admont","article_modified_time":"2026-03-06T07:41:58+00:00","og_image":[{"width":2048,"height":1365,"url":"https:\/\/stiftadmont.at\/wp-content\/uploads\/Museumsshop_\u00a9Thomas-Sattler-4-e1648801069784.jpg","type":"image\/jpeg"}],"twitter_card":"summary_large_image","twitter_misc":{"Dur\u00e9e de lecture estim\u00e9e":"1 minute"},"schema":{"@context":"https:\/\/schema.org","@graph":[{"@type":"WebPage","@id":"https:\/\/stiftadmont.at\/klosterladen-stift-admont\/","url":"https:\/\/stiftadmont.at\/klosterladen-stift-admont\/","name":"Magasin du monast\u00e8re d'Admont - Stift Admont","isPartOf":{"@id":"https:\/\/stiftadmont.at\/#website"},"primaryImageOfPage":{"@id":"https:\/\/stiftadmont.at\/klosterladen-stift-admont\/#primaryimage"},"image":{"@id":"https:\/\/stiftadmont.at\/klosterladen-stift-admont\/#primaryimage"},"thumbnailUrl":"https:\/\/stiftadmont.at\/wp-content\/uploads\/Museumsshop_\u00a9Thomas-Sattler-4-e1648801069784.jpg","datePublished":"2021-07-15T12:16:36+00:00","dateModified":"2026-03-06T07:41:58+00:00","description":"Un plaisir proche de l'art et une diversit\u00e9 r\u00e9gionale ! Litt\u00e9rature, souvenirs, vins DVERI PAX, sp\u00e9cialit\u00e9s r\u00e9gionales et bien d'autres choses encore sont disponibles \u00e0 la boutique du monast\u00e8re.","breadcrumb":{"@id":"https:\/\/stiftadmont.at\/klosterladen-stift-admont\/#breadcrumb"},"inLanguage":"fr-FR","potentialAction":[{"@type":"ReadAction","target":["https:\/\/stiftadmont.at\/klosterladen-stift-admont\/"]}]},{"@type":"ImageObject","inLanguage":"fr-FR","@id":"https:\/\/stiftadmont.at\/klosterladen-stift-admont\/#primaryimage","url":"https:\/\/stiftadmont.at\/wp-content\/uploads\/Museumsshop_\u00a9Thomas-Sattler-4-e1648801069784.jpg","contentUrl":"https:\/\/stiftadmont.at\/wp-content\/uploads\/Museumsshop_\u00a9Thomas-Sattler-4-e1648801069784.jpg","width":2048,"height":1365,"caption":"Museumsshop \u00a9Thomas Sattler 4 e1648801069784"},{"@type":"BreadcrumbList","@id":"https:\/\/stiftadmont.at\/klosterladen-stift-admont\/#breadcrumb","itemListElement":[{"@type":"ListItem","position":1,"name":"Start","item":"https:\/\/stiftadmont.at\/"},{"@type":"ListItem","position":2,"name":"Klosterladen Stift Admont"}]},{"@type":"WebSite","@id":"https:\/\/stiftadmont.at\/#website","url":"https:\/\/stiftadmont.at\/","name":"Abbaye d'Admont","description":"Monast\u00e8re b\u00e9n\u00e9dictin et attraction touristique dans le Ges\u00e4use","potentialAction":[{"@type":"SearchAction","target":{"@type":"EntryPoint","urlTemplate":"https:\/\/stiftadmont.at\/?s={search_term_string}"},"query-input":{"@type":"PropertyValueSpecification","valueRequired":true,"valueName":"search_term_string"}}],"inLanguage":"fr-FR"}]}},"_links":{"self":[{"href":"https:\/\/stiftadmont.at\/fr\/wp-json\/wp\/v2\/pages\/469","targetHints":{"allow":["GET"]}}],"collection":[{"href":"https:\/\/stiftadmont.at\/fr\/wp-json\/wp\/v2\/pages"}],"about":[{"href":"https:\/\/stiftadmont.at\/fr\/wp-json\/wp\/v2\/types\/page"}],"author":[{"embeddable":true,"href":"https:\/\/stiftadmont.at\/fr\/wp-json\/wp\/v2\/users\/3"}],"replies":[{"embeddable":true,"href":"https:\/\/stiftadmont.at\/fr\/wp-json\/wp\/v2\/comments?post=469"}],"version-history":[{"count":570,"href":"https:\/\/stiftadmont.at\/fr\/wp-json\/wp\/v2\/pages\/469\/revisions"}],"predecessor-version":[{"id":40009,"href":"https:\/\/stiftadmont.at\/fr\/wp-json\/wp\/v2\/pages\/469\/revisions\/40009"}],"wp:featuredmedia":[{"embeddable":true,"href":"https:\/\/stiftadmont.at\/fr\/wp-json\/wp\/v2\/media\/7355"}],"wp:attachment":[{"href":"https:\/\/stiftadmont.at\/fr\/wp-json\/wp\/v2\/media?parent=469"}],"wp:term":[{"taxonomy":"category","embeddable":true,"href":"https:\/\/stiftadmont.at\/fr\/wp-json\/wp\/v2\/categories?post=469"}],"curies":[{"name":"wp","href":"https:\/\/api.w.org\/{rel}","templated":true}]}}