{"id":4759,"date":"2021-07-28T16:32:52","date_gmt":"2021-07-28T14:32:52","guid":{"rendered":"https:\/\/stiftadmont.at\/?page_id=4759"},"modified":"2026-04-07T11:01:25","modified_gmt":"2026-04-07T09:01:25","slug":"strategie-de-collecte-2","status":"publish","type":"page","link":"https:\/\/stiftadmont.at\/fr\/sammlungsstrategie-2\/","title":{"rendered":"Strat\u00e9gie de collection"},"content":{"rendered":"<section id='lightpress__section--block_96a34b2968236a33db6eb9679413b8f4' class='lightpress__section--default-section-space lightpress__section lightpress__section--content'><div class=\"content__inner\"\n         x-init=\"initContentBlockAnim($el)\">\n        \n    <div class=\"content__grid content__grid--fifty-fifty\">\n                                            <div class=\"content__box content__box\"\n                 style=\"\">\n                                \n                \n                                            <div class=\"prose\"><h2 class=\"heading-xxl line line--gold\">Tradition de la collecte<\/h2>\n<p class=\"paragraph-m\">L'abbaye b\u00e9n\u00e9dictine d'Admont a une longue tradition de collection dans le domaine des sciences naturelles et de l'histoire de l'art. Avec l'ouverture du nouveau mus\u00e9e en 2003, il a \u00e9largi ses activit\u00e9s en vue de participer \u00e0 l'avenir \u00e0 la cr\u00e9ation et \u00e0 la r\u00e9flexion sur l'art contemporain. La collection se concentre sur l'art contemporain autrichien, sur son \u00e9largissement \u00e0 l'art international et sur la promotion cibl\u00e9e de la production artistique.<\/p>\n<\/div>\n                    \n                            <\/div>\n        \n                                                    <div class=\"content__box content__box--2\"\n                     >\n                                        \n                    \n                                                <div class=\"content__media stickyTo\" x-init=\"imageSticky($el)\">\n\n                                                                                    <picture\n                                    class=\"content__image sticky\">\n                                <source srcset=\"https:\/\/stiftadmont.at\/wp-content\/uploads\/Schwarz-Ausstellung-2020-DSC_9178-1024x683.webp\" type=\"image\/webp\">\n                                <source srcset=\"https:\/\/stiftadmont.at\/wp-content\/uploads\/Schwarz-Ausstellung-2020-DSC_9178-1024x683.jpg\" type=\"image\/jpeg\">\n                                <img decoding=\"async\" class=\"sticky\" loading=\"lazy\" src=\"https:\/\/stiftadmont.at\/wp-content\/uploads\/Schwarz-Ausstellung-2020-DSC_9178-1024x683.jpg\"\n                                     alt=\"Exposition noire 2020 DSC 9178 scaled\">\n\n                                                                                                                            <\/picture>\n\n                        <\/div>\n\n                                    <\/div>\n            \n            <\/div>\n<\/div>\n\n<\/section>\n\n<section id='lightpress__section--block_47346998444e703dee8dbbd693f2ea9e' class='lightpress__section--default-section-space lightpress__section lightpress__section--content'><div class=\"content__inner\"\n         x-init=\"initContentBlockAnim($el)\">\n        \n    <div class=\"content__grid content__grid\">\n                                            <div class=\"content__box content__box--one-hundred\"\n                 style=\"\">\n                                \n                \n                                            <div class=\"prose\"><h3 class=\"heading-xl line line--red text-center\">collections sp\u00e9ciales<\/h3>\n<p class=\"text-center paragraph-m\">La longue tradition de collecte donne naissance \u00e0 des collections sp\u00e9ciales fascinantes.<\/p>\n<p>\u00a0<\/p>\n<\/div>\n                    \n                            <\/div>\n        \n            <\/div>\n<\/div>\n\n<\/section>\n\n<section id='lightpress__section--block_1bce99ca2243e1ba518953499e1840ab' class='lightpress__section--more-links--legacy lightpress__section--full-width lightpress__section--default-section-space lightpress__section lightpress__section--more-links'><div class=\"more\" x-init=\"initMoreLinksBlockAnim($el)\">\n    \n                    <a class=\"more__link\" href=\"\/fr\/culture-tourisme\/collections\/collection-hannes-schwarz\/\">\n            <div class=\"more__media\">\n                                    <picture class=\"more__image\">\n                        <source srcset=\"https:\/\/stiftadmont.at\/wp-content\/uploads\/046_Stift-Admont_\u00a9StefanLeitner_LEI7369-e1634722086268-1024x768.webp\" type=\"image\/webp\">\n                        <source srcset=\"https:\/\/stiftadmont.at\/wp-content\/uploads\/046_Stift-Admont_\u00a9StefanLeitner_LEI7369-e1634722086268-1024x768.jpg\" type=\"image\/jpeg\">\n                        <img decoding=\"async\" loading=\"lazy\" src=\"https:\/\/stiftadmont.at\/wp-content\/uploads\/046_Stift-Admont_\u00a9StefanLeitner_LEI7369-e1634722086268-1024x768.jpg\" alt=\"046 Abbaye d&#039;Admont \u00a9StefanLeitner LEI7369 e1634722086268\" width=\"480\" height=\"280\" \/>\n                    <\/picture>\n                            <\/div>\n            <div class=\"more__content\">\n                <div class=\"more__title--container\">\n                                            <p class=\"more__title\">Collection Hannes Schwarz<\/p>\n                                    <\/div>\n                            <\/div>\n        <\/a>\n                    <a class=\"more__link\" href=\"\/fr\/s\/\">\n            <div class=\"more__media\">\n                                    <picture class=\"more__image\">\n                        <source srcset=\"https:\/\/stiftadmont.at\/wp-content\/uploads\/Gotik_2-1024x757.webp\" type=\"image\/webp\">\n                        <source srcset=\"https:\/\/stiftadmont.at\/wp-content\/uploads\/Gotik_2-1024x757.jpg\" type=\"image\/jpeg\">\n                        <img decoding=\"async\" loading=\"lazy\" src=\"https:\/\/stiftadmont.at\/wp-content\/uploads\/Gotik_2-1024x757.png\" alt=\"Gothique 2\" width=\"480\" height=\"280\" \/>\n                    <\/picture>\n                            <\/div>\n            <div class=\"more__content\">\n                <div class=\"more__title--container\">\n                                            <p class=\"more__title\">Collection Mayer<\/p>\n                                    <\/div>\n                            <\/div>\n        <\/a>\n                    <a class=\"more__link\" href=\"\/fr\/musee\/retrospective-de-lexposition\/au-dela-de-la-vision\/\">\n            <div class=\"more__media\">\n                                    <picture class=\"more__image\">\n                        <source srcset=\"https:\/\/stiftadmont.at\/wp-content\/uploads\/PLAY-ART-.-JENSEITS-DES-SEHENS.-c-Barbara-Eisner-B-1-1024x673.webp\" type=\"image\/webp\">\n                        <source srcset=\"https:\/\/stiftadmont.at\/wp-content\/uploads\/PLAY-ART-.-JENSEITS-DES-SEHENS.-c-Barbara-Eisner-B-1-1024x673.jpg\" type=\"image\/jpeg\">\n                        <img decoding=\"async\" loading=\"lazy\" src=\"https:\/\/stiftadmont.at\/wp-content\/uploads\/PLAY-ART-.-JENSEITS-DES-SEHENS.-c-Barbara-Eisner-B-1-1024x673.jpg\"\n                             alt=\"PLAY ART . AU-DEL\u00c0 DE LA VISION. c Barbara Eisner B 1 scaled\" width=\"480\"\n                             height=\"280\">\n                    <\/picture>\n                            <\/div>\n            <div class=\"more__content\">\n                <div class=\"more__title--container\">\n                                            <p class=\"more__title\">Au-del\u00e0 de la vision<\/p>\n                                    <\/div>\n                            <\/div>\n        <\/a>\n    \n<\/div>\n\n<\/section>\n\n<section id='lightpress__section--block_046c8fc05a4806b15a6846a9af69b7ff' class='lightpress__section--default-section-space lightpress__section lightpress__section--content'><div class=\"content__inner\"\n         x-init=\"initContentBlockAnim($el)\">\n        \n    <div class=\"content__grid content__grid\">\n                                            <div class=\"content__box content__box--one-hundred\"\n                 style=\"\">\n                                \n                \n                                            <div class=\"prose\"><div class=\"info info--info\">\n<p>R\u00e9guli\u00e8rement, certaines \u0153uvres d'art ou parties des collections sont repr\u00e9sent\u00e9es dans des expositions nationales et internationales.<\/p>\n<\/div>\n<\/div>\n                    \n                            <\/div>\n        \n            <\/div>\n<\/div>\n\n<\/section>","protected":false},"excerpt":{"rendered":"","protected":false},"author":7,"featured_media":0,"parent":0,"menu_order":71,"comment_status":"closed","ping_status":"closed","template":"","meta":{"_acf_changed":false,"footnotes":""},"categories":[],"class_list":["post-4759","page","type-page","status-publish","hentry"],"acf":[],"yoast_head":"<!-- This site is optimized with the Yoast SEO Premium plugin v26.0 (Yoast SEO v26.8) - https:\/\/yoast.com\/product\/yoast-seo-premium-wordpress\/ -->\n<title>Sammlungsstrategie - Stift Admont<\/title>\n<meta name=\"robots\" content=\"index, follow, max-snippet:-1, max-image-preview:large, max-video-preview:-1\" \/>\n<link rel=\"canonical\" href=\"https:\/\/stiftadmont.at\/fr\/strategie-de-collecte-2\/\" \/>\n<meta property=\"og:locale\" content=\"fr_FR\" \/>\n<meta property=\"og:type\" content=\"article\" \/>\n<meta property=\"og:title\" content=\"Sammlungsstrategie\" \/>\n<meta property=\"og:url\" content=\"https:\/\/stiftadmont.at\/fr\/strategie-de-collecte-2\/\" \/>\n<meta property=\"og:site_name\" content=\"Stift Admont\" \/>\n<meta property=\"article:modified_time\" content=\"2026-04-07T09:01:25+00:00\" \/>\n<meta property=\"og:image\" content=\"https:\/\/stiftadmont.at\/wp-content\/uploads\/Klosteranlage-innen.jpg\" \/>\n\t<meta property=\"og:image:width\" content=\"1912\" \/>\n\t<meta property=\"og:image:height\" content=\"1188\" \/>\n\t<meta property=\"og:image:type\" content=\"image\/jpeg\" \/>\n<meta name=\"twitter:card\" content=\"summary_large_image\" \/>\n<script type=\"application\/ld+json\" class=\"yoast-schema-graph\">{\"@context\":\"https:\/\/schema.org\",\"@graph\":[{\"@type\":\"WebPage\",\"@id\":\"https:\/\/stiftadmont.at\/sammlungsstrategie-2\/\",\"url\":\"https:\/\/stiftadmont.at\/sammlungsstrategie-2\/\",\"name\":\"Sammlungsstrategie - Stift Admont\",\"isPartOf\":{\"@id\":\"https:\/\/stiftadmont.at\/#website\"},\"datePublished\":\"2021-07-28T14:32:52+00:00\",\"dateModified\":\"2026-04-07T09:01:25+00:00\",\"breadcrumb\":{\"@id\":\"https:\/\/stiftadmont.at\/sammlungsstrategie-2\/#breadcrumb\"},\"inLanguage\":\"fr-FR\",\"potentialAction\":[{\"@type\":\"ReadAction\",\"target\":[\"https:\/\/stiftadmont.at\/sammlungsstrategie-2\/\"]}]},{\"@type\":\"BreadcrumbList\",\"@id\":\"https:\/\/stiftadmont.at\/sammlungsstrategie-2\/#breadcrumb\",\"itemListElement\":[{\"@type\":\"ListItem\",\"position\":1,\"name\":\"Start\",\"item\":\"https:\/\/stiftadmont.at\/\"},{\"@type\":\"ListItem\",\"position\":2,\"name\":\"Sammlungsstrategie\"}]},{\"@type\":\"WebSite\",\"@id\":\"https:\/\/stiftadmont.at\/#website\",\"url\":\"https:\/\/stiftadmont.at\/\",\"name\":\"Stift Admont\",\"description\":\"Benediktinerkloster und Sehensw\u00fcrdigkeit im Ges\u00e4use\",\"potentialAction\":[{\"@type\":\"SearchAction\",\"target\":{\"@type\":\"EntryPoint\",\"urlTemplate\":\"https:\/\/stiftadmont.at\/?s={search_term_string}\"},\"query-input\":{\"@type\":\"PropertyValueSpecification\",\"valueRequired\":true,\"valueName\":\"search_term_string\"}}],\"inLanguage\":\"fr-FR\"}]}<\/script>\n<!-- \/ Yoast SEO Premium plugin. -->","yoast_head_json":{"title":"Strat\u00e9gie de collection - Stift Admont","robots":{"index":"index","follow":"follow","max-snippet":"max-snippet:-1","max-image-preview":"max-image-preview:large","max-video-preview":"max-video-preview:-1"},"canonical":"https:\/\/stiftadmont.at\/fr\/strategie-de-collecte-2\/","og_locale":"fr_FR","og_type":"article","og_title":"Sammlungsstrategie","og_url":"https:\/\/stiftadmont.at\/fr\/strategie-de-collecte-2\/","og_site_name":"Stift Admont","article_modified_time":"2026-04-07T09:01:25+00:00","og_image":[{"width":1912,"height":1188,"url":"https:\/\/stiftadmont.at\/wp-content\/uploads\/Klosteranlage-innen.jpg","type":"image\/jpeg"}],"twitter_card":"summary_large_image","schema":{"@context":"https:\/\/schema.org","@graph":[{"@type":"WebPage","@id":"https:\/\/stiftadmont.at\/sammlungsstrategie-2\/","url":"https:\/\/stiftadmont.at\/sammlungsstrategie-2\/","name":"Strat\u00e9gie de collection - Stift Admont","isPartOf":{"@id":"https:\/\/stiftadmont.at\/#website"},"datePublished":"2021-07-28T14:32:52+00:00","dateModified":"2026-04-07T09:01:25+00:00","breadcrumb":{"@id":"https:\/\/stiftadmont.at\/sammlungsstrategie-2\/#breadcrumb"},"inLanguage":"fr-FR","potentialAction":[{"@type":"ReadAction","target":["https:\/\/stiftadmont.at\/sammlungsstrategie-2\/"]}]},{"@type":"BreadcrumbList","@id":"https:\/\/stiftadmont.at\/sammlungsstrategie-2\/#breadcrumb","itemListElement":[{"@type":"ListItem","position":1,"name":"Start","item":"https:\/\/stiftadmont.at\/"},{"@type":"ListItem","position":2,"name":"Sammlungsstrategie"}]},{"@type":"WebSite","@id":"https:\/\/stiftadmont.at\/#website","url":"https:\/\/stiftadmont.at\/","name":"Abbaye d'Admont","description":"Monast\u00e8re b\u00e9n\u00e9dictin et attraction touristique dans le Ges\u00e4use","potentialAction":[{"@type":"SearchAction","target":{"@type":"EntryPoint","urlTemplate":"https:\/\/stiftadmont.at\/?s={search_term_string}"},"query-input":{"@type":"PropertyValueSpecification","valueRequired":true,"valueName":"search_term_string"}}],"inLanguage":"fr-FR"}]}},"_links":{"self":[{"href":"https:\/\/stiftadmont.at\/fr\/wp-json\/wp\/v2\/pages\/4759","targetHints":{"allow":["GET"]}}],"collection":[{"href":"https:\/\/stiftadmont.at\/fr\/wp-json\/wp\/v2\/pages"}],"about":[{"href":"https:\/\/stiftadmont.at\/fr\/wp-json\/wp\/v2\/types\/page"}],"author":[{"embeddable":true,"href":"https:\/\/stiftadmont.at\/fr\/wp-json\/wp\/v2\/users\/7"}],"replies":[{"embeddable":true,"href":"https:\/\/stiftadmont.at\/fr\/wp-json\/wp\/v2\/comments?post=4759"}],"version-history":[{"count":16,"href":"https:\/\/stiftadmont.at\/fr\/wp-json\/wp\/v2\/pages\/4759\/revisions"}],"predecessor-version":[{"id":40890,"href":"https:\/\/stiftadmont.at\/fr\/wp-json\/wp\/v2\/pages\/4759\/revisions\/40890"}],"wp:attachment":[{"href":"https:\/\/stiftadmont.at\/fr\/wp-json\/wp\/v2\/media?parent=4759"}],"wp:term":[{"taxonomy":"category","embeddable":true,"href":"https:\/\/stiftadmont.at\/fr\/wp-json\/wp\/v2\/categories?post=4759"}],"curies":[{"name":"wp","href":"https:\/\/api.w.org\/{rel}","templated":true}]}}