{"id":4775,"date":"2021-07-28T16:39:20","date_gmt":"2021-07-28T14:39:20","guid":{"rendered":"https:\/\/stiftadmont.at\/?page_id=4775"},"modified":"2023-12-08T18:39:45","modified_gmt":"2023-12-08T16:39:45","slug":"collection-hannes-schwarz","status":"publish","type":"page","link":"https:\/\/stiftadmont.at\/fr\/museum\/ausstellungsrueckblick\/sammlung-hannes-schwarz\/","title":{"rendered":"Collection Hannes Schwarz"},"content":{"rendered":"<section id='lightpress__section--block_61016c115f065' class='lightpress__section--default-section-space lightpress__section lightpress__section--content'><div class=\"content__inner\"\n         x-init=\"initContentBlockAnim($el)\">\n        \n    <div class=\"content__grid content__grid--fifty-fifty\">\n                                            <div class=\"content__box content__box\"\n                 style=\"\">\n                                \n                \n                                            <div class=\"prose\"><h2 class=\"heading-xxl line line--gold\">art contemporain<\/h2>\n<p class=\"paragraph-m\">Hannes Schwarz \u00e9tait l'un des artistes styriens les plus importants de l'apr\u00e8s-guerre.<\/p>\n<p class=\"paragraph-m\">En 1997, l'artiste Hannes Schwarz a fait don de 24 peintures \u00e0 l'huile et de 68 gravures \u00e0 l'abbaye d'Admont. De 2002 \u00e0 2019, ces \u0153uvres ont \u00e9t\u00e9 expos\u00e9es dans l'ancienne \u00e9cole d'\u00e9quitation d'hiver au rez-de-chauss\u00e9e. \u00c0 partir de la saison 2021, une s\u00e9lection d'\u0153uvres de la fondation Hannes Schwarz sera repr\u00e9sent\u00e9e dans une section nouvellement adapt\u00e9e du mus\u00e9e d'art contemporain. Cette s\u00e9rie d'expositions sera inaugur\u00e9e par les \u0153uvres de jeunesse de Hannes Schwarz.<\/p>\n<\/div>\n                    \n                            <\/div>\n        \n                                                    <div class=\"content__box content__box--2\"\n                     >\n                                        \n                    \n                                                <div class=\"content__media stickyTo\" x-init=\"imageSticky($el)\">\n\n                                                                                    <picture\n                                    class=\"content__image sticky\">\n                                <source srcset=\"https:\/\/stiftadmont.at\/wp-content\/uploads\/042_Stift-Admont_\u00a9StefanLeitner_LEI7363-e1634722118166-1024x768.webp\" type=\"image\/webp\">\n                                <source srcset=\"https:\/\/stiftadmont.at\/wp-content\/uploads\/042_Stift-Admont_\u00a9StefanLeitner_LEI7363-e1634722118166-1024x768.jpg\" type=\"image\/jpeg\">\n                                <img decoding=\"async\" class=\"sticky\" loading=\"lazy\" src=\"https:\/\/stiftadmont.at\/wp-content\/uploads\/042_Stift-Admont_\u00a9StefanLeitner_LEI7363-e1634722118166-1024x768.jpg\" alt=\"042 Abbaye d&#039;Admont \u00a9StefanLeitner LEI7363 e1634722118166\" \/>\n\n                                                                                                                            <\/picture>\n\n                        <\/div>\n\n                                    <\/div>\n            \n            <\/div>\n<\/div>\n\n<\/section>\n\n<section id='lightpress__section--block_61016e326e8c1' class='lightpress__section--default-section-space lightpress__section lightpress__section--content'><div class=\"content__inner\"\n         x-init=\"initContentBlockAnim($el)\">\n        \n    <div class=\"content__grid content__grid--fifty-fifty\">\n                                            <div class=\"content__box content__box\"\n                 style=\"\">\n                                \n                \n                                        <div class=\"content__media stickyTo\" x-init=\"imageSticky($el)\">\n\n                                                                                                <picture\n                                class=\"content__image sticky\">\n                            <source srcset=\"https:\/\/stiftadmont.at\/wp-content\/uploads\/Schwarz-Molacek-1024x842.jpg\"\n                                    type=\"image\/webp\">\n                            <source srcset=\"https:\/\/stiftadmont.at\/wp-content\/uploads\/Schwarz-Molacek-1024x842.jpg\"\n                                    type=\"image\/jpeg\">\n                            <img decoding=\"async\" loading=\"lazy\" src=\"https:\/\/stiftadmont.at\/wp-content\/uploads\/Schwarz-Molacek-1024x842.jpg\" alt=\"Noir Molacek\" width=\"600\" height=\"450\" \/>\n                                                                                                            <\/picture>\n\n                    <\/div>\n\n                            <\/div>\n        \n                                                    <div class=\"content__box content__box--2\"\n                     >\n                                        \n                    \n                                                    <div class=\"prose\"><h3 class=\"heading-xl line line--red\"><span style=\"font-family: sans-serif;\">Hannes Noir <br \/>(1926 - 2014)<\/span><\/h3>\n<p class=\"paragraph-m\">Hannes Schwarz est n\u00e9 en 1926 \u00e0 Anger pr\u00e8s de Weiz. En raison de son talent artistique, il a \u00e9t\u00e9 envoy\u00e9 dans des \u00e9coles d'\u00e9lite national-socialistes.\u00a0<\/p>\n<div class=\"info info--warn-bg\">\n<p class=\"paragraph-m\">Un livre sur la vie et l'\u0153uvre de Hannes Schwarz est disponible au <a href=\"\/fr\/museumsshop\/\">Magasin du monast\u00e8re<\/a> disponible : <em>Hannes Schwarz, Voyage int\u00e9rieur. L'\u0153uvre artistique de Hannes Schwarz au monast\u00e8re b\u00e9n\u00e9dictin d'Admont. Edit\u00e9 par l'abb\u00e9 Bruno Hubl et Michael Braunsteiner, Admont 2002.<\/em><\/p>\n<\/div>\n<\/div>\n                        \n                                    <\/div>\n            \n            <\/div>\n<\/div>\n\n<\/section>\n\n<section id='lightpress__section--block_61016fae6e8c3' class='lightpress__section--default-section-space lightpress__section lightpress__section--content'><div class=\"content__inner\"\n         x-init=\"initContentBlockAnim($el)\">\n        \n    <div class=\"content__grid content__grid--fifty-fifty\">\n                                            <div class=\"content__box content__box\"\n                 style=\"\">\n                                \n                \n                                            <div class=\"prose\"><h3 class=\"heading-xl line line--gold\">Des traces marquantes<\/h3>\n<p class=\"paragraph-m\">Alors qu'il \u00e9tait \u00e9tudiant en peinture \u00e0 Stuttgart, il a \u00e9t\u00e9 appel\u00e9 sous les drapeaux en 1944. Les atrocit\u00e9s et la folie guerri\u00e8re des nazis ont laiss\u00e9 en lui des traces profondes qui ont marqu\u00e9 sa vie. La confrontation critique avec l'histoire contemporaine devient d\u00e9terminante dans son \u0153uvre.<\/p>\n<p class=\"paragraph-m\">En 1948, il recommence \u00e0 peindre et devient une figure incontournable de la sc\u00e8ne artistique de Graz. Il s'est int\u00e9ress\u00e9 de pr\u00e8s \u00e0 la philosophie de l'existentialisme et de l'\u00c9cole de Francfort.<\/p>\n<p>\u00a0<\/p>\n<\/div>\n                    \n                            <\/div>\n        \n                                                    <div class=\"content__box content__box--2\"\n                     >\n                                        \n                    \n                                                    <div class=\"prose\"><h3 class=\"heading-xl line line--red\">Image du monde<\/h3>\n<p class=\"paragraph-m\">Sa vision du monde s'exprime notamment dans les tableaux \u00e0 barreaux des ann\u00e9es 1960. Barreaux et corps humains maltrait\u00e9s : symboles des contraintes et de l'impasse de la vie. En 1980, un voyage en Espagne lui permet d'apaiser son style. L'homme dispara\u00eet, les paysages d\u00e9serts dominent en tant que symboles de la vie. Dans son \u0153uvre tardive, il retrouve des motifs qui \u00e9voquent des associations cultuelles et sacr\u00e9es. Et enfin, dans les repr\u00e9sentations de fruits, on ressent sa nostalgie d'une affirmation prudente de la vie.<\/p>\n<\/div>\n                        \n                                    <\/div>\n            \n            <\/div>\n<\/div>\n\n<\/section>\n\n<section id='lightpress__section--block_61518b80dfc80' class='lightpress__section--default-section-space lightpress__section lightpress__section--content'><div class=\"content__inner\"\n         x-init=\"initContentBlockAnim($el)\">\n        \n    <div class=\"content__grid content__grid\">\n                                            <div class=\"content__box content__box--one-hundred\"\n                 style=\"margin-top: -5em;\">\n                                \n                \n                                            <div class=\"prose\"><h3 class=\"heading-xl line line--gold text-center\">Cela pourrait aussi vous int\u00e9resser<\/h3>\n<\/div>\n                    \n                            <\/div>\n        \n            <\/div>\n<\/div>\n\n<\/section>\n\n<section id='lightpress__section--block_610170a86e8c4' class='lightpress__section--more-links--legacy lightpress__section--full-width lightpress__section--default-section-space lightpress__section lightpress__section--more-links'><div class=\"more\" x-init=\"initMoreLinksBlockAnim($el)\">\n    \n                    <a class=\"more__link\" href=\"\/fr\/retrospective-de-lexposition\/collection-mayer\/\">\n            <div class=\"more__media\">\n                                    <picture class=\"more__image\">\n                        <source srcset=\"https:\/\/stiftadmont.at\/wp-content\/uploads\/Gotik_2-1024x757.webp\" type=\"image\/webp\">\n                        <source srcset=\"https:\/\/stiftadmont.at\/wp-content\/uploads\/Gotik_2-1024x757.jpg\" type=\"image\/jpeg\">\n                        <img decoding=\"async\" loading=\"lazy\" src=\"https:\/\/stiftadmont.at\/wp-content\/uploads\/Gotik_2-1024x757.png\" alt=\"Gothique 2\" width=\"480\" height=\"280\" \/>\n                    <\/picture>\n                            <\/div>\n            <div class=\"more__content\">\n                <div class=\"more__title--container\">\n                                            <p class=\"more__title\">Collection Mayer<\/p>\n                                    <\/div>\n                            <\/div>\n        <\/a>\n                    <a class=\"more__link\" href=\"\/fr\/sammlungen__trashed\/strategie-de-collecte\/\">\n            <div class=\"more__media\">\n                                    <picture class=\"more__image\">\n                        <source srcset=\"https:\/\/stiftadmont.at\/wp-content\/uploads\/O0B1461-1024x683.webp\" type=\"image\/webp\">\n                        <source srcset=\"https:\/\/stiftadmont.at\/wp-content\/uploads\/O0B1461-1024x683.jpg\" type=\"image\/jpeg\">\n                        <img decoding=\"async\" loading=\"lazy\" src=\"https:\/\/stiftadmont.at\/wp-content\/uploads\/O0B1461-1024x683.jpg\" alt=\"O0B1461\" width=\"480\" height=\"280\" \/>\n                    <\/picture>\n                            <\/div>\n            <div class=\"more__content\">\n                <div class=\"more__title--container\">\n                                            <p class=\"more__title\">Strat\u00e9gie de collection \u00e0 l'abbaye d'Admont<\/p>\n                                    <\/div>\n                            <\/div>\n        <\/a>\n                    <a class=\"more__link\" href=\"\/fr\/sammlungen__trashed\/au-dela-de-la-vision\/\">\n            <div class=\"more__media\">\n                                    <picture class=\"more__image\">\n                        <source srcset=\"https:\/\/stiftadmont.at\/wp-content\/uploads\/PLAY-ART-.-JENSEITS-DES-SEHENS.-c-Barbara-Eisner-B-1-1024x673.webp\" type=\"image\/webp\">\n                        <source srcset=\"https:\/\/stiftadmont.at\/wp-content\/uploads\/PLAY-ART-.-JENSEITS-DES-SEHENS.-c-Barbara-Eisner-B-1-1024x673.jpg\" type=\"image\/jpeg\">\n                        <img decoding=\"async\" loading=\"lazy\" src=\"https:\/\/stiftadmont.at\/wp-content\/uploads\/PLAY-ART-.-JENSEITS-DES-SEHENS.-c-Barbara-Eisner-B-1-1024x673.jpg\"\n                             alt=\"PLAY ART . AU-DEL\u00c0 DE LA VISION. c Barbara Eisner B 1 scaled\" width=\"480\"\n                             height=\"280\">\n                    <\/picture>\n                            <\/div>\n            <div class=\"more__content\">\n                <div class=\"more__title--container\">\n                                            <p class=\"more__title\">Au-del\u00e0 de la vision<\/p>\n                                    <\/div>\n                            <\/div>\n        <\/a>\n    \n<\/div>\n\n<\/section>","protected":false},"excerpt":{"rendered":"","protected":false},"author":7,"featured_media":0,"parent":5864,"menu_order":88,"comment_status":"closed","ping_status":"closed","template":"","meta":{"_acf_changed":false,"footnotes":""},"categories":[73],"class_list":["post-4775","page","type-page","status-publish","hentry","category-ausstellungsrueckblick"],"acf":[],"yoast_head":"<!-- This site is optimized with the Yoast SEO Premium plugin v26.0 (Yoast SEO v26.8) - https:\/\/yoast.com\/product\/yoast-seo-premium-wordpress\/ -->\n<title>Sammlung Hannes Schwarz - Stift Admont<\/title>\n<meta name=\"robots\" content=\"index, follow, max-snippet:-1, max-image-preview:large, max-video-preview:-1\" \/>\n<link rel=\"canonical\" href=\"https:\/\/stiftadmont.at\/fr\/musee\/retrospective-de-lexposition\/collection-hannes-schwarz\/\" \/>\n<meta property=\"og:locale\" content=\"fr_FR\" \/>\n<meta property=\"og:type\" content=\"article\" \/>\n<meta property=\"og:title\" content=\"Sammlung Hannes Schwarz\" \/>\n<meta property=\"og:url\" content=\"https:\/\/stiftadmont.at\/fr\/musee\/retrospective-de-lexposition\/collection-hannes-schwarz\/\" \/>\n<meta property=\"og:site_name\" content=\"Stift Admont\" \/>\n<meta property=\"article:modified_time\" content=\"2023-12-08T16:39:45+00:00\" \/>\n<meta property=\"og:image\" content=\"https:\/\/stiftadmont.at\/wp-content\/uploads\/Klosteranlage-innen.jpg\" \/>\n\t<meta property=\"og:image:width\" content=\"1912\" \/>\n\t<meta property=\"og:image:height\" content=\"1188\" \/>\n\t<meta property=\"og:image:type\" content=\"image\/jpeg\" \/>\n<meta name=\"twitter:card\" content=\"summary_large_image\" \/>\n<script type=\"application\/ld+json\" class=\"yoast-schema-graph\">{\"@context\":\"https:\/\/schema.org\",\"@graph\":[{\"@type\":\"WebPage\",\"@id\":\"https:\/\/stiftadmont.at\/museum\/ausstellungsrueckblick\/sammlung-hannes-schwarz\/\",\"url\":\"https:\/\/stiftadmont.at\/museum\/ausstellungsrueckblick\/sammlung-hannes-schwarz\/\",\"name\":\"Sammlung Hannes Schwarz - Stift Admont\",\"isPartOf\":{\"@id\":\"https:\/\/stiftadmont.at\/#website\"},\"datePublished\":\"2021-07-28T14:39:20+00:00\",\"dateModified\":\"2023-12-08T16:39:45+00:00\",\"breadcrumb\":{\"@id\":\"https:\/\/stiftadmont.at\/museum\/ausstellungsrueckblick\/sammlung-hannes-schwarz\/#breadcrumb\"},\"inLanguage\":\"fr-FR\",\"potentialAction\":[{\"@type\":\"ReadAction\",\"target\":[\"https:\/\/stiftadmont.at\/museum\/ausstellungsrueckblick\/sammlung-hannes-schwarz\/\"]}]},{\"@type\":\"BreadcrumbList\",\"@id\":\"https:\/\/stiftadmont.at\/museum\/ausstellungsrueckblick\/sammlung-hannes-schwarz\/#breadcrumb\",\"itemListElement\":[{\"@type\":\"ListItem\",\"position\":1,\"name\":\"Start\",\"item\":\"https:\/\/stiftadmont.at\/\"},{\"@type\":\"ListItem\",\"position\":2,\"name\":\"Museum Stift Admont\",\"item\":\"https:\/\/stiftadmont.at\/museum\/\"},{\"@type\":\"ListItem\",\"position\":3,\"name\":\"Ausstellungsr\u00fcckblick\",\"item\":\"https:\/\/stiftadmont.at\/museum\/ausstellungsrueckblick\/\"},{\"@type\":\"ListItem\",\"position\":4,\"name\":\"Sammlung Hannes Schwarz\"}]},{\"@type\":\"WebSite\",\"@id\":\"https:\/\/stiftadmont.at\/#website\",\"url\":\"https:\/\/stiftadmont.at\/\",\"name\":\"Stift Admont\",\"description\":\"Benediktinerkloster und Sehensw\u00fcrdigkeit im Ges\u00e4use\",\"potentialAction\":[{\"@type\":\"SearchAction\",\"target\":{\"@type\":\"EntryPoint\",\"urlTemplate\":\"https:\/\/stiftadmont.at\/?s={search_term_string}\"},\"query-input\":{\"@type\":\"PropertyValueSpecification\",\"valueRequired\":true,\"valueName\":\"search_term_string\"}}],\"inLanguage\":\"fr-FR\"}]}<\/script>\n<!-- \/ Yoast SEO Premium plugin. -->","yoast_head_json":{"title":"Collection Hannes Schwarz - Abbaye d'Admont","robots":{"index":"index","follow":"follow","max-snippet":"max-snippet:-1","max-image-preview":"max-image-preview:large","max-video-preview":"max-video-preview:-1"},"canonical":"https:\/\/stiftadmont.at\/fr\/musee\/retrospective-de-lexposition\/collection-hannes-schwarz\/","og_locale":"fr_FR","og_type":"article","og_title":"Sammlung Hannes Schwarz","og_url":"https:\/\/stiftadmont.at\/fr\/musee\/retrospective-de-lexposition\/collection-hannes-schwarz\/","og_site_name":"Stift Admont","article_modified_time":"2023-12-08T16:39:45+00:00","og_image":[{"width":1912,"height":1188,"url":"https:\/\/stiftadmont.at\/wp-content\/uploads\/Klosteranlage-innen.jpg","type":"image\/jpeg"}],"twitter_card":"summary_large_image","schema":{"@context":"https:\/\/schema.org","@graph":[{"@type":"WebPage","@id":"https:\/\/stiftadmont.at\/museum\/ausstellungsrueckblick\/sammlung-hannes-schwarz\/","url":"https:\/\/stiftadmont.at\/museum\/ausstellungsrueckblick\/sammlung-hannes-schwarz\/","name":"Collection Hannes Schwarz - Abbaye d'Admont","isPartOf":{"@id":"https:\/\/stiftadmont.at\/#website"},"datePublished":"2021-07-28T14:39:20+00:00","dateModified":"2023-12-08T16:39:45+00:00","breadcrumb":{"@id":"https:\/\/stiftadmont.at\/museum\/ausstellungsrueckblick\/sammlung-hannes-schwarz\/#breadcrumb"},"inLanguage":"fr-FR","potentialAction":[{"@type":"ReadAction","target":["https:\/\/stiftadmont.at\/museum\/ausstellungsrueckblick\/sammlung-hannes-schwarz\/"]}]},{"@type":"BreadcrumbList","@id":"https:\/\/stiftadmont.at\/museum\/ausstellungsrueckblick\/sammlung-hannes-schwarz\/#breadcrumb","itemListElement":[{"@type":"ListItem","position":1,"name":"Start","item":"https:\/\/stiftadmont.at\/"},{"@type":"ListItem","position":2,"name":"Museum Stift Admont","item":"https:\/\/stiftadmont.at\/museum\/"},{"@type":"ListItem","position":3,"name":"Ausstellungsr\u00fcckblick","item":"https:\/\/stiftadmont.at\/museum\/ausstellungsrueckblick\/"},{"@type":"ListItem","position":4,"name":"Sammlung Hannes Schwarz"}]},{"@type":"WebSite","@id":"https:\/\/stiftadmont.at\/#website","url":"https:\/\/stiftadmont.at\/","name":"Abbaye d'Admont","description":"Monast\u00e8re b\u00e9n\u00e9dictin et attraction touristique dans le Ges\u00e4use","potentialAction":[{"@type":"SearchAction","target":{"@type":"EntryPoint","urlTemplate":"https:\/\/stiftadmont.at\/?s={search_term_string}"},"query-input":{"@type":"PropertyValueSpecification","valueRequired":true,"valueName":"search_term_string"}}],"inLanguage":"fr-FR"}]}},"_links":{"self":[{"href":"https:\/\/stiftadmont.at\/fr\/wp-json\/wp\/v2\/pages\/4775","targetHints":{"allow":["GET"]}}],"collection":[{"href":"https:\/\/stiftadmont.at\/fr\/wp-json\/wp\/v2\/pages"}],"about":[{"href":"https:\/\/stiftadmont.at\/fr\/wp-json\/wp\/v2\/types\/page"}],"author":[{"embeddable":true,"href":"https:\/\/stiftadmont.at\/fr\/wp-json\/wp\/v2\/users\/7"}],"replies":[{"embeddable":true,"href":"https:\/\/stiftadmont.at\/fr\/wp-json\/wp\/v2\/comments?post=4775"}],"version-history":[{"count":90,"href":"https:\/\/stiftadmont.at\/fr\/wp-json\/wp\/v2\/pages\/4775\/revisions"}],"predecessor-version":[{"id":13686,"href":"https:\/\/stiftadmont.at\/fr\/wp-json\/wp\/v2\/pages\/4775\/revisions\/13686"}],"up":[{"embeddable":true,"href":"https:\/\/stiftadmont.at\/fr\/wp-json\/wp\/v2\/pages\/5864"}],"wp:attachment":[{"href":"https:\/\/stiftadmont.at\/fr\/wp-json\/wp\/v2\/media?parent=4775"}],"wp:term":[{"taxonomy":"category","embeddable":true,"href":"https:\/\/stiftadmont.at\/fr\/wp-json\/wp\/v2\/categories?post=4775"}],"curies":[{"name":"wp","href":"https:\/\/api.w.org\/{rel}","templated":true}]}}