{"id":515,"date":"2021-07-15T14:28:06","date_gmt":"2021-07-15T12:28:06","guid":{"rendered":"https:\/\/stiftadmont.at\/?page_id=515"},"modified":"2026-04-07T08:06:17","modified_gmt":"2026-04-07T06:06:17","slug":"stiftsgaertnerei-fleurs-et-vin","status":"publish","type":"page","link":"https:\/\/stiftadmont.at\/fr\/stiftsgaertnerei-blumen-und-wein\/","title":{"rendered":"Fleurs et vin de l'abbaye"},"content":{"rendered":"<section id='lightpress__section--block_5c1d8061b32f84f290f93c85e36e6619' class='align-center lightpress__section--default-section-space lightpress__section lightpress__section--headline'><div class=\"headline__container\">\n            <h2 class=\"headline text--40 text-medium line line--gold line-above line-middle\">La p\u00e9pini\u00e8re de l'abbaye b\u00e9n\u00e9dictine d'Admont<\/h2>\n        <p class=\"text-center text-gold text--20 text-medium text--uppercase\">Des fleurs et du vin de qualit\u00e9 sup\u00e9rieure<\/p>\n        <div class=\"spacer--40\"><\/div>\n<\/div>\n\n<\/section>\n\n<section id='lightpress__section--block_2b1d73e6ad27c683d9da4dacb91bfb92' class='lightpress__section--default-section-space lightpress__section lightpress__section--content'><div class=\"content__inner\"\n         x-init=\"initContentBlockAnim($el)\">\n        \n    <div class=\"content__grid content__grid--fifty-fifty\">\n                                            <div class=\"content__box content__box\"\n                 style=\"\">\n                                \n                \n                                        <div class=\"content__media stickyTo\" x-init=\"imageSticky($el)\">\n\n                                                                                                <picture\n                                class=\"content__image sticky\">\n                            <source srcset=\"https:\/\/stiftadmont.at\/wp-content\/uploads\/Blumen_min_Thomas-Sattler1-1024x676.png\"\n                                    type=\"image\/webp\">\n                            <source srcset=\"https:\/\/stiftadmont.at\/wp-content\/uploads\/Blumen_min_Thomas-Sattler1-1024x676.png\"\n                                    type=\"image\/jpeg\">\n                            <img decoding=\"async\" loading=\"lazy\" src=\"https:\/\/stiftadmont.at\/wp-content\/uploads\/Blumen_min_Thomas-Sattler1-1024x676.png\" alt=\"Fleurs min Thomas Sattler\" width=\"600\" height=\"450\" \/>\n                                                                                                            <\/picture>\n\n                    <\/div>\n\n                            <\/div>\n        \n                                                    <div class=\"content__box content__box--2\"\n                     >\n                                        \n                    \n                                                    <div class=\"prose\"><h5 class=\"heading-m line line-above line--gold\" data-start=\"0\" data-end=\"65\"><strong data-start=\"0\" data-end=\"65\">Parce que nous aimons ce que nous faisons - Fleurs &amp; plus de l'abbaye d'Admont<\/strong><\/h5>\n<p data-start=\"0\" data-end=\"65\">\u00a0<\/p>\n<p data-start=\"67\" data-end=\"316\">Que ce soit pour un anniversaire, un message d'amour, un petit remerciement ou tout simplement \"comme \u00e7a\", les fleurs en disent plus que mille mots. Et comme nous avons fait de notre passion notre m\u00e9tier, nous concevons chaque bouquet avec un soin particulier et une attention aux d\u00e9tails.<\/p>\n<p data-start=\"67\" data-end=\"316\">\u00a0<\/p>\n<p data-start=\"318\" data-end=\"479\">Gr\u00e2ce \u00e0 notre propre p\u00e9pini\u00e8re et \u00e0 nos livraisons quotidiennes de produits frais, nous vous garantissons une qualit\u00e9 florissante pour chaque occasion - fra\u00eeche, saisonni\u00e8re et styl\u00e9e.<\/p>\n<p data-start=\"318\" data-end=\"479\">\u00a0<\/p>\n<p data-start=\"481\" data-end=\"756\"><strong>Plus que des fleurs<\/strong><br data-start=\"506\" data-end=\"509\" \/>Dans notre boutique de fleurs, vous trouverez non seulement des beaut\u00e9s florales, mais aussi des compagnons particuliers :<\/p>\n<p data-start=\"481\" data-end=\"756\"><br data-start=\"610\" data-end=\"613\" \/><strong>- Vin prim\u00e9 DVERI PAX<\/strong><br data-start=\"644\" data-end=\"647\" \/><strong> - D\u00e9licieux produits r\u00e9gionaux de la boutique de l'abbaye<\/strong><br data-start=\"698\" data-end=\"701\" \/><strong> - Articles de d\u00e9coration d'ambiance adapt\u00e9s \u00e0 la saison<\/strong><\/p>\n<p class=\"paragraph-m\">\u00a0<\/p>\n<p data-start=\"758\" data-end=\"846\" data-is-last-node=\"\" data-is-only-node=\"\"><strong data-start=\"758\" data-end=\"846\" data-is-last-node=\"\">Passez nous voir - nous nous r\u00e9jouissons de rendre vos moments sp\u00e9ciaux encore plus beaux.<\/strong><\/p>\n<p>\u00a0<\/p>\n<p><a class=\"admont-button admont-button--secondary\" title=\"www.dveri-pax.at\" href=\"https:\/\/dveri-pax.at\/weinshop\/\" target=\"_blank\" rel=\"noopener\">Vers la boutique de vin en ligne - www.dveri-pax.at<\/a><\/p>\n<p>\u00a0<\/p>\n<\/div>\n                        \n                                    <\/div>\n            \n            <\/div>\n<\/div>\n\n<\/section>\n\n<section id='lightpress__section--block_a03a5fa2194968f8081f430b1fab3eca' class='bg--beige lightpress__section--colored-bg lightpress__section--default-section-space lightpress__section lightpress__section--content'><div class=\"content__inner\"\n         x-init=\"initContentBlockAnim($el)\">\n        \n    <div class=\"content__grid content__grid--fifty-fifty\">\n                                            <div class=\"content__box content__box\"\n                 style=\"\">\n                                \n                \n                                            <div class=\"prose\"><h5 class=\"heading-m line line-above line--gold\">Journ\u00e9e portes ouvertes \u00e0 la p\u00e9pini\u00e8re de l'abbaye d'Admont<\/h5>\n<p>\u00a0<\/p>\n<p><strong>Le 25 avril 2026 <\/strong>d\u00e9couvrez l'abbaye d'Admont dans toute sa diversit\u00e9 ! Lors de la journ\u00e9e portes ouvertes, nous vous invitons cordialement \u00e0 jeter un coup d'\u0153il dans les coulisses de notre p\u00e9pini\u00e8re riche en traditions et \u00e0 d\u00e9couvrir le monde fascinant des plantes avec tous vos sens.<\/p>\n<p>\u00a0<\/p>\n<p>Promenez-vous dans nos serres soigneusement entretenues, laissez-vous inspirer par la splendeur des couleurs des fleurs de saison et obtenez de pr\u00e9cieux conseils directement de nos jardiniers et fleuristes. Amoureux du jardinage, jardiniers amateurs ou simples curieux, chacun trouvera ici son bonheur.<\/p>\n<p>\u00a0<\/p>\n<p>Profitez de l'atmosph\u00e8re particuli\u00e8re, d\u00e9couvrez la diversit\u00e9 r\u00e9gionale des plantes et apprenez-en plus sur la culture durable des jardins au c\u0153ur de l'abbaye d'Admont.\u00a0<\/p>\n<p>\u00a0<\/p>\n<p><strong>Venez nous rendre visite, laissez-vous inspirer et passez une journ\u00e9e d\u00e9tendue et fleurie chez nous, \u00e0 la p\u00e9pini\u00e8re de l'abbaye d'Admont !<\/strong><\/p>\n<p>\u00a0<\/p>\n<p>Nous nous r\u00e9jouissons de votre visite !<\/p>\n<\/div>\n                    \n                            <\/div>\n        \n                                                    <div class=\"content__box content__box--2\"\n                     >\n                                        \n                    \n                                                <div class=\"content__media stickyTo\" x-init=\"imageSticky($el)\">\n\n                                                                                    <picture\n                                    class=\"content__image sticky\">\n                                <source srcset=\"https:\/\/stiftadmont.at\/wp-content\/uploads\/gaertnerei-offene-Tuere-727x1024.webp\" type=\"image\/webp\">\n                                <source srcset=\"https:\/\/stiftadmont.at\/wp-content\/uploads\/gaertnerei-offene-Tuere-727x1024.jpg\" type=\"image\/jpeg\">\n                                <img decoding=\"async\" class=\"sticky\" loading=\"lazy\" src=\"https:\/\/stiftadmont.at\/wp-content\/uploads\/gaertnerei-offene-Tuere-727x1024.png\" alt=\"portes ouvertes de l&#039;horticulture\" \/>\n\n                                                                                                                            <\/picture>\n\n                        <\/div>\n\n                                    <\/div>\n            \n            <\/div>\n<\/div>\n\n    <div class=\"background__container background__container--beige\">\n    <\/div>\n\n<\/section>\n\n<section id='lightpress__section--block_c9a70092a1e215a321e42c26aeddde8a' class='lightpress__section--more-links--950 lightpress__section--full-width lightpress__section--default-section-space lightpress__section lightpress__section--more-links'><div class=\"more\" x-init=\"initMoreLinksBlockAnim($el)\">\n            <style>\n            #lightpress__section--block_c9a70092a1e215a321e42c26aeddde8a .more {\n                --entry-width: calc(100% \/ 4 - var(--grid-gap) * 4);\n                grid-template-columns: repeat(auto-fit, minmax(max(var(--entry-width),50rem), 1fr));\n            }\n        <\/style>\n    \n                    <a class=\"more__link\" href=\"https:\/\/stiftadmont.at\/fr\/stiftsgaertnerei-fleurs-et-vin\/heures-douverture-equipe-contact\/\">\n            <div class=\"more__media\">\n                                    <picture class=\"more__image\">\n                        <source srcset=\"https:\/\/stiftadmont.at\/wp-content\/uploads\/Gaertnerei-11-1024x683.webp\" type=\"image\/webp\">\n                        <source srcset=\"https:\/\/stiftadmont.at\/wp-content\/uploads\/Gaertnerei-11-1024x683.jpg\" type=\"image\/jpeg\">\n                        <img decoding=\"async\" loading=\"lazy\" src=\"https:\/\/stiftadmont.at\/wp-content\/uploads\/Gaertnerei-11-1024x683.jpg\"\n                             alt=\"Jardinage 2022\" >\n                    <\/picture>\n                            <\/div>\n            <div class=\"more__content\">\n                <div class=\"more__title--container\">\n                                            \n                                                                            \n                        <p class=\"text-bold text-white text--serif text--26\">Heures d'ouverture, \u00e9quipe, contact<\/p>\n                                                            <\/div>\n                                    <div class=\"more__cta\">\n                        <i class=\"fa-thin fa-chevron-right\"><\/i>\n                    <\/div>\n                            <\/div>\n        <\/a>\n                    <a class=\"more__link\" href=\"https:\/\/stiftadmont.at\/fr\/stiftsgaertnerei-fleurs-et-vin\/art-floral\/\">\n            <div class=\"more__media\">\n                                    <picture class=\"more__image\">\n                        <source srcset=\"https:\/\/stiftadmont.at\/wp-content\/uploads\/Blumenstrauss_min_Thomas-Sattler-1024x803.webp\" type=\"image\/webp\">\n                        <source srcset=\"https:\/\/stiftadmont.at\/wp-content\/uploads\/Blumenstrauss_min_Thomas-Sattler-1024x803.jpg\" type=\"image\/jpeg\">\n                        <img decoding=\"async\" loading=\"lazy\" src=\"https:\/\/stiftadmont.at\/wp-content\/uploads\/Blumenstrauss_min_Thomas-Sattler-1024x803.png\" alt=\"Bouquet de fleurs min Thomas Sattler\" \/>\n                    <\/picture>\n                            <\/div>\n            <div class=\"more__content\">\n                <div class=\"more__title--container\">\n                                            \n                                                                            \n                        <p class=\"text-bold text-white text--serif text--26\">Fleurs et art floral<\/p>\n                                                            <\/div>\n                                    <div class=\"more__cta\">\n                        <i class=\"fa-thin fa-chevron-right\"><\/i>\n                    <\/div>\n                            <\/div>\n        <\/a>\n                    <a class=\"more__link\" href=\"https:\/\/stiftadmont.at\/fr\/stiftsgaertnerei-fleurs-et-vin\/gaertnerei\/\">\n            <div class=\"more__media\">\n                                    <picture class=\"more__image\">\n                        <source srcset=\"https:\/\/stiftadmont.at\/wp-content\/uploads\/Gaertnerei-2-1024x683.webp\" type=\"image\/webp\">\n                        <source srcset=\"https:\/\/stiftadmont.at\/wp-content\/uploads\/Gaertnerei-2-1024x683.jpg\" type=\"image\/jpeg\">\n                        <img decoding=\"async\" loading=\"lazy\" src=\"https:\/\/stiftadmont.at\/wp-content\/uploads\/Gaertnerei-2-1024x683.jpg\"\n                             alt=\"Jardinage 2022\" >\n                    <\/picture>\n                            <\/div>\n            <div class=\"more__content\">\n                <div class=\"more__title--container\">\n                                            \n                                                                            \n                        <p class=\"text-bold text-white text--serif text--26\">Entreprise horticole<\/p>\n                                                            <\/div>\n                                    <div class=\"more__cta\">\n                        <i class=\"fa-thin fa-chevron-right\"><\/i>\n                    <\/div>\n                            <\/div>\n        <\/a>\n                    <a class=\"more__link\" href=\"https:\/\/stiftadmont.at\/fr\/stiftsgaertnerei-fleurs-et-vin\/vin\/\">\n            <div class=\"more__media\">\n                                    <picture class=\"more__image\">\n                        <source srcset=\"https:\/\/stiftadmont.at\/wp-content\/uploads\/Dveri-Pax-Stimmungsbilder-www-86-1024x683.webp\" type=\"image\/webp\">\n                        <source srcset=\"https:\/\/stiftadmont.at\/wp-content\/uploads\/Dveri-Pax-Stimmungsbilder-www-86-1024x683.jpg\" type=\"image\/jpeg\">\n                        <img decoding=\"async\" loading=\"lazy\" src=\"https:\/\/stiftadmont.at\/wp-content\/uploads\/Dveri-Pax-Stimmungsbilder-www-86-1024x683.jpg\"\n                             alt=\"Dveri Pax images d&#039;ambiance\" >\n                    <\/picture>\n                            <\/div>\n            <div class=\"more__content\">\n                <div class=\"more__title--container\">\n                                            \n                                                                            \n                        <p class=\"text-bold text-white text--serif text--26\">DVERI PAX Pleurs<\/p>\n                                                            <\/div>\n                                    <div class=\"more__cta\">\n                        <i class=\"fa-thin fa-chevron-right\"><\/i>\n                    <\/div>\n                            <\/div>\n        <\/a>\n    \n<\/div>\n\n<\/section>","protected":false},"excerpt":{"rendered":"","protected":false},"author":3,"featured_media":0,"parent":0,"menu_order":112,"comment_status":"closed","ping_status":"closed","template":"","meta":{"_acf_changed":false,"footnotes":""},"categories":[],"class_list":["post-515","page","type-page","status-publish","hentry"],"acf":[],"yoast_head":"<!-- This site is optimized with the Yoast SEO Premium plugin v26.0 (Yoast SEO v26.8) - https:\/\/yoast.com\/product\/yoast-seo-premium-wordpress\/ -->\n<title>Stiftsg\u00e4rtnerei Blumen und Wein - Stift Admont<\/title>\n<meta name=\"description\" content=\"Stiftsg\u00e4rtnerei Admont: Frische Blumen, regionaler DVERI PAX Wein und feine Klosterprodukte. F\u00fcr besondere Momente mit Herz und Qualit\u00e4t.\" \/>\n<meta name=\"robots\" content=\"index, follow, max-snippet:-1, max-image-preview:large, max-video-preview:-1\" \/>\n<link rel=\"canonical\" href=\"https:\/\/stiftadmont.at\/fr\/stiftsgaertnerei-fleurs-et-vin\/\" \/>\n<meta property=\"og:locale\" content=\"fr_FR\" \/>\n<meta property=\"og:type\" content=\"article\" \/>\n<meta property=\"og:title\" content=\"Stiftsg\u00e4rtnerei Blumen und Wein\" \/>\n<meta property=\"og:description\" content=\"Stiftsg\u00e4rtnerei Admont: Frische Blumen, regionaler DVERI PAX Wein und feine Klosterprodukte. F\u00fcr besondere Momente mit Herz und Qualit\u00e4t.\" \/>\n<meta property=\"og:url\" content=\"https:\/\/stiftadmont.at\/fr\/stiftsgaertnerei-fleurs-et-vin\/\" \/>\n<meta property=\"og:site_name\" content=\"Stift Admont\" \/>\n<meta property=\"article:modified_time\" content=\"2026-04-07T06:06:17+00:00\" \/>\n<meta property=\"og:image\" content=\"https:\/\/stiftadmont.at\/wp-content\/uploads\/Klosteranlage-innen.jpg\" \/>\n\t<meta property=\"og:image:width\" content=\"1912\" \/>\n\t<meta property=\"og:image:height\" content=\"1188\" \/>\n\t<meta property=\"og:image:type\" content=\"image\/jpeg\" \/>\n<meta name=\"twitter:card\" content=\"summary_large_image\" \/>\n<script type=\"application\/ld+json\" class=\"yoast-schema-graph\">{\"@context\":\"https:\/\/schema.org\",\"@graph\":[{\"@type\":\"WebPage\",\"@id\":\"https:\/\/stiftadmont.at\/stiftsgaertnerei-blumen-und-wein\/\",\"url\":\"https:\/\/stiftadmont.at\/stiftsgaertnerei-blumen-und-wein\/\",\"name\":\"Stiftsg\u00e4rtnerei Blumen und Wein - Stift Admont\",\"isPartOf\":{\"@id\":\"https:\/\/stiftadmont.at\/#website\"},\"datePublished\":\"2021-07-15T12:28:06+00:00\",\"dateModified\":\"2026-04-07T06:06:17+00:00\",\"description\":\"Stiftsg\u00e4rtnerei Admont: Frische Blumen, regionaler DVERI PAX Wein und feine Klosterprodukte. F\u00fcr besondere Momente mit Herz und Qualit\u00e4t.\",\"breadcrumb\":{\"@id\":\"https:\/\/stiftadmont.at\/stiftsgaertnerei-blumen-und-wein\/#breadcrumb\"},\"inLanguage\":\"fr-FR\",\"potentialAction\":[{\"@type\":\"ReadAction\",\"target\":[\"https:\/\/stiftadmont.at\/stiftsgaertnerei-blumen-und-wein\/\"]}]},{\"@type\":\"BreadcrumbList\",\"@id\":\"https:\/\/stiftadmont.at\/stiftsgaertnerei-blumen-und-wein\/#breadcrumb\",\"itemListElement\":[{\"@type\":\"ListItem\",\"position\":1,\"name\":\"Start\",\"item\":\"https:\/\/stiftadmont.at\/\"},{\"@type\":\"ListItem\",\"position\":2,\"name\":\"Stiftsg\u00e4rtnerei Blumen und Wein\"}]},{\"@type\":\"WebSite\",\"@id\":\"https:\/\/stiftadmont.at\/#website\",\"url\":\"https:\/\/stiftadmont.at\/\",\"name\":\"Stift Admont\",\"description\":\"Benediktinerkloster und Sehensw\u00fcrdigkeit im Ges\u00e4use\",\"potentialAction\":[{\"@type\":\"SearchAction\",\"target\":{\"@type\":\"EntryPoint\",\"urlTemplate\":\"https:\/\/stiftadmont.at\/?s={search_term_string}\"},\"query-input\":{\"@type\":\"PropertyValueSpecification\",\"valueRequired\":true,\"valueName\":\"search_term_string\"}}],\"inLanguage\":\"fr-FR\"}]}<\/script>\n<!-- \/ Yoast SEO Premium plugin. -->","yoast_head_json":{"title":"Fleurs et vin de l'abbaye - Stift Admont","description":"Stiftsg\u00e4rtnerei Admont : des fleurs fra\u00eeches, du vin r\u00e9gional DVERI PAX et de d\u00e9licieux produits monastiques. Pour des moments particuliers avec du c\u0153ur et de la qualit\u00e9.","robots":{"index":"index","follow":"follow","max-snippet":"max-snippet:-1","max-image-preview":"max-image-preview:large","max-video-preview":"max-video-preview:-1"},"canonical":"https:\/\/stiftadmont.at\/fr\/stiftsgaertnerei-fleurs-et-vin\/","og_locale":"fr_FR","og_type":"article","og_title":"Stiftsg\u00e4rtnerei Blumen und Wein","og_description":"Stiftsg\u00e4rtnerei Admont: Frische Blumen, regionaler DVERI PAX Wein und feine Klosterprodukte. F\u00fcr besondere Momente mit Herz und Qualit\u00e4t.","og_url":"https:\/\/stiftadmont.at\/fr\/stiftsgaertnerei-fleurs-et-vin\/","og_site_name":"Stift Admont","article_modified_time":"2026-04-07T06:06:17+00:00","og_image":[{"width":1912,"height":1188,"url":"https:\/\/stiftadmont.at\/wp-content\/uploads\/Klosteranlage-innen.jpg","type":"image\/jpeg"}],"twitter_card":"summary_large_image","schema":{"@context":"https:\/\/schema.org","@graph":[{"@type":"WebPage","@id":"https:\/\/stiftadmont.at\/stiftsgaertnerei-blumen-und-wein\/","url":"https:\/\/stiftadmont.at\/stiftsgaertnerei-blumen-und-wein\/","name":"Fleurs et vin de l'abbaye - Stift Admont","isPartOf":{"@id":"https:\/\/stiftadmont.at\/#website"},"datePublished":"2021-07-15T12:28:06+00:00","dateModified":"2026-04-07T06:06:17+00:00","description":"Stiftsg\u00e4rtnerei Admont : des fleurs fra\u00eeches, du vin r\u00e9gional DVERI PAX et de d\u00e9licieux produits monastiques. Pour des moments particuliers avec du c\u0153ur et de la qualit\u00e9.","breadcrumb":{"@id":"https:\/\/stiftadmont.at\/stiftsgaertnerei-blumen-und-wein\/#breadcrumb"},"inLanguage":"fr-FR","potentialAction":[{"@type":"ReadAction","target":["https:\/\/stiftadmont.at\/stiftsgaertnerei-blumen-und-wein\/"]}]},{"@type":"BreadcrumbList","@id":"https:\/\/stiftadmont.at\/stiftsgaertnerei-blumen-und-wein\/#breadcrumb","itemListElement":[{"@type":"ListItem","position":1,"name":"Start","item":"https:\/\/stiftadmont.at\/"},{"@type":"ListItem","position":2,"name":"Stiftsg\u00e4rtnerei Blumen und Wein"}]},{"@type":"WebSite","@id":"https:\/\/stiftadmont.at\/#website","url":"https:\/\/stiftadmont.at\/","name":"Abbaye d'Admont","description":"Monast\u00e8re b\u00e9n\u00e9dictin et attraction touristique dans le Ges\u00e4use","potentialAction":[{"@type":"SearchAction","target":{"@type":"EntryPoint","urlTemplate":"https:\/\/stiftadmont.at\/?s={search_term_string}"},"query-input":{"@type":"PropertyValueSpecification","valueRequired":true,"valueName":"search_term_string"}}],"inLanguage":"fr-FR"}]}},"_links":{"self":[{"href":"https:\/\/stiftadmont.at\/fr\/wp-json\/wp\/v2\/pages\/515","targetHints":{"allow":["GET"]}}],"collection":[{"href":"https:\/\/stiftadmont.at\/fr\/wp-json\/wp\/v2\/pages"}],"about":[{"href":"https:\/\/stiftadmont.at\/fr\/wp-json\/wp\/v2\/types\/page"}],"author":[{"embeddable":true,"href":"https:\/\/stiftadmont.at\/fr\/wp-json\/wp\/v2\/users\/3"}],"replies":[{"embeddable":true,"href":"https:\/\/stiftadmont.at\/fr\/wp-json\/wp\/v2\/comments?post=515"}],"version-history":[{"count":248,"href":"https:\/\/stiftadmont.at\/fr\/wp-json\/wp\/v2\/pages\/515\/revisions"}],"predecessor-version":[{"id":40887,"href":"https:\/\/stiftadmont.at\/fr\/wp-json\/wp\/v2\/pages\/515\/revisions\/40887"}],"wp:attachment":[{"href":"https:\/\/stiftadmont.at\/fr\/wp-json\/wp\/v2\/media?parent=515"}],"wp:term":[{"taxonomy":"category","embeddable":true,"href":"https:\/\/stiftadmont.at\/fr\/wp-json\/wp\/v2\/categories?post=515"}],"curies":[{"name":"wp","href":"https:\/\/api.w.org\/{rel}","templated":true}]}}