{"id":533,"date":"2021-07-15T14:33:02","date_gmt":"2021-07-15T12:33:02","guid":{"rendered":"https:\/\/stiftadmont.at\/?page_id=533"},"modified":"2025-07-01T11:29:01","modified_gmt":"2025-07-01T09:29:01","slug":"residence-universitaire-de-muenze","status":"publish","type":"page","link":"https:\/\/stiftadmont.at\/fr\/studentenheime\/","title":{"rendered":"R\u00e9sidences universitaires"},"content":{"rendered":"<section id='lightpress__section--block_ade6cf06d8aa05bb892b83eea718cc7d' class='align-center lightpress__section--default-section-space lightpress__section lightpress__section--headline'><div class=\"headline__container\">\n            <h2 class=\"headline text--40 text-medium line line--gold line-above line-middle\">\u00c9tudier avec style et substance - les foyers d'\u00e9tudiants de l'abbaye d'Admont<\/h2>\n        <p class=\"text-center text-gold text--20 text-medium text--uppercase\">L'abbaye b\u00e9n\u00e9dictine d'Admont promeut l'\u00e9ducation avec clairvoyance - et offre aux \u00e9tudiants de Graz, Innsbruck et Leoben un logement de premi\u00e8re classe \u00e0 proximit\u00e9 de l'universit\u00e9.<\/p>\n        <div class=\"spacer--40\"><\/div>\n<\/div>\n\n<\/section>\n\n<section id='lightpress__section--block_2d9aa950b9ec78ea79842f1532e8c8f7' class='lightpress__section--default-section-space lightpress__section lightpress__section--content'><div class=\"content__inner\"\n         x-init=\"initContentBlockAnim($el)\">\n        \n    <div class=\"content__grid content__grid\">\n                                            <div class=\"content__box content__box--one-hundred\"\n                 style=\"\">\n                                \n                \n                                            <div class=\"prose\"><p class=\"paragraph-m\">Les trois r\u00e9sidences universitaires se trouvent dans d'anciens b\u00e2timents monastiques avec une substance historique de grande qualit\u00e9 - soigneusement r\u00e9nov\u00e9s et mis au go\u00fbt du jour. Une technique moderne, des chambres \u00e9l\u00e9gantes, des espaces communs spacieux et des zones d'\u00e9tude calmes cr\u00e9ent un environnement qui allie id\u00e9alement habitat, apprentissage et vie.<\/p>\n<p class=\"paragraph-m\">\u00a0<\/p>\n<p class=\"paragraph-m\"><strong>Situation top - \u00e9quipement top - encadrement top<\/strong><\/p>\n<p class=\"paragraph-m\">Les maisons sont g\u00e9r\u00e9es de mani\u00e8re professionnelle par Akademikerhilfe, une organisation exp\u00e9riment\u00e9e dans le domaine du logement \u00e9tudiant.<\/p>\n<p class=\"paragraph-m\">\u00a0<\/p>\n<p class=\"paragraph-m\">Que ce soit pour des \u00e9tudes compl\u00e8tes ou pour un semestre \u00e0 l'\u00e9tranger :\u00a0<strong>Emm\u00e9nager et prendre son envol - avec le charme d'un monast\u00e8re et un confort contemporain.<\/strong><\/p>\n<p class=\"paragraph-m\">\u00a0<\/p>\n<p class=\"paragraph-m\"><em>Plus d'informations et candidature sur : www.akademikerhilfe.at<\/em><\/p>\n<\/div>\n                    \n                            <\/div>\n        \n            <\/div>\n<\/div>\n\n<\/section>\n\n<section id='lightpress__section--block_728ba4c1f2a8acec82e4e72593108cff' class='lightpress__section--more-links--950 lightpress__section--full-width lightpress__section--default-section-space lightpress__section lightpress__section--more-links'><div class=\"more\" x-init=\"initMoreLinksBlockAnim($el)\">\n            <style>\n            #lightpress__section--block_728ba4c1f2a8acec82e4e72593108cff .more {\n                --entry-width: calc(100% \/ 3 - var(--grid-gap) * 3);\n                grid-template-columns: repeat(auto-fit, minmax(max(var(--entry-width),50rem), 1fr));\n            }\n        <\/style>\n    \n                    <a class=\"more__link\" href=\"https:\/\/www.akademikerhilfe.at\/de\/haus-goesserstrasse-15\/11\"_blank>\n            <div class=\"more__media\">\n                                    <picture class=\"more__image\">\n                        <source srcset=\"https:\/\/stiftadmont.at\/wp-content\/uploads\/Studentenheim_\u00a9Thomas-Sattler-13-1-1024x683.webp\" type=\"image\/webp\">\n                        <source srcset=\"https:\/\/stiftadmont.at\/wp-content\/uploads\/Studentenheim_\u00a9Thomas-Sattler-13-1-1024x683.jpg\" type=\"image\/jpeg\">\n                        <img decoding=\"async\" loading=\"lazy\" src=\"https:\/\/stiftadmont.at\/wp-content\/uploads\/Studentenheim_\u00a9Thomas-Sattler-13-1-1024x683.jpg\"\n                             alt=\"Foyer d&#039;\u00e9tudiants \u00a9Thomas Sattler 13 1 scaled\" >\n                    <\/picture>\n                            <\/div>\n            <div class=\"more__content\">\n                <div class=\"more__title--container\">\n                                            \n                                                                            \n                        <p class=\"text-bold text-white text--serif text--35\">R\u00e9sidence universitaire de Leoben<\/p>\n                                                    <p class=\"text-white text--26\">G\u00f6sserstra\u00dfe 15, 8700 Leoben<\/p>\n                                                            <\/div>\n                                    <div class=\"more__cta\">\n                        <i class=\"fa-thin fa-chevron-right\"><\/i>\n                    <\/div>\n                            <\/div>\n        <\/a>\n                    <a class=\"more__link\" href=\"https:\/\/www.akademikerhilfe.at\/de\/haus-muenzgrabenstrasse-59-und-61\/6\"_blank>\n            <div class=\"more__media\">\n                                    <picture class=\"more__image\">\n                        <source srcset=\"https:\/\/stiftadmont.at\/wp-content\/uploads\/MG_1520_0_www-1024x593.webp\" type=\"image\/webp\">\n                        <source srcset=\"https:\/\/stiftadmont.at\/wp-content\/uploads\/MG_1520_0_www-1024x593.jpg\" type=\"image\/jpeg\">\n                        <img decoding=\"async\" loading=\"lazy\" src=\"https:\/\/stiftadmont.at\/wp-content\/uploads\/MG_1520_0_www-1024x593.jpg\" alt=\"MG 1520 0 www\" \/>\n                    <\/picture>\n                            <\/div>\n            <div class=\"more__content\">\n                <div class=\"more__title--container\">\n                                            \n                                                                            \n                        <p class=\"text-bold text-white text--serif text--35\">R\u00e9sidence universitaire M\u00fcnze<\/p>\n                                                    <p class=\"text-white text--26\">M\u00fcnzgrabenstra\u00dfe 59, 8010 Graz<\/p>\n                                                            <\/div>\n                                    <div class=\"more__cta\">\n                        <i class=\"fa-thin fa-chevron-right\"><\/i>\n                    <\/div>\n                            <\/div>\n        <\/a>\n                    <a class=\"more__link\" href=\"https:\/\/www.akademikerhilfe.at\/de\/haus-maximilianstrasse-8\/39\"_blank>\n            <div class=\"more__media\">\n                                    <picture class=\"more__image\">\n                        <source srcset=\"https:\/\/stiftadmont.at\/wp-content\/uploads\/Aussenansicht-neu-\u00a9-Simon-Legner-1024x682.webp\" type=\"image\/webp\">\n                        <source srcset=\"https:\/\/stiftadmont.at\/wp-content\/uploads\/Aussenansicht-neu-\u00a9-Simon-Legner-1024x682.jpg\" type=\"image\/jpeg\">\n                        <img decoding=\"async\" loading=\"lazy\" src=\"https:\/\/stiftadmont.at\/wp-content\/uploads\/Aussenansicht-neu-\u00a9-Simon-Legner-1024x682.jpg\" alt=\"Vue ext\u00e9rieure nouvelle \u00a9 Simon Legner\" \/>\n                    <\/picture>\n                            <\/div>\n            <div class=\"more__content\">\n                <div class=\"more__title--container\">\n                                            \n                                                                            \n                        <p class=\"text-bold text-white text--serif text--35\">R\u00e9sidence universitaire d'Innsbruck<\/p>\n                                                    <p class=\"text-white text--26\">Maximilianstra\u00dfe 8, 6020 Innsbruck<\/p>\n                                                            <\/div>\n                                    <div class=\"more__cta\">\n                        <i class=\"fa-thin fa-chevron-right\"><\/i>\n                    <\/div>\n                            <\/div>\n        <\/a>\n    \n<\/div>\n\n<\/section>","protected":false},"excerpt":{"rendered":"","protected":false},"author":3,"featured_media":0,"parent":0,"menu_order":86,"comment_status":"closed","ping_status":"closed","template":"","meta":{"_acf_changed":false,"footnotes":""},"categories":[],"class_list":["post-533","page","type-page","status-publish","hentry"],"acf":[],"yoast_head":"<!-- This site is optimized with the Yoast SEO Premium plugin v26.0 (Yoast SEO v26.8) - https:\/\/yoast.com\/product\/yoast-seo-premium-wordpress\/ -->\n<title>Studentenheime - Stift Admont<\/title>\n<meta name=\"description\" content=\"Studentenheime Stift Admont \u2013 moderne, gem\u00fctliche Wohnheime in Graz, Innsbruck &amp; Leoben f\u00fcr entspanntes Studium. Jetzt informieren!\" \/>\n<meta name=\"robots\" content=\"index, follow, max-snippet:-1, max-image-preview:large, max-video-preview:-1\" \/>\n<link rel=\"canonical\" href=\"https:\/\/stiftadmont.at\/fr\/residence-universitaire-de-muenze\/\" \/>\n<meta property=\"og:locale\" content=\"fr_FR\" \/>\n<meta property=\"og:type\" content=\"article\" \/>\n<meta property=\"og:title\" content=\"Studentenheime\" \/>\n<meta property=\"og:description\" content=\"Studentenheime Stift Admont \u2013 moderne, gem\u00fctliche Wohnheime in Graz, Innsbruck &amp; Leoben f\u00fcr entspanntes Studium. Jetzt informieren!\" \/>\n<meta property=\"og:url\" content=\"https:\/\/stiftadmont.at\/fr\/residence-universitaire-de-muenze\/\" \/>\n<meta property=\"og:site_name\" content=\"Stift Admont\" \/>\n<meta property=\"article:modified_time\" content=\"2025-07-01T09:29:01+00:00\" \/>\n<meta property=\"og:image\" content=\"https:\/\/stiftadmont.at\/wp-content\/uploads\/Klosteranlage-innen.jpg\" \/>\n\t<meta property=\"og:image:width\" content=\"1912\" \/>\n\t<meta property=\"og:image:height\" content=\"1188\" \/>\n\t<meta property=\"og:image:type\" content=\"image\/jpeg\" \/>\n<meta name=\"twitter:card\" content=\"summary_large_image\" \/>\n<script type=\"application\/ld+json\" class=\"yoast-schema-graph\">{\"@context\":\"https:\/\/schema.org\",\"@graph\":[{\"@type\":\"WebPage\",\"@id\":\"https:\/\/stiftadmont.at\/studentenheime\/\",\"url\":\"https:\/\/stiftadmont.at\/studentenheime\/\",\"name\":\"Studentenheime - Stift Admont\",\"isPartOf\":{\"@id\":\"https:\/\/stiftadmont.at\/#website\"},\"datePublished\":\"2021-07-15T12:33:02+00:00\",\"dateModified\":\"2025-07-01T09:29:01+00:00\",\"description\":\"Studentenheime Stift Admont \u2013 moderne, gem\u00fctliche Wohnheime in Graz, Innsbruck & Leoben f\u00fcr entspanntes Studium. Jetzt informieren!\",\"breadcrumb\":{\"@id\":\"https:\/\/stiftadmont.at\/studentenheime\/#breadcrumb\"},\"inLanguage\":\"fr-FR\",\"potentialAction\":[{\"@type\":\"ReadAction\",\"target\":[\"https:\/\/stiftadmont.at\/studentenheime\/\"]}]},{\"@type\":\"BreadcrumbList\",\"@id\":\"https:\/\/stiftadmont.at\/studentenheime\/#breadcrumb\",\"itemListElement\":[{\"@type\":\"ListItem\",\"position\":1,\"name\":\"Start\",\"item\":\"https:\/\/stiftadmont.at\/\"},{\"@type\":\"ListItem\",\"position\":2,\"name\":\"Studentenheime\"}]},{\"@type\":\"WebSite\",\"@id\":\"https:\/\/stiftadmont.at\/#website\",\"url\":\"https:\/\/stiftadmont.at\/\",\"name\":\"Stift Admont\",\"description\":\"Benediktinerkloster und Sehensw\u00fcrdigkeit im Ges\u00e4use\",\"potentialAction\":[{\"@type\":\"SearchAction\",\"target\":{\"@type\":\"EntryPoint\",\"urlTemplate\":\"https:\/\/stiftadmont.at\/?s={search_term_string}\"},\"query-input\":{\"@type\":\"PropertyValueSpecification\",\"valueRequired\":true,\"valueName\":\"search_term_string\"}}],\"inLanguage\":\"fr-FR\"}]}<\/script>\n<!-- \/ Yoast SEO Premium plugin. -->","yoast_head_json":{"title":"Foyers d'\u00e9tudiants - Stift Admont","description":"R\u00e9sidences universitaires Stift Admont - des r\u00e9sidences modernes et confortables \u00e0 Graz, Innsbruck &amp; Leoben pour des \u00e9tudes sereines. Informez-vous maintenant !","robots":{"index":"index","follow":"follow","max-snippet":"max-snippet:-1","max-image-preview":"max-image-preview:large","max-video-preview":"max-video-preview:-1"},"canonical":"https:\/\/stiftadmont.at\/fr\/residence-universitaire-de-muenze\/","og_locale":"fr_FR","og_type":"article","og_title":"Studentenheime","og_description":"Studentenheime Stift Admont \u2013 moderne, gem\u00fctliche Wohnheime in Graz, Innsbruck & Leoben f\u00fcr entspanntes Studium. Jetzt informieren!","og_url":"https:\/\/stiftadmont.at\/fr\/residence-universitaire-de-muenze\/","og_site_name":"Stift Admont","article_modified_time":"2025-07-01T09:29:01+00:00","og_image":[{"width":1912,"height":1188,"url":"https:\/\/stiftadmont.at\/wp-content\/uploads\/Klosteranlage-innen.jpg","type":"image\/jpeg"}],"twitter_card":"summary_large_image","schema":{"@context":"https:\/\/schema.org","@graph":[{"@type":"WebPage","@id":"https:\/\/stiftadmont.at\/studentenheime\/","url":"https:\/\/stiftadmont.at\/studentenheime\/","name":"Foyers d'\u00e9tudiants - Stift Admont","isPartOf":{"@id":"https:\/\/stiftadmont.at\/#website"},"datePublished":"2021-07-15T12:33:02+00:00","dateModified":"2025-07-01T09:29:01+00:00","description":"R\u00e9sidences universitaires Stift Admont - des r\u00e9sidences modernes et confortables \u00e0 Graz, Innsbruck &amp; Leoben pour des \u00e9tudes sereines. Informez-vous maintenant !","breadcrumb":{"@id":"https:\/\/stiftadmont.at\/studentenheime\/#breadcrumb"},"inLanguage":"fr-FR","potentialAction":[{"@type":"ReadAction","target":["https:\/\/stiftadmont.at\/studentenheime\/"]}]},{"@type":"BreadcrumbList","@id":"https:\/\/stiftadmont.at\/studentenheime\/#breadcrumb","itemListElement":[{"@type":"ListItem","position":1,"name":"Start","item":"https:\/\/stiftadmont.at\/"},{"@type":"ListItem","position":2,"name":"Studentenheime"}]},{"@type":"WebSite","@id":"https:\/\/stiftadmont.at\/#website","url":"https:\/\/stiftadmont.at\/","name":"Abbaye d'Admont","description":"Monast\u00e8re b\u00e9n\u00e9dictin et attraction touristique dans le Ges\u00e4use","potentialAction":[{"@type":"SearchAction","target":{"@type":"EntryPoint","urlTemplate":"https:\/\/stiftadmont.at\/?s={search_term_string}"},"query-input":{"@type":"PropertyValueSpecification","valueRequired":true,"valueName":"search_term_string"}}],"inLanguage":"fr-FR"}]}},"_links":{"self":[{"href":"https:\/\/stiftadmont.at\/fr\/wp-json\/wp\/v2\/pages\/533","targetHints":{"allow":["GET"]}}],"collection":[{"href":"https:\/\/stiftadmont.at\/fr\/wp-json\/wp\/v2\/pages"}],"about":[{"href":"https:\/\/stiftadmont.at\/fr\/wp-json\/wp\/v2\/types\/page"}],"author":[{"embeddable":true,"href":"https:\/\/stiftadmont.at\/fr\/wp-json\/wp\/v2\/users\/3"}],"replies":[{"embeddable":true,"href":"https:\/\/stiftadmont.at\/fr\/wp-json\/wp\/v2\/comments?post=533"}],"version-history":[{"count":37,"href":"https:\/\/stiftadmont.at\/fr\/wp-json\/wp\/v2\/pages\/533\/revisions"}],"predecessor-version":[{"id":35203,"href":"https:\/\/stiftadmont.at\/fr\/wp-json\/wp\/v2\/pages\/533\/revisions\/35203"}],"wp:attachment":[{"href":"https:\/\/stiftadmont.at\/fr\/wp-json\/wp\/v2\/media?parent=533"}],"wp:term":[{"taxonomy":"category","embeddable":true,"href":"https:\/\/stiftadmont.at\/fr\/wp-json\/wp\/v2\/categories?post=533"}],"curies":[{"name":"wp","href":"https:\/\/api.w.org\/{rel}","templated":true}]}}