{"id":6162,"date":"2021-09-28T10:39:56","date_gmt":"2021-09-28T08:39:56","guid":{"rendered":"https:\/\/stiftadmont.at\/?page_id=6162"},"modified":"2023-12-08T19:17:42","modified_gmt":"2023-12-08T17:17:42","slug":"dabrogans-et-de-nibelungen","status":"publish","type":"page","link":"https:\/\/stiftadmont.at\/fr\/museum\/ausstellungsrueckblick\/von-abrogans-und-nibelungen\/","title":{"rendered":"Des abrogans et des nibelungen"},"content":{"rendered":"<section id='lightpress__section--block_6152d4d58663f' class='lightpress__section--default-section-space lightpress__section lightpress__section--content'><div class=\"content__inner\"\n         x-init=\"initContentBlockAnim($el)\">\n        \n    <div class=\"content__grid content__grid--fifty-fifty\">\n                                            <div class=\"content__box content__box\"\n                 style=\"\">\n                                \n                \n                                            <div class=\"prose\"><h2 class=\"heading-xxl line line--gold\">Des abrogans et des nibelungen<\/h2>\n<p class=\"paragraph-m\"><strong>D\u00e9couvertes sensationnelles de litt\u00e9rature allemande dans les monast\u00e8res autrichiens<\/strong><\/p>\n<p class=\"paragraph-m\">La d\u00e9couverte des fragments de l'abrogation d'Admont dans le magasin de manuscrits de l'abbaye b\u00e9n\u00e9dictine d'Admont a fait plus qu'un gros titre. Des \u00e9crits vieux de 1200 ans, qui plus est \u00e9crits avec des mots allemands, non d\u00e9couverts jusqu'\u00e0 pr\u00e9sent dans un carton ? On peut parler sans crainte d'une d\u00e9couverte sensationnelle.\u00a0<\/p>\n<p class=\"paragraph-m\">Les monast\u00e8res sont aujourd'hui encore de v\u00e9ritables tr\u00e9sors en mati\u00e8re de documents anciens et rares. Il y a toujours quelque chose de nouveau, qui vaut la peine d'\u00eatre rapport\u00e9 : c'\u00e9tait une occasion bienvenue de rassembler dans une exposition des d\u00e9couvertes sensationnelles faites dans les monast\u00e8res autrichiens.\u00a0<\/p>\n<p class=\"paragraph-m\">\u00a0<\/p>\n<\/div>\n                    \n                            <\/div>\n        \n                                                    <div class=\"content__box content__box--2\"\n                     >\n                                        \n                    \n                                                <div class=\"content__media stickyTo\" x-init=\"imageSticky($el)\">\n\n                                                                                    <picture\n                                    class=\"content__image sticky image-mask\">\n                                <source srcset=\"https:\/\/stiftadmont.at\/wp-content\/uploads\/O0B9457-1-1024x683.webp\" type=\"image\/webp\">\n                                <source srcset=\"https:\/\/stiftadmont.at\/wp-content\/uploads\/O0B9457-1-1024x683.jpg\" type=\"image\/jpeg\">\n                                <img decoding=\"async\" class=\"sticky\" loading=\"lazy\" src=\"https:\/\/stiftadmont.at\/wp-content\/uploads\/O0B9457-1-1024x683.jpg\"\n                                     alt=\"Stift Admont - Des Abrogans et des Nibelungen 2021 - P\u00e8re Prieur Maximilien\">\n\n                                                                                                                            <\/picture>\n\n                        <\/div>\n\n                                    <\/div>\n            \n            <\/div>\n<\/div>\n\n<\/section>\n\n<section id='lightpress__section--block_6152d5ed86640' class='lightpress__section--default-section-space lightpress__section lightpress__section--content'><div class=\"content__inner\"\n         x-init=\"initContentBlockAnim($el)\">\n        \n    <div class=\"content__grid content__grid--fifty-fifty\">\n                                            <div class=\"content__box content__box\"\n                 style=\"\">\n                                \n                \n                                            <div class=\"prose\"><p class=\"paragraph-m\">Qui ne conna\u00eet pas les histoires de Siegfried et des Nibelungen, de combat de dragons et d'\u00e9p\u00e9e miraculeuse ? Les trois plus anciens manuscrits de la Chanson des Nibelungen, qui se trouvent \u00e0 Munich, Saint-Gall et Karlsruhe, ont \u00e9t\u00e9 inscrits en 2009 au patrimoine mondial de l'UNESCO ; l'\u00e9pop\u00e9e h\u00e9ro\u00efque se trouve ainsi au m\u00eame niveau que les contes des fr\u00e8res Grimm, la 9e symphonie de Beethoven et l'invention de l'imprimerie par Johannes Gutenberg.\u00a0 \u00a0<\/p>\n<p class=\"paragraph-m\">\u00a0<\/p>\n<\/div>\n                    \n                            <\/div>\n        \n                                                    <div class=\"content__box content__box--2\"\n                     >\n                                        \n                    \n                                                    <div class=\"prose\"><p class=\"paragraph-m\">Les nouvelles d\u00e9couvertes ne sont pas tr\u00e8s fr\u00e9quentes, mais elles sont toujours accompagn\u00e9es d'un grand int\u00e9r\u00eat m\u00e9diatique. C'est pourquoi le fragment de la Chanson des Nibelungen d\u00e9couvert en 1998 dans l'abbaye de Melk est \u00e9galement l'une des grandes sensations de cette exposition. Les \"fragments des Nibelungen\" d\u00e9couverts quelques ann\u00e9es plus tard \u00e0 Zwettl et fortement exploit\u00e9s par les m\u00e9dias se sont av\u00e9r\u00e9s \u00eatre, apr\u00e8s un examen plus approfondi, une transmission pr\u00e9coce d''Erec' (un roman h\u00e9ro\u00efque autour d'un chevalier du cercle du roi Arthur) et ont donc \u00e9t\u00e9 en quelque sorte remis \u00e0 leur place, bien qu'ils m\u00e9ritent tout \u00e0 fait leur superlatif dans le domaine scientifique.<\/p>\n<\/div>\n                        \n                                    <\/div>\n            \n            <\/div>\n<\/div>\n\n<\/section>\n\n<section id='lightpress__section--block_6152d88986641' class='lightpress__section--default-section-space lightpress__section lightpress__section--content'><div class=\"content__inner\"\n         x-init=\"initContentBlockAnim($el)\">\n        \n    <div class=\"content__grid content__grid\">\n                                            <div class=\"content__box content__box--one-hundred\"\n                 style=\"\">\n                                \n                \n                                            <div class=\"prose\"><h3 class=\"heading-xl line line--gold\">L'importance des monast\u00e8res autrichiens\u00a0<\/h3>\n<p class=\"paragraph-m\">Mais cette exposition vise \u00e9galement \u00e0 attirer l'attention sur l'importance des monast\u00e8res encore vivants aujourd'hui pour l'h\u00e9ritage culturel ou litt\u00e9raire de notre soci\u00e9t\u00e9. Dans les neuf monast\u00e8res concern\u00e9s ici, des textes de presque tous les domaines de la litt\u00e9rature courtoise du haut Moyen \u00c2ge sont conserv\u00e9s. On y trouve non seulement les grands h\u00e9ros tels que Perceval, Willehalm, Iwein ou Alexandre, mais aussi les plus anciennes traces \u00e9crites d'un m\u00e9nestrel de Walther von der Vogelweide, consign\u00e9es dans un ancien psautier de l'abbaye de Kremsm\u00fcnster. Ces pi\u00e8ces m\u00e9riteraient en tout cas elles aussi un rapport \u00e0 sensation.\u00a0\u00a0<\/p>\n<p class=\"paragraph-m\">Walther von der Vogelweide, le grand po\u00e8te et chanteur du Moyen-\u00c2ge ! Combien de sp\u00e9culations ont \u00e9t\u00e9 faites \u00e0 son sujet, combien de lieux se sont appropri\u00e9s son nom ? Vous trouverez ici les \u00e9crits les plus proches de lui dans le monde.\u00a0<\/p>\n<\/div>\n                    \n                            <\/div>\n        \n            <\/div>\n<\/div>\n\n<\/section>\n\n<section id='lightpress__section--block_6152d89986642' class='lightpress__section--default-section-space lightpress__section lightpress__section--content'><div class=\"content__inner\"\n         x-init=\"initContentBlockAnim($el)\">\n        \n    <div class=\"content__grid content__grid--fifty-fifty\">\n                                            <div class=\"content__box content__box\"\n                 style=\"\">\n                                \n                \n                                            <div class=\"prose\"><h3 class=\"heading-xl line line--red\">L'abrogateur d'Admont\u00a0<\/h3>\n<p class=\"paragraph-m\">En 2012, un fragment partiellement en allemand a \u00e9t\u00e9 d\u00e9couvert \u00e0 Admont par Martin Haltrich. Il s'agit de deux fragments de parchemin (chacun d'environ 12 cm x environ 9-10 cm) qui faisaient partie d'une feuille utilis\u00e9e comme reliure pour un livre et d\u00e9coup\u00e9e \u00e0 cet effet.\u00a0<\/p>\n<p class=\"paragraph-m\">Cela nous semble barbare aujourd'hui, mais ce n'\u00e9tait pas rare autrefois : On recyclait le parchemin solide parce qu'on ne s'int\u00e9ressait plus au contenu (ou qu'on ne le comprenait plus). Notre fragment a \u00e9t\u00e9 d\u00e9tach\u00e9 en 1963 lors de la restauration d'un livre, photographi\u00e9 et ins\u00e9r\u00e9 dans la collection de fragments - on aurait pu le lire depuis longtemps, mais on ne l'a pas fait avant de le retrouver. Mais lorsqu'on a lu, la surprise a \u00e9t\u00e9 grande : les mots sur les restes de feuille appartiennent en effet au plus ancien livre de langue allemande, l''Abrogans'.<\/p>\n<p class=\"paragraph-m\">\u00a0<\/p>\n<\/div>\n                    \n                            <\/div>\n        \n                                                    <div class=\"content__box content__box--2\"\n                     >\n                                        \n                    \n                                                <div class=\"content__media stickyTo\" x-init=\"imageSticky($el)\">\n\n                                                                                    <picture\n                                    class=\"content__image sticky\">\n                                <source srcset=\"https:\/\/stiftadmont.at\/wp-content\/uploads\/Abrogans1a-e1632831894693-1024x768.webp\" type=\"image\/webp\">\n                                <source srcset=\"https:\/\/stiftadmont.at\/wp-content\/uploads\/Abrogans1a-e1632831894693-1024x768.jpg\" type=\"image\/jpeg\">\n                                <img decoding=\"async\" class=\"sticky\" loading=\"lazy\" src=\"https:\/\/stiftadmont.at\/wp-content\/uploads\/Abrogans1a-e1632831894693-1024x768.jpg\" alt=\"Des abrogans et des nibelungen 2021\" \/>\n\n                                                                                                                            <\/picture>\n\n                        <\/div>\n\n                                    <\/div>\n            \n            <\/div>\n<\/div>\n\n<\/section>\n\n<section id='lightpress__section--block_6152dd4486647' class='lightpress__section--default-section-space lightpress__section lightpress__section--content'><div class=\"content__inner\"\n         x-init=\"initContentBlockAnim($el)\">\n        \n    <div class=\"content__grid content__grid--fifty-fifty\">\n                                            <div class=\"content__box content__box\"\n                 style=\"\">\n                                \n                \n                                            <div class=\"prose\"><p class=\"paragraph-m\" style=\"font-size: medium;\"><span style=\"font-size: medium;\">Avec les moines b\u00e9n\u00e9dictins, la technique culturelle de l'\u00e9criture s'est \u00e9tablie dans l'espace germanophone actuel et cette \u00e9criture \u00e9tait naturellement latine. Une telle nouvelle culture de l'\u00e9criture a ouvert la possibilit\u00e9 d'\u00e9crire \u00e9galement la langue allemande en caract\u00e8res latins et c'est ainsi que nous rencontrons depuis le 8e si\u00e8cle des mots, des phrases ou des petits textes allemands comme invit\u00e9s dans des manuscrits latins. Jusqu'alors, on utilisait les runes comme caract\u00e8res pour la langue vernaculaire, surtout \u00e0 des fins cultuelles, mais on n'\u00e9crivait pas de livres avec les runes, seulement des inscriptions. C'est ainsi que nous avons quasiment perdu la tradition des chants h\u00e9ro\u00efques.<\/span><\/p>\n<p class=\"paragraph-m\" style=\"font-size: medium;\"><span style=\"font-size: medium;\">Les d\u00e9buts sporadiques de l'\u00e9criture en langue allemande en marge des manuscrits latins se sont ensuite lentement d\u00e9velopp\u00e9s en un int\u00e9r\u00eat syst\u00e9matique qui a finalement conduit au premier livre allemand, l''Abrogans'. Cet 'Abrogans' est \u00e0 l'origine un dictionnaire latin-latin. En traduisant ensuite le vocabulaire latin en allemand, plus pr\u00e9cis\u00e9ment en 'vieux haut-allemand', il a \u00e9t\u00e9 possible de produire pour la premi\u00e8re fois un dictionnaire allemand, une id\u00e9e sensationnelle n\u00e9e au milieu du 8e si\u00e8cle dans le sud de l'Allemagne.<\/span><\/p>\n<\/div>\n                    \n                            <\/div>\n        \n                                                    <div class=\"content__box content__box--2\"\n                     >\n                                        \n                    \n                                                    <div class=\"prose\"><p class=\"paragraph-m\" style=\"font-size: medium;\"><span style=\"font-size: medium;\">L''original' de ces efforts ne nous est malheureusement pas parvenu, mais trois manuscrits sont tout de m\u00eame parvenus jusqu'\u00e0 nous, tous r\u00e9dig\u00e9s vers 800. Ces manuscrits sont aujourd'hui conserv\u00e9s \u00e0 Saint-Gall (Stiftsbibliothek, Cod. 911), \u00e0 Paris (Bibliotheque Nationale, Ms. lat. 7640) et \u00e0 Karlsruhe (Landesbibliothek, Cod. Aug.CXI). Avec le fragment d'Admont, nous poss\u00e9dons \u00e0 pr\u00e9sent une autre pi\u00e8ce tr\u00e8s ancienne datant des environs de l'an 800, qui pr\u00e9sente des traits tout \u00e0 fait originaux.Bien qu'ils m\u00e9ritent tout \u00e0 fait leur superlatif dans le domaine scientifique.<\/span><\/p>\n<p>\u00a0<\/p>\n<h3 class=\"heading-xl line line--gold\" style=\"margin-top: 0px; z-index: var(--z-content);\">PLUS D'INFOS SUR L'EXPOSITION<\/h3>\n<p><a class=\"admont-button admont-button--outline-red\" href=\"\/wp-content\/uploads\/Museumszeitung_2018_compr.pdf\">Journal du mus\u00e9e 2018<\/a><\/p>\n<p><a class=\"admont-button admont-button--outline-red\" href=\"\/wp-content\/uploads\/Stift_Admont_-_Museumszeitung_2019_DE.pdf\">Journal du mus\u00e9e 2019<\/a><\/p>\n<\/div>\n                        \n                                    <\/div>\n            \n            <\/div>\n<\/div>\n\n<\/section>","protected":false},"excerpt":{"rendered":"","protected":false},"author":7,"featured_media":0,"parent":5864,"menu_order":12,"comment_status":"closed","ping_status":"closed","template":"","meta":{"_acf_changed":false,"footnotes":""},"categories":[73],"class_list":["post-6162","page","type-page","status-publish","hentry","category-ausstellungsrueckblick"],"acf":[],"yoast_head":"<!-- This site is optimized with the Yoast SEO Premium plugin v26.0 (Yoast SEO v26.8) - https:\/\/yoast.com\/product\/yoast-seo-premium-wordpress\/ -->\n<title>Von Abrogans und Nibelungen - Stift Admont<\/title>\n<meta name=\"robots\" content=\"index, follow, max-snippet:-1, max-image-preview:large, max-video-preview:-1\" \/>\n<link rel=\"canonical\" href=\"https:\/\/stiftadmont.at\/fr\/musee\/retrospective-de-lexposition\/dabrogans-et-de-nibelungen\/\" \/>\n<meta property=\"og:locale\" content=\"fr_FR\" \/>\n<meta property=\"og:type\" content=\"article\" \/>\n<meta property=\"og:title\" content=\"Von Abrogans und Nibelungen\" \/>\n<meta property=\"og:url\" content=\"https:\/\/stiftadmont.at\/fr\/musee\/retrospective-de-lexposition\/dabrogans-et-de-nibelungen\/\" \/>\n<meta property=\"og:site_name\" content=\"Stift Admont\" \/>\n<meta property=\"article:modified_time\" content=\"2023-12-08T17:17:42+00:00\" \/>\n<meta property=\"og:image\" content=\"https:\/\/stiftadmont.at\/wp-content\/uploads\/Klosteranlage-innen.jpg\" \/>\n\t<meta property=\"og:image:width\" content=\"1912\" \/>\n\t<meta property=\"og:image:height\" content=\"1188\" \/>\n\t<meta property=\"og:image:type\" content=\"image\/jpeg\" \/>\n<meta name=\"twitter:card\" content=\"summary_large_image\" \/>\n<script type=\"application\/ld+json\" class=\"yoast-schema-graph\">{\"@context\":\"https:\/\/schema.org\",\"@graph\":[{\"@type\":\"WebPage\",\"@id\":\"https:\/\/stiftadmont.at\/museum\/ausstellungsrueckblick\/von-abrogans-und-nibelungen\/\",\"url\":\"https:\/\/stiftadmont.at\/museum\/ausstellungsrueckblick\/von-abrogans-und-nibelungen\/\",\"name\":\"Von Abrogans und Nibelungen - Stift Admont\",\"isPartOf\":{\"@id\":\"https:\/\/stiftadmont.at\/#website\"},\"datePublished\":\"2021-09-28T08:39:56+00:00\",\"dateModified\":\"2023-12-08T17:17:42+00:00\",\"breadcrumb\":{\"@id\":\"https:\/\/stiftadmont.at\/museum\/ausstellungsrueckblick\/von-abrogans-und-nibelungen\/#breadcrumb\"},\"inLanguage\":\"fr-FR\",\"potentialAction\":[{\"@type\":\"ReadAction\",\"target\":[\"https:\/\/stiftadmont.at\/museum\/ausstellungsrueckblick\/von-abrogans-und-nibelungen\/\"]}]},{\"@type\":\"BreadcrumbList\",\"@id\":\"https:\/\/stiftadmont.at\/museum\/ausstellungsrueckblick\/von-abrogans-und-nibelungen\/#breadcrumb\",\"itemListElement\":[{\"@type\":\"ListItem\",\"position\":1,\"name\":\"Start\",\"item\":\"https:\/\/stiftadmont.at\/\"},{\"@type\":\"ListItem\",\"position\":2,\"name\":\"Museum Stift Admont\",\"item\":\"https:\/\/stiftadmont.at\/museum\/\"},{\"@type\":\"ListItem\",\"position\":3,\"name\":\"Ausstellungsr\u00fcckblick\",\"item\":\"https:\/\/stiftadmont.at\/museum\/ausstellungsrueckblick\/\"},{\"@type\":\"ListItem\",\"position\":4,\"name\":\"Von Abrogans und Nibelungen\"}]},{\"@type\":\"WebSite\",\"@id\":\"https:\/\/stiftadmont.at\/#website\",\"url\":\"https:\/\/stiftadmont.at\/\",\"name\":\"Stift Admont\",\"description\":\"Benediktinerkloster und Sehensw\u00fcrdigkeit im Ges\u00e4use\",\"potentialAction\":[{\"@type\":\"SearchAction\",\"target\":{\"@type\":\"EntryPoint\",\"urlTemplate\":\"https:\/\/stiftadmont.at\/?s={search_term_string}\"},\"query-input\":{\"@type\":\"PropertyValueSpecification\",\"valueRequired\":true,\"valueName\":\"search_term_string\"}}],\"inLanguage\":\"fr-FR\"}]}<\/script>\n<!-- \/ Yoast SEO Premium plugin. -->","yoast_head_json":{"title":"Abrogans et Nibelungen - L'abbaye d'Admont","robots":{"index":"index","follow":"follow","max-snippet":"max-snippet:-1","max-image-preview":"max-image-preview:large","max-video-preview":"max-video-preview:-1"},"canonical":"https:\/\/stiftadmont.at\/fr\/musee\/retrospective-de-lexposition\/dabrogans-et-de-nibelungen\/","og_locale":"fr_FR","og_type":"article","og_title":"Von Abrogans und Nibelungen","og_url":"https:\/\/stiftadmont.at\/fr\/musee\/retrospective-de-lexposition\/dabrogans-et-de-nibelungen\/","og_site_name":"Stift Admont","article_modified_time":"2023-12-08T17:17:42+00:00","og_image":[{"width":1912,"height":1188,"url":"https:\/\/stiftadmont.at\/wp-content\/uploads\/Klosteranlage-innen.jpg","type":"image\/jpeg"}],"twitter_card":"summary_large_image","schema":{"@context":"https:\/\/schema.org","@graph":[{"@type":"WebPage","@id":"https:\/\/stiftadmont.at\/museum\/ausstellungsrueckblick\/von-abrogans-und-nibelungen\/","url":"https:\/\/stiftadmont.at\/museum\/ausstellungsrueckblick\/von-abrogans-und-nibelungen\/","name":"Abrogans et Nibelungen - L'abbaye d'Admont","isPartOf":{"@id":"https:\/\/stiftadmont.at\/#website"},"datePublished":"2021-09-28T08:39:56+00:00","dateModified":"2023-12-08T17:17:42+00:00","breadcrumb":{"@id":"https:\/\/stiftadmont.at\/museum\/ausstellungsrueckblick\/von-abrogans-und-nibelungen\/#breadcrumb"},"inLanguage":"fr-FR","potentialAction":[{"@type":"ReadAction","target":["https:\/\/stiftadmont.at\/museum\/ausstellungsrueckblick\/von-abrogans-und-nibelungen\/"]}]},{"@type":"BreadcrumbList","@id":"https:\/\/stiftadmont.at\/museum\/ausstellungsrueckblick\/von-abrogans-und-nibelungen\/#breadcrumb","itemListElement":[{"@type":"ListItem","position":1,"name":"Start","item":"https:\/\/stiftadmont.at\/"},{"@type":"ListItem","position":2,"name":"Museum Stift Admont","item":"https:\/\/stiftadmont.at\/museum\/"},{"@type":"ListItem","position":3,"name":"Ausstellungsr\u00fcckblick","item":"https:\/\/stiftadmont.at\/museum\/ausstellungsrueckblick\/"},{"@type":"ListItem","position":4,"name":"Von Abrogans und Nibelungen"}]},{"@type":"WebSite","@id":"https:\/\/stiftadmont.at\/#website","url":"https:\/\/stiftadmont.at\/","name":"Abbaye d'Admont","description":"Monast\u00e8re b\u00e9n\u00e9dictin et attraction touristique dans le Ges\u00e4use","potentialAction":[{"@type":"SearchAction","target":{"@type":"EntryPoint","urlTemplate":"https:\/\/stiftadmont.at\/?s={search_term_string}"},"query-input":{"@type":"PropertyValueSpecification","valueRequired":true,"valueName":"search_term_string"}}],"inLanguage":"fr-FR"}]}},"_links":{"self":[{"href":"https:\/\/stiftadmont.at\/fr\/wp-json\/wp\/v2\/pages\/6162","targetHints":{"allow":["GET"]}}],"collection":[{"href":"https:\/\/stiftadmont.at\/fr\/wp-json\/wp\/v2\/pages"}],"about":[{"href":"https:\/\/stiftadmont.at\/fr\/wp-json\/wp\/v2\/types\/page"}],"author":[{"embeddable":true,"href":"https:\/\/stiftadmont.at\/fr\/wp-json\/wp\/v2\/users\/7"}],"replies":[{"embeddable":true,"href":"https:\/\/stiftadmont.at\/fr\/wp-json\/wp\/v2\/comments?post=6162"}],"version-history":[{"count":37,"href":"https:\/\/stiftadmont.at\/fr\/wp-json\/wp\/v2\/pages\/6162\/revisions"}],"predecessor-version":[{"id":24254,"href":"https:\/\/stiftadmont.at\/fr\/wp-json\/wp\/v2\/pages\/6162\/revisions\/24254"}],"up":[{"embeddable":true,"href":"https:\/\/stiftadmont.at\/fr\/wp-json\/wp\/v2\/pages\/5864"}],"wp:attachment":[{"href":"https:\/\/stiftadmont.at\/fr\/wp-json\/wp\/v2\/media?parent=6162"}],"wp:term":[{"taxonomy":"category","embeddable":true,"href":"https:\/\/stiftadmont.at\/fr\/wp-json\/wp\/v2\/categories?post=6162"}],"curies":[{"name":"wp","href":"https:\/\/api.w.org\/{rel}","templated":true}]}}