{"id":6221,"date":"2021-09-28T12:04:32","date_gmt":"2021-09-28T10:04:32","guid":{"rendered":"https:\/\/stiftadmont.at\/?page_id=6221"},"modified":"2023-12-08T18:54:54","modified_gmt":"2023-12-08T16:54:54","slug":"beaute-et-exigence","status":"publish","type":"page","link":"https:\/\/stiftadmont.at\/fr\/museum\/ausstellungsrueckblick\/schoenheit-und-anspruch\/","title":{"rendered":"Beaut\u00e9 et exigence"},"content":{"rendered":"<section id='lightpress__section--block_6152e89aa0612' class='lightpress__section--default-section-space lightpress__section lightpress__section--content'><div class=\"content__inner\"\n         x-init=\"initContentBlockAnim($el)\">\n        \n    <div class=\"content__grid content__grid--fifty-fifty\">\n                                            <div class=\"content__box content__box\"\n                 style=\"\">\n                                \n                \n                                            <div class=\"prose\"><h2 class=\"heading-xxl line line--gold\">Sch\u00f6nheit &amp; Anspruch<\/h2>\n<h3 class=\"heading-xl\">Admont Guests 2018<\/h3>\n<p class=\"paragraph-m\">Was bedeutet es, wenn kirchliche Institutionen zeitgen\u00f6ssische Kunst sammeln? Das Museum f\u00fcr Gegenwartskunst im Stift Admont und das Kulturzentrum bei den Minoriten als Haus f\u00fcr zeitgen\u00f6ssische Kunst der Di\u00f6zese Graz-Seckau haben es in den letzten Jahren mit ihren jeweiligen M\u00f6glichkeiten und Qualit\u00e4tsanspr\u00fcchen getan. Anl\u00e4sslich des Jubil\u00e4umsjahres der Di\u00f6zese Graz-Seckau wurde daraus im Rahmen der \u201eAdmont Guests\u201c-Schiene eine Ausstellung, verbunden mit Werken aus der Sammlung des nunmehrigen Innsbrucker Bischofs Hermann Glettler, die dieser 2015 der Di\u00f6zese geschenkt hat; hinzu kommen auch noch Arbeiten aus den Best\u00e4nden der QL-Galerie. Die Werke werden auf ihren religi\u00f6sen Gehalt hin fokussiert: Sie geben \u2013 im Kontext der umfangreichen Admonter Sammlungen \u2013 auch dar\u00fcber Auskunft, wohin sich die zeitgen\u00f6ssische Kunst im Hinblick auf die christliche Bilderwelt entwickelt hat.\u00a0\u00a0<\/p>\n<\/div>\n                    \n                            <\/div>\n        \n                                                    <div class=\"content__box content__box--2\"\n                     >\n                                        \n                    \n                                                <div class=\"content__media stickyTo\" x-init=\"imageSticky($el)\">\n\n                                                                                    <picture\n                                    class=\"content__image sticky\">\n                                <source srcset=\"https:\/\/stiftadmont.at\/wp-content\/uploads\/Blick-in-die-Ausstellung-mit-der-Serie-K9-Compassion-von-Zlatko-Kopljar-2004-1024x683.webp\" type=\"image\/webp\">\n                                <source srcset=\"https:\/\/stiftadmont.at\/wp-content\/uploads\/Blick-in-die-Ausstellung-mit-der-Serie-K9-Compassion-von-Zlatko-Kopljar-2004-1024x683.jpg\" type=\"image\/jpeg\">\n                                <img decoding=\"async\" class=\"sticky\" loading=\"lazy\" src=\"https:\/\/stiftadmont.at\/wp-content\/uploads\/Blick-in-die-Ausstellung-mit-der-Serie-K9-Compassion-von-Zlatko-Kopljar-2004-1024x683.jpg\" alt=\"Blick in die Ausstellung mit der Serie K9 Compassion von Zlatko Kopljar 2004\" \/>\n\n                                                                                                                            <\/picture>\n\n                        <\/div>\n\n                                    <\/div>\n            \n            <\/div>\n<\/div>\n\n<\/section>\n\n<section id='lightpress__section--block_6152e9482dcc7' class='lightpress__section--default-section-space lightpress__section lightpress__section--content'><div class=\"content__inner\"\n         x-init=\"initContentBlockAnim($el)\">\n        \n    <div class=\"content__grid content__grid\">\n                                            <div class=\"content__box content__box--one-hundred\"\n                 style=\"\">\n                                \n                \n                                            <div class=\"prose\"><p class=\"paragraph-m\">\u201eWie lange dauert das ewige Leben?\u201c fragt Petra Sterry in gro\u00dfen Lettern im Naturhistorischen Museum. Ein pulsierendes Herz ist mit einer Toninstallation verbunden, auf der die Geschichte einer Firma erz\u00e4hlt wird, die das Sterben abgeschafft hat. Auf dem Weg dorthin finden sich Grabplatten der deutschen K\u00fcnstlerin Madeleine Dietz: Auf ihnen stehen nicht Namen, sondern Bekundungen: \u201eDeine Augen\u201c, \u201eDein Mund\u201c, Deine K\u00fcsse\u201c&#8230; Beziehung bleibt. Am Ende ist es das Einzige. Nicht Ruhm und Ehr, nicht Macht und Geld. Das wussten gerade die Barockbildhauer wie Josef Stammel in unserer Bibliothek. Er ist auch im Kleinformat in der Inszenierung von Lois Renner in der Ausstellung vertreten \u2013 dieser K\u00fcnstler war der erste der vor 18 Jahren begonnenen stiftseigenen Serie \u201eMade for Admont\u201c. Der Einstieg in diese Ausstellung widmet sich den letzten Fragen. Es findet sich auch der Arbeitsplatz Gottes, wie ihn Werner Reiterer entworfen hat \u2013 in seinem \u201eAltarentwurf\u201c. Doch Gott scheint weg zu sein, nur ein Notizzettel liegt da, auf dem zu lesen ist: \u201eI\u2019ll be back in 5 Minutes.\u201c Daneben ein schon alt gewordenes Handy. Sind seine Zeitmessungen der Ewigkeit vielleicht doch anders als unser Stunden- und Minutentakt?\u00a0<\/p>\n<p class=\"paragraph-m\">\u00a0<\/p>\n<\/div>\n                    \n                            <\/div>\n        \n            <\/div>\n<\/div>\n\n<\/section>\n\n<section id='lightpress__section--block_6152fcb72dccd' class='lightpress__section--default-section-space lightpress__section lightpress__section--content'><div class=\"content__inner\"\n         x-init=\"initContentBlockAnim($el)\">\n        \n    <div class=\"content__grid content__grid--fifty-fifty\">\n                                            <div class=\"content__box content__box\"\n                 style=\"\">\n                                \n                \n                                        <div class=\"content__media stickyTo\" x-init=\"imageSticky($el)\">\n\n                                                                                                <picture\n                                class=\"content__image sticky\">\n                            <source srcset=\"\"\n                                    type=\"image\/webp\">\n                            <source srcset=\"\"\n                                    type=\"image\/jpeg\">\n                            <img decoding=\"async\" loading=\"lazy\"\n                                 src=\"\"\n                                 alt=\"\" width=\"600\" height=\"450\">\n                                                                                                            <\/picture>\n\n                    <\/div>\n\n                            <\/div>\n        \n                                                    <div class=\"content__box content__box--2\"\n                     >\n                                        \n                    \n                                                    <div class=\"prose\"><p class=\"paragraph-m\" style=\"margin-top: 1em; font-size: medium;\">Wenn sich hier das 1074 gestiftete Stift Admont mit seinen Kunstwerken und das (1975 gegr\u00fcndete) Kulturzentrum bei den Minoriten in Graz zusammentun, um, gemeinsam mit weiteren Sammlungsst\u00fccken der Di\u00f6zese, eine Ausstellung zu formen, so ist das schon ein ganz besonderes Ereignis: Nirgendwo in Europa findet sich eine derartige Dichte an zeitgen\u00f6ssischer Auseinandersetzung mit Kunst, die von der Kirche betrieben wird, wie bei uns in der Steiermark.\u00a0<\/p>\n<p class=\"paragraph-m\" style=\"font-size: medium;\">\u00dcber 50 Werke aus den unterschiedlichen Sammlungen arbeiten sich an den gro\u00dfen Themen wie \u201eG\u00f6tter der Gegenwart\u201c, \u201eFlucht\u201c, \u201eMaria\u201c, \u201eAlt\u00e4re und sakrale Kleider\u201c,\u201eKreuz\u201c, \u201eChristus\u201c und \u201eEwiges Leben\u201c ab.\u00a0<\/p>\n<p>\u00a0<\/p>\n<p class=\"paragraph-m\"><strong>Mehr Infos zur Ausstellung:<\/strong><\/p>\n<p><a class=\"admont-button admont-button--outline-red\" href=\"\/wp-content\/uploads\/Museumszeitung_2018_compr.pdf\">Museumszeitung 2018<\/a><\/p>\n<\/div>\n                        \n                                    <\/div>\n            \n            <\/div>\n<\/div>\n\n<\/section>\n\n<section id='lightpress__section--block_6152e9652dcc8' class='lightpress__section--default-section-space lightpress__section lightpress__section--content'><div class=\"content__inner\"\n         x-init=\"initContentBlockAnim($el)\">\n        \n    <div class=\"content__grid content__grid\">\n                                            <div class=\"content__box content__box--one-hundred\"\n                 style=\"\">\n                                \n                \n                                            <div class=\"prose\"><div class=\"info\">\n<div class=\"info info--info\">\n<p>Kuratiert von Michael Braunsteiner und Johannes Rauchenberger<\/p>\n<\/div>\n<div class=\"info info--info\">\n<p>Von der Gruppe 0512, Siegfried Anzinger, Willi Arndt, Guillaume Bruere, Christoph Cremer, Christian Eisenberger, Manfred Erjautz, Michael Endlicher, Madeleine Dietz, Dorothee Golz, Hermann Glettler, Stephan Hann, Fritz Hartlauer, G\u00fcnther Holler-Schuster, Edgar Honetschl\u00e4ger, Karl Leitgeb, Zlatko Kopljar, Alfred Klinkan, Ronald Kodritsch, Alois Mosbacher, Clara Oppel, Adrian Paci, Markus Reiter, Werner Reiterer, Lois Renner, Claudia Schink, Hubert Schmalix, Christoph Schmidberger, Martin Schnur, Hans Staudacher, Petra Sterry, Gustav Troger, Markus Wilfling und Erwin Wurm.\u00a0<\/p>\n<\/div>\n<\/div>\n<\/div>\n                    \n                            <\/div>\n        \n            <\/div>\n<\/div>\n\n<\/section>\n\n<section id='lightpress__section--block_6152ea512dcc9' class='lightpress__section--default-section-space lightpress__section lightpress__section--image-slider'>\n<div class=\"image-slider\"\n     x-data=\"{ gallery: null, shown: false }\"\n     x-init=\"gallery = initSliderGallery([{&quot;href&quot;:&quot;https:\\\/\\\/stiftadmont.at\\\/wp-content\\\/uploads\\\/Sammlung-Stift-Admont-.-Hubert-Schmalix-Die-Juenger-1994-.png&quot;,&quot;type&quot;:&quot;image&quot;},{&quot;href&quot;:&quot;https:\\\/\\\/stiftadmont.at\\\/wp-content\\\/uploads\\\/Sammlung-Quartier-Leech-.-Fritz-Hartlauer-Studie-zur-Urzelle-2005-1920x2885.jpg&quot;,&quot;type&quot;:&quot;image&quot;},{&quot;href&quot;:&quot;https:\\\/\\\/stiftadmont.at\\\/wp-content\\\/uploads\\\/Sammlung-Glettler-.-Manfred-Erjautz-Messkleid-a-fact-in-der-Leere-eigener-Existenz-2004.png&quot;,&quot;type&quot;:&quot;image&quot;},{&quot;href&quot;:&quot;https:\\\/\\\/stiftadmont.at\\\/wp-content\\\/uploads\\\/Sammlung-Glettler-.-Manfred-Erjautz-Messkleid-a-fact-in-der-Leere-eigener-Existenz-2004-1.png&quot;,&quot;type&quot;:&quot;image&quot;},{&quot;href&quot;:&quot;https:\\\/\\\/stiftadmont.at\\\/wp-content\\\/uploads\\\/Sammlung-Glettler-.-Gustav-Troger-Messkleid-Ohne-Titel-1992.png&quot;,&quot;type&quot;:&quot;image&quot;},{&quot;href&quot;:&quot;https:\\\/\\\/stiftadmont.at\\\/wp-content\\\/uploads\\\/Sammlung-Glettler-.-Gnther-Holler-Schuster-Messkleid-crossover-1995.png&quot;,&quot;type&quot;:&quot;image&quot;},{&quot;href&quot;:&quot;https:\\\/\\\/stiftadmont.at\\\/wp-content\\\/uploads\\\/Sammlung-Glettler-.-Gustav-Troger-Kelch-und-Hostienschale-Ohne-Titel-1991.png&quot;,&quot;type&quot;:&quot;image&quot;},{&quot;href&quot;:&quot;https:\\\/\\\/stiftadmont.at\\\/wp-content\\\/uploads\\\/KULTUMdepot-Graz-.-Dorothee-Golz-Granduca-2012.png&quot;,&quot;type&quot;:&quot;image&quot;},{&quot;href&quot;:&quot;https:\\\/\\\/stiftadmont.at\\\/wp-content\\\/uploads\\\/KULTUMdepot-Graz-.-Zlatko-Kopljar-K9-Compassion-Times-Square-2004.png&quot;,&quot;type&quot;:&quot;image&quot;},{&quot;href&quot;:&quot;https:\\\/\\\/stiftadmont.at\\\/wp-content\\\/uploads\\\/KULTUMdepot-Graz-Claudia-Schink-Avignon-1998.png&quot;,&quot;type&quot;:&quot;image&quot;},{&quot;href&quot;:&quot;https:\\\/\\\/stiftadmont.at\\\/wp-content\\\/uploads\\\/Blick-in-die-Ausstellung-mit-der-Serie-K9-Compassion-von-Zlatko-Kopljar-2004-1920x1280.jpg&quot;,&quot;type&quot;:&quot;image&quot;},{&quot;href&quot;:&quot;https:\\\/\\\/stiftadmont.at\\\/wp-content\\\/uploads\\\/Admont-Blick-in-die-Ausstellung-Schnheit-und-Anspruch-1920x1200.jpg&quot;,&quot;type&quot;:&quot;image&quot;}]); initImageSliderBlockAnim($el);\">\n    <div class=\"image-slider__inner\">\n\n        <div class=\"swiper-container\" x-init=\"initImageSliderBlock($el, $refs.btnPrev, $refs.btnNext)\">\n            <div class=\"swiper-wrapper\">\n                                    <div class=\"swiper-slide\">\n                        <div class=\"image-slider__media\">\n                            <img decoding=\"async\" class=\"image-slider__image\"\n                                 src=\"https:\/\/stiftadmont.at\/wp-content\/uploads\/Sammlung-Stift-Admont-.-Hubert-Schmalix-Die-Juenger-1994--768x960.png\"\n                                 alt=\"Sammlung Stift Admont . Hubert Schmalix Die Juenger 1994\">\n                        <\/div>\n                    <\/div>\n                                    <div class=\"swiper-slide\">\n                        <div class=\"image-slider__media\">\n                            <img decoding=\"async\" class=\"image-slider__image\"\n                                 src=\"https:\/\/stiftadmont.at\/wp-content\/uploads\/Sammlung-Quartier-Leech-.-Fritz-Hartlauer-Studie-zur-Urzelle-2005-768x1154.jpg\"\n                                 alt=\"Sammlung Quartier Leech . Fritz Hartlauer Studie zur Urzelle 2005 scaled\">\n                        <\/div>\n                    <\/div>\n                                    <div class=\"swiper-slide\">\n                        <div class=\"image-slider__media\">\n                            <img decoding=\"async\" class=\"image-slider__image\"\n                                 src=\"https:\/\/stiftadmont.at\/wp-content\/uploads\/Sammlung-Glettler-.-Manfred-Erjautz-Messkleid-a-fact-in-der-Leere-eigener-Existenz-2004-768x512.png\"\n                                 alt=\"Sammlung Glettler . Manfred Erjautz Messkleid a fact in der Leere eigener Existenz 2004\">\n                        <\/div>\n                    <\/div>\n                                    <div class=\"swiper-slide\">\n                        <div class=\"image-slider__media\">\n                            <img decoding=\"async\" class=\"image-slider__image\" src=\"https:\/\/stiftadmont.at\/wp-content\/uploads\/Sammlung-Glettler-.-Manfred-Erjautz-Messkleid-a-fact-in-der-Leere-eigener-Existenz-2004-1.png\" alt=\"Sammlung Glettler . Manfred Erjautz Messkleid a fact in der Leere eigener Existenz 2004 1\" \/>\n                        <\/div>\n                    <\/div>\n                                    <div class=\"swiper-slide\">\n                        <div class=\"image-slider__media\">\n                            <img decoding=\"async\" class=\"image-slider__image\"\n                                 src=\"https:\/\/stiftadmont.at\/wp-content\/uploads\/Sammlung-Glettler-.-Gustav-Troger-Messkleid-Ohne-Titel-1992-768x611.png\"\n                                 alt=\"Sammlung Glettler . Gustav Troger Messkleid Ohne Titel 1992\">\n                        <\/div>\n                    <\/div>\n                                    <div class=\"swiper-slide\">\n                        <div class=\"image-slider__media\">\n                            <img decoding=\"async\" class=\"image-slider__image\"\n                                 src=\"https:\/\/stiftadmont.at\/wp-content\/uploads\/Sammlung-Glettler-.-Gnther-Holler-Schuster-Messkleid-crossover-1995-768x518.png\"\n                                 alt=\"Sammlung Glettler . Gnther Holler Schuster Messkleid crossover 1995\">\n                        <\/div>\n                    <\/div>\n                                    <div class=\"swiper-slide\">\n                        <div class=\"image-slider__media\">\n                            <img decoding=\"async\" class=\"image-slider__image\"\n                                 src=\"https:\/\/stiftadmont.at\/wp-content\/uploads\/Sammlung-Glettler-.-Gustav-Troger-Kelch-und-Hostienschale-Ohne-Titel-1991-768x489.png\"\n                                 alt=\"Sammlung Glettler . Gustav Troger Kelch und Hostienschale Ohne Titel 1991\">\n                        <\/div>\n                    <\/div>\n                                    <div class=\"swiper-slide\">\n                        <div class=\"image-slider__media\">\n                            <img decoding=\"async\" class=\"image-slider__image\" src=\"https:\/\/stiftadmont.at\/wp-content\/uploads\/KULTUMdepot-Graz-.-Dorothee-Golz-Granduca-2012.png\" alt=\"KULTUMdepot Graz . Dorothee Golz Granduca 2012\" \/>\n                        <\/div>\n                    <\/div>\n                                    <div class=\"swiper-slide\">\n                        <div class=\"image-slider__media\">\n                            <img decoding=\"async\" class=\"image-slider__image\"\n                                 src=\"https:\/\/stiftadmont.at\/wp-content\/uploads\/KULTUMdepot-Graz-.-Zlatko-Kopljar-K9-Compassion-Times-Square-2004-768x631.png\"\n                                 alt=\"KULTUMdepot Graz . Zlatko Kopljar K9 Compassion Times Square 2004\">\n                        <\/div>\n                    <\/div>\n                                    <div class=\"swiper-slide\">\n                        <div class=\"image-slider__media\">\n                            <img decoding=\"async\" class=\"image-slider__image\"\n                                 src=\"https:\/\/stiftadmont.at\/wp-content\/uploads\/KULTUMdepot-Graz-Claudia-Schink-Avignon-1998-768x432.png\"\n                                 alt=\"KULTUMdepot Graz Claudia Schink Avignon 1998\">\n                        <\/div>\n                    <\/div>\n                                    <div class=\"swiper-slide\">\n                        <div class=\"image-slider__media\">\n                            <img decoding=\"async\" class=\"image-slider__image\"\n                                 src=\"https:\/\/stiftadmont.at\/wp-content\/uploads\/Blick-in-die-Ausstellung-mit-der-Serie-K9-Compassion-von-Zlatko-Kopljar-2004-768x512.jpg\"\n                                 alt=\"Blick in die Ausstellung mit der Serie K9 Compassion von Zlatko Kopljar 2004\">\n                        <\/div>\n                    <\/div>\n                                    <div class=\"swiper-slide\">\n                        <div class=\"image-slider__media\">\n                            <img decoding=\"async\" class=\"image-slider__image\"\n                                 src=\"https:\/\/stiftadmont.at\/wp-content\/uploads\/Admont-Blick-in-die-Ausstellung-Schnheit-und-Anspruch-768x480.jpg\"\n                                 alt=\"Admont Blick in die Ausstellung Schnheit und Anspruch scaled e1632930949300\">\n                        <\/div>\n                    <\/div>\n                            <\/div>\n\n            <div class=\"swiper-nav-wrapper\">\n                <button class=\"swiper-button-prev slider-button--prev\" x-ref=\"btnPrev\"\n                        aria-label=\"Vorige Bilder anzeigen\">\n                    <img decoding=\"async\" src=\"\/wp-content\/themes\/stift-admont\/src\/assets\/img\/arrow-left-big-new.svg\" alt=\"Pfeil nach Links\">\n                <\/button>\n\n\n                <a class=\"image-slider__gallery\" @click=\"openGallery(gallery)\"><i class=\"fa-thin fa-plus\"><\/i><\/a>\n                <button class=\"swiper-button-next slider-button--next\"\n                        x-ref=\"btnNext\"\n                        aria-label=\"N\u00e4chste Bilder anzeigen\">\n                    <img decoding=\"async\" src=\"\/wp-content\/themes\/stift-admont\/src\/assets\/img\/arrow-right-big-new.svg\" alt=\"Pfeil nach Rechts\">\n                <\/button>\n            <\/div>\n        <\/div>\n    <\/div>\n\n\n<\/div><\/section>","protected":false},"excerpt":{"rendered":"","protected":false},"author":7,"featured_media":0,"parent":5864,"menu_order":10,"comment_status":"closed","ping_status":"closed","template":"","meta":{"_acf_changed":false,"footnotes":""},"categories":[73],"class_list":["post-6221","page","type-page","status-publish","hentry","category-ausstellungsrueckblick"],"acf":[],"yoast_head":"<!-- This site is optimized with the Yoast SEO Premium plugin v26.0 (Yoast SEO v26.8) - https:\/\/yoast.com\/product\/yoast-seo-premium-wordpress\/ -->\n<title>Sch\u00f6nheit und Anspruch - Stift Admont<\/title>\n<meta name=\"robots\" content=\"index, follow, max-snippet:-1, max-image-preview:large, max-video-preview:-1\" \/>\n<link rel=\"canonical\" href=\"https:\/\/stiftadmont.at\/fr\/musee\/retrospective-de-lexposition\/beaute-et-exigence\/\" \/>\n<meta property=\"og:locale\" content=\"fr_FR\" \/>\n<meta property=\"og:type\" content=\"article\" \/>\n<meta property=\"og:title\" content=\"Sch\u00f6nheit und Anspruch\" \/>\n<meta property=\"og:url\" content=\"https:\/\/stiftadmont.at\/fr\/musee\/retrospective-de-lexposition\/beaute-et-exigence\/\" \/>\n<meta property=\"og:site_name\" content=\"Stift Admont\" \/>\n<meta property=\"article:modified_time\" content=\"2023-12-08T16:54:54+00:00\" \/>\n<meta property=\"og:image\" content=\"https:\/\/stiftadmont.at\/wp-content\/uploads\/Klosteranlage-innen.jpg\" \/>\n\t<meta property=\"og:image:width\" content=\"1912\" \/>\n\t<meta property=\"og:image:height\" content=\"1188\" \/>\n\t<meta property=\"og:image:type\" content=\"image\/jpeg\" \/>\n<meta name=\"twitter:card\" content=\"summary_large_image\" \/>\n<script type=\"application\/ld+json\" class=\"yoast-schema-graph\">{\"@context\":\"https:\/\/schema.org\",\"@graph\":[{\"@type\":\"WebPage\",\"@id\":\"https:\/\/stiftadmont.at\/museum\/ausstellungsrueckblick\/schoenheit-und-anspruch\/\",\"url\":\"https:\/\/stiftadmont.at\/museum\/ausstellungsrueckblick\/schoenheit-und-anspruch\/\",\"name\":\"Sch\u00f6nheit und Anspruch - Stift Admont\",\"isPartOf\":{\"@id\":\"https:\/\/stiftadmont.at\/#website\"},\"datePublished\":\"2021-09-28T10:04:32+00:00\",\"dateModified\":\"2023-12-08T16:54:54+00:00\",\"breadcrumb\":{\"@id\":\"https:\/\/stiftadmont.at\/museum\/ausstellungsrueckblick\/schoenheit-und-anspruch\/#breadcrumb\"},\"inLanguage\":\"fr-FR\",\"potentialAction\":[{\"@type\":\"ReadAction\",\"target\":[\"https:\/\/stiftadmont.at\/museum\/ausstellungsrueckblick\/schoenheit-und-anspruch\/\"]}]},{\"@type\":\"BreadcrumbList\",\"@id\":\"https:\/\/stiftadmont.at\/museum\/ausstellungsrueckblick\/schoenheit-und-anspruch\/#breadcrumb\",\"itemListElement\":[{\"@type\":\"ListItem\",\"position\":1,\"name\":\"Start\",\"item\":\"https:\/\/stiftadmont.at\/\"},{\"@type\":\"ListItem\",\"position\":2,\"name\":\"Museum Stift Admont\",\"item\":\"https:\/\/stiftadmont.at\/museum\/\"},{\"@type\":\"ListItem\",\"position\":3,\"name\":\"Ausstellungsr\u00fcckblick\",\"item\":\"https:\/\/stiftadmont.at\/museum\/ausstellungsrueckblick\/\"},{\"@type\":\"ListItem\",\"position\":4,\"name\":\"Sch\u00f6nheit und Anspruch\"}]},{\"@type\":\"WebSite\",\"@id\":\"https:\/\/stiftadmont.at\/#website\",\"url\":\"https:\/\/stiftadmont.at\/\",\"name\":\"Stift Admont\",\"description\":\"Benediktinerkloster und Sehensw\u00fcrdigkeit im Ges\u00e4use\",\"potentialAction\":[{\"@type\":\"SearchAction\",\"target\":{\"@type\":\"EntryPoint\",\"urlTemplate\":\"https:\/\/stiftadmont.at\/?s={search_term_string}\"},\"query-input\":{\"@type\":\"PropertyValueSpecification\",\"valueRequired\":true,\"valueName\":\"search_term_string\"}}],\"inLanguage\":\"fr-FR\"}]}<\/script>\n<!-- \/ Yoast SEO Premium plugin. -->","yoast_head_json":{"title":"Beaut\u00e9 et exigence - Stift Admont","robots":{"index":"index","follow":"follow","max-snippet":"max-snippet:-1","max-image-preview":"max-image-preview:large","max-video-preview":"max-video-preview:-1"},"canonical":"https:\/\/stiftadmont.at\/fr\/musee\/retrospective-de-lexposition\/beaute-et-exigence\/","og_locale":"fr_FR","og_type":"article","og_title":"Sch\u00f6nheit und Anspruch","og_url":"https:\/\/stiftadmont.at\/fr\/musee\/retrospective-de-lexposition\/beaute-et-exigence\/","og_site_name":"Stift Admont","article_modified_time":"2023-12-08T16:54:54+00:00","og_image":[{"width":1912,"height":1188,"url":"https:\/\/stiftadmont.at\/wp-content\/uploads\/Klosteranlage-innen.jpg","type":"image\/jpeg"}],"twitter_card":"summary_large_image","schema":{"@context":"https:\/\/schema.org","@graph":[{"@type":"WebPage","@id":"https:\/\/stiftadmont.at\/museum\/ausstellungsrueckblick\/schoenheit-und-anspruch\/","url":"https:\/\/stiftadmont.at\/museum\/ausstellungsrueckblick\/schoenheit-und-anspruch\/","name":"Beaut\u00e9 et exigence - Stift Admont","isPartOf":{"@id":"https:\/\/stiftadmont.at\/#website"},"datePublished":"2021-09-28T10:04:32+00:00","dateModified":"2023-12-08T16:54:54+00:00","breadcrumb":{"@id":"https:\/\/stiftadmont.at\/museum\/ausstellungsrueckblick\/schoenheit-und-anspruch\/#breadcrumb"},"inLanguage":"fr-FR","potentialAction":[{"@type":"ReadAction","target":["https:\/\/stiftadmont.at\/museum\/ausstellungsrueckblick\/schoenheit-und-anspruch\/"]}]},{"@type":"BreadcrumbList","@id":"https:\/\/stiftadmont.at\/museum\/ausstellungsrueckblick\/schoenheit-und-anspruch\/#breadcrumb","itemListElement":[{"@type":"ListItem","position":1,"name":"Start","item":"https:\/\/stiftadmont.at\/"},{"@type":"ListItem","position":2,"name":"Museum Stift Admont","item":"https:\/\/stiftadmont.at\/museum\/"},{"@type":"ListItem","position":3,"name":"Ausstellungsr\u00fcckblick","item":"https:\/\/stiftadmont.at\/museum\/ausstellungsrueckblick\/"},{"@type":"ListItem","position":4,"name":"Sch\u00f6nheit und Anspruch"}]},{"@type":"WebSite","@id":"https:\/\/stiftadmont.at\/#website","url":"https:\/\/stiftadmont.at\/","name":"Abbaye d'Admont","description":"Monast\u00e8re b\u00e9n\u00e9dictin et attraction touristique dans le Ges\u00e4use","potentialAction":[{"@type":"SearchAction","target":{"@type":"EntryPoint","urlTemplate":"https:\/\/stiftadmont.at\/?s={search_term_string}"},"query-input":{"@type":"PropertyValueSpecification","valueRequired":true,"valueName":"search_term_string"}}],"inLanguage":"fr-FR"}]}},"_links":{"self":[{"href":"https:\/\/stiftadmont.at\/fr\/wp-json\/wp\/v2\/pages\/6221","targetHints":{"allow":["GET"]}}],"collection":[{"href":"https:\/\/stiftadmont.at\/fr\/wp-json\/wp\/v2\/pages"}],"about":[{"href":"https:\/\/stiftadmont.at\/fr\/wp-json\/wp\/v2\/types\/page"}],"author":[{"embeddable":true,"href":"https:\/\/stiftadmont.at\/fr\/wp-json\/wp\/v2\/users\/7"}],"replies":[{"embeddable":true,"href":"https:\/\/stiftadmont.at\/fr\/wp-json\/wp\/v2\/comments?post=6221"}],"version-history":[{"count":33,"href":"https:\/\/stiftadmont.at\/fr\/wp-json\/wp\/v2\/pages\/6221\/revisions"}],"predecessor-version":[{"id":24226,"href":"https:\/\/stiftadmont.at\/fr\/wp-json\/wp\/v2\/pages\/6221\/revisions\/24226"}],"up":[{"embeddable":true,"href":"https:\/\/stiftadmont.at\/fr\/wp-json\/wp\/v2\/pages\/5864"}],"wp:attachment":[{"href":"https:\/\/stiftadmont.at\/fr\/wp-json\/wp\/v2\/media?parent=6221"}],"wp:term":[{"taxonomy":"category","embeddable":true,"href":"https:\/\/stiftadmont.at\/fr\/wp-json\/wp\/v2\/categories?post=6221"}],"curies":[{"name":"wp","href":"https:\/\/api.w.org\/{rel}","templated":true}]}}