{"id":6289,"date":"2021-09-28T13:55:12","date_gmt":"2021-09-28T11:55:12","guid":{"rendered":"https:\/\/stiftadmont.at\/?page_id=6289"},"modified":"2023-12-08T18:47:53","modified_gmt":"2023-12-08T16:47:53","slug":"ouvrir-le-lien","status":"publish","type":"page","link":"https:\/\/stiftadmont.at\/fr\/museum\/ausstellungsrueckblick\/open-the-link\/","title":{"rendered":"OUVRIR LE LIEN."},"content":{"rendered":"<section id='lightpress__section--block_61530186a0c2a' class='lightpress__section--default-section-space lightpress__section lightpress__section--content'><div class=\"content__inner\"\n         x-init=\"initContentBlockAnim($el)\">\n        \n    <div class=\"content__grid content__grid\">\n                                            <div class=\"content__box content__box--one-hundred\"\n                 style=\"\">\n                                \n                \n                                            <div class=\"prose\"><h2 class=\"heading-xxl line line--gold\">Ouvrir le lien.\u00a0<\/h2>\n<h3 class=\"heading-xl\">Exposition temporaire au Museum f\u00fcr Gegenwartskunst<\/h3>\n<p class=\"paragraph-m\">L'exposition temporaire 2017 du Museum Gegenwartskunst offre des aper\u00e7us vivants de l'activit\u00e9 de collection de l'art de notre temps, commenc\u00e9e en 1997 et qui dure donc depuis 20 ans.<\/p>\n<p class=\"paragraph-m\">L'\u00e9ventail s'\u00e9tend des premi\u00e8res acquisitions aux plus r\u00e9centes, des \u0153uvres MADE FOR ADMONT aux interventions artistiques. Et bien s\u00fbr, la pr\u00e9sentation de la collection sp\u00e9ciale \"<a href=\"\/fr\/sammlungen__trashed\/au-dela-de-la-vision\/\">DEPUIS LA VUE - L'art relie les aveugles et les voyants<\/a>\"en tant que domaine de collection autonome dans l'ensemble de la collection. Des spots documentaires permettent de d\u00e9couvrir comment la collection d'art contemporain s'est d\u00e9velopp\u00e9e et comment elle met des mondes en mouvement.<\/p>\n<p class=\"paragraph-m\">Environ 170 artistes, n\u00e9s ou travaillant en Autriche principalement \u00e0 partir du milieu du 20e si\u00e8cle, sont repr\u00e9sent\u00e9s par des \u0153uvres dans la collection. Cette exposition en pr\u00e9sente quelques-uns, en quelque sorte repr\u00e9sentatifs de tous et repr\u00e9sentatifs de la structure interne de la collection.<\/p>\n<p class=\"paragraph-m\">OPEN THE LINK comme l'une des nombreuses possibilit\u00e9s de s\u00e9lection et de combinaison d'\u0153uvres - dans une structure d'exposition pour le 20e anniversaire de la Collection d'art contemporain. Participez \u00e0 la f\u00eate ! OPEN THE LINK !<\/p>\n<\/div>\n                    \n                            <\/div>\n        \n            <\/div>\n<\/div>\n\n<\/section>\n\n<section id='lightpress__section--block_615302aba0c2c' class='lightpress__section--default-section-space lightpress__section lightpress__section--content'><div class=\"content__inner\"\n         x-init=\"initContentBlockAnim($el)\">\n        \n    <div class=\"content__grid content__grid\">\n                                            <div class=\"content__box content__box--one-hundred\"\n                 style=\"\">\n                                \n                \n                                            <div class=\"prose\"><div class=\"info info--info\">\n<p>Conservateur : Michael Braunsteiner<\/p>\n<\/div>\n<div class=\"info info--info\">\n<p>Artistes repr\u00e9sent\u00e9s dans l'exposition : Siegfried Anzinger - Erwin Bohatsch - Herbert Brandl - Adi Brunner - G\u00f6tz Bury - Gunter Damisch - Lore Demel-Lerchster - Johannes Deutsch - Manfred Erjautz - Bruno Gironcoli - Franz Grabmayr - Franz Graf - Michael Gumhold - Claudia Hirtl - Lisa Huber - Judith Huemer - Christian Hutzinger - Alfred Klinkan - Ronald Kodritsch - Rudi Molacek - Tobias Pils - Konrad Rainer - Werner Reiterer - Lois Renner - Gerhard R\u00fchm - Hubert Scheibl - Eva Schlegel - Hubert Schmalix - Christoph Schmidberger - Martin Schnur - Hannes Schwarz - Emil Siemeister - Norbert Trummer - Walter Vopava - Markus Wilfling - Erwin Wurm - Otto Zitko<\/p>\n<\/div>\n<\/div>\n                    \n                            <\/div>\n        \n            <\/div>\n<\/div>\n\n<\/section>","protected":false},"excerpt":{"rendered":"","protected":false},"author":7,"featured_media":0,"parent":5864,"menu_order":8,"comment_status":"closed","ping_status":"closed","template":"","meta":{"_acf_changed":false,"footnotes":""},"categories":[73],"class_list":["post-6289","page","type-page","status-publish","hentry","category-ausstellungsrueckblick"],"acf":[],"yoast_head":"<!-- This site is optimized with the Yoast SEO Premium plugin v26.0 (Yoast SEO v26.8) - https:\/\/yoast.com\/product\/yoast-seo-premium-wordpress\/ -->\n<title>OPEN THE LINK. - Stift Admont<\/title>\n<meta name=\"robots\" content=\"index, follow, max-snippet:-1, max-image-preview:large, max-video-preview:-1\" \/>\n<link rel=\"canonical\" href=\"https:\/\/stiftadmont.at\/fr\/musee\/retrospective-de-lexposition\/ouvrir-le-lien\/\" \/>\n<meta property=\"og:locale\" content=\"fr_FR\" \/>\n<meta property=\"og:type\" content=\"article\" \/>\n<meta property=\"og:title\" content=\"OPEN THE LINK.\" \/>\n<meta property=\"og:url\" content=\"https:\/\/stiftadmont.at\/fr\/musee\/retrospective-de-lexposition\/ouvrir-le-lien\/\" \/>\n<meta property=\"og:site_name\" content=\"Stift Admont\" \/>\n<meta property=\"article:modified_time\" content=\"2023-12-08T16:47:53+00:00\" \/>\n<meta property=\"og:image\" content=\"https:\/\/stiftadmont.at\/wp-content\/uploads\/Klosteranlage-innen.jpg\" \/>\n\t<meta property=\"og:image:width\" content=\"1912\" \/>\n\t<meta property=\"og:image:height\" content=\"1188\" \/>\n\t<meta property=\"og:image:type\" content=\"image\/jpeg\" \/>\n<meta name=\"twitter:card\" content=\"summary_large_image\" \/>\n<script type=\"application\/ld+json\" class=\"yoast-schema-graph\">{\"@context\":\"https:\/\/schema.org\",\"@graph\":[{\"@type\":\"WebPage\",\"@id\":\"https:\/\/stiftadmont.at\/museum\/ausstellungsrueckblick\/open-the-link\/\",\"url\":\"https:\/\/stiftadmont.at\/museum\/ausstellungsrueckblick\/open-the-link\/\",\"name\":\"OPEN THE LINK. - Stift Admont\",\"isPartOf\":{\"@id\":\"https:\/\/stiftadmont.at\/#website\"},\"datePublished\":\"2021-09-28T11:55:12+00:00\",\"dateModified\":\"2023-12-08T16:47:53+00:00\",\"breadcrumb\":{\"@id\":\"https:\/\/stiftadmont.at\/museum\/ausstellungsrueckblick\/open-the-link\/#breadcrumb\"},\"inLanguage\":\"fr-FR\",\"potentialAction\":[{\"@type\":\"ReadAction\",\"target\":[\"https:\/\/stiftadmont.at\/museum\/ausstellungsrueckblick\/open-the-link\/\"]}]},{\"@type\":\"BreadcrumbList\",\"@id\":\"https:\/\/stiftadmont.at\/museum\/ausstellungsrueckblick\/open-the-link\/#breadcrumb\",\"itemListElement\":[{\"@type\":\"ListItem\",\"position\":1,\"name\":\"Start\",\"item\":\"https:\/\/stiftadmont.at\/\"},{\"@type\":\"ListItem\",\"position\":2,\"name\":\"Museum Stift Admont\",\"item\":\"https:\/\/stiftadmont.at\/museum\/\"},{\"@type\":\"ListItem\",\"position\":3,\"name\":\"Ausstellungsr\u00fcckblick\",\"item\":\"https:\/\/stiftadmont.at\/museum\/ausstellungsrueckblick\/\"},{\"@type\":\"ListItem\",\"position\":4,\"name\":\"OPEN THE LINK.\"}]},{\"@type\":\"WebSite\",\"@id\":\"https:\/\/stiftadmont.at\/#website\",\"url\":\"https:\/\/stiftadmont.at\/\",\"name\":\"Stift Admont\",\"description\":\"Benediktinerkloster und Sehensw\u00fcrdigkeit im Ges\u00e4use\",\"potentialAction\":[{\"@type\":\"SearchAction\",\"target\":{\"@type\":\"EntryPoint\",\"urlTemplate\":\"https:\/\/stiftadmont.at\/?s={search_term_string}\"},\"query-input\":{\"@type\":\"PropertyValueSpecification\",\"valueRequired\":true,\"valueName\":\"search_term_string\"}}],\"inLanguage\":\"fr-FR\"}]}<\/script>\n<!-- \/ Yoast SEO Premium plugin. -->","yoast_head_json":{"title":"OUVRIR LE LIEN (OPEN THE LINK). - L'abbaye d'Admont","robots":{"index":"index","follow":"follow","max-snippet":"max-snippet:-1","max-image-preview":"max-image-preview:large","max-video-preview":"max-video-preview:-1"},"canonical":"https:\/\/stiftadmont.at\/fr\/musee\/retrospective-de-lexposition\/ouvrir-le-lien\/","og_locale":"fr_FR","og_type":"article","og_title":"OPEN THE LINK.","og_url":"https:\/\/stiftadmont.at\/fr\/musee\/retrospective-de-lexposition\/ouvrir-le-lien\/","og_site_name":"Stift Admont","article_modified_time":"2023-12-08T16:47:53+00:00","og_image":[{"width":1912,"height":1188,"url":"https:\/\/stiftadmont.at\/wp-content\/uploads\/Klosteranlage-innen.jpg","type":"image\/jpeg"}],"twitter_card":"summary_large_image","schema":{"@context":"https:\/\/schema.org","@graph":[{"@type":"WebPage","@id":"https:\/\/stiftadmont.at\/museum\/ausstellungsrueckblick\/open-the-link\/","url":"https:\/\/stiftadmont.at\/museum\/ausstellungsrueckblick\/open-the-link\/","name":"OUVRIR LE LIEN (OPEN THE LINK). - L'abbaye d'Admont","isPartOf":{"@id":"https:\/\/stiftadmont.at\/#website"},"datePublished":"2021-09-28T11:55:12+00:00","dateModified":"2023-12-08T16:47:53+00:00","breadcrumb":{"@id":"https:\/\/stiftadmont.at\/museum\/ausstellungsrueckblick\/open-the-link\/#breadcrumb"},"inLanguage":"fr-FR","potentialAction":[{"@type":"ReadAction","target":["https:\/\/stiftadmont.at\/museum\/ausstellungsrueckblick\/open-the-link\/"]}]},{"@type":"BreadcrumbList","@id":"https:\/\/stiftadmont.at\/museum\/ausstellungsrueckblick\/open-the-link\/#breadcrumb","itemListElement":[{"@type":"ListItem","position":1,"name":"Start","item":"https:\/\/stiftadmont.at\/"},{"@type":"ListItem","position":2,"name":"Museum Stift Admont","item":"https:\/\/stiftadmont.at\/museum\/"},{"@type":"ListItem","position":3,"name":"Ausstellungsr\u00fcckblick","item":"https:\/\/stiftadmont.at\/museum\/ausstellungsrueckblick\/"},{"@type":"ListItem","position":4,"name":"OPEN THE LINK."}]},{"@type":"WebSite","@id":"https:\/\/stiftadmont.at\/#website","url":"https:\/\/stiftadmont.at\/","name":"Abbaye d'Admont","description":"Monast\u00e8re b\u00e9n\u00e9dictin et attraction touristique dans le Ges\u00e4use","potentialAction":[{"@type":"SearchAction","target":{"@type":"EntryPoint","urlTemplate":"https:\/\/stiftadmont.at\/?s={search_term_string}"},"query-input":{"@type":"PropertyValueSpecification","valueRequired":true,"valueName":"search_term_string"}}],"inLanguage":"fr-FR"}]}},"_links":{"self":[{"href":"https:\/\/stiftadmont.at\/fr\/wp-json\/wp\/v2\/pages\/6289","targetHints":{"allow":["GET"]}}],"collection":[{"href":"https:\/\/stiftadmont.at\/fr\/wp-json\/wp\/v2\/pages"}],"about":[{"href":"https:\/\/stiftadmont.at\/fr\/wp-json\/wp\/v2\/types\/page"}],"author":[{"embeddable":true,"href":"https:\/\/stiftadmont.at\/fr\/wp-json\/wp\/v2\/users\/7"}],"replies":[{"embeddable":true,"href":"https:\/\/stiftadmont.at\/fr\/wp-json\/wp\/v2\/comments?post=6289"}],"version-history":[{"count":11,"href":"https:\/\/stiftadmont.at\/fr\/wp-json\/wp\/v2\/pages\/6289\/revisions"}],"predecessor-version":[{"id":13523,"href":"https:\/\/stiftadmont.at\/fr\/wp-json\/wp\/v2\/pages\/6289\/revisions\/13523"}],"up":[{"embeddable":true,"href":"https:\/\/stiftadmont.at\/fr\/wp-json\/wp\/v2\/pages\/5864"}],"wp:attachment":[{"href":"https:\/\/stiftadmont.at\/fr\/wp-json\/wp\/v2\/media?parent=6289"}],"wp:term":[{"taxonomy":"category","embeddable":true,"href":"https:\/\/stiftadmont.at\/fr\/wp-json\/wp\/v2\/categories?post=6289"}],"curies":[{"name":"wp","href":"https:\/\/api.w.org\/{rel}","templated":true}]}}