{"id":6480,"date":"2021-09-29T16:40:07","date_gmt":"2021-09-29T14:40:07","guid":{"rendered":"https:\/\/stiftadmont.at\/?page_id=6480"},"modified":"2023-12-11T10:55:04","modified_gmt":"2023-12-11T08:55:04","slug":"neo-redecouvert-au-musee-dhistoire-de-lart","status":"publish","type":"page","link":"https:\/\/stiftadmont.at\/fr\/museum\/ausstellungsrueckblick\/neo-neu-wiederentdeckt-im-kunsthistorischen-museum\/","title":{"rendered":"NEO\/NEU - Red\u00e9couverte au Kunsthistorisches Museum"},"content":{"rendered":"<section id='lightpress__section--block_61547ac0e6543' class='lightpress__section--default-section-space lightpress__section lightpress__section--content'><div class=\"content__inner\"\n         x-init=\"initContentBlockAnim($el)\">\n        \n    <div class=\"content__grid content__grid\">\n                                            <div class=\"content__box content__box--one-hundred\"\n                 style=\"\">\n                                \n                \n                                            <div class=\"prose\"><p class=\"paragraph-m\">Apr\u00e8s l'incendie du monast\u00e8re en 1865, l'\u00e9glise coll\u00e9giale d'Admont a \u00e9t\u00e9 reconstruite dans le style n\u00e9ogothique, alors moderne. Dans le cadre de cette nouvelle construction, une multitude d'objets liturgiques inspir\u00e9s du gothique m\u00e9di\u00e9val ont \u00e9t\u00e9 cr\u00e9\u00e9s pour l'\u00e9glise, mais aussi pour les moines toujours ouverts \u00e0 l'art. Ces calices, ciboires, ostensoirs, etc. n'atteignent certes pas le grand art du gothique m\u00e9di\u00e9val, mais sont n\u00e9anmoins des t\u00e9moins passionnants d'une \u00e9poque artistique qui a trouv\u00e9 un \u00e9cho important non seulement \u00e0 Admont avec l'\u00e9glise abbatiale, mais aussi sur tout le continent europ\u00e9en. Ces derni\u00e8res ann\u00e9es, le custode, P. Maximilian, a mis l'accent sur la restauration de ces objets, malheureusement souvent consid\u00e9r\u00e9s avec m\u00e9pris. Une partie de ces objets a \u00e9t\u00e9 pr\u00e9sent\u00e9e pour la premi\u00e8re fois au public au cours de la saison 2017.<\/p>\n<p class=\"paragraph-m\">Apr\u00e8s une longue pause, on a pu voir \u00e0 nouveau l'\"ornement de No\u00ebl\" du fr\u00e8re Benno Haan, l'\u0153uvre principale du moine d'Admont datant des ann\u00e9es 1680. Un programme riche en images, des peintures \u00e0 l'aiguille de la plus haute qualit\u00e9 - un magnifique t\u00e9moignage de l'art baroque, fabriqu\u00e9 dans l'abbaye d'Admont et toujours utilis\u00e9 pour la gloire de Dieu. \u00c0 c\u00f4t\u00e9 - expos\u00e9 pour la premi\u00e8re fois - un ornement baroque dans la rare couleur liturgique rose, un chef-d'\u0153uvre de la technique de tissage.<\/p>\n<div class=\"info info--info\">\n<p>Custode : P. Maximilian Schieferm\u00fcller OSB<\/p>\n<\/div>\n<\/div>\n                    \n                            <\/div>\n        \n            <\/div>\n<\/div>\n\n<\/section>","protected":false},"excerpt":{"rendered":"","protected":false},"author":7,"featured_media":0,"parent":5864,"menu_order":7,"comment_status":"closed","ping_status":"closed","template":"","meta":{"_acf_changed":false,"footnotes":""},"categories":[73],"class_list":["post-6480","page","type-page","status-publish","hentry","category-ausstellungsrueckblick"],"acf":[],"yoast_head":"<!-- This site is optimized with the Yoast SEO Premium plugin v26.0 (Yoast SEO v26.8) - https:\/\/yoast.com\/product\/yoast-seo-premium-wordpress\/ -->\n<title>NEO\/NEU \u2013 Wiederentdeckt im Kunsthistorischen Museum - Stift Admont<\/title>\n<meta name=\"robots\" content=\"index, follow, max-snippet:-1, max-image-preview:large, max-video-preview:-1\" \/>\n<link rel=\"canonical\" href=\"https:\/\/stiftadmont.at\/fr\/musee\/retrospective-de-lexposition\/neo-redecouvert-au-musee-dhistoire-de-lart\/\" \/>\n<meta property=\"og:locale\" content=\"fr_FR\" \/>\n<meta property=\"og:type\" content=\"article\" \/>\n<meta property=\"og:title\" content=\"NEO\/NEU \u2013 Wiederentdeckt im Kunsthistorischen Museum\" \/>\n<meta property=\"og:url\" content=\"https:\/\/stiftadmont.at\/fr\/musee\/retrospective-de-lexposition\/neo-redecouvert-au-musee-dhistoire-de-lart\/\" \/>\n<meta property=\"og:site_name\" content=\"Stift Admont\" \/>\n<meta property=\"article:modified_time\" content=\"2023-12-11T08:55:04+00:00\" \/>\n<meta property=\"og:image\" content=\"https:\/\/stiftadmont.at\/wp-content\/uploads\/Klosteranlage-innen.jpg\" \/>\n\t<meta property=\"og:image:width\" content=\"1912\" \/>\n\t<meta property=\"og:image:height\" content=\"1188\" \/>\n\t<meta property=\"og:image:type\" content=\"image\/jpeg\" \/>\n<meta name=\"twitter:card\" content=\"summary_large_image\" \/>\n<script type=\"application\/ld+json\" class=\"yoast-schema-graph\">{\"@context\":\"https:\/\/schema.org\",\"@graph\":[{\"@type\":\"WebPage\",\"@id\":\"https:\/\/stiftadmont.at\/museum\/ausstellungsrueckblick\/neo-neu-wiederentdeckt-im-kunsthistorischen-museum\/\",\"url\":\"https:\/\/stiftadmont.at\/museum\/ausstellungsrueckblick\/neo-neu-wiederentdeckt-im-kunsthistorischen-museum\/\",\"name\":\"NEO\/NEU \u2013 Wiederentdeckt im Kunsthistorischen Museum - Stift Admont\",\"isPartOf\":{\"@id\":\"https:\/\/stiftadmont.at\/#website\"},\"datePublished\":\"2021-09-29T14:40:07+00:00\",\"dateModified\":\"2023-12-11T08:55:04+00:00\",\"breadcrumb\":{\"@id\":\"https:\/\/stiftadmont.at\/museum\/ausstellungsrueckblick\/neo-neu-wiederentdeckt-im-kunsthistorischen-museum\/#breadcrumb\"},\"inLanguage\":\"fr-FR\",\"potentialAction\":[{\"@type\":\"ReadAction\",\"target\":[\"https:\/\/stiftadmont.at\/museum\/ausstellungsrueckblick\/neo-neu-wiederentdeckt-im-kunsthistorischen-museum\/\"]}]},{\"@type\":\"BreadcrumbList\",\"@id\":\"https:\/\/stiftadmont.at\/museum\/ausstellungsrueckblick\/neo-neu-wiederentdeckt-im-kunsthistorischen-museum\/#breadcrumb\",\"itemListElement\":[{\"@type\":\"ListItem\",\"position\":1,\"name\":\"Start\",\"item\":\"https:\/\/stiftadmont.at\/\"},{\"@type\":\"ListItem\",\"position\":2,\"name\":\"Museum Stift Admont\",\"item\":\"https:\/\/stiftadmont.at\/museum\/\"},{\"@type\":\"ListItem\",\"position\":3,\"name\":\"Ausstellungsr\u00fcckblick\",\"item\":\"https:\/\/stiftadmont.at\/museum\/ausstellungsrueckblick\/\"},{\"@type\":\"ListItem\",\"position\":4,\"name\":\"NEO\/NEU \u2013 Wiederentdeckt im Kunsthistorischen Museum\"}]},{\"@type\":\"WebSite\",\"@id\":\"https:\/\/stiftadmont.at\/#website\",\"url\":\"https:\/\/stiftadmont.at\/\",\"name\":\"Stift Admont\",\"description\":\"Benediktinerkloster und Sehensw\u00fcrdigkeit im Ges\u00e4use\",\"potentialAction\":[{\"@type\":\"SearchAction\",\"target\":{\"@type\":\"EntryPoint\",\"urlTemplate\":\"https:\/\/stiftadmont.at\/?s={search_term_string}\"},\"query-input\":{\"@type\":\"PropertyValueSpecification\",\"valueRequired\":true,\"valueName\":\"search_term_string\"}}],\"inLanguage\":\"fr-FR\"}]}<\/script>\n<!-- \/ Yoast SEO Premium plugin. -->","yoast_head_json":{"title":"NEO\/NEU - Red\u00e9couverte au Mus\u00e9e d'Histoire de l'Art - Abbaye d'Admont","robots":{"index":"index","follow":"follow","max-snippet":"max-snippet:-1","max-image-preview":"max-image-preview:large","max-video-preview":"max-video-preview:-1"},"canonical":"https:\/\/stiftadmont.at\/fr\/musee\/retrospective-de-lexposition\/neo-redecouvert-au-musee-dhistoire-de-lart\/","og_locale":"fr_FR","og_type":"article","og_title":"NEO\/NEU \u2013 Wiederentdeckt im Kunsthistorischen Museum","og_url":"https:\/\/stiftadmont.at\/fr\/musee\/retrospective-de-lexposition\/neo-redecouvert-au-musee-dhistoire-de-lart\/","og_site_name":"Stift Admont","article_modified_time":"2023-12-11T08:55:04+00:00","og_image":[{"width":1912,"height":1188,"url":"https:\/\/stiftadmont.at\/wp-content\/uploads\/Klosteranlage-innen.jpg","type":"image\/jpeg"}],"twitter_card":"summary_large_image","schema":{"@context":"https:\/\/schema.org","@graph":[{"@type":"WebPage","@id":"https:\/\/stiftadmont.at\/museum\/ausstellungsrueckblick\/neo-neu-wiederentdeckt-im-kunsthistorischen-museum\/","url":"https:\/\/stiftadmont.at\/museum\/ausstellungsrueckblick\/neo-neu-wiederentdeckt-im-kunsthistorischen-museum\/","name":"NEO\/NEU - Red\u00e9couverte au Mus\u00e9e d'Histoire de l'Art - Abbaye d'Admont","isPartOf":{"@id":"https:\/\/stiftadmont.at\/#website"},"datePublished":"2021-09-29T14:40:07+00:00","dateModified":"2023-12-11T08:55:04+00:00","breadcrumb":{"@id":"https:\/\/stiftadmont.at\/museum\/ausstellungsrueckblick\/neo-neu-wiederentdeckt-im-kunsthistorischen-museum\/#breadcrumb"},"inLanguage":"fr-FR","potentialAction":[{"@type":"ReadAction","target":["https:\/\/stiftadmont.at\/museum\/ausstellungsrueckblick\/neo-neu-wiederentdeckt-im-kunsthistorischen-museum\/"]}]},{"@type":"BreadcrumbList","@id":"https:\/\/stiftadmont.at\/museum\/ausstellungsrueckblick\/neo-neu-wiederentdeckt-im-kunsthistorischen-museum\/#breadcrumb","itemListElement":[{"@type":"ListItem","position":1,"name":"Start","item":"https:\/\/stiftadmont.at\/"},{"@type":"ListItem","position":2,"name":"Museum Stift Admont","item":"https:\/\/stiftadmont.at\/museum\/"},{"@type":"ListItem","position":3,"name":"Ausstellungsr\u00fcckblick","item":"https:\/\/stiftadmont.at\/museum\/ausstellungsrueckblick\/"},{"@type":"ListItem","position":4,"name":"NEO\/NEU \u2013 Wiederentdeckt im Kunsthistorischen Museum"}]},{"@type":"WebSite","@id":"https:\/\/stiftadmont.at\/#website","url":"https:\/\/stiftadmont.at\/","name":"Abbaye d'Admont","description":"Monast\u00e8re b\u00e9n\u00e9dictin et attraction touristique dans le Ges\u00e4use","potentialAction":[{"@type":"SearchAction","target":{"@type":"EntryPoint","urlTemplate":"https:\/\/stiftadmont.at\/?s={search_term_string}"},"query-input":{"@type":"PropertyValueSpecification","valueRequired":true,"valueName":"search_term_string"}}],"inLanguage":"fr-FR"}]}},"_links":{"self":[{"href":"https:\/\/stiftadmont.at\/fr\/wp-json\/wp\/v2\/pages\/6480","targetHints":{"allow":["GET"]}}],"collection":[{"href":"https:\/\/stiftadmont.at\/fr\/wp-json\/wp\/v2\/pages"}],"about":[{"href":"https:\/\/stiftadmont.at\/fr\/wp-json\/wp\/v2\/types\/page"}],"author":[{"embeddable":true,"href":"https:\/\/stiftadmont.at\/fr\/wp-json\/wp\/v2\/users\/7"}],"replies":[{"embeddable":true,"href":"https:\/\/stiftadmont.at\/fr\/wp-json\/wp\/v2\/comments?post=6480"}],"version-history":[{"count":7,"href":"https:\/\/stiftadmont.at\/fr\/wp-json\/wp\/v2\/pages\/6480\/revisions"}],"predecessor-version":[{"id":24272,"href":"https:\/\/stiftadmont.at\/fr\/wp-json\/wp\/v2\/pages\/6480\/revisions\/24272"}],"up":[{"embeddable":true,"href":"https:\/\/stiftadmont.at\/fr\/wp-json\/wp\/v2\/pages\/5864"}],"wp:attachment":[{"href":"https:\/\/stiftadmont.at\/fr\/wp-json\/wp\/v2\/media?parent=6480"}],"wp:term":[{"taxonomy":"category","embeddable":true,"href":"https:\/\/stiftadmont.at\/fr\/wp-json\/wp\/v2\/categories?post=6480"}],"curies":[{"name":"wp","href":"https:\/\/api.w.org\/{rel}","templated":true}]}}