{"id":7407,"date":"2022-03-10T01:07:39","date_gmt":"2022-03-09T23:07:39","guid":{"rendered":"https:\/\/stiftadmont.at\/?page_id=7407"},"modified":"2023-08-16T13:09:35","modified_gmt":"2023-08-16T11:09:35","slug":"region-gesaeuse","status":"publish","type":"page","link":"https:\/\/stiftadmont.at\/fr\/region-gesaeuse\/","title":{"rendered":"R\u00e9gion du Ges\u00e4use"},"content":{"rendered":"<section id='lightpress__section--block_622932fb8b3b1' class='lightpress__section--default-section-space lightpress__section lightpress__section--content'><div class=\"content__inner\"\n         x-init=\"initContentBlockAnim($el)\">\n        \n    <div class=\"content__grid content__grid\">\n                                            <div class=\"content__box content__box--one-hundred\"\n                 style=\"\">\n                                \n                \n                                            <div class=\"prose\"><h3 class=\"heading-xl line line--gold\">Le Ges\u00e4use donne de la force<\/h3>\n<p class=\"paragraph-m\">Et cela au sens propre du terme. Nous ne disons pas cela parce que cela sonne bien. Non, nous le disons parce que nous le pensons vraiment. La force r\u00e9side aussi bien dans le calme et la simplicit\u00e9 que dans l'activit\u00e9 sportive. Savourer consciemment des sp\u00e9cialit\u00e9s r\u00e9gionales authentiques, s'immerger dans la haute culture presque mill\u00e9naire d'un monast\u00e8re d'Admont et dans une culture populaire aussi ancienne que v\u00e9cue - tout cela te donne de la force.<\/p>\n<\/div>\n                    \n                            <\/div>\n        \n            <\/div>\n<\/div>\n\n<\/section>\n\n<section id='lightpress__section--block_622bbc3c555d2' class='lightpress__section--more-links--legacy lightpress__section--full-width lightpress__section--default-section-space lightpress__section lightpress__section--more-links'><div class=\"more\" x-init=\"initMoreLinksBlockAnim($el)\">\n    \n                    <a class=\"more__link\" href=\"https:\/\/www.steiermark.com\/de\/Gesaeuse\/Staedte-Orte\"_blank>\n            <div class=\"more__media\">\n                                    <picture class=\"more__image\">\n                        <source srcset=\"https:\/\/stiftadmont.at\/wp-content\/uploads\/LEI6666-e1648797031581-1024x768.webp\" type=\"image\/webp\">\n                        <source srcset=\"https:\/\/stiftadmont.at\/wp-content\/uploads\/LEI6666-e1648797031581-1024x768.jpg\" type=\"image\/jpeg\">\n                        <img decoding=\"async\" loading=\"lazy\" src=\"https:\/\/stiftadmont.at\/wp-content\/uploads\/LEI6666-e1648797031581-1024x768.jpg\" alt=\"LEI6666 e1648797031581\" width=\"480\" height=\"280\" \/>\n                    <\/picture>\n                            <\/div>\n            <div class=\"more__content\">\n                <div class=\"more__title--container\">\n                                            <p class=\"more__title\">Lieux<\/p>\n                                    <\/div>\n                            <\/div>\n        <\/a>\n                    <a class=\"more__link\" href=\"https:\/\/www.steiermark.com\/de\/Gesaeuse\/Urlaub-planen\/Unterkuenfte?randSeed=226&#038;showMap=1&#038;zoom=11&#038;bounds%5Bsouth%5D=47.35239580195146&#038;bounds%5Bwest%5D=13.99254074281638&#038;bounds%5Bnorth%5D=47.84596350227762&#038;bounds%5Beast%5D=15.26970138734763\"_blank>\n            <div class=\"more__media\">\n                                    <picture class=\"more__image\">\n                        <source srcset=\"https:\/\/stiftadmont.at\/wp-content\/uploads\/K\u251cAlblwirt_c_StefanLeitner-NPG_001-e1648796964912-1024x768.webp\" type=\"image\/webp\">\n                        <source srcset=\"https:\/\/stiftadmont.at\/wp-content\/uploads\/K\u251cAlblwirt_c_StefanLeitner-NPG_001-e1648796964912-1024x768.jpg\" type=\"image\/jpeg\">\n                        <img decoding=\"async\" loading=\"lazy\" src=\"https:\/\/stiftadmont.at\/wp-content\/uploads\/K\u251cAlblwirt_c_StefanLeitner-NPG_001-e1648796964912-1024x768.jpg\" alt=\"K\u251cAlblwirt c StefanLeitner NPG 001 e1648796964912\" width=\"480\" height=\"280\" \/>\n                    <\/picture>\n                            <\/div>\n            <div class=\"more__content\">\n                <div class=\"more__title--container\">\n                                            <p class=\"more__title\">H\u00e9bergements <\/p>\n                                    <\/div>\n                            <\/div>\n        <\/a>\n                    <a class=\"more__link\" href=\"https:\/\/www.steiermark.com\/de\/Gesaeuse\/Urlaub-planen\/Erlebnisse-im-Gesaeuse\"_blank>\n            <div class=\"more__media\">\n                                    <picture class=\"more__image\">\n                        <source srcset=\"https:\/\/stiftadmont.at\/wp-content\/uploads\/Nationalparks_Austria_Gesa\u2560euse\u252c\u00aeStefanLeitner_013-e1648796455599-1024x683.webp\" type=\"image\/webp\">\n                        <source srcset=\"https:\/\/stiftadmont.at\/wp-content\/uploads\/Nationalparks_Austria_Gesa\u2560euse\u252c\u00aeStefanLeitner_013-e1648796455599-1024x683.jpg\" type=\"image\/jpeg\">\n                        <img decoding=\"async\" loading=\"lazy\" src=\"https:\/\/stiftadmont.at\/wp-content\/uploads\/Nationalparks_Austria_Gesa\u2560euse\u252c\u00aeStefanLeitner_013-e1648796455599-1024x683.jpg\" alt=\"Nationalparks Austria Gesa\u2560euse\u252c\u00aeStefanLeitner 013 e1648796455599\" width=\"480\" height=\"280\" \/>\n                    <\/picture>\n                            <\/div>\n            <div class=\"more__content\">\n                <div class=\"more__title--container\">\n                                            <p class=\"more__title\">Exp\u00e9riences<\/p>\n                                    <\/div>\n                            <\/div>\n        <\/a>\n                    <a class=\"more__link\" href=\"https:\/\/www.steiermark.com\/de\/Gesaeuse\/Urlaub-planen\/Veranstaltungen\"_blank>\n            <div class=\"more__media\">\n                                    <picture class=\"more__image\">\n                        <source srcset=\"https:\/\/stiftadmont.at\/wp-content\/uploads\/Festival_LEI6303-1024x683.webp\" type=\"image\/webp\">\n                        <source srcset=\"https:\/\/stiftadmont.at\/wp-content\/uploads\/Festival_LEI6303-1024x683.jpg\" type=\"image\/jpeg\">\n                        <img decoding=\"async\" loading=\"lazy\" src=\"https:\/\/stiftadmont.at\/wp-content\/uploads\/Festival_LEI6303-1024x683.jpg\"\n                             alt=\"Festival LEI6303 scaled\" width=\"480\"\n                             height=\"280\">\n                    <\/picture>\n                            <\/div>\n            <div class=\"more__content\">\n                <div class=\"more__title--container\">\n                                            <p class=\"more__title\">\u00c9v\u00e9nements <\/p>\n                                    <\/div>\n                            <\/div>\n        <\/a>\n    \n<\/div>\n\n<\/section>\n\n<section id='lightpress__section--block_6240de1a448fa' class='lightpress__section--default-section-space lightpress__section lightpress__section--content'><div class=\"content__inner\"\n         x-init=\"initContentBlockAnim($el)\">\n        \n    <div class=\"content__grid content__grid\">\n                                            <div class=\"content__box content__box--one-hundred\"\n                 style=\"\">\n                                \n                \n                                            <div class=\"prose\"><p class=\"paragraph-m\">Le Ges\u00e4use s'est agrandi. Et c'est tr\u00e8s bien. La r\u00e9forme des structures touristiques a permis de faire \u00e9merger onze r\u00e9gions d'aventure en Styrie. Le Ges\u00e4use est l'une d'entre elles et a \u00e9t\u00e9 d\u00e9sign\u00e9e \"r\u00e9gion d'aventure en plein air\".<\/p>\n<p class=\"paragraph-m\">La bonne nouvelle pour commencer : le Ges\u00e4use existe toujours. Et avec la vaste vall\u00e9e de Paltental, l'idyllique Lassing et la reine du shopping Liezen, nous nous sommes m\u00eame consid\u00e9rablement agrandis. Le nouveau Ges\u00e4use englobe donc tout le district oriental de Liezen, ce qui repr\u00e9sente environ 1,7% de la superficie de l'Autriche.<\/p>\n<p class=\"paragraph-m\">Mais malgr\u00e9 la taille (en termes de surface), nous restons pour toi ce que tu as toujours cherch\u00e9 chez nous - c'est promis !<\/p>\n<\/div>\n                    \n                            <\/div>\n        \n            <\/div>\n<\/div>\n\n<\/section>\n\n<section id='lightpress__section--block_622bbe473483d' class='lightpress__section--more-links--legacy lightpress__section--full-width lightpress__section--default-section-space lightpress__section lightpress__section--more-links'><div class=\"more\" x-init=\"initMoreLinksBlockAnim($el)\">\n    \n                    <a class=\"more__link\" href=\"https:\/\/www.steiermark.com\/de\/Gesaeuse\/Urlaub-planen\/Tourenportal\"_blank>\n            <div class=\"more__media\">\n                                    <picture class=\"more__image\">\n                        <source srcset=\"https:\/\/stiftadmont.at\/wp-content\/uploads\/LEI3490-e1648798490544-1024x683.webp\" type=\"image\/webp\">\n                        <source srcset=\"https:\/\/stiftadmont.at\/wp-content\/uploads\/LEI3490-e1648798490544-1024x683.jpg\" type=\"image\/jpeg\">\n                        <img decoding=\"async\" loading=\"lazy\" src=\"https:\/\/stiftadmont.at\/wp-content\/uploads\/LEI3490-e1648798490544-1024x683.jpg\" alt=\"LEI3490 e1648798490544\" width=\"480\" height=\"280\" \/>\n                    <\/picture>\n                            <\/div>\n            <div class=\"more__content\">\n                <div class=\"more__title--container\">\n                                            <p class=\"more__title\">Portail des randonn\u00e9es<\/p>\n                                    <\/div>\n                            <\/div>\n        <\/a>\n                    <a class=\"more__link\" href=\"https:\/\/www.steiermark.com\/de\/Gesaeuse\/Urlaub-planen\/Angebote?randSeed=406&#038;showMap=0\"_blank>\n            <div class=\"more__media\">\n                                    <picture class=\"more__image\">\n                        <source srcset=\"https:\/\/stiftadmont.at\/wp-content\/uploads\/Schloss-Kassegg_2_\u252c\u00aeThomas-Sattler-1024x683.webp\" type=\"image\/webp\">\n                        <source srcset=\"https:\/\/stiftadmont.at\/wp-content\/uploads\/Schloss-Kassegg_2_\u252c\u00aeThomas-Sattler-1024x683.jpg\" type=\"image\/jpeg\">\n                        <img decoding=\"async\" loading=\"lazy\" src=\"https:\/\/stiftadmont.at\/wp-content\/uploads\/Schloss-Kassegg_2_\u252c\u00aeThomas-Sattler-1024x683.jpg\"\n                             alt=\"Ch\u00e2teau Kassegg 2 \u252c\u00aeThomas Sattler scaled\" width=\"480\"\n                             height=\"280\">\n                    <\/picture>\n                            <\/div>\n            <div class=\"more__content\">\n                <div class=\"more__title--container\">\n                                            <p class=\"more__title\">Offres<\/p>\n                                    <\/div>\n                            <\/div>\n        <\/a>\n                    <a class=\"more__link\" href=\"https:\/\/www.steiermark.com\/de\/Gesaeuse\/Urlaub-planen\/Essen-und-Trinken\"_blank>\n            <div class=\"more__media\">\n                                    <picture class=\"more__image\">\n                        <source srcset=\"https:\/\/stiftadmont.at\/wp-content\/uploads\/Nationalpark_Ges\u251cnuse_Ennsbr\u251c\u255dcke_\u252c\u00aeStefanLeitner_040-e1648796558700-1024x768.webp\" type=\"image\/webp\">\n                        <source srcset=\"https:\/\/stiftadmont.at\/wp-content\/uploads\/Nationalpark_Ges\u251cnuse_Ennsbr\u251c\u255dcke_\u252c\u00aeStefanLeitner_040-e1648796558700-1024x768.jpg\" type=\"image\/jpeg\">\n                        <img decoding=\"async\" loading=\"lazy\" src=\"https:\/\/stiftadmont.at\/wp-content\/uploads\/Nationalpark_Ges\u251cnuse_Ennsbr\u251c\u255dcke_\u252c\u00aeStefanLeitner_040-e1648796558700-1024x768.jpg\" alt=\"Parc national de Ges\u251cnuse Ennsbr\u251c\u255dcke \u252c\u00aeStefanLeitner 040 e1648796558700\" width=\"480\" height=\"280\" \/>\n                    <\/picture>\n                            <\/div>\n            <div class=\"more__content\">\n                <div class=\"more__title--container\">\n                                            <p class=\"more__title\">Manger &amp; boire <\/p>\n                                    <\/div>\n                            <\/div>\n        <\/a>\n                    <a class=\"more__link\" href=\"https:\/\/www.steiermark.com\/de\/Gesaeuse\/Urlaub-planen\/Gesaeuse-Urlaubsplaner\"_blank>\n            <div class=\"more__media\">\n                                    <picture class=\"more__image\">\n                        <source srcset=\"https:\/\/stiftadmont.at\/wp-content\/uploads\/Eli_\u252c\u00aeThomas-Sattler-2-1024x683.webp\" type=\"image\/webp\">\n                        <source srcset=\"https:\/\/stiftadmont.at\/wp-content\/uploads\/Eli_\u252c\u00aeThomas-Sattler-2-1024x683.jpg\" type=\"image\/jpeg\">\n                        <img decoding=\"async\" loading=\"lazy\" src=\"https:\/\/stiftadmont.at\/wp-content\/uploads\/Eli_\u252c\u00aeThomas-Sattler-2-1024x683.jpg\"\n                             alt=\"Eli \u252c\u00aeThomas Sattler 2 scaled\" width=\"480\"\n                             height=\"280\">\n                    <\/picture>\n                            <\/div>\n            <div class=\"more__content\">\n                <div class=\"more__title--container\">\n                                            <p class=\"more__title\">de A \u00e0 Z <\/p>\n                                    <\/div>\n                            <\/div>\n        <\/a>\n    \n<\/div>\n\n<\/section>\n\n<section id='lightpress__section--block_6240de27448fd' class='lightpress__section--default-section-space lightpress__section lightpress__section--content'><div class=\"content__inner\"\n         x-init=\"initContentBlockAnim($el)\">\n        \n    <div class=\"content__grid content__grid\">\n                                            <div class=\"content__box content__box--one-hundred\"\n                 style=\"\">\n                                \n                \n                                            <div class=\"prose\"><h4 class=\"heading-l line line--red text-center\" style=\"margin-top: 1em;\"><strong>CONTACT<\/strong><\/h4>\n<p class=\"text-center paragraph-m\" style=\"margin-top: 1em;\">Office du tourisme du Ges\u00e4use<br \/>35, rue principale<br \/>8911 Admont<br \/>Autriche<\/p>\n<p class=\"text-center\"><a class=\"phone\" href=\"tel:T +43 (0)3613 \/ 211 60 10\"><span class=\"icon-outer\" style=\"border: 2px solid var(--color-stiftsrot);\"><span class=\"phone-icon\"><\/span><\/span>\u00a0+43 (0)3613 \/ 211 60 10<\/a><br \/><a class=\"email\" href=\"mailto:info@gesaeuse.at\"><span class=\"icon-outer\" style=\"border: 2px solid var(--color-stiftsrot);\"><span class=\"email-icon\"><\/span><\/span>info@gesaeuse.at<\/a><\/p>\n<\/div>\n                    \n                            <\/div>\n        \n            <\/div>\n<\/div>\n\n<\/section>","protected":false},"excerpt":{"rendered":"","protected":false},"author":7,"featured_media":0,"parent":0,"menu_order":138,"comment_status":"closed","ping_status":"closed","template":"","meta":{"_acf_changed":false,"footnotes":""},"categories":[],"class_list":["post-7407","page","type-page","status-publish","hentry"],"acf":[],"yoast_head":"<!-- This site is optimized with the Yoast SEO Premium plugin v26.0 (Yoast SEO v26.8) - https:\/\/yoast.com\/product\/yoast-seo-premium-wordpress\/ -->\n<title>Region Ges\u00e4use - Stift Admont<\/title>\n<meta name=\"robots\" content=\"index, follow, max-snippet:-1, max-image-preview:large, max-video-preview:-1\" \/>\n<link rel=\"canonical\" href=\"https:\/\/stiftadmont.at\/fr\/region-gesaeuse\/\" \/>\n<meta property=\"og:locale\" content=\"fr_FR\" \/>\n<meta property=\"og:type\" content=\"article\" \/>\n<meta property=\"og:title\" content=\"Region Ges\u00e4use\" \/>\n<meta property=\"og:url\" content=\"https:\/\/stiftadmont.at\/fr\/region-gesaeuse\/\" \/>\n<meta property=\"og:site_name\" content=\"Stift Admont\" \/>\n<meta property=\"article:modified_time\" content=\"2023-08-16T11:09:35+00:00\" \/>\n<meta property=\"og:image\" content=\"https:\/\/stiftadmont.at\/wp-content\/uploads\/Klosteranlage-innen.jpg\" \/>\n\t<meta property=\"og:image:width\" content=\"1912\" \/>\n\t<meta property=\"og:image:height\" content=\"1188\" \/>\n\t<meta property=\"og:image:type\" content=\"image\/jpeg\" \/>\n<meta name=\"twitter:card\" content=\"summary_large_image\" \/>\n<script type=\"application\/ld+json\" class=\"yoast-schema-graph\">{\"@context\":\"https:\/\/schema.org\",\"@graph\":[{\"@type\":\"WebPage\",\"@id\":\"https:\/\/stiftadmont.at\/region-gesaeuse\/\",\"url\":\"https:\/\/stiftadmont.at\/region-gesaeuse\/\",\"name\":\"Region Ges\u00e4use - Stift Admont\",\"isPartOf\":{\"@id\":\"https:\/\/stiftadmont.at\/#website\"},\"datePublished\":\"2022-03-09T23:07:39+00:00\",\"dateModified\":\"2023-08-16T11:09:35+00:00\",\"breadcrumb\":{\"@id\":\"https:\/\/stiftadmont.at\/region-gesaeuse\/#breadcrumb\"},\"inLanguage\":\"fr-FR\",\"potentialAction\":[{\"@type\":\"ReadAction\",\"target\":[\"https:\/\/stiftadmont.at\/region-gesaeuse\/\"]}]},{\"@type\":\"BreadcrumbList\",\"@id\":\"https:\/\/stiftadmont.at\/region-gesaeuse\/#breadcrumb\",\"itemListElement\":[{\"@type\":\"ListItem\",\"position\":1,\"name\":\"Start\",\"item\":\"https:\/\/stiftadmont.at\/\"},{\"@type\":\"ListItem\",\"position\":2,\"name\":\"Region Ges\u00e4use\"}]},{\"@type\":\"WebSite\",\"@id\":\"https:\/\/stiftadmont.at\/#website\",\"url\":\"https:\/\/stiftadmont.at\/\",\"name\":\"Stift Admont\",\"description\":\"Benediktinerkloster und Sehensw\u00fcrdigkeit im Ges\u00e4use\",\"potentialAction\":[{\"@type\":\"SearchAction\",\"target\":{\"@type\":\"EntryPoint\",\"urlTemplate\":\"https:\/\/stiftadmont.at\/?s={search_term_string}\"},\"query-input\":{\"@type\":\"PropertyValueSpecification\",\"valueRequired\":true,\"valueName\":\"search_term_string\"}}],\"inLanguage\":\"fr-FR\"}]}<\/script>\n<!-- \/ Yoast SEO Premium plugin. -->","yoast_head_json":{"title":"R\u00e9gion du Ges\u00e4use - Abbaye d'Admont","robots":{"index":"index","follow":"follow","max-snippet":"max-snippet:-1","max-image-preview":"max-image-preview:large","max-video-preview":"max-video-preview:-1"},"canonical":"https:\/\/stiftadmont.at\/fr\/region-gesaeuse\/","og_locale":"fr_FR","og_type":"article","og_title":"Region Ges\u00e4use","og_url":"https:\/\/stiftadmont.at\/fr\/region-gesaeuse\/","og_site_name":"Stift Admont","article_modified_time":"2023-08-16T11:09:35+00:00","og_image":[{"width":1912,"height":1188,"url":"https:\/\/stiftadmont.at\/wp-content\/uploads\/Klosteranlage-innen.jpg","type":"image\/jpeg"}],"twitter_card":"summary_large_image","schema":{"@context":"https:\/\/schema.org","@graph":[{"@type":"WebPage","@id":"https:\/\/stiftadmont.at\/region-gesaeuse\/","url":"https:\/\/stiftadmont.at\/region-gesaeuse\/","name":"R\u00e9gion du Ges\u00e4use - Abbaye d'Admont","isPartOf":{"@id":"https:\/\/stiftadmont.at\/#website"},"datePublished":"2022-03-09T23:07:39+00:00","dateModified":"2023-08-16T11:09:35+00:00","breadcrumb":{"@id":"https:\/\/stiftadmont.at\/region-gesaeuse\/#breadcrumb"},"inLanguage":"fr-FR","potentialAction":[{"@type":"ReadAction","target":["https:\/\/stiftadmont.at\/region-gesaeuse\/"]}]},{"@type":"BreadcrumbList","@id":"https:\/\/stiftadmont.at\/region-gesaeuse\/#breadcrumb","itemListElement":[{"@type":"ListItem","position":1,"name":"Start","item":"https:\/\/stiftadmont.at\/"},{"@type":"ListItem","position":2,"name":"Region Ges\u00e4use"}]},{"@type":"WebSite","@id":"https:\/\/stiftadmont.at\/#website","url":"https:\/\/stiftadmont.at\/","name":"Abbaye d'Admont","description":"Monast\u00e8re b\u00e9n\u00e9dictin et attraction touristique dans le Ges\u00e4use","potentialAction":[{"@type":"SearchAction","target":{"@type":"EntryPoint","urlTemplate":"https:\/\/stiftadmont.at\/?s={search_term_string}"},"query-input":{"@type":"PropertyValueSpecification","valueRequired":true,"valueName":"search_term_string"}}],"inLanguage":"fr-FR"}]}},"_links":{"self":[{"href":"https:\/\/stiftadmont.at\/fr\/wp-json\/wp\/v2\/pages\/7407","targetHints":{"allow":["GET"]}}],"collection":[{"href":"https:\/\/stiftadmont.at\/fr\/wp-json\/wp\/v2\/pages"}],"about":[{"href":"https:\/\/stiftadmont.at\/fr\/wp-json\/wp\/v2\/types\/page"}],"author":[{"embeddable":true,"href":"https:\/\/stiftadmont.at\/fr\/wp-json\/wp\/v2\/users\/7"}],"replies":[{"embeddable":true,"href":"https:\/\/stiftadmont.at\/fr\/wp-json\/wp\/v2\/comments?post=7407"}],"version-history":[{"count":52,"href":"https:\/\/stiftadmont.at\/fr\/wp-json\/wp\/v2\/pages\/7407\/revisions"}],"predecessor-version":[{"id":12803,"href":"https:\/\/stiftadmont.at\/fr\/wp-json\/wp\/v2\/pages\/7407\/revisions\/12803"}],"wp:attachment":[{"href":"https:\/\/stiftadmont.at\/fr\/wp-json\/wp\/v2\/media?parent=7407"}],"wp:term":[{"taxonomy":"category","embeddable":true,"href":"https:\/\/stiftadmont.at\/fr\/wp-json\/wp\/v2\/categories?post=7407"}],"curies":[{"name":"wp","href":"https:\/\/api.w.org\/{rel}","templated":true}]}}