{"id":8732,"date":"2022-03-28T01:26:54","date_gmt":"2022-03-27T23:26:54","guid":{"rendered":"https:\/\/stiftadmont.at\/?page_id=8732"},"modified":"2023-09-12T11:20:29","modified_gmt":"2023-09-12T09:20:29","slug":"8732-2","status":"publish","type":"page","link":"https:\/\/stiftadmont.at\/fr\/8732-2\/","title":{"rendered":"R\u00e9compenses"},"content":{"rendered":"<section id='lightpress__section--block_e66e7098af39a865d4d5be076fd0b7d2' class='lightpress__section--default-section-space lightpress__section lightpress__section--content'><div class=\"content__inner\"\n         x-init=\"initContentBlockAnim($el)\">\n        \n    <div class=\"content__grid content__grid\">\n                                            <div class=\"content__box content__box--one-hundred\"\n                 style=\"\">\n                                \n                \n                                            <div class=\"prose\"><p>Hier eine Auswahl der Preise und Auszeichnungen der vergangenen Jahre:<\/p>\n<p>\u00a0<\/p>\n<p><strong>2022<\/strong>\u00a0\u00d6sterreichischer Kunstsponsoring-Preis \u201eMAECENAS\u201c, Kategorie \u201eBest Practice \u2013 in wirtschaftlich und kulturell herausfordernden Zeiten\u201c f\u00fcr das Benediktinerstift Admont und die Firma LightCyde GmbH mit der Kulturplattform <a title=\"www.discover-culture.com\" href=\"http:\/\/www.discover-culture.com\" target=\"_blank\" rel=\"noopener\">www.discover-culture.com<\/a><\/p>\n<p><strong>2021<\/strong> \u201e\u00d6sterreichisches Museumsg\u00fctesiegel\u201c<\/p>\n<p><strong>2021<\/strong>\u00a0<span style=\"font-family: sans-serif;\">\u201eTravellers&#8216; Choice 2021\u201c\u00a0<\/span><span style=\"font-family: sans-serif;\">als Sehensw\u00fcrdigkeit\u00a0<\/span><span style=\"font-family: sans-serif;\">(auf\u00a0<\/span><span style=\"font-family: sans-serif;\"><a title=\"www.tripadvisor.at\" href=\"http:\/\/www.tripadvisor.at\" target=\"_blank\" rel=\"noopener\">www.tripadvisor.at<\/a>)<\/span><span style=\"font-family: sans-serif;\">\u00a0<\/span><\/p>\n<p><strong>2019\u00a0<\/strong><span style=\"font-family: sans-serif;\">Auszeichnung<\/span><span style=\"font-family: sans-serif;\"> <\/span>\u201eStaatspreis PR\u201c<\/p>\n<p><strong>2018\u00a0<\/strong><span style=\"font-family: sans-serif;\">Auszeichnung<\/span><span style=\"font-family: sans-serif;\"> <\/span><span style=\"font-family: sans-serif;\">\u201e<\/span>TOP-Gruppenziel 2018<span style=\"font-family: sans-serif;\">\u201c<\/span>, Kategorie <span style=\"font-family: sans-serif;\">\u201e<\/span>Sehensw\u00fcrdigkeiten<span style=\"font-family: sans-serif;\">\u201c (verliehen von <a title=\"www.gruppentourisik.com\" href=\"http:\/\/www.gruppentourisik.com\" target=\"_blank\" rel=\"noopener\">www.gruppentourisik.com<\/a>)<\/span><\/p>\n<p><strong>2018\u00a0<\/strong><span style=\"font-family: sans-serif;\">\u201e<\/span>Zertifikat f\u00fcr Exzellenz<span style=\"font-family: sans-serif;\">\u201c<\/span>\u00a0als Sehensw\u00fcrdigkeit\u00a0<span style=\"font-family: sans-serif;\">(auf\u00a0<\/span><span style=\"font-family: sans-serif;\"><a title=\"www.tripadvisor.at\" href=\"http:\/\/www.tripadvisor.at\" target=\"_blank\" rel=\"noopener\">www.tripadvisor.at<\/a>)<\/span>\u00a0<\/p>\n<p><strong>2015\u00a0<\/strong><span style=\"font-family: sans-serif;\">Auszeichnung<\/span><span style=\"font-family: sans-serif;\"> <\/span>\u201eMaecenas\u201c Steiermark, Kategorie \u201eGro\u00dfunternehmen\u201c, Anerkennungspreis f\u00fcr die Ausstellung 2014 \u201eK\u00dcNSTLERB\u00dcCHER _ ARTISTS\u00b4 BOOKS. Internationale Exponate von 1960 bis heute aus 8 Sammlungen\u201c (im Rahmen der Programmschiene ADMONT GUESTS).<\/p>\n<p><strong>2013\u00a0<\/strong>\u00d6sterreichischer Kunstsponsoring-Preis \u201eMAECENAS\u201c, Kategorie \u201eLangfristiges Sponsoringengagement\u201c, Anerkennungspreis: \u201e10 Jahre Museum des Stiftes Admont \u2013 Es lebe die Vielfalt\u201c und Sammlung \u201eJENSEITS DES SEHENS \u2013 Kunst verbindet Blinde und Sehende\u201c<\/p>\n<p><strong>2012 <\/strong>\u00d6sterreichischer Kunstsponsoring-Preis \u201eMAECENAS\u201c f\u00fcr die Sammlung \u201eJENSEITS DES SEHENS \u2013 Kunst verbindet Blinde und Sehende\u201c<\/p>\n<p><strong>2011 <\/strong>\u201e\u00d6sterreichisches Museumsg\u00fctesiegel\u201c<\/p>\n<p><strong>2009\u00a0<\/strong><span style=\"font-family: sans-serif;\">Auszeichnung<\/span><span style=\"font-family: sans-serif;\">\u00a0<\/span><span style=\"font-family: sans-serif;\">\u201e<\/span>OscART 2009<span style=\"font-family: sans-serif;\">\u201c<\/span> f\u00fcr besondere Leistungen im Museumswesen und f\u00fcr die Sammlung<\/p>\n<p><strong>2005 <\/strong>\u201e\u00d6sterreichischer Museumspreis 2005\u201c f\u00fcr das Beschreiten neuer Wege, ganz besonders wegen neuer Ans\u00e4tze der Auseinandersetzung mit und der Vermittlung von zeitgen\u00f6ssischer Kunst.<\/p>\n<\/div>\n                    \n                            <\/div>\n        \n            <\/div>\n<\/div>\n\n<\/section>\n\n<section id='lightpress__section--block_b14664acbd26d091561528a1f080fdfa' class='lightpress__section--default-section-space lightpress__section lightpress__section--image-slider'>\n<div class=\"image-slider\"\n     x-data=\"{ gallery: null, shown: false }\"\n     x-init=\"gallery = initSliderGallery([{&quot;href&quot;:&quot;https:\\\/\\\/stiftadmont.at\\\/wp-content\\\/uploads\\\/Stift-Admont-Staatspreis-2019-1-1920x1280.jpg&quot;,&quot;type&quot;:&quot;image&quot;},{&quot;href&quot;:&quot;https:\\\/\\\/stiftadmont.at\\\/wp-content\\\/uploads\\\/Stift-Admont-Staatspreis-2019-2-1920x1280.jpg&quot;,&quot;type&quot;:&quot;image&quot;},{&quot;href&quot;:&quot;https:\\\/\\\/stiftadmont.at\\\/wp-content\\\/uploads\\\/Stift-Admont-Staatspreis-2019-3-1920x1280.jpg&quot;,&quot;type&quot;:&quot;image&quot;},{&quot;href&quot;:&quot;https:\\\/\\\/stiftadmont.at\\\/wp-content\\\/uploads\\\/Stift-Admont-Staatspreis-2019-4.jpg&quot;,&quot;type&quot;:&quot;image&quot;},{&quot;href&quot;:&quot;https:\\\/\\\/stiftadmont.at\\\/wp-content\\\/uploads\\\/Stift-Admont-Staatspreis-2019-5-1920x1280.jpg&quot;,&quot;type&quot;:&quot;image&quot;},{&quot;href&quot;:&quot;https:\\\/\\\/stiftadmont.at\\\/wp-content\\\/uploads\\\/Stift-Admont-MAECENAS-2022-\\u00a9picturesborn-1920x1280.jpg&quot;,&quot;type&quot;:&quot;image&quot;},{&quot;href&quot;:&quot;https:\\\/\\\/stiftadmont.at\\\/wp-content\\\/uploads\\\/Verleihung-Museumsguetesiegel-2021.jpg&quot;,&quot;type&quot;:&quot;image&quot;}]); initImageSliderBlockAnim($el);\">\n    <div class=\"image-slider__inner\">\n\n        <div class=\"swiper-container\" x-init=\"initImageSliderBlock($el, $refs.btnPrev, $refs.btnNext)\">\n            <div class=\"swiper-wrapper\">\n                                    <div class=\"swiper-slide\">\n                        <div class=\"image-slider__media\">\n                            <img decoding=\"async\" class=\"image-slider__image\"\n                                 src=\"https:\/\/stiftadmont.at\/wp-content\/uploads\/Stift-Admont-Staatspreis-2019-1-768x512.jpg\"\n                                 alt=\"Stift Admont Staatspreis 2019 1\">\n                        <\/div>\n                    <\/div>\n                                    <div class=\"swiper-slide\">\n                        <div class=\"image-slider__media\">\n                            <img decoding=\"async\" class=\"image-slider__image\"\n                                 src=\"https:\/\/stiftadmont.at\/wp-content\/uploads\/Stift-Admont-Staatspreis-2019-2-768x512.jpg\"\n                                 alt=\"Stift Admont Staatspreis 2019 2\">\n                        <\/div>\n                    <\/div>\n                                    <div class=\"swiper-slide\">\n                        <div class=\"image-slider__media\">\n                            <img decoding=\"async\" class=\"image-slider__image\"\n                                 src=\"https:\/\/stiftadmont.at\/wp-content\/uploads\/Stift-Admont-Staatspreis-2019-3-768x512.jpg\"\n                                 alt=\"Stift Admont Staatspreis 2019 3\">\n                        <\/div>\n                    <\/div>\n                                    <div class=\"swiper-slide\">\n                        <div class=\"image-slider__media\">\n                            <img decoding=\"async\" class=\"image-slider__image\"\n                                 src=\"https:\/\/stiftadmont.at\/wp-content\/uploads\/Stift-Admont-Staatspreis-2019-4-768x512.jpg\"\n                                 alt=\"Stift Admont Staatspreis 2019 4\">\n                        <\/div>\n                    <\/div>\n                                    <div class=\"swiper-slide\">\n                        <div class=\"image-slider__media\">\n                            <img decoding=\"async\" class=\"image-slider__image\"\n                                 src=\"https:\/\/stiftadmont.at\/wp-content\/uploads\/Stift-Admont-Staatspreis-2019-5-768x512.jpg\"\n                                 alt=\"Stift Admont Staatspreis 2019 5\">\n                        <\/div>\n                    <\/div>\n                                    <div class=\"swiper-slide\">\n                        <div class=\"image-slider__media\">\n                            <img decoding=\"async\" class=\"image-slider__image\"\n                                 src=\"https:\/\/stiftadmont.at\/wp-content\/uploads\/Stift-Admont-MAECENAS-2022-\u00a9picturesborn-768x512.jpg\"\n                                 alt=\"Stift Admont MAECENAS 2022 \u00a9picturesborn scaled\">\n                        <\/div>\n                    <\/div>\n                                    <div class=\"swiper-slide\">\n                        <div class=\"image-slider__media\">\n                            <img decoding=\"async\" class=\"image-slider__image\"\n                                 src=\"https:\/\/stiftadmont.at\/wp-content\/uploads\/Verleihung-Museumsguetesiegel-2021-768x512.jpg\"\n                                 alt=\"Verleihung Museumsguetesiegel 2021\">\n                        <\/div>\n                    <\/div>\n                            <\/div>\n\n            <div class=\"swiper-nav-wrapper\">\n                <button class=\"swiper-button-prev slider-button--prev\" x-ref=\"btnPrev\"\n                        aria-label=\"Vorige Bilder anzeigen\">\n                    <img decoding=\"async\" src=\"\/wp-content\/themes\/stift-admont\/src\/assets\/img\/arrow-left-big-new.svg\" alt=\"Pfeil nach Links\">\n                <\/button>\n\n\n                <a class=\"image-slider__gallery\" @click=\"openGallery(gallery)\"><i class=\"fa-thin fa-plus\"><\/i><\/a>\n                <button class=\"swiper-button-next slider-button--next\"\n                        x-ref=\"btnNext\"\n                        aria-label=\"N\u00e4chste Bilder anzeigen\">\n                    <img decoding=\"async\" src=\"\/wp-content\/themes\/stift-admont\/src\/assets\/img\/arrow-right-big-new.svg\" alt=\"Pfeil nach Rechts\">\n                <\/button>\n            <\/div>\n        <\/div>\n    <\/div>\n\n\n<\/div><\/section>","protected":false},"excerpt":{"rendered":"","protected":false},"author":7,"featured_media":0,"parent":0,"menu_order":91,"comment_status":"closed","ping_status":"closed","template":"","meta":{"_acf_changed":false,"footnotes":""},"categories":[],"class_list":["post-8732","page","type-page","status-publish","hentry"],"acf":[],"yoast_head":"<!-- This site is optimized with the Yoast SEO Premium plugin v26.0 (Yoast SEO v26.8) - https:\/\/yoast.com\/product\/yoast-seo-premium-wordpress\/ -->\n<title>Auszeichnungen - Stift Admont<\/title>\n<meta name=\"robots\" content=\"index, follow, max-snippet:-1, max-image-preview:large, max-video-preview:-1\" \/>\n<link rel=\"canonical\" href=\"https:\/\/stiftadmont.at\/fr\/8732-2\/\" \/>\n<meta property=\"og:locale\" content=\"fr_FR\" \/>\n<meta property=\"og:type\" content=\"article\" \/>\n<meta property=\"og:title\" content=\"Auszeichnungen\" \/>\n<meta property=\"og:url\" content=\"https:\/\/stiftadmont.at\/fr\/8732-2\/\" \/>\n<meta property=\"og:site_name\" content=\"Stift Admont\" \/>\n<meta property=\"article:modified_time\" content=\"2023-09-12T09:20:29+00:00\" \/>\n<meta property=\"og:image\" content=\"https:\/\/stiftadmont.at\/wp-content\/uploads\/Klosteranlage-innen.jpg\" \/>\n\t<meta property=\"og:image:width\" content=\"1912\" \/>\n\t<meta property=\"og:image:height\" content=\"1188\" \/>\n\t<meta property=\"og:image:type\" content=\"image\/jpeg\" \/>\n<meta name=\"twitter:card\" content=\"summary_large_image\" \/>\n<script type=\"application\/ld+json\" class=\"yoast-schema-graph\">{\"@context\":\"https:\/\/schema.org\",\"@graph\":[{\"@type\":\"WebPage\",\"@id\":\"https:\/\/stiftadmont.at\/8732-2\/\",\"url\":\"https:\/\/stiftadmont.at\/8732-2\/\",\"name\":\"Auszeichnungen - Stift Admont\",\"isPartOf\":{\"@id\":\"https:\/\/stiftadmont.at\/#website\"},\"datePublished\":\"2022-03-27T23:26:54+00:00\",\"dateModified\":\"2023-09-12T09:20:29+00:00\",\"breadcrumb\":{\"@id\":\"https:\/\/stiftadmont.at\/8732-2\/#breadcrumb\"},\"inLanguage\":\"fr-FR\",\"potentialAction\":[{\"@type\":\"ReadAction\",\"target\":[\"https:\/\/stiftadmont.at\/8732-2\/\"]}]},{\"@type\":\"BreadcrumbList\",\"@id\":\"https:\/\/stiftadmont.at\/8732-2\/#breadcrumb\",\"itemListElement\":[{\"@type\":\"ListItem\",\"position\":1,\"name\":\"Start\",\"item\":\"https:\/\/stiftadmont.at\/\"},{\"@type\":\"ListItem\",\"position\":2,\"name\":\"Auszeichnungen\"}]},{\"@type\":\"WebSite\",\"@id\":\"https:\/\/stiftadmont.at\/#website\",\"url\":\"https:\/\/stiftadmont.at\/\",\"name\":\"Stift Admont\",\"description\":\"Benediktinerkloster und Sehensw\u00fcrdigkeit im Ges\u00e4use\",\"potentialAction\":[{\"@type\":\"SearchAction\",\"target\":{\"@type\":\"EntryPoint\",\"urlTemplate\":\"https:\/\/stiftadmont.at\/?s={search_term_string}\"},\"query-input\":{\"@type\":\"PropertyValueSpecification\",\"valueRequired\":true,\"valueName\":\"search_term_string\"}}],\"inLanguage\":\"fr-FR\"}]}<\/script>\n<!-- \/ Yoast SEO Premium plugin. -->","yoast_head_json":{"title":"Distinctions - Stift Admont","robots":{"index":"index","follow":"follow","max-snippet":"max-snippet:-1","max-image-preview":"max-image-preview:large","max-video-preview":"max-video-preview:-1"},"canonical":"https:\/\/stiftadmont.at\/fr\/8732-2\/","og_locale":"fr_FR","og_type":"article","og_title":"Auszeichnungen","og_url":"https:\/\/stiftadmont.at\/fr\/8732-2\/","og_site_name":"Stift Admont","article_modified_time":"2023-09-12T09:20:29+00:00","og_image":[{"width":1912,"height":1188,"url":"https:\/\/stiftadmont.at\/wp-content\/uploads\/Klosteranlage-innen.jpg","type":"image\/jpeg"}],"twitter_card":"summary_large_image","schema":{"@context":"https:\/\/schema.org","@graph":[{"@type":"WebPage","@id":"https:\/\/stiftadmont.at\/8732-2\/","url":"https:\/\/stiftadmont.at\/8732-2\/","name":"Distinctions - Stift Admont","isPartOf":{"@id":"https:\/\/stiftadmont.at\/#website"},"datePublished":"2022-03-27T23:26:54+00:00","dateModified":"2023-09-12T09:20:29+00:00","breadcrumb":{"@id":"https:\/\/stiftadmont.at\/8732-2\/#breadcrumb"},"inLanguage":"fr-FR","potentialAction":[{"@type":"ReadAction","target":["https:\/\/stiftadmont.at\/8732-2\/"]}]},{"@type":"BreadcrumbList","@id":"https:\/\/stiftadmont.at\/8732-2\/#breadcrumb","itemListElement":[{"@type":"ListItem","position":1,"name":"Start","item":"https:\/\/stiftadmont.at\/"},{"@type":"ListItem","position":2,"name":"Auszeichnungen"}]},{"@type":"WebSite","@id":"https:\/\/stiftadmont.at\/#website","url":"https:\/\/stiftadmont.at\/","name":"Abbaye d'Admont","description":"Monast\u00e8re b\u00e9n\u00e9dictin et attraction touristique dans le Ges\u00e4use","potentialAction":[{"@type":"SearchAction","target":{"@type":"EntryPoint","urlTemplate":"https:\/\/stiftadmont.at\/?s={search_term_string}"},"query-input":{"@type":"PropertyValueSpecification","valueRequired":true,"valueName":"search_term_string"}}],"inLanguage":"fr-FR"}]}},"_links":{"self":[{"href":"https:\/\/stiftadmont.at\/fr\/wp-json\/wp\/v2\/pages\/8732","targetHints":{"allow":["GET"]}}],"collection":[{"href":"https:\/\/stiftadmont.at\/fr\/wp-json\/wp\/v2\/pages"}],"about":[{"href":"https:\/\/stiftadmont.at\/fr\/wp-json\/wp\/v2\/types\/page"}],"author":[{"embeddable":true,"href":"https:\/\/stiftadmont.at\/fr\/wp-json\/wp\/v2\/users\/7"}],"replies":[{"embeddable":true,"href":"https:\/\/stiftadmont.at\/fr\/wp-json\/wp\/v2\/comments?post=8732"}],"version-history":[{"count":49,"href":"https:\/\/stiftadmont.at\/fr\/wp-json\/wp\/v2\/pages\/8732\/revisions"}],"predecessor-version":[{"id":20020,"href":"https:\/\/stiftadmont.at\/fr\/wp-json\/wp\/v2\/pages\/8732\/revisions\/20020"}],"wp:attachment":[{"href":"https:\/\/stiftadmont.at\/fr\/wp-json\/wp\/v2\/media?parent=8732"}],"wp:term":[{"taxonomy":"category","embeddable":true,"href":"https:\/\/stiftadmont.at\/fr\/wp-json\/wp\/v2\/categories?post=8732"}],"curies":[{"name":"wp","href":"https:\/\/api.w.org\/{rel}","templated":true}]}}