{"id":9049,"date":"2022-03-29T12:15:58","date_gmt":"2022-03-29T10:15:58","guid":{"rendered":"https:\/\/stiftadmont.at\/?page_id=9049"},"modified":"2023-12-08T18:55:09","modified_gmt":"2023-12-08T16:55:09","slug":"admont-guests","status":"publish","type":"page","link":"https:\/\/stiftadmont.at\/fr\/museum\/ausstellungsrueckblick\/admont-guests\/","title":{"rendered":"Admont Guests"},"content":{"rendered":"<section id='lightpress__section--block_8b057945da3ffc529b5cb27abf3b8d63' class='lightpress__section--default-section-space lightpress__section lightpress__section--content'><div class=\"content__inner\"\n         x-init=\"initContentBlockAnim($el)\">\n        \n    <div class=\"content__grid content__grid\">\n                                            <div class=\"content__box content__box--one-hundred\"\n                 style=\"\">\n                                \n                \n                                            <div class=\"prose\"><h2 class=\"heading-xxl line line--gold text-center\">Werke von Nikola Irmer im Naturhistorischen Museum<\/h2>\n<p class=\"MsoNormal paragraph-m\"><span style=\"font-size: 15.0pt; line-height: 107%; font-family: 'Arial',sans-serif; color: black; mso-color-alt: windowtext; background: white;\">Im Naturhistorischen Museum des Stiftes Admont stehen in dieser Saison Werke aktueller Kunst von Nikola Irmer im Dialog mit den dortigen historischen Pr\u00e4paraten und der laufenden Sonderausstellung im Museum f\u00fcr Gegenwartskunst.<\/span><\/p>\n<\/div>\n                    \n                            <\/div>\n        \n            <\/div>\n<\/div>\n\n<\/section>\n\n<section id='lightpress__section--block_6c7ee0b65a0585414ddcfbc4463b476d' class='lightpress__section--default-section-space lightpress__section lightpress__section--image-slider'>\n<div class=\"image-slider\"\n     x-data=\"{ gallery: null, shown: false }\"\n     x-init=\"gallery = initSliderGallery([{&quot;href&quot;:&quot;https:\\\/\\\/stiftadmont.at\\\/wp-content\\\/uploads\\\/Nikola-Irmer-White-Specola-Oel-auf-Leinen-2018.jpg&quot;,&quot;type&quot;:&quot;image&quot;},{&quot;href&quot;:&quot;https:\\\/\\\/stiftadmont.at\\\/wp-content\\\/uploads\\\/Nikola-Irmer-Hummingbirds-walnut-inkl.-1.jpg&quot;,&quot;type&quot;:&quot;image&quot;},{&quot;href&quot;:&quot;https:\\\/\\\/stiftadmont.at\\\/wp-content\\\/uploads\\\/Nikola-Irmer-Lemur-Oel-auf-Leinen-2016-1.jpg&quot;,&quot;type&quot;:&quot;image&quot;}]); initImageSliderBlockAnim($el);\">\n    <div class=\"image-slider__inner\">\n\n        <div class=\"swiper-container\" x-init=\"initImageSliderBlock($el, $refs.btnPrev, $refs.btnNext)\">\n            <div class=\"swiper-wrapper\">\n                                    <div class=\"swiper-slide\">\n                        <div class=\"image-slider__media\">\n                            <img decoding=\"async\" class=\"image-slider__image\"\n                                 src=\"https:\/\/stiftadmont.at\/wp-content\/uploads\/Nikola-Irmer-White-Specola-Oel-auf-Leinen-2018-768x627.jpg\"\n                                 alt=\"Nikola Irmer White Specola Oel auf Leinen 2018\">\n                        <\/div>\n                    <\/div>\n                                    <div class=\"swiper-slide\">\n                        <div class=\"image-slider__media\">\n                            <img decoding=\"async\" class=\"image-slider__image\"\n                                 src=\"https:\/\/stiftadmont.at\/wp-content\/uploads\/Nikola-Irmer-Hummingbirds-walnut-inkl.-1-768x544.jpg\"\n                                 alt=\"Nikola Irmer Hummingbirds walnut inkl. 1\">\n                        <\/div>\n                    <\/div>\n                                    <div class=\"swiper-slide\">\n                        <div class=\"image-slider__media\">\n                            <img decoding=\"async\" class=\"image-slider__image\"\n                                 src=\"https:\/\/stiftadmont.at\/wp-content\/uploads\/Nikola-Irmer-Lemur-Oel-auf-Leinen-2016-1-768x540.jpg\"\n                                 alt=\"Nikola Irmer Lemur Oel auf Leinen 2016 1\">\n                        <\/div>\n                    <\/div>\n                            <\/div>\n\n            <div class=\"swiper-nav-wrapper\">\n                <button class=\"swiper-button-prev slider-button--prev\" x-ref=\"btnPrev\"\n                        aria-label=\"Vorige Bilder anzeigen\">\n                    <img decoding=\"async\" src=\"\/wp-content\/themes\/stift-admont\/src\/assets\/img\/arrow-left-big-new.svg\" alt=\"Pfeil nach Links\">\n                <\/button>\n\n\n                <a class=\"image-slider__gallery\" @click=\"openGallery(gallery)\"><i class=\"fa-thin fa-plus\"><\/i><\/a>\n                <button class=\"swiper-button-next slider-button--next\"\n                        x-ref=\"btnNext\"\n                        aria-label=\"N\u00e4chste Bilder anzeigen\">\n                    <img decoding=\"async\" src=\"\/wp-content\/themes\/stift-admont\/src\/assets\/img\/arrow-right-big-new.svg\" alt=\"Pfeil nach Rechts\">\n                <\/button>\n            <\/div>\n        <\/div>\n    <\/div>\n\n\n<\/div><\/section>\n\n<section id='lightpress__section--block_76742941fb3de4563962536eb83e6a44' class='lightpress__section--default-section-space lightpress__section lightpress__section--content'><div class=\"content__inner\"\n         x-init=\"initContentBlockAnim($el)\">\n        \n    <div class=\"content__grid content__grid\">\n                                            <div class=\"content__box content__box--one-hundred\"\n                 style=\"\">\n                                \n                \n                                            <div class=\"prose\"><p class=\"paragraph-m\">Die Einladung der in Deutschland geb\u00fcrtigen, international t\u00e4tigen und vor kurzem nach Graz \u00fcbersiedelten K\u00fcnstlerin erfolgte im Kontext der Ausstellung \u201eSteirische Wurzeln\u201c sowie der 2011 gegr\u00fcndeten \u201eADMONT GUESTS\u201c-Schiene. Eine repr\u00e4sentative Auswahl an Zeichnungen und Gem\u00e4lden bietet Einblicke in die Hintergr\u00fcnde jener Werkserien Nikola Irmers, die sich auf vielf\u00e4ltige Weise mit dem Thema Natur und naturhistorischen Sammlungen besch\u00e4ftigen. Die ausgestellten Werke sind Leihgaben der K\u00fcnstlerin. Sie zeigen Ausschnitte aus zoologischen Sammlungen und deren Depots. Sie sind nicht in Admont entstanden, sondern entstammen der Zusammenarbeit mit anderen Museen u. a. in Oxford, Florenz, Wien, Berlin, Leiden.<\/p>\n<p class=\"paragraph-m\">Im Zuge ihrer Projektrecherchen zu Naturkundemuseen und deren Beziehung zur Kunst ist Nikola Irmer auch auf das Museum Admont und die Sammlungen von Pater Gabriel Strobl gesto\u00dfen. \u201eHintergrund eines meiner Projekte sind gegenw\u00e4rtige Probleme wie das Artensterben und die generell gef\u00e4hrdeten Balancen zwischen Gegenwartskultur und Natur\u201c, meint Nikola Irmer. Ihr besonderes Interesse gilt der Kulturgeschichte des Sammelns und dem musealen Raum als Ged\u00e4chtnis und poetischer Ort.<\/p>\n<p class=\"paragraph-m\">Das nach dem \u201ePars pro Toto\u201c-Prinzip in dieser Saison in Admont vorgestellte fortlaufende Projekt wurde in verschiedenen Formaten und Institutionen ausgestellt. Es war Teil des von Tue Greenfort pr\u00e4sentierten \u201eWordly House\u201c auf der dOCUMENTA (13). Mit dem Schloss Friedenstein in Gotha wurde 2015 eine auf die dortigen Sammlungen bezogene Ausstellung realisiert. Neben zahlreichen Ausstellungsbeteiligungen fanden Einzelausstellungen unter anderem in der Kunsthalle Memmingen (2015) sowie in Kooperation mit dem Kunstverein Kreuzlingen und der Uni-Konstanz (2017) statt.<\/p>\n<p class=\"paragraph-m\">Ein k\u00fcnftiges MADE-FOR-ADMONT-Projekt mit Bezug zu den hauseigenen Sammlungen ist jedenfalls im Gespr\u00e4ch.<\/p>\n<p class=\"paragraph-m\">Nikola Irmer geboren 1970 in Starnberg\/Deutschland, lebt und arbeitet seit 2020 in Graz\/Steiermark; Studium am San Francisco Art Institute, an der Glasgow School of Art und am Hunter College New York: 2012 Teilnahme an der dOCUMENTA (13) in Kassel. <a href=\"https:\/\/www.nikolairmer.com\" target=\"_blank\" rel=\"noopener\">www.nikolairmer.com<\/a><\/p>\n<\/div>\n                    \n                            <\/div>\n        \n            <\/div>\n<\/div>\n\n<\/section>","protected":false},"excerpt":{"rendered":"","protected":false},"author":7,"featured_media":0,"parent":5864,"menu_order":3,"comment_status":"closed","ping_status":"closed","template":"","meta":{"_acf_changed":false,"footnotes":""},"categories":[73],"class_list":["post-9049","page","type-page","status-publish","hentry","category-ausstellungsrueckblick"],"acf":[],"yoast_head":"<!-- This site is optimized with the Yoast SEO Premium plugin v26.0 (Yoast SEO v26.8) - https:\/\/yoast.com\/product\/yoast-seo-premium-wordpress\/ -->\n<title>Admont Guests - Stift Admont<\/title>\n<meta name=\"robots\" content=\"index, follow, max-snippet:-1, max-image-preview:large, max-video-preview:-1\" \/>\n<link rel=\"canonical\" href=\"https:\/\/stiftadmont.at\/fr\/musee\/retrospective-de-lexposition\/admont-guests\/\" \/>\n<meta property=\"og:locale\" content=\"fr_FR\" \/>\n<meta property=\"og:type\" content=\"article\" \/>\n<meta property=\"og:title\" content=\"Admont Guests\" \/>\n<meta property=\"og:url\" content=\"https:\/\/stiftadmont.at\/fr\/musee\/retrospective-de-lexposition\/admont-guests\/\" \/>\n<meta property=\"og:site_name\" content=\"Stift Admont\" \/>\n<meta property=\"article:modified_time\" content=\"2023-12-08T16:55:09+00:00\" \/>\n<meta property=\"og:image\" content=\"https:\/\/stiftadmont.at\/wp-content\/uploads\/Klosteranlage-innen.jpg\" \/>\n\t<meta property=\"og:image:width\" content=\"1912\" \/>\n\t<meta property=\"og:image:height\" content=\"1188\" \/>\n\t<meta property=\"og:image:type\" content=\"image\/jpeg\" \/>\n<meta name=\"twitter:card\" content=\"summary_large_image\" \/>\n<script type=\"application\/ld+json\" class=\"yoast-schema-graph\">{\"@context\":\"https:\/\/schema.org\",\"@graph\":[{\"@type\":\"WebPage\",\"@id\":\"https:\/\/stiftadmont.at\/museum\/ausstellungsrueckblick\/admont-guests\/\",\"url\":\"https:\/\/stiftadmont.at\/museum\/ausstellungsrueckblick\/admont-guests\/\",\"name\":\"Admont Guests - Stift Admont\",\"isPartOf\":{\"@id\":\"https:\/\/stiftadmont.at\/#website\"},\"datePublished\":\"2022-03-29T10:15:58+00:00\",\"dateModified\":\"2023-12-08T16:55:09+00:00\",\"breadcrumb\":{\"@id\":\"https:\/\/stiftadmont.at\/museum\/ausstellungsrueckblick\/admont-guests\/#breadcrumb\"},\"inLanguage\":\"fr-FR\",\"potentialAction\":[{\"@type\":\"ReadAction\",\"target\":[\"https:\/\/stiftadmont.at\/museum\/ausstellungsrueckblick\/admont-guests\/\"]}]},{\"@type\":\"BreadcrumbList\",\"@id\":\"https:\/\/stiftadmont.at\/museum\/ausstellungsrueckblick\/admont-guests\/#breadcrumb\",\"itemListElement\":[{\"@type\":\"ListItem\",\"position\":1,\"name\":\"Start\",\"item\":\"https:\/\/stiftadmont.at\/\"},{\"@type\":\"ListItem\",\"position\":2,\"name\":\"Museum Stift Admont\",\"item\":\"https:\/\/stiftadmont.at\/museum\/\"},{\"@type\":\"ListItem\",\"position\":3,\"name\":\"Ausstellungsr\u00fcckblick\",\"item\":\"https:\/\/stiftadmont.at\/museum\/ausstellungsrueckblick\/\"},{\"@type\":\"ListItem\",\"position\":4,\"name\":\"Admont Guests\"}]},{\"@type\":\"WebSite\",\"@id\":\"https:\/\/stiftadmont.at\/#website\",\"url\":\"https:\/\/stiftadmont.at\/\",\"name\":\"Stift Admont\",\"description\":\"Benediktinerkloster und Sehensw\u00fcrdigkeit im Ges\u00e4use\",\"potentialAction\":[{\"@type\":\"SearchAction\",\"target\":{\"@type\":\"EntryPoint\",\"urlTemplate\":\"https:\/\/stiftadmont.at\/?s={search_term_string}\"},\"query-input\":{\"@type\":\"PropertyValueSpecification\",\"valueRequired\":true,\"valueName\":\"search_term_string\"}}],\"inLanguage\":\"fr-FR\"}]}<\/script>\n<!-- \/ Yoast SEO Premium plugin. -->","yoast_head_json":{"title":"Admont Guests - Abbaye d'Admont","robots":{"index":"index","follow":"follow","max-snippet":"max-snippet:-1","max-image-preview":"max-image-preview:large","max-video-preview":"max-video-preview:-1"},"canonical":"https:\/\/stiftadmont.at\/fr\/musee\/retrospective-de-lexposition\/admont-guests\/","og_locale":"fr_FR","og_type":"article","og_title":"Admont Guests","og_url":"https:\/\/stiftadmont.at\/fr\/musee\/retrospective-de-lexposition\/admont-guests\/","og_site_name":"Stift Admont","article_modified_time":"2023-12-08T16:55:09+00:00","og_image":[{"width":1912,"height":1188,"url":"https:\/\/stiftadmont.at\/wp-content\/uploads\/Klosteranlage-innen.jpg","type":"image\/jpeg"}],"twitter_card":"summary_large_image","schema":{"@context":"https:\/\/schema.org","@graph":[{"@type":"WebPage","@id":"https:\/\/stiftadmont.at\/museum\/ausstellungsrueckblick\/admont-guests\/","url":"https:\/\/stiftadmont.at\/museum\/ausstellungsrueckblick\/admont-guests\/","name":"Admont Guests - Abbaye d'Admont","isPartOf":{"@id":"https:\/\/stiftadmont.at\/#website"},"datePublished":"2022-03-29T10:15:58+00:00","dateModified":"2023-12-08T16:55:09+00:00","breadcrumb":{"@id":"https:\/\/stiftadmont.at\/museum\/ausstellungsrueckblick\/admont-guests\/#breadcrumb"},"inLanguage":"fr-FR","potentialAction":[{"@type":"ReadAction","target":["https:\/\/stiftadmont.at\/museum\/ausstellungsrueckblick\/admont-guests\/"]}]},{"@type":"BreadcrumbList","@id":"https:\/\/stiftadmont.at\/museum\/ausstellungsrueckblick\/admont-guests\/#breadcrumb","itemListElement":[{"@type":"ListItem","position":1,"name":"Start","item":"https:\/\/stiftadmont.at\/"},{"@type":"ListItem","position":2,"name":"Museum Stift Admont","item":"https:\/\/stiftadmont.at\/museum\/"},{"@type":"ListItem","position":3,"name":"Ausstellungsr\u00fcckblick","item":"https:\/\/stiftadmont.at\/museum\/ausstellungsrueckblick\/"},{"@type":"ListItem","position":4,"name":"Admont Guests"}]},{"@type":"WebSite","@id":"https:\/\/stiftadmont.at\/#website","url":"https:\/\/stiftadmont.at\/","name":"Abbaye d'Admont","description":"Monast\u00e8re b\u00e9n\u00e9dictin et attraction touristique dans le Ges\u00e4use","potentialAction":[{"@type":"SearchAction","target":{"@type":"EntryPoint","urlTemplate":"https:\/\/stiftadmont.at\/?s={search_term_string}"},"query-input":{"@type":"PropertyValueSpecification","valueRequired":true,"valueName":"search_term_string"}}],"inLanguage":"fr-FR"}]}},"_links":{"self":[{"href":"https:\/\/stiftadmont.at\/fr\/wp-json\/wp\/v2\/pages\/9049","targetHints":{"allow":["GET"]}}],"collection":[{"href":"https:\/\/stiftadmont.at\/fr\/wp-json\/wp\/v2\/pages"}],"about":[{"href":"https:\/\/stiftadmont.at\/fr\/wp-json\/wp\/v2\/types\/page"}],"author":[{"embeddable":true,"href":"https:\/\/stiftadmont.at\/fr\/wp-json\/wp\/v2\/users\/7"}],"replies":[{"embeddable":true,"href":"https:\/\/stiftadmont.at\/fr\/wp-json\/wp\/v2\/comments?post=9049"}],"version-history":[{"count":30,"href":"https:\/\/stiftadmont.at\/fr\/wp-json\/wp\/v2\/pages\/9049\/revisions"}],"predecessor-version":[{"id":17317,"href":"https:\/\/stiftadmont.at\/fr\/wp-json\/wp\/v2\/pages\/9049\/revisions\/17317"}],"up":[{"embeddable":true,"href":"https:\/\/stiftadmont.at\/fr\/wp-json\/wp\/v2\/pages\/5864"}],"wp:attachment":[{"href":"https:\/\/stiftadmont.at\/fr\/wp-json\/wp\/v2\/media?parent=9049"}],"wp:term":[{"taxonomy":"category","embeddable":true,"href":"https:\/\/stiftadmont.at\/fr\/wp-json\/wp\/v2\/categories?post=9049"}],"curies":[{"name":"wp","href":"https:\/\/api.w.org\/{rel}","templated":true}]}}