{"id":10271,"date":"2022-05-01T23:45:20","date_gmt":"2022-05-01T21:45:20","guid":{"rendered":"https:\/\/stiftadmont.at\/?page_id=10271"},"modified":"2023-08-16T13:09:30","modified_gmt":"2023-08-16T11:09:30","slug":"linea-del-tempo-2","status":"publish","type":"page","link":"https:\/\/stiftadmont.at\/it\/zeitachse\/","title":{"rendered":"Linea temporale"},"content":{"rendered":"<section id='lightpress__section--block_626efe3265d35' class='lightpress__section--default-section-space lightpress__section lightpress__section--content'><div class=\"content__inner\"\n         x-init=\"initContentBlockAnim($el)\">\n        \n    <div class=\"content__grid content__grid\">\n                                            <div class=\"content__box content__box--one-hundred\"\n                 style=\"\">\n                                \n                \n                                            <div class=\"prose\"><h2 class=\"heading-xxl line line--gold\">Cronologia del monastero<\/h2>\n<p><strong>1043, donazione<\/strong><br \/>Santa Hemma dona gran parte dei suoi beni all'arcivescovo Balduin di Salisburgo con l'espresso desiderio di fondare un monastero sul fiume Enns.<\/p>\n<p><strong>1074, fondazione<\/strong><br \/>Il 29 settembre 1074, l'arcivescovo Gebhard di Salisburgo consacra l'Abbazia di Admont come primo monastero in territorio stiriano. I primi monaci provenivano dal monastero benedettino di San Pietro a Salisburgo.<\/p>\n<p><strong>1103, prima elezione<\/strong><br \/>I monaci di Admont eleggono per la prima volta un abate, Enrico I (di Kremsm\u00fcnster). Muore nell'Enns alluvionale nel 1112.<\/p>\n<p><strong>1120, convento<\/strong><br \/>In questo anno, al monastero fu aggiunto un convento di monache basato sulla regola benedettina, le cui monache acquisirono un'importante reputazione per l'alto livello di istruzione e l'attivit\u00e0 letteraria. Il convento si estinse durante la Riforma.<\/p>\n<p><strong>1137, Monastero di Attel<\/strong><br \/>Sotto l'abate Wolfold, i monaci benedettini di Admont ricolonizzano il monastero di Attel nel distretto di Rosenheim, in Alta Baviera. Questo fu sciolto nel 1803.<\/p>\n<p><strong>1152, incendio<\/strong><br \/>Nella notte tra il 10 e l'11 marzo si verifica un incendio nella centrale termica al centro dell'Abbazia di Admont. Un testimone oculare di don Irimbert si trova nel Codice 16 dell'archivio dell'abbazia, tra i commenti ai Libri dei Re. I nuovi edifici furono consacrati in autunno.<\/p>\n<p><strong>1165, primo abate \"proprio\"<\/strong><br \/>Con l'abate Liutold, i conventuali di Admont eleggono per la prima volta un confratello tra le loro fila come abate.<\/p>\n<p><strong>1189, parrocchie<\/strong><br \/>In questo anno, Rodolfo II viene eletto abate di Admont. Durante il suo mandato, molte parrocchie passano all'Abbazia di Admont. Molte di esse sono ancora oggi curate dai Padri di Admont.  Ecco un elenco delle parrocchie.<\/p>\n<p><strong>1230, Mitra<\/strong><br \/>Papa Gregorio IX concede agli abati di Admont il diritto di indossare la mitra durante le funzioni solenni. Il primo abate a indossare la mitra fu Berthold I.<\/p>\n<p><strong>1261, carestia<\/strong><br \/>In quell'anno scoppi\u00f2 una grande carestia e i monaci si rifugiarono nel monastero salisburghese di San Pietro, dove rimasero per due anni.<\/p>\n<p><strong>1275, l'abate Heinrich II.<\/strong><br \/>In questo anno, Enrico II viene eletto abate. \u00c8 noto anche come \"secondo fondatore\" per il suo fiuto per gli affari. In seguito, ricopre anche il ruolo di governatore della Stiria. \u00c8 l'unico abate di Admont a essere assassinato, nel 1297 da suo nipote sul Kaiserau.<\/p>\n<p><strong>1297, l'abate Engelbert Poetsch<\/strong><br \/>Engelbert Poetsch, uno degli spiriti pi\u00f9 universali dell'Austria medievale, viene eletto abate. La sua memoria \u00e8 sempre stata tenuta in grande onore nella casa: A volte \u00e8 stato persino tacitamente annoverato tra i santi. Per secoli, un membro del monastero ha portato il suo nome.<\/p>\n<p><strong>1399, Altre parrocchie<\/strong><br \/>Altre parrocchie sono di competenza del monastero.<\/p>\n<p><strong>1410, Frauenberg an der Enns<\/strong><br \/>In questo anno, il santuario di Frauenberg an der Enns viene menzionato per la prima volta in un documento. In quel periodo, l'antipapa Giovanni XXIII concesse diverse indulgenze.<\/p>\n<p><strong>1451, riforma di Salisburgo<\/strong><br \/>Tutti i monasteri benedettini dell'arcidiocesi e delle diocesi suffraganee sono stati riformati per decisione del Sinodo di Salisburgo. La cosiddetta \"Riforma di Melk\" mira a realizzare la vita secondo la Regola di San Benedetto attraverso uno stile di vita pi\u00f9 rigoroso e un miglioramento della disciplina.<\/p>\n<p><strong>1483, l'abate Antonius<\/strong><br \/>In questo anno, l'imperatore Federico III nomina l'abate Antonius Gottesgnad, un minorita di Venezia, ad Admont. Egli \u00e8 considerato un eccezionale rappresentante dell'umanesimo. Oltre a numerose acquisizioni di manoscritti pregiati per la biblioteca, pose anche la prima pietra della chiesa di pellegrinaggio Frauenberg Maria Rehkogel, nell'odierna Bruck\/Mur.<\/p>\n<p><strong>1581, Riforma<\/strong><br \/>La Riforma si \u00e8 abbattuta su un terreno fertile ad Admont, dove solo due sacerdoti vivono ancora nel monastero. Il monastero femminile \u00e8 completamente abbandonato. In questo anno Johannes IV Hofmann, proveniente da San Lambrecht, assume la carica di abate. Sotto di lui il monastero conosce una rinascita: 24 monaci prendono i voti nelle sue mani. \u00c8 considerato la forza trainante della Controriforma nella Valle dell'Enns.<\/p>\n<p><strong>1628, l'abate Urban Weber<\/strong><br \/>Urban Weber viene eletto 47\u00b0 abate. \u00c8 chiamato il \"terzo fondatore\" per la sua grande attivit\u00e0 edilizia. Durante il suo periodo, 15 confratelli prendono i voti.<\/p>\n<p><strong>1644, fondazione del ginnasio<\/strong><br \/>L'abate Urban fond\u00f2 il ginnasio e fece costruire una canonica barocca a Frauenberg an der Enns. Nello stesso secolo fior\u00ec una scuola di ricamo sotto la guida di Frater Benno Haan di Copenaghen, da cui usc\u00ec una collezione di splendidi tessuti liturgici barocchi. Nel corso della vivace attivit\u00e0 edilizia del periodo barocco, l'architetto Johann Gotthard Hayberger inizi\u00f2 una generosa ristrutturazione del complesso monastico intorno al 1735, proseguita dal capomastro Josef Hueber di Graz.<\/p>\n<p><strong>1675, l'abate Adalbert Heufler<\/strong><br \/>In questo anno viene eletto abate Adalbert Heufler zu Rasen und H\u00f6henb\u00fchel, grande mecenate del santuario di Frauenberg an der Enns.<\/p>\n<p><strong>1680, incendio nell'armeria<\/strong><br \/>Un incendio distrugge l'armeria Stiftisches Zeughaus.<\/p>\n<p><strong>1726, Joseph Stammel<\/strong><br \/>In questo anno, Joseph Stammel, un artista importante per Admont, inizia il suo lavoro.<\/p>\n<p><strong>1786, ginnasio di Leoben<\/strong><br \/>La Admont Abbey Grammar School viene trasferita a Leoben.<\/p>\n<p><strong>1865, incendio dell'Abbazia<\/strong><br \/>Nel 1865 un grave incendio distrusse gran parte del monastero, ad eccezione della biblioteca. Negli anni successivi, la maggior parte degli edifici del monastero fu ricostruita. La chiesa collegiale di Admont fu ricostruita sulle vecchie fondamenta ed \u00e8 il primo grande edificio sacro neogotico dell'Austria.<\/p>\n<p><strong>1869, consacrazione della chiesa<\/strong><br \/>Dopo il devastante incendio, viene consacrata la nuova collegiata.<\/p>\n<p><strong>1883, Kastner&amp;\u00d6hler<\/strong><br \/>Il primo Kastner&amp;\u00d6hler apre nell'Admonterhof di Graz.<\/p>\n<p><strong>1898, Museo di Storia Naturale<\/strong><br \/>P. Gabriel Strobl costruisce il Museo di Storia Naturale.<\/p>\n<p><strong>1906, l'imperatore Francesco Giuseppe<\/strong><br \/>L'imperatore Francesco Giuseppe visita l'Abbazia di Admont.<\/p>\n<p><strong>1911, Prima centrale elettrica<\/strong><br \/>A M\u00fchlau viene messa in funzione la prima centrale elettrica del monastero.<\/p>\n<p><strong>1939, Seconda Guerra Mondiale<\/strong><br \/>L'intero patrimonio dell'Abbazia di Admont viene confiscato dal regime nazista e i sacerdoti sono costretti a lasciare il monastero.<\/p>\n<p><strong>1945, Ritorno<\/strong><br \/>Dopo la fine della Seconda Guerra Mondiale, i monaci possono rientrare nel monastero il 17 ottobre.<\/p>\n<p><strong>1974, 900\u00b0 anniversario<\/strong><br \/>In occasione del suo 900\u00b0 anniversario, il monastero costruisce un nuovo edificio scolastico ad Admont. Da quest'anno sono ammesse anche le ragazze.<\/p>\n<p><strong>1996, Abate Bruno Hubl<\/strong><br \/>Bruno Hubl viene eletto abate. Nominato priore dall'abate Benedikt Schl\u00f6micher nel 1978, \u00e8 stato anche maestro dei novizi e membro di varie commissioni liturgiche. In seguito alle improvvise dimissioni dell'abate Benedikt Schl\u00f6micher, il priore Bruno Hubl \u00e8 stato eletto abate dai monaci dell'Abbazia di Admont il 1\u00b0 agosto 1996. \u00c8 stato consacrato dal vescovo Johann Weber nella chiesa abbaziale il 1\u00b0 settembre 1996.<br \/>\u00c8 stato membro del Presidium della Congregazione benedettina austriaca fino al 2009 e fa parte di vari comitati diocesani e sovraregionali. Il suo mandato ha visto il restauro di ampie parti del complesso monastico e della biblioteca del monastero, famosa in tutto il mondo, nonch\u00e9 la costruzione del nuovo museo e della Casa dell'Incontro di Graz, inaugurata il 6 ottobre 2002.<br \/>Il 23 marzo 2009, l'abate Bruno ha annunciato le sue dimissioni. Tuttavia, \u00e8 stato rieletto alle elezioni abaziali del 27 aprile. Il 30 aprile, dopo tre giorni di riflessione, ha ripreso il suo incarico. Nel suo discorso di accettazione, ha sottolineato che le sue dimissioni erano gravi. Tuttavia, la fiducia dei confratelli lo ha convinto ad accettare nuovamente la carica di abate\".<\/p>\n<p><strong>2003, apertura del museo<\/strong><br \/>Oltre alla biblioteca abbaziale tardo barocca, dal 2003 l'Abbazia benedettina di Admont ospita un grande museo che si estende su quattro piani in due ali dell'edificio. Le esposizioni comprendono manoscritti medievali e prime stampe, arte dal Medioevo ai giorni nostri e una collezione di storia naturale. Vi \u00e8 anche una presentazione multimediale dell'abbazia, mostre speciali e una scala panoramica.<\/p>\n<p><strong>2008, Restauro della biblioteca<\/strong><br \/>Restauro della biblioteca: un progetto lungo un secolo \u00e8 stato portato a termine con successo. Da quando la sala della biblioteca \u00e8 stata completata nel 1776, non sono mai stati eseguiti lavori simili: In tre grandi fasi di lavoro, tra il 2004 e il 2008, sono stati restaurati tutti i fondi in pietra e metallo, gli affreschi del soffitto, l'intera decorazione scultorea e tutti i componenti in legno. L'intera collezione di libri, che conta circa 70.000 pezzi, \u00e8 stata pulita ed esaminata per individuare eventuali danni. Oltre 5.000 libri sono stati restaurati. Durante questa fase di restauro, la Biblioteca dell'Abbazia di Admont \u00e8 rimasta accessibile ai visitatori.<\/p>\n<p><strong>2015, Pulizia del libro<\/strong><br \/>L'intera collezione di libri della biblioteca del monastero barocco viene pulita dopo una necessaria fumigazione (infestazione da parassiti). 70.000 libri saranno puliti e riorganizzati in modo professionale. Il progetto sar\u00e0 completato nel 2016.<\/p>\n<p>Anche nel <a title=\" Archivio dell&#039;Abbazia\" href=\"https:\/\/stiftadmont.at\/it\/sullarchivio-dellabbazia\/\">Archivio dell'Abbazia<\/a>\u00a0e rendere pi\u00f9 facile per gli utenti la ricerca e il lavoro con il prezioso patrimonio.<\/p>\n<\/div>\n                    \n                            <\/div>\n        \n            <\/div>\n<\/div>\n\n<\/section>","protected":false},"excerpt":{"rendered":"","protected":false},"author":7,"featured_media":0,"parent":0,"menu_order":127,"comment_status":"closed","ping_status":"closed","template":"","meta":{"_acf_changed":false,"footnotes":""},"categories":[],"class_list":["post-10271","page","type-page","status-publish","hentry"],"acf":[],"yoast_head":"<!-- This site is optimized with the Yoast SEO Premium plugin v26.0 (Yoast SEO v26.8) - https:\/\/yoast.com\/product\/yoast-seo-premium-wordpress\/ -->\n<title>Zeitachse - Stift Admont<\/title>\n<meta name=\"robots\" content=\"index, follow, max-snippet:-1, max-image-preview:large, max-video-preview:-1\" \/>\n<link rel=\"canonical\" href=\"https:\/\/stiftadmont.at\/it\/linea-del-tempo-2\/\" \/>\n<meta property=\"og:locale\" content=\"it_IT\" \/>\n<meta property=\"og:type\" content=\"article\" \/>\n<meta property=\"og:title\" content=\"Zeitachse\" \/>\n<meta property=\"og:url\" content=\"https:\/\/stiftadmont.at\/it\/linea-del-tempo-2\/\" \/>\n<meta property=\"og:site_name\" content=\"Stift Admont\" \/>\n<meta property=\"article:modified_time\" content=\"2023-08-16T11:09:30+00:00\" \/>\n<meta property=\"og:image\" content=\"https:\/\/stiftadmont.at\/wp-content\/uploads\/Klosteranlage-innen.jpg\" \/>\n\t<meta property=\"og:image:width\" content=\"1912\" \/>\n\t<meta property=\"og:image:height\" content=\"1188\" \/>\n\t<meta property=\"og:image:type\" content=\"image\/jpeg\" \/>\n<meta name=\"twitter:card\" content=\"summary_large_image\" \/>\n<script type=\"application\/ld+json\" class=\"yoast-schema-graph\">{\"@context\":\"https:\/\/schema.org\",\"@graph\":[{\"@type\":\"WebPage\",\"@id\":\"https:\/\/stiftadmont.at\/zeitachse\/\",\"url\":\"https:\/\/stiftadmont.at\/zeitachse\/\",\"name\":\"Zeitachse - Stift Admont\",\"isPartOf\":{\"@id\":\"https:\/\/stiftadmont.at\/#website\"},\"datePublished\":\"2022-05-01T21:45:20+00:00\",\"dateModified\":\"2023-08-16T11:09:30+00:00\",\"breadcrumb\":{\"@id\":\"https:\/\/stiftadmont.at\/zeitachse\/#breadcrumb\"},\"inLanguage\":\"it-IT\",\"potentialAction\":[{\"@type\":\"ReadAction\",\"target\":[\"https:\/\/stiftadmont.at\/zeitachse\/\"]}]},{\"@type\":\"BreadcrumbList\",\"@id\":\"https:\/\/stiftadmont.at\/zeitachse\/#breadcrumb\",\"itemListElement\":[{\"@type\":\"ListItem\",\"position\":1,\"name\":\"Start\",\"item\":\"https:\/\/stiftadmont.at\/\"},{\"@type\":\"ListItem\",\"position\":2,\"name\":\"Zeitachse\"}]},{\"@type\":\"WebSite\",\"@id\":\"https:\/\/stiftadmont.at\/#website\",\"url\":\"https:\/\/stiftadmont.at\/\",\"name\":\"Stift Admont\",\"description\":\"Benediktinerkloster und Sehensw\u00fcrdigkeit im Ges\u00e4use\",\"potentialAction\":[{\"@type\":\"SearchAction\",\"target\":{\"@type\":\"EntryPoint\",\"urlTemplate\":\"https:\/\/stiftadmont.at\/?s={search_term_string}\"},\"query-input\":{\"@type\":\"PropertyValueSpecification\",\"valueRequired\":true,\"valueName\":\"search_term_string\"}}],\"inLanguage\":\"it-IT\"}]}<\/script>\n<!-- \/ Yoast SEO Premium plugin. -->","yoast_head_json":{"title":"Cronologia - Abbazia di Admont","robots":{"index":"index","follow":"follow","max-snippet":"max-snippet:-1","max-image-preview":"max-image-preview:large","max-video-preview":"max-video-preview:-1"},"canonical":"https:\/\/stiftadmont.at\/it\/linea-del-tempo-2\/","og_locale":"it_IT","og_type":"article","og_title":"Zeitachse","og_url":"https:\/\/stiftadmont.at\/it\/linea-del-tempo-2\/","og_site_name":"Stift Admont","article_modified_time":"2023-08-16T11:09:30+00:00","og_image":[{"width":1912,"height":1188,"url":"https:\/\/stiftadmont.at\/wp-content\/uploads\/Klosteranlage-innen.jpg","type":"image\/jpeg"}],"twitter_card":"summary_large_image","schema":{"@context":"https:\/\/schema.org","@graph":[{"@type":"WebPage","@id":"https:\/\/stiftadmont.at\/zeitachse\/","url":"https:\/\/stiftadmont.at\/zeitachse\/","name":"Cronologia - Abbazia di Admont","isPartOf":{"@id":"https:\/\/stiftadmont.at\/#website"},"datePublished":"2022-05-01T21:45:20+00:00","dateModified":"2023-08-16T11:09:30+00:00","breadcrumb":{"@id":"https:\/\/stiftadmont.at\/zeitachse\/#breadcrumb"},"inLanguage":"it-IT","potentialAction":[{"@type":"ReadAction","target":["https:\/\/stiftadmont.at\/zeitachse\/"]}]},{"@type":"BreadcrumbList","@id":"https:\/\/stiftadmont.at\/zeitachse\/#breadcrumb","itemListElement":[{"@type":"ListItem","position":1,"name":"Start","item":"https:\/\/stiftadmont.at\/"},{"@type":"ListItem","position":2,"name":"Zeitachse"}]},{"@type":"WebSite","@id":"https:\/\/stiftadmont.at\/#website","url":"https:\/\/stiftadmont.at\/","name":"Abbazia di Admont","description":"Monastero benedettino e attrazione turistica nella Ges\u00e4use","potentialAction":[{"@type":"SearchAction","target":{"@type":"EntryPoint","urlTemplate":"https:\/\/stiftadmont.at\/?s={search_term_string}"},"query-input":{"@type":"PropertyValueSpecification","valueRequired":true,"valueName":"search_term_string"}}],"inLanguage":"it-IT"}]}},"_links":{"self":[{"href":"https:\/\/stiftadmont.at\/it\/wp-json\/wp\/v2\/pages\/10271","targetHints":{"allow":["GET"]}}],"collection":[{"href":"https:\/\/stiftadmont.at\/it\/wp-json\/wp\/v2\/pages"}],"about":[{"href":"https:\/\/stiftadmont.at\/it\/wp-json\/wp\/v2\/types\/page"}],"author":[{"embeddable":true,"href":"https:\/\/stiftadmont.at\/it\/wp-json\/wp\/v2\/users\/7"}],"replies":[{"embeddable":true,"href":"https:\/\/stiftadmont.at\/it\/wp-json\/wp\/v2\/comments?post=10271"}],"version-history":[{"count":35,"href":"https:\/\/stiftadmont.at\/it\/wp-json\/wp\/v2\/pages\/10271\/revisions"}],"predecessor-version":[{"id":13471,"href":"https:\/\/stiftadmont.at\/it\/wp-json\/wp\/v2\/pages\/10271\/revisions\/13471"}],"wp:attachment":[{"href":"https:\/\/stiftadmont.at\/it\/wp-json\/wp\/v2\/media?parent=10271"}],"wp:term":[{"taxonomy":"category","embeddable":true,"href":"https:\/\/stiftadmont.at\/it\/wp-json\/wp\/v2\/categories?post=10271"}],"curies":[{"name":"wp","href":"https:\/\/api.w.org\/{rel}","templated":true}]}}