{"id":10363,"date":"2022-05-02T01:10:45","date_gmt":"2022-05-01T23:10:45","guid":{"rendered":"https:\/\/stiftadmont.at\/?page_id=10363"},"modified":"2025-05-28T10:26:24","modified_gmt":"2025-05-28T08:26:24","slug":"presepe-admont","status":"publish","type":"page","link":"https:\/\/stiftadmont.at\/it\/admonter-weihnachtskrippe\/","title":{"rendered":"Presepe di Admont"},"content":{"rendered":"<section id='lightpress__section--block_45e2a4556341d4c055aec2cc63824637' class='align-center lightpress__section--default-section-space lightpress__section lightpress__section--headline'><div class=\"headline__container\">\n            <h2 class=\"headline text--40 text-medium line line--gold line-above line-middle\">Die Admonter Weihnachtskrippe<\/h2>\n        <p class=\"text-center text-gold text--20 text-medium text--uppercase\">Ein bedeutendes Zeugnis barocker Schnitzkunst in \u00d6sterreich<\/p>\n        <div class=\"spacer--40\"><\/div>\n<\/div>\n\n<\/section>\n\n<section id='lightpress__section--block_f151959fc145a87b586015bc758c9736' class='lightpress__section--default-section-space lightpress__section lightpress__section--content'><div class=\"content__inner\"\n         x-init=\"initContentBlockAnim($el)\">\n        \n    <div class=\"content__grid content__grid--fifty-fifty\">\n                                            <div class=\"content__box content__box\"\n                 style=\"\">\n                                \n                \n                                            <div class=\"prose\"><h5 class=\"heading-m line line-above line--gold\">Ein kunstvolles Weihnachtswunder \u2013 die Admonter Weihnachtskrippe<\/h5>\n<p class=\"paragraph-m\">\u00a0<\/p>\n<p class=\"paragraph-m\">Jedes Jahr am 24. Dezember \u00f6ffnet sich in der Stiftskirche Admont ein ganz besonderes Kunstwerk, das seit Jahrhunderten Besucher aus Nah und Fern ber\u00fchrt: die Admonter Weihnachtskrippe \u2013 ein Meisterwerk barocker Fr\u00f6mmigkeit und k\u00fcnstlerischer Ausdruckskraft.<\/p>\n<p class=\"paragraph-m\">\u00a0<\/p>\n<p class=\"paragraph-m\">Die beeindruckende Krippe wurde 1755\/56 vom ber\u00fchmten Bildhauer Josef Stammel geschnitzt und von Anton P\u00f6tschnigg kunstvoll bemalt. Untergebracht ist sie in einem neugotischen Fl\u00fcgelaltar in der Barbarakapelle. Ihr szenischer Aufbau umfasst die drei zentralen Ereignisse des Weihnachtsfestkreises: die Geburt Christi (25. Dezember), die Erscheinung des Herrn (6. J\u00e4nner) und die Darstellung im Tempel (2. Februar). Zahlreiche allegorische Details verleihen der Krippenszene Tiefe: Die Eule als Symbol des Heidentums, erhellt vom Licht Christi, ein Hirte mit rautenf\u00f6rmigem Brot als Anspielung auf das Admonter Wappen oder die Darstellung der christlichen Tugenden Glaube, Liebe und Hoffnung. Ausdrucksstarke Gesichter, liebevolle Details und eine jubelnde Engelsgruppe machen dieses Kunstwerk zu einem emotionalen Erlebnis.<\/p>\n<p class=\"paragraph-m\">\u00a0<\/p>\n<p class=\"paragraph-m\">Gem\u00e4\u00df katholischer Tradition bleibt die Krippe bis zum 2. Februar, dem Fest Lichtmess, ge\u00f6ffnet \u2013 ein feierlicher Abschluss, bei dem das Christuskind noch einmal im Mittelpunkt steht und die Liebe Gottes zu den Menschen sp\u00fcrbar wird.<\/p>\n<p class=\"paragraph-m\">\u00a0<\/p>\n<p class=\"paragraph-m\"><strong>Erleben Sie die Admonter Weihnachtskrippe \u2013 ein einzigartiges Zeugnis barocker Kunst und tiefer Weihnachtsfreude.<\/strong><\/p>\n<\/div>\n                    \n                            <\/div>\n        \n                                                    <div class=\"content__box content__box--2\"\n                     >\n                                        \n                    \n                                                <div class=\"content__media stickyTo\" x-init=\"imageSticky($el)\">\n\n                                                                                    <picture\n                                    class=\"content__image sticky\">\n                                <source srcset=\"https:\/\/stiftadmont.at\/wp-content\/uploads\/Stift-Admont-Admonter-Weihnachtskrippe-6-1024x768.webp\" type=\"image\/webp\">\n                                <source srcset=\"https:\/\/stiftadmont.at\/wp-content\/uploads\/Stift-Admont-Admonter-Weihnachtskrippe-6-1024x768.jpg\" type=\"image\/jpeg\">\n                                <img decoding=\"async\" class=\"sticky\" loading=\"lazy\" src=\"https:\/\/stiftadmont.at\/wp-content\/uploads\/Stift-Admont-Admonter-Weihnachtskrippe-6-1024x768.jpg\" alt=\"Stift Admont Admonter Weihnachtskrippe 6\" \/>\n\n                                                                                                                            <\/picture>\n\n                        <\/div>\n\n                                    <\/div>\n            \n            <\/div>\n<\/div>\n\n<\/section>\n\n<section id='lightpress__section--block_d9957a94fa139eebb9c7bb3688d1eaa4' class='lightpress__section--default-section-space lightpress__section lightpress__section--image-slider'>\n<div class=\"image-slider\"\n     x-data=\"{ gallery: null, shown: false }\"\n     x-init=\"gallery = initSliderGallery([{&quot;href&quot;:&quot;https:\\\/\\\/stiftadmont.at\\\/wp-content\\\/uploads\\\/Stift-Admont-Admonter-Weihnachtskrippe-1-scaled.jpg&quot;,&quot;type&quot;:&quot;image&quot;},{&quot;href&quot;:&quot;https:\\\/\\\/stiftadmont.at\\\/wp-content\\\/uploads\\\/Stift-Admont-Admonter-Weihnachtskrippe-5.jpg&quot;,&quot;type&quot;:&quot;image&quot;},{&quot;href&quot;:&quot;https:\\\/\\\/stiftadmont.at\\\/wp-content\\\/uploads\\\/Stift-Admont-Admonter-Weihnachtskrippe-4.jpg&quot;,&quot;type&quot;:&quot;image&quot;},{&quot;href&quot;:&quot;https:\\\/\\\/stiftadmont.at\\\/wp-content\\\/uploads\\\/Stift-Admont-Admonter-Weihnachtskrippe-3.jpg&quot;,&quot;type&quot;:&quot;image&quot;},{&quot;href&quot;:&quot;https:\\\/\\\/stiftadmont.at\\\/wp-content\\\/uploads\\\/Stift-Admont-Admonter-Weihnachtskrippe-2.jpg&quot;,&quot;type&quot;:&quot;image&quot;}]); initImageSliderBlockAnim($el);\">\n    <div class=\"image-slider__inner\">\n\n        <div class=\"swiper-container\" x-init=\"initImageSliderBlock($el, $refs.btnPrev, $refs.btnNext)\">\n            <div class=\"swiper-wrapper\">\n                                    <div class=\"swiper-slide\">\n                        <div class=\"image-slider__media\">\n                            <img decoding=\"async\" class=\"image-slider__image\"\n                                 src=\"https:\/\/stiftadmont.at\/wp-content\/uploads\/Stift-Admont-Admonter-Weihnachtskrippe-1-768x1252.jpg\"\n                                 alt=\"Stift Admont Admonter Weihnachtskrippe 1 scaled\">\n                        <\/div>\n                    <\/div>\n                                    <div class=\"swiper-slide\">\n                        <div class=\"image-slider__media\">\n                            <img decoding=\"async\" class=\"image-slider__image\"\n                                 src=\"https:\/\/stiftadmont.at\/wp-content\/uploads\/Stift-Admont-Admonter-Weihnachtskrippe-5-768x576.jpg\"\n                                 alt=\"Stift Admont Admonter Weihnachtskrippe 5\">\n                        <\/div>\n                    <\/div>\n                                    <div class=\"swiper-slide\">\n                        <div class=\"image-slider__media\">\n                            <img decoding=\"async\" class=\"image-slider__image\"\n                                 src=\"https:\/\/stiftadmont.at\/wp-content\/uploads\/Stift-Admont-Admonter-Weihnachtskrippe-4-768x1025.jpg\"\n                                 alt=\"Stift Admont Admonter Weihnachtskrippe 4\">\n                        <\/div>\n                    <\/div>\n                                    <div class=\"swiper-slide\">\n                        <div class=\"image-slider__media\">\n                            <img decoding=\"async\" class=\"image-slider__image\"\n                                 src=\"https:\/\/stiftadmont.at\/wp-content\/uploads\/Stift-Admont-Admonter-Weihnachtskrippe-3-768x576.jpg\"\n                                 alt=\"Stift Admont Admonter Weihnachtskrippe 3\">\n                        <\/div>\n                    <\/div>\n                                    <div class=\"swiper-slide\">\n                        <div class=\"image-slider__media\">\n                            <img decoding=\"async\" class=\"image-slider__image\"\n                                 src=\"https:\/\/stiftadmont.at\/wp-content\/uploads\/Stift-Admont-Admonter-Weihnachtskrippe-2-768x1161.jpg\"\n                                 alt=\"Stift Admont Admonter Weihnachtskrippe 2\">\n                        <\/div>\n                    <\/div>\n                            <\/div>\n\n            <div class=\"swiper-nav-wrapper\">\n                <button class=\"swiper-button-prev slider-button--prev\" x-ref=\"btnPrev\"\n                        aria-label=\"Vorige Bilder anzeigen\">\n                    <img decoding=\"async\" src=\"\/wp-content\/themes\/stift-admont\/src\/assets\/img\/arrow-left-big-new.svg\" alt=\"Pfeil nach Links\">\n                <\/button>\n\n\n                <a class=\"image-slider__gallery\" @click=\"openGallery(gallery)\"><i class=\"fa-thin fa-plus\"><\/i><\/a>\n                <button class=\"swiper-button-next slider-button--next\"\n                        x-ref=\"btnNext\"\n                        aria-label=\"N\u00e4chste Bilder anzeigen\">\n                    <img decoding=\"async\" src=\"\/wp-content\/themes\/stift-admont\/src\/assets\/img\/arrow-right-big-new.svg\" alt=\"Pfeil nach Rechts\">\n                <\/button>\n            <\/div>\n        <\/div>\n    <\/div>\n\n\n<\/div><\/section>","protected":false},"excerpt":{"rendered":"","protected":false},"author":7,"featured_media":0,"parent":0,"menu_order":128,"comment_status":"closed","ping_status":"closed","template":"","meta":{"_acf_changed":false,"footnotes":""},"categories":[],"class_list":["post-10363","page","type-page","status-publish","hentry"],"acf":[],"yoast_head":"<!-- This site is optimized with the Yoast SEO Premium plugin v26.0 (Yoast SEO v26.8) - https:\/\/yoast.com\/product\/yoast-seo-premium-wordpress\/ -->\n<title>Admonter Weihnachtskrippe - Stift Admont<\/title>\n<meta name=\"robots\" content=\"index, follow, max-snippet:-1, max-image-preview:large, max-video-preview:-1\" \/>\n<link rel=\"canonical\" href=\"https:\/\/stiftadmont.at\/it\/presepe-admont\/\" \/>\n<meta property=\"og:locale\" content=\"it_IT\" \/>\n<meta property=\"og:type\" content=\"article\" \/>\n<meta property=\"og:title\" content=\"Admonter Weihnachtskrippe\" \/>\n<meta property=\"og:url\" content=\"https:\/\/stiftadmont.at\/it\/presepe-admont\/\" \/>\n<meta property=\"og:site_name\" content=\"Stift Admont\" \/>\n<meta property=\"article:modified_time\" content=\"2025-05-28T08:26:24+00:00\" \/>\n<meta property=\"og:image\" content=\"https:\/\/stiftadmont.at\/wp-content\/uploads\/Klosteranlage-innen.jpg\" \/>\n\t<meta property=\"og:image:width\" content=\"1912\" \/>\n\t<meta property=\"og:image:height\" content=\"1188\" \/>\n\t<meta property=\"og:image:type\" content=\"image\/jpeg\" \/>\n<meta name=\"twitter:card\" content=\"summary_large_image\" \/>\n<script type=\"application\/ld+json\" class=\"yoast-schema-graph\">{\"@context\":\"https:\/\/schema.org\",\"@graph\":[{\"@type\":\"WebPage\",\"@id\":\"https:\/\/stiftadmont.at\/admonter-weihnachtskrippe\/\",\"url\":\"https:\/\/stiftadmont.at\/admonter-weihnachtskrippe\/\",\"name\":\"Admonter Weihnachtskrippe - Stift Admont\",\"isPartOf\":{\"@id\":\"https:\/\/stiftadmont.at\/#website\"},\"datePublished\":\"2022-05-01T23:10:45+00:00\",\"dateModified\":\"2025-05-28T08:26:24+00:00\",\"breadcrumb\":{\"@id\":\"https:\/\/stiftadmont.at\/admonter-weihnachtskrippe\/#breadcrumb\"},\"inLanguage\":\"it-IT\",\"potentialAction\":[{\"@type\":\"ReadAction\",\"target\":[\"https:\/\/stiftadmont.at\/admonter-weihnachtskrippe\/\"]}]},{\"@type\":\"BreadcrumbList\",\"@id\":\"https:\/\/stiftadmont.at\/admonter-weihnachtskrippe\/#breadcrumb\",\"itemListElement\":[{\"@type\":\"ListItem\",\"position\":1,\"name\":\"Start\",\"item\":\"https:\/\/stiftadmont.at\/\"},{\"@type\":\"ListItem\",\"position\":2,\"name\":\"Admonter Weihnachtskrippe\"}]},{\"@type\":\"WebSite\",\"@id\":\"https:\/\/stiftadmont.at\/#website\",\"url\":\"https:\/\/stiftadmont.at\/\",\"name\":\"Stift Admont\",\"description\":\"Benediktinerkloster und Sehensw\u00fcrdigkeit im Ges\u00e4use\",\"potentialAction\":[{\"@type\":\"SearchAction\",\"target\":{\"@type\":\"EntryPoint\",\"urlTemplate\":\"https:\/\/stiftadmont.at\/?s={search_term_string}\"},\"query-input\":{\"@type\":\"PropertyValueSpecification\",\"valueRequired\":true,\"valueName\":\"search_term_string\"}}],\"inLanguage\":\"it-IT\"}]}<\/script>\n<!-- \/ Yoast SEO Premium plugin. -->","yoast_head_json":{"title":"Culla di Natale Admont - Abbazia di Admont","robots":{"index":"index","follow":"follow","max-snippet":"max-snippet:-1","max-image-preview":"max-image-preview:large","max-video-preview":"max-video-preview:-1"},"canonical":"https:\/\/stiftadmont.at\/it\/presepe-admont\/","og_locale":"it_IT","og_type":"article","og_title":"Admonter Weihnachtskrippe","og_url":"https:\/\/stiftadmont.at\/it\/presepe-admont\/","og_site_name":"Stift Admont","article_modified_time":"2025-05-28T08:26:24+00:00","og_image":[{"width":1912,"height":1188,"url":"https:\/\/stiftadmont.at\/wp-content\/uploads\/Klosteranlage-innen.jpg","type":"image\/jpeg"}],"twitter_card":"summary_large_image","schema":{"@context":"https:\/\/schema.org","@graph":[{"@type":"WebPage","@id":"https:\/\/stiftadmont.at\/admonter-weihnachtskrippe\/","url":"https:\/\/stiftadmont.at\/admonter-weihnachtskrippe\/","name":"Culla di Natale Admont - Abbazia di Admont","isPartOf":{"@id":"https:\/\/stiftadmont.at\/#website"},"datePublished":"2022-05-01T23:10:45+00:00","dateModified":"2025-05-28T08:26:24+00:00","breadcrumb":{"@id":"https:\/\/stiftadmont.at\/admonter-weihnachtskrippe\/#breadcrumb"},"inLanguage":"it-IT","potentialAction":[{"@type":"ReadAction","target":["https:\/\/stiftadmont.at\/admonter-weihnachtskrippe\/"]}]},{"@type":"BreadcrumbList","@id":"https:\/\/stiftadmont.at\/admonter-weihnachtskrippe\/#breadcrumb","itemListElement":[{"@type":"ListItem","position":1,"name":"Start","item":"https:\/\/stiftadmont.at\/"},{"@type":"ListItem","position":2,"name":"Admonter Weihnachtskrippe"}]},{"@type":"WebSite","@id":"https:\/\/stiftadmont.at\/#website","url":"https:\/\/stiftadmont.at\/","name":"Abbazia di Admont","description":"Monastero benedettino e attrazione turistica nella Ges\u00e4use","potentialAction":[{"@type":"SearchAction","target":{"@type":"EntryPoint","urlTemplate":"https:\/\/stiftadmont.at\/?s={search_term_string}"},"query-input":{"@type":"PropertyValueSpecification","valueRequired":true,"valueName":"search_term_string"}}],"inLanguage":"it-IT"}]}},"_links":{"self":[{"href":"https:\/\/stiftadmont.at\/it\/wp-json\/wp\/v2\/pages\/10363","targetHints":{"allow":["GET"]}}],"collection":[{"href":"https:\/\/stiftadmont.at\/it\/wp-json\/wp\/v2\/pages"}],"about":[{"href":"https:\/\/stiftadmont.at\/it\/wp-json\/wp\/v2\/types\/page"}],"author":[{"embeddable":true,"href":"https:\/\/stiftadmont.at\/it\/wp-json\/wp\/v2\/users\/7"}],"replies":[{"embeddable":true,"href":"https:\/\/stiftadmont.at\/it\/wp-json\/wp\/v2\/comments?post=10363"}],"version-history":[{"count":37,"href":"https:\/\/stiftadmont.at\/it\/wp-json\/wp\/v2\/pages\/10363\/revisions"}],"predecessor-version":[{"id":35093,"href":"https:\/\/stiftadmont.at\/it\/wp-json\/wp\/v2\/pages\/10363\/revisions\/35093"}],"wp:attachment":[{"href":"https:\/\/stiftadmont.at\/it\/wp-json\/wp\/v2\/media?parent=10363"}],"wp:term":[{"taxonomy":"category","embeddable":true,"href":"https:\/\/stiftadmont.at\/it\/wp-json\/wp\/v2\/categories?post=10363"}],"curies":[{"name":"wp","href":"https:\/\/api.w.org\/{rel}","templated":true}]}}