{"id":19087,"date":"2023-08-02T11:56:12","date_gmt":"2023-08-02T09:56:12","guid":{"rendered":"https:\/\/stiftadmont.at\/?page_id=19087"},"modified":"2025-01-31T11:17:08","modified_gmt":"2025-01-31T09:17:08","slug":"escursioni-e-arrampicate","status":"publish","type":"page","link":"https:\/\/stiftadmont.at\/it\/familienparadies-kaiserau\/sommer\/wandern-und-klettern\/","title":{"rendered":"Escursioni e arrampicate"},"content":{"rendered":"<section id='lightpress__section--block_772f9072849eaa643895cac881744a6b' class='align-center lightpress__section--default-section-space lightpress__section lightpress__section--headline'><div class=\"headline__container\">\n            <p class=\"headline text--40 text-medium line line--gold line-above line-middle\">Wandern auf der Kaiserau<\/p>\n        <p class=\"text-center text-gold text--20 text-medium text--uppercase\">Genie\u00dfen Sie gem\u00fctliche Almwanderungen oder Klettertouren<\/p>\n        <div class=\"spacer--40\"><\/div>\n<\/div>\n\n<\/section>\n\n<section id='lightpress__section--block_a8b55d1c2e02b529fdbf89a83083cfc0' class='lightpress__section--default-section-space lightpress__section lightpress__section--content'><div class=\"content__inner\"\n         x-init=\"initContentBlockAnim($el)\">\n        \n    <div class=\"content__grid content__grid\">\n                                            <div class=\"content__box content__box--one-hundred\"\n                 style=\"\">\n                                \n                \n                                            <div class=\"prose\"><p class=\"paragraph-m\">Die Reichensteingruppe, deren markantester Gipfel die Pyramide des 2.196 m hohen Admonter Kalblings ist, geh\u00f6rt teilweise zum Nationalpark Ges\u00e4use und ist ein wahrhaft alpines Kleinod.<\/p>\n<p>\u00a0<\/p>\n<p class=\"paragraph-m\">Mit dem Bau der <strong>Klinkeh\u00fctte <\/strong>im Jahr 1941, welche von der Kaiserau \u00fcber eine Mautstra\u00dfe erreichbar ist, begann auch die alpine Erschlie\u00dfung dieses Gebietes. Vor allem Wanderer und Bergsteiger finden hier ein weites Bet\u00e4tigungsfeld, das von gem\u00fctlichen Almwanderungen bis hin zu anspruchsvollen Klettertouren reicht.\u00a0<\/p>\n<p class=\"paragraph-m\">Vom befestigten Parkplatz auf der Kaiserau weg gibt es markierte Wanderrouten, die auf einer Informationstafel eingezeichnet sind.<\/p>\n<\/div>\n                    \n                            <\/div>\n        \n            <\/div>\n<\/div>\n\n<\/section>\n\n<section id='lightpress__section--block_92aa2db5e6762ada19a14a9e5a482d12' class='lightpress__section--default-section-space lightpress__section lightpress__section--image-slider'>\n<div class=\"image-slider\"\n     x-data=\"{ gallery: null, shown: false }\"\n     x-init=\"gallery = initSliderGallery([{&quot;href&quot;:&quot;https:\\\/\\\/stiftadmont.at\\\/wp-content\\\/uploads\\\/Klinkehuette_\\u00a9Thomas-Sattler-2.jpg&quot;,&quot;type&quot;:&quot;image&quot;},{&quot;href&quot;:&quot;https:\\\/\\\/stiftadmont.at\\\/wp-content\\\/uploads\\\/LEI0501_www-1920x1281.jpg&quot;,&quot;type&quot;:&quot;image&quot;},{&quot;href&quot;:&quot;https:\\\/\\\/stiftadmont.at\\\/wp-content\\\/uploads\\\/LEI0478_www-1920x1281.jpg&quot;,&quot;type&quot;:&quot;image&quot;},{&quot;href&quot;:&quot;https:\\\/\\\/stiftadmont.at\\\/wp-content\\\/uploads\\\/MTB_c-Thomas-Sattler_TVGesaeuse_18_www-1920x1280.jpg&quot;,&quot;type&quot;:&quot;image&quot;},{&quot;href&quot;:&quot;https:\\\/\\\/stiftadmont.at\\\/wp-content\\\/uploads\\\/Kaiserau_c-Thomas-Sattler_TVGesaeuse_1_www-1920x1280.jpg&quot;,&quot;type&quot;:&quot;image&quot;}]); initImageSliderBlockAnim($el);\">\n    <div class=\"image-slider__inner\">\n\n        <div class=\"swiper-container\" x-init=\"initImageSliderBlock($el, $refs.btnPrev, $refs.btnNext)\">\n            <div class=\"swiper-wrapper\">\n                                    <div class=\"swiper-slide\">\n                        <div class=\"image-slider__media\">\n                            <img decoding=\"async\" class=\"image-slider__image\"\n                                 src=\"https:\/\/stiftadmont.at\/wp-content\/uploads\/Klinkehuette_\u00a9Thomas-Sattler-2-768x512.jpg\"\n                                 alt=\"Klinkehuette \u00a9Thomas Sattler 2\">\n                        <\/div>\n                    <\/div>\n                                    <div class=\"swiper-slide\">\n                        <div class=\"image-slider__media\">\n                            <img decoding=\"async\" class=\"image-slider__image\"\n                                 src=\"https:\/\/stiftadmont.at\/wp-content\/uploads\/LEI0501_www-768x512.jpg\"\n                                 alt=\"LEI0501 www\">\n                        <\/div>\n                    <\/div>\n                                    <div class=\"swiper-slide\">\n                        <div class=\"image-slider__media\">\n                            <img decoding=\"async\" class=\"image-slider__image\"\n                                 src=\"https:\/\/stiftadmont.at\/wp-content\/uploads\/LEI0478_www-768x512.jpg\"\n                                 alt=\"LEI0478 www\">\n                        <\/div>\n                    <\/div>\n                                    <div class=\"swiper-slide\">\n                        <div class=\"image-slider__media\">\n                            <img decoding=\"async\" class=\"image-slider__image\"\n                                 src=\"https:\/\/stiftadmont.at\/wp-content\/uploads\/MTB_c-Thomas-Sattler_TVGesaeuse_18_www-768x512.jpg\"\n                                 alt=\"MTB c Thomas Sattler TVGesaeuse 18\">\n                        <\/div>\n                    <\/div>\n                                    <div class=\"swiper-slide\">\n                        <div class=\"image-slider__media\">\n                            <img decoding=\"async\" class=\"image-slider__image\"\n                                 src=\"https:\/\/stiftadmont.at\/wp-content\/uploads\/Kaiserau_c-Thomas-Sattler_TVGesaeuse_1_www-768x512.jpg\"\n                                 alt=\"Kaiserau c Thomas Sattler TVGesaeuse 1\">\n                        <\/div>\n                    <\/div>\n                            <\/div>\n\n            <div class=\"swiper-nav-wrapper\">\n                <button class=\"swiper-button-prev slider-button--prev\" x-ref=\"btnPrev\"\n                        aria-label=\"Vorige Bilder anzeigen\">\n                    <img decoding=\"async\" src=\"\/wp-content\/themes\/stift-admont\/src\/assets\/img\/arrow-left-big-new.svg\" alt=\"Pfeil nach Links\">\n                <\/button>\n\n\n                <a class=\"image-slider__gallery\" @click=\"openGallery(gallery)\"><i class=\"fa-thin fa-plus\"><\/i><\/a>\n                <button class=\"swiper-button-next slider-button--next\"\n                        x-ref=\"btnNext\"\n                        aria-label=\"N\u00e4chste Bilder anzeigen\">\n                    <img decoding=\"async\" src=\"\/wp-content\/themes\/stift-admont\/src\/assets\/img\/arrow-right-big-new.svg\" alt=\"Pfeil nach Rechts\">\n                <\/button>\n            <\/div>\n        <\/div>\n    <\/div>\n\n\n<\/div><\/section>\n\n<section id='lightpress__section--block_d536bb0a63614a32a606c6212ebaedf5' class='lightpress__section--default-section-space lightpress__section lightpress__section--content'><div class=\"content__inner\"\n         x-init=\"initContentBlockAnim($el)\">\n        \n    <div class=\"content__grid content__grid--fifty-fifty\">\n                                            <div class=\"content__box content__box\"\n                 style=\"\">\n                                \n                \n                                        <div class=\"content__media stickyTo\" x-init=\"imageSticky($el)\">\n\n                                                                                                <picture\n                                class=\"content__image sticky\">\n                            <source srcset=\"https:\/\/stiftadmont.at\/wp-content\/uploads\/Klinkehuette_\u00a9Thomas-Sattler-2.jpg\"\n                                    type=\"image\/webp\">\n                            <source srcset=\"https:\/\/stiftadmont.at\/wp-content\/uploads\/Klinkehuette_\u00a9Thomas-Sattler-2.jpg\"\n                                    type=\"image\/jpeg\">\n                            <img decoding=\"async\" loading=\"lazy\" src=\"https:\/\/stiftadmont.at\/wp-content\/uploads\/Klinkehuette_\u00a9Thomas-Sattler-2.jpg\" alt=\"Klinkehuette \u00a9Thomas Sattler 2\" width=\"600\" height=\"450\" \/>\n                                                                                                            <\/picture>\n\n                    <\/div>\n\n                            <\/div>\n        \n                                                    <div class=\"content__box content__box--2\"\n                     >\n                                        \n                    \n                                                    <div class=\"prose\"><h5 class=\"heading-m line line-above line--gold\" style=\"margin-top: 1em;\"><span style=\"color: var(--color-black);\">Klinkeh\u00fctte \u2013 Almidylle und Steinfels<\/span><\/h5>\n<p class=\"paragraph-m\" style=\"margin-top: 1em;\"><span style=\"color: var(--color-black);\"><br \/><\/span>Nirgendwo sonst in den Ges\u00e4usebergen sind 2.000er leichter erreichbar als jene stolzen Gipfel, die sich rund um die Klinkeh\u00fctte aneinanderreihen. Und wer nicht so hoch hinaus will, entspannt auf romantischen Almwiesen oder im Winter bei einem Rundgang in tiefverschneiter Zauberlandschaft.<\/p>\n<p class=\"paragraph-m\"><span style=\"color: var(--color-black);\">Klinkeh\u00fctte und alpine Bildungskompetenz<br \/><\/span>Die ideale Lage und Ausstattung hat die \u00d6AV-Schutzh\u00fctte zum \u201eAlpinen Bildungszentrum der Ostalpen\u201c gemacht. Nicht nur diverse Einsatzorganisationen nutzen daher Haus und Umgebung zu Ausbildungszwecken, auch f\u00fcr die heimischen Bergf\u00fchrer und Bergwanderf\u00fchrer gilt die Klinkeh\u00fctte als optimaler St\u00fctzpunkt. Das Angebot reicht dabei von Schnupperkursen in Fels und Schnee bis hin zu Yoga am Berg.<\/p>\n<\/div>\n                        \n                                    <\/div>\n            \n            <\/div>\n<\/div>\n\n<\/section>\n\n<section id='lightpress__section--block_f430a10c73e0fb931d7e805091ea08ba' class='lightpress__section--default-section-space lightpress__section lightpress__section--content'><div class=\"content__inner\"\n         x-init=\"initContentBlockAnim($el)\">\n        \n    <div class=\"content__grid content__grid--fifty-fifty\">\n                                            <div class=\"content__box content__box\"\n                 style=\"\">\n                                \n                \n                                            <div class=\"prose\"><h5 class=\"heading-m line line-above line--gold\">Klettern auf der Kaiserau<\/h5>\n<p>\u00a0<\/p>\n<p class=\"paragraph-m\">F\u00fcr ge\u00fcbte Kletterer stehen am Admonter Kalbling verschiedenste Kletterrouten in diversen Schwierigkeitsgraden zur Verf\u00fcgung.<\/p>\n<p>\u00a0<\/p>\n<p class=\"paragraph-m\">Ausgangspunkt ist die Klinkeh\u00fctte, die bequem \u00fcber die 5 km lange Mautstra\u00dfe erreicht werden kann.<\/p>\n<\/div>\n                    \n                            <\/div>\n        \n                                                    <div class=\"content__box content__box--2\"\n                     >\n                                        \n                    \n                                                <div class=\"content__media stickyTo\" x-init=\"imageSticky($el)\">\n\n                                                                                    <picture\n                                    class=\"content__image sticky\">\n                                <source srcset=\"https:\/\/stiftadmont.at\/wp-content\/uploads\/Bergsteigen_c-Stefan-Leitner-Nationalpark-Gesaeuse00007-e1648799910536-1024x768.webp\" type=\"image\/webp\">\n                                <source srcset=\"https:\/\/stiftadmont.at\/wp-content\/uploads\/Bergsteigen_c-Stefan-Leitner-Nationalpark-Gesaeuse00007-e1648799910536-1024x768.jpg\" type=\"image\/jpeg\">\n                                <img decoding=\"async\" class=\"sticky\" loading=\"lazy\" src=\"https:\/\/stiftadmont.at\/wp-content\/uploads\/Bergsteigen_c-Stefan-Leitner-Nationalpark-Gesaeuse00007-e1648799910536-1024x768.jpg\" alt=\"Bergsteigen c Stefan Leitner Nationalpark Gesaeuse00007 e1648799910536\" \/>\n\n                                                                                                                            <\/picture>\n\n                        <\/div>\n\n                                    <\/div>\n            \n            <\/div>\n<\/div>\n\n<\/section>\n\n<section id='lightpress__section--block_3954b267f9ff185bb8bc11275378f175' class='lightpress__section--default-section-space lightpress__section lightpress__section--content'><div class=\"content__inner\"\n         x-init=\"initContentBlockAnim($el)\">\n        \n    <div class=\"content__grid content__grid--fifty-fifty\">\n                                            <div class=\"content__box content__box\"\n                 style=\"\">\n                                \n                \n                                        <div class=\"content__media stickyTo\" x-init=\"imageSticky($el)\">\n\n                                                                                                <picture\n                                class=\"content__image sticky\">\n                            <source srcset=\"https:\/\/stiftadmont.at\/wp-content\/uploads\/Huetten_c-Stefan-Leitner-Nationalpark-Gesaeuse00002-e1648799891606-1024x768.jpg\"\n                                    type=\"image\/webp\">\n                            <source srcset=\"https:\/\/stiftadmont.at\/wp-content\/uploads\/Huetten_c-Stefan-Leitner-Nationalpark-Gesaeuse00002-e1648799891606-1024x768.jpg\"\n                                    type=\"image\/jpeg\">\n                            <img decoding=\"async\" loading=\"lazy\" src=\"https:\/\/stiftadmont.at\/wp-content\/uploads\/Huetten_c-Stefan-Leitner-Nationalpark-Gesaeuse00002-e1648799891606-1024x768.jpg\" alt=\"Huetten c Stefan Leitner Nationalpark Gesaeuse00002 e1648799891606\" width=\"600\" height=\"450\" \/>\n                                                                                                            <\/picture>\n\n                    <\/div>\n\n                            <\/div>\n        \n                                                    <div class=\"content__box content__box--2\"\n                     >\n                                        \n                    \n                                                    <div class=\"prose\"><h5 class=\"heading-m line line-above line--gold\" style=\"z-index: var(--z-content);\">Von leicht bis schwer<\/h5>\n<p>\u00a0<\/p>\n<p class=\"paragraph-m\" style=\"font-size: medium;\">Vom Hausparkplatz der Klinkeh\u00fctte trennen die Besucher knapp 700 H\u00f6henmeter von den h\u00f6chsten Gipfeln der Reichensteingruppe \u2013 Wandergenuss und Extremalpinismus liegen hier wortw\u00f6rtlich dicht beieinander: die rasch erreichten Steilw\u00e4nde des Kalblings und des Sparafeldes bieten eine Vielzahl an Kletterouten in allen Schwierigkeitsgraden.<\/p>\n<p>\u00a0<\/p>\n<p class=\"paragraph-m\" style=\"font-size: medium;\">Ein sanfteres Bild zeichnet hingegen die Runde \u00fcber die Wagenb\u00e4nkalm bzw. die \u00dcberschreitung des aussichtsreichen Lahnganggipfels.<\/p>\n<\/div>\n                        \n                                    <\/div>\n            \n            <\/div>\n<\/div>\n\n<\/section>\n\n<section id='lightpress__section--block_d3349214875bc969187e43c27dd9a327' class='lightpress__section--default-section-space lightpress__section lightpress__section--content'><div class=\"content__inner\"\n         x-init=\"initContentBlockAnim($el)\">\n        \n    <div class=\"content__grid content__grid--fifty-fifty\">\n                                            <div class=\"content__box content__box\"\n                 style=\"\">\n                                \n                \n                                            <div class=\"prose\"><h5 class=\"heading-m line line-above line--gold\" style=\"margin-top: 1em;\">Gipfel, Almen &amp; H\u00fctten<\/h5>\n<p>\u00a0<\/p>\n<p class=\"paragraph-m\">Vom Parkplatz Kaiserau k\u00f6nnen folgende Gipfel, Almen und H\u00fctten erreicht werden:<\/p>\n<p class=\"paragraph-m\">\u2022 Admonter Kalbling (2.196 m)<br \/>\u2022 Sparafeld (2.247 m)<br \/>\u2022 Riffelspitz (2.106 m)<br \/>\u2022 Kreuzkogel (2.011 m)<br \/>\u2022 Hahnstein (1.695 m)<br \/>\u2022 Lahngang Gipfel (1.778 m)<br \/>\u2022 Klinkeh\u00fctte<br \/>\u2022 M\u00f6dlinger H\u00fctte<br \/>\u2022 Wagenb\u00e4nkalm<br \/>\u2022 Sieglalm<br \/>\u2022 Scheiblegger Hochalm<\/p>\n<p>\u00a0<\/p>\n<\/div>\n                    \n                            <\/div>\n        \n                                                    <div class=\"content__box content__box--2\"\n                     >\n                                        \n                    \n                                                <div class=\"content__media stickyTo\" x-init=\"imageSticky($el)\">\n\n                                                                                    <picture\n                                    class=\"content__image sticky\">\n                                <source srcset=\"https:\/\/stiftadmont.at\/wp-content\/uploads\/Kaiserau\u00a9StefanLeitner_023-1024x683.webp\" type=\"image\/webp\">\n                                <source srcset=\"https:\/\/stiftadmont.at\/wp-content\/uploads\/Kaiserau\u00a9StefanLeitner_023-1024x683.jpg\" type=\"image\/jpeg\">\n                                <img decoding=\"async\" class=\"sticky\" loading=\"lazy\" src=\"https:\/\/stiftadmont.at\/wp-content\/uploads\/Kaiserau\u00a9StefanLeitner_023-1024x683.jpg\" alt=\"Kaiserau\u00a9StefanLeitner 023\" \/>\n\n                                                                                                                            <\/picture>\n\n                        <\/div>\n\n                                    <\/div>\n            \n            <\/div>\n<\/div>\n\n<\/section>\n\n<section id='lightpress__section--block_cbed312257f6727cf55bffd754c4c8f7' class='lightpress__section--default-section-space lightpress__section lightpress__section--content'><div class=\"content__inner\"\n         x-init=\"initContentBlockAnim($el)\">\n        \n    <div class=\"content__grid content__grid\">\n                                            <div class=\"content__box content__box--one-hundred\"\n                 style=\"\">\n                                \n                \n                                            <div class=\"prose\"><div class=\"info info--info\">\n<p>Wir ersuchen alle Bergsportler*innen um R\u00fccksichtnahme auf die alpine Landschaft. Die Kaiserau mit ihrem Wildbestand ist ein sensibles \u00d6kosystem, weshalb unn\u00f6tige St\u00f6rungen jeder Art vermieden werden sollten.<\/p>\n<\/div>\n<div class=\"info info--warn\">\n<p>Bitte beachten Sie bei Ihren Wander- und Bergtouren lokale Wetterprognosen! Bei Unsicherheit nehmen Sie bitte Kontakt auf zum \u00f6rtlichen Tourimusverband Ges\u00e4use (<a title=\"www.gesaeuse.at\" href=\"https:\/\/www.gesaeuse.at\" target=\"_blank\" rel=\"noopener\">www.gesaeuse.at<\/a>) oder lokalen Bergf\u00fchrer*innen. Verwenden Sie nicht Google-Maps, sondern planen Sie Ihre Tour anhand Wanderkarten, GPS und entsprechenden Bergsport-Webseiten.<\/p>\n<\/div>\n<\/div>\n                    \n                            <\/div>\n        \n            <\/div>\n<\/div>\n\n<\/section>","protected":false},"excerpt":{"rendered":"","protected":false},"author":19,"featured_media":0,"parent":19030,"menu_order":69,"comment_status":"closed","ping_status":"closed","template":"","meta":{"_acf_changed":false,"footnotes":""},"categories":[],"class_list":["post-19087","page","type-page","status-publish","hentry"],"acf":[],"yoast_head":"<!-- This site is optimized with the Yoast SEO Premium plugin v26.0 (Yoast SEO v26.8) - https:\/\/yoast.com\/product\/yoast-seo-premium-wordpress\/ -->\n<title>Wandern &amp; Klettern - Stift Admont<\/title>\n<meta name=\"robots\" content=\"index, follow, max-snippet:-1, max-image-preview:large, max-video-preview:-1\" \/>\n<link rel=\"canonical\" href=\"https:\/\/stiftadmont.at\/it\/paradiso-familiare-kaiserau\/estate\/escursioni-e-arrampicate\/\" \/>\n<meta property=\"og:locale\" content=\"it_IT\" \/>\n<meta property=\"og:type\" content=\"article\" \/>\n<meta property=\"og:title\" content=\"Wandern &amp; Klettern\" \/>\n<meta property=\"og:url\" content=\"https:\/\/stiftadmont.at\/it\/paradiso-familiare-kaiserau\/estate\/escursioni-e-arrampicate\/\" \/>\n<meta property=\"og:site_name\" content=\"Stift Admont\" \/>\n<meta property=\"article:modified_time\" content=\"2025-01-31T09:17:08+00:00\" \/>\n<meta property=\"og:image\" content=\"https:\/\/stiftadmont.at\/wp-content\/uploads\/Klosteranlage-innen.jpg\" \/>\n\t<meta property=\"og:image:width\" content=\"1912\" \/>\n\t<meta property=\"og:image:height\" content=\"1188\" \/>\n\t<meta property=\"og:image:type\" content=\"image\/jpeg\" \/>\n<meta name=\"twitter:card\" content=\"summary_large_image\" \/>\n<script type=\"application\/ld+json\" class=\"yoast-schema-graph\">{\"@context\":\"https:\/\/schema.org\",\"@graph\":[{\"@type\":\"WebPage\",\"@id\":\"https:\/\/stiftadmont.at\/familienparadies-kaiserau\/sommer\/wandern-und-klettern\/\",\"url\":\"https:\/\/stiftadmont.at\/familienparadies-kaiserau\/sommer\/wandern-und-klettern\/\",\"name\":\"Wandern &amp; Klettern - Stift Admont\",\"isPartOf\":{\"@id\":\"https:\/\/stiftadmont.at\/#website\"},\"datePublished\":\"2023-08-02T09:56:12+00:00\",\"dateModified\":\"2025-01-31T09:17:08+00:00\",\"breadcrumb\":{\"@id\":\"https:\/\/stiftadmont.at\/familienparadies-kaiserau\/sommer\/wandern-und-klettern\/#breadcrumb\"},\"inLanguage\":\"it-IT\",\"potentialAction\":[{\"@type\":\"ReadAction\",\"target\":[\"https:\/\/stiftadmont.at\/familienparadies-kaiserau\/sommer\/wandern-und-klettern\/\"]}]},{\"@type\":\"BreadcrumbList\",\"@id\":\"https:\/\/stiftadmont.at\/familienparadies-kaiserau\/sommer\/wandern-und-klettern\/#breadcrumb\",\"itemListElement\":[{\"@type\":\"ListItem\",\"position\":1,\"name\":\"Start\",\"item\":\"https:\/\/stiftadmont.at\/\"},{\"@type\":\"ListItem\",\"position\":2,\"name\":\"Familienparadies Kaiserau\",\"item\":\"https:\/\/stiftadmont.at\/familienparadies-kaiserau\/\"},{\"@type\":\"ListItem\",\"position\":3,\"name\":\"Sommer\",\"item\":\"https:\/\/stiftadmont.at\/familienparadies-kaiserau\/sommer\/\"},{\"@type\":\"ListItem\",\"position\":4,\"name\":\"Wandern &amp; Klettern\"}]},{\"@type\":\"WebSite\",\"@id\":\"https:\/\/stiftadmont.at\/#website\",\"url\":\"https:\/\/stiftadmont.at\/\",\"name\":\"Stift Admont\",\"description\":\"Benediktinerkloster und Sehensw\u00fcrdigkeit im Ges\u00e4use\",\"potentialAction\":[{\"@type\":\"SearchAction\",\"target\":{\"@type\":\"EntryPoint\",\"urlTemplate\":\"https:\/\/stiftadmont.at\/?s={search_term_string}\"},\"query-input\":{\"@type\":\"PropertyValueSpecification\",\"valueRequired\":true,\"valueName\":\"search_term_string\"}}],\"inLanguage\":\"it-IT\"}]}<\/script>\n<!-- \/ Yoast SEO Premium plugin. -->","yoast_head_json":{"title":"Escursioni e arrampicate - Abbazia di Admont","robots":{"index":"index","follow":"follow","max-snippet":"max-snippet:-1","max-image-preview":"max-image-preview:large","max-video-preview":"max-video-preview:-1"},"canonical":"https:\/\/stiftadmont.at\/it\/paradiso-familiare-kaiserau\/estate\/escursioni-e-arrampicate\/","og_locale":"it_IT","og_type":"article","og_title":"Wandern &amp; Klettern","og_url":"https:\/\/stiftadmont.at\/it\/paradiso-familiare-kaiserau\/estate\/escursioni-e-arrampicate\/","og_site_name":"Stift Admont","article_modified_time":"2025-01-31T09:17:08+00:00","og_image":[{"width":1912,"height":1188,"url":"https:\/\/stiftadmont.at\/wp-content\/uploads\/Klosteranlage-innen.jpg","type":"image\/jpeg"}],"twitter_card":"summary_large_image","schema":{"@context":"https:\/\/schema.org","@graph":[{"@type":"WebPage","@id":"https:\/\/stiftadmont.at\/familienparadies-kaiserau\/sommer\/wandern-und-klettern\/","url":"https:\/\/stiftadmont.at\/familienparadies-kaiserau\/sommer\/wandern-und-klettern\/","name":"Escursioni e arrampicate - Abbazia di Admont","isPartOf":{"@id":"https:\/\/stiftadmont.at\/#website"},"datePublished":"2023-08-02T09:56:12+00:00","dateModified":"2025-01-31T09:17:08+00:00","breadcrumb":{"@id":"https:\/\/stiftadmont.at\/familienparadies-kaiserau\/sommer\/wandern-und-klettern\/#breadcrumb"},"inLanguage":"it-IT","potentialAction":[{"@type":"ReadAction","target":["https:\/\/stiftadmont.at\/familienparadies-kaiserau\/sommer\/wandern-und-klettern\/"]}]},{"@type":"BreadcrumbList","@id":"https:\/\/stiftadmont.at\/familienparadies-kaiserau\/sommer\/wandern-und-klettern\/#breadcrumb","itemListElement":[{"@type":"ListItem","position":1,"name":"Start","item":"https:\/\/stiftadmont.at\/"},{"@type":"ListItem","position":2,"name":"Familienparadies Kaiserau","item":"https:\/\/stiftadmont.at\/familienparadies-kaiserau\/"},{"@type":"ListItem","position":3,"name":"Sommer","item":"https:\/\/stiftadmont.at\/familienparadies-kaiserau\/sommer\/"},{"@type":"ListItem","position":4,"name":"Wandern &amp; Klettern"}]},{"@type":"WebSite","@id":"https:\/\/stiftadmont.at\/#website","url":"https:\/\/stiftadmont.at\/","name":"Abbazia di Admont","description":"Monastero benedettino e attrazione turistica nella Ges\u00e4use","potentialAction":[{"@type":"SearchAction","target":{"@type":"EntryPoint","urlTemplate":"https:\/\/stiftadmont.at\/?s={search_term_string}"},"query-input":{"@type":"PropertyValueSpecification","valueRequired":true,"valueName":"search_term_string"}}],"inLanguage":"it-IT"}]}},"_links":{"self":[{"href":"https:\/\/stiftadmont.at\/it\/wp-json\/wp\/v2\/pages\/19087","targetHints":{"allow":["GET"]}}],"collection":[{"href":"https:\/\/stiftadmont.at\/it\/wp-json\/wp\/v2\/pages"}],"about":[{"href":"https:\/\/stiftadmont.at\/it\/wp-json\/wp\/v2\/types\/page"}],"author":[{"embeddable":true,"href":"https:\/\/stiftadmont.at\/it\/wp-json\/wp\/v2\/users\/19"}],"replies":[{"embeddable":true,"href":"https:\/\/stiftadmont.at\/it\/wp-json\/wp\/v2\/comments?post=19087"}],"version-history":[{"count":42,"href":"https:\/\/stiftadmont.at\/it\/wp-json\/wp\/v2\/pages\/19087\/revisions"}],"predecessor-version":[{"id":32536,"href":"https:\/\/stiftadmont.at\/it\/wp-json\/wp\/v2\/pages\/19087\/revisions\/32536"}],"up":[{"embeddable":true,"href":"https:\/\/stiftadmont.at\/it\/wp-json\/wp\/v2\/pages\/19030"}],"wp:attachment":[{"href":"https:\/\/stiftadmont.at\/it\/wp-json\/wp\/v2\/media?parent=19087"}],"wp:term":[{"taxonomy":"category","embeddable":true,"href":"https:\/\/stiftadmont.at\/it\/wp-json\/wp\/v2\/categories?post=19087"}],"curies":[{"name":"wp","href":"https:\/\/api.w.org\/{rel}","templated":true}]}}