{"id":19296,"date":"2023-08-03T13:58:37","date_gmt":"2023-08-03T11:58:37","guid":{"rendered":"https:\/\/stiftadmont.at\/?page_id=19296"},"modified":"2026-01-08T20:25:29","modified_gmt":"2026-01-08T18:25:29","slug":"gastronomia-kaiserau","status":"publish","type":"page","link":"https:\/\/stiftadmont.at\/it\/familienparadies-kaiserau\/gastronomie-kaiserau\/","title":{"rendered":"Gastronomia"},"content":{"rendered":"<section id='lightpress__section--block_5045e837fbc285cdf934b2faf492f8bb' class='align-center lightpress__section--default-section-space lightpress__section lightpress__section--headline'><div class=\"headline__container\">\n            <p class=\"headline text--40 text-medium line line--gold line-above line-middle\">Die Gastronomie auf der Kaiserau<\/p>\n        <p class=\"text-center text-gold text--20 text-medium text--uppercase\">Die &#8222;Sportalm Kaiserau&#8220; verw\u00f6hnt Sie mit kulinarischen K\u00f6stlichkeiten <\/p>\n        <div class=\"spacer--40\"><\/div>\n<\/div>\n\n<\/section>\n\n<section id='lightpress__section--block_c006f3763cc2ebb2ef2c2b10a8afd209' class='lightpress__section--default-section-space lightpress__section lightpress__section--content'><div class=\"content__inner\"\n         x-init=\"initContentBlockAnim($el)\">\n        \n    <div class=\"content__grid content__grid--fifty-fifty\">\n                                            <div class=\"content__box content__box\"\n                 style=\"\">\n                                \n                \n                                            <div class=\"prose\"><h5 class=\"heading-m line line-above line--gold\" data-start=\"0\" data-end=\"55\"><strong data-start=\"0\" data-end=\"55\">Genuss mit Ausblick \u2013 Die Sportalm auf der Kaiserau<\/strong><\/h5>\n<p data-start=\"0\" data-end=\"55\">\u00a0<\/p>\n<p data-start=\"57\" data-end=\"503\">Auf rund 1.100 Metern Seeh\u00f6he erwartet Sie die Skih\u00fctte Sportalm \u2013 ein beliebter Treffpunkt f\u00fcr Genie\u00dfer und Aktivurlauber mitten im herrlichen Naturparadies der Kaiserau. Ob nach dem Wandern, Skifahren oder einfach zum Entspannen: In der gem\u00fctlichen Gaststube, dem urigen St\u00fcberl oder auf der Sonnenterrasse verw\u00f6hnen wir Sie mit regionalen Spezialit\u00e4ten und hausgemachten K\u00f6stlichkeiten aus der heimischen K\u00fcche.<\/p>\n<p data-start=\"57\" data-end=\"503\">\u00a0<\/p>\n<p data-start=\"505\" data-end=\"678\">Und auch f\u00fcr sportliche G\u00e4ste ist bestens gesorgt: Direkt neben der Terrasse steht eine moderne E-Bike-Ladestation bereit \u2013 f\u00fcr eine genussvolle Pause mit Panoramablick.<\/p>\n<p class=\"paragraph-m\">\u00a0<\/p>\n<p data-start=\"680\" data-end=\"752\" data-is-last-node=\"\" data-is-only-node=\"\"><strong data-start=\"680\" data-end=\"752\" data-is-last-node=\"\">Einkehren, genie\u00dfen und aufladen \u2013 in der Sportalm auf der Kaiserau!<\/strong><\/p>\n<p><span data-mce-type=\"bookmark\" style=\"display: inline-block; width: 0px; overflow: hidden; line-height: 0;\" class=\"mce_SELRES_start\">\ufeff<\/span><\/p>\n<\/div>\n                    \n                            <\/div>\n        \n                                                    <div class=\"content__box content__box--2\"\n                     >\n                                        \n                    \n                                                <div class=\"content__media stickyTo\" x-init=\"imageSticky($el)\">\n\n                                                                                    <picture\n                                    class=\"content__image sticky\">\n                                <source srcset=\"https:\/\/stiftadmont.at\/wp-content\/uploads\/Kaiserau_U00A9Thomas-Sattler-8_www-1024x683.webp\" type=\"image\/webp\">\n                                <source srcset=\"https:\/\/stiftadmont.at\/wp-content\/uploads\/Kaiserau_U00A9Thomas-Sattler-8_www-1024x683.jpg\" type=\"image\/jpeg\">\n                                <img decoding=\"async\" class=\"sticky\" loading=\"lazy\" src=\"https:\/\/stiftadmont.at\/wp-content\/uploads\/Kaiserau_U00A9Thomas-Sattler-8_www-1024x683.jpg\" alt=\"Kaiserau %U00A9Thomas Sattler 8 www\" \/>\n\n                                                                                                                            <\/picture>\n\n                        <\/div>\n\n                                    <\/div>\n            \n            <\/div>\n<\/div>\n\n<\/section>\n\n<section id='lightpress__section--block_26d14e538d1a2977ffeb353f1addb5e3' class='bg--beige lightpress__section--colored-bg lightpress__section--default-section-space lightpress__section lightpress__section--content'><div class=\"content__inner\"\n         x-init=\"initContentBlockAnim($el)\">\n        \n    <div class=\"content__grid content__grid--fifty-fifty\">\n                                            <div class=\"content__box content__box\"\n                 style=\"\">\n                                \n                \n                                            <div class=\"prose\"><h5 class=\"heading-m line line-above line--gold\">\u00d6ffnungszeiten<\/h5>\n<p>\u00a0<\/p>\n<p>Ab 25. Dezember 2025, t\u00e4glich von 09:00 Uhr bis 16:30 Uhr ge\u00f6ffnet (<em><strong>K\u00fcche von 11:00 bis 16:00 Uhr)<\/strong><\/em><\/p>\n<\/div>\n                    \n                            <\/div>\n        \n                                                    <div class=\"content__box content__box--2\"\n                     >\n                                        \n                    \n                                                    <div class=\"prose\"><h5 class=\"heading-m line line-above line--gold\">Kontakt Sportalm\u00a0<\/h5>\n<p>\u00a0<\/p>\n<p><strong>Sportalm Kaiserau<\/strong><\/p>\n<p>Krumau 23<\/p>\n<p>8911 Admont\u00a0<\/p>\n<p>\u00a0<\/p>\n<p><a class=\"email\" href=\"mailto:sportalm@kaiserau.at\"><span class=\"icon-outer\"><i class=\"fa-light fa-envelope\"><\/i><\/span>sportalm@kaiserau.at<\/a><\/p>\n<p><a class=\"phone\" href=\"tel:+43 (0) 664\/99256153\"><span class=\"icon-outer\"><i class=\"fa-light fa-phone\"><\/i><\/span>+43 (0) 664\/4417287<\/a><\/p>\n<\/div>\n                        \n                                    <\/div>\n            \n            <\/div>\n<\/div>\n\n    <div class=\"background__container background__container--beige\">\n    <\/div>\n\n<\/section>\n\n<section id='lightpress__section--block_5dcab6688416c9c015dfde7bf50063f8' class='lightpress__section--default-section-space lightpress__section lightpress__section--content'><div class=\"content__inner\"\n         x-init=\"initContentBlockAnim($el)\">\n        \n    <div class=\"content__grid content__grid--fifty-fifty\">\n                                            <div class=\"content__box content__box\"\n                 style=\"\">\n                                \n                \n                                            <div class=\"prose\"><h5 class=\"heading-m line line-above line--gold\" data-start=\"0\" data-end=\"80\"><strong data-start=\"0\" data-end=\"80\">Besondere Momente genie\u00dfen \u2013 mit den Angeboten der Sportalm auf der Kaiserau<\/strong><\/h5>\n<p data-start=\"0\" data-end=\"80\">\u00a0<\/p>\n<p data-start=\"82\" data-end=\"374\">Sie planen einen besonderen Ausflug, ein gem\u00fctliches Fr\u00fchst\u00fcck oder ein Treffen mit Ihrer Gruppe? Dann sind Sie bei uns genau richtig! Die <strong data-start=\"221\" data-end=\"233\">Sportalm<\/strong> auf der <strong data-start=\"242\" data-end=\"254\">Kaiserau<\/strong> bietet Ihnen Genuss, Natur und Gastfreundschaft auf h\u00f6chstem Niveau \u2013 mit ma\u00dfgeschneiderten Angeboten f\u00fcr jeden Anlass:<\/p>\n<p data-start=\"82\" data-end=\"374\">\u00a0<\/p>\n<p data-start=\"376\" data-end=\"655\"><strong data-start=\"379\" data-end=\"405\">Fr\u00fchst\u00fcck mit Aussicht:\u00a0<\/strong><\/p>\n<p data-start=\"376\" data-end=\"655\"><br data-start=\"405\" data-end=\"408\" \/>Beginnen Sie Ihren Tag mit einem liebevoll zubereiteten Fr\u00fchst\u00fcck aus <strong data-start=\"478\" data-end=\"500\">regionalen Zutaten<\/strong> \u2013 am besten gemeinsam mit Menschen, die Ihnen wichtig sind. Ob in der gem\u00fctlichen Stube oder auf der Sonnenterrasse: So schmeckt der Morgen in den Bergen.<\/p>\n<p data-start=\"376\" data-end=\"655\">\u00a0<\/p>\n<p data-start=\"959\" data-end=\"1219\"><strong data-start=\"962\" data-end=\"988\">Busgruppen willkommen!<\/strong><\/p>\n<p data-start=\"959\" data-end=\"1219\"><br data-start=\"988\" data-end=\"991\" \/>Ob <strong data-start=\"994\" data-end=\"1031\">Vereine, Firmen oder Reisegruppen<\/strong> \u2013 wir hei\u00dfen Sie herzlich willkommen! Nach Voranmeldung bieten wir <strong data-start=\"1099\" data-end=\"1124\">individuelle Angebote<\/strong> f\u00fcr Kaffeepausen oder Mittagsmen\u00fcs \u2013 rasch, unkompliziert und mit herzlicher Gastfreundschaft.<\/p>\n<p style=\"box-sizing: border-box; margin: 0px; padding: 0px; font-family: ibm-plex-sans, sans-serif; font-size: var(--font-size); line-height: var(--line-height); z-index: 1; position: relative;\">\u00a0<\/p>\n<p data-start=\"1221\" data-end=\"1301\" data-is-last-node=\"\" data-is-only-node=\"\"><strong data-start=\"1221\" data-end=\"1301\" data-is-last-node=\"\">Die Sportalm \u2013 Ihr Ziel f\u00fcr Genuss, Natur und Gemeinschaft auf der Kaiserau.<\/strong><\/p>\n<\/div>\n                    \n                            <\/div>\n        \n                                                    <div class=\"content__box content__box--2\"\n                     >\n                                        \n                    \n                                                <div class=\"content__media stickyTo\" x-init=\"imageSticky($el)\">\n\n                                                                                    <picture\n                                    class=\"content__image sticky\">\n                                <source srcset=\"https:\/\/stiftadmont.at\/wp-content\/uploads\/Sportalm-Kaiserau_Essen_-\u00a9-Veronika-Husarova-4-872x1024.webp\" type=\"image\/webp\">\n                                <source srcset=\"https:\/\/stiftadmont.at\/wp-content\/uploads\/Sportalm-Kaiserau_Essen_-\u00a9-Veronika-Husarova-4-872x1024.jpg\" type=\"image\/jpeg\">\n                                <img decoding=\"async\" class=\"sticky\" loading=\"lazy\" src=\"https:\/\/stiftadmont.at\/wp-content\/uploads\/Sportalm-Kaiserau_Essen_-\u00a9-Veronika-Husarova-4-872x1024.jpg\" alt=\"Sportalm Kaiserau Essen  \u00a9 Veronika Husarova (4)\" \/>\n\n                                                                                                                            <\/picture>\n\n                        <\/div>\n\n                                    <\/div>\n            \n            <\/div>\n<\/div>\n\n<\/section>\n\n<section id='lightpress__section--block_a37d32c62405a0521d7a0e652171c791' class='lightpress__section--default-section-space lightpress__section lightpress__section--image-slider'>\n<div class=\"image-slider\"\n     x-data=\"{ gallery: null, shown: false }\"\n     x-init=\"gallery = initSliderGallery([{&quot;href&quot;:&quot;https:\\\/\\\/stiftadmont.at\\\/wp-content\\\/uploads\\\/Kaiserau_\\u00a9Thomas-Sattler-5_www-1920x1280.jpg&quot;,&quot;type&quot;:&quot;image&quot;},{&quot;href&quot;:&quot;https:\\\/\\\/stiftadmont.at\\\/wp-content\\\/uploads\\\/Sportalm_Ulli.png&quot;,&quot;type&quot;:&quot;image&quot;},{&quot;href&quot;:&quot;https:\\\/\\\/stiftadmont.at\\\/wp-content\\\/uploads\\\/Kaiserau_\\u00a9Thomas-Sattler-8_www-1920x1280.jpg&quot;,&quot;type&quot;:&quot;image&quot;},{&quot;href&quot;:&quot;https:\\\/\\\/stiftadmont.at\\\/wp-content\\\/uploads\\\/Kaiserau_\\u00a9Thomas-Sattler-7_www-1-1920x1280.jpg&quot;,&quot;type&quot;:&quot;image&quot;},{&quot;href&quot;:&quot;https:\\\/\\\/stiftadmont.at\\\/wp-content\\\/uploads\\\/MTB_c-Thomas-Sattler_TVGesaeuse_9_www-1920x1280.jpg&quot;,&quot;type&quot;:&quot;image&quot;},{&quot;href&quot;:&quot;https:\\\/\\\/stiftadmont.at\\\/wp-content\\\/uploads\\\/Kaiserau_c-Thomas-Sattler_TVGesaeuse_3_www-1920x1280.jpg&quot;,&quot;type&quot;:&quot;image&quot;},{&quot;href&quot;:&quot;https:\\\/\\\/stiftadmont.at\\\/wp-content\\\/uploads\\\/Ulli-Kaiserau-6-1920x1280.jpg&quot;,&quot;type&quot;:&quot;image&quot;}]); initImageSliderBlockAnim($el);\">\n    <div class=\"image-slider__inner\">\n\n        <div class=\"swiper-container\" x-init=\"initImageSliderBlock($el, $refs.btnPrev, $refs.btnNext)\">\n            <div class=\"swiper-wrapper\">\n                                    <div class=\"swiper-slide\">\n                        <div class=\"image-slider__media\">\n                            <img decoding=\"async\" class=\"image-slider__image\"\n                                 src=\"https:\/\/stiftadmont.at\/wp-content\/uploads\/Kaiserau_\u00a9Thomas-Sattler-5_www-768x512.jpg\"\n                                 alt=\"Kaiserau \u00a9Thomas Sattler 5 www\">\n                        <\/div>\n                    <\/div>\n                                    <div class=\"swiper-slide\">\n                        <div class=\"image-slider__media\">\n                            <img decoding=\"async\" class=\"image-slider__image\"\n                                 src=\"https:\/\/stiftadmont.at\/wp-content\/uploads\/Sportalm_Ulli-768x513.png\"\n                                 alt=\"Sportalm Ulli\">\n                        <\/div>\n                    <\/div>\n                                    <div class=\"swiper-slide\">\n                        <div class=\"image-slider__media\">\n                            <img decoding=\"async\" class=\"image-slider__image\"\n                                 src=\"https:\/\/stiftadmont.at\/wp-content\/uploads\/Kaiserau_\u00a9Thomas-Sattler-8_www-768x512.jpg\"\n                                 alt=\"Kaiserau \u00a9Thomas Sattler 8 www\">\n                        <\/div>\n                    <\/div>\n                                    <div class=\"swiper-slide\">\n                        <div class=\"image-slider__media\">\n                            <img decoding=\"async\" class=\"image-slider__image\"\n                                 src=\"https:\/\/stiftadmont.at\/wp-content\/uploads\/Kaiserau_\u00a9Thomas-Sattler-7_www-1-768x512.jpg\"\n                                 alt=\"Kaiserau \u00a9Thomas Sattler 7 www\">\n                        <\/div>\n                    <\/div>\n                                    <div class=\"swiper-slide\">\n                        <div class=\"image-slider__media\">\n                            <img decoding=\"async\" class=\"image-slider__image\"\n                                 src=\"https:\/\/stiftadmont.at\/wp-content\/uploads\/MTB_c-Thomas-Sattler_TVGesaeuse_9_www-768x512.jpg\"\n                                 alt=\"MTB c Thomas Sattler TVGesaeuse 9\">\n                        <\/div>\n                    <\/div>\n                                    <div class=\"swiper-slide\">\n                        <div class=\"image-slider__media\">\n                            <img decoding=\"async\" class=\"image-slider__image\"\n                                 src=\"https:\/\/stiftadmont.at\/wp-content\/uploads\/Kaiserau_c-Thomas-Sattler_TVGesaeuse_3_www-768x512.jpg\"\n                                 alt=\"Kaiserau c Thomas Sattler TVGesaeuse 3\">\n                        <\/div>\n                    <\/div>\n                                    <div class=\"swiper-slide\">\n                        <div class=\"image-slider__media\">\n                            <img decoding=\"async\" class=\"image-slider__image\"\n                                 src=\"https:\/\/stiftadmont.at\/wp-content\/uploads\/Ulli-Kaiserau-6-768x512.jpg\"\n                                 alt=\"Ulli Kaiserau\">\n                        <\/div>\n                    <\/div>\n                            <\/div>\n\n            <div class=\"swiper-nav-wrapper\">\n                <button class=\"swiper-button-prev slider-button--prev\" x-ref=\"btnPrev\"\n                        aria-label=\"Vorige Bilder anzeigen\">\n                    <img decoding=\"async\" src=\"\/wp-content\/themes\/stift-admont\/src\/assets\/img\/arrow-left-big-new.svg\" alt=\"Pfeil nach Links\">\n                <\/button>\n\n\n                <a class=\"image-slider__gallery\" @click=\"openGallery(gallery)\"><i class=\"fa-thin fa-plus\"><\/i><\/a>\n                <button class=\"swiper-button-next slider-button--next\"\n                        x-ref=\"btnNext\"\n                        aria-label=\"N\u00e4chste Bilder anzeigen\">\n                    <img decoding=\"async\" src=\"\/wp-content\/themes\/stift-admont\/src\/assets\/img\/arrow-right-big-new.svg\" alt=\"Pfeil nach Rechts\">\n                <\/button>\n            <\/div>\n        <\/div>\n    <\/div>\n\n\n<\/div><\/section>","protected":false},"excerpt":{"rendered":"","protected":false},"author":19,"featured_media":0,"parent":478,"menu_order":5,"comment_status":"closed","ping_status":"closed","template":"","meta":{"_acf_changed":false,"footnotes":""},"categories":[],"class_list":["post-19296","page","type-page","status-publish","hentry"],"acf":[],"yoast_head":"<!-- This site is optimized with the Yoast SEO Premium plugin v26.0 (Yoast SEO v26.8) - https:\/\/yoast.com\/product\/yoast-seo-premium-wordpress\/ -->\n<title>Gastronomie - Stift Admont<\/title>\n<meta name=\"robots\" content=\"index, follow, max-snippet:-1, max-image-preview:large, max-video-preview:-1\" \/>\n<link rel=\"canonical\" href=\"https:\/\/stiftadmont.at\/it\/paradiso-familiare-kaiserau\/gastronomia-kaiserau\/\" \/>\n<meta property=\"og:locale\" content=\"it_IT\" \/>\n<meta property=\"og:type\" content=\"article\" \/>\n<meta property=\"og:title\" content=\"Gastronomie\" \/>\n<meta property=\"og:url\" content=\"https:\/\/stiftadmont.at\/it\/paradiso-familiare-kaiserau\/gastronomia-kaiserau\/\" \/>\n<meta property=\"og:site_name\" content=\"Stift Admont\" \/>\n<meta property=\"article:modified_time\" content=\"2026-01-08T18:25:29+00:00\" \/>\n<meta property=\"og:image\" content=\"https:\/\/stiftadmont.at\/wp-content\/uploads\/Klosteranlage-innen.jpg\" \/>\n\t<meta property=\"og:image:width\" content=\"1912\" \/>\n\t<meta property=\"og:image:height\" content=\"1188\" \/>\n\t<meta property=\"og:image:type\" content=\"image\/jpeg\" \/>\n<meta name=\"twitter:card\" content=\"summary_large_image\" \/>\n<script type=\"application\/ld+json\" class=\"yoast-schema-graph\">{\"@context\":\"https:\/\/schema.org\",\"@graph\":[{\"@type\":\"WebPage\",\"@id\":\"https:\/\/stiftadmont.at\/familienparadies-kaiserau\/gastronomie-kaiserau\/\",\"url\":\"https:\/\/stiftadmont.at\/familienparadies-kaiserau\/gastronomie-kaiserau\/\",\"name\":\"Gastronomie - Stift Admont\",\"isPartOf\":{\"@id\":\"https:\/\/stiftadmont.at\/#website\"},\"datePublished\":\"2023-08-03T11:58:37+00:00\",\"dateModified\":\"2026-01-08T18:25:29+00:00\",\"breadcrumb\":{\"@id\":\"https:\/\/stiftadmont.at\/familienparadies-kaiserau\/gastronomie-kaiserau\/#breadcrumb\"},\"inLanguage\":\"it-IT\",\"potentialAction\":[{\"@type\":\"ReadAction\",\"target\":[\"https:\/\/stiftadmont.at\/familienparadies-kaiserau\/gastronomie-kaiserau\/\"]}]},{\"@type\":\"BreadcrumbList\",\"@id\":\"https:\/\/stiftadmont.at\/familienparadies-kaiserau\/gastronomie-kaiserau\/#breadcrumb\",\"itemListElement\":[{\"@type\":\"ListItem\",\"position\":1,\"name\":\"Start\",\"item\":\"https:\/\/stiftadmont.at\/\"},{\"@type\":\"ListItem\",\"position\":2,\"name\":\"Familienparadies Kaiserau\",\"item\":\"https:\/\/stiftadmont.at\/familienparadies-kaiserau\/\"},{\"@type\":\"ListItem\",\"position\":3,\"name\":\"Gastronomie\"}]},{\"@type\":\"WebSite\",\"@id\":\"https:\/\/stiftadmont.at\/#website\",\"url\":\"https:\/\/stiftadmont.at\/\",\"name\":\"Stift Admont\",\"description\":\"Benediktinerkloster und Sehensw\u00fcrdigkeit im Ges\u00e4use\",\"potentialAction\":[{\"@type\":\"SearchAction\",\"target\":{\"@type\":\"EntryPoint\",\"urlTemplate\":\"https:\/\/stiftadmont.at\/?s={search_term_string}\"},\"query-input\":{\"@type\":\"PropertyValueSpecification\",\"valueRequired\":true,\"valueName\":\"search_term_string\"}}],\"inLanguage\":\"it-IT\"}]}<\/script>\n<!-- \/ Yoast SEO Premium plugin. -->","yoast_head_json":{"title":"Gastronomia - Abbazia di Admont","robots":{"index":"index","follow":"follow","max-snippet":"max-snippet:-1","max-image-preview":"max-image-preview:large","max-video-preview":"max-video-preview:-1"},"canonical":"https:\/\/stiftadmont.at\/it\/paradiso-familiare-kaiserau\/gastronomia-kaiserau\/","og_locale":"it_IT","og_type":"article","og_title":"Gastronomie","og_url":"https:\/\/stiftadmont.at\/it\/paradiso-familiare-kaiserau\/gastronomia-kaiserau\/","og_site_name":"Stift Admont","article_modified_time":"2026-01-08T18:25:29+00:00","og_image":[{"width":1912,"height":1188,"url":"https:\/\/stiftadmont.at\/wp-content\/uploads\/Klosteranlage-innen.jpg","type":"image\/jpeg"}],"twitter_card":"summary_large_image","schema":{"@context":"https:\/\/schema.org","@graph":[{"@type":"WebPage","@id":"https:\/\/stiftadmont.at\/familienparadies-kaiserau\/gastronomie-kaiserau\/","url":"https:\/\/stiftadmont.at\/familienparadies-kaiserau\/gastronomie-kaiserau\/","name":"Gastronomia - Abbazia di Admont","isPartOf":{"@id":"https:\/\/stiftadmont.at\/#website"},"datePublished":"2023-08-03T11:58:37+00:00","dateModified":"2026-01-08T18:25:29+00:00","breadcrumb":{"@id":"https:\/\/stiftadmont.at\/familienparadies-kaiserau\/gastronomie-kaiserau\/#breadcrumb"},"inLanguage":"it-IT","potentialAction":[{"@type":"ReadAction","target":["https:\/\/stiftadmont.at\/familienparadies-kaiserau\/gastronomie-kaiserau\/"]}]},{"@type":"BreadcrumbList","@id":"https:\/\/stiftadmont.at\/familienparadies-kaiserau\/gastronomie-kaiserau\/#breadcrumb","itemListElement":[{"@type":"ListItem","position":1,"name":"Start","item":"https:\/\/stiftadmont.at\/"},{"@type":"ListItem","position":2,"name":"Familienparadies Kaiserau","item":"https:\/\/stiftadmont.at\/familienparadies-kaiserau\/"},{"@type":"ListItem","position":3,"name":"Gastronomie"}]},{"@type":"WebSite","@id":"https:\/\/stiftadmont.at\/#website","url":"https:\/\/stiftadmont.at\/","name":"Abbazia di Admont","description":"Monastero benedettino e attrazione turistica nella Ges\u00e4use","potentialAction":[{"@type":"SearchAction","target":{"@type":"EntryPoint","urlTemplate":"https:\/\/stiftadmont.at\/?s={search_term_string}"},"query-input":{"@type":"PropertyValueSpecification","valueRequired":true,"valueName":"search_term_string"}}],"inLanguage":"it-IT"}]}},"_links":{"self":[{"href":"https:\/\/stiftadmont.at\/it\/wp-json\/wp\/v2\/pages\/19296","targetHints":{"allow":["GET"]}}],"collection":[{"href":"https:\/\/stiftadmont.at\/it\/wp-json\/wp\/v2\/pages"}],"about":[{"href":"https:\/\/stiftadmont.at\/it\/wp-json\/wp\/v2\/types\/page"}],"author":[{"embeddable":true,"href":"https:\/\/stiftadmont.at\/it\/wp-json\/wp\/v2\/users\/19"}],"replies":[{"embeddable":true,"href":"https:\/\/stiftadmont.at\/it\/wp-json\/wp\/v2\/comments?post=19296"}],"version-history":[{"count":114,"href":"https:\/\/stiftadmont.at\/it\/wp-json\/wp\/v2\/pages\/19296\/revisions"}],"predecessor-version":[{"id":39053,"href":"https:\/\/stiftadmont.at\/it\/wp-json\/wp\/v2\/pages\/19296\/revisions\/39053"}],"up":[{"embeddable":true,"href":"https:\/\/stiftadmont.at\/it\/wp-json\/wp\/v2\/pages\/478"}],"wp:attachment":[{"href":"https:\/\/stiftadmont.at\/it\/wp-json\/wp\/v2\/media?parent=19296"}],"wp:term":[{"taxonomy":"category","embeddable":true,"href":"https:\/\/stiftadmont.at\/it\/wp-json\/wp\/v2\/categories?post=19296"}],"curies":[{"name":"wp","href":"https:\/\/api.w.org\/{rel}","templated":true}]}}