{"id":20513,"date":"2023-09-18T13:43:26","date_gmt":"2023-09-18T11:43:26","guid":{"rendered":"https:\/\/stiftadmont.at\/?page_id=20513"},"modified":"2025-01-29T13:26:08","modified_gmt":"2025-01-29T11:26:08","slug":"alberi-arbusti-siepi","status":"publish","type":"page","link":"https:\/\/stiftadmont.at\/it\/stiftsgaertnerei-blumen-und-wein\/gaertnerei\/baeume-straeucher-hecken\/","title":{"rendered":"Alberi, arbusti, siepi"},"content":{"rendered":"<section id='lightpress__section--block_719888a4f417ee4e51e229cb24f2e241' class='align-center lightpress__section--default-section-space lightpress__section lightpress__section--headline'><div class=\"headline__container\">\n            <h2 class=\"headline text--40 text-medium line line--gold line-above line-middle\">Piante autoctone per una buona crescita<\/h2>\n        <p class=\"text-center text-gold text--20 text-medium text--uppercase\">La massima qualit\u00e0 al centro floreale dell'Abbazia di Admont<\/p>\n        <div class=\"spacer--40\"><\/div>\n<\/div>\n\n<\/section>\n\n<section id='lightpress__section--block_62a209d3e76b5c6117ccb278f913881c' class='lightpress__section--default-section-space lightpress__section lightpress__section--content'><div class=\"content__inner\"\n         x-init=\"initContentBlockAnim($el)\">\n        \n    <div class=\"content__grid content__grid\">\n                                            <div class=\"content__box content__box--one-hundred\"\n                 style=\"\">\n                                \n                \n                                            <div class=\"prose\"><h5 class=\"heading-m line line-above line--gold\">L'albero giusto al posto giusto<\/h5>\n<p>\u00a0<\/p>\n<p class=\"paragraph-m\">Nella progettazione del vostro giardino, ci affidiamo esclusivamente a specie arboree autoctone che non solo si armonizzano perfettamente con il paesaggio regionale, ma anche con il clima prevalente.<\/p>\n<p class=\"paragraph-m\">Il nostro impegno per la regionalit\u00e0 ha risvegliato anche l'amore per le vecchie variet\u00e0 di alberi da frutto, ed \u00e8 per questo che variet\u00e0 antiche e rare come il \"Grafensteiner\", il \"Kronprinz Rudolf\" o l'\"Hauszwetschke\" sono saldamente ancorate nella nostra gamma.<\/p>\n<p class=\"paragraph-m\">Oltre alla scelta della variet\u00e0 giusta, la scelta della posizione \u00e8 fondamentale per una buona crescita. Saremo quindi lieti di consigliarvi direttamente nel vostro giardino il posto migliore per far crescere il vostro giovane albero.<\/p>\n<p>\u00a0<\/p>\n<p>\u00a0<\/p>\n<h5 class=\"heading-m line line-above line--gold\">La gratitudine per la fioritura di piante perenni e arbusti\u00a0<\/h5>\n<p>\u00a0<\/p>\n<p class=\"paragraph-m\">Se le piante perenni e gli arbusti sono ben curati, daranno vita a un vero e proprio fuoco d'artificio di colori nel vostro giardino. Ripagano le cure attente con lo splendore della fioritura, e non solo in primavera.<\/p>\n<p class=\"paragraph-m\">Nella scelta delle piante perenni e degli arbusti, prestiamo attenzione alle combinazioni di colori armoniose e ai diversi periodi di fioritura. Cos\u00ec potrete godervi non solo uno, ma molti mesi di felicit\u00e0 nel vostro giardino.<\/p>\n<p>\u00a0<\/p>\n<p>\u00a0<\/p>\n<h5 class=\"heading-m line line-above line--gold\">Siepi miste contro l'uniformit\u00e0 del verde<\/h5>\n<p>\u00a0<\/p>\n<p class=\"paragraph-m\">La siepe giusta per il vostro giardino deve integrarsi perfettamente con il paesaggio locale e proteggervi dagli sguardi indiscreti con la sua folta crescita. Le siepi fiorite, miste e a foglia caduca soddisfano questi requisiti e offrono anche contrasti colorati nel vostro regno verde.<\/p>\n<p class=\"paragraph-m\">Poich\u00e9 non tutti gli alberi stradali tollerano allo stesso modo il gelo, la siccit\u00e0 e la salsedine, prestiamo attenzione alle condizioni individuali del vostro giardino. Questo garantisce che la vostra siepe non sia solo bella, ma anche duratura.<\/p>\n<\/div>\n                    \n                            <\/div>\n        \n            <\/div>\n<\/div>\n\n<\/section>","protected":false},"excerpt":{"rendered":"","protected":false},"author":20,"featured_media":0,"parent":20245,"menu_order":0,"comment_status":"closed","ping_status":"closed","template":"","meta":{"_acf_changed":false,"footnotes":""},"categories":[],"class_list":["post-20513","page","type-page","status-publish","hentry"],"acf":[],"yoast_head":"<!-- This site is optimized with the Yoast SEO Premium plugin v26.0 (Yoast SEO v26.8) - https:\/\/yoast.com\/product\/yoast-seo-premium-wordpress\/ -->\n<title>B\u00e4ume, Str\u00e4ucher, Hecken - Stift Admont<\/title>\n<meta name=\"robots\" content=\"index, follow, max-snippet:-1, max-image-preview:large, max-video-preview:-1\" \/>\n<link rel=\"canonical\" href=\"https:\/\/stiftadmont.at\/it\/vivaio-del-monastero-fiori-e-vino\/vivaio\/alberi-arbusti-siepi\/\" \/>\n<meta property=\"og:locale\" content=\"it_IT\" \/>\n<meta property=\"og:type\" content=\"article\" \/>\n<meta property=\"og:title\" content=\"B\u00e4ume, Str\u00e4ucher, Hecken\" \/>\n<meta property=\"og:url\" content=\"https:\/\/stiftadmont.at\/it\/vivaio-del-monastero-fiori-e-vino\/vivaio\/alberi-arbusti-siepi\/\" \/>\n<meta property=\"og:site_name\" content=\"Stift Admont\" \/>\n<meta property=\"article:modified_time\" content=\"2025-01-29T11:26:08+00:00\" \/>\n<meta property=\"og:image\" content=\"https:\/\/stiftadmont.at\/wp-content\/uploads\/Klosteranlage-innen.jpg\" \/>\n\t<meta property=\"og:image:width\" content=\"1912\" \/>\n\t<meta property=\"og:image:height\" content=\"1188\" \/>\n\t<meta property=\"og:image:type\" content=\"image\/jpeg\" \/>\n<meta name=\"twitter:card\" content=\"summary_large_image\" \/>\n<script type=\"application\/ld+json\" class=\"yoast-schema-graph\">{\"@context\":\"https:\/\/schema.org\",\"@graph\":[{\"@type\":\"WebPage\",\"@id\":\"https:\/\/stiftadmont.at\/stiftsgaertnerei-blumen-und-wein\/gaertnerei\/baeume-straeucher-hecken\/\",\"url\":\"https:\/\/stiftadmont.at\/stiftsgaertnerei-blumen-und-wein\/gaertnerei\/baeume-straeucher-hecken\/\",\"name\":\"B\u00e4ume, Str\u00e4ucher, Hecken - Stift Admont\",\"isPartOf\":{\"@id\":\"https:\/\/stiftadmont.at\/#website\"},\"datePublished\":\"2023-09-18T11:43:26+00:00\",\"dateModified\":\"2025-01-29T11:26:08+00:00\",\"breadcrumb\":{\"@id\":\"https:\/\/stiftadmont.at\/stiftsgaertnerei-blumen-und-wein\/gaertnerei\/baeume-straeucher-hecken\/#breadcrumb\"},\"inLanguage\":\"it-IT\",\"potentialAction\":[{\"@type\":\"ReadAction\",\"target\":[\"https:\/\/stiftadmont.at\/stiftsgaertnerei-blumen-und-wein\/gaertnerei\/baeume-straeucher-hecken\/\"]}]},{\"@type\":\"BreadcrumbList\",\"@id\":\"https:\/\/stiftadmont.at\/stiftsgaertnerei-blumen-und-wein\/gaertnerei\/baeume-straeucher-hecken\/#breadcrumb\",\"itemListElement\":[{\"@type\":\"ListItem\",\"position\":1,\"name\":\"Start\",\"item\":\"https:\/\/stiftadmont.at\/\"},{\"@type\":\"ListItem\",\"position\":2,\"name\":\"Stiftsg\u00e4rtnerei Blumen und Wein\",\"item\":\"https:\/\/stiftadmont.at\/stiftsgaertnerei-blumen-und-wein\/\"},{\"@type\":\"ListItem\",\"position\":3,\"name\":\"G\u00e4rtnerei\",\"item\":\"https:\/\/stiftadmont.at\/stiftsgaertnerei-blumen-und-wein\/gaertnerei\/\"},{\"@type\":\"ListItem\",\"position\":4,\"name\":\"B\u00e4ume, Str\u00e4ucher, Hecken\"}]},{\"@type\":\"WebSite\",\"@id\":\"https:\/\/stiftadmont.at\/#website\",\"url\":\"https:\/\/stiftadmont.at\/\",\"name\":\"Stift Admont\",\"description\":\"Benediktinerkloster und Sehensw\u00fcrdigkeit im Ges\u00e4use\",\"potentialAction\":[{\"@type\":\"SearchAction\",\"target\":{\"@type\":\"EntryPoint\",\"urlTemplate\":\"https:\/\/stiftadmont.at\/?s={search_term_string}\"},\"query-input\":{\"@type\":\"PropertyValueSpecification\",\"valueRequired\":true,\"valueName\":\"search_term_string\"}}],\"inLanguage\":\"it-IT\"}]}<\/script>\n<!-- \/ Yoast SEO Premium plugin. -->","yoast_head_json":{"title":"Alberi, arbusti, siepi - Abbazia di Admont","robots":{"index":"index","follow":"follow","max-snippet":"max-snippet:-1","max-image-preview":"max-image-preview:large","max-video-preview":"max-video-preview:-1"},"canonical":"https:\/\/stiftadmont.at\/it\/vivaio-del-monastero-fiori-e-vino\/vivaio\/alberi-arbusti-siepi\/","og_locale":"it_IT","og_type":"article","og_title":"B\u00e4ume, Str\u00e4ucher, Hecken","og_url":"https:\/\/stiftadmont.at\/it\/vivaio-del-monastero-fiori-e-vino\/vivaio\/alberi-arbusti-siepi\/","og_site_name":"Stift Admont","article_modified_time":"2025-01-29T11:26:08+00:00","og_image":[{"width":1912,"height":1188,"url":"https:\/\/stiftadmont.at\/wp-content\/uploads\/Klosteranlage-innen.jpg","type":"image\/jpeg"}],"twitter_card":"summary_large_image","schema":{"@context":"https:\/\/schema.org","@graph":[{"@type":"WebPage","@id":"https:\/\/stiftadmont.at\/stiftsgaertnerei-blumen-und-wein\/gaertnerei\/baeume-straeucher-hecken\/","url":"https:\/\/stiftadmont.at\/stiftsgaertnerei-blumen-und-wein\/gaertnerei\/baeume-straeucher-hecken\/","name":"Alberi, arbusti, siepi - Abbazia di Admont","isPartOf":{"@id":"https:\/\/stiftadmont.at\/#website"},"datePublished":"2023-09-18T11:43:26+00:00","dateModified":"2025-01-29T11:26:08+00:00","breadcrumb":{"@id":"https:\/\/stiftadmont.at\/stiftsgaertnerei-blumen-und-wein\/gaertnerei\/baeume-straeucher-hecken\/#breadcrumb"},"inLanguage":"it-IT","potentialAction":[{"@type":"ReadAction","target":["https:\/\/stiftadmont.at\/stiftsgaertnerei-blumen-und-wein\/gaertnerei\/baeume-straeucher-hecken\/"]}]},{"@type":"BreadcrumbList","@id":"https:\/\/stiftadmont.at\/stiftsgaertnerei-blumen-und-wein\/gaertnerei\/baeume-straeucher-hecken\/#breadcrumb","itemListElement":[{"@type":"ListItem","position":1,"name":"Start","item":"https:\/\/stiftadmont.at\/"},{"@type":"ListItem","position":2,"name":"Stiftsg\u00e4rtnerei Blumen und Wein","item":"https:\/\/stiftadmont.at\/stiftsgaertnerei-blumen-und-wein\/"},{"@type":"ListItem","position":3,"name":"G\u00e4rtnerei","item":"https:\/\/stiftadmont.at\/stiftsgaertnerei-blumen-und-wein\/gaertnerei\/"},{"@type":"ListItem","position":4,"name":"B\u00e4ume, Str\u00e4ucher, Hecken"}]},{"@type":"WebSite","@id":"https:\/\/stiftadmont.at\/#website","url":"https:\/\/stiftadmont.at\/","name":"Abbazia di Admont","description":"Monastero benedettino e attrazione turistica nella Ges\u00e4use","potentialAction":[{"@type":"SearchAction","target":{"@type":"EntryPoint","urlTemplate":"https:\/\/stiftadmont.at\/?s={search_term_string}"},"query-input":{"@type":"PropertyValueSpecification","valueRequired":true,"valueName":"search_term_string"}}],"inLanguage":"it-IT"}]}},"_links":{"self":[{"href":"https:\/\/stiftadmont.at\/it\/wp-json\/wp\/v2\/pages\/20513","targetHints":{"allow":["GET"]}}],"collection":[{"href":"https:\/\/stiftadmont.at\/it\/wp-json\/wp\/v2\/pages"}],"about":[{"href":"https:\/\/stiftadmont.at\/it\/wp-json\/wp\/v2\/types\/page"}],"author":[{"embeddable":true,"href":"https:\/\/stiftadmont.at\/it\/wp-json\/wp\/v2\/users\/20"}],"replies":[{"embeddable":true,"href":"https:\/\/stiftadmont.at\/it\/wp-json\/wp\/v2\/comments?post=20513"}],"version-history":[{"count":5,"href":"https:\/\/stiftadmont.at\/it\/wp-json\/wp\/v2\/pages\/20513\/revisions"}],"predecessor-version":[{"id":32295,"href":"https:\/\/stiftadmont.at\/it\/wp-json\/wp\/v2\/pages\/20513\/revisions\/32295"}],"up":[{"embeddable":true,"href":"https:\/\/stiftadmont.at\/it\/wp-json\/wp\/v2\/pages\/20245"}],"wp:attachment":[{"href":"https:\/\/stiftadmont.at\/it\/wp-json\/wp\/v2\/media?parent=20513"}],"wp:term":[{"taxonomy":"category","embeddable":true,"href":"https:\/\/stiftadmont.at\/it\/wp-json\/wp\/v2\/categories?post=20513"}],"curies":[{"name":"wp","href":"https:\/\/api.w.org\/{rel}","templated":true}]}}