{"id":20517,"date":"2023-09-18T14:33:55","date_gmt":"2023-09-18T12:33:55","guid":{"rendered":"https:\/\/stiftadmont.at\/?page_id=20517"},"modified":"2025-01-29T13:28:24","modified_gmt":"2025-01-29T11:28:24","slug":"erbe-e-piantine","status":"publish","type":"page","link":"https:\/\/stiftadmont.at\/it\/stiftsgaertnerei-blumen-und-wein\/gaertnerei\/kraeuter-und-setzlinge\/","title":{"rendered":"Erbe e piantine"},"content":{"rendered":"<section id='lightpress__section--block_0252fd038c4143abaaa1baf171593724' class='align-center lightpress__section--default-section-space lightpress__section lightpress__section--headline'><div class=\"headline__container\">\n            <p class=\"headline text--40 text-medium line line--gold line-above line-middle\">Variet\u00e0 profumata e sana nel vostro giardino<\/p>\n        <p class=\"text-center text-gold text--20 text-medium text--uppercase\">Erbe e piantine dal fioraio <\/p>\n        <div class=\"spacer--40\"><\/div>\n<\/div>\n\n<\/section>\n\n<section id='lightpress__section--block_0d34774feaa29b77d5ad5bb959e4e590' class='lightpress__section--default-section-space lightpress__section lightpress__section--content'><div class=\"content__inner\"\n         x-init=\"initContentBlockAnim($el)\">\n        \n    <div class=\"content__grid content__grid\">\n                                            <div class=\"content__box content__box--one-hundred\"\n                 style=\"\">\n                                \n                \n                                            <div class=\"prose\"><h5 class=\"heading-m line line-above line--gold\">Erbe e piantine coltivate in casa<\/h5>\n<p>\u00a0<\/p>\n<p class=\"paragraph-m\">Scacciano febbre e mal di testa, hanno un effetto antibatterico e calmante o stimolano la circolazione: le erbe hanno un'ampia gamma di effetti sul corpo umano.\u00a0<\/p>\n<p class=\"paragraph-m\">Piantate nel vostro giardino, fungono da farmacia naturale curativa e aggiungono sapore ai vostri piatti.<\/p>\n<p class=\"paragraph-m\">La nostra passione per la raccolta di erbe aromatiche provenienti da tutto il mondo vi permette di attingere da un'ampia gamma. Oltre alle comuni erbe culinarie, nelle serre del vivaio dell'Abbazia di Admont crescono anche piante aromatiche orientali e mediterranee, che godono di una natura robusta e sana.<\/p>\n<p>\u00a0<\/p>\n<p>\u00a0<\/p>\n<h5 class=\"heading-m line line-above line--gold\">Giovani piante per il giardino di casa<\/h5>\n<p>\u00a0<\/p>\n<p class=\"paragraph-m\">Le prime piantine stanno gi\u00e0 aspettando di essere piantate nelle nostre serre in inverno. Ma solo quando la nostra prole sar\u00e0 diventata una giovane pianta forte, potr\u00e0 mettere radici nel vostro giardino.<\/p>\n<p class=\"paragraph-m\">Con tanto amore e dedizione, nelle serre del vivaio dell'Abbazia di Admont coltiviamo numerose variet\u00e0 di piante di pomodori, peperoni, cetrioli e lattuga, che contribuiscono a una dieta sana senza l'uso di pesticidi chimici.<\/p>\n<\/div>\n                    \n                            <\/div>\n        \n            <\/div>\n<\/div>\n\n<\/section>","protected":false},"excerpt":{"rendered":"","protected":false},"author":20,"featured_media":0,"parent":20245,"menu_order":0,"comment_status":"closed","ping_status":"closed","template":"","meta":{"_acf_changed":false,"footnotes":""},"categories":[],"class_list":["post-20517","page","type-page","status-publish","hentry"],"acf":[],"yoast_head":"<!-- This site is optimized with the Yoast SEO Premium plugin v26.0 (Yoast SEO v26.8) - https:\/\/yoast.com\/product\/yoast-seo-premium-wordpress\/ -->\n<title>Kr\u00e4uter und Setzlinge - Stift Admont<\/title>\n<meta name=\"robots\" content=\"index, follow, max-snippet:-1, max-image-preview:large, max-video-preview:-1\" \/>\n<link rel=\"canonical\" href=\"https:\/\/stiftadmont.at\/it\/vivaio-del-monastero-fiori-e-vino\/vivaio\/erbe-e-piantine\/\" \/>\n<meta property=\"og:locale\" content=\"it_IT\" \/>\n<meta property=\"og:type\" content=\"article\" \/>\n<meta property=\"og:title\" content=\"Kr\u00e4uter und Setzlinge\" \/>\n<meta property=\"og:url\" content=\"https:\/\/stiftadmont.at\/it\/vivaio-del-monastero-fiori-e-vino\/vivaio\/erbe-e-piantine\/\" \/>\n<meta property=\"og:site_name\" content=\"Stift Admont\" \/>\n<meta property=\"article:modified_time\" content=\"2025-01-29T11:28:24+00:00\" \/>\n<meta property=\"og:image\" content=\"https:\/\/stiftadmont.at\/wp-content\/uploads\/Klosteranlage-innen.jpg\" \/>\n\t<meta property=\"og:image:width\" content=\"1912\" \/>\n\t<meta property=\"og:image:height\" content=\"1188\" \/>\n\t<meta property=\"og:image:type\" content=\"image\/jpeg\" \/>\n<meta name=\"twitter:card\" content=\"summary_large_image\" \/>\n<script type=\"application\/ld+json\" class=\"yoast-schema-graph\">{\"@context\":\"https:\/\/schema.org\",\"@graph\":[{\"@type\":\"WebPage\",\"@id\":\"https:\/\/stiftadmont.at\/stiftsgaertnerei-blumen-und-wein\/gaertnerei\/kraeuter-und-setzlinge\/\",\"url\":\"https:\/\/stiftadmont.at\/stiftsgaertnerei-blumen-und-wein\/gaertnerei\/kraeuter-und-setzlinge\/\",\"name\":\"Kr\u00e4uter und Setzlinge - Stift Admont\",\"isPartOf\":{\"@id\":\"https:\/\/stiftadmont.at\/#website\"},\"datePublished\":\"2023-09-18T12:33:55+00:00\",\"dateModified\":\"2025-01-29T11:28:24+00:00\",\"breadcrumb\":{\"@id\":\"https:\/\/stiftadmont.at\/stiftsgaertnerei-blumen-und-wein\/gaertnerei\/kraeuter-und-setzlinge\/#breadcrumb\"},\"inLanguage\":\"it-IT\",\"potentialAction\":[{\"@type\":\"ReadAction\",\"target\":[\"https:\/\/stiftadmont.at\/stiftsgaertnerei-blumen-und-wein\/gaertnerei\/kraeuter-und-setzlinge\/\"]}]},{\"@type\":\"BreadcrumbList\",\"@id\":\"https:\/\/stiftadmont.at\/stiftsgaertnerei-blumen-und-wein\/gaertnerei\/kraeuter-und-setzlinge\/#breadcrumb\",\"itemListElement\":[{\"@type\":\"ListItem\",\"position\":1,\"name\":\"Start\",\"item\":\"https:\/\/stiftadmont.at\/\"},{\"@type\":\"ListItem\",\"position\":2,\"name\":\"Stiftsg\u00e4rtnerei Blumen und Wein\",\"item\":\"https:\/\/stiftadmont.at\/stiftsgaertnerei-blumen-und-wein\/\"},{\"@type\":\"ListItem\",\"position\":3,\"name\":\"G\u00e4rtnerei\",\"item\":\"https:\/\/stiftadmont.at\/stiftsgaertnerei-blumen-und-wein\/gaertnerei\/\"},{\"@type\":\"ListItem\",\"position\":4,\"name\":\"Kr\u00e4uter und Setzlinge\"}]},{\"@type\":\"WebSite\",\"@id\":\"https:\/\/stiftadmont.at\/#website\",\"url\":\"https:\/\/stiftadmont.at\/\",\"name\":\"Stift Admont\",\"description\":\"Benediktinerkloster und Sehensw\u00fcrdigkeit im Ges\u00e4use\",\"potentialAction\":[{\"@type\":\"SearchAction\",\"target\":{\"@type\":\"EntryPoint\",\"urlTemplate\":\"https:\/\/stiftadmont.at\/?s={search_term_string}\"},\"query-input\":{\"@type\":\"PropertyValueSpecification\",\"valueRequired\":true,\"valueName\":\"search_term_string\"}}],\"inLanguage\":\"it-IT\"}]}<\/script>\n<!-- \/ Yoast SEO Premium plugin. -->","yoast_head_json":{"title":"Erbe e piantine - Abbazia di Admont","robots":{"index":"index","follow":"follow","max-snippet":"max-snippet:-1","max-image-preview":"max-image-preview:large","max-video-preview":"max-video-preview:-1"},"canonical":"https:\/\/stiftadmont.at\/it\/vivaio-del-monastero-fiori-e-vino\/vivaio\/erbe-e-piantine\/","og_locale":"it_IT","og_type":"article","og_title":"Kr\u00e4uter und Setzlinge","og_url":"https:\/\/stiftadmont.at\/it\/vivaio-del-monastero-fiori-e-vino\/vivaio\/erbe-e-piantine\/","og_site_name":"Stift Admont","article_modified_time":"2025-01-29T11:28:24+00:00","og_image":[{"width":1912,"height":1188,"url":"https:\/\/stiftadmont.at\/wp-content\/uploads\/Klosteranlage-innen.jpg","type":"image\/jpeg"}],"twitter_card":"summary_large_image","schema":{"@context":"https:\/\/schema.org","@graph":[{"@type":"WebPage","@id":"https:\/\/stiftadmont.at\/stiftsgaertnerei-blumen-und-wein\/gaertnerei\/kraeuter-und-setzlinge\/","url":"https:\/\/stiftadmont.at\/stiftsgaertnerei-blumen-und-wein\/gaertnerei\/kraeuter-und-setzlinge\/","name":"Erbe e piantine - Abbazia di Admont","isPartOf":{"@id":"https:\/\/stiftadmont.at\/#website"},"datePublished":"2023-09-18T12:33:55+00:00","dateModified":"2025-01-29T11:28:24+00:00","breadcrumb":{"@id":"https:\/\/stiftadmont.at\/stiftsgaertnerei-blumen-und-wein\/gaertnerei\/kraeuter-und-setzlinge\/#breadcrumb"},"inLanguage":"it-IT","potentialAction":[{"@type":"ReadAction","target":["https:\/\/stiftadmont.at\/stiftsgaertnerei-blumen-und-wein\/gaertnerei\/kraeuter-und-setzlinge\/"]}]},{"@type":"BreadcrumbList","@id":"https:\/\/stiftadmont.at\/stiftsgaertnerei-blumen-und-wein\/gaertnerei\/kraeuter-und-setzlinge\/#breadcrumb","itemListElement":[{"@type":"ListItem","position":1,"name":"Start","item":"https:\/\/stiftadmont.at\/"},{"@type":"ListItem","position":2,"name":"Stiftsg\u00e4rtnerei Blumen und Wein","item":"https:\/\/stiftadmont.at\/stiftsgaertnerei-blumen-und-wein\/"},{"@type":"ListItem","position":3,"name":"G\u00e4rtnerei","item":"https:\/\/stiftadmont.at\/stiftsgaertnerei-blumen-und-wein\/gaertnerei\/"},{"@type":"ListItem","position":4,"name":"Kr\u00e4uter und Setzlinge"}]},{"@type":"WebSite","@id":"https:\/\/stiftadmont.at\/#website","url":"https:\/\/stiftadmont.at\/","name":"Abbazia di Admont","description":"Monastero benedettino e attrazione turistica nella Ges\u00e4use","potentialAction":[{"@type":"SearchAction","target":{"@type":"EntryPoint","urlTemplate":"https:\/\/stiftadmont.at\/?s={search_term_string}"},"query-input":{"@type":"PropertyValueSpecification","valueRequired":true,"valueName":"search_term_string"}}],"inLanguage":"it-IT"}]}},"_links":{"self":[{"href":"https:\/\/stiftadmont.at\/it\/wp-json\/wp\/v2\/pages\/20517","targetHints":{"allow":["GET"]}}],"collection":[{"href":"https:\/\/stiftadmont.at\/it\/wp-json\/wp\/v2\/pages"}],"about":[{"href":"https:\/\/stiftadmont.at\/it\/wp-json\/wp\/v2\/types\/page"}],"author":[{"embeddable":true,"href":"https:\/\/stiftadmont.at\/it\/wp-json\/wp\/v2\/users\/20"}],"replies":[{"embeddable":true,"href":"https:\/\/stiftadmont.at\/it\/wp-json\/wp\/v2\/comments?post=20517"}],"version-history":[{"count":8,"href":"https:\/\/stiftadmont.at\/it\/wp-json\/wp\/v2\/pages\/20517\/revisions"}],"predecessor-version":[{"id":32297,"href":"https:\/\/stiftadmont.at\/it\/wp-json\/wp\/v2\/pages\/20517\/revisions\/32297"}],"up":[{"embeddable":true,"href":"https:\/\/stiftadmont.at\/it\/wp-json\/wp\/v2\/pages\/20245"}],"wp:attachment":[{"href":"https:\/\/stiftadmont.at\/it\/wp-json\/wp\/v2\/media?parent=20517"}],"wp:term":[{"taxonomy":"category","embeddable":true,"href":"https:\/\/stiftadmont.at\/it\/wp-json\/wp\/v2\/categories?post=20517"}],"curies":[{"name":"wp","href":"https:\/\/api.w.org\/{rel}","templated":true}]}}