{"id":21126,"date":"2023-09-25T14:24:52","date_gmt":"2023-09-25T12:24:52","guid":{"rendered":"https:\/\/stiftadmont.at\/?page_id=21126"},"modified":"2025-12-12T12:32:12","modified_gmt":"2025-12-12T10:32:12","slug":"programma-davvento","status":"publish","type":"page","link":"https:\/\/stiftadmont.at\/it\/advent-im-stift-admont\/advent-programm\/","title":{"rendered":"Programma"},"content":{"rendered":"<section id='lightpress__section--block_e6fb00a13f0f4d39fe4f109dd8ddbb7e' class='align-center lightpress__section--default-section-space lightpress__section lightpress__section--headline'><div class=\"headline__container\">\n            <h2 class=\"headline text--40 text-medium line line--gold line-above line-middle\">Artigianato e specialit\u00e0 culinarie - Avvento all'Abbazia di Admont<\/h2>\n        <p class=\"text-center text-gold text--20 text-medium text--uppercase\">Vivete l'Avvento con tutti i sensi, nella magica Abbazia di Admont!<\/p>\n        <div class=\"spacer--40\"><\/div>\n<\/div>\n\n<\/section>\n\n<section id='lightpress__section--block_35730e315939eb308d72d2ca8f6995df' class='lightpress__section--default-section-space lightpress__section lightpress__section--content'><div class=\"content__inner\"\n         x-init=\"initContentBlockAnim($el)\">\n        \n    <div class=\"content__grid content__grid\">\n                                            <div class=\"content__box content__box--one-hundred\"\n                 style=\"\">\n                                \n                \n                                            <div class=\"prose\"><p>Per la 26a volta, il suggestivo Avvento dell'Abbazia di Admont vi invita a una festa ricca di tradizione, divertimento e specialit\u00e0 artigianali. Nella pittoresca area esterna del monastero benedettino, vi aspettano bancarelle progettate con amore, con prodotti artigianali unici e invitanti prelibatezze culinarie.<\/p>\n<p>\u00a0<\/p>\n<p class=\"paragraph-m text-left\">L'ambiente speciale rende questo mercatino dell'Avvento un vero e proprio punto di forza, ma il programma variegato assicura momenti indimenticabili, soprattutto per i pi\u00f9 piccoli: Al Christkindlpostamt, i bambini possono inviare le loro lettere al Cristo e attendere una risposta. Nel laboratorio del museo si possono realizzare regali di Natale creativi, mentre nella chiesa collegiale si possono ammirare gli impressionanti presepi. Cavalcate su pony e funzioni religiose festose creano l'atmosfera natalizia.<\/p>\n<p class=\"paragraph-m text-left\">\u00a0<\/p>\n<p class=\"paragraph-m text-left\">Anche per i buongustai c'\u00e8 molto da scoprire: gustate le specialit\u00e0 regionali come le sostanziose ciambelle di segale dell'Ennstal e di formaggio della Stiria, il popolare Ges\u00e4useburger, i dolci riccioli d'angelo o un caldo punch alle mele.<\/p>\n<p>\u00a0<\/p>\n<p><a title=\"Programma del 26\u00b0 Avvento nell&#039;Abbazia di Admont\" href=\"\"><div class=\"_df_book df-lite\" id=\"df_37813\"  _slug=\"adventmarkt-stift-admont-programm-2025\" data-title=\"adventmarkt-stift-admont-programm-2025\" wpoptions=\"true\" thumbtype=\"\" ><\/div><script class=\"df-shortcode-script\" nowprocket type=\"application\/javascript\">window.option_df_37813 = {\"outline\":[],\"autoEnableOutline\":\"false\",\"autoEnableThumbnail\":\"false\",\"overwritePDFOutline\":\"false\",\"direction\":\"1\",\"pageSize\":\"0\",\"source\":\"https:\\\/\\\/stiftadmont.at\\\/wp-content\\\/uploads\\\/STA_Advent_Programm-2025_A4_290925.pdf\",\"wpOptions\":\"true\"}; if(window.DFLIP && window.DFLIP.parseBooks){window.DFLIP.parseBooks();}<\/script><\/a><\/p>\n<p>\u00a0<\/p>\n<p><a title=\"Programma d&#039;Avvento-2025\" href=\"https:\/\/stiftadmont.at\/wp-content\/uploads\/STA_Advent_Programm-2025_A4_290925.pdf\">Programma di Avvento-2025.pdf<\/a><\/p>\n<\/div>\n                    \n                            <\/div>\n        \n            <\/div>\n<\/div>\n\n<\/section>\n\n<section id='lightpress__section--block_dd80e8f7bb754aa8f9c6aaa9108e922c' class='lightpress__section--default-section-space lightpress__section lightpress__section--content'><div class=\"content__inner\"\n         x-init=\"initContentBlockAnim($el)\">\n        \n    <div class=\"content__grid content__grid\">\n                                            <div class=\"content__box content__box--one-hundred\"\n                 style=\"\">\n                                \n                \n                                            <div class=\"prose\"><p>\u00a0<\/p>\n<p><strong>Daniela de Santos - Concerto di Panflute il 12.12.2025 alle 15:00 Annullato!<\/strong><\/p>\n<p>\u00a0<\/p>\n<h5 class=\"heading-m line line-above line--gold\"><strong>Sabato 06 dicembre\u00a0<\/strong><\/h5>\n<p>\u00a0<\/p>\n<p>10:00 - 19:00\u00a0<span style=\"white-space: pre;\"> <\/span>\u00a0 \u00a0 <strong>\u00a0Biblioteca del monastero <\/strong>aperto ad ingresso ridotto<\/p>\n<p>11:00 <span style=\"white-space: pre;\"> <\/span>\u00a0 \u00a0 \u00a0 \u00a0 \u00a0 \u00a0 \u00a0 \u00a0 \u00a0 \u00a0 \u00a0<strong>APERTURA<\/strong> del mercato dell'Avvento dell'abate Gerhard Hafner OSB, accompagnata da musica\u00a0<\/p>\n<p>dalle 11:00<span style=\"white-space: pre;\"> <\/span>\u00a0 \u00a0 \u00a0 \u00a0 \u00a0 \u00a0 \u00a0 \u00a0 <strong>Presepe<\/strong> aperto nella chiesa collegiata<span style=\"white-space: pre;\"> <\/span>\u00a0 \u00a0 \u00a0 \u00a0\u00a0<\/p>\n<p>dalle 13:00<span style=\"white-space: pre;\"> <\/span>\u00a0 \u00a0 \u00a0 \u00a0 \u00a0 \u00a0 \u00a0 \u00a0 <strong>Ufficio postale di Christkindl<\/strong> per i desideri dei bambini al Bambino Ges\u00f9<br \/>14:00 - 16:00\u00a0 \u00a0 \u00a0 \u00a0<strong>Programma per bambini<\/strong> nel laboratorio del museo dell'Abbazia di Admont (museo 1\u00b0 piano) - cambio di orario<\/p>\n<p>dalle 16:00<span style=\"white-space: pre;\"> <\/span>\u00a0 \u00a0 \u00a0 \u00a0 \u00a0 \u00a0 \u00a0 \u00a0 <strong>Saggi giocatori di vento<\/strong> del MV Admont\/Hall offrono un'atmosfera di Avvento musicale.<\/p>\n<p>\u00a0<\/p>\n<p>\u00a0<\/p>\n<p>\u00a0<\/p>\n<h5 class=\"heading-m line line-above line--gold\"><strong>Domenica 07 dicembre<\/strong><\/h5>\n<p>\u00a0<\/p>\n<p>10:00\u00a0 \u00a0 \u00a0 \u00a0 \u00a0 \u00a0 \u00a0\u00a0<span style=\"white-space: pre;\"> <\/span>\u00a0 \u00a0 \u00a0 <strong>\u00a0 Santa Messa<\/strong> nella chiesa collegiata<\/p>\n<p><span style=\"white-space: pre;\">10:00 - 19:00<\/span><span style=\"white-space: pre;\"> <\/span>\u00a0 \u00a0 \u00a0 <strong>Biblioteca del monastero<\/strong> aperto ad ingresso ridotto<\/p>\n<p>dalle 11:00\u00a0 \u00a0 \u00a0\u00a0<span style=\"white-space: pre;\"> <\/span>\u00a0 \u00a0 \u00a0 \u00a0<strong> \u00a0 Presepe<\/strong> aperto nella chiesa collegiata<br \/>dalle 11:00\u00a0 \u00a0 \u00a0 \u00a0 \u00a0 \u00a0 \u00a0 \u00a0 <strong>\u00a0Ufficio postale di Christkindl <\/strong>per i desideri dei bambini al Bambino Ges\u00f9<\/p>\n<p>14:00 - 16:00<span style=\"white-space: pre;\"> <\/span>\u00a0 \u00a0 \u00a0<strong> Programma per bambini<\/strong> nel laboratorio del museo dell'Abbazia di Admont (museo 1\u00b0 piano) - cambio di orario<br \/>14:00\u00a0 \u00a0 \u00a0 \u00a0 \u00a0 \u00a0 \u00a0 \u00a0 \u00a0 \u00a0 \u00a0 <strong>\u00a0\"Avvento di Hoamat\"<\/strong> con musiche e letture sotto la direzione di Michael Reiter nella chiesa collegiata<\/p>\n<p>dalle 16:00<span style=\"white-space: pre;\"> <\/span>\u00a0 \u00a0 \u00a0 \u00a0 \u00a0 \u00a0 \u00a0 \u00a0 <strong>Saggi giocatori di vento <\/strong>della MV Admont\/Hall e della MV Weng<strong> <\/strong>creare un'atmosfera di Avvento musicale<strong><br \/><\/strong>17:30<strong>\u00a0 \u00a0 \u00a0 \u00a0 \u00a0 \u00a0 \u00a0 \u00a0 \u00a0 \u00a0 \u00a0 Vespri corali<\/strong> nella chiesa collegiata<\/p>\n<p>\u00a0<\/p>\n<p>\u00a0<\/p>\n<h5>\u00a0<\/h5>\n<h5 class=\"heading-m line line-above line--gold\"><strong>Luned\u00ec 08 dicembre<\/strong><\/h5>\n<p>\u00a0<\/p>\n<p>10:00<span style=\"white-space: pre;\"> <\/span>\u00a0 \u00a0 \u00a0 \u00a0 \u00a0 \u00a0 \u00a0 \u00a0 \u00a0 \u00a0 \u00a0 <strong>Santa Messa<\/strong> al concepimento di Maria nella chiesa collegiata\u00a0<\/p>\n<p>10:00 - 19:00 <span style=\"white-space: pre;\"> <\/span>\u00a0 \u00a0 \u00a0<strong>Biblioteca del monastero <\/strong>aperto ad ingresso ridotto<\/p>\n<p>dalle 11:00<span style=\"white-space: pre;\"> <\/span>\u00a0 \u00a0 \u00a0 \u00a0 \u00a0 \u00a0 \u00a0 \u00a0 <strong>Presepe<\/strong> aperto nella chiesa collegiata<\/p>\n<p>dalle 11:00<span style=\"white-space: pre;\"> <\/span>\u00a0 \u00a0 \u00a0 \u00a0 \u00a0 \u00a0 \u00a0 \u00a0 <strong>Ufficio postale di Christkindl<\/strong> per i desideri dei bambini al Bambino Ges\u00f9<\/p>\n<p>14:00 - 16:00<span style=\"white-space: pre;\"> <\/span>\u00a0 \u00a0 \u00a0 <strong>Programma per bambini<\/strong> nel laboratorio del museo dell'Abbazia di Admont (museo 1\u00b0 piano) - cambio di orario<\/p>\n<p>dalle 16:00<span style=\"white-space: pre;\"> <\/span>\u00a0 \u00a0 \u00a0 \u00a0 \u00a0 \u00a0 \u00a0 \u00a0 <strong>Saggi giocatori di vento<\/strong> MV Admont\/Hall e MV Weng offrono l'atmosfera musicale dell'Avvento<\/p>\n<p>\u00a0<\/p>\n<p>\u00a0<\/p>\n<p>\u00a0<\/p>\n<h5 class=\"heading-m line line--gold line-above\"><strong>Venerd\u00ec 12 dicembre<\/strong><\/h5>\n<p>\u00a0<\/p>\n<p>10:00 - 19:00\u00a0 \u00a0 \u00a0 <strong>\u00a0 \u00a0Biblioteca del monastero<\/strong> aperto ad ingresso ridotto<br \/>dalle 11:00\u00a0 \u00a0 \u00a0 \u00a0 \u00a0 \u00a0 \u00a0 \u00a0 \u00a0<strong> \u00a0Presepe<\/strong> aperto nella chiesa collegiata<br \/>dalle 11:00\u00a0 \u00a0 \u00a0 \u00a0 \u00a0 \u00a0 \u00a0 \u00a0 \u00a0 \u00a0<strong>Ufficio postale di Christkindl<\/strong> per i desideri dei bambini al Bambino Ges\u00f9<br \/>dalle 13:00\u00a0 \u00a0 \u00a0 \u00a0 \u00a0 \u00a0 \u00a0 \u00a0<strong>\u00a0 \u00a0 Caff\u00e8 parrocchiale<\/strong> della parrocchia Admont aperta<br \/>14:00 - 16:00\u00a0 \u00a0 \u00a0 \u00a0<strong> \u00a0Programma per bambini<\/strong> nel laboratorio del museo dell'Abbazia di Admont (museo 1\u00b0 piano) - cambio di orario<br \/>dalle 16:00\u00a0 \u00a0 \u00a0 \u00a0 \u00a0 \u00a0 \u00a0 \u00a0 <strong>\u00a0 \u00a0Saggi giocatori di vento <\/strong>MV Admont\/Hall e MV Weng offrono l'atmosfera musicale dell'Avvento<\/p>\n<p>\u00a0<\/p>\n<p>\u00a0<\/p>\n<p>\u00a0<\/p>\n<h5 class=\"heading-m line line--gold line-above\"><strong>Sabato 13 dicembre<\/strong><\/h5>\n<p>\u00a0<\/p>\n<p>10:00 - 19:00\u00a0 \u00a0 \u00a0 \u00a0 \u00a0 \u00a0<strong>Biblioteca del monastero<\/strong> aperto ad ingresso ridotto<br \/>dalle 11:00\u00a0 \u00a0 \u00a0 \u00a0 \u00a0 \u00a0 \u00a0 \u00a0 \u00a0 \u00a0 <strong>\u00a0Presepe<\/strong> aperto nella chiesa collegiata<br \/>dalle 11:00\u00a0 \u00a0 \u00a0 \u00a0 \u00a0 \u00a0 \u00a0 \u00a0 \u00a0 \u00a0 <strong>\u00a0Ufficio postale di Christkindl<\/strong> per i desideri dei bambini al Bambino Ges\u00f9<br \/>dalle 13:00\u00a0 \u00a0 \u00a0 \u00a0 \u00a0 \u00a0 \u00a0 \u00a0 \u00a0 \u00a0 <strong>\u00a0Caff\u00e8 parrocchiale<\/strong> della parrocchia Admont aperta<br \/>14:00 - 16:00\u00a0 \u00a0 \u00a0 \u00a0 \u00a0 <strong>\u00a0Programma per bambini<\/strong> nel laboratorio del museo dell'Abbazia di Admont (museo 1\u00b0 piano) - cambio di orario<br \/>15:00\u00a0 \u00a0 \u00a0 \u00a0 \u00a0 \u00a0 \u00a0 \u00a0 \u00a0 \u00a0 \u00a0 \u00a0 \u00a0 \u00a0<strong>Concerto di Natale<\/strong> della Admont\/Hall Music Society nella grande Stiftsfestsaal<br \/>dalle 16:00\u00a0 \u00a0 \u00a0 \u00a0 \u00a0 \u00a0 \u00a0 \u00a0 \u00a0 \u00a0 \u00a0<strong>Saggi giocatori di vento <\/strong>della MV Weng forniscono l'atmosfera musicale dell'Avvento<br \/>18:00\u00a0 \u00a0 \u00a0 \u00a0 \u00a0 \u00a0 \u00a0 \u00a0 \u00a0 \u00a0 \u00a0 <strong>\u00a0 \u00a0 Pellegrinaggio 13er<\/strong> seguita da una processione a lume di candela nella chiesa collegiata<\/p>\n<p>\u00a0<\/p>\n<p>\u00a0<\/p>\n<p>\u00a0<\/p>\n<h5 class=\"heading-m line line--gold line-above\"><strong>Domenica 14 dicembre<\/strong><\/h5>\n<p>\u00a0<\/p>\n<p>10:00 - 19:00\u00a0 \u00a0 \u00a0 \u00a0 \u00a0 \u00a0<strong>\u00a0Biblioteca del monastero<\/strong> aperto ad ingresso ridotto<br \/>dalle 11:00\u00a0 \u00a0 \u00a0 \u00a0 \u00a0 \u00a0 \u00a0 \u00a0 \u00a0 \u00a0 \u00a0<strong>\u00a0Presepe<\/strong> aperto nella chiesa collegiata<br \/>dalle 11:00\u00a0 \u00a0 \u00a0 \u00a0 \u00a0 \u00a0 \u00a0 \u00a0 \u00a0 \u00a0 \u00a0 <strong>Ufficio postale di Christkindl<\/strong> per i desideri dei bambini al Bambino Ges\u00f9<br \/>dalle 13:00\u00a0 \u00a0 \u00a0 \u00a0 \u00a0 \u00a0 \u00a0 \u00a0 \u00a0 \u00a0 \u00a0 <strong>Caff\u00e8 parrocchiale<\/strong> della parrocchia Admont aperta<br \/>14:00 - 16:00\u00a0 \u00a0 \u00a0 \u00a0 \u00a0 \u00a0 <strong>Programma per bambini<\/strong> nel laboratorio del museo dell'Abbazia di Admont (museo 1\u00b0 piano) - cambio di orario<br \/>dalle 16:00\u00a0 \u00a0 \u00a0 \u00a0 \u00a0 \u00a0 \u00a0 \u00a0 \u00a0 \u00a0<strong>\u00a0 \u00a0Saggi giocatori di vento<\/strong> MV Admont\/Hall e MV Weng offrono l'atmosfera musicale dell'Avvento<br \/>18:00\u00a0 \u00a0 \u00a0 \u00a0 \u00a0 \u00a0 \u00a0 \u00a0 \u00a0 \u00a0 \u00a0<strong> \u00a0 \u00a0 \u00a0Canto d'Avvento di Admont<\/strong> nella chiesa collegiata<\/p>\n<\/div>\n                    \n                            <\/div>\n        \n            <\/div>\n<\/div>\n\n<\/section>","protected":false},"excerpt":{"rendered":"","protected":false},"author":20,"featured_media":0,"parent":21115,"menu_order":0,"comment_status":"closed","ping_status":"closed","template":"","meta":{"_acf_changed":false,"footnotes":""},"categories":[],"class_list":["post-21126","page","type-page","status-publish","hentry"],"acf":[],"yoast_head":"<!-- This site is optimized with the Yoast SEO Premium plugin v26.0 (Yoast SEO v26.8) - https:\/\/yoast.com\/product\/yoast-seo-premium-wordpress\/ -->\n<title>Programm - Stift Admont<\/title>\n<meta name=\"robots\" content=\"index, follow, max-snippet:-1, max-image-preview:large, max-video-preview:-1\" \/>\n<link rel=\"canonical\" href=\"https:\/\/stiftadmont.at\/it\/avvento-allabbazia-di-admont\/programma-davvento\/\" \/>\n<meta property=\"og:locale\" content=\"it_IT\" \/>\n<meta property=\"og:type\" content=\"article\" \/>\n<meta property=\"og:title\" content=\"Programm\" \/>\n<meta property=\"og:url\" content=\"https:\/\/stiftadmont.at\/it\/avvento-allabbazia-di-admont\/programma-davvento\/\" \/>\n<meta property=\"og:site_name\" content=\"Stift Admont\" \/>\n<meta property=\"article:modified_time\" content=\"2025-12-12T10:32:12+00:00\" \/>\n<meta property=\"og:image\" content=\"https:\/\/stiftadmont.at\/wp-content\/uploads\/Klosteranlage-innen.jpg\" \/>\n\t<meta property=\"og:image:width\" content=\"1912\" \/>\n\t<meta property=\"og:image:height\" content=\"1188\" \/>\n\t<meta property=\"og:image:type\" content=\"image\/jpeg\" \/>\n<meta name=\"twitter:card\" content=\"summary_large_image\" \/>\n<script type=\"application\/ld+json\" class=\"yoast-schema-graph\">{\"@context\":\"https:\/\/schema.org\",\"@graph\":[{\"@type\":\"WebPage\",\"@id\":\"https:\/\/stiftadmont.at\/advent-im-stift-admont\/advent-programm\/\",\"url\":\"https:\/\/stiftadmont.at\/advent-im-stift-admont\/advent-programm\/\",\"name\":\"Programm - Stift Admont\",\"isPartOf\":{\"@id\":\"https:\/\/stiftadmont.at\/#website\"},\"datePublished\":\"2023-09-25T12:24:52+00:00\",\"dateModified\":\"2025-12-12T10:32:12+00:00\",\"breadcrumb\":{\"@id\":\"https:\/\/stiftadmont.at\/advent-im-stift-admont\/advent-programm\/#breadcrumb\"},\"inLanguage\":\"it-IT\",\"potentialAction\":[{\"@type\":\"ReadAction\",\"target\":[\"https:\/\/stiftadmont.at\/advent-im-stift-admont\/advent-programm\/\"]}]},{\"@type\":\"BreadcrumbList\",\"@id\":\"https:\/\/stiftadmont.at\/advent-im-stift-admont\/advent-programm\/#breadcrumb\",\"itemListElement\":[{\"@type\":\"ListItem\",\"position\":1,\"name\":\"Start\",\"item\":\"https:\/\/stiftadmont.at\/\"},{\"@type\":\"ListItem\",\"position\":2,\"name\":\"Advent im Stift Admont\",\"item\":\"https:\/\/stiftadmont.at\/advent-im-stift-admont\/\"},{\"@type\":\"ListItem\",\"position\":3,\"name\":\"Programm\"}]},{\"@type\":\"WebSite\",\"@id\":\"https:\/\/stiftadmont.at\/#website\",\"url\":\"https:\/\/stiftadmont.at\/\",\"name\":\"Stift Admont\",\"description\":\"Benediktinerkloster und Sehensw\u00fcrdigkeit im Ges\u00e4use\",\"potentialAction\":[{\"@type\":\"SearchAction\",\"target\":{\"@type\":\"EntryPoint\",\"urlTemplate\":\"https:\/\/stiftadmont.at\/?s={search_term_string}\"},\"query-input\":{\"@type\":\"PropertyValueSpecification\",\"valueRequired\":true,\"valueName\":\"search_term_string\"}}],\"inLanguage\":\"it-IT\"}]}<\/script>\n<!-- \/ Yoast SEO Premium plugin. -->","yoast_head_json":{"title":"Programma - Abbazia di Admont","robots":{"index":"index","follow":"follow","max-snippet":"max-snippet:-1","max-image-preview":"max-image-preview:large","max-video-preview":"max-video-preview:-1"},"canonical":"https:\/\/stiftadmont.at\/it\/avvento-allabbazia-di-admont\/programma-davvento\/","og_locale":"it_IT","og_type":"article","og_title":"Programm","og_url":"https:\/\/stiftadmont.at\/it\/avvento-allabbazia-di-admont\/programma-davvento\/","og_site_name":"Stift Admont","article_modified_time":"2025-12-12T10:32:12+00:00","og_image":[{"width":1912,"height":1188,"url":"https:\/\/stiftadmont.at\/wp-content\/uploads\/Klosteranlage-innen.jpg","type":"image\/jpeg"}],"twitter_card":"summary_large_image","schema":{"@context":"https:\/\/schema.org","@graph":[{"@type":"WebPage","@id":"https:\/\/stiftadmont.at\/advent-im-stift-admont\/advent-programm\/","url":"https:\/\/stiftadmont.at\/advent-im-stift-admont\/advent-programm\/","name":"Programma - Abbazia di Admont","isPartOf":{"@id":"https:\/\/stiftadmont.at\/#website"},"datePublished":"2023-09-25T12:24:52+00:00","dateModified":"2025-12-12T10:32:12+00:00","breadcrumb":{"@id":"https:\/\/stiftadmont.at\/advent-im-stift-admont\/advent-programm\/#breadcrumb"},"inLanguage":"it-IT","potentialAction":[{"@type":"ReadAction","target":["https:\/\/stiftadmont.at\/advent-im-stift-admont\/advent-programm\/"]}]},{"@type":"BreadcrumbList","@id":"https:\/\/stiftadmont.at\/advent-im-stift-admont\/advent-programm\/#breadcrumb","itemListElement":[{"@type":"ListItem","position":1,"name":"Start","item":"https:\/\/stiftadmont.at\/"},{"@type":"ListItem","position":2,"name":"Advent im Stift Admont","item":"https:\/\/stiftadmont.at\/advent-im-stift-admont\/"},{"@type":"ListItem","position":3,"name":"Programm"}]},{"@type":"WebSite","@id":"https:\/\/stiftadmont.at\/#website","url":"https:\/\/stiftadmont.at\/","name":"Abbazia di Admont","description":"Monastero benedettino e attrazione turistica nella Ges\u00e4use","potentialAction":[{"@type":"SearchAction","target":{"@type":"EntryPoint","urlTemplate":"https:\/\/stiftadmont.at\/?s={search_term_string}"},"query-input":{"@type":"PropertyValueSpecification","valueRequired":true,"valueName":"search_term_string"}}],"inLanguage":"it-IT"}]}},"_links":{"self":[{"href":"https:\/\/stiftadmont.at\/it\/wp-json\/wp\/v2\/pages\/21126","targetHints":{"allow":["GET"]}}],"collection":[{"href":"https:\/\/stiftadmont.at\/it\/wp-json\/wp\/v2\/pages"}],"about":[{"href":"https:\/\/stiftadmont.at\/it\/wp-json\/wp\/v2\/types\/page"}],"author":[{"embeddable":true,"href":"https:\/\/stiftadmont.at\/it\/wp-json\/wp\/v2\/users\/20"}],"replies":[{"embeddable":true,"href":"https:\/\/stiftadmont.at\/it\/wp-json\/wp\/v2\/comments?post=21126"}],"version-history":[{"count":153,"href":"https:\/\/stiftadmont.at\/it\/wp-json\/wp\/v2\/pages\/21126\/revisions"}],"predecessor-version":[{"id":38642,"href":"https:\/\/stiftadmont.at\/it\/wp-json\/wp\/v2\/pages\/21126\/revisions\/38642"}],"up":[{"embeddable":true,"href":"https:\/\/stiftadmont.at\/it\/wp-json\/wp\/v2\/pages\/21115"}],"wp:attachment":[{"href":"https:\/\/stiftadmont.at\/it\/wp-json\/wp\/v2\/media?parent=21126"}],"wp:term":[{"taxonomy":"category","embeddable":true,"href":"https:\/\/stiftadmont.at\/it\/wp-json\/wp\/v2\/categories?post=21126"}],"curies":[{"name":"wp","href":"https:\/\/api.w.org\/{rel}","templated":true}]}}