{"id":21181,"date":"2023-10-06T09:20:52","date_gmt":"2023-10-06T07:20:52","guid":{"rendered":"https:\/\/stiftadmont.at\/?page_id=21181"},"modified":"2025-05-26T13:52:51","modified_gmt":"2025-05-26T11:52:51","slug":"partner-dellavvento","status":"publish","type":"page","link":"https:\/\/stiftadmont.at\/it\/advent-im-stift-admont\/advent-partner\/","title":{"rendered":"Partner dell'Avvento"},"content":{"rendered":"<section id='lightpress__section--block_fef7ab90673e9a2c3c298d16a71bb986' class='lightpress__section--default-section-space lightpress__section lightpress__section--content'><div class=\"content__inner\"\n         x-init=\"initContentBlockAnim($el)\">\n        \n    <div class=\"content__grid content__grid\">\n                                            <div class=\"content__box content__box--one-hundred\"\n                 style=\"\">\n                                \n                \n                                            <div class=\"prose\"><h5 class=\"heading-m line line-above line--gold\">Abbazia benedettina di Admont<\/h5>\n<p>\u00a0<\/p>\n<p class=\"paragraph-m\">Per la maggior parte degli ospiti, l'impressione della biblioteca tardo-barocca \u00e8 mozzafiato. \u00c8 la sala della biblioteca monastica pi\u00f9 grande del mondo. Il vivace dialogo tra tradizione e innovazione si percepisce nei contenuti della mostra, nell'allestimento e molto altro ancora. L'arte contemporanea \u00e8 al centro della collezione. Le opere d'arte commissionate del programma interno MADE FOR ADMONT costituiscono un punto focale. La collezione speciale JENSEITS DES SEHENS - KUNST VERBINDET BLINDE UND SEHENDE \u00e8 unica.<\/p>\n<p>\u00a0<\/p>\n<p>\u00a0<\/p>\n<h5 class=\"heading-m line line-above line--gold\">Associazione turistica Ges\u00e4use<\/h5>\n<p>\u00a0<\/p>\n<p class=\"paragraph-m\">Dove le acque selvagge dei fiumi Salza ed Enns incontrano le possenti pareti rocciose delle montagne del Ges\u00e4use, l'unico parco nazionale incontra il pi\u00f9 grande parco naturale della Stiria e l'alta cultura millenaria dell'Abbazia di Admont incontra l'altrettanto antica cultura popolare: questo \u00e8 il Ges\u00e4use. Che si tratti di escursioni, di alpinismo, di avventure in acque bianche o di godimento culturale, il Ges\u00e4use non vi d\u00e0 una lista da spuntare. \u00c8 il luogo delle vostre possibilit\u00e0, in modo che anche voi possiate finalmente dire: \"Il Ges\u00e4use vi d\u00e0 forza\". La Ges\u00e4use vi d\u00e0 la forza...<\/p>\n<p>\u00a0<\/p>\n<p>\u00a0<\/p>\n<h5 class=\"heading-m line line-above line--gold\">DVERI PAX<\/h5>\n<p>\u00a0<\/p>\n<p class=\"paragraph-m\">Nella cantina Dveri-Pax, nel nord-est della Slovenia, continuiamo la tradizione vitivinicola di oltre 800 anni dei monaci benedettini di Admont. I nostri vigneti si estendono su 73 ettari e lavoriamo con grande rispetto per la natura e la tradizione, oltre che con uno spiccato senso delle tendenze. L'alta qualit\u00e0 dei nostri vini \u00e8 testimoniata da numerosi premi con le valutazioni pi\u00f9 prestigiose a livello mondiale.<\/p>\n<p>\u00a0<\/p>\n<p>\u00a0<\/p>\n<h5 class=\"heading-m line line-above line--gold\">Kaiserau<\/h5>\n<p>\u00a0<\/p>\n<p class=\"paragraph-m\">A sud di Admont, a circa 1.100 metri sul livello del mare, si erge un vasto altopiano - l'affascinante paesaggio naturale del Kaiserau. Il suggestivo Admont Kalbling e i suoi dintorni offrono condizioni ideali per escursionisti, alpinisti e amanti della natura! Con i suoi tre impianti di risalita e i tappeti magici nel Raiffeisen-Kinderland, il piccolo ma bellissimo comprensorio sciistico sul meraviglioso altopiano del Kaiserau \u00e8 IL comprensorio sciistico della regione e membro dell'associazione Schneeb\u00e4renland!<\/p>\n<p>\u00a0<\/p>\n<p>\u00a0<\/p>\n<h5 class=\"heading-m line line-above line--gold\">Citt\u00e0 mercato di Admont<\/h5>\n<p>\u00a0<\/p>\n<p class=\"paragraph-m\">Admont, nota anche come \"porta del Parco Nazionale del Ges\u00e4use\", si trova in un'ampia conca nella Valle dell'Enns. Fondato nel 1074, il monastero benedettino ospita la pi\u00f9 grande biblioteca monastica al mondo, inserita in un moderno contesto museale. Altre attrazioni culturali sono le mostre speciali annuali e la chiesa collegiale neogotica. Admont \u00e8 una citt\u00e0 mercato dal 1443 ed \u00e8 stata...<\/p>\n<p>\u00a0<\/p>\n<p>\u00a0<\/p>\n<h5 class=\"heading-m line line-above line--gold\">Parco Nazionale Ges\u00e4use<\/h5>\n<p>\u00a0<\/p>\n<p class=\"paragraph-m\">Il Parco Nazionale del Ges\u00e4use comprende sia il Ges\u00e4use, ovvero l'impetuoso e selvaggio fiume Enns con la sua monumentale valle di sfondamento tra Admont e Hieflau, sia le circostanti \"Montagne del Ges\u00e4use\", che si ergono al di sopra del buio fondovalle dell'Enns come selvagge e suggestive alte montagne con pareti rocciose calcaree e bizzarre creste, formando uno scenario davvero magnifico. Il Parco nazionale del Ges\u00e4use \u00e8 il terzo parco nazionale pi\u00f9 grande dell'Austria. Si trova nelle Alpi Ennstal\/Ges\u00e4use e comprende essenzialmente le due catene montuose Buchsteinmassiv e Hochtorgruppe...<\/p>\n<p>\u00a0<\/p>\n<p>\u00a0<\/p>\n<h5 class=\"heading-m line line-above line--gold\">Grawe<\/h5>\n<p>\u00a0<\/p>\n<p class=\"paragraph-m\">\"Nell'unit\u00e0 di molti risiede il potere che porta al bene. \u00c8 compito di tutti contribuire a questo\". (Arciduca Johann, 1846)<\/p>\n<p class=\"paragraph-m\">L'arciduca Johann ha capito che per essere forti bisogna unirsi e ha fondato la Grazer Wechselseitige come associazione di mutua assicurazione. Oggi, dopo circa 190 anni di esistenza, l'idea originaria di responsabilit\u00e0 comune \u00e8 pi\u00f9 attuale che mai: l'esistenza economica pu\u00f2 essere assicurata solo attraverso una fornitura tempestiva.<\/p>\n<p>\u00a0<\/p>\n<p>\u00a0<\/p>\n<h5 class=\"heading-m line line-above line--gold\">Envesta<\/h5>\n<p>\u00a0<\/p>\n<p class=\"paragraph-m\">In tempi di \"svolta energetica\", ENVESTA \u00e8 all'avanguardia con il suo impegno nella produzione di energia ecologica da fonti domestiche e rinnovabili: L'energia idroelettrica, il fotovoltaico e la biomassa costituiscono il nucleo della produzione energetica. Le energie domestiche e rinnovabili vengono cos\u00ec utilizzate in modo ottimale nella regione e contribuiscono a una produzione energetica rispettosa dell'ambiente. Oggi le centrali elettriche di ENVESTA generano circa 50 milioni di kWh all'anno e riforniscono la grande comunit\u00e0 di Admont, ...<\/p>\n<p>\u00a0<\/p>\n<p>\u00a0<\/p>\n<h5 class=\"heading-m line line-above line--gold\">Banca Raiffeisen Regione di Liezen<\/h5>\n<p>\u00a0<\/p>\n<p class=\"paragraph-m\">Dal 1865 cerchiamo di soddisfare le esigenze specifiche dei nostri clienti. Il nostro spazio abitativo deve essere in armonia con le persone e la natura, e le moderne tecnologie lo rendono possibile. Vogliamo che i nostri clienti si sentano a proprio agio nelle loro case. Ci\u00f2 richiede processi fluidi e tecnologie funzionanti che garantiscano una vita spensierata. Per noi \u00e8 importante applicare la nostra esperienza dove \u00e8 necessaria. Realizziamo soluzioni che vanno dalle case unifamiliari alle centrali elettriche industriali. L'esperienza acquisita in questo processo confluisce in ogni ambito del nostro lavoro.<\/p>\n<\/div>\n                    \n                            <\/div>\n        \n            <\/div>\n<\/div>\n\n<\/section>","protected":false},"excerpt":{"rendered":"","protected":false},"author":20,"featured_media":0,"parent":21115,"menu_order":0,"comment_status":"closed","ping_status":"closed","template":"","meta":{"_acf_changed":false,"footnotes":""},"categories":[],"class_list":["post-21181","page","type-page","status-publish","hentry"],"acf":[],"yoast_head":"<!-- This site is optimized with the Yoast SEO Premium plugin v26.0 (Yoast SEO v26.8) - https:\/\/yoast.com\/product\/yoast-seo-premium-wordpress\/ -->\n<title>Advent-Partner - Stift Admont<\/title>\n<meta name=\"robots\" content=\"index, follow, max-snippet:-1, max-image-preview:large, max-video-preview:-1\" \/>\n<link rel=\"canonical\" href=\"https:\/\/stiftadmont.at\/it\/avvento-allabbazia-di-admont\/partner-dellavvento\/\" \/>\n<meta property=\"og:locale\" content=\"it_IT\" \/>\n<meta property=\"og:type\" content=\"article\" \/>\n<meta property=\"og:title\" content=\"Advent-Partner\" \/>\n<meta property=\"og:url\" content=\"https:\/\/stiftadmont.at\/it\/avvento-allabbazia-di-admont\/partner-dellavvento\/\" \/>\n<meta property=\"og:site_name\" content=\"Stift Admont\" \/>\n<meta property=\"article:modified_time\" content=\"2025-05-26T11:52:51+00:00\" \/>\n<meta property=\"og:image\" content=\"https:\/\/stiftadmont.at\/wp-content\/uploads\/Klosteranlage-innen.jpg\" \/>\n\t<meta property=\"og:image:width\" content=\"1912\" \/>\n\t<meta property=\"og:image:height\" content=\"1188\" \/>\n\t<meta property=\"og:image:type\" content=\"image\/jpeg\" \/>\n<meta name=\"twitter:card\" content=\"summary_large_image\" \/>\n<script type=\"application\/ld+json\" class=\"yoast-schema-graph\">{\"@context\":\"https:\/\/schema.org\",\"@graph\":[{\"@type\":\"WebPage\",\"@id\":\"https:\/\/stiftadmont.at\/advent-im-stift-admont\/advent-partner\/\",\"url\":\"https:\/\/stiftadmont.at\/advent-im-stift-admont\/advent-partner\/\",\"name\":\"Advent-Partner - Stift Admont\",\"isPartOf\":{\"@id\":\"https:\/\/stiftadmont.at\/#website\"},\"datePublished\":\"2023-10-06T07:20:52+00:00\",\"dateModified\":\"2025-05-26T11:52:51+00:00\",\"breadcrumb\":{\"@id\":\"https:\/\/stiftadmont.at\/advent-im-stift-admont\/advent-partner\/#breadcrumb\"},\"inLanguage\":\"it-IT\",\"potentialAction\":[{\"@type\":\"ReadAction\",\"target\":[\"https:\/\/stiftadmont.at\/advent-im-stift-admont\/advent-partner\/\"]}]},{\"@type\":\"BreadcrumbList\",\"@id\":\"https:\/\/stiftadmont.at\/advent-im-stift-admont\/advent-partner\/#breadcrumb\",\"itemListElement\":[{\"@type\":\"ListItem\",\"position\":1,\"name\":\"Start\",\"item\":\"https:\/\/stiftadmont.at\/\"},{\"@type\":\"ListItem\",\"position\":2,\"name\":\"Advent im Stift Admont\",\"item\":\"https:\/\/stiftadmont.at\/advent-im-stift-admont\/\"},{\"@type\":\"ListItem\",\"position\":3,\"name\":\"Advent-Partner\"}]},{\"@type\":\"WebSite\",\"@id\":\"https:\/\/stiftadmont.at\/#website\",\"url\":\"https:\/\/stiftadmont.at\/\",\"name\":\"Stift Admont\",\"description\":\"Benediktinerkloster und Sehensw\u00fcrdigkeit im Ges\u00e4use\",\"potentialAction\":[{\"@type\":\"SearchAction\",\"target\":{\"@type\":\"EntryPoint\",\"urlTemplate\":\"https:\/\/stiftadmont.at\/?s={search_term_string}\"},\"query-input\":{\"@type\":\"PropertyValueSpecification\",\"valueRequired\":true,\"valueName\":\"search_term_string\"}}],\"inLanguage\":\"it-IT\"}]}<\/script>\n<!-- \/ Yoast SEO Premium plugin. -->","yoast_head_json":{"title":"Partner dell'Avvento - Abbazia di Admont","robots":{"index":"index","follow":"follow","max-snippet":"max-snippet:-1","max-image-preview":"max-image-preview:large","max-video-preview":"max-video-preview:-1"},"canonical":"https:\/\/stiftadmont.at\/it\/avvento-allabbazia-di-admont\/partner-dellavvento\/","og_locale":"it_IT","og_type":"article","og_title":"Advent-Partner","og_url":"https:\/\/stiftadmont.at\/it\/avvento-allabbazia-di-admont\/partner-dellavvento\/","og_site_name":"Stift Admont","article_modified_time":"2025-05-26T11:52:51+00:00","og_image":[{"width":1912,"height":1188,"url":"https:\/\/stiftadmont.at\/wp-content\/uploads\/Klosteranlage-innen.jpg","type":"image\/jpeg"}],"twitter_card":"summary_large_image","schema":{"@context":"https:\/\/schema.org","@graph":[{"@type":"WebPage","@id":"https:\/\/stiftadmont.at\/advent-im-stift-admont\/advent-partner\/","url":"https:\/\/stiftadmont.at\/advent-im-stift-admont\/advent-partner\/","name":"Partner dell'Avvento - Abbazia di Admont","isPartOf":{"@id":"https:\/\/stiftadmont.at\/#website"},"datePublished":"2023-10-06T07:20:52+00:00","dateModified":"2025-05-26T11:52:51+00:00","breadcrumb":{"@id":"https:\/\/stiftadmont.at\/advent-im-stift-admont\/advent-partner\/#breadcrumb"},"inLanguage":"it-IT","potentialAction":[{"@type":"ReadAction","target":["https:\/\/stiftadmont.at\/advent-im-stift-admont\/advent-partner\/"]}]},{"@type":"BreadcrumbList","@id":"https:\/\/stiftadmont.at\/advent-im-stift-admont\/advent-partner\/#breadcrumb","itemListElement":[{"@type":"ListItem","position":1,"name":"Start","item":"https:\/\/stiftadmont.at\/"},{"@type":"ListItem","position":2,"name":"Advent im Stift Admont","item":"https:\/\/stiftadmont.at\/advent-im-stift-admont\/"},{"@type":"ListItem","position":3,"name":"Advent-Partner"}]},{"@type":"WebSite","@id":"https:\/\/stiftadmont.at\/#website","url":"https:\/\/stiftadmont.at\/","name":"Abbazia di Admont","description":"Monastero benedettino e attrazione turistica nella Ges\u00e4use","potentialAction":[{"@type":"SearchAction","target":{"@type":"EntryPoint","urlTemplate":"https:\/\/stiftadmont.at\/?s={search_term_string}"},"query-input":{"@type":"PropertyValueSpecification","valueRequired":true,"valueName":"search_term_string"}}],"inLanguage":"it-IT"}]}},"_links":{"self":[{"href":"https:\/\/stiftadmont.at\/it\/wp-json\/wp\/v2\/pages\/21181","targetHints":{"allow":["GET"]}}],"collection":[{"href":"https:\/\/stiftadmont.at\/it\/wp-json\/wp\/v2\/pages"}],"about":[{"href":"https:\/\/stiftadmont.at\/it\/wp-json\/wp\/v2\/types\/page"}],"author":[{"embeddable":true,"href":"https:\/\/stiftadmont.at\/it\/wp-json\/wp\/v2\/users\/20"}],"replies":[{"embeddable":true,"href":"https:\/\/stiftadmont.at\/it\/wp-json\/wp\/v2\/comments?post=21181"}],"version-history":[{"count":24,"href":"https:\/\/stiftadmont.at\/it\/wp-json\/wp\/v2\/pages\/21181\/revisions"}],"predecessor-version":[{"id":34975,"href":"https:\/\/stiftadmont.at\/it\/wp-json\/wp\/v2\/pages\/21181\/revisions\/34975"}],"up":[{"embeddable":true,"href":"https:\/\/stiftadmont.at\/it\/wp-json\/wp\/v2\/pages\/21115"}],"wp:attachment":[{"href":"https:\/\/stiftadmont.at\/it\/wp-json\/wp\/v2\/media?parent=21181"}],"wp:term":[{"taxonomy":"category","embeddable":true,"href":"https:\/\/stiftadmont.at\/it\/wp-json\/wp\/v2\/categories?post=21181"}],"curies":[{"name":"wp","href":"https:\/\/api.w.org\/{rel}","templated":true}]}}