{"id":21342,"date":"2023-10-06T09:32:03","date_gmt":"2023-10-06T07:32:03","guid":{"rendered":"https:\/\/stiftadmont.at\/?page_id=21342"},"modified":"2025-02-12T09:29:03","modified_gmt":"2025-02-12T07:29:03","slug":"progetto-leader","status":"publish","type":"page","link":"https:\/\/stiftadmont.at\/it\/advent-im-stift-admont\/leader-projekt\/","title":{"rendered":"Progetto leader"},"content":{"rendered":"<section id='lightpress__section--block_7c7d402bd602dadda65a9a8b4bddcba2' class='lightpress__section--default-section-space lightpress__section lightpress__section--content'><div class=\"content__inner\"\n         x-init=\"initContentBlockAnim($el)\">\n        \n    <div class=\"content__grid content__grid--fifty-fifty\">\n                                            <div class=\"content__box content__box\"\n                 style=\"\">\n                                \n                \n                                            <div class=\"prose\"><h5 class=\"heading-m line line-above line--gold\">... \u00e8 molto natalizio...! Vetrine, luci fiabesche, illuminazioni festive, ...\u00a0<\/h5>\n<p>\u00a0<\/p>\n<p class=\"paragraph-m\">Ma mentre molti adulti si affrettano a considerare questo periodo di fine anno come un evento commerciale e si lamentano per l'acquisto dei regali, le cene festive e lo stress familiare, il periodo natalizio \u00e8 e rimane un'esperienza magica, soprattutto per i bambini.<\/p>\n<p>\u00a0<\/p>\n<p class=\"paragraph-m\">I mercatini dell'Avvento, i calendari dell'Avvento, i biscotti, le decorazioni natalizie e, naturalmente, l'attesa di tanti bei regali fanno battere il cuore dei pi\u00f9 piccoli.<\/p>\n<p class=\"paragraph-m\">Nell'ambito del mercatino dell'Avvento dell'Abbazia di Admont, l'obiettivo \u00e8 mostrare ai bambini che il Natale non \u00e8 solo vetrine scintillanti, regali e dolci, ma anche spiegare il simbolismo e il contesto di questa festa: Ma cosa significano Natale e Avvento? Perch\u00e9 questo periodo \u00e8 cos\u00ec importante per i bambini? E chi sono il Bambino Ges\u00f9, San Nicola, Knecht Ruprecht e Babbo Natale?<\/p>\n<p class=\"paragraph-m\">In un momento in cui la tolleranza e l'apertura verso le altre religioni non sono mai abbastanza enfatizzate, il periodo natalizio \u00e8 anche una meravigliosa opportunit\u00e0 per avvicinare le nostre tradizioni, i nostri costumi e le nostre culture, sia quelle straniere! L'Avvento all'Abbazia di Admont offre una buona opportunit\u00e0 in tal senso e mira a far conoscere ai visitatori alcuni aspetti essenziali delle tradizioni e dei costumi.<\/p>\n<p>\u00a0<\/p>\n<p class=\"paragraph-m\">L'Avvento all'Abbazia di Admont esiste da quasi 20 anni e ha continuato a svilupparsi ed espandersi nel corso degli anni. L'evento si \u00e8 ormai affermato come una calamita turistica e culturale. Ogni anno, sempre pi\u00f9 ospiti visitano questo evento perch\u00e9 non solo gli abitanti del luogo, ma anche numerosi turisti sono molto colpiti da questo mercato dell'Avvento, dall'atmosfera prenatalizia e dall'ampio programma di supporto (soprattutto per i bambini).\u00a0<\/p>\n<p>\u00a0<\/p>\n<\/div>\n                    \n                            <\/div>\n        \n                                                    <div class=\"content__box content__box--2\"\n                     >\n                                        \n                    \n                                                <div class=\"content__media stickyTo\" x-init=\"imageSticky($el)\">\n\n                                                                                    <picture\n                                    class=\"content__image sticky\">\n                                <source srcset=\"https:\/\/stiftadmont.at\/wp-content\/uploads\/36_Admonter_Advent_2017_\u00a9StefanLeitner-e1648798842846-1024x768.webp\" type=\"image\/webp\">\n                                <source srcset=\"https:\/\/stiftadmont.at\/wp-content\/uploads\/36_Admonter_Advent_2017_\u00a9StefanLeitner-e1648798842846-1024x768.jpg\" type=\"image\/jpeg\">\n                                <img decoding=\"async\" class=\"sticky\" loading=\"lazy\" src=\"https:\/\/stiftadmont.at\/wp-content\/uploads\/36_Admonter_Advent_2017_\u00a9StefanLeitner-e1648798842846-1024x768.jpg\" alt=\"L&#039;Avvento all&#039;Abbazia di Admont \u00a9 Stefan Leitner\" \/>\n\n                                                                                                                            <\/picture>\n\n                        <\/div>\n\n                                    <\/div>\n            \n            <\/div>\n<\/div>\n\n<\/section>\n\n<section id='lightpress__section--block_d054771a3efac3a446aa2fcbe5067a5a' class='lightpress__section--default-section-space lightpress__section lightpress__section--content'><div class=\"content__inner\"\n         x-init=\"initContentBlockAnim($el)\">\n        \n    <div class=\"content__grid content__grid--fifty-fifty\">\n                                            <div class=\"content__box content__box\"\n                 style=\"\">\n                                \n                \n                                            <div class=\"prose\"><p class=\"paragraph-m\">Con questo progetto, l'associazione \"Advent im Stift Admont\" persegue l'obiettivo di professionalizzare le condizioni infrastrutturali in loco e l'intero marketing dell'evento. Ci\u00f2 dovrebbe garantire la sostenibilit\u00e0 a lungo termine dell'evento. In futuro, il mercato dell'Avvento avr\u00e0 anche un carattere di condivisione delle conoscenze, in modo che la cultura (nel senso di tradizioni e costumi) venga presentata in modo poco invasivo e che vengano fornite informazioni al riguardo.<\/p>\n<p class=\"paragraph-m\">\u00a0<\/p>\n<p class=\"paragraph-m\">Presentazione dell'intero progetto entro la fine di settembre 2017.<\/p>\n<p class=\"paragraph-m\">Costo totale del progetto: 38.086,67<\/p>\n<p class=\"paragraph-m\">Importo massimo della sovvenzione: 22.852,00 \u20ac.<\/p>\n<p class=\"paragraph-m\">Data di completamento: 31\/12\/2018<\/p>\n<\/div>\n                    \n                            <\/div>\n        \n                                                    <div class=\"content__box content__box--2\"\n                     >\n                                        \n                    \n                                                    <div class=\"prose\"><p class=\"paragraph-m\"><strong>Ulteriori informazioni sono disponibili all'indirizzo:\u00a0<\/strong><\/p>\n<p class=\"paragraph-m\"><a href=\"http:\/\/www.landesentwicklung.steiermark.at\/cms\/ziel\/141980347\/DE\" target=\"_blank\" rel=\"noopener noreferrer\">www.landesentwicklung.steiermark.at<\/a><\/p>\n<p class=\"paragraph-m\"><a href=\"http:\/\/www.bmlrt.gv.at\/\">www.bmlrt.gv.at<\/a><\/p>\n<p class=\"paragraph-m\"><a href=\"http:\/\/ec.europa.eu\/agriculture\/rural-development-2014-2020_de\" target=\"_blank\" rel=\"noopener noreferrer\">ec.europa.eu<\/a><\/p>\n<p class=\"paragraph-m\"><a href=\"http:\/\/www.rml.at\/leader\" target=\"_blank\" rel=\"noopener noreferrer\">www.rml.at\/leader<\/a><\/p>\n<\/div>\n                        \n                                    <\/div>\n            \n            <\/div>\n<\/div>\n\n<\/section>\n\n<section id='lightpress__section--block_dc1227da9c26c644f20ecad72f10535c' class='lightpress__section lightpress__section--image lightpress__section-- lightpress__section--'>                        <img decoding=\"async\" src=\"https:\/\/stiftadmont.at\/wp-content\/uploads\/Foeg_Leiste-Bund_ELER_LAND_LEADER-EU-STMK-scaled.jpg\" alt=\"4 Foeg striscia Federale+ELER+Land+Leader+EU 2022 4C\" \/>\n<\/section>\n\n<section id='lightpress__section--block_434c068ceed589ac6a5c1ab3a3c3cd6b' class='lightpress__section--default-section-space lightpress__section lightpress__section--content'><div class=\"content__inner\"\n         x-init=\"initContentBlockAnim($el)\">\n        \n    <div class=\"content__grid content__grid\">\n                                            <div class=\"content__box content__box--one-hundred\"\n                 style=\"\">\n                                \n                \n                                            <div class=\"prose\"><\/div>\n                    \n                            <\/div>\n        \n            <\/div>\n<\/div>\n\n<\/section>","protected":false},"excerpt":{"rendered":"","protected":false},"author":20,"featured_media":0,"parent":21115,"menu_order":0,"comment_status":"closed","ping_status":"closed","template":"","meta":{"_acf_changed":false,"footnotes":""},"categories":[],"class_list":["post-21342","page","type-page","status-publish","hentry"],"acf":[],"yoast_head":"<!-- This site is optimized with the Yoast SEO Premium plugin v26.0 (Yoast SEO v26.8) - https:\/\/yoast.com\/product\/yoast-seo-premium-wordpress\/ -->\n<title>Leader-Projekt - Stift Admont<\/title>\n<meta name=\"robots\" content=\"index, follow, max-snippet:-1, max-image-preview:large, max-video-preview:-1\" \/>\n<link rel=\"canonical\" href=\"https:\/\/stiftadmont.at\/it\/avvento-allabbazia-di-admont\/progetto-leader\/\" \/>\n<meta property=\"og:locale\" content=\"it_IT\" \/>\n<meta property=\"og:type\" content=\"article\" \/>\n<meta property=\"og:title\" content=\"Leader-Projekt\" \/>\n<meta property=\"og:url\" content=\"https:\/\/stiftadmont.at\/it\/avvento-allabbazia-di-admont\/progetto-leader\/\" \/>\n<meta property=\"og:site_name\" content=\"Stift Admont\" \/>\n<meta property=\"article:modified_time\" content=\"2025-02-12T07:29:03+00:00\" \/>\n<meta property=\"og:image\" content=\"https:\/\/stiftadmont.at\/wp-content\/uploads\/Klosteranlage-innen.jpg\" \/>\n\t<meta property=\"og:image:width\" content=\"1912\" \/>\n\t<meta property=\"og:image:height\" content=\"1188\" \/>\n\t<meta property=\"og:image:type\" content=\"image\/jpeg\" \/>\n<meta name=\"twitter:card\" content=\"summary_large_image\" \/>\n<script type=\"application\/ld+json\" class=\"yoast-schema-graph\">{\"@context\":\"https:\/\/schema.org\",\"@graph\":[{\"@type\":\"WebPage\",\"@id\":\"https:\/\/stiftadmont.at\/advent-im-stift-admont\/leader-projekt\/\",\"url\":\"https:\/\/stiftadmont.at\/advent-im-stift-admont\/leader-projekt\/\",\"name\":\"Leader-Projekt - Stift Admont\",\"isPartOf\":{\"@id\":\"https:\/\/stiftadmont.at\/#website\"},\"datePublished\":\"2023-10-06T07:32:03+00:00\",\"dateModified\":\"2025-02-12T07:29:03+00:00\",\"breadcrumb\":{\"@id\":\"https:\/\/stiftadmont.at\/advent-im-stift-admont\/leader-projekt\/#breadcrumb\"},\"inLanguage\":\"it-IT\",\"potentialAction\":[{\"@type\":\"ReadAction\",\"target\":[\"https:\/\/stiftadmont.at\/advent-im-stift-admont\/leader-projekt\/\"]}]},{\"@type\":\"BreadcrumbList\",\"@id\":\"https:\/\/stiftadmont.at\/advent-im-stift-admont\/leader-projekt\/#breadcrumb\",\"itemListElement\":[{\"@type\":\"ListItem\",\"position\":1,\"name\":\"Start\",\"item\":\"https:\/\/stiftadmont.at\/\"},{\"@type\":\"ListItem\",\"position\":2,\"name\":\"Advent im Stift Admont\",\"item\":\"https:\/\/stiftadmont.at\/advent-im-stift-admont\/\"},{\"@type\":\"ListItem\",\"position\":3,\"name\":\"Leader-Projekt\"}]},{\"@type\":\"WebSite\",\"@id\":\"https:\/\/stiftadmont.at\/#website\",\"url\":\"https:\/\/stiftadmont.at\/\",\"name\":\"Stift Admont\",\"description\":\"Benediktinerkloster und Sehensw\u00fcrdigkeit im Ges\u00e4use\",\"potentialAction\":[{\"@type\":\"SearchAction\",\"target\":{\"@type\":\"EntryPoint\",\"urlTemplate\":\"https:\/\/stiftadmont.at\/?s={search_term_string}\"},\"query-input\":{\"@type\":\"PropertyValueSpecification\",\"valueRequired\":true,\"valueName\":\"search_term_string\"}}],\"inLanguage\":\"it-IT\"}]}<\/script>\n<!-- \/ Yoast SEO Premium plugin. -->","yoast_head_json":{"title":"Progetto Leader - Abbazia di Admont","robots":{"index":"index","follow":"follow","max-snippet":"max-snippet:-1","max-image-preview":"max-image-preview:large","max-video-preview":"max-video-preview:-1"},"canonical":"https:\/\/stiftadmont.at\/it\/avvento-allabbazia-di-admont\/progetto-leader\/","og_locale":"it_IT","og_type":"article","og_title":"Leader-Projekt","og_url":"https:\/\/stiftadmont.at\/it\/avvento-allabbazia-di-admont\/progetto-leader\/","og_site_name":"Stift Admont","article_modified_time":"2025-02-12T07:29:03+00:00","og_image":[{"width":1912,"height":1188,"url":"https:\/\/stiftadmont.at\/wp-content\/uploads\/Klosteranlage-innen.jpg","type":"image\/jpeg"}],"twitter_card":"summary_large_image","schema":{"@context":"https:\/\/schema.org","@graph":[{"@type":"WebPage","@id":"https:\/\/stiftadmont.at\/advent-im-stift-admont\/leader-projekt\/","url":"https:\/\/stiftadmont.at\/advent-im-stift-admont\/leader-projekt\/","name":"Progetto Leader - Abbazia di Admont","isPartOf":{"@id":"https:\/\/stiftadmont.at\/#website"},"datePublished":"2023-10-06T07:32:03+00:00","dateModified":"2025-02-12T07:29:03+00:00","breadcrumb":{"@id":"https:\/\/stiftadmont.at\/advent-im-stift-admont\/leader-projekt\/#breadcrumb"},"inLanguage":"it-IT","potentialAction":[{"@type":"ReadAction","target":["https:\/\/stiftadmont.at\/advent-im-stift-admont\/leader-projekt\/"]}]},{"@type":"BreadcrumbList","@id":"https:\/\/stiftadmont.at\/advent-im-stift-admont\/leader-projekt\/#breadcrumb","itemListElement":[{"@type":"ListItem","position":1,"name":"Start","item":"https:\/\/stiftadmont.at\/"},{"@type":"ListItem","position":2,"name":"Advent im Stift Admont","item":"https:\/\/stiftadmont.at\/advent-im-stift-admont\/"},{"@type":"ListItem","position":3,"name":"Leader-Projekt"}]},{"@type":"WebSite","@id":"https:\/\/stiftadmont.at\/#website","url":"https:\/\/stiftadmont.at\/","name":"Abbazia di Admont","description":"Monastero benedettino e attrazione turistica nella Ges\u00e4use","potentialAction":[{"@type":"SearchAction","target":{"@type":"EntryPoint","urlTemplate":"https:\/\/stiftadmont.at\/?s={search_term_string}"},"query-input":{"@type":"PropertyValueSpecification","valueRequired":true,"valueName":"search_term_string"}}],"inLanguage":"it-IT"}]}},"_links":{"self":[{"href":"https:\/\/stiftadmont.at\/it\/wp-json\/wp\/v2\/pages\/21342","targetHints":{"allow":["GET"]}}],"collection":[{"href":"https:\/\/stiftadmont.at\/it\/wp-json\/wp\/v2\/pages"}],"about":[{"href":"https:\/\/stiftadmont.at\/it\/wp-json\/wp\/v2\/types\/page"}],"author":[{"embeddable":true,"href":"https:\/\/stiftadmont.at\/it\/wp-json\/wp\/v2\/users\/20"}],"replies":[{"embeddable":true,"href":"https:\/\/stiftadmont.at\/it\/wp-json\/wp\/v2\/comments?post=21342"}],"version-history":[{"count":24,"href":"https:\/\/stiftadmont.at\/it\/wp-json\/wp\/v2\/pages\/21342\/revisions"}],"predecessor-version":[{"id":32805,"href":"https:\/\/stiftadmont.at\/it\/wp-json\/wp\/v2\/pages\/21342\/revisions\/32805"}],"up":[{"embeddable":true,"href":"https:\/\/stiftadmont.at\/it\/wp-json\/wp\/v2\/pages\/21115"}],"wp:attachment":[{"href":"https:\/\/stiftadmont.at\/it\/wp-json\/wp\/v2\/media?parent=21342"}],"wp:term":[{"taxonomy":"category","embeddable":true,"href":"https:\/\/stiftadmont.at\/it\/wp-json\/wp\/v2\/categories?post=21342"}],"curies":[{"name":"wp","href":"https:\/\/api.w.org\/{rel}","templated":true}]}}