{"id":23952,"date":"2023-12-02T18:15:09","date_gmt":"2023-12-02T16:15:09","guid":{"rendered":"https:\/\/stiftadmont.at\/?page_id=23952"},"modified":"2024-06-07T09:12:09","modified_gmt":"2024-06-07T07:12:09","slug":"la-regola-di-san-benedetto","status":"publish","type":"page","link":"https:\/\/stiftadmont.at\/it\/950-jahre-stift-admont\/die-regel-des-hl-benedikt\/","title":{"rendered":"La Regola di San Benedetto"},"content":{"rendered":"<section id='lightpress__section--block_538a6b45cef88816afbdd1ec83fb9ba2' class='align-center lightpress__section--default-section-space lightpress__section lightpress__section--headline'><div class=\"headline__container\">\n            <h2 class=\"headline text--40 text-medium line line--gold line-above line-middle\">La Regola di San Benedetto<\/h2>\n        <p class=\"text-center text-gold text--20 text-medium text--uppercase\">Il cuore, la mano e il cervello di un monastero<\/p>\n        <div class=\"spacer--40\"><\/div>\n<\/div>\n\n<\/section>\n\n<section id='lightpress__section--block_0c6ff94ea3413abba14d6632ea7a913c' class='lightpress__section--default-section-space lightpress__section lightpress__section--content'><div class=\"content__inner\"\n         x-init=\"initContentBlockAnim($el)\">\n        \n    <div class=\"content__grid content__grid--fifty-fifty\">\n                                            <div class=\"content__box content__box\"\n                 style=\"margin-top: -2em;max-width:850px;justify-self: center;\">\n                                \n                \n                                            <div class=\"prose\"><p><strong>Quando l'Abbazia benedettina di Admont fu fondata nel 1074, monaci e monache vivevano gi\u00e0 da oltre 500 anni secondo la Regola di San Benedetto in tutto il mondo allora conosciuto. <\/strong><\/p>\n<p>Benedetto nacque intorno al 480 nell'attuale Italia, figlio di un ricco proprietario terriero. Fu mandato a studiare a Roma, ma abbandon\u00f2 presto gli studi per vivere da eremita sulle montagne dell'Enfide. Ben presto attir\u00f2 l'attenzione della gente del luogo, tanto che la comunit\u00e0 monastica di Vicovaro lo elesse abate. Tuttavia, la tensione in questa comunit\u00e0 era cos\u00ec forte che Benedetto lasci\u00f2 nuovamente il monastero dopo un tentativo di ucciderlo. <\/p>\n<p>San Benedetto si ritir\u00f2 a Subiaco e, secondo la tradizione, vi fond\u00f2 12 piccoli monasteri. Il monastero di Santa Scolastica, dedicato alla sorella gemella, esiste ancora oggi. I conflitti con i sacerdoti locali e con il vescovo resero necessario un altro trasferimento. Nel 529, Benedetto si trasfer\u00ec a Montecassino, a 80 chilometri di distanza, e vi fond\u00f2 un altro monastero, che oggi \u00e8 considerato il monastero madre dei Benedettini. <br \/>Le regole della casa che scrisse per Montecassino si diffusero rapidamente e oggi circa 40.000 monaci e monache in tutto il mondo vivono secondo queste regole. Lo scopo della Regula Benedicti \u00e8 quello di vivere il messaggio di Ges\u00f9. <br \/>Nel senso originario, la Regola di San Benedetto \u00e8 un manuale di istruzioni per vivere secondo il Vangelo. La tradizione la riassume con le tre parole latine \"ora et labora et lege\" - \"prega, lavora e leggi\". Questa triade benedettina caratterizza la vita monastica. Al primo posto c'\u00e8 la preghiera che, secondo Benedetto, nulla \u00e8 preferibile. Pi\u00f9 volte al giorno, i monaci di Admont si riuniscono nella cosiddetta cappella del coro per pregare insieme la Liturgia delle Ore. Questa cappella \u00e8 un po' come il centro della nostra casa. La preghiera stabilisce il ritmo della giornata e della vita benedettina. Nella preghiera, colleghiamo il nostro cuore con il cuore di Dio. Ascoltiamo con il cuore, come ci chiede San Benedetto. Senza una preghiera regolare, un monastero non sarebbe un monastero. Dopo la preghiera, i monaci devono dedicarsi al lavoro a cui sono assegnati.<\/p>\n<\/div>\n                    \n                            <\/div>\n        \n                                                    <div class=\"content__box content__box--2\"\n                     >\n                                        \n                                            \n                                                    <a href=\"https:\/\/www.youtube.com\/watch?v=-XzoCNJINJw\" class=\"content__video content__media\"\n                               x-data\n x-init=\"initContentLightBox('#lightpress__section--block_0c6ff94ea3413abba14d6632ea7a913c .content__video')\">\n                                                                \n                                <picture class=\"content__image\">\n                                    <source srcset=\"https:\/\/stiftadmont.at\/wp-content\/uploads\/Stift_Admont_\u00a9StefanLeitner_029-1024x735.webp\" type=\"image\/webp\">\n                                    <source srcset=\"https:\/\/stiftadmont.at\/wp-content\/uploads\/Stift_Admont_\u00a9StefanLeitner_029-1024x735.jpg\" type=\"image\/jpeg\">\n                                    <img decoding=\"async\" class=\"content__image\" loading=\"lazy\" src=\"https:\/\/stiftadmont.at\/wp-content\/uploads\/Stift_Admont_\u00a9StefanLeitner_029-1024x735.jpg\" alt=\"Abbazia di Admont \u00a9StefanLeitner 029\" width=\"600\" height=\"450\" \/>\n                                <\/picture>\n\n                                <span class=\"overlay-dark\"><\/span>\n                                <span class=\"content-overlay\"><\/span>\n                                <div class=\"content__plaque\">\n                                    <div class=\"content__plaque-inner\">\n                                        <span><i class=\"fas fa-play content__icon\"><\/i><\/span>\n                                        <p class=\"paragraph-m\">Gioco<\/p>\n                                    <\/div>\n                                <\/div>\n                            <\/a>\n                        \n                                    <\/div>\n            \n            <\/div>\n<\/div>\n\n<\/section>\n\n<section id='lightpress__section--block_9e3d7ac84140db7e67157fcd385ab045' class='lightpress__section--default-section-space lightpress__section lightpress__section--content'><div class=\"content__inner\"\n         x-init=\"initContentBlockAnim($el)\">\n        \n    <div class=\"content__grid content__grid\">\n                                            <div class=\"content__box content__box--one-hundred\"\n                 style=\"\">\n                                \n                \n                                            <div class=\"prose\"><p>Quest'area \u00e8 cambiata notevolmente dai tempi di San Benedetto. In passato si trattava soprattutto di agricoltura, ma oggi i monaci hanno molti altri compiti. Si suppone che i monaci vivano del lavoro delle loro mani, e quindi questa edizione per l'anniversario cerca di ritrarre i vari compiti dei monaci di Admont nel passato e oggi. Oltre alla preghiera e al lavoro, la lettura spirituale \u00e8 una parte essenziale della vita di un monaco benedettino. Il monaco deve dedicare ogni giorno un certo tempo alla lettura delle Sacre Scritture e di altri testi spirituali. Questa occupazione quotidiana dovrebbe servire come nutrimento per il cervello e quindi aiutare il monaco a sviluppare un rapporto ancora pi\u00f9 profondo con Cristo.<br \/>Oltre a questa grande triade, San Benedetto regolamenta molte questioni piccole e spesso apparentemente poco appariscenti, che per\u00f2 hanno un senso pi\u00f9 profondo all'interno della struttura pi\u00f9 ampia di un monastero. Per San Benedetto \u00e8 importante che i suoi monaci possano condurre una vita di successo. Nessuno deve essere sovraccaricato, nessuno deve essere svantaggiato. Un monastero dovrebbe essere un luogo di pace e di benevolenza reciproca. Benedetto termina la sua regola con le parole \"Ut in omnibus glorificetur Deus\" - \"Affinch\u00e9 Dio sia glorificato in ogni cosa\". Questa frase sta alla base di tutte le istruzioni che d\u00e0. Tutto deve essere fatto per la gloria di Dio.<\/p>\n<\/div>\n                    \n                            <\/div>\n        \n            <\/div>\n<\/div>\n\n<\/section>","protected":false},"excerpt":{"rendered":"","protected":false},"author":7,"featured_media":0,"parent":22541,"menu_order":9,"comment_status":"closed","ping_status":"closed","template":"","meta":{"_acf_changed":false,"footnotes":""},"categories":[],"class_list":["post-23952","page","type-page","status-publish","hentry"],"acf":[],"yoast_head":"<!-- This site is optimized with the Yoast SEO Premium plugin v26.0 (Yoast SEO v26.8) - https:\/\/yoast.com\/product\/yoast-seo-premium-wordpress\/ -->\n<title>Die Regel des Hl. Benedikt - Stift Admont<\/title>\n<meta name=\"robots\" content=\"index, follow, max-snippet:-1, max-image-preview:large, max-video-preview:-1\" \/>\n<link rel=\"canonical\" href=\"https:\/\/stiftadmont.at\/it\/950-anni-di-abbazia-di-admont\/la-regola-di-san-benedetto\/\" \/>\n<meta property=\"og:locale\" content=\"it_IT\" \/>\n<meta property=\"og:type\" content=\"article\" \/>\n<meta property=\"og:title\" content=\"Die Regel des Hl. Benedikt\" \/>\n<meta property=\"og:url\" content=\"https:\/\/stiftadmont.at\/it\/950-anni-di-abbazia-di-admont\/la-regola-di-san-benedetto\/\" \/>\n<meta property=\"og:site_name\" content=\"Stift Admont\" \/>\n<meta property=\"article:modified_time\" content=\"2024-06-07T07:12:09+00:00\" \/>\n<meta property=\"og:image\" content=\"https:\/\/stiftadmont.at\/wp-content\/uploads\/Klosteranlage-innen.jpg\" \/>\n\t<meta property=\"og:image:width\" content=\"1912\" \/>\n\t<meta property=\"og:image:height\" content=\"1188\" \/>\n\t<meta property=\"og:image:type\" content=\"image\/jpeg\" \/>\n<meta name=\"twitter:card\" content=\"summary_large_image\" \/>\n<script type=\"application\/ld+json\" class=\"yoast-schema-graph\">{\"@context\":\"https:\/\/schema.org\",\"@graph\":[{\"@type\":\"WebPage\",\"@id\":\"https:\/\/stiftadmont.at\/950-jahre-stift-admont\/die-regel-des-hl-benedikt\/\",\"url\":\"https:\/\/stiftadmont.at\/950-jahre-stift-admont\/die-regel-des-hl-benedikt\/\",\"name\":\"Die Regel des Hl. Benedikt - Stift Admont\",\"isPartOf\":{\"@id\":\"https:\/\/stiftadmont.at\/#website\"},\"datePublished\":\"2023-12-02T16:15:09+00:00\",\"dateModified\":\"2024-06-07T07:12:09+00:00\",\"breadcrumb\":{\"@id\":\"https:\/\/stiftadmont.at\/950-jahre-stift-admont\/die-regel-des-hl-benedikt\/#breadcrumb\"},\"inLanguage\":\"it-IT\",\"potentialAction\":[{\"@type\":\"ReadAction\",\"target\":[\"https:\/\/stiftadmont.at\/950-jahre-stift-admont\/die-regel-des-hl-benedikt\/\"]}]},{\"@type\":\"BreadcrumbList\",\"@id\":\"https:\/\/stiftadmont.at\/950-jahre-stift-admont\/die-regel-des-hl-benedikt\/#breadcrumb\",\"itemListElement\":[{\"@type\":\"ListItem\",\"position\":1,\"name\":\"Start\",\"item\":\"https:\/\/stiftadmont.at\/\"},{\"@type\":\"ListItem\",\"position\":2,\"name\":\"950 Jahre Stift Admont\",\"item\":\"https:\/\/stiftadmont.at\/950-jahre-stift-admont\/\"},{\"@type\":\"ListItem\",\"position\":3,\"name\":\"Die Regel des Hl. Benedikt\"}]},{\"@type\":\"WebSite\",\"@id\":\"https:\/\/stiftadmont.at\/#website\",\"url\":\"https:\/\/stiftadmont.at\/\",\"name\":\"Stift Admont\",\"description\":\"Benediktinerkloster und Sehensw\u00fcrdigkeit im Ges\u00e4use\",\"potentialAction\":[{\"@type\":\"SearchAction\",\"target\":{\"@type\":\"EntryPoint\",\"urlTemplate\":\"https:\/\/stiftadmont.at\/?s={search_term_string}\"},\"query-input\":{\"@type\":\"PropertyValueSpecification\",\"valueRequired\":true,\"valueName\":\"search_term_string\"}}],\"inLanguage\":\"it-IT\"}]}<\/script>\n<!-- \/ Yoast SEO Premium plugin. -->","yoast_head_json":{"title":"La Regola di San Benedetto - Abbazia di Admont","robots":{"index":"index","follow":"follow","max-snippet":"max-snippet:-1","max-image-preview":"max-image-preview:large","max-video-preview":"max-video-preview:-1"},"canonical":"https:\/\/stiftadmont.at\/it\/950-anni-di-abbazia-di-admont\/la-regola-di-san-benedetto\/","og_locale":"it_IT","og_type":"article","og_title":"Die Regel des Hl. Benedikt","og_url":"https:\/\/stiftadmont.at\/it\/950-anni-di-abbazia-di-admont\/la-regola-di-san-benedetto\/","og_site_name":"Stift Admont","article_modified_time":"2024-06-07T07:12:09+00:00","og_image":[{"width":1912,"height":1188,"url":"https:\/\/stiftadmont.at\/wp-content\/uploads\/Klosteranlage-innen.jpg","type":"image\/jpeg"}],"twitter_card":"summary_large_image","schema":{"@context":"https:\/\/schema.org","@graph":[{"@type":"WebPage","@id":"https:\/\/stiftadmont.at\/950-jahre-stift-admont\/die-regel-des-hl-benedikt\/","url":"https:\/\/stiftadmont.at\/950-jahre-stift-admont\/die-regel-des-hl-benedikt\/","name":"La Regola di San Benedetto - Abbazia di Admont","isPartOf":{"@id":"https:\/\/stiftadmont.at\/#website"},"datePublished":"2023-12-02T16:15:09+00:00","dateModified":"2024-06-07T07:12:09+00:00","breadcrumb":{"@id":"https:\/\/stiftadmont.at\/950-jahre-stift-admont\/die-regel-des-hl-benedikt\/#breadcrumb"},"inLanguage":"it-IT","potentialAction":[{"@type":"ReadAction","target":["https:\/\/stiftadmont.at\/950-jahre-stift-admont\/die-regel-des-hl-benedikt\/"]}]},{"@type":"BreadcrumbList","@id":"https:\/\/stiftadmont.at\/950-jahre-stift-admont\/die-regel-des-hl-benedikt\/#breadcrumb","itemListElement":[{"@type":"ListItem","position":1,"name":"Start","item":"https:\/\/stiftadmont.at\/"},{"@type":"ListItem","position":2,"name":"950 Jahre Stift Admont","item":"https:\/\/stiftadmont.at\/950-jahre-stift-admont\/"},{"@type":"ListItem","position":3,"name":"Die Regel des Hl. Benedikt"}]},{"@type":"WebSite","@id":"https:\/\/stiftadmont.at\/#website","url":"https:\/\/stiftadmont.at\/","name":"Abbazia di Admont","description":"Monastero benedettino e attrazione turistica nella Ges\u00e4use","potentialAction":[{"@type":"SearchAction","target":{"@type":"EntryPoint","urlTemplate":"https:\/\/stiftadmont.at\/?s={search_term_string}"},"query-input":{"@type":"PropertyValueSpecification","valueRequired":true,"valueName":"search_term_string"}}],"inLanguage":"it-IT"}]}},"_links":{"self":[{"href":"https:\/\/stiftadmont.at\/it\/wp-json\/wp\/v2\/pages\/23952","targetHints":{"allow":["GET"]}}],"collection":[{"href":"https:\/\/stiftadmont.at\/it\/wp-json\/wp\/v2\/pages"}],"about":[{"href":"https:\/\/stiftadmont.at\/it\/wp-json\/wp\/v2\/types\/page"}],"author":[{"embeddable":true,"href":"https:\/\/stiftadmont.at\/it\/wp-json\/wp\/v2\/users\/7"}],"replies":[{"embeddable":true,"href":"https:\/\/stiftadmont.at\/it\/wp-json\/wp\/v2\/comments?post=23952"}],"version-history":[{"count":5,"href":"https:\/\/stiftadmont.at\/it\/wp-json\/wp\/v2\/pages\/23952\/revisions"}],"predecessor-version":[{"id":26403,"href":"https:\/\/stiftadmont.at\/it\/wp-json\/wp\/v2\/pages\/23952\/revisions\/26403"}],"up":[{"embeddable":true,"href":"https:\/\/stiftadmont.at\/it\/wp-json\/wp\/v2\/pages\/22541"}],"wp:attachment":[{"href":"https:\/\/stiftadmont.at\/it\/wp-json\/wp\/v2\/media?parent=23952"}],"wp:term":[{"taxonomy":"category","embeddable":true,"href":"https:\/\/stiftadmont.at\/it\/wp-json\/wp\/v2\/categories?post=23952"}],"curies":[{"name":"wp","href":"https:\/\/api.w.org\/{rel}","templated":true}]}}