{"id":26417,"date":"2024-02-21T12:24:48","date_gmt":"2024-02-21T10:24:48","guid":{"rendered":"https:\/\/stiftadmont.at\/?page_id=26417"},"modified":"2025-01-08T10:32:27","modified_gmt":"2025-01-08T08:32:27","slug":"prefazione-mario-brandmueller","status":"publish","type":"page","link":"https:\/\/stiftadmont.at\/it\/vorwort-mario-brandmueller\/","title":{"rendered":"Prefazione di Mario Brandm\u00fcller"},"content":{"rendered":"<section id='lightpress__section--block_dc98235d4b4313ed74ff721a175ad0bd' class='lightpress__section--default-section-space lightpress__section lightpress__section--content'><div class=\"content__inner\"\n         x-init=\"initContentBlockAnim($el)\">\n        \n    <div class=\"content__grid content__grid\">\n                                            <div class=\"content__box content__box--one-hundred\"\n                 style=\"max-width:850px;justify-self: center;\">\n                                \n                \n                                            <div class=\"prose\"><h2 class=\"heading-xxl line line-above line--gold\">Weil Vielfalt bewegt!<\/h2>\n<p>\u00a0<\/p>\n<p><strong>Zweiundzwanzig Jahre ist es mittlerweile her, dass das Gro\u00dfmuseum des Benediktinerstiftes Admont er\u00f6ffnet wurde. Unter dem Motto \u201eEs lebe die Vielfalt!\u201c wurden von Beginn an eine Abteilung f\u00fcr Gegenwartskunst, ein Kunst- und ein Naturhistorisches Museum und die weltweit gr\u00f6\u00dfte Klosterbibliothek unter einem Dach vereint.<\/strong><\/p>\n<p>\u00a0<\/p>\n<p>2017 konnte dieses Angebot durch ein Gotik-Museum erweitert werden. Vielfalt, die Anklang findet: Von 2015 bis 2019 stieg die Zahl der Besucherinnen und Besucher um ganze vierzig Prozent. Ein Wachstum, das 2021 in einem Rekord gipfelte: Am 5. August dieses Jahres konnte das Stiftsmuseum einen wahren Besucheransturm verzeichnen. An diesem Tag haben 1.100 Menschen unsere Ausstellungen besichtigt. Gesamteintritte 2021: 70.000. Eine Zahl, die wohl schon bald \u00fcbertroffen werden wird. Denn durch die st\u00e4ndige Weiterentwicklung des wohl kontrastreichsten Privatmuseums \u00d6sterreichs erwarten wir, die 80.000-Besuchermarke in n\u00e4chster Zeit zu knacken.<\/p>\n<p>\u00a0<\/p>\n<p>Ein Ziel, auf das wir uns gut vorbereitet haben: Unser neues Leitsystem ging im letzten Jahr in Betrieb und sorgt f\u00fcr einen guten \u00dcberblick \u00fcber alle Bereiche des Museums. Orientierung soll das neue Leitsystem jedoch nicht nur innerhalb, sondern auch au\u00dferhalb des Museums bieten. Informative Lagepl\u00e4ne und Wegweiser f\u00fchren \u00fcber das gesamte Areal und lotsen zu allen \u00f6ffentlich zug\u00e4nglichen Geb\u00e4uden und Au\u00dfenanlagen. Einen guten \u00dcberblick bietet auch unsere neu gestaltete Homepage.<\/p>\n<p>\u00a0<\/p>\n<p>So vielf\u00e4ltig wie das Museum selbst und die getroffenen Vorbereitungen f\u00fcr die diesj\u00e4hrige Saison sind auch die F\u00fchrungen, die wir anbieten. Neben Gruppenrundg\u00e4ngen durch die Bibliothek finden auch exklusive F\u00fchrungen au\u00dferhalb der regul\u00e4ren \u00d6ffnungszeiten statt, die mit einer Verkostung unserer stiftseigenen DVERI PAX Weine enden.<\/p>\n<p>Wem es nicht m\u00f6glich ist, unser Museum vor Ort zu besuchen, kann die <strong>weltweit gr\u00f6\u00dfte Klosterbibliothek auch online besichtigen<\/strong>. Die digitale Tour steht auf <a title=\"discover-culture.com\" href=\"https:\/\/www.discover-culture.com\" target=\"_blank\" rel=\"noopener\">discover-culture.com<\/a> kostenfrei zur Verf\u00fcgung. Nicht zuletzt tr\u00e4gt der virtuelle Rundgang auch dazu bei, die Neugierde auf das Erlebnis vor Ort zu wecken. Dies best\u00e4tigt sich auch durch die Aufenthaltsdauer unserer G\u00e4ste: Neben der Zahl der Tagestouristen w\u00e4chst auch die Zahl jener, die einen Besuch im Stiftsmuseum mit einem Kurzurlaub in Admont und Umgebung verbinden. Damit nimmt das Benediktinerstift eine wichtige Rolle in der touristischen Entwicklung der Region ein, die sich ebenso kontrastreich wie das Stiftsmuseum pr\u00e4sentiert.<\/p>\n<p>In diesem Sinne: Es lebe die Vielfalt!<\/p>\n<p>\u00a0<\/p>\n<p>Mario Brandm\u00fcller<\/p>\n<p class=\"paragraph-s\">Wirtschaftlicher Leiter Museum Stift Admont und Leiter f\u00fcr Tourismus und Kommunikation<\/p>\n<p class=\"paragraph-s\">Gesch\u00e4ftsf\u00fchrer Kaiserau Tourismus GmbH<\/p>\n<p>\u00a0<\/p>\n<p>\u00a0<\/p>\n<\/div>\n                    \n                            <\/div>\n        \n            <\/div>\n<\/div>\n\n<\/section>\n\n<section id='lightpress__section--block_9842632b5e7709ccd83dccaba1bf40ef' class='lightpress__section--default-section-space lightpress__section lightpress__section--image-slider'>\n<div class=\"image-slider\"\n     x-data=\"{ gallery: null, shown: false }\"\n     x-init=\"gallery = initSliderGallery([{&quot;href&quot;:&quot;https:\\\/\\\/stiftadmont.at\\\/wp-content\\\/uploads\\\/Stift-Admont-KHM-Gotik-GWK-\\u00a9-Michael-Braunsteiner-1-1920x1280.jpg&quot;,&quot;type&quot;:&quot;image&quot;},{&quot;href&quot;:&quot;https:\\\/\\\/stiftadmont.at\\\/wp-content\\\/uploads\\\/Kinder_Museum_c-Thomas-Sattler-15_www.jpg&quot;,&quot;type&quot;:&quot;image&quot;},{&quot;href&quot;:&quot;https:\\\/\\\/stiftadmont.at\\\/wp-content\\\/uploads\\\/Raum_3-1920x1080.jpg&quot;,&quot;type&quot;:&quot;image&quot;},{&quot;href&quot;:&quot;https:\\\/\\\/stiftadmont.at\\\/wp-content\\\/uploads\\\/Museumsshop_\\u00a9Thomas-Sattler-13-e1648800921685-1920x1280.jpg&quot;,&quot;type&quot;:&quot;image&quot;},{&quot;href&quot;:&quot;https:\\\/\\\/stiftadmont.at\\\/wp-content\\\/uploads\\\/Museumsshop_\\u00a9Thomas-Sattler-1920x1280.jpg&quot;,&quot;type&quot;:&quot;image&quot;}]); initImageSliderBlockAnim($el);\">\n    <div class=\"image-slider__inner\">\n\n        <div class=\"swiper-container\" x-init=\"initImageSliderBlock($el, $refs.btnPrev, $refs.btnNext)\">\n            <div class=\"swiper-wrapper\">\n                                    <div class=\"swiper-slide\">\n                        <div class=\"image-slider__media\">\n                            <img decoding=\"async\" class=\"image-slider__image\"\n                                 src=\"https:\/\/stiftadmont.at\/wp-content\/uploads\/Stift-Admont-KHM-Gotik-GWK-\u00a9-Michael-Braunsteiner-1-768x512.jpg\"\n                                 alt=\"Stift Admont   KHM Gotik GWK \u00a9 Michael Braunsteiner 1\">\n                        <\/div>\n                    <\/div>\n                                    <div class=\"swiper-slide\">\n                        <div class=\"image-slider__media\">\n                            <img decoding=\"async\" class=\"image-slider__image\"\n                                 src=\"https:\/\/stiftadmont.at\/wp-content\/uploads\/Kinder_Museum_c-Thomas-Sattler-15_www-768x1152.jpg\"\n                                 alt=\"Kinder Museum c Thomas Sattler 15 www\">\n                        <\/div>\n                    <\/div>\n                                    <div class=\"swiper-slide\">\n                        <div class=\"image-slider__media\">\n                            <img decoding=\"async\" class=\"image-slider__image\"\n                                 src=\"https:\/\/stiftadmont.at\/wp-content\/uploads\/Raum_3-768x432.jpg\"\n                                 alt=\"Raum 3\">\n                        <\/div>\n                    <\/div>\n                                    <div class=\"swiper-slide\">\n                        <div class=\"image-slider__media\">\n                            <img decoding=\"async\" class=\"image-slider__image\"\n                                 src=\"https:\/\/stiftadmont.at\/wp-content\/uploads\/Museumsshop_\u00a9Thomas-Sattler-13-e1648800921685-768x512.jpg\"\n                                 alt=\"Museumsshop \u00a9Thomas Sattler 13 e1648800921685\">\n                        <\/div>\n                    <\/div>\n                                    <div class=\"swiper-slide\">\n                        <div class=\"image-slider__media\">\n                            <img decoding=\"async\" class=\"image-slider__image\"\n                                 src=\"https:\/\/stiftadmont.at\/wp-content\/uploads\/Museumsshop_\u00a9Thomas-Sattler-768x512.jpg\"\n                                 alt=\"Museumsshop \u00a9Thomas Sattler scaled\">\n                        <\/div>\n                    <\/div>\n                            <\/div>\n\n            <div class=\"swiper-nav-wrapper\">\n                <button class=\"swiper-button-prev slider-button--prev\" x-ref=\"btnPrev\"\n                        aria-label=\"Vorige Bilder anzeigen\">\n                    <img decoding=\"async\" src=\"\/wp-content\/themes\/stift-admont\/src\/assets\/img\/arrow-left-big-new.svg\" alt=\"Pfeil nach Links\">\n                <\/button>\n\n\n                <a class=\"image-slider__gallery\" @click=\"openGallery(gallery)\"><i class=\"fa-thin fa-plus\"><\/i><\/a>\n                <button class=\"swiper-button-next slider-button--next\"\n                        x-ref=\"btnNext\"\n                        aria-label=\"N\u00e4chste Bilder anzeigen\">\n                    <img decoding=\"async\" src=\"\/wp-content\/themes\/stift-admont\/src\/assets\/img\/arrow-right-big-new.svg\" alt=\"Pfeil nach Rechts\">\n                <\/button>\n            <\/div>\n        <\/div>\n    <\/div>\n\n\n<\/div><\/section>","protected":false},"excerpt":{"rendered":"","protected":false},"author":7,"featured_media":0,"parent":0,"menu_order":35,"comment_status":"closed","ping_status":"closed","template":"","meta":{"_acf_changed":false,"footnotes":""},"categories":[],"class_list":["post-26417","page","type-page","status-publish","hentry"],"acf":[],"yoast_head":"<!-- This site is optimized with the Yoast SEO Premium plugin v26.0 (Yoast SEO v26.8) - https:\/\/yoast.com\/product\/yoast-seo-premium-wordpress\/ -->\n<title>Vorwort Mario Brandm\u00fcller - Stift Admont<\/title>\n<meta name=\"robots\" content=\"index, follow, max-snippet:-1, max-image-preview:large, max-video-preview:-1\" \/>\n<link rel=\"canonical\" href=\"https:\/\/stiftadmont.at\/it\/prefazione-mario-brandmueller\/\" \/>\n<meta property=\"og:locale\" content=\"it_IT\" \/>\n<meta property=\"og:type\" content=\"article\" \/>\n<meta property=\"og:title\" content=\"Vorwort Mario Brandm\u00fcller\" \/>\n<meta property=\"og:url\" content=\"https:\/\/stiftadmont.at\/it\/prefazione-mario-brandmueller\/\" \/>\n<meta property=\"og:site_name\" content=\"Stift Admont\" \/>\n<meta property=\"article:modified_time\" content=\"2025-01-08T08:32:27+00:00\" \/>\n<meta property=\"og:image\" content=\"https:\/\/stiftadmont.at\/wp-content\/uploads\/Klosteranlage-innen.jpg\" \/>\n\t<meta property=\"og:image:width\" content=\"1912\" \/>\n\t<meta property=\"og:image:height\" content=\"1188\" \/>\n\t<meta property=\"og:image:type\" content=\"image\/jpeg\" \/>\n<meta name=\"twitter:card\" content=\"summary_large_image\" \/>\n<script type=\"application\/ld+json\" class=\"yoast-schema-graph\">{\"@context\":\"https:\/\/schema.org\",\"@graph\":[{\"@type\":\"WebPage\",\"@id\":\"https:\/\/stiftadmont.at\/vorwort-mario-brandmueller\/\",\"url\":\"https:\/\/stiftadmont.at\/vorwort-mario-brandmueller\/\",\"name\":\"Vorwort Mario Brandm\u00fcller - Stift Admont\",\"isPartOf\":{\"@id\":\"https:\/\/stiftadmont.at\/#website\"},\"datePublished\":\"2024-02-21T10:24:48+00:00\",\"dateModified\":\"2025-01-08T08:32:27+00:00\",\"breadcrumb\":{\"@id\":\"https:\/\/stiftadmont.at\/vorwort-mario-brandmueller\/#breadcrumb\"},\"inLanguage\":\"it-IT\",\"potentialAction\":[{\"@type\":\"ReadAction\",\"target\":[\"https:\/\/stiftadmont.at\/vorwort-mario-brandmueller\/\"]}]},{\"@type\":\"BreadcrumbList\",\"@id\":\"https:\/\/stiftadmont.at\/vorwort-mario-brandmueller\/#breadcrumb\",\"itemListElement\":[{\"@type\":\"ListItem\",\"position\":1,\"name\":\"Start\",\"item\":\"https:\/\/stiftadmont.at\/\"},{\"@type\":\"ListItem\",\"position\":2,\"name\":\"Vorwort Mario Brandm\u00fcller\"}]},{\"@type\":\"WebSite\",\"@id\":\"https:\/\/stiftadmont.at\/#website\",\"url\":\"https:\/\/stiftadmont.at\/\",\"name\":\"Stift Admont\",\"description\":\"Benediktinerkloster und Sehensw\u00fcrdigkeit im Ges\u00e4use\",\"potentialAction\":[{\"@type\":\"SearchAction\",\"target\":{\"@type\":\"EntryPoint\",\"urlTemplate\":\"https:\/\/stiftadmont.at\/?s={search_term_string}\"},\"query-input\":{\"@type\":\"PropertyValueSpecification\",\"valueRequired\":true,\"valueName\":\"search_term_string\"}}],\"inLanguage\":\"it-IT\"}]}<\/script>\n<!-- \/ Yoast SEO Premium plugin. -->","yoast_head_json":{"title":"Prefazione di Mario Brandm\u00fcller - Abbazia di Admont","robots":{"index":"index","follow":"follow","max-snippet":"max-snippet:-1","max-image-preview":"max-image-preview:large","max-video-preview":"max-video-preview:-1"},"canonical":"https:\/\/stiftadmont.at\/it\/prefazione-mario-brandmueller\/","og_locale":"it_IT","og_type":"article","og_title":"Vorwort Mario Brandm\u00fcller","og_url":"https:\/\/stiftadmont.at\/it\/prefazione-mario-brandmueller\/","og_site_name":"Stift Admont","article_modified_time":"2025-01-08T08:32:27+00:00","og_image":[{"width":1912,"height":1188,"url":"https:\/\/stiftadmont.at\/wp-content\/uploads\/Klosteranlage-innen.jpg","type":"image\/jpeg"}],"twitter_card":"summary_large_image","schema":{"@context":"https:\/\/schema.org","@graph":[{"@type":"WebPage","@id":"https:\/\/stiftadmont.at\/vorwort-mario-brandmueller\/","url":"https:\/\/stiftadmont.at\/vorwort-mario-brandmueller\/","name":"Prefazione di Mario Brandm\u00fcller - Abbazia di Admont","isPartOf":{"@id":"https:\/\/stiftadmont.at\/#website"},"datePublished":"2024-02-21T10:24:48+00:00","dateModified":"2025-01-08T08:32:27+00:00","breadcrumb":{"@id":"https:\/\/stiftadmont.at\/vorwort-mario-brandmueller\/#breadcrumb"},"inLanguage":"it-IT","potentialAction":[{"@type":"ReadAction","target":["https:\/\/stiftadmont.at\/vorwort-mario-brandmueller\/"]}]},{"@type":"BreadcrumbList","@id":"https:\/\/stiftadmont.at\/vorwort-mario-brandmueller\/#breadcrumb","itemListElement":[{"@type":"ListItem","position":1,"name":"Start","item":"https:\/\/stiftadmont.at\/"},{"@type":"ListItem","position":2,"name":"Vorwort Mario Brandm\u00fcller"}]},{"@type":"WebSite","@id":"https:\/\/stiftadmont.at\/#website","url":"https:\/\/stiftadmont.at\/","name":"Abbazia di Admont","description":"Monastero benedettino e attrazione turistica nella Ges\u00e4use","potentialAction":[{"@type":"SearchAction","target":{"@type":"EntryPoint","urlTemplate":"https:\/\/stiftadmont.at\/?s={search_term_string}"},"query-input":{"@type":"PropertyValueSpecification","valueRequired":true,"valueName":"search_term_string"}}],"inLanguage":"it-IT"}]}},"_links":{"self":[{"href":"https:\/\/stiftadmont.at\/it\/wp-json\/wp\/v2\/pages\/26417","targetHints":{"allow":["GET"]}}],"collection":[{"href":"https:\/\/stiftadmont.at\/it\/wp-json\/wp\/v2\/pages"}],"about":[{"href":"https:\/\/stiftadmont.at\/it\/wp-json\/wp\/v2\/types\/page"}],"author":[{"embeddable":true,"href":"https:\/\/stiftadmont.at\/it\/wp-json\/wp\/v2\/users\/7"}],"replies":[{"embeddable":true,"href":"https:\/\/stiftadmont.at\/it\/wp-json\/wp\/v2\/comments?post=26417"}],"version-history":[{"count":16,"href":"https:\/\/stiftadmont.at\/it\/wp-json\/wp\/v2\/pages\/26417\/revisions"}],"predecessor-version":[{"id":31812,"href":"https:\/\/stiftadmont.at\/it\/wp-json\/wp\/v2\/pages\/26417\/revisions\/31812"}],"wp:attachment":[{"href":"https:\/\/stiftadmont.at\/it\/wp-json\/wp\/v2\/media?parent=26417"}],"wp:term":[{"taxonomy":"category","embeddable":true,"href":"https:\/\/stiftadmont.at\/it\/wp-json\/wp\/v2\/categories?post=26417"}],"curies":[{"name":"wp","href":"https:\/\/api.w.org\/{rel}","templated":true}]}}