{"id":27272,"date":"2024-03-20T13:04:45","date_gmt":"2024-03-20T11:04:45","guid":{"rendered":"https:\/\/stiftadmont.at\/?page_id=27272"},"modified":"2025-02-05T11:57:59","modified_gmt":"2025-02-05T09:57:59","slug":"sponsor-esclusivi","status":"publish","type":"page","link":"https:\/\/stiftadmont.at\/it\/950-jahre-stift-admont\/exklusivsponsoren\/","title":{"rendered":"Sponsor esclusivi"},"content":{"rendered":"<section id='lightpress__section--block_fa507713c3502512717a9305baf2dbf0' class='lightpress__section--default-section-space lightpress__section lightpress__section--content'><div class=\"content__inner\"\n         x-init=\"initContentBlockAnim($el)\">\n        \n    <div class=\"content__grid content__grid--forty-sixty\">\n                                            <div class=\"content__box content__box\"\n                 style=\"\">\n                                \n                \n                                            <div class=\"prose\"><h5 class=\"heading-m line line-above line--gold\">Grazer Wechselseitige Versicherung AG<\/h5>\n<p>\u00a0<\/p>\n<p><strong>Una partnership per la tradizione e il futuro:<\/strong><br \/><strong>Grazer Wechselseitige Versicherung AG si congratula con l'Abbazia di Admont per il suo 950\u00b0 anniversario<\/strong><\/p>\n<p>\u00a0<\/p>\n<p>Grazer Wechselseitige Versicherung AG \u00e8 da molti anni un partner orgoglioso di Admont Abbey e, a nome della nostra azienda, vorrei congratularmi con loro per il loro 950\u00b0 anniversario!<\/p>\n<p>\"Nell'unit\u00e0 di molti risiede il potere che porta al bene. \u00c8 compito di tutti contribuire a questo\". Questa citazione proviene dall'arciduca Johann, che fond\u00f2 GRAWE nel 1828 e che continua a ispirarci come azienda ancora oggi.<\/p>\n<p>\u00a0<\/p>\n<p>L'Abbazia di Admont \u00e8 un gioiello storico della Stiria che unisce un ricco passato a un futuro promettente. Insieme all'Abbazia di Admont e ad altri sostenitori, cerchiamo di preservare il patrimonio culturale per le generazioni future.<\/p>\n<p>\u00a0<\/p>\n<p>L'Abbazia di Admont \u00e8 pi\u00f9 di un semplice luogo di storia. \u00c8 una fonte di ispirazione e custodisce tesori che conservano la conoscenza e la saggezza dei tempi passati. Come azienda impegnata nell'innovazione senza trascurare le proprie radici tradizionali, siamo onorati di contribuire alla conservazione del patrimonio dell'Abbazia di Admont.<\/p>\n<p>\u00a0<\/p>\n<p>La nostra collaborazione con l'Abbazia di Admont \u00e8 caratterizzata da fiducia e valori condivisi. Crediamo che la combinazione di tradizione e innovazione sia la chiave per un futuro di successo. Con il nostro sostegno, non vogliamo solo onorare l'anniversario, ma anche rafforzare la missione del monastero di preservare il passato e plasmare il futuro.<\/p>\n<p>\u00a0<\/p>\n<p>Congratulazioni per il vostro anniversario e auguri per un futuro di successo!<\/p>\n<p>\u00a0<\/p>\n<p><em><strong>Direttore generale Klaus Scheitegel<br \/><\/strong><\/em>Grazer Wechselseitige Versicherung AG<\/p>\n<p>\u00a0<\/p>\n<p><img decoding=\"async\" src=\"https:\/\/stiftadmont.at\/wp-content\/uploads\/GRAWE_Logo_2021_100-30-80-0-1.png\" width=\"150px\" \/><\/p>\n<\/div>\n                    \n                            <\/div>\n        \n                                                    <div class=\"content__box content__box--2\"\n                     >\n                                        \n                    \n                                                <div class=\"content__media stickyTo\" x-init=\"imageSticky($el)\">\n\n                                                                                    <picture\n                                    class=\"content__image sticky\">\n                                <source srcset=\"https:\/\/stiftadmont.at\/wp-content\/uploads\/GD_Mag._Klaus_Scheitegel__c__Ralph_Koenig-683x1024.webp\" type=\"image\/webp\">\n                                <source srcset=\"https:\/\/stiftadmont.at\/wp-content\/uploads\/GD_Mag._Klaus_Scheitegel__c__Ralph_Koenig-683x1024.jpg\" type=\"image\/jpeg\">\n                                <img decoding=\"async\" class=\"sticky\" loading=\"lazy\" src=\"https:\/\/stiftadmont.at\/wp-content\/uploads\/GD_Mag._Klaus_Scheitegel__c__Ralph_Koenig-683x1024.jpg\" alt=\"DG Klaus Scheitegel c Ralph Koenig\" \/>\n\n                                                                                                                            <\/picture>\n\n                        <\/div>\n\n                                    <\/div>\n            \n            <\/div>\n<\/div>\n\n<\/section>\n\n<section id='lightpress__section--block_c976f603e3df09c1394705c78da63378' class='lightpress__section--default-section-space lightpress__section lightpress__section--content'><div class=\"content__inner\"\n         x-init=\"initContentBlockAnim($el)\">\n        \n    <div class=\"content__grid content__grid--forty-sixty\">\n                                            <div class=\"content__box content__box\"\n                 style=\"\">\n                                \n                \n                                        <div class=\"content__media stickyTo\" x-init=\"imageSticky($el)\">\n\n                                                                                                <picture\n                                class=\"content__image sticky\">\n                            <source srcset=\"https:\/\/stiftadmont.at\/wp-content\/uploads\/Raiffeisen-Landesbank-Steiermark-Martin-Schaller-731x1024.jpg\"\n                                    type=\"image\/webp\">\n                            <source srcset=\"https:\/\/stiftadmont.at\/wp-content\/uploads\/Raiffeisen-Landesbank-Steiermark-Martin-Schaller-731x1024.jpg\"\n                                    type=\"image\/jpeg\">\n                            <img decoding=\"async\" loading=\"lazy\"\n                                 src=\"https:\/\/stiftadmont.at\/wp-content\/uploads\/Raiffeisen-Landesbank-Steiermark-Martin-Schaller-731x1024.jpg\"\n                                 alt=\"Raiffeisen Landesbank Stiria Martin Schaller\" width=\"600\" height=\"450\">\n                                                                                                            <\/picture>\n\n                    <\/div>\n\n                            <\/div>\n        \n                                                    <div class=\"content__box content__box--2\"\n                     >\n                                        \n                    \n                                                    <div class=\"prose\"><h5 class=\"heading-m line line-above line--gold\">Raiffeisen-Landesbank Stiria<\/h5>\n<p>\u00a0<\/p>\n<p class=\"paragraph-m\"><strong>A nome di tutto il Gruppo bancario Raiffeisen, desidero porgere le mie pi\u00f9 sentite congratulazioni per l'eccezionale 950\u00b0 anniversario dell'Abbazia di Admont!<\/strong><\/p>\n<p>\u00a0<\/p>\n<p class=\"paragraph-m\">Questa storia secolare \u00e8 caratterizzata da valori quali la tradizione, la comunit\u00e0 e la conoscenza e merita il nostro massimo riconoscimento. L'Abbazia di Admont non svolge solo un importante ruolo economico nella regione, ad esempio come datore di lavoro o forza trainante dello sviluppo locale. \u00c8 un luogo di fede e di educazione e, non va dimenticato, un vivace centro di cultura e di incontro.<\/p>\n<p>\u00a0<\/p>\n<p class=\"paragraph-m\">In qualit\u00e0 di partner di lunga data dell'Abbazia, siamo quindi lieti di partecipare alle prossime celebrazioni. Il nostro rapporto di lunga data si basa su una visione condivisa. Una visione basata sulla solidariet\u00e0, sul rispetto reciproco, sull'impegno per la regione e sulla ricerca di un futuro promettente. Una visione che riflette i nostri valori Raiffeisen di vicinanza, regionalit\u00e0 e progresso nello spirito della comunit\u00e0. Insieme, ma ognuno a modo suo, lavoriamo per dare forma a un futuro in cui tradizione e innovazione vadano di pari passo e contribuiscano a rafforzare e arricchire la nostra societ\u00e0.<\/p>\n<p>\u00a0<\/p>\n<p class=\"paragraph-m\">La nostra partnership continuer\u00e0 quindi anche dopo questo anniversario e continuer\u00e0 a costituire una base stabile per l'apprezzamento, il sostegno reciproco e la sostenibilit\u00e0.<\/p>\n<p>\u00a0<\/p>\n<p class=\"paragraph-m\">Congratulazioni per il vostro anniversario e tanti auguri per il futuro!<\/p>\n<p>\u00a0<\/p>\n<p class=\"paragraph-m\"><em><strong>KR MMag. Martin Schaller<\/strong><\/em><br \/>Direttore generale della Raiffeisen-Landesbank Steiermark<\/p>\n<p>\u00a0<\/p>\n<p><img decoding=\"async\" src=\"https:\/\/stiftadmont.at\/wp-content\/uploads\/Giebelkreuz_gelb.png\" width=\"50px\" \/><\/p>\n<\/div>\n                        \n                                    <\/div>\n            \n            <\/div>\n<\/div>\n\n<\/section>","protected":false},"excerpt":{"rendered":"","protected":false},"author":7,"featured_media":0,"parent":22541,"menu_order":1,"comment_status":"closed","ping_status":"closed","template":"","meta":{"_acf_changed":false,"footnotes":""},"categories":[],"class_list":["post-27272","page","type-page","status-publish","hentry"],"acf":[],"yoast_head":"<!-- This site is optimized with the Yoast SEO Premium plugin v26.0 (Yoast SEO v26.8) - https:\/\/yoast.com\/product\/yoast-seo-premium-wordpress\/ -->\n<title>Exklusivsponsoren - Stift Admont<\/title>\n<meta name=\"robots\" content=\"index, follow, max-snippet:-1, max-image-preview:large, max-video-preview:-1\" \/>\n<link rel=\"canonical\" href=\"https:\/\/stiftadmont.at\/it\/950-anni-di-abbazia-di-admont\/sponsor-esclusivi\/\" \/>\n<meta property=\"og:locale\" content=\"it_IT\" \/>\n<meta property=\"og:type\" content=\"article\" \/>\n<meta property=\"og:title\" content=\"Exklusivsponsoren\" \/>\n<meta property=\"og:url\" content=\"https:\/\/stiftadmont.at\/it\/950-anni-di-abbazia-di-admont\/sponsor-esclusivi\/\" \/>\n<meta property=\"og:site_name\" content=\"Stift Admont\" \/>\n<meta property=\"article:modified_time\" content=\"2025-02-05T09:57:59+00:00\" \/>\n<meta property=\"og:image\" content=\"https:\/\/stiftadmont.at\/wp-content\/uploads\/Klosteranlage-innen.jpg\" \/>\n\t<meta property=\"og:image:width\" content=\"1912\" \/>\n\t<meta property=\"og:image:height\" content=\"1188\" \/>\n\t<meta property=\"og:image:type\" content=\"image\/jpeg\" \/>\n<meta name=\"twitter:card\" content=\"summary_large_image\" \/>\n<script type=\"application\/ld+json\" class=\"yoast-schema-graph\">{\"@context\":\"https:\/\/schema.org\",\"@graph\":[{\"@type\":\"WebPage\",\"@id\":\"https:\/\/stiftadmont.at\/950-jahre-stift-admont\/exklusivsponsoren\/\",\"url\":\"https:\/\/stiftadmont.at\/950-jahre-stift-admont\/exklusivsponsoren\/\",\"name\":\"Exklusivsponsoren - Stift Admont\",\"isPartOf\":{\"@id\":\"https:\/\/stiftadmont.at\/#website\"},\"datePublished\":\"2024-03-20T11:04:45+00:00\",\"dateModified\":\"2025-02-05T09:57:59+00:00\",\"breadcrumb\":{\"@id\":\"https:\/\/stiftadmont.at\/950-jahre-stift-admont\/exklusivsponsoren\/#breadcrumb\"},\"inLanguage\":\"it-IT\",\"potentialAction\":[{\"@type\":\"ReadAction\",\"target\":[\"https:\/\/stiftadmont.at\/950-jahre-stift-admont\/exklusivsponsoren\/\"]}]},{\"@type\":\"BreadcrumbList\",\"@id\":\"https:\/\/stiftadmont.at\/950-jahre-stift-admont\/exklusivsponsoren\/#breadcrumb\",\"itemListElement\":[{\"@type\":\"ListItem\",\"position\":1,\"name\":\"Start\",\"item\":\"https:\/\/stiftadmont.at\/\"},{\"@type\":\"ListItem\",\"position\":2,\"name\":\"950 Jahre Stift Admont\",\"item\":\"https:\/\/stiftadmont.at\/950-jahre-stift-admont\/\"},{\"@type\":\"ListItem\",\"position\":3,\"name\":\"Exklusivsponsoren\"}]},{\"@type\":\"WebSite\",\"@id\":\"https:\/\/stiftadmont.at\/#website\",\"url\":\"https:\/\/stiftadmont.at\/\",\"name\":\"Stift Admont\",\"description\":\"Benediktinerkloster und Sehensw\u00fcrdigkeit im Ges\u00e4use\",\"potentialAction\":[{\"@type\":\"SearchAction\",\"target\":{\"@type\":\"EntryPoint\",\"urlTemplate\":\"https:\/\/stiftadmont.at\/?s={search_term_string}\"},\"query-input\":{\"@type\":\"PropertyValueSpecification\",\"valueRequired\":true,\"valueName\":\"search_term_string\"}}],\"inLanguage\":\"it-IT\"}]}<\/script>\n<!-- \/ Yoast SEO Premium plugin. -->","yoast_head_json":{"title":"Sponsor esclusivi - Abbazia di Admont","robots":{"index":"index","follow":"follow","max-snippet":"max-snippet:-1","max-image-preview":"max-image-preview:large","max-video-preview":"max-video-preview:-1"},"canonical":"https:\/\/stiftadmont.at\/it\/950-anni-di-abbazia-di-admont\/sponsor-esclusivi\/","og_locale":"it_IT","og_type":"article","og_title":"Exklusivsponsoren","og_url":"https:\/\/stiftadmont.at\/it\/950-anni-di-abbazia-di-admont\/sponsor-esclusivi\/","og_site_name":"Stift Admont","article_modified_time":"2025-02-05T09:57:59+00:00","og_image":[{"width":1912,"height":1188,"url":"https:\/\/stiftadmont.at\/wp-content\/uploads\/Klosteranlage-innen.jpg","type":"image\/jpeg"}],"twitter_card":"summary_large_image","schema":{"@context":"https:\/\/schema.org","@graph":[{"@type":"WebPage","@id":"https:\/\/stiftadmont.at\/950-jahre-stift-admont\/exklusivsponsoren\/","url":"https:\/\/stiftadmont.at\/950-jahre-stift-admont\/exklusivsponsoren\/","name":"Sponsor esclusivi - Abbazia di Admont","isPartOf":{"@id":"https:\/\/stiftadmont.at\/#website"},"datePublished":"2024-03-20T11:04:45+00:00","dateModified":"2025-02-05T09:57:59+00:00","breadcrumb":{"@id":"https:\/\/stiftadmont.at\/950-jahre-stift-admont\/exklusivsponsoren\/#breadcrumb"},"inLanguage":"it-IT","potentialAction":[{"@type":"ReadAction","target":["https:\/\/stiftadmont.at\/950-jahre-stift-admont\/exklusivsponsoren\/"]}]},{"@type":"BreadcrumbList","@id":"https:\/\/stiftadmont.at\/950-jahre-stift-admont\/exklusivsponsoren\/#breadcrumb","itemListElement":[{"@type":"ListItem","position":1,"name":"Start","item":"https:\/\/stiftadmont.at\/"},{"@type":"ListItem","position":2,"name":"950 Jahre Stift Admont","item":"https:\/\/stiftadmont.at\/950-jahre-stift-admont\/"},{"@type":"ListItem","position":3,"name":"Exklusivsponsoren"}]},{"@type":"WebSite","@id":"https:\/\/stiftadmont.at\/#website","url":"https:\/\/stiftadmont.at\/","name":"Abbazia di Admont","description":"Monastero benedettino e attrazione turistica nella Ges\u00e4use","potentialAction":[{"@type":"SearchAction","target":{"@type":"EntryPoint","urlTemplate":"https:\/\/stiftadmont.at\/?s={search_term_string}"},"query-input":{"@type":"PropertyValueSpecification","valueRequired":true,"valueName":"search_term_string"}}],"inLanguage":"it-IT"}]}},"_links":{"self":[{"href":"https:\/\/stiftadmont.at\/it\/wp-json\/wp\/v2\/pages\/27272","targetHints":{"allow":["GET"]}}],"collection":[{"href":"https:\/\/stiftadmont.at\/it\/wp-json\/wp\/v2\/pages"}],"about":[{"href":"https:\/\/stiftadmont.at\/it\/wp-json\/wp\/v2\/types\/page"}],"author":[{"embeddable":true,"href":"https:\/\/stiftadmont.at\/it\/wp-json\/wp\/v2\/users\/7"}],"replies":[{"embeddable":true,"href":"https:\/\/stiftadmont.at\/it\/wp-json\/wp\/v2\/comments?post=27272"}],"version-history":[{"count":20,"href":"https:\/\/stiftadmont.at\/it\/wp-json\/wp\/v2\/pages\/27272\/revisions"}],"predecessor-version":[{"id":32676,"href":"https:\/\/stiftadmont.at\/it\/wp-json\/wp\/v2\/pages\/27272\/revisions\/32676"}],"up":[{"embeddable":true,"href":"https:\/\/stiftadmont.at\/it\/wp-json\/wp\/v2\/pages\/22541"}],"wp:attachment":[{"href":"https:\/\/stiftadmont.at\/it\/wp-json\/wp\/v2\/media?parent=27272"}],"wp:term":[{"taxonomy":"category","embeddable":true,"href":"https:\/\/stiftadmont.at\/it\/wp-json\/wp\/v2\/categories?post=27272"}],"curies":[{"name":"wp","href":"https:\/\/api.w.org\/{rel}","templated":true}]}}