{"id":29319,"date":"2024-07-15T08:38:38","date_gmt":"2024-07-15T06:38:38","guid":{"rendered":"https:\/\/stiftadmont.at\/?page_id=29319"},"modified":"2025-02-04T11:40:14","modified_gmt":"2025-02-04T09:40:14","slug":"preghiere-a-san-benedetto-e-a-santa-scolastica","status":"publish","type":"page","link":"https:\/\/stiftadmont.at\/it\/haus-der-begegnung-2\/spiritualitaet\/gebete-zum-hl-benedikt-und-zur-hl-scholastika\/","title":{"rendered":"Preghiere a San Benedetto e a Santa Scolastica"},"content":{"rendered":"<section id='lightpress__section--block_748675df9cd76e1208ffbf8a6dcc4bd6' class='align-center lightpress__section--default-section-space lightpress__section lightpress__section--headline'><div class=\"headline__container\">\n            <h2 class=\"headline text--40 text-medium line line--gold line-above line-middle\">Preghiere a San Benedetto e a Santa Scolastica<\/h2>\n        <p class=\"text-center text-gold text--20 text-medium text--uppercase\"><\/p>\n        <div class=\"spacer--40\"><\/div>\n<\/div>\n\n<\/section>\n\n<section id='lightpress__section--block_620f02d0ecc300520789640f6c00c6e3' class='lightpress__section--default-section-space lightpress__section lightpress__section--content'><div class=\"content__inner\"\n         x-init=\"initContentBlockAnim($el)\">\n        \n    <div class=\"content__grid content__grid\">\n                                            <div class=\"content__box content__box--one-hundred\"\n                 style=\"\">\n                                \n                \n                                            <div class=\"prose\"><h5 class=\"heading-m line line-above line--gold\"><strong>Rosario a San Benedetto<\/strong><\/h5>\n<p>\u00a0<\/p>\n<ul>\n<li class=\"paragraph-m\">San Benedetto, patrono d'Europa, prega per la pace e la corona della virt\u00f9.<\/li>\n<li class=\"paragraph-m\">Formare lo spirito dell'ordine, il cristianesimo, San Benedetto, per la gloria di Dio.<\/li>\n<li class=\"paragraph-m\">Dalla furia di Satana, San Benedetto, noi gi\u00e0 attraverso il tuo medaglione altamente benedetto.<\/li>\n<li class=\"paragraph-m\">\"Ora et labora\" sia sempre la parola d'ordine di San Benedetto e dell'Europa.<\/li>\n<li class=\"paragraph-m\">Dio! Signore! A te sia eterno ringraziamento, lode e gloria per San Benedetto e il suo ordine di santi.<\/li>\n<\/ul>\n<p>\u00a0<\/p>\n<p>\u00a0<\/p>\n<p>\u00a0<\/p>\n<h5 class=\"heading-m line line-above line--gold\"><strong>Preghiere a San Benedetto<\/strong><\/h5>\n<p>\u00a0<\/p>\n<p class=\"paragraph-m\">Santo Padre Benedetto, degno condottiero di un grande esercito di guerrieri di Cristo, cio\u00e8 i suoi figli e figlie religiosi! Le ricordo la bella morte che il Signore le ha concesso. In piedi e pregando con gli occhi alzati, hai restituito la tua anima al Creatore. Un giorno, nella mia ora di morte, state al mio fianco. Proteggimi dagli attacchi del nemico maligno e conducimi alle gioie eterne. Amen.<\/p>\n<p class=\"paragraph-m\">Dio onnipotente, in San Benedetto ci hai dato un maestro e una maestra che ci guida a cercarti e a servirti. Concedici di non preferire nulla al nostro amore per te, ma di affrettarci verso di te pieni di gioia e di fiducia sulla via dei tuoi comandamenti. Te lo chiediamo per mezzo di Ges\u00f9 Cristo.<\/p>\n<p class=\"paragraph-m\">\u00a0<\/p>\n<p>\u00a0<\/p>\n<p>\u00a0<\/p>\n<h5 class=\"heading-m line line-above line--gold\"><strong>Novena di San Benedetto<\/strong><\/h5>\n<p class=\"paragraph-m\">\u00a0<\/p>\n<p class=\"paragraph-m\">Si prega per 9 giorni consecutivi:<\/p>\n<p class=\"paragraph-m\">9 Padre nostro, Ave Maria e Gloria al Padre con l'aggiunta:<\/p>\n<p class=\"paragraph-m\">Santo Padre Benedetto, preghi per noi affinch\u00e9 possiamo diventare degni delle promesse di Cristo.<\/p>\n<p class=\"paragraph-m\">Preghiamo: Santo Padre Benedetto, tu grande aiutante e intercessore, tu terrore degli spiriti maligni, pieni di fiducia ti imploriamo nella nostra angoscia. Intercedi per noi incessantemente presso il trono divino e allontana gli spiriti maligni con tutte le loro influenze nocive. Benedici noi come un tempo ci hai benedetto con grande potenza. Confidiamo nel tuo potente aiuto e ringraziamo Dio per la tua santit\u00e0 e grandezza, che ti conferisce un cos\u00ec meraviglioso potere di intercessione.<\/p>\n<p class=\"paragraph-m\">San Benedetto Abate, patrono d'Europa, resta sempre vicino a noi, soprattutto nell'ora della morte. Amen.<\/p>\n<p class=\"paragraph-m\">\u00a0<\/p>\n<p>\u00a0<\/p>\n<p>\u00a0<\/p>\n<h5 class=\"heading-m line line-above line--gold\"><strong>Litanie a San Benedetto, patrono d'Europa<\/strong><\/h5>\n<p>\u00a0<\/p>\n<p class=\"paragraph-m\">Signore, abbi piet\u00e0 di noi<\/p>\n<p class=\"paragraph-m\">Cristo, abbi piet\u00e0 di noi<\/p>\n<p class=\"paragraph-m\">Signore, abbi piet\u00e0 di noi,<\/p>\n<p class=\"paragraph-m\">Cristo, ascoltaci<\/p>\n<p class=\"paragraph-m\">Cristo, ascoltaci<\/p>\n<p>\u00a0<\/p>\n<p class=\"paragraph-m\">Dio Padre dei cieli - abbi piet\u00e0 di noi<\/p>\n<p class=\"paragraph-m\">Dio Figlio, Salvatore del mondo<\/p>\n<p class=\"paragraph-m\">Dio Spirito Santo<\/p>\n<p class=\"paragraph-m\">Santissima Trinit\u00e0, un solo Dio<\/p>\n<p class=\"paragraph-m\">Santa Maria - prega per noi<\/p>\n<p class=\"paragraph-m\">Santa Madre di Dio<\/p>\n<p class=\"paragraph-m\">Mediatrice di tutte le grazie<\/p>\n<p class=\"paragraph-m\">Regina dei monaci<\/p>\n<p class=\"paragraph-m\">San Benedetto<\/p>\n<p class=\"paragraph-m\">San Benedetto, Gloria di Nursia<\/p>\n<p class=\"paragraph-m\">San Benedetto, il cui nome significa \"benedetto\".<\/p>\n<p class=\"paragraph-m\">San Benedetto, riccamente dotato dei doni dello Spirito Santo<\/p>\n<p class=\"paragraph-m\">San Benedetto, messaggero della pace di Cristo<\/p>\n<p class=\"paragraph-m\">San Benedetto, grande amante e devoto della santa croce di Cristo<\/p>\n<p class=\"paragraph-m\">San Benedetto, abate e padre dei monaci occidentali<\/p>\n<p class=\"paragraph-m\">San Benedetto, colmo dello spirito di tutti i giusti<\/p>\n<p class=\"paragraph-m\">San Benedetto, padre di numerosi martiri, Dottore della Chiesa, confessore e vergine<\/p>\n<p class=\"paragraph-m\">San Benedetto, miracoli di sacrificio e penitenza<\/p>\n<p class=\"paragraph-m\">San Benedetto, miracolo di umilt\u00e0 e forza<\/p>\n<p class=\"paragraph-m\">San Benedetto, un esempio di disciplina monastica<\/p>\n<p class=\"paragraph-m\">San Benedetto, esempio di obbedienza, povert\u00e0 e purezza<\/p>\n<p class=\"paragraph-m\">San Benedetto, saggio legislatore che scrisse la Regola dell'Ordine sotto la guida dello Spirito Santo.<\/p>\n<p class=\"paragraph-m\">San Benedetto, modello di chiara realizzazione della vita dell'anima<\/p>\n<p class=\"paragraph-m\">San Benedetto, uomo di Dio<\/p>\n<p class=\"paragraph-m\">San Benedetto, tu che sei fuggito dal mondo fin dalla tua prima giovinezza<\/p>\n<p class=\"paragraph-m\">San Benedetto, che ha vissuto in solitudine, ritirandosi solo con Dio e per Dio<\/p>\n<p class=\"paragraph-m\">San Benedetto, che ha avvolto il tuo corpo di spine per mantenere intatta la tua purezza.<\/p>\n<p class=\"paragraph-m\">San Benedetto, rivestito del potere miracoloso di Dio<\/p>\n<p class=\"paragraph-m\">San Benedetto, che ha abbattuto gli idoli con il segno della santa croce<\/p>\n<p class=\"paragraph-m\">San Benedetto, tu che hai sconfitto le tentazioni del demonio con il segno della santa croce<\/p>\n<p class=\"paragraph-m\">San Benedetto, che ha messo a tacere la malvagit\u00e0 con il segno della croce.<\/p>\n<p class=\"paragraph-m\">San Benedetto, che ha guarito gli ammalati, risuscitato i morti e liberato gli indemoniati grazie alla vostra preghiera fiduciosa<\/p>\n<p class=\"paragraph-m\">San Benedetto, invincibile nella tua fede, incrollabile nella tua speranza e pieno di devozione nel tuo amore per Dio<\/p>\n<p class=\"paragraph-m\">San Benedetto, che sull'esempio di Cristo fu mite e umile di cuore San Benedetto, che un\u00ec la gentilezza paterna al saggio rigore<\/p>\n<p class=\"paragraph-m\">San Benedetto, che fu un amorevole sostegno per gli afflitti, pieno di compassione e di servizio.<\/p>\n<p class=\"paragraph-m\">San Benedetto, che ha formato fedelmente in voi l'immagine di Cristo<\/p>\n<p class=\"paragraph-m\">San Benedetto, che, stando sull'altare, ha restituito la tua anima a Dio.<\/p>\n<p class=\"paragraph-m\">San Benedetto, patrono della buona morte San Benedetto, potente intercessore presso Dio per tutti coloro che ti invocano<\/p>\n<p class=\"paragraph-m\">San Benedetto, patrono d'Europa<\/p>\n<p class=\"paragraph-m\">\u00a0<\/p>\n<p class=\"paragraph-m\">Agnello di Dio, tu togli i peccati del mondo - risparmiaci, o Signore<\/p>\n<p class=\"paragraph-m\">Agnello di Dio, che togli i peccati del mondo, ascoltaci, Signore.<\/p>\n<p class=\"paragraph-m\">Agnello di Dio, tu togli i peccati del mondo - abbi piet\u00e0 di noi, o Signore<\/p>\n<p class=\"paragraph-m\">\u00a0<\/p>\n<p class=\"paragraph-m\">Prega per noi, San Benedetto, affinch\u00e9 possiamo diventare degni delle promesse di Cristo,<\/p>\n<p class=\"paragraph-m\">\u00a0<\/p>\n<p class=\"paragraph-m\">Preghiamo: risveglia in noi e nella tua santa Chiesa lo spirito con cui San Benedetto ha modellato la sua vita, affinch\u00e9, imbevuti dello stesso spirito, ci sforziamo di amare ci\u00f2 che lui ha amato e di praticare ci\u00f2 che ha esemplificato, per Cristo nostro Signore. Amen.<\/p>\n<p class=\"paragraph-m\">\u00a0<\/p>\n<p>\u00a0<\/p>\n<h5 class=\"heading-m line line-above line--gold\"><strong>Preghiere a Santa Scolastica<\/strong><\/h5>\n<p>\u00a0<\/p>\n<p class=\"paragraph-m\">Signore, nostro Dio, ti lodiamo nella festa della Beata Vergine Scolastica, la cui vita brill\u00f2 di radiosa purezza. Aiutaci anche a camminare fedelmente sulla via a cui ci hai chiamati, affinch\u00e9 un giorno, insieme a tutti i santi, possiamo vedere la luce della tua presenza svelata. Te lo chiediamo per mezzo di Ges\u00f9 Cristo.<\/p>\n<p class=\"paragraph-m\">\u00a0<\/p>\n<p class=\"paragraph-m\">Dio eccelso, celebriamo la memoria della Beata Vergine Scolastica. Fa' che ti serviamo sempre con amore sincero, seguendo il suo esempio, e concedici, nella tua bont\u00e0, di tornare un giorno a te benedetto. Te lo chiediamo per mezzo di Ges\u00f9 Cristo.<\/p>\n<p class=\"paragraph-m\">\u00a0<\/p>\n<p class=\"paragraph-m\">Ascoltaci, santa donna,<\/p>\n<p class=\"paragraph-m\">Suor Scolastica!<\/p>\n<p class=\"paragraph-m\">Cantando lodiamo il ,<\/p>\n<p class=\"paragraph-m\">che ti sceglie come sua sposa.<\/p>\n<p class=\"paragraph-m\">Insegnaci a vivere l'amore,<\/p>\n<p class=\"paragraph-m\">che unisce la creazione in Cristo.<\/p>\n<p class=\"paragraph-m\">\u00a0<\/p>\n<p class=\"paragraph-m\">Siete circondati da donne,<\/p>\n<p class=\"paragraph-m\">come insegna il fratello,<\/p>\n<p class=\"paragraph-m\">Lode, lavoro e riposo<\/p>\n<p class=\"paragraph-m\">offrite voi stessi al vostro Signore.<\/p>\n<p class=\"paragraph-m\">Fonti di acqua fertile,<\/p>\n<p class=\"paragraph-m\">Il giardino si trova in una terra arida.<\/p>\n<p class=\"paragraph-m\">\u00a0<\/p>\n<p class=\"paragraph-m\">La vostra preghiera sar\u00e0 esaudita<\/p>\n<p class=\"paragraph-m\">contro il volere del fratello.<\/p>\n<p class=\"paragraph-m\">Sorridendo, gli dice:<\/p>\n<p class=\"paragraph-m\">\"Andate se potete!\"<\/p>\n<p class=\"paragraph-m\">L'amore era la cosa pi\u00f9 bella per te,<\/p>\n<p class=\"paragraph-m\">per voi era pi\u00f9 importante del diritto e della giustizia.<\/p>\n<p class=\"paragraph-m\">\u00a0<\/p>\n<p class=\"paragraph-m\">Lode al Signore,<\/p>\n<p class=\"paragraph-m\">Padre dell'eternit\u00e0,<\/p>\n<p class=\"paragraph-m\">lode al Figlio,<\/p>\n<p class=\"paragraph-m\">che corona la sua creazione,<\/p>\n<p class=\"paragraph-m\">Lode anche allo spirito,<\/p>\n<p class=\"paragraph-m\">che nella verit\u00e0 d\u00e0 la vita! Amen.<\/p>\n<p class=\"paragraph-m\">(Inno della liturgia festiva)<\/p>\n<\/div>\n                    \n                            <\/div>\n        \n            <\/div>\n<\/div>\n\n<\/section>","protected":false},"excerpt":{"rendered":"","protected":false},"author":19,"featured_media":0,"parent":29279,"menu_order":3,"comment_status":"closed","ping_status":"closed","template":"","meta":{"_acf_changed":false,"footnotes":""},"categories":[],"class_list":["post-29319","page","type-page","status-publish","hentry"],"acf":[],"yoast_head":"<!-- This site is optimized with the Yoast SEO Premium plugin v26.0 (Yoast SEO v26.8) - https:\/\/yoast.com\/product\/yoast-seo-premium-wordpress\/ -->\n<title>Gebete zum Hl. Benedikt und zur Hl. Scholastika - Stift Admont<\/title>\n<meta name=\"robots\" content=\"index, follow, max-snippet:-1, max-image-preview:large, max-video-preview:-1\" \/>\n<link rel=\"canonical\" href=\"https:\/\/stiftadmont.at\/it\/casa-dellincontro-2\/spiritualita\/preghiere-a-san-benedetto-e-a-santa-scolastica\/\" \/>\n<meta property=\"og:locale\" content=\"it_IT\" \/>\n<meta property=\"og:type\" content=\"article\" \/>\n<meta property=\"og:title\" content=\"Gebete zum Hl. Benedikt und zur Hl. Scholastika\" \/>\n<meta property=\"og:url\" content=\"https:\/\/stiftadmont.at\/it\/casa-dellincontro-2\/spiritualita\/preghiere-a-san-benedetto-e-a-santa-scolastica\/\" \/>\n<meta property=\"og:site_name\" content=\"Stift Admont\" \/>\n<meta property=\"article:modified_time\" content=\"2025-02-04T09:40:14+00:00\" \/>\n<meta property=\"og:image\" content=\"https:\/\/stiftadmont.at\/wp-content\/uploads\/Klosteranlage-innen.jpg\" \/>\n\t<meta property=\"og:image:width\" content=\"1912\" \/>\n\t<meta property=\"og:image:height\" content=\"1188\" \/>\n\t<meta property=\"og:image:type\" content=\"image\/jpeg\" \/>\n<meta name=\"twitter:card\" content=\"summary_large_image\" \/>\n<script type=\"application\/ld+json\" class=\"yoast-schema-graph\">{\"@context\":\"https:\/\/schema.org\",\"@graph\":[{\"@type\":\"WebPage\",\"@id\":\"https:\/\/stiftadmont.at\/haus-der-begegnung-2\/spiritualitaet\/gebete-zum-hl-benedikt-und-zur-hl-scholastika\/\",\"url\":\"https:\/\/stiftadmont.at\/haus-der-begegnung-2\/spiritualitaet\/gebete-zum-hl-benedikt-und-zur-hl-scholastika\/\",\"name\":\"Gebete zum Hl. Benedikt und zur Hl. Scholastika - Stift Admont\",\"isPartOf\":{\"@id\":\"https:\/\/stiftadmont.at\/#website\"},\"datePublished\":\"2024-07-15T06:38:38+00:00\",\"dateModified\":\"2025-02-04T09:40:14+00:00\",\"breadcrumb\":{\"@id\":\"https:\/\/stiftadmont.at\/haus-der-begegnung-2\/spiritualitaet\/gebete-zum-hl-benedikt-und-zur-hl-scholastika\/#breadcrumb\"},\"inLanguage\":\"it-IT\",\"potentialAction\":[{\"@type\":\"ReadAction\",\"target\":[\"https:\/\/stiftadmont.at\/haus-der-begegnung-2\/spiritualitaet\/gebete-zum-hl-benedikt-und-zur-hl-scholastika\/\"]}]},{\"@type\":\"BreadcrumbList\",\"@id\":\"https:\/\/stiftadmont.at\/haus-der-begegnung-2\/spiritualitaet\/gebete-zum-hl-benedikt-und-zur-hl-scholastika\/#breadcrumb\",\"itemListElement\":[{\"@type\":\"ListItem\",\"position\":1,\"name\":\"Start\",\"item\":\"https:\/\/stiftadmont.at\/\"},{\"@type\":\"ListItem\",\"position\":2,\"name\":\"Haus der Begegnung\",\"item\":\"https:\/\/stiftadmont.at\/haus-der-begegnung-2\/\"},{\"@type\":\"ListItem\",\"position\":3,\"name\":\"Spiritualit\u00e4t\",\"item\":\"https:\/\/stiftadmont.at\/haus-der-begegnung-2\/spiritualitaet\/\"},{\"@type\":\"ListItem\",\"position\":4,\"name\":\"Gebete zum Hl. Benedikt und zur Hl. Scholastika\"}]},{\"@type\":\"WebSite\",\"@id\":\"https:\/\/stiftadmont.at\/#website\",\"url\":\"https:\/\/stiftadmont.at\/\",\"name\":\"Stift Admont\",\"description\":\"Benediktinerkloster und Sehensw\u00fcrdigkeit im Ges\u00e4use\",\"potentialAction\":[{\"@type\":\"SearchAction\",\"target\":{\"@type\":\"EntryPoint\",\"urlTemplate\":\"https:\/\/stiftadmont.at\/?s={search_term_string}\"},\"query-input\":{\"@type\":\"PropertyValueSpecification\",\"valueRequired\":true,\"valueName\":\"search_term_string\"}}],\"inLanguage\":\"it-IT\"}]}<\/script>\n<!-- \/ Yoast SEO Premium plugin. -->","yoast_head_json":{"title":"Preghiere a San Benedetto e Santa Scolastica - Abbazia di Admont","robots":{"index":"index","follow":"follow","max-snippet":"max-snippet:-1","max-image-preview":"max-image-preview:large","max-video-preview":"max-video-preview:-1"},"canonical":"https:\/\/stiftadmont.at\/it\/casa-dellincontro-2\/spiritualita\/preghiere-a-san-benedetto-e-a-santa-scolastica\/","og_locale":"it_IT","og_type":"article","og_title":"Gebete zum Hl. Benedikt und zur Hl. Scholastika","og_url":"https:\/\/stiftadmont.at\/it\/casa-dellincontro-2\/spiritualita\/preghiere-a-san-benedetto-e-a-santa-scolastica\/","og_site_name":"Stift Admont","article_modified_time":"2025-02-04T09:40:14+00:00","og_image":[{"width":1912,"height":1188,"url":"https:\/\/stiftadmont.at\/wp-content\/uploads\/Klosteranlage-innen.jpg","type":"image\/jpeg"}],"twitter_card":"summary_large_image","schema":{"@context":"https:\/\/schema.org","@graph":[{"@type":"WebPage","@id":"https:\/\/stiftadmont.at\/haus-der-begegnung-2\/spiritualitaet\/gebete-zum-hl-benedikt-und-zur-hl-scholastika\/","url":"https:\/\/stiftadmont.at\/haus-der-begegnung-2\/spiritualitaet\/gebete-zum-hl-benedikt-und-zur-hl-scholastika\/","name":"Preghiere a San Benedetto e Santa Scolastica - Abbazia di Admont","isPartOf":{"@id":"https:\/\/stiftadmont.at\/#website"},"datePublished":"2024-07-15T06:38:38+00:00","dateModified":"2025-02-04T09:40:14+00:00","breadcrumb":{"@id":"https:\/\/stiftadmont.at\/haus-der-begegnung-2\/spiritualitaet\/gebete-zum-hl-benedikt-und-zur-hl-scholastika\/#breadcrumb"},"inLanguage":"it-IT","potentialAction":[{"@type":"ReadAction","target":["https:\/\/stiftadmont.at\/haus-der-begegnung-2\/spiritualitaet\/gebete-zum-hl-benedikt-und-zur-hl-scholastika\/"]}]},{"@type":"BreadcrumbList","@id":"https:\/\/stiftadmont.at\/haus-der-begegnung-2\/spiritualitaet\/gebete-zum-hl-benedikt-und-zur-hl-scholastika\/#breadcrumb","itemListElement":[{"@type":"ListItem","position":1,"name":"Start","item":"https:\/\/stiftadmont.at\/"},{"@type":"ListItem","position":2,"name":"Haus der Begegnung","item":"https:\/\/stiftadmont.at\/haus-der-begegnung-2\/"},{"@type":"ListItem","position":3,"name":"Spiritualit\u00e4t","item":"https:\/\/stiftadmont.at\/haus-der-begegnung-2\/spiritualitaet\/"},{"@type":"ListItem","position":4,"name":"Gebete zum Hl. Benedikt und zur Hl. Scholastika"}]},{"@type":"WebSite","@id":"https:\/\/stiftadmont.at\/#website","url":"https:\/\/stiftadmont.at\/","name":"Abbazia di Admont","description":"Monastero benedettino e attrazione turistica nella Ges\u00e4use","potentialAction":[{"@type":"SearchAction","target":{"@type":"EntryPoint","urlTemplate":"https:\/\/stiftadmont.at\/?s={search_term_string}"},"query-input":{"@type":"PropertyValueSpecification","valueRequired":true,"valueName":"search_term_string"}}],"inLanguage":"it-IT"}]}},"_links":{"self":[{"href":"https:\/\/stiftadmont.at\/it\/wp-json\/wp\/v2\/pages\/29319","targetHints":{"allow":["GET"]}}],"collection":[{"href":"https:\/\/stiftadmont.at\/it\/wp-json\/wp\/v2\/pages"}],"about":[{"href":"https:\/\/stiftadmont.at\/it\/wp-json\/wp\/v2\/types\/page"}],"author":[{"embeddable":true,"href":"https:\/\/stiftadmont.at\/it\/wp-json\/wp\/v2\/users\/19"}],"replies":[{"embeddable":true,"href":"https:\/\/stiftadmont.at\/it\/wp-json\/wp\/v2\/comments?post=29319"}],"version-history":[{"count":6,"href":"https:\/\/stiftadmont.at\/it\/wp-json\/wp\/v2\/pages\/29319\/revisions"}],"predecessor-version":[{"id":32644,"href":"https:\/\/stiftadmont.at\/it\/wp-json\/wp\/v2\/pages\/29319\/revisions\/32644"}],"up":[{"embeddable":true,"href":"https:\/\/stiftadmont.at\/it\/wp-json\/wp\/v2\/pages\/29279"}],"wp:attachment":[{"href":"https:\/\/stiftadmont.at\/it\/wp-json\/wp\/v2\/media?parent=29319"}],"wp:term":[{"taxonomy":"category","embeddable":true,"href":"https:\/\/stiftadmont.at\/it\/wp-json\/wp\/v2\/categories?post=29319"}],"curies":[{"name":"wp","href":"https:\/\/api.w.org\/{rel}","templated":true}]}}