{"id":29323,"date":"2024-07-15T08:47:50","date_gmt":"2024-07-15T06:47:50","guid":{"rendered":"https:\/\/stiftadmont.at\/?page_id=29323"},"modified":"2024-07-15T10:25:56","modified_gmt":"2024-07-15T08:25:56","slug":"santo-bambino-di-aracoeli","status":"publish","type":"page","link":"https:\/\/stiftadmont.at\/it\/haus-der-begegnung-2\/spiritualitaet\/santo-bambino-von-aracoeli\/","title":{"rendered":"Santo Bambino di Aracoeli"},"content":{"rendered":"<section id='lightpress__section--block_6988a78a5b82f7b9155b3d2e08553126' class='lightpress__section--default-section-space lightpress__section lightpress__section--content'><div class=\"content__inner\"\n         x-init=\"initContentBlockAnim($el)\">\n        \n    <div class=\"content__grid content__grid\">\n                                            <div class=\"content__box content__box--one-hundred\"\n                 style=\"\">\n                                \n                \n                                            <div class=\"prose\"><h5 class=\"heading-m\">Santo Bambino di Aracoeli<\/h5>\n<p class=\"paragraph-m\"><strong>Preghiera al Santo Bambino di Aracoeli<\/strong><\/p>\n<p class=\"paragraph-m\">\u00a0<\/p>\n<p class=\"paragraph-m\">Amare Ges\u00f9, che si \u00e8 fatto bambino per noi<\/p>\n<p class=\"paragraph-m\">e sono nati in una stalla,<\/p>\n<p class=\"paragraph-m\">per redimerci dal peccato.<\/p>\n<p class=\"paragraph-m\">Ti riconosciamo come nostro Dio e Re.<\/p>\n<p class=\"paragraph-m\">Vi offriamo tutto il nostro affetto come dono d'onore,<\/p>\n<p class=\"paragraph-m\">del nostro cuore.<\/p>\n<p class=\"paragraph-m\">Caro Ges\u00f9, onorati di questo dono.<\/p>\n<p class=\"paragraph-m\">Ma affinch\u00e9 sia gradito a voi, vi chiediamo di<\/p>\n<p class=\"paragraph-m\">con il fuoco del Suo amore divino.<\/p>\n<p class=\"paragraph-m\">In questo modo, la nostra anima diventa un altare,<\/p>\n<p class=\"paragraph-m\">su cui ti offriamo il sacrificio delle nostre difficolt\u00e0.<\/p>\n<p class=\"paragraph-m\">Fate in modo che noi, qui sulla terra, siamo sempre<\/p>\n<p class=\"paragraph-m\">Cercare il vostro maggiore onore, affinch\u00e9 un giorno possiamo<\/p>\n<p class=\"paragraph-m\">per condividere la tua gloria eterna in cielo. Amen.<\/p>\n<p class=\"paragraph-m\">\u00a0<\/p>\n<p class=\"paragraph-m\"><strong>IL BAMBINO GES\u00d9 DI ARACOELI<\/strong><\/p>\n<p class=\"paragraph-m\">\u00a0<\/p>\n<p class=\"paragraph-m\">L'immagine fu scolpita in legno d'ulivo proveniente dal Giardino del Getsemani da un pio frate francescano a Gerusalemme verso la fine del XV secolo. Secondo la tradizione, il buon frate non aveva il colore necessario per terminare l'opera, per cui si dice che sia stata miracolosamente completata dalla mano di un angelo. Durante il viaggio in mare, il frate fu costretto a gettare in acqua lo scrigno contenente il prezioso tesoro a causa di una terribile tempesta, ma questo galleggi\u00f2 dietro la nave e raggiunse da solo il porto di Livorno.<\/p>\n<p class=\"paragraph-m\">\u00a0<\/p>\n<p class=\"paragraph-m\">La fama di questi eventi unici precedeva l'immagine, che fu accolta con grande gioia nella Citt\u00e0 Eterna e onorata con straordinaria devozione. Un giorno - era il periodo natalizio - una nobildonna rub\u00f2 l'immagine dal presepe in cui era conservata e la nascose con cura nella sua casa. Poi si ammal\u00f2 gravemente e il suo confessore le ordin\u00f2 di restituire l'immagine. Secondo la tradizione popolare, l'immagine torn\u00f2 da sola in Campidoglio nel cuore della notte e le campane della basilica iniziarono a suonare miracolosamente.<\/p>\n<p class=\"paragraph-m\">\u00a0<\/p>\n<p class=\"paragraph-m\">I preziosi doni d'oro e le pietre preziose che lo adornano testimoniano la gratitudine dei fedeli per gli innumerevoli favori. Il dipinto \u00e8 stato riccamente dotato di tali doni ogni volta che \u00e8 stato derubato da mani di ladri. Nel 1798, un nobile romano di nome Serafino Petrarca salv\u00f2 il dipinto dalla furia distruttrice delle truppe napoleoniche in cambio di un'ingente somma di denaro.<\/p>\n<p class=\"paragraph-m\">\u00a0<\/p>\n<p class=\"paragraph-m\">La Cappella del Bambino Ges\u00f9 \u00e8 spesso piena di visitatori provenienti da tutto il mondo. Prima di dare alla luce un bambino, le madri salgono all'Aracoeli per ricevere una benedizione speciale; vi portano anche i loro figli per consacrarli al Bambino divino. Da tempo immemorabile, l'immagine viene portata al capezzale dei malati su richiesta. Un tempo capitava di vedere una lunga fila di veicoli che aspettavano il loro turno in Piazza del Campidoglio.<\/p>\n<p class=\"paragraph-m\">\u00a0<\/p>\n<p class=\"paragraph-m\">La fama sempre crescente della meravigliosa immagine spinse Papa Leone XIII e il Capitolo Vaticano a incoronare l'immagine. Questa avvenne con una solenne cerimonia il 2 maggio 1897, e le innumerevoli lettere di petizione e di ringraziamento che il bambino divino riceve ogni giorno da migliaia di persone pie di tutto il mondo testimoniano questa fama. I piccoli e i grandi gli scrivono come se fosse il loro migliore amico. Durante il periodo natalizio, i bambini di Roma accorrono al magnifico lettino per fare i loro discorsi e recitare inni di lode al neonato Salvatore. Il giorno dell'Epifania, tutta la citt\u00e0 si precipita in Campidoglio per ricevere la benedizione del loro piccolo, grande Re. In realt\u00e0, il sole non tramonta mai sul suo regno.<\/p>\n<\/div>\n                    \n                            <\/div>\n        \n            <\/div>\n<\/div>\n\n<\/section>","protected":false},"excerpt":{"rendered":"","protected":false},"author":19,"featured_media":0,"parent":29279,"menu_order":7,"comment_status":"closed","ping_status":"closed","template":"","meta":{"_acf_changed":false,"footnotes":""},"categories":[],"class_list":["post-29323","page","type-page","status-publish","hentry"],"acf":[],"yoast_head":"<!-- This site is optimized with the Yoast SEO Premium plugin v26.0 (Yoast SEO v26.8) - https:\/\/yoast.com\/product\/yoast-seo-premium-wordpress\/ -->\n<title>Santo Bambino von Aracoeli - Stift Admont<\/title>\n<meta name=\"robots\" content=\"index, follow, max-snippet:-1, max-image-preview:large, max-video-preview:-1\" \/>\n<link rel=\"canonical\" href=\"https:\/\/stiftadmont.at\/it\/casa-dellincontro-2\/spiritualita\/santo-bambino-di-aracoeli\/\" \/>\n<meta property=\"og:locale\" content=\"it_IT\" \/>\n<meta property=\"og:type\" content=\"article\" \/>\n<meta property=\"og:title\" content=\"Santo Bambino von Aracoeli\" \/>\n<meta property=\"og:url\" content=\"https:\/\/stiftadmont.at\/it\/casa-dellincontro-2\/spiritualita\/santo-bambino-di-aracoeli\/\" \/>\n<meta property=\"og:site_name\" content=\"Stift Admont\" \/>\n<meta property=\"article:modified_time\" content=\"2024-07-15T08:25:56+00:00\" \/>\n<meta property=\"og:image\" content=\"https:\/\/stiftadmont.at\/wp-content\/uploads\/Klosteranlage-innen.jpg\" \/>\n\t<meta property=\"og:image:width\" content=\"1912\" \/>\n\t<meta property=\"og:image:height\" content=\"1188\" \/>\n\t<meta property=\"og:image:type\" content=\"image\/jpeg\" \/>\n<meta name=\"twitter:card\" content=\"summary_large_image\" \/>\n<script type=\"application\/ld+json\" class=\"yoast-schema-graph\">{\"@context\":\"https:\/\/schema.org\",\"@graph\":[{\"@type\":\"WebPage\",\"@id\":\"https:\/\/stiftadmont.at\/haus-der-begegnung-2\/spiritualitaet\/santo-bambino-von-aracoeli\/\",\"url\":\"https:\/\/stiftadmont.at\/haus-der-begegnung-2\/spiritualitaet\/santo-bambino-von-aracoeli\/\",\"name\":\"Santo Bambino von Aracoeli - Stift Admont\",\"isPartOf\":{\"@id\":\"https:\/\/stiftadmont.at\/#website\"},\"datePublished\":\"2024-07-15T06:47:50+00:00\",\"dateModified\":\"2024-07-15T08:25:56+00:00\",\"breadcrumb\":{\"@id\":\"https:\/\/stiftadmont.at\/haus-der-begegnung-2\/spiritualitaet\/santo-bambino-von-aracoeli\/#breadcrumb\"},\"inLanguage\":\"it-IT\",\"potentialAction\":[{\"@type\":\"ReadAction\",\"target\":[\"https:\/\/stiftadmont.at\/haus-der-begegnung-2\/spiritualitaet\/santo-bambino-von-aracoeli\/\"]}]},{\"@type\":\"BreadcrumbList\",\"@id\":\"https:\/\/stiftadmont.at\/haus-der-begegnung-2\/spiritualitaet\/santo-bambino-von-aracoeli\/#breadcrumb\",\"itemListElement\":[{\"@type\":\"ListItem\",\"position\":1,\"name\":\"Start\",\"item\":\"https:\/\/stiftadmont.at\/\"},{\"@type\":\"ListItem\",\"position\":2,\"name\":\"Haus der Begegnung\",\"item\":\"https:\/\/stiftadmont.at\/haus-der-begegnung-2\/\"},{\"@type\":\"ListItem\",\"position\":3,\"name\":\"Spiritualit\u00e4t\",\"item\":\"https:\/\/stiftadmont.at\/haus-der-begegnung-2\/spiritualitaet\/\"},{\"@type\":\"ListItem\",\"position\":4,\"name\":\"Santo Bambino von Aracoeli\"}]},{\"@type\":\"WebSite\",\"@id\":\"https:\/\/stiftadmont.at\/#website\",\"url\":\"https:\/\/stiftadmont.at\/\",\"name\":\"Stift Admont\",\"description\":\"Benediktinerkloster und Sehensw\u00fcrdigkeit im Ges\u00e4use\",\"potentialAction\":[{\"@type\":\"SearchAction\",\"target\":{\"@type\":\"EntryPoint\",\"urlTemplate\":\"https:\/\/stiftadmont.at\/?s={search_term_string}\"},\"query-input\":{\"@type\":\"PropertyValueSpecification\",\"valueRequired\":true,\"valueName\":\"search_term_string\"}}],\"inLanguage\":\"it-IT\"}]}<\/script>\n<!-- \/ Yoast SEO Premium plugin. -->","yoast_head_json":{"title":"Santo Bambino di Aracoeli - Abbazia di Admont","robots":{"index":"index","follow":"follow","max-snippet":"max-snippet:-1","max-image-preview":"max-image-preview:large","max-video-preview":"max-video-preview:-1"},"canonical":"https:\/\/stiftadmont.at\/it\/casa-dellincontro-2\/spiritualita\/santo-bambino-di-aracoeli\/","og_locale":"it_IT","og_type":"article","og_title":"Santo Bambino von Aracoeli","og_url":"https:\/\/stiftadmont.at\/it\/casa-dellincontro-2\/spiritualita\/santo-bambino-di-aracoeli\/","og_site_name":"Stift Admont","article_modified_time":"2024-07-15T08:25:56+00:00","og_image":[{"width":1912,"height":1188,"url":"https:\/\/stiftadmont.at\/wp-content\/uploads\/Klosteranlage-innen.jpg","type":"image\/jpeg"}],"twitter_card":"summary_large_image","schema":{"@context":"https:\/\/schema.org","@graph":[{"@type":"WebPage","@id":"https:\/\/stiftadmont.at\/haus-der-begegnung-2\/spiritualitaet\/santo-bambino-von-aracoeli\/","url":"https:\/\/stiftadmont.at\/haus-der-begegnung-2\/spiritualitaet\/santo-bambino-von-aracoeli\/","name":"Santo Bambino di Aracoeli - Abbazia di Admont","isPartOf":{"@id":"https:\/\/stiftadmont.at\/#website"},"datePublished":"2024-07-15T06:47:50+00:00","dateModified":"2024-07-15T08:25:56+00:00","breadcrumb":{"@id":"https:\/\/stiftadmont.at\/haus-der-begegnung-2\/spiritualitaet\/santo-bambino-von-aracoeli\/#breadcrumb"},"inLanguage":"it-IT","potentialAction":[{"@type":"ReadAction","target":["https:\/\/stiftadmont.at\/haus-der-begegnung-2\/spiritualitaet\/santo-bambino-von-aracoeli\/"]}]},{"@type":"BreadcrumbList","@id":"https:\/\/stiftadmont.at\/haus-der-begegnung-2\/spiritualitaet\/santo-bambino-von-aracoeli\/#breadcrumb","itemListElement":[{"@type":"ListItem","position":1,"name":"Start","item":"https:\/\/stiftadmont.at\/"},{"@type":"ListItem","position":2,"name":"Haus der Begegnung","item":"https:\/\/stiftadmont.at\/haus-der-begegnung-2\/"},{"@type":"ListItem","position":3,"name":"Spiritualit\u00e4t","item":"https:\/\/stiftadmont.at\/haus-der-begegnung-2\/spiritualitaet\/"},{"@type":"ListItem","position":4,"name":"Santo Bambino von Aracoeli"}]},{"@type":"WebSite","@id":"https:\/\/stiftadmont.at\/#website","url":"https:\/\/stiftadmont.at\/","name":"Abbazia di Admont","description":"Monastero benedettino e attrazione turistica nella Ges\u00e4use","potentialAction":[{"@type":"SearchAction","target":{"@type":"EntryPoint","urlTemplate":"https:\/\/stiftadmont.at\/?s={search_term_string}"},"query-input":{"@type":"PropertyValueSpecification","valueRequired":true,"valueName":"search_term_string"}}],"inLanguage":"it-IT"}]}},"_links":{"self":[{"href":"https:\/\/stiftadmont.at\/it\/wp-json\/wp\/v2\/pages\/29323","targetHints":{"allow":["GET"]}}],"collection":[{"href":"https:\/\/stiftadmont.at\/it\/wp-json\/wp\/v2\/pages"}],"about":[{"href":"https:\/\/stiftadmont.at\/it\/wp-json\/wp\/v2\/types\/page"}],"author":[{"embeddable":true,"href":"https:\/\/stiftadmont.at\/it\/wp-json\/wp\/v2\/users\/19"}],"replies":[{"embeddable":true,"href":"https:\/\/stiftadmont.at\/it\/wp-json\/wp\/v2\/comments?post=29323"}],"version-history":[{"count":3,"href":"https:\/\/stiftadmont.at\/it\/wp-json\/wp\/v2\/pages\/29323\/revisions"}],"predecessor-version":[{"id":29425,"href":"https:\/\/stiftadmont.at\/it\/wp-json\/wp\/v2\/pages\/29323\/revisions\/29425"}],"up":[{"embeddable":true,"href":"https:\/\/stiftadmont.at\/it\/wp-json\/wp\/v2\/pages\/29279"}],"wp:attachment":[{"href":"https:\/\/stiftadmont.at\/it\/wp-json\/wp\/v2\/media?parent=29323"}],"wp:term":[{"taxonomy":"category","embeddable":true,"href":"https:\/\/stiftadmont.at\/it\/wp-json\/wp\/v2\/categories?post=29323"}],"curies":[{"name":"wp","href":"https:\/\/api.w.org\/{rel}","templated":true}]}}