{"id":29335,"date":"2024-07-15T08:23:49","date_gmt":"2024-07-15T06:23:49","guid":{"rendered":"https:\/\/stiftadmont.at\/?page_id=29335"},"modified":"2025-02-04T11:57:27","modified_gmt":"2025-02-04T09:57:27","slug":"consulenza-agli-studenti","status":"publish","type":"page","link":"https:\/\/stiftadmont.at\/it\/haus-der-begegnung-2\/die-muenze\/studentenseelsorge\/","title":{"rendered":"Cappellania studentesca"},"content":{"rendered":"<section id='lightpress__section--block_f3047a6d1cdf1eb78d589be5149b5eca' class='lightpress__section--default-section-space lightpress__section lightpress__section--content'><div class=\"content__inner\"\n         x-init=\"initContentBlockAnim($el)\">\n        \n    <div class=\"content__grid content__grid\">\n                                            <div class=\"content__box content__box--one-hundred\"\n                 style=\"\">\n                                \n                \n                                            <div class=\"prose\"><h5 class=\"heading-m line line-above line--gold text-center\">Cappellania studentesca<\/h5>\n<p>\u00a0<\/p>\n<h5 class=\"heading-m\">Cappellania studentesca e ospitalit\u00e0 benedettina<\/h5>\n<p>\u00a0<\/p>\n<p class=\"paragraph-m\">Con l'apertura della residenza studentesca in M\u00fcnzgrabenstra\u00dfe, l'\u00e9quipe della Haus der Begegnung ha assunto la cura pastorale degli studenti che vi abitano.<\/p>\n<p class=\"paragraph-m\">\u00a0<\/p>\n<p class=\"paragraph-m\">Per noi, cappellania studentesca significa invitare gli studenti a sperimentare la fede in una comunit\u00e0 vivace, a riflettere su di essa con onest\u00e0 intellettuale e ad approfondirla sperimentando la spiritualit\u00e0 e lo stile di vita benedettini per trovare un cristianesimo autentico e credibile.<\/p>\n<p class=\"paragraph-m\">\u00a0<\/p>\n<p class=\"paragraph-m\">\u00a0<\/p>\n<p class=\"paragraph-m\">Con servizi, meditazioni e programmi di riflessione, vogliamo offrire opportunit\u00e0 di praticare e sperimentare la spiritualit\u00e0 benedettina e di viverla e approfondirla. In questo modo, vogliamo aiutare gli individui e le comunit\u00e0 a scoprire la loro fede e a esprimerla in un linguaggio comprensibile nel mondo di oggi.<\/p>\n<p class=\"paragraph-m\">\u00a0<\/p>\n<p class=\"paragraph-m\">Gli studenti hanno anche l'opportunit\u00e0 di sviluppare le proprie capacit\u00e0 di vita al di l\u00e0 degli studi e di rafforzare la propria responsabilit\u00e0 nei confronti del mondo e di tutti gli altri esseri umani.<\/p>\n<p class=\"paragraph-m\">In quest'ottica, per noi \u00e8 molto importante offrire spazi di scambio e di appartenenza: Spazi di scambio, discussione e riflessione che traducano l'eredit\u00e0 delle Sacre Scritture e della tradizione benedettina nel nostro modo moderno di pensare e vivere, contribuendo alle decisioni individuali e alla fede personale. Gli incontri con l'arte, la letteratura, la politica e le altre religioni e confessioni dovrebbero aiutare a scoprire lo spirituale nella cultura contemporanea e consentire un dialogo critico.<\/p>\n<p class=\"paragraph-m\">Gli spazi di appartenenza e di incontro interpersonale fungono da antidoto alla spesso lamentata confusione, alla mancanza di impegno e all'anonimato della vita universitaria quotidiana. A questo servono non da ultimo gli ambienti apertamente accessibili: caffetteria con giornali e riviste, giardino e sala studio, che rendono la Haus der Begegnung un'oasi invitante e rilassante nel mezzo del vivace quartiere universitario.<\/p>\n<p class=\"paragraph-m\">\u00a0<\/p>\n<p class=\"paragraph-m\">San Benedetto scrive nel 53\u00b0 capitolo della sua Regola: \"Tutti i forestieri che vengono devono essere accolti come Cristo, perch\u00e9 egli dir\u00e0: \"Ero forestiero e mi avete accolto\"\". (RB 53,1)<\/p>\n<p class=\"paragraph-m\">Nella sua tradizione di 1500 anni, l'ospitalit\u00e0 benedettina ha assunto forme diverse, ma si \u00e8 sempre basata sul principio di accogliere le persone senza discriminazioni o pregiudizi, seguendo l'esempio di Cristo. La residenza studentesca \u00e8 una forma speciale di questa ospitalit\u00e0 che invita le persone a incontrare Cristo.<\/p>\n<p class=\"paragraph-m\">\"Ovunque Dio \u00e8 presente, crediamo, e gli occhi del Signore guardano i buoni e i cattivi in ogni luogo\". (RB 19:1)<\/p>\n<p class=\"paragraph-m\">Il centro di questo incontro \u00e8 la cappella, dove si celebra l'Eucaristia. La cappella vuole essere un luogo di silenzio quando il rumore della vita quotidiana diventa eccessivo, ma anche un luogo di preghiera e di speciale vicinanza a Dio: dare a Dio spazio e tempo non solo nei momenti speciali o difficili, ma anche nella vita quotidiana.<\/p>\n<p class=\"paragraph-m\">\u00a0<\/p>\n<p class=\"paragraph-m\">\"Ascolta, figlio mio, l'istruzione del Maestro, tendi l'orecchio del tuo cuore, accetta volentieri la promessa del Padre benevolo e realizzala con i fatti!\". (RB Prol, 1)<\/p>\n<p class=\"paragraph-m\">Queste parole, che il nostro Santo Padre Benedetto ha posto all'inizio della sua Regola, sono al tempo stesso un invito e un compito per gli studenti. Vi invitiamo a liberare l'udito del cuore dalle preoccupazioni, dai problemi e dalle innumerevoli cose quotidiane che bloccano e intasano questo udito; ad affinarlo per percepire con maggiore attenzione la voce di Dio; a trovare ascolto attraverso la preghiera comune.<\/p>\n<\/div>\n                    \n                            <\/div>\n        \n            <\/div>\n<\/div>\n\n<\/section>","protected":false},"excerpt":{"rendered":"","protected":false},"author":19,"featured_media":0,"parent":29331,"menu_order":1,"comment_status":"closed","ping_status":"closed","template":"","meta":{"_acf_changed":false,"footnotes":""},"categories":[],"class_list":["post-29335","page","type-page","status-publish","hentry"],"acf":[],"yoast_head":"<!-- This site is optimized with the Yoast SEO Premium plugin v26.0 (Yoast SEO v26.8) - https:\/\/yoast.com\/product\/yoast-seo-premium-wordpress\/ -->\n<title>Studentenseelsorge - Stift Admont<\/title>\n<meta name=\"robots\" content=\"index, follow, max-snippet:-1, max-image-preview:large, max-video-preview:-1\" \/>\n<link rel=\"canonical\" href=\"https:\/\/stiftadmont.at\/it\/casa-dellincontro-2\/la-moneta\/consulenza-agli-studenti\/\" \/>\n<meta property=\"og:locale\" content=\"it_IT\" \/>\n<meta property=\"og:type\" content=\"article\" \/>\n<meta property=\"og:title\" content=\"Studentenseelsorge\" \/>\n<meta property=\"og:url\" content=\"https:\/\/stiftadmont.at\/it\/casa-dellincontro-2\/la-moneta\/consulenza-agli-studenti\/\" \/>\n<meta property=\"og:site_name\" content=\"Stift Admont\" \/>\n<meta property=\"article:modified_time\" content=\"2025-02-04T09:57:27+00:00\" \/>\n<meta property=\"og:image\" content=\"https:\/\/stiftadmont.at\/wp-content\/uploads\/Klosteranlage-innen.jpg\" \/>\n\t<meta property=\"og:image:width\" content=\"1912\" \/>\n\t<meta property=\"og:image:height\" content=\"1188\" \/>\n\t<meta property=\"og:image:type\" content=\"image\/jpeg\" \/>\n<meta name=\"twitter:card\" content=\"summary_large_image\" \/>\n<script type=\"application\/ld+json\" class=\"yoast-schema-graph\">{\"@context\":\"https:\/\/schema.org\",\"@graph\":[{\"@type\":\"WebPage\",\"@id\":\"https:\/\/stiftadmont.at\/haus-der-begegnung-2\/die-muenze\/studentenseelsorge\/\",\"url\":\"https:\/\/stiftadmont.at\/haus-der-begegnung-2\/die-muenze\/studentenseelsorge\/\",\"name\":\"Studentenseelsorge - Stift Admont\",\"isPartOf\":{\"@id\":\"https:\/\/stiftadmont.at\/#website\"},\"datePublished\":\"2024-07-15T06:23:49+00:00\",\"dateModified\":\"2025-02-04T09:57:27+00:00\",\"breadcrumb\":{\"@id\":\"https:\/\/stiftadmont.at\/haus-der-begegnung-2\/die-muenze\/studentenseelsorge\/#breadcrumb\"},\"inLanguage\":\"it-IT\",\"potentialAction\":[{\"@type\":\"ReadAction\",\"target\":[\"https:\/\/stiftadmont.at\/haus-der-begegnung-2\/die-muenze\/studentenseelsorge\/\"]}]},{\"@type\":\"BreadcrumbList\",\"@id\":\"https:\/\/stiftadmont.at\/haus-der-begegnung-2\/die-muenze\/studentenseelsorge\/#breadcrumb\",\"itemListElement\":[{\"@type\":\"ListItem\",\"position\":1,\"name\":\"Start\",\"item\":\"https:\/\/stiftadmont.at\/\"},{\"@type\":\"ListItem\",\"position\":2,\"name\":\"Haus der Begegnung\",\"item\":\"https:\/\/stiftadmont.at\/haus-der-begegnung-2\/\"},{\"@type\":\"ListItem\",\"position\":3,\"name\":\"Die M\u00fcnze\",\"item\":\"https:\/\/stiftadmont.at\/haus-der-begegnung-2\/die-muenze\/\"},{\"@type\":\"ListItem\",\"position\":4,\"name\":\"Studentenseelsorge\"}]},{\"@type\":\"WebSite\",\"@id\":\"https:\/\/stiftadmont.at\/#website\",\"url\":\"https:\/\/stiftadmont.at\/\",\"name\":\"Stift Admont\",\"description\":\"Benediktinerkloster und Sehensw\u00fcrdigkeit im Ges\u00e4use\",\"potentialAction\":[{\"@type\":\"SearchAction\",\"target\":{\"@type\":\"EntryPoint\",\"urlTemplate\":\"https:\/\/stiftadmont.at\/?s={search_term_string}\"},\"query-input\":{\"@type\":\"PropertyValueSpecification\",\"valueRequired\":true,\"valueName\":\"search_term_string\"}}],\"inLanguage\":\"it-IT\"}]}<\/script>\n<!-- \/ Yoast SEO Premium plugin. -->","yoast_head_json":{"title":"Cappellania degli studenti - Abbazia di Admont","robots":{"index":"index","follow":"follow","max-snippet":"max-snippet:-1","max-image-preview":"max-image-preview:large","max-video-preview":"max-video-preview:-1"},"canonical":"https:\/\/stiftadmont.at\/it\/casa-dellincontro-2\/la-moneta\/consulenza-agli-studenti\/","og_locale":"it_IT","og_type":"article","og_title":"Studentenseelsorge","og_url":"https:\/\/stiftadmont.at\/it\/casa-dellincontro-2\/la-moneta\/consulenza-agli-studenti\/","og_site_name":"Stift Admont","article_modified_time":"2025-02-04T09:57:27+00:00","og_image":[{"width":1912,"height":1188,"url":"https:\/\/stiftadmont.at\/wp-content\/uploads\/Klosteranlage-innen.jpg","type":"image\/jpeg"}],"twitter_card":"summary_large_image","schema":{"@context":"https:\/\/schema.org","@graph":[{"@type":"WebPage","@id":"https:\/\/stiftadmont.at\/haus-der-begegnung-2\/die-muenze\/studentenseelsorge\/","url":"https:\/\/stiftadmont.at\/haus-der-begegnung-2\/die-muenze\/studentenseelsorge\/","name":"Cappellania degli studenti - Abbazia di Admont","isPartOf":{"@id":"https:\/\/stiftadmont.at\/#website"},"datePublished":"2024-07-15T06:23:49+00:00","dateModified":"2025-02-04T09:57:27+00:00","breadcrumb":{"@id":"https:\/\/stiftadmont.at\/haus-der-begegnung-2\/die-muenze\/studentenseelsorge\/#breadcrumb"},"inLanguage":"it-IT","potentialAction":[{"@type":"ReadAction","target":["https:\/\/stiftadmont.at\/haus-der-begegnung-2\/die-muenze\/studentenseelsorge\/"]}]},{"@type":"BreadcrumbList","@id":"https:\/\/stiftadmont.at\/haus-der-begegnung-2\/die-muenze\/studentenseelsorge\/#breadcrumb","itemListElement":[{"@type":"ListItem","position":1,"name":"Start","item":"https:\/\/stiftadmont.at\/"},{"@type":"ListItem","position":2,"name":"Haus der Begegnung","item":"https:\/\/stiftadmont.at\/haus-der-begegnung-2\/"},{"@type":"ListItem","position":3,"name":"Die M\u00fcnze","item":"https:\/\/stiftadmont.at\/haus-der-begegnung-2\/die-muenze\/"},{"@type":"ListItem","position":4,"name":"Studentenseelsorge"}]},{"@type":"WebSite","@id":"https:\/\/stiftadmont.at\/#website","url":"https:\/\/stiftadmont.at\/","name":"Abbazia di Admont","description":"Monastero benedettino e attrazione turistica nella Ges\u00e4use","potentialAction":[{"@type":"SearchAction","target":{"@type":"EntryPoint","urlTemplate":"https:\/\/stiftadmont.at\/?s={search_term_string}"},"query-input":{"@type":"PropertyValueSpecification","valueRequired":true,"valueName":"search_term_string"}}],"inLanguage":"it-IT"}]}},"_links":{"self":[{"href":"https:\/\/stiftadmont.at\/it\/wp-json\/wp\/v2\/pages\/29335","targetHints":{"allow":["GET"]}}],"collection":[{"href":"https:\/\/stiftadmont.at\/it\/wp-json\/wp\/v2\/pages"}],"about":[{"href":"https:\/\/stiftadmont.at\/it\/wp-json\/wp\/v2\/types\/page"}],"author":[{"embeddable":true,"href":"https:\/\/stiftadmont.at\/it\/wp-json\/wp\/v2\/users\/19"}],"replies":[{"embeddable":true,"href":"https:\/\/stiftadmont.at\/it\/wp-json\/wp\/v2\/comments?post=29335"}],"version-history":[{"count":5,"href":"https:\/\/stiftadmont.at\/it\/wp-json\/wp\/v2\/pages\/29335\/revisions"}],"predecessor-version":[{"id":32650,"href":"https:\/\/stiftadmont.at\/it\/wp-json\/wp\/v2\/pages\/29335\/revisions\/32650"}],"up":[{"embeddable":true,"href":"https:\/\/stiftadmont.at\/it\/wp-json\/wp\/v2\/pages\/29331"}],"wp:attachment":[{"href":"https:\/\/stiftadmont.at\/it\/wp-json\/wp\/v2\/media?parent=29335"}],"wp:term":[{"taxonomy":"category","embeddable":true,"href":"https:\/\/stiftadmont.at\/it\/wp-json\/wp\/v2\/categories?post=29335"}],"curies":[{"name":"wp","href":"https:\/\/api.w.org\/{rel}","templated":true}]}}