{"id":29344,"date":"2024-07-15T08:47:06","date_gmt":"2024-07-15T06:47:06","guid":{"rendered":"https:\/\/stiftadmont.at\/?page_id=29344"},"modified":"2025-02-04T12:01:37","modified_gmt":"2025-02-04T10:01:37","slug":"discorso-di-apertura-del-vescovo-dioeziano","status":"publish","type":"page","link":"https:\/\/stiftadmont.at\/it\/haus-der-begegnung-2\/die-muenze\/eroeffnungsrede-des-dioezesanbischofs\/","title":{"rendered":"Discorso di apertura del vescovo diocesano"},"content":{"rendered":"<section id='lightpress__section--block_9863c76a414b9529ba1b15d50778481e' class='align-center lightpress__section--default-section-space lightpress__section lightpress__section--headline'><div class=\"headline__container\">\n            <h2 class=\"headline text--40 text-medium line line--gold line-above line-middle\">Discorso di apertura del vescovo diocesano<\/h2>\n        <p class=\"text-center text-gold text--20 text-medium text--uppercase\">Parole di S.E. Vescovo diocesano Dr. Egon Kapellari in occasione dell'inaugurazione e della benedizione della nuova residenza per studenti Akademikerhilfe nella M\u00fcnzgrabenstra\u00dfe di Graz l'8 ottobre 2009<\/p>\n        <div class=\"spacer--40\"><\/div>\n<\/div>\n\n<\/section>\n\n<section id='lightpress__section--block_d6fe4d7ea22c31e1999b3f7e1aa2d927' class='lightpress__section--default-section-space lightpress__section lightpress__section--content'><div class=\"content__inner\"\n         x-init=\"initContentBlockAnim($el)\">\n        \n    <div class=\"content__grid content__grid\">\n                                            <div class=\"content__box content__box--one-hundred\"\n                 style=\"\">\n                                \n                \n                                            <div class=\"prose\"><p class=\"paragraph-m\">Oggi per me \u00e8 un motivo di gioia perch\u00e9 questa casa \u00e8 rimasta una residenza per studenti.<\/p>\n<p class=\"paragraph-m\">\u00a0<\/p>\n<p class=\"paragraph-m\">Il 1\u00b0 febbraio 1970, molte persone erano festosamente riunite in questa sala: i miei due predecessori nella carica di vescovo, il dottor Johann Weber e il dottor Josef Schoiswohl, il Nunzio Apostolico Mons. Rossi, i governatori provinciali Josef Krainer senior e junior, molti professori e studenti e soprattutto i 60 studenti per i quali era stato allestito un nuovo dormitorio in questo monastero domenicano dalla Comunit\u00e0 Universitaria Cattolica di Graz.<\/p>\n<p class=\"paragraph-m\">\u00a0<\/p>\n<p class=\"paragraph-m\">Per quest'opera \u00e8 stato realizzato un tour de force architettonico con pochi soldi. Il nuovo\/vecchio edificio \u00e8 stato poi premiato con la rara onorificenza di costruttore dall'Associazione centrale degli architetti austriaci. Il contratto di affitto e di diritti di costruzione tra il convento domenicano e la diocesi di Graz-Seckau per la comunit\u00e0 universitaria fu stipulato per 30 anni. All'epoca mi sembr\u00f2 un periodo astronomicamente lungo, che fu poi prolungato di qualche altro anno. Tuttavia, quando tornai in Stiria, l'edificio era molto degradato e la diocesi non era in grado di fare investimenti su larga scala, per cui annull\u00f2 il contratto.<\/p>\n<p class=\"paragraph-m\">\u00a0<\/p>\n<p class=\"paragraph-m\">Considero un colpo di fortuna, o meglio una grande benedizione, il fatto che l'Abbazia benedettina di Admont abbia raddoppiato la sua presenza a Graz, aggiungendo l'antico convento domenicano all'edificio di J.-J.-Fuxgasse. Entrambe le case sono dedicate alla vita delle tre universit\u00e0 di Graz e si inseriscono nell'ampio spettro della cappellania universitaria fornita dalla Comunit\u00e0 Universitaria Cattolica, dalle Corporazioni Cattoliche e dall'Opus Dei.<\/p>\n<p class=\"paragraph-m\">\u00a0<\/p>\n<p class=\"paragraph-m\">Sacerdoti diocesani, gesuiti, sacerdoti dell'Opus Dei, benedettini e domenicani continuano a lavorare qui in associazione con cristiani che svolgono un ministero non ordinato. L'associazione di sostegno agli studenti Akademikerhilfe ha assunto l'amministrazione di questa nuova residenza studentesca di Admont e assicura che la vita sia vissuta in ordine e armonia.<\/p>\n<p class=\"paragraph-m\">\u00a0<\/p>\n<p class=\"paragraph-m\">Questa casa antica e allo stesso tempo nuova, in cui siamo ora festosamente riuniti, ha una storia lunga e variegata: fu fondata dall'ordine degli eremiti agostiniani. Qui lavor\u00f2 per molti anni anche il famoso predicatore Abraham a Sancta Clara, alias Ulrich Megerle, della citt\u00e0 sveva di Me\u00dfkirch, che fu anche la patria di Martin Heidegger. In seguito, dopo la rifondazione di quest'ordine, vi lavorarono anche i gesuiti e infine la casa fu ampliata con nuovi edifici, il monastero e il centro studi dei domenicani, di cui gli edifici vicini sono rimasti e rimarranno di propriet\u00e0.<\/p>\n<\/div>\n                    \n                            <\/div>\n        \n            <\/div>\n<\/div>\n\n<\/section>","protected":false},"excerpt":{"rendered":"","protected":false},"author":19,"featured_media":0,"parent":29331,"menu_order":6,"comment_status":"closed","ping_status":"closed","template":"","meta":{"_acf_changed":false,"footnotes":""},"categories":[],"class_list":["post-29344","page","type-page","status-publish","hentry"],"acf":[],"yoast_head":"<!-- This site is optimized with the Yoast SEO Premium plugin v26.0 (Yoast SEO v26.8) - https:\/\/yoast.com\/product\/yoast-seo-premium-wordpress\/ -->\n<title>Er\u00f6ffnungsrede des Di\u00f6zesanbischofs - Stift Admont<\/title>\n<meta name=\"robots\" content=\"index, follow, max-snippet:-1, max-image-preview:large, max-video-preview:-1\" \/>\n<link rel=\"canonical\" href=\"https:\/\/stiftadmont.at\/it\/casa-dellincontro-2\/la-moneta\/discorso-di-apertura-del-vescovo-dioeziano\/\" \/>\n<meta property=\"og:locale\" content=\"it_IT\" \/>\n<meta property=\"og:type\" content=\"article\" \/>\n<meta property=\"og:title\" content=\"Er\u00f6ffnungsrede des Di\u00f6zesanbischofs\" \/>\n<meta property=\"og:url\" content=\"https:\/\/stiftadmont.at\/it\/casa-dellincontro-2\/la-moneta\/discorso-di-apertura-del-vescovo-dioeziano\/\" \/>\n<meta property=\"og:site_name\" content=\"Stift Admont\" \/>\n<meta property=\"article:modified_time\" content=\"2025-02-04T10:01:37+00:00\" \/>\n<meta property=\"og:image\" content=\"https:\/\/stiftadmont.at\/wp-content\/uploads\/Klosteranlage-innen.jpg\" \/>\n\t<meta property=\"og:image:width\" content=\"1912\" \/>\n\t<meta property=\"og:image:height\" content=\"1188\" \/>\n\t<meta property=\"og:image:type\" content=\"image\/jpeg\" \/>\n<meta name=\"twitter:card\" content=\"summary_large_image\" \/>\n<script type=\"application\/ld+json\" class=\"yoast-schema-graph\">{\"@context\":\"https:\/\/schema.org\",\"@graph\":[{\"@type\":\"WebPage\",\"@id\":\"https:\/\/stiftadmont.at\/haus-der-begegnung-2\/die-muenze\/eroeffnungsrede-des-dioezesanbischofs\/\",\"url\":\"https:\/\/stiftadmont.at\/haus-der-begegnung-2\/die-muenze\/eroeffnungsrede-des-dioezesanbischofs\/\",\"name\":\"Er\u00f6ffnungsrede des Di\u00f6zesanbischofs - Stift Admont\",\"isPartOf\":{\"@id\":\"https:\/\/stiftadmont.at\/#website\"},\"datePublished\":\"2024-07-15T06:47:06+00:00\",\"dateModified\":\"2025-02-04T10:01:37+00:00\",\"breadcrumb\":{\"@id\":\"https:\/\/stiftadmont.at\/haus-der-begegnung-2\/die-muenze\/eroeffnungsrede-des-dioezesanbischofs\/#breadcrumb\"},\"inLanguage\":\"it-IT\",\"potentialAction\":[{\"@type\":\"ReadAction\",\"target\":[\"https:\/\/stiftadmont.at\/haus-der-begegnung-2\/die-muenze\/eroeffnungsrede-des-dioezesanbischofs\/\"]}]},{\"@type\":\"BreadcrumbList\",\"@id\":\"https:\/\/stiftadmont.at\/haus-der-begegnung-2\/die-muenze\/eroeffnungsrede-des-dioezesanbischofs\/#breadcrumb\",\"itemListElement\":[{\"@type\":\"ListItem\",\"position\":1,\"name\":\"Start\",\"item\":\"https:\/\/stiftadmont.at\/\"},{\"@type\":\"ListItem\",\"position\":2,\"name\":\"Haus der Begegnung\",\"item\":\"https:\/\/stiftadmont.at\/haus-der-begegnung-2\/\"},{\"@type\":\"ListItem\",\"position\":3,\"name\":\"Die M\u00fcnze\",\"item\":\"https:\/\/stiftadmont.at\/haus-der-begegnung-2\/die-muenze\/\"},{\"@type\":\"ListItem\",\"position\":4,\"name\":\"Er\u00f6ffnungsrede des Di\u00f6zesanbischofs\"}]},{\"@type\":\"WebSite\",\"@id\":\"https:\/\/stiftadmont.at\/#website\",\"url\":\"https:\/\/stiftadmont.at\/\",\"name\":\"Stift Admont\",\"description\":\"Benediktinerkloster und Sehensw\u00fcrdigkeit im Ges\u00e4use\",\"potentialAction\":[{\"@type\":\"SearchAction\",\"target\":{\"@type\":\"EntryPoint\",\"urlTemplate\":\"https:\/\/stiftadmont.at\/?s={search_term_string}\"},\"query-input\":{\"@type\":\"PropertyValueSpecification\",\"valueRequired\":true,\"valueName\":\"search_term_string\"}}],\"inLanguage\":\"it-IT\"}]}<\/script>\n<!-- \/ Yoast SEO Premium plugin. -->","yoast_head_json":{"title":"Discorso di apertura del vescovo diocesano - Abbazia di Admont","robots":{"index":"index","follow":"follow","max-snippet":"max-snippet:-1","max-image-preview":"max-image-preview:large","max-video-preview":"max-video-preview:-1"},"canonical":"https:\/\/stiftadmont.at\/it\/casa-dellincontro-2\/la-moneta\/discorso-di-apertura-del-vescovo-dioeziano\/","og_locale":"it_IT","og_type":"article","og_title":"Er\u00f6ffnungsrede des Di\u00f6zesanbischofs","og_url":"https:\/\/stiftadmont.at\/it\/casa-dellincontro-2\/la-moneta\/discorso-di-apertura-del-vescovo-dioeziano\/","og_site_name":"Stift Admont","article_modified_time":"2025-02-04T10:01:37+00:00","og_image":[{"width":1912,"height":1188,"url":"https:\/\/stiftadmont.at\/wp-content\/uploads\/Klosteranlage-innen.jpg","type":"image\/jpeg"}],"twitter_card":"summary_large_image","schema":{"@context":"https:\/\/schema.org","@graph":[{"@type":"WebPage","@id":"https:\/\/stiftadmont.at\/haus-der-begegnung-2\/die-muenze\/eroeffnungsrede-des-dioezesanbischofs\/","url":"https:\/\/stiftadmont.at\/haus-der-begegnung-2\/die-muenze\/eroeffnungsrede-des-dioezesanbischofs\/","name":"Discorso di apertura del vescovo diocesano - Abbazia di Admont","isPartOf":{"@id":"https:\/\/stiftadmont.at\/#website"},"datePublished":"2024-07-15T06:47:06+00:00","dateModified":"2025-02-04T10:01:37+00:00","breadcrumb":{"@id":"https:\/\/stiftadmont.at\/haus-der-begegnung-2\/die-muenze\/eroeffnungsrede-des-dioezesanbischofs\/#breadcrumb"},"inLanguage":"it-IT","potentialAction":[{"@type":"ReadAction","target":["https:\/\/stiftadmont.at\/haus-der-begegnung-2\/die-muenze\/eroeffnungsrede-des-dioezesanbischofs\/"]}]},{"@type":"BreadcrumbList","@id":"https:\/\/stiftadmont.at\/haus-der-begegnung-2\/die-muenze\/eroeffnungsrede-des-dioezesanbischofs\/#breadcrumb","itemListElement":[{"@type":"ListItem","position":1,"name":"Start","item":"https:\/\/stiftadmont.at\/"},{"@type":"ListItem","position":2,"name":"Haus der Begegnung","item":"https:\/\/stiftadmont.at\/haus-der-begegnung-2\/"},{"@type":"ListItem","position":3,"name":"Die M\u00fcnze","item":"https:\/\/stiftadmont.at\/haus-der-begegnung-2\/die-muenze\/"},{"@type":"ListItem","position":4,"name":"Er\u00f6ffnungsrede des Di\u00f6zesanbischofs"}]},{"@type":"WebSite","@id":"https:\/\/stiftadmont.at\/#website","url":"https:\/\/stiftadmont.at\/","name":"Abbazia di Admont","description":"Monastero benedettino e attrazione turistica nella Ges\u00e4use","potentialAction":[{"@type":"SearchAction","target":{"@type":"EntryPoint","urlTemplate":"https:\/\/stiftadmont.at\/?s={search_term_string}"},"query-input":{"@type":"PropertyValueSpecification","valueRequired":true,"valueName":"search_term_string"}}],"inLanguage":"it-IT"}]}},"_links":{"self":[{"href":"https:\/\/stiftadmont.at\/it\/wp-json\/wp\/v2\/pages\/29344","targetHints":{"allow":["GET"]}}],"collection":[{"href":"https:\/\/stiftadmont.at\/it\/wp-json\/wp\/v2\/pages"}],"about":[{"href":"https:\/\/stiftadmont.at\/it\/wp-json\/wp\/v2\/types\/page"}],"author":[{"embeddable":true,"href":"https:\/\/stiftadmont.at\/it\/wp-json\/wp\/v2\/users\/19"}],"replies":[{"embeddable":true,"href":"https:\/\/stiftadmont.at\/it\/wp-json\/wp\/v2\/comments?post=29344"}],"version-history":[{"count":4,"href":"https:\/\/stiftadmont.at\/it\/wp-json\/wp\/v2\/pages\/29344\/revisions"}],"predecessor-version":[{"id":32654,"href":"https:\/\/stiftadmont.at\/it\/wp-json\/wp\/v2\/pages\/29344\/revisions\/32654"}],"up":[{"embeddable":true,"href":"https:\/\/stiftadmont.at\/it\/wp-json\/wp\/v2\/pages\/29331"}],"wp:attachment":[{"href":"https:\/\/stiftadmont.at\/it\/wp-json\/wp\/v2\/media?parent=29344"}],"wp:term":[{"taxonomy":"category","embeddable":true,"href":"https:\/\/stiftadmont.at\/it\/wp-json\/wp\/v2\/categories?post=29344"}],"curies":[{"name":"wp","href":"https:\/\/api.w.org\/{rel}","templated":true}]}}