{"id":33377,"date":"2025-03-17T13:51:33","date_gmt":"2025-03-17T11:51:33","guid":{"rendered":"https:\/\/stiftadmont.at\/?page_id=33377"},"modified":"2025-03-17T14:07:21","modified_gmt":"2025-03-17T12:07:21","slug":"rientro-in-chiesa","status":"publish","type":"page","link":"https:\/\/stiftadmont.at\/it\/kirchen-wiedereintritt\/","title":{"rendered":"Rientro"},"content":{"rendered":"<section id='lightpress__section--block_755d75cedb19ef07b5f6cdfc6af09ecd' class='align-center lightpress__section--default-section-space lightpress__section lightpress__section--headline'><div class=\"headline__container\">\n            <h2 class=\"headline text--40 text-medium line line--gold line-above line-middle\">Rientro<\/h2>\n        <p class=\"text-center text-gold text--20 text-medium text--uppercase\">Vuoi tornare in chiesa? Scoprite qui tutte le informazioni importanti sul rientro!<br \/>\r\n<\/p>\n        <div class=\"spacer--40\"><\/div>\n<\/div>\n\n<\/section>\n\n<section id='lightpress__section--block_90e9a40fdb5ad50676016b0f8a2dbc08' class='lightpress__section--default-section-space lightpress__section lightpress__section--content'><div class=\"content__inner\"\n         x-init=\"initContentBlockAnim($el)\">\n        \n    <div class=\"content__grid content__grid--sixty-forty\">\n                                            <div class=\"content__box content__box\"\n                 style=\"\">\n                                \n                \n                                            <div class=\"prose\"><h5 class=\"heading-m line line-above line--gold\" style=\"margin-top: 9pt;\"><strong style=\"margin-block: 0px;\"><span style=\"font-size: 18pt; font-family: Arial, sans-serif;\">Prerequisiti<\/span><\/strong><span style=\"font-size: 15pt; font-family: Arial, sans-serif;\"><\/span><\/h5>\n<p style=\"margin-top: 9pt;\"><span style=\"font-family: Arial, sans-serif;\">Siete stati battezzati, professate la fede cristiana e avete la sincera intenzione di tornare alla Chiesa cattolica. Volete rimanere fedeli alla comunit\u00e0 della Chiesa cattolica anche in futuro.<\/span><span style=\"font-size: 15pt; font-family: Arial, sans-serif;\"><\/span><\/p>\n<p>\u00a0<\/p>\n<p>\u00a0<\/p>\n<h5 class=\"heading-m line line-above line--gold\" style=\"margin-top: 9pt;\"><strong style=\"margin-block: 0px;\"><span style=\"font-size: 18pt; font-family: Arial, sans-serif;\">Cosa si dovrebbe fare per prima cosa?<\/span><\/strong><span style=\"font-size: 15pt; font-family: Arial, sans-serif;\"><\/span><\/h5>\n<p style=\"margin-top: 9pt;\"><span style=\"font-family: Arial, sans-serif;\">Iniziate parlando con un sacerdote (il parroco della parrocchia in cui vivete o un altro pastore di fiducia).  Il sacerdote vi chieder\u00e0 perch\u00e9 avete lasciato la Chiesa in quel momento e che cosa vi spinge a tornare in chiesa ora. Non si tratta di un esame o di una \"strigliata\" inutile, ma di un tentativo di conversazione onesta. Nessuno deve essere persuaso ad aderire, ma nessuno che sia serio deve essere \"allontanato\".<\/span><span style=\"font-size: 15pt; font-family: Arial, sans-serif;\"><\/span><\/p>\n<p>\u00a0<\/p>\n<p style=\"margin-top: 9pt;\"><span style=\"font-family: Arial, sans-serif;\">Se non conoscete un sacerdote e non volete rivolgervi al vostro parroco locale, potete anche contattare un sacerdote appositamente nominato:\u00a0<a href=\"https:\/\/www.katholische-kirche-steiermark.at\/goto\/visitenkarte\/127\/Mag__Dietmar_Gr__nwald\" target=\"_blank\" rel=\"noopener\"><span style=\"text-decoration-line: none;\">Dietmar Gr\u00fcnwald<\/span>.<\/a><\/span><span style=\"font-size: 15pt; font-family: Arial, sans-serif;\"><\/span><\/p>\n<p>\u00a0<\/p>\n<p>\u00a0<\/p>\n<h5 class=\"heading-m line line-above line--gold\" style=\"margin-top: 9.0pt;\"><strong><span style=\"font-size: 18pt; font-family: Arial, sans-serif;\">La registrazione<\/span><\/strong><span style=\"font-size: 15pt; font-family: Arial, sans-serif;\"><\/span><\/h5>\n<p style=\"margin-top: 9pt;\"><span style=\"font-family: Arial, sans-serif;\">L'ammissione viene fatta dal sacerdote. Questo atto pu\u00f2 avvenire semplicemente nell'ufficio parrocchiale. Tuttavia, pu\u00f2 anche essere solennizzato durante una funzione in chiesa o con la famiglia o gli amici. Potete scegliere la forma pi\u00f9 adatta a voi.<\/span><span style=\"font-size: 15pt; font-family: Arial, sans-serif;\"><\/span><\/p>\n<\/div>\n                    \n                            <\/div>\n        \n                                                    <div class=\"content__box content__box--2\"\n                     >\n                                        \n                    \n                                                    <div class=\"prose\"><h5 class=\"heading-m line line-above line--gold\" style=\"margin-top: 9pt;\"><strong style=\"margin-block: 0px;\"><span style=\"font-size: 18pt; font-family: Arial, sans-serif;\">False voci<\/span><\/strong><span style=\"font-size: 15pt; font-family: Arial, sans-serif;\"><\/span><\/h5>\n<p style=\"margin-top: 9pt;\"><span style=\"font-family: Arial, sans-serif;\">Spesso si sostiene che se si rientra in chiesa, si deve pagare il contributo ecclesiastico per gli anni trascorsi da quando si \u00e8 usciti. \u00c8 sbagliato! L'obbligo di pagare il contributo ecclesiastico ricomincia solo quando si rientra in chiesa. Se desiderate sapere a quanto ammonterebbe il vostro contributo ecclesiastico in caso di rientro, contattate la nostra organizzazione per i contributi ecclesiastici. Saranno lieti di informarvi e consigliarvi.<\/span><span style=\"font-size: 15pt; font-family: Arial, sans-serif;\"><\/span><\/p>\n<p style=\"margin-top: 9pt;\"><span style=\"font-family: Arial, sans-serif;\"><a style=\"margin-block: 0px; display: inline-block;\" href=\"https:\/\/www.katholische-kirche-steiermark.at\/portal\/kirchenbeitrag\" target=\"_blank\" rel=\"noopener\"><span style=\"text-decoration-line: none;\">Per saperne di pi\u00f9 sul contributo della chiesa<\/span><\/a><\/span><span style=\"font-size: 15pt; font-family: Arial, sans-serif;\"><\/span><\/p>\n<p style=\"margin-top: 9pt;\"><span style=\"font-family: Arial, sans-serif;\">Anche la voce secondo cui bisogna imparare le preghiere a memoria e fare un test con il sacerdote prima dell'ammissione \u00e8 falsa. Anche i testimoni che confermano l'ammissione non sono pi\u00f9 necessari nella nostra diocesi.<\/span><span style=\"font-size: 15pt; font-family: Arial, sans-serif;\"><\/span><\/p>\n<p>\u00a0<\/p>\n<p>\u00a0<\/p>\n<h5 class=\"heading-m line line-above line--gold\" style=\"margin-top: 9pt;\"><strong style=\"margin-block: 0px;\"><span style=\"font-size: 18pt; font-family: Arial, sans-serif;\">Revoca delle dimissioni<\/span><\/strong><span style=\"font-size: 15pt; font-family: Arial, sans-serif;\"><\/span><\/h5>\n<p style=\"margin-top: 9pt;\"><span style=\"font-family: Arial, sans-serif;\">Non sono ancora passati tre mesi da quando ha lasciato la chiesa davanti alle autorit\u00e0?<\/span><span style=\"font-size: 15pt; font-family: Arial, sans-serif;\"><br style=\"margin-block: 0px;\" \/><\/span><span style=\"font-family: Arial, sans-serif;\">A questo punto \u00e8 possibile annullare la cancellazione semplicemente utilizzando questo modulo.<\/span><span style=\"font-size: 15pt; font-family: Arial, sans-serif;\"><\/span><\/p>\n<p style=\"margin-top: 9pt;\"><span style=\"font-family: Arial, sans-serif;\">La rinuncia non sar\u00e0 annotata nel registro dei battesimi.<\/span><\/p>\n<p>\u00a0<\/p>\n<p><a title=\"Il modulo di reiscrizione \u00e8 disponibile qui\" href=\"https:\/\/www.katholische-kirche-steiermark.at\/portal\/rathilfe\/indiekirchezurueckkehren\/wiedereintrittsformular\" target=\"_blank\" rel=\"noopener\">Il modulo di reiscrizione \u00e8 disponibile qui<\/a><\/p>\n<\/div>\n                        \n                                    <\/div>\n            \n            <\/div>\n<\/div>\n\n<\/section>","protected":false},"excerpt":{"rendered":"","protected":false},"author":7,"featured_media":0,"parent":0,"menu_order":0,"comment_status":"closed","ping_status":"closed","template":"","meta":{"_acf_changed":false,"footnotes":""},"categories":[],"class_list":["post-33377","page","type-page","status-publish","hentry"],"acf":[],"yoast_head":"<!-- This site is optimized with the Yoast SEO Premium plugin v26.0 (Yoast SEO v26.8) - https:\/\/yoast.com\/product\/yoast-seo-premium-wordpress\/ -->\n<title>Wiedereintritt - Stift Admont<\/title>\n<meta name=\"robots\" content=\"index, follow, max-snippet:-1, max-image-preview:large, max-video-preview:-1\" \/>\n<link rel=\"canonical\" href=\"https:\/\/stiftadmont.at\/it\/rientro-in-chiesa\/\" \/>\n<meta property=\"og:locale\" content=\"it_IT\" \/>\n<meta property=\"og:type\" content=\"article\" \/>\n<meta property=\"og:title\" content=\"Wiedereintritt\" \/>\n<meta property=\"og:url\" content=\"https:\/\/stiftadmont.at\/it\/rientro-in-chiesa\/\" \/>\n<meta property=\"og:site_name\" content=\"Stift Admont\" \/>\n<meta property=\"article:modified_time\" content=\"2025-03-17T12:07:21+00:00\" \/>\n<meta property=\"og:image\" content=\"https:\/\/stiftadmont.at\/wp-content\/uploads\/Klosteranlage-innen.jpg\" \/>\n\t<meta property=\"og:image:width\" content=\"1912\" \/>\n\t<meta property=\"og:image:height\" content=\"1188\" \/>\n\t<meta property=\"og:image:type\" content=\"image\/jpeg\" \/>\n<meta name=\"twitter:card\" content=\"summary_large_image\" \/>\n<script type=\"application\/ld+json\" class=\"yoast-schema-graph\">{\"@context\":\"https:\/\/schema.org\",\"@graph\":[{\"@type\":\"WebPage\",\"@id\":\"https:\/\/stiftadmont.at\/kirchen-wiedereintritt\/\",\"url\":\"https:\/\/stiftadmont.at\/kirchen-wiedereintritt\/\",\"name\":\"Wiedereintritt - Stift Admont\",\"isPartOf\":{\"@id\":\"https:\/\/stiftadmont.at\/#website\"},\"datePublished\":\"2025-03-17T11:51:33+00:00\",\"dateModified\":\"2025-03-17T12:07:21+00:00\",\"breadcrumb\":{\"@id\":\"https:\/\/stiftadmont.at\/kirchen-wiedereintritt\/#breadcrumb\"},\"inLanguage\":\"it-IT\",\"potentialAction\":[{\"@type\":\"ReadAction\",\"target\":[\"https:\/\/stiftadmont.at\/kirchen-wiedereintritt\/\"]}]},{\"@type\":\"BreadcrumbList\",\"@id\":\"https:\/\/stiftadmont.at\/kirchen-wiedereintritt\/#breadcrumb\",\"itemListElement\":[{\"@type\":\"ListItem\",\"position\":1,\"name\":\"Start\",\"item\":\"https:\/\/stiftadmont.at\/\"},{\"@type\":\"ListItem\",\"position\":2,\"name\":\"Wiedereintritt\"}]},{\"@type\":\"WebSite\",\"@id\":\"https:\/\/stiftadmont.at\/#website\",\"url\":\"https:\/\/stiftadmont.at\/\",\"name\":\"Stift Admont\",\"description\":\"Benediktinerkloster und Sehensw\u00fcrdigkeit im Ges\u00e4use\",\"potentialAction\":[{\"@type\":\"SearchAction\",\"target\":{\"@type\":\"EntryPoint\",\"urlTemplate\":\"https:\/\/stiftadmont.at\/?s={search_term_string}\"},\"query-input\":{\"@type\":\"PropertyValueSpecification\",\"valueRequired\":true,\"valueName\":\"search_term_string\"}}],\"inLanguage\":\"it-IT\"}]}<\/script>\n<!-- \/ Yoast SEO Premium plugin. -->","yoast_head_json":{"title":"Rientro - Abbazia di Admont","robots":{"index":"index","follow":"follow","max-snippet":"max-snippet:-1","max-image-preview":"max-image-preview:large","max-video-preview":"max-video-preview:-1"},"canonical":"https:\/\/stiftadmont.at\/it\/rientro-in-chiesa\/","og_locale":"it_IT","og_type":"article","og_title":"Wiedereintritt","og_url":"https:\/\/stiftadmont.at\/it\/rientro-in-chiesa\/","og_site_name":"Stift Admont","article_modified_time":"2025-03-17T12:07:21+00:00","og_image":[{"width":1912,"height":1188,"url":"https:\/\/stiftadmont.at\/wp-content\/uploads\/Klosteranlage-innen.jpg","type":"image\/jpeg"}],"twitter_card":"summary_large_image","schema":{"@context":"https:\/\/schema.org","@graph":[{"@type":"WebPage","@id":"https:\/\/stiftadmont.at\/kirchen-wiedereintritt\/","url":"https:\/\/stiftadmont.at\/kirchen-wiedereintritt\/","name":"Rientro - Abbazia di Admont","isPartOf":{"@id":"https:\/\/stiftadmont.at\/#website"},"datePublished":"2025-03-17T11:51:33+00:00","dateModified":"2025-03-17T12:07:21+00:00","breadcrumb":{"@id":"https:\/\/stiftadmont.at\/kirchen-wiedereintritt\/#breadcrumb"},"inLanguage":"it-IT","potentialAction":[{"@type":"ReadAction","target":["https:\/\/stiftadmont.at\/kirchen-wiedereintritt\/"]}]},{"@type":"BreadcrumbList","@id":"https:\/\/stiftadmont.at\/kirchen-wiedereintritt\/#breadcrumb","itemListElement":[{"@type":"ListItem","position":1,"name":"Start","item":"https:\/\/stiftadmont.at\/"},{"@type":"ListItem","position":2,"name":"Wiedereintritt"}]},{"@type":"WebSite","@id":"https:\/\/stiftadmont.at\/#website","url":"https:\/\/stiftadmont.at\/","name":"Abbazia di Admont","description":"Monastero benedettino e attrazione turistica nella Ges\u00e4use","potentialAction":[{"@type":"SearchAction","target":{"@type":"EntryPoint","urlTemplate":"https:\/\/stiftadmont.at\/?s={search_term_string}"},"query-input":{"@type":"PropertyValueSpecification","valueRequired":true,"valueName":"search_term_string"}}],"inLanguage":"it-IT"}]}},"_links":{"self":[{"href":"https:\/\/stiftadmont.at\/it\/wp-json\/wp\/v2\/pages\/33377","targetHints":{"allow":["GET"]}}],"collection":[{"href":"https:\/\/stiftadmont.at\/it\/wp-json\/wp\/v2\/pages"}],"about":[{"href":"https:\/\/stiftadmont.at\/it\/wp-json\/wp\/v2\/types\/page"}],"author":[{"embeddable":true,"href":"https:\/\/stiftadmont.at\/it\/wp-json\/wp\/v2\/users\/7"}],"replies":[{"embeddable":true,"href":"https:\/\/stiftadmont.at\/it\/wp-json\/wp\/v2\/comments?post=33377"}],"version-history":[{"count":6,"href":"https:\/\/stiftadmont.at\/it\/wp-json\/wp\/v2\/pages\/33377\/revisions"}],"predecessor-version":[{"id":33385,"href":"https:\/\/stiftadmont.at\/it\/wp-json\/wp\/v2\/pages\/33377\/revisions\/33385"}],"wp:attachment":[{"href":"https:\/\/stiftadmont.at\/it\/wp-json\/wp\/v2\/media?parent=33377"}],"wp:term":[{"taxonomy":"category","embeddable":true,"href":"https:\/\/stiftadmont.at\/it\/wp-json\/wp\/v2\/categories?post=33377"}],"curies":[{"name":"wp","href":"https:\/\/api.w.org\/{rel}","templated":true}]}}