{"id":33391,"date":"2025-03-17T14:17:17","date_gmt":"2025-03-17T12:17:17","guid":{"rendered":"https:\/\/stiftadmont.at\/?page_id=33391"},"modified":"2025-03-25T11:56:08","modified_gmt":"2025-03-25T09:56:08","slug":"battesimo-parrocchiale-admont","status":"publish","type":"page","link":"https:\/\/stiftadmont.at\/it\/pfarren\/pfarre-admont\/pfarre-admont-taufe\/","title":{"rendered":"Battesimo nella parrocchia di Admont"},"content":{"rendered":"<section id='lightpress__section--block_0c2b84015d2bd36d96d77d0aff9a4c54' class='align-center lightpress__section--default-section-space lightpress__section lightpress__section--headline'><div class=\"headline__container\">\n            <h2 class=\"headline text--40 text-medium line line--gold line-above line-middle\">Battesimo nella parrocchia di Admont<\/h2>\n        <p class=\"text-center text-gold text--20 text-medium text--uppercase\">Scoprite qui tutte le informazioni importanti sul battesimo!<\/p>\n        <div class=\"spacer--40\"><\/div>\n<\/div>\n\n<\/section>\n\n<section id='lightpress__section--block_db11ce9004a8d36752d334416ec257d4' class='lightpress__section--default-section-space lightpress__section lightpress__section--content'><div class=\"content__inner\"\n         x-init=\"initContentBlockAnim($el)\">\n        \n    <div class=\"content__grid content__grid--fifty-fifty\">\n                                            <div class=\"content__box content__box\"\n                 style=\"\">\n                                \n                \n                                            <div class=\"prose\"><h5 class=\"heading-m line line-above line--gold\">Siete pronti a dare al vostro bambino un inizio di vita davvero speciale?<\/h5>\n<p>\u00a0<\/p>\n<p class=\"MsoNormal\">Scoprite il significato profondo del battesimo e come esso dia a vostro figlio un legame duraturo con Dio e con la comunit\u00e0 cristiana!\u00a0<\/p>\n<p>\u00a0<\/p>\n<p>Il battesimo \u00e8 molto pi\u00f9 di una semplice cerimonia: segna l'inizio di un cammino di fede e di comunione che durer\u00e0 tutta la vita. Attraverso il battesimo, vostro figlio non solo entra a far parte della famiglia allargata dei credenti, ma riceve anche la promessa di un'amicizia incrollabile con Dio che durer\u00e0 attraverso tutte le circostanze della vita. Come genitori, avete l'opportunit\u00e0 di avvicinare vostro figlio all'amore di Dio e di accompagnarlo nel suo cammino spirituale. Insieme a padrini e madrine amorevoli e alla Chiesa che vi sostiene, potete fare in modo che il vostro bambino cresca su solide basi di fede.\u00a0<\/p>\n<p>\u00a0<\/p>\n<p>Celebrate questo importante passo nella chiesa parrocchiale, cuore della comunit\u00e0 cristiana, e lasciate che vostro figlio entri a far parte di una comunit\u00e0 di fede ricca di tradizione.\u00a0<\/p>\n<p>\u00a0<\/p>\n<p>Registrate il vostro bambino per il battesimo presso l'ufficio parrocchiale di Admont durante gli orari di apertura:<\/p>\n<p>\u00a0<\/p>\n<p>\u00a0<\/p>\n<h6 class=\"heading-s\">Richieste di informazioni:<\/h6>\n<h6>\u00a0<\/h6>\n<p><a class=\"phone\" href=\"tel:+43 (0) 3613\/335411\"><span class=\"icon-outer\"><i class=\"fa-light fa-phone\"><\/i><\/span>+43 (0) 3613\/2312-251<\/a>\u00a0<\/p>\n<p><a class=\"email\" href=\"mailto:info@pfarre-admont.at\"><span class=\"icon-outer\"><i class=\"fa-light fa-envelope\"><\/i><\/span>info@pfarre-admont.at<\/a><\/p>\n<p>\u00a0<\/p>\n<p>\u00a0<\/p>\n<p>\u00a0<\/p>\n<\/div>\n                    \n                            <\/div>\n        \n                                                    <div class=\"content__box content__box--2\"\n                     >\n                                        \n                    \n                                                <div class=\"content__media stickyTo\" x-init=\"imageSticky($el)\">\n\n                                                                                    <picture\n                                    class=\"content__image sticky\">\n                                <source srcset=\"https:\/\/stiftadmont.at\/wp-content\/uploads\/AdobeStock_458102240-1024x604.webp\" type=\"image\/webp\">\n                                <source srcset=\"https:\/\/stiftadmont.at\/wp-content\/uploads\/AdobeStock_458102240-1024x604.jpg\" type=\"image\/jpeg\">\n                                <img decoding=\"async\" class=\"sticky\" loading=\"lazy\" src=\"https:\/\/stiftadmont.at\/wp-content\/uploads\/AdobeStock_458102240-1024x604.jpg\"\n                                     alt=\"AdobeStock 458102240\">\n\n                                                                                                                            <\/picture>\n\n                        <\/div>\n\n                                    <\/div>\n            \n            <\/div>\n<\/div>\n\n<\/section>\n\n<section id='lightpress__section--block_630b81ef928c1c88645510cb34a02735' class='align-center lightpress__section--default-section-space lightpress__section lightpress__section--headline'><div class=\"headline__container\">\n            <h2 class=\"headline text--40 text-medium line line--gold line-above line-middle\">Ulteriori informazioni... <\/h2>\n        <p class=\"text-center text-gold text--20 text-medium text--uppercase\">Per maggiori informazioni, leggete il seguente PDF, che viene utilizzato durante i colloqui di battesimo<\/p>\n        <div class=\"spacer--40\"><\/div>\n<\/div>\n\n<\/section>\n\n<section id='lightpress__section--block_ba6f76dcafa7ebc77ffe25e0f6749a50' class='lightpress__section--default-section-space lightpress__section lightpress__section--content'><div class=\"content__inner\"\n         x-init=\"initContentBlockAnim($el)\">\n        \n    <div class=\"content__grid content__grid\">\n                                            <div class=\"content__box content__box--one-hundred\"\n                 style=\"\">\n                                \n                \n                                            <div class=\"prose\"><p><a title=\"Bollettino parrocchiale Admont febbraio, marzo, aprile 2025\" href=\"\"><div class=\"_df_book df-lite\" id=\"df_33417\"  _slug=\"33417\" data-title=\"unser-kind-wird-getauft\" wpoptions=\"true\" thumb=\"https:\/\/stiftadmont.at\/wp-content\/uploads\/Vorschaubild-Taufe.png\" thumbtype=\"\" ><\/div><script class=\"df-shortcode-script\" nowprocket type=\"application\/javascript\">window.option_df_33417 = {\"outline\":[],\"autoEnableOutline\":\"false\",\"autoEnableThumbnail\":\"false\",\"overwritePDFOutline\":\"false\",\"direction\":\"1\",\"pageSize\":\"0\",\"source\":\"https:\\\/\\\/stiftadmont.at\\\/wp-content\\\/uploads\\\/Unser_Kind_wird_getauft.pdf\",\"wpOptions\":\"true\"}; if(window.DFLIP && window.DFLIP.parseBooks){window.DFLIP.parseBooks();}<\/script><\/a><\/p>\n<\/div>\n                    \n                            <\/div>\n        \n            <\/div>\n<\/div>\n\n<\/section>","protected":false},"excerpt":{"rendered":"","protected":false},"author":7,"featured_media":0,"parent":33335,"menu_order":0,"comment_status":"closed","ping_status":"closed","template":"","meta":{"_acf_changed":false,"footnotes":""},"categories":[],"class_list":["post-33391","page","type-page","status-publish","hentry"],"acf":[],"yoast_head":"<!-- This site is optimized with the Yoast SEO Premium plugin v26.0 (Yoast SEO v26.8) - https:\/\/yoast.com\/product\/yoast-seo-premium-wordpress\/ -->\n<title>Taufe in der Pfarre Admont - Stift Admont<\/title>\n<meta name=\"robots\" content=\"index, follow, max-snippet:-1, max-image-preview:large, max-video-preview:-1\" \/>\n<link rel=\"canonical\" href=\"https:\/\/stiftadmont.at\/it\/parrocchie\/parrocchia-di-admont\/battesimo-parrocchiale-admont\/\" \/>\n<meta property=\"og:locale\" content=\"it_IT\" \/>\n<meta property=\"og:type\" content=\"article\" \/>\n<meta property=\"og:title\" content=\"Taufe in der Pfarre Admont\" \/>\n<meta property=\"og:url\" content=\"https:\/\/stiftadmont.at\/it\/parrocchie\/parrocchia-di-admont\/battesimo-parrocchiale-admont\/\" \/>\n<meta property=\"og:site_name\" content=\"Stift Admont\" \/>\n<meta property=\"article:modified_time\" content=\"2025-03-25T09:56:08+00:00\" \/>\n<meta property=\"og:image\" content=\"https:\/\/stiftadmont.at\/wp-content\/uploads\/Klosteranlage-innen.jpg\" \/>\n\t<meta property=\"og:image:width\" content=\"1912\" \/>\n\t<meta property=\"og:image:height\" content=\"1188\" \/>\n\t<meta property=\"og:image:type\" content=\"image\/jpeg\" \/>\n<meta name=\"twitter:card\" content=\"summary_large_image\" \/>\n<script type=\"application\/ld+json\" class=\"yoast-schema-graph\">{\"@context\":\"https:\/\/schema.org\",\"@graph\":[{\"@type\":\"WebPage\",\"@id\":\"https:\/\/stiftadmont.at\/pfarren\/pfarre-admont\/pfarre-admont-taufe\/\",\"url\":\"https:\/\/stiftadmont.at\/pfarren\/pfarre-admont\/pfarre-admont-taufe\/\",\"name\":\"Taufe in der Pfarre Admont - Stift Admont\",\"isPartOf\":{\"@id\":\"https:\/\/stiftadmont.at\/#website\"},\"datePublished\":\"2025-03-17T12:17:17+00:00\",\"dateModified\":\"2025-03-25T09:56:08+00:00\",\"breadcrumb\":{\"@id\":\"https:\/\/stiftadmont.at\/pfarren\/pfarre-admont\/pfarre-admont-taufe\/#breadcrumb\"},\"inLanguage\":\"it-IT\",\"potentialAction\":[{\"@type\":\"ReadAction\",\"target\":[\"https:\/\/stiftadmont.at\/pfarren\/pfarre-admont\/pfarre-admont-taufe\/\"]}]},{\"@type\":\"BreadcrumbList\",\"@id\":\"https:\/\/stiftadmont.at\/pfarren\/pfarre-admont\/pfarre-admont-taufe\/#breadcrumb\",\"itemListElement\":[{\"@type\":\"ListItem\",\"position\":1,\"name\":\"Start\",\"item\":\"https:\/\/stiftadmont.at\/\"},{\"@type\":\"ListItem\",\"position\":2,\"name\":\"Pfarren\",\"item\":\"https:\/\/stiftadmont.at\/pfarren\/\"},{\"@type\":\"ListItem\",\"position\":3,\"name\":\"Pfarre Admont\",\"item\":\"https:\/\/stiftadmont.at\/pfarren\/pfarre-admont\/\"},{\"@type\":\"ListItem\",\"position\":4,\"name\":\"Taufe in der Pfarre Admont\"}]},{\"@type\":\"WebSite\",\"@id\":\"https:\/\/stiftadmont.at\/#website\",\"url\":\"https:\/\/stiftadmont.at\/\",\"name\":\"Stift Admont\",\"description\":\"Benediktinerkloster und Sehensw\u00fcrdigkeit im Ges\u00e4use\",\"potentialAction\":[{\"@type\":\"SearchAction\",\"target\":{\"@type\":\"EntryPoint\",\"urlTemplate\":\"https:\/\/stiftadmont.at\/?s={search_term_string}\"},\"query-input\":{\"@type\":\"PropertyValueSpecification\",\"valueRequired\":true,\"valueName\":\"search_term_string\"}}],\"inLanguage\":\"it-IT\"}]}<\/script>\n<!-- \/ Yoast SEO Premium plugin. -->","yoast_head_json":{"title":"Battesimo nella parrocchia di Admont - Abbazia di Admont","robots":{"index":"index","follow":"follow","max-snippet":"max-snippet:-1","max-image-preview":"max-image-preview:large","max-video-preview":"max-video-preview:-1"},"canonical":"https:\/\/stiftadmont.at\/it\/parrocchie\/parrocchia-di-admont\/battesimo-parrocchiale-admont\/","og_locale":"it_IT","og_type":"article","og_title":"Taufe in der Pfarre Admont","og_url":"https:\/\/stiftadmont.at\/it\/parrocchie\/parrocchia-di-admont\/battesimo-parrocchiale-admont\/","og_site_name":"Stift Admont","article_modified_time":"2025-03-25T09:56:08+00:00","og_image":[{"width":1912,"height":1188,"url":"https:\/\/stiftadmont.at\/wp-content\/uploads\/Klosteranlage-innen.jpg","type":"image\/jpeg"}],"twitter_card":"summary_large_image","schema":{"@context":"https:\/\/schema.org","@graph":[{"@type":"WebPage","@id":"https:\/\/stiftadmont.at\/pfarren\/pfarre-admont\/pfarre-admont-taufe\/","url":"https:\/\/stiftadmont.at\/pfarren\/pfarre-admont\/pfarre-admont-taufe\/","name":"Battesimo nella parrocchia di Admont - Abbazia di Admont","isPartOf":{"@id":"https:\/\/stiftadmont.at\/#website"},"datePublished":"2025-03-17T12:17:17+00:00","dateModified":"2025-03-25T09:56:08+00:00","breadcrumb":{"@id":"https:\/\/stiftadmont.at\/pfarren\/pfarre-admont\/pfarre-admont-taufe\/#breadcrumb"},"inLanguage":"it-IT","potentialAction":[{"@type":"ReadAction","target":["https:\/\/stiftadmont.at\/pfarren\/pfarre-admont\/pfarre-admont-taufe\/"]}]},{"@type":"BreadcrumbList","@id":"https:\/\/stiftadmont.at\/pfarren\/pfarre-admont\/pfarre-admont-taufe\/#breadcrumb","itemListElement":[{"@type":"ListItem","position":1,"name":"Start","item":"https:\/\/stiftadmont.at\/"},{"@type":"ListItem","position":2,"name":"Pfarren","item":"https:\/\/stiftadmont.at\/pfarren\/"},{"@type":"ListItem","position":3,"name":"Pfarre Admont","item":"https:\/\/stiftadmont.at\/pfarren\/pfarre-admont\/"},{"@type":"ListItem","position":4,"name":"Taufe in der Pfarre Admont"}]},{"@type":"WebSite","@id":"https:\/\/stiftadmont.at\/#website","url":"https:\/\/stiftadmont.at\/","name":"Abbazia di Admont","description":"Monastero benedettino e attrazione turistica nella Ges\u00e4use","potentialAction":[{"@type":"SearchAction","target":{"@type":"EntryPoint","urlTemplate":"https:\/\/stiftadmont.at\/?s={search_term_string}"},"query-input":{"@type":"PropertyValueSpecification","valueRequired":true,"valueName":"search_term_string"}}],"inLanguage":"it-IT"}]}},"_links":{"self":[{"href":"https:\/\/stiftadmont.at\/it\/wp-json\/wp\/v2\/pages\/33391","targetHints":{"allow":["GET"]}}],"collection":[{"href":"https:\/\/stiftadmont.at\/it\/wp-json\/wp\/v2\/pages"}],"about":[{"href":"https:\/\/stiftadmont.at\/it\/wp-json\/wp\/v2\/types\/page"}],"author":[{"embeddable":true,"href":"https:\/\/stiftadmont.at\/it\/wp-json\/wp\/v2\/users\/7"}],"replies":[{"embeddable":true,"href":"https:\/\/stiftadmont.at\/it\/wp-json\/wp\/v2\/comments?post=33391"}],"version-history":[{"count":9,"href":"https:\/\/stiftadmont.at\/it\/wp-json\/wp\/v2\/pages\/33391\/revisions"}],"predecessor-version":[{"id":33864,"href":"https:\/\/stiftadmont.at\/it\/wp-json\/wp\/v2\/pages\/33391\/revisions\/33864"}],"up":[{"embeddable":true,"href":"https:\/\/stiftadmont.at\/it\/wp-json\/wp\/v2\/pages\/33335"}],"wp:attachment":[{"href":"https:\/\/stiftadmont.at\/it\/wp-json\/wp\/v2\/media?parent=33391"}],"wp:term":[{"taxonomy":"category","embeddable":true,"href":"https:\/\/stiftadmont.at\/it\/wp-json\/wp\/v2\/categories?post=33391"}],"curies":[{"name":"wp","href":"https:\/\/api.w.org\/{rel}","templated":true}]}}