{"id":34163,"date":"2025-03-27T11:27:06","date_gmt":"2025-03-27T09:27:06","guid":{"rendered":"https:\/\/stiftadmont.at\/?page_id=34163"},"modified":"2025-03-27T11:32:33","modified_gmt":"2025-03-27T09:32:33","slug":"attrezzature-per-larchitettura","status":"publish","type":"page","link":"https:\/\/stiftadmont.at\/it\/pfarren\/pfarre-frauenberg-an-der-enns\/architektur-ausstattung\/","title":{"rendered":"Architettura e arredamento"},"content":{"rendered":"<section id='lightpress__section--block_bab2fbbc4bf4047f9e1ffd14e9ee6077' class='align-center lightpress__section--default-section-space lightpress__section lightpress__section--headline'><div class=\"headline__container\">\n            <h2 class=\"headline text--40 text-medium line line--gold line-above line-middle\">Architettura e arredamento della chiesa parrocchiale di Frauenberg an der Enns<\/h2>\n        <p class=\"text-center text-gold text--20 text-medium text--uppercase\">Qui troverete alcune informazioni sulla nostra chiesa <\/p>\n        <div class=\"spacer--40\"><\/div>\n<\/div>\n\n<\/section>\n\n<section id='lightpress__section--block_44a64f8f5c34c41dd21fb1dee2fb3531' class='lightpress__section--default-section-space lightpress__section lightpress__section--content'><div class=\"content__inner\"\n         x-init=\"initContentBlockAnim($el)\">\n        \n    <div class=\"content__grid content__grid--fifty-fifty\">\n                                            <div class=\"content__box content__box\"\n                 style=\"\">\n                                \n                \n                                            <div class=\"prose\"><p>Dall'esterno, la chiesa e la canonica sembrano un unico edificio allungato, lungo 100 metri. A est, la chiesa termina con due cupole a cipolla; la suggestiva struttura muraria barocca \u00e8 incrostata di cenere. Nello stile di una basilica, la chiesa \u00e8 un'aula con quattro cappelle laterali. L'interno della chiesa fu progettato da Carlo Antonio Carlone intorno al 1682, che si ispir\u00f2 strettamente alle chiese monastiche che il padre Pietro Francesco Carlone aveva progettato per l'Abbazia di Garsten e l'Abbazia di Schlierbach.<\/p>\n<p>\u00a0<\/p>\n<p>I ricchi stucchi delle volte a botte sono opera di Giovanni Battista Carlone. Antonio Maderni ha realizzato gli affreschi che riempiono gli spazi aperti della volta; essi raffigurano le stazioni della vita della Vergine Maria. Sulle pareti del coro e sul soffitto sono presenti affreschi di Johann Lederwasch (1794). L'arredamento, con altari, pulpito e confessionali, \u00e8 in gran parte del primo barocco. Martin Neuberg, falegname del monastero dal 1671 al 1714, ha realizzato l'altare maggiore a tre piani. Le figure scolpite sono opera di Josef Stammel. Al centro dell'altare maggiore si trova la scultura gotica della Vergine Maria con Ges\u00f9 in braccio. \u00c8 l'attuale immagine miracolosa della chiesa di pellegrinaggio. Le sculture (opere di Josef Stammel) dei genitori di Maria, Gioacchino e Anna, fungono da figure ausiliarie. L'altare maggiore \u00e8 disseminato di raffigurazioni di angeli e putti, la maggior parte dei quali creati da Josef Stammel. Notevole \u00e8 il pulpito barocco sul lato sud del presbiterio, con le raffigurazioni dei quattro evangelisti. Nelle quattro cappelle laterali si trovano i seguenti altari (con affreschi tematici coordinati nelle volte): Altare della Croce (fino al 1786 Altare della Grazia) con una crocifissione dipinta da Johann Lederwasch, Altare di San Benedetto, Altare di San Giuseppe e Altare di Sant'Antonio con pale di Frans de Neve.<\/p>\n<\/div>\n                    \n                            <\/div>\n        \n                                                    <div class=\"content__box content__box--2\"\n                     >\n                                        \n                    \n                                                <div class=\"content__media stickyTo\" x-init=\"imageSticky($el)\">\n\n                                                                                    <picture\n                                    class=\"content__image sticky\">\n                                <source srcset=\"https:\/\/stiftadmont.at\/wp-content\/uploads\/Frauenberg_an_der_Enns_Dioezese-Graz-Seckau_Harry-Schiffer1.webp\" type=\"image\/webp\">\n                                <source srcset=\"https:\/\/stiftadmont.at\/wp-content\/uploads\/Frauenberg_an_der_Enns_Dioezese-Graz-Seckau_Harry-Schiffer1.jpg\" type=\"image\/jpeg\">\n                                <img decoding=\"async\" class=\"sticky\" loading=\"lazy\" src=\"https:\/\/stiftadmont.at\/wp-content\/uploads\/Frauenberg_an_der_Enns_Dioezese-Graz-Seckau_Harry-Schiffer1.jpg\" alt=\"Frauenberg an der Enns Diocesi di Graz Seckau Harry Schiffer1\" \/>\n\n                                                                                                                            <\/picture>\n\n                        <\/div>\n\n                                    <\/div>\n            \n            <\/div>\n<\/div>\n\n<\/section>\n\n<section id='lightpress__section--block_5fc0b60d3ae139ab32d67a00a15ab690' class='lightpress__section--default-section-space lightpress__section lightpress__section--content'><div class=\"content__inner\"\n         x-init=\"initContentBlockAnim($el)\">\n        \n    <div class=\"content__grid content__grid\">\n                                            <div class=\"content__box content__box--one-hundred\"\n                 style=\"\">\n                                \n                \n                                            <div class=\"prose\"><\/div>\n                    \n                            <\/div>\n        \n            <\/div>\n<\/div>\n\n<\/section>\n\n<section id='lightpress__section--block_a4a4772a913845e30dc334c05d9a255e' class='lightpress__section--default-section-space lightpress__section lightpress__section--content'><div class=\"content__inner\"\n         x-init=\"initContentBlockAnim($el)\">\n        \n    <div class=\"content__grid content__grid--fifty-fifty\">\n                                            <div class=\"content__box content__box\"\n                 style=\"\">\n                                \n                \n                                        <div class=\"content__media stickyTo\" x-init=\"imageSticky($el)\">\n\n                                                                                                <picture\n                                class=\"content__image sticky\">\n                            <source srcset=\"https:\/\/stiftadmont.at\/wp-content\/uploads\/Ardning_c-Christian-Scheucher_TVGesaeuse_10.jpg\"\n                                    type=\"image\/webp\">\n                            <source srcset=\"https:\/\/stiftadmont.at\/wp-content\/uploads\/Ardning_c-Christian-Scheucher_TVGesaeuse_10.jpg\"\n                                    type=\"image\/jpeg\">\n                            <img decoding=\"async\" loading=\"lazy\" src=\"https:\/\/stiftadmont.at\/wp-content\/uploads\/Ardning_c-Christian-Scheucher_TVGesaeuse_10.jpg\" alt=\"Ardning c Christian Scheucher TVGesaeuse 10\" width=\"600\" height=\"450\" \/>\n                                                                                                            <\/picture>\n\n                    <\/div>\n\n                            <\/div>\n        \n                                                    <div class=\"content__box content__box--2\"\n                     >\n                                        \n                    \n                                                    <div class=\"prose\"><p><span style=\"font-family: open-sans, sans-serif; font-size: 20px;\">La Madonna Pellegrina risale al 1410 circa ed \u00e8 stata ridipinta nel XIX secolo. \u00c8 la scultura pi\u00f9 antica del santuario ed \u00e8 tornata al suo posto originale dietro l'altare maggiore dopo la ristrutturazione interna della chiesa. Ci\u00f2 \u00e8 in linea con un'antica tradizione del pellegrinaggio di Frauenberg, secondo la quale i pellegrini sono invitati a fare il giro dell'altare. <\/span><\/p>\n<p>\u00a0<\/p>\n<p><span style=\"font-family: open-sans, sans-serif; font-size: 20px;\">L'originale della Madonna del manto protettivo di Frauenberg, realizzata intorno al 1420\/30, si trova nel Landesmuseum Joanneum (Graz). Una copia \u00e8 esposta nella cappella delle candele del santuario. Le statue rococ\u00f2 di Santa Rosalia, Santa Cecilia, Santa Barbara e Santa Caterina sono state realizzate da Michael Z\u00fcrn il Giovane. La sessio neobarocca del presbiterio \u00e8 opera dell'artista dell'Alta Austria Ludwig Linzinger. Fu realizzata nel 1908 per la chiesa parrocchiale di Bad Zell e trasferita alla parrocchia di Frauenberg nel 2018.<\/span><\/p>\n<\/div>\n                        \n                                    <\/div>\n            \n            <\/div>\n<\/div>\n\n<\/section>","protected":false},"excerpt":{"rendered":"","protected":false},"author":7,"featured_media":0,"parent":33544,"menu_order":0,"comment_status":"closed","ping_status":"closed","template":"","meta":{"_acf_changed":false,"footnotes":""},"categories":[],"class_list":["post-34163","page","type-page","status-publish","hentry"],"acf":[],"yoast_head":"<!-- This site is optimized with the Yoast SEO Premium plugin v26.0 (Yoast SEO v26.8) - https:\/\/yoast.com\/product\/yoast-seo-premium-wordpress\/ -->\n<title>Architektur und Ausstattung - Stift Admont<\/title>\n<meta name=\"robots\" content=\"index, follow, max-snippet:-1, max-image-preview:large, max-video-preview:-1\" \/>\n<link rel=\"canonical\" href=\"https:\/\/stiftadmont.at\/it\/parrocchie\/parrocchia-di-frauenberg-an-der-enns\/attrezzature-per-larchitettura\/\" \/>\n<meta property=\"og:locale\" content=\"it_IT\" \/>\n<meta property=\"og:type\" content=\"article\" \/>\n<meta property=\"og:title\" content=\"Architektur und Ausstattung\" \/>\n<meta property=\"og:url\" content=\"https:\/\/stiftadmont.at\/it\/parrocchie\/parrocchia-di-frauenberg-an-der-enns\/attrezzature-per-larchitettura\/\" \/>\n<meta property=\"og:site_name\" content=\"Stift Admont\" \/>\n<meta property=\"article:modified_time\" content=\"2025-03-27T09:32:33+00:00\" \/>\n<meta property=\"og:image\" content=\"https:\/\/stiftadmont.at\/wp-content\/uploads\/Klosteranlage-innen.jpg\" \/>\n\t<meta property=\"og:image:width\" content=\"1912\" \/>\n\t<meta property=\"og:image:height\" content=\"1188\" \/>\n\t<meta property=\"og:image:type\" content=\"image\/jpeg\" \/>\n<meta name=\"twitter:card\" content=\"summary_large_image\" \/>\n<script type=\"application\/ld+json\" class=\"yoast-schema-graph\">{\"@context\":\"https:\/\/schema.org\",\"@graph\":[{\"@type\":\"WebPage\",\"@id\":\"https:\/\/stiftadmont.at\/pfarren\/pfarre-frauenberg-an-der-enns\/architektur-ausstattung\/\",\"url\":\"https:\/\/stiftadmont.at\/pfarren\/pfarre-frauenberg-an-der-enns\/architektur-ausstattung\/\",\"name\":\"Architektur und Ausstattung - Stift Admont\",\"isPartOf\":{\"@id\":\"https:\/\/stiftadmont.at\/#website\"},\"datePublished\":\"2025-03-27T09:27:06+00:00\",\"dateModified\":\"2025-03-27T09:32:33+00:00\",\"breadcrumb\":{\"@id\":\"https:\/\/stiftadmont.at\/pfarren\/pfarre-frauenberg-an-der-enns\/architektur-ausstattung\/#breadcrumb\"},\"inLanguage\":\"it-IT\",\"potentialAction\":[{\"@type\":\"ReadAction\",\"target\":[\"https:\/\/stiftadmont.at\/pfarren\/pfarre-frauenberg-an-der-enns\/architektur-ausstattung\/\"]}]},{\"@type\":\"BreadcrumbList\",\"@id\":\"https:\/\/stiftadmont.at\/pfarren\/pfarre-frauenberg-an-der-enns\/architektur-ausstattung\/#breadcrumb\",\"itemListElement\":[{\"@type\":\"ListItem\",\"position\":1,\"name\":\"Start\",\"item\":\"https:\/\/stiftadmont.at\/\"},{\"@type\":\"ListItem\",\"position\":2,\"name\":\"Pfarren\",\"item\":\"https:\/\/stiftadmont.at\/pfarren\/\"},{\"@type\":\"ListItem\",\"position\":3,\"name\":\"Pfarre Frauenberg an der Enns\",\"item\":\"https:\/\/stiftadmont.at\/pfarren\/pfarre-frauenberg-an-der-enns\/\"},{\"@type\":\"ListItem\",\"position\":4,\"name\":\"Architektur und Ausstattung\"}]},{\"@type\":\"WebSite\",\"@id\":\"https:\/\/stiftadmont.at\/#website\",\"url\":\"https:\/\/stiftadmont.at\/\",\"name\":\"Stift Admont\",\"description\":\"Benediktinerkloster und Sehensw\u00fcrdigkeit im Ges\u00e4use\",\"potentialAction\":[{\"@type\":\"SearchAction\",\"target\":{\"@type\":\"EntryPoint\",\"urlTemplate\":\"https:\/\/stiftadmont.at\/?s={search_term_string}\"},\"query-input\":{\"@type\":\"PropertyValueSpecification\",\"valueRequired\":true,\"valueName\":\"search_term_string\"}}],\"inLanguage\":\"it-IT\"}]}<\/script>\n<!-- \/ Yoast SEO Premium plugin. -->","yoast_head_json":{"title":"Architettura e arredamento - Abbazia di Admont","robots":{"index":"index","follow":"follow","max-snippet":"max-snippet:-1","max-image-preview":"max-image-preview:large","max-video-preview":"max-video-preview:-1"},"canonical":"https:\/\/stiftadmont.at\/it\/parrocchie\/parrocchia-di-frauenberg-an-der-enns\/attrezzature-per-larchitettura\/","og_locale":"it_IT","og_type":"article","og_title":"Architektur und Ausstattung","og_url":"https:\/\/stiftadmont.at\/it\/parrocchie\/parrocchia-di-frauenberg-an-der-enns\/attrezzature-per-larchitettura\/","og_site_name":"Stift Admont","article_modified_time":"2025-03-27T09:32:33+00:00","og_image":[{"width":1912,"height":1188,"url":"https:\/\/stiftadmont.at\/wp-content\/uploads\/Klosteranlage-innen.jpg","type":"image\/jpeg"}],"twitter_card":"summary_large_image","schema":{"@context":"https:\/\/schema.org","@graph":[{"@type":"WebPage","@id":"https:\/\/stiftadmont.at\/pfarren\/pfarre-frauenberg-an-der-enns\/architektur-ausstattung\/","url":"https:\/\/stiftadmont.at\/pfarren\/pfarre-frauenberg-an-der-enns\/architektur-ausstattung\/","name":"Architettura e arredamento - Abbazia di Admont","isPartOf":{"@id":"https:\/\/stiftadmont.at\/#website"},"datePublished":"2025-03-27T09:27:06+00:00","dateModified":"2025-03-27T09:32:33+00:00","breadcrumb":{"@id":"https:\/\/stiftadmont.at\/pfarren\/pfarre-frauenberg-an-der-enns\/architektur-ausstattung\/#breadcrumb"},"inLanguage":"it-IT","potentialAction":[{"@type":"ReadAction","target":["https:\/\/stiftadmont.at\/pfarren\/pfarre-frauenberg-an-der-enns\/architektur-ausstattung\/"]}]},{"@type":"BreadcrumbList","@id":"https:\/\/stiftadmont.at\/pfarren\/pfarre-frauenberg-an-der-enns\/architektur-ausstattung\/#breadcrumb","itemListElement":[{"@type":"ListItem","position":1,"name":"Start","item":"https:\/\/stiftadmont.at\/"},{"@type":"ListItem","position":2,"name":"Pfarren","item":"https:\/\/stiftadmont.at\/pfarren\/"},{"@type":"ListItem","position":3,"name":"Pfarre Frauenberg an der Enns","item":"https:\/\/stiftadmont.at\/pfarren\/pfarre-frauenberg-an-der-enns\/"},{"@type":"ListItem","position":4,"name":"Architektur und Ausstattung"}]},{"@type":"WebSite","@id":"https:\/\/stiftadmont.at\/#website","url":"https:\/\/stiftadmont.at\/","name":"Abbazia di Admont","description":"Monastero benedettino e attrazione turistica nella Ges\u00e4use","potentialAction":[{"@type":"SearchAction","target":{"@type":"EntryPoint","urlTemplate":"https:\/\/stiftadmont.at\/?s={search_term_string}"},"query-input":{"@type":"PropertyValueSpecification","valueRequired":true,"valueName":"search_term_string"}}],"inLanguage":"it-IT"}]}},"_links":{"self":[{"href":"https:\/\/stiftadmont.at\/it\/wp-json\/wp\/v2\/pages\/34163","targetHints":{"allow":["GET"]}}],"collection":[{"href":"https:\/\/stiftadmont.at\/it\/wp-json\/wp\/v2\/pages"}],"about":[{"href":"https:\/\/stiftadmont.at\/it\/wp-json\/wp\/v2\/types\/page"}],"author":[{"embeddable":true,"href":"https:\/\/stiftadmont.at\/it\/wp-json\/wp\/v2\/users\/7"}],"replies":[{"embeddable":true,"href":"https:\/\/stiftadmont.at\/it\/wp-json\/wp\/v2\/comments?post=34163"}],"version-history":[{"count":4,"href":"https:\/\/stiftadmont.at\/it\/wp-json\/wp\/v2\/pages\/34163\/revisions"}],"predecessor-version":[{"id":34167,"href":"https:\/\/stiftadmont.at\/it\/wp-json\/wp\/v2\/pages\/34163\/revisions\/34167"}],"up":[{"embeddable":true,"href":"https:\/\/stiftadmont.at\/it\/wp-json\/wp\/v2\/pages\/33544"}],"wp:attachment":[{"href":"https:\/\/stiftadmont.at\/it\/wp-json\/wp\/v2\/media?parent=34163"}],"wp:term":[{"taxonomy":"category","embeddable":true,"href":"https:\/\/stiftadmont.at\/it\/wp-json\/wp\/v2\/categories?post=34163"}],"curies":[{"name":"wp","href":"https:\/\/api.w.org\/{rel}","templated":true}]}}