{"id":3735,"date":"2021-07-27T07:58:50","date_gmt":"2021-07-27T05:58:50","guid":{"rendered":"https:\/\/stiftadmont.at\/?page_id=3735"},"modified":"2025-05-28T10:01:52","modified_gmt":"2025-05-28T08:01:52","slug":"giardino-delle-erbe","status":"publish","type":"page","link":"https:\/\/stiftadmont.at\/it\/aussenanlagen\/kraeutergarten\/","title":{"rendered":"Giardino delle erbe"},"content":{"rendered":"<section id='lightpress__section--block_585893d1b1ba90d4ff04d34dca83156a' class='align-center lightpress__section--default-section-space lightpress__section lightpress__section--headline'><div class=\"headline__container\">\n            <p class=\"headline text--40 text-medium line line--gold line-above line-middle\">Der Kr\u00e4utergarten im Benediktinerstift Admont<\/p>\n        <p class=\"text-center text-gold text--20 text-medium text--uppercase\">Eine riesige Vielfalt an Pflanzen<\/p>\n        <div class=\"spacer--40\"><\/div>\n<\/div>\n\n<\/section>\n\n<section id='lightpress__section--block_b56a422fdfbd7e7824e5ae1c84f92e45' class='lightpress__section--default-section-space lightpress__section lightpress__section--content'><div class=\"content__inner\"\n         x-init=\"initContentBlockAnim($el)\">\n        \n    <div class=\"content__grid content__grid--fifty-fifty\">\n                                            <div class=\"content__box content__box\"\n                 style=\"\">\n                                \n                \n                                            <div class=\"prose\"><h5 class=\"heading-m line line-above line--gold\" data-start=\"0\" data-end=\"75\"><strong data-start=\"0\" data-end=\"75\">Der Kr\u00e4utergarten im Benediktinerstift Admont \u2013 Natur trifft Geschichte<\/strong><\/h5>\n<p data-start=\"0\" data-end=\"75\">\u00a0<\/p>\n<p data-start=\"77\" data-end=\"485\">Ein Ort der Stille, der Heilkraft und der Geschichte: Der <strong data-start=\"135\" data-end=\"183\">Kr\u00e4utergarten des Benediktinerstiftes Admont<\/strong>, angelegt im Jahr 1998 neben dem idyllischen Stiftsteich, l\u00e4sst eine alte kl\u00f6sterliche Tradition neu aufbl\u00fchen. Genau dort, wo einst ein barocker Ziergarten lag, w\u00e4chst heute eine botanische Vielfalt nach dem Vorbild mittelalterlicher G\u00e4rten \u2013 mit <strong data-start=\"432\" data-end=\"484\">Nutz-, Heil- und Zierpflanzen harmonisch vereint<\/strong>.<\/p>\n<p data-start=\"77\" data-end=\"485\">\u00a0<\/p>\n<p data-start=\"487\" data-end=\"835\">\u00dcber <strong data-start=\"492\" data-end=\"515\">1.000 Pflanzenarten<\/strong> gedeihen in sechs sorgf\u00e4ltig geometrisch gegliederten Beeten. Jedes Feld ist einer bedeutenden Pers\u00f6nlichkeit gewidmet, die mit der Geschichte des Stiftes eng verbunden ist \u2013 etwa dem Hl. Benedikt, dem Ordensgr\u00fcnder, dem hl. Blasius, dem Patron der Stiftskirche, oder dem Gelehrten Abt Engelbert von Admont.<\/p>\n<p data-start=\"487\" data-end=\"835\">\u00a0<\/p>\n<p data-start=\"837\" data-end=\"949\">Ein besonderes Erlebnis f\u00fcr Naturfreunde, Kulturinteressierte und alle, die die Heilkraft der Pflanzen sch\u00e4tzen.<\/p>\n<p class=\"paragraph-m\">\u00a0<\/p>\n<p data-start=\"951\" data-end=\"1032\" data-is-last-node=\"\" data-is-only-node=\"\"><strong data-start=\"951\" data-end=\"1032\" data-is-last-node=\"\">Der Admonter Kr\u00e4utergarten \u2013 ein duftendes Denkmal kl\u00f6sterlicher Lebenskunst.<\/strong><\/p>\n<\/div>\n                    \n                            <\/div>\n        \n                                                    <div class=\"content__box content__box--2\"\n                     >\n                                        \n                    \n                                                <div class=\"content__media stickyTo\" x-init=\"imageSticky($el)\">\n\n                                                                                    <picture\n                                    class=\"content__image sticky\">\n                                <source srcset=\"https:\/\/stiftadmont.at\/wp-content\/uploads\/Bildschirmfoto-2021-07-27-um-08.30.59-2-1024x674.webp\" type=\"image\/webp\">\n                                <source srcset=\"https:\/\/stiftadmont.at\/wp-content\/uploads\/Bildschirmfoto-2021-07-27-um-08.30.59-2-1024x674.jpg\" type=\"image\/jpeg\">\n                                <img decoding=\"async\" class=\"sticky\" loading=\"lazy\" src=\"https:\/\/stiftadmont.at\/wp-content\/uploads\/Bildschirmfoto-2021-07-27-um-08.30.59-2-1024x674.png\" alt=\"Kr\u00e4utergarten 2021\" \/>\n\n                                                                                                                            <\/picture>\n\n                        <\/div>\n\n                                    <\/div>\n            \n            <\/div>\n<\/div>\n\n<\/section>\n\n<section id='lightpress__section--block_61b7b3daceb13196b4d61e6c9d3dee7c' class='lightpress__section--default-section-space lightpress__section lightpress__section--image-slider'>\n<div class=\"image-slider\"\n     x-data=\"{ gallery: null, shown: false }\"\n     x-init=\"gallery = initSliderGallery([{&quot;href&quot;:&quot;https:\\\/\\\/stiftadmont.at\\\/wp-content\\\/uploads\\\/\\u00a9Thomas-Sattler_Stift-Admont-Museumspicknick-Stift-Admont-11-von-16-1920x1280.jpg&quot;,&quot;type&quot;:&quot;image&quot;},{&quot;href&quot;:&quot;https:\\\/\\\/stiftadmont.at\\\/wp-content\\\/uploads\\\/Bildschirmfoto-2021-07-27-um-08.30.59-2.png&quot;,&quot;type&quot;:&quot;image&quot;},{&quot;href&quot;:&quot;https:\\\/\\\/stiftadmont.at\\\/wp-content\\\/uploads\\\/Blumen_@Thomas-Sattler-11-1920x1280.jpg&quot;,&quot;type&quot;:&quot;image&quot;},{&quot;href&quot;:&quot;https:\\\/\\\/stiftadmont.at\\\/wp-content\\\/uploads\\\/Blumen_@Thomas-Sattler-9-1920x1280.jpg&quot;,&quot;type&quot;:&quot;image&quot;},{&quot;href&quot;:&quot;https:\\\/\\\/stiftadmont.at\\\/wp-content\\\/uploads\\\/Blumen_@Thomas-Sattler-4-1920x1280.jpg&quot;,&quot;type&quot;:&quot;image&quot;},{&quot;href&quot;:&quot;https:\\\/\\\/stiftadmont.at\\\/wp-content\\\/uploads\\\/Blumen_@Thomas-Sattler-54-1920x1280.jpg&quot;,&quot;type&quot;:&quot;image&quot;},{&quot;href&quot;:&quot;https:\\\/\\\/stiftadmont.at\\\/wp-content\\\/uploads\\\/Blumen_@Thomas-Sattler-48-1920x1280.jpg&quot;,&quot;type&quot;:&quot;image&quot;}]); initImageSliderBlockAnim($el);\">\n    <div class=\"image-slider__inner\">\n\n        <div class=\"swiper-container\" x-init=\"initImageSliderBlock($el, $refs.btnPrev, $refs.btnNext)\">\n            <div class=\"swiper-wrapper\">\n                                    <div class=\"swiper-slide\">\n                        <div class=\"image-slider__media\">\n                            <img decoding=\"async\" class=\"image-slider__image\"\n                                 src=\"https:\/\/stiftadmont.at\/wp-content\/uploads\/\u00a9Thomas-Sattler_Stift-Admont-Museumspicknick-Stift-Admont-11-von-16-768x512.jpg\"\n                                 alt=\"\u00a9Thomas Sattler Stift Admont Museumspicknick Stift Admont 11 von 16 scaled\">\n                        <\/div>\n                    <\/div>\n                                    <div class=\"swiper-slide\">\n                        <div class=\"image-slider__media\">\n                            <img decoding=\"async\" class=\"image-slider__image\"\n                                 src=\"https:\/\/stiftadmont.at\/wp-content\/uploads\/Bildschirmfoto-2021-07-27-um-08.30.59-2-768x505.png\"\n                                 alt=\"Kr\u00e4utergarten 2021\">\n                        <\/div>\n                    <\/div>\n                                    <div class=\"swiper-slide\">\n                        <div class=\"image-slider__media\">\n                            <img decoding=\"async\" class=\"image-slider__image\"\n                                 src=\"https:\/\/stiftadmont.at\/wp-content\/uploads\/Blumen_@Thomas-Sattler-11-768x512.jpg\"\n                                 alt=\"Blumen @Thomas Sattler 11 scaled\">\n                        <\/div>\n                    <\/div>\n                                    <div class=\"swiper-slide\">\n                        <div class=\"image-slider__media\">\n                            <img decoding=\"async\" class=\"image-slider__image\"\n                                 src=\"https:\/\/stiftadmont.at\/wp-content\/uploads\/Blumen_@Thomas-Sattler-9-768x512.jpg\"\n                                 alt=\"Blumen @Thomas Sattler 9 scaled\">\n                        <\/div>\n                    <\/div>\n                                    <div class=\"swiper-slide\">\n                        <div class=\"image-slider__media\">\n                            <img decoding=\"async\" class=\"image-slider__image\"\n                                 src=\"https:\/\/stiftadmont.at\/wp-content\/uploads\/Blumen_@Thomas-Sattler-4-768x512.jpg\"\n                                 alt=\"Blumen @Thomas Sattler 4 scaled\">\n                        <\/div>\n                    <\/div>\n                                    <div class=\"swiper-slide\">\n                        <div class=\"image-slider__media\">\n                            <img decoding=\"async\" class=\"image-slider__image\"\n                                 src=\"https:\/\/stiftadmont.at\/wp-content\/uploads\/Blumen_@Thomas-Sattler-54-768x512.jpg\"\n                                 alt=\"Blumen @Thomas Sattler 54 scaled\">\n                        <\/div>\n                    <\/div>\n                                    <div class=\"swiper-slide\">\n                        <div class=\"image-slider__media\">\n                            <img decoding=\"async\" class=\"image-slider__image\"\n                                 src=\"https:\/\/stiftadmont.at\/wp-content\/uploads\/Blumen_@Thomas-Sattler-48-768x512.jpg\"\n                                 alt=\"Blumen @Thomas Sattler 48 scaled\">\n                        <\/div>\n                    <\/div>\n                            <\/div>\n\n            <div class=\"swiper-nav-wrapper\">\n                <button class=\"swiper-button-prev slider-button--prev\" x-ref=\"btnPrev\"\n                        aria-label=\"Vorige Bilder anzeigen\">\n                    <img decoding=\"async\" src=\"\/wp-content\/themes\/stift-admont\/src\/assets\/img\/arrow-left-big-new.svg\" alt=\"Pfeil nach Links\">\n                <\/button>\n\n\n                <a class=\"image-slider__gallery\" @click=\"openGallery(gallery)\"><i class=\"fa-thin fa-plus\"><\/i><\/a>\n                <button class=\"swiper-button-next slider-button--next\"\n                        x-ref=\"btnNext\"\n                        aria-label=\"N\u00e4chste Bilder anzeigen\">\n                    <img decoding=\"async\" src=\"\/wp-content\/themes\/stift-admont\/src\/assets\/img\/arrow-right-big-new.svg\" alt=\"Pfeil nach Rechts\">\n                <\/button>\n            <\/div>\n        <\/div>\n    <\/div>\n\n\n<\/div><\/section>\n\n<section id='lightpress__section--block_af21977780ca14cfa7cb5e2083648ed3' class='lightpress__section--default-section-space lightpress__section lightpress__section--content'><div class=\"content__inner\"\n         x-init=\"initContentBlockAnim($el)\">\n        \n    <div class=\"content__grid content__grid\">\n                                            <div class=\"content__box content__box--one-hundred\"\n                 style=\"\">\n                                \n                \n                                            <div class=\"prose\"><h5 class=\"heading-m line line-above line--gold text-center\">Weitere Au\u00dfenanlagen<\/h5>\n<p>\u00a0<\/p>\n<p class=\"paragraph-m text-center\">Au\u00dfenanlagen im und rund um das Stift Admont<\/p>\n<p class=\"text-center\"><a class=\"admont-button admont-button--outline-gold\" href=\"\/aussenanlagen\/\">AUSSENANLAGEN<\/a><\/p>\n<\/div>\n                    \n                            <\/div>\n        \n            <\/div>\n<\/div>\n\n<\/section>\n\n<section id='lightpress__section--block_b91d1c29a629d6615fd7efe891a4f403' class='lightpress__section--more-links--950 lightpress__section--full-width lightpress__section--default-section-space lightpress__section lightpress__section--more-links'><div class=\"more\" x-init=\"initMoreLinksBlockAnim($el)\">\n            <style>\n            #lightpress__section--block_b91d1c29a629d6615fd7efe891a4f403 .more {\n                --entry-width: calc(100% \/ 2 - var(--grid-gap) * 2);\n                grid-template-columns: repeat(auto-fit, minmax(max(var(--entry-width),50rem), 1fr));\n            }\n        <\/style>\n    \n                    <a class=\"more__link\" href=\"\/aussenanlagen\/pilgerwege\/\">\n            <div class=\"more__media\">\n                                    <picture class=\"more__image\">\n                        <source srcset=\"https:\/\/stiftadmont.at\/wp-content\/uploads\/kaiblinggatterl637.webp\" type=\"image\/webp\">\n                        <source srcset=\"https:\/\/stiftadmont.at\/wp-content\/uploads\/kaiblinggatterl637.jpg\" type=\"image\/jpeg\">\n                        <img decoding=\"async\" loading=\"lazy\" src=\"https:\/\/stiftadmont.at\/wp-content\/uploads\/kaiblinggatterl637.jpg\" alt=\"M\u00f6dlingerh\u00fctte\" \/>\n                    <\/picture>\n                            <\/div>\n            <div class=\"more__content\">\n                <div class=\"more__title--container\">\n                                            \n                                                                            \n                        <p class=\"text-bold text-white text--serif text--40\">Pilgerwege<\/p>\n                                                            <\/div>\n                                    <div class=\"more__cta\">\n                        <i class=\"fa-thin fa-chevron-right\"><\/i>\n                    <\/div>\n                            <\/div>\n        <\/a>\n                    <a class=\"more__link\" href=\"\/aussenanlagen\/literaturpfad\/\">\n            <div class=\"more__media\">\n                                    <picture class=\"more__image\">\n                        <source srcset=\"https:\/\/stiftadmont.at\/wp-content\/uploads\/8d967de4fb0deac392e6fc1838a87d15-1024x683.webp\" type=\"image\/webp\">\n                        <source srcset=\"https:\/\/stiftadmont.at\/wp-content\/uploads\/8d967de4fb0deac392e6fc1838a87d15-1024x683.jpg\" type=\"image\/jpeg\">\n                        <img decoding=\"async\" loading=\"lazy\" src=\"https:\/\/stiftadmont.at\/wp-content\/uploads\/8d967de4fb0deac392e6fc1838a87d15-1024x683.jpg\" alt=\"Literaturpfad 2021\" \/>\n                    <\/picture>\n                            <\/div>\n            <div class=\"more__content\">\n                <div class=\"more__title--container\">\n                                            \n                                                                            \n                        <p class=\"text-bold text-white text--serif text--40\">Literaturpfad<\/p>\n                                                            <\/div>\n                                    <div class=\"more__cta\">\n                        <i class=\"fa-thin fa-chevron-right\"><\/i>\n                    <\/div>\n                            <\/div>\n        <\/a>\n    \n<\/div>\n\n<\/section>","protected":false},"excerpt":{"rendered":"","protected":false},"author":7,"featured_media":0,"parent":484,"menu_order":1,"comment_status":"closed","ping_status":"closed","template":"","meta":{"_acf_changed":false,"footnotes":""},"categories":[],"class_list":["post-3735","page","type-page","status-publish","hentry"],"acf":[],"yoast_head":"<!-- This site is optimized with the Yoast SEO Premium plugin v26.0 (Yoast SEO v26.8) - https:\/\/yoast.com\/product\/yoast-seo-premium-wordpress\/ -->\n<title>Kr\u00e4utergarten - Stift Admont<\/title>\n<meta name=\"robots\" content=\"index, follow, max-snippet:-1, max-image-preview:large, max-video-preview:-1\" \/>\n<link rel=\"canonical\" href=\"https:\/\/stiftadmont.at\/it\/strutture-esterne\/giardino-delle-erbe\/\" \/>\n<meta property=\"og:locale\" content=\"it_IT\" \/>\n<meta property=\"og:type\" content=\"article\" \/>\n<meta property=\"og:title\" content=\"Kr\u00e4utergarten\" \/>\n<meta property=\"og:url\" content=\"https:\/\/stiftadmont.at\/it\/strutture-esterne\/giardino-delle-erbe\/\" \/>\n<meta property=\"og:site_name\" content=\"Stift Admont\" \/>\n<meta property=\"article:modified_time\" content=\"2025-05-28T08:01:52+00:00\" \/>\n<meta property=\"og:image\" content=\"https:\/\/stiftadmont.at\/wp-content\/uploads\/Klosteranlage-innen.jpg\" \/>\n\t<meta property=\"og:image:width\" content=\"1912\" \/>\n\t<meta property=\"og:image:height\" content=\"1188\" \/>\n\t<meta property=\"og:image:type\" content=\"image\/jpeg\" \/>\n<meta name=\"twitter:card\" content=\"summary_large_image\" \/>\n<script type=\"application\/ld+json\" class=\"yoast-schema-graph\">{\"@context\":\"https:\/\/schema.org\",\"@graph\":[{\"@type\":\"WebPage\",\"@id\":\"https:\/\/stiftadmont.at\/aussenanlagen\/kraeutergarten\/\",\"url\":\"https:\/\/stiftadmont.at\/aussenanlagen\/kraeutergarten\/\",\"name\":\"Kr\u00e4utergarten - Stift Admont\",\"isPartOf\":{\"@id\":\"https:\/\/stiftadmont.at\/#website\"},\"datePublished\":\"2021-07-27T05:58:50+00:00\",\"dateModified\":\"2025-05-28T08:01:52+00:00\",\"breadcrumb\":{\"@id\":\"https:\/\/stiftadmont.at\/aussenanlagen\/kraeutergarten\/#breadcrumb\"},\"inLanguage\":\"it-IT\",\"potentialAction\":[{\"@type\":\"ReadAction\",\"target\":[\"https:\/\/stiftadmont.at\/aussenanlagen\/kraeutergarten\/\"]}]},{\"@type\":\"BreadcrumbList\",\"@id\":\"https:\/\/stiftadmont.at\/aussenanlagen\/kraeutergarten\/#breadcrumb\",\"itemListElement\":[{\"@type\":\"ListItem\",\"position\":1,\"name\":\"Start\",\"item\":\"https:\/\/stiftadmont.at\/\"},{\"@type\":\"ListItem\",\"position\":2,\"name\":\"Au\u00dfenanlagen\",\"item\":\"https:\/\/stiftadmont.at\/aussenanlagen\/\"},{\"@type\":\"ListItem\",\"position\":3,\"name\":\"Kr\u00e4utergarten\"}]},{\"@type\":\"WebSite\",\"@id\":\"https:\/\/stiftadmont.at\/#website\",\"url\":\"https:\/\/stiftadmont.at\/\",\"name\":\"Stift Admont\",\"description\":\"Benediktinerkloster und Sehensw\u00fcrdigkeit im Ges\u00e4use\",\"potentialAction\":[{\"@type\":\"SearchAction\",\"target\":{\"@type\":\"EntryPoint\",\"urlTemplate\":\"https:\/\/stiftadmont.at\/?s={search_term_string}\"},\"query-input\":{\"@type\":\"PropertyValueSpecification\",\"valueRequired\":true,\"valueName\":\"search_term_string\"}}],\"inLanguage\":\"it-IT\"}]}<\/script>\n<!-- \/ Yoast SEO Premium plugin. -->","yoast_head_json":{"title":"Giardino delle erbe - Abbazia di Admont","robots":{"index":"index","follow":"follow","max-snippet":"max-snippet:-1","max-image-preview":"max-image-preview:large","max-video-preview":"max-video-preview:-1"},"canonical":"https:\/\/stiftadmont.at\/it\/strutture-esterne\/giardino-delle-erbe\/","og_locale":"it_IT","og_type":"article","og_title":"Kr\u00e4utergarten","og_url":"https:\/\/stiftadmont.at\/it\/strutture-esterne\/giardino-delle-erbe\/","og_site_name":"Stift Admont","article_modified_time":"2025-05-28T08:01:52+00:00","og_image":[{"width":1912,"height":1188,"url":"https:\/\/stiftadmont.at\/wp-content\/uploads\/Klosteranlage-innen.jpg","type":"image\/jpeg"}],"twitter_card":"summary_large_image","schema":{"@context":"https:\/\/schema.org","@graph":[{"@type":"WebPage","@id":"https:\/\/stiftadmont.at\/aussenanlagen\/kraeutergarten\/","url":"https:\/\/stiftadmont.at\/aussenanlagen\/kraeutergarten\/","name":"Giardino delle erbe - Abbazia di Admont","isPartOf":{"@id":"https:\/\/stiftadmont.at\/#website"},"datePublished":"2021-07-27T05:58:50+00:00","dateModified":"2025-05-28T08:01:52+00:00","breadcrumb":{"@id":"https:\/\/stiftadmont.at\/aussenanlagen\/kraeutergarten\/#breadcrumb"},"inLanguage":"it-IT","potentialAction":[{"@type":"ReadAction","target":["https:\/\/stiftadmont.at\/aussenanlagen\/kraeutergarten\/"]}]},{"@type":"BreadcrumbList","@id":"https:\/\/stiftadmont.at\/aussenanlagen\/kraeutergarten\/#breadcrumb","itemListElement":[{"@type":"ListItem","position":1,"name":"Start","item":"https:\/\/stiftadmont.at\/"},{"@type":"ListItem","position":2,"name":"Au\u00dfenanlagen","item":"https:\/\/stiftadmont.at\/aussenanlagen\/"},{"@type":"ListItem","position":3,"name":"Kr\u00e4utergarten"}]},{"@type":"WebSite","@id":"https:\/\/stiftadmont.at\/#website","url":"https:\/\/stiftadmont.at\/","name":"Abbazia di Admont","description":"Monastero benedettino e attrazione turistica nella Ges\u00e4use","potentialAction":[{"@type":"SearchAction","target":{"@type":"EntryPoint","urlTemplate":"https:\/\/stiftadmont.at\/?s={search_term_string}"},"query-input":{"@type":"PropertyValueSpecification","valueRequired":true,"valueName":"search_term_string"}}],"inLanguage":"it-IT"}]}},"_links":{"self":[{"href":"https:\/\/stiftadmont.at\/it\/wp-json\/wp\/v2\/pages\/3735","targetHints":{"allow":["GET"]}}],"collection":[{"href":"https:\/\/stiftadmont.at\/it\/wp-json\/wp\/v2\/pages"}],"about":[{"href":"https:\/\/stiftadmont.at\/it\/wp-json\/wp\/v2\/types\/page"}],"author":[{"embeddable":true,"href":"https:\/\/stiftadmont.at\/it\/wp-json\/wp\/v2\/users\/7"}],"replies":[{"embeddable":true,"href":"https:\/\/stiftadmont.at\/it\/wp-json\/wp\/v2\/comments?post=3735"}],"version-history":[{"count":43,"href":"https:\/\/stiftadmont.at\/it\/wp-json\/wp\/v2\/pages\/3735\/revisions"}],"predecessor-version":[{"id":35084,"href":"https:\/\/stiftadmont.at\/it\/wp-json\/wp\/v2\/pages\/3735\/revisions\/35084"}],"up":[{"embeddable":true,"href":"https:\/\/stiftadmont.at\/it\/wp-json\/wp\/v2\/pages\/484"}],"wp:attachment":[{"href":"https:\/\/stiftadmont.at\/it\/wp-json\/wp\/v2\/media?parent=3735"}],"wp:term":[{"taxonomy":"category","embeddable":true,"href":"https:\/\/stiftadmont.at\/it\/wp-json\/wp\/v2\/categories?post=3735"}],"curies":[{"name":"wp","href":"https:\/\/api.w.org\/{rel}","templated":true}]}}