{"id":3804,"date":"2021-07-27T08:56:02","date_gmt":"2021-07-27T06:56:02","guid":{"rendered":"https:\/\/stiftadmont.at\/?page_id=3804"},"modified":"2025-01-30T10:28:40","modified_gmt":"2025-01-30T08:28:40","slug":"percorsi-di-pellegrinaggio","status":"publish","type":"page","link":"https:\/\/stiftadmont.at\/it\/aussenanlagen\/pilgerwege\/","title":{"rendered":"Itinerari di pellegrinaggio"},"content":{"rendered":"<section id='lightpress__section--block_3149c650bf281511b677eaf98662b8a8' class='align-center lightpress__section--default-section-space lightpress__section lightpress__section--headline'><div class=\"headline__container\">\n            <h2 class=\"headline text--40 text-medium line line--gold line-above line-middle\">Il viaggio pi\u00f9 lungo \u00e8 quello verso se stessi<\/h2>\n        <p class=\"text-center text-gold text--20 text-medium text--uppercase\">In questa pagina vi presentiamo gli itinerari di pellegrinaggio che passano o partono dall'Abbazia di Admont.<\/p>\n        <div class=\"spacer--40\"><\/div>\n<\/div>\n\n<\/section>\n\n<section id='lightpress__section--block_670bae197bceffbcdab1b691586bc86c' class='lightpress__section--default-section-space lightpress__section lightpress__section--content'><div class=\"content__inner\"\n         x-init=\"initContentBlockAnim($el)\">\n        \n    <div class=\"content__grid content__grid--fifty-fifty\">\n                                            <div class=\"content__box content__box\"\n                 style=\"\">\n                                \n                \n                                            <div class=\"prose\"><h5 class=\"heading-m line line-above line--gold\">Percorso di pellegrinaggio di Hemma<\/h5>\n<p>\u00a0<\/p>\n<p class=\"paragraph-m\">Santa Hemma nacque intorno al 980 come contessa di Friesach-Zeltschach e fond\u00f2 i monasteri benedettini di Gurk e Admont. Partendo dall'Abbazia di Admont, il percorso di pellegrinaggio di Hemma conduce a Gurk in Carinzia, dove Santa Hemma \u00e8 sepolta nella cripta della cattedrale. La sua venerazione ha una tradizione secolare in Carinzia, Stiria e Slovenia. Nata intorno al 980 come contessa di Friesach-Zeltschach, la sua carit\u00e0 e filantropia la resero famosa tra la popolazione.<\/p>\n<\/div>\n                    \n                            <\/div>\n        \n                                                    <div class=\"content__box content__box--2\"\n                     >\n                                        \n                    \n                                                    <div class=\"prose\"><div class=\"info info--info\">\n<p>da Admont a Gurk (186,6 km)<\/p>\n<p>Durata: 59 ore <br \/>Profilo altimetrico: 7077 \/ 7047 m <br \/>Difficolt\u00e0: 3 \/ 5<\/p>\n<p><a class=\"admont-button admont-button--outline-gold\" href=\"http:\/\/www.pilgerwege-kaernten.at\" target=\"_blank\" rel=\"noopener\">DETTAGLI<\/a> <a class=\"admont-button admont-button--outline-gold\" href=\"\/wp-content\/uploads\/HemmaPilgerweg_3-4_WEB_gesamt.pdf\">BROCHURE<\/a><\/p>\n<\/div>\n<\/div>\n                        \n                                    <\/div>\n            \n            <\/div>\n<\/div>\n\n<\/section>\n\n<section id='lightpress__section--block_f8daa6b74f6f87c713df15d7ff54b6b3' class='lightpress__section--default-section-space lightpress__section lightpress__section--content'><div class=\"content__inner\"\n         x-init=\"initContentBlockAnim($el)\">\n        \n    <div class=\"content__grid content__grid\">\n                                            <div class=\"content__box content__box--one-hundred\"\n                 style=\"\">\n                                \n                \n                                            <div class=\"prose\"><h5 class=\"heading-m line line-above line--gold\">Percorso<\/h5>\n<p>\u00a0<\/p>\n<p class=\"paragraph-m\">L'itinerario di pellegrinaggio \u00e8 suddiviso in 7 tappe, ma ognuno pu\u00f2 naturalmente comporre il proprio percorso individuale. Lungo il percorso ci sono numerosi luoghi di interesse che si consiglia di visitare. Si inizia con l'Abbazia di Admont e la sua biblioteca, che \u00e8 la pi\u00f9 grande biblioteca abbaziale del mondo. Uno degli spettacoli naturali pi\u00f9 belli lungo il percorso \u00e8 sicuramente l'attraversamento dei Niedere Tauern sul Glattjoch con il punto di arrivo della tappa Oberw\u00f6lz, la pi\u00f9 piccola citt\u00e0 della Stiria, con un centro storico di grande valore circondato da un'imponente cinta muraria.<\/p>\n<\/div>\n                    \n                            <\/div>\n        \n            <\/div>\n<\/div>\n\n<\/section>\n\n<section id='lightpress__section--block_1da8d18c6948fab04b1b70befe7a6b85' class='lightpress__section--default-section-space lightpress__section lightpress__section--content'><div class=\"content__inner\"\n         x-init=\"initContentBlockAnim($el)\">\n        \n    <div class=\"content__grid content__grid--fifty-fifty\">\n                                            <div class=\"content__box content__box\"\n                 style=\"\">\n                                \n                \n                                            <div class=\"prose\"><h5 class=\"heading-m line line-above line--gold\">Benediktweg<\/h5>\n<p>\u00a0<\/p>\n<p class=\"paragraph-m\">Il Sentiero di Benedetto \u00e8 stato creato in occasione del 200\u00b0 anniversario della ricolonizzazione dell'Abbazia di San Paolo nella Lavanttal nel 2009 e prende il nome dal fondatore dell'ordine, Benedetto di Nursia. Il sentiero si snoda da Spital am Pyhrn attraverso Admont, Seckau, Maria Buch, Wolfsberg, San Paolo e Slovenj Gradec fino a Gornij Grad in Slovenia.<\/p>\n<\/div>\n                    \n                            <\/div>\n        \n                                                    <div class=\"content__box content__box--2\"\n                     >\n                                        \n                    \n                                                    <div class=\"prose\"><div class=\"info info--info\">\n<p>da Spital am Pyhrn a Gornij Grad\/Slo. (126,1 km)<\/p>\n<p>Durata: 37 ore e 30 minuti <br \/>Profilo altimetrico: 3227 \/ 3170 m <br \/>Difficolt\u00e0: 2 \/ 5<\/p>\n<p><a class=\"admont-button admont-button--outline-gold\" href=\"https:\/\/www.pilgerwege-kaernten.at\/home\/\" target=\"_blank\" rel=\"noopener\">DETTAGLI<\/a> <a class=\"admont-button admont-button--outline-gold\" href=\"https:\/\/www.benedikt-bewegt.at\/\" target=\"_blank\" rel=\"noopener\">BENEDETTO SI MUOVE\u00a0<\/a><\/p>\n<\/div>\n<\/div>\n                        \n                                    <\/div>\n            \n            <\/div>\n<\/div>\n\n<\/section>\n\n<section id='lightpress__section--block_8c17ec234a0d25510e5aac293db766d2' class='lightpress__section--default-section-space lightpress__section lightpress__section--content'><div class=\"content__inner\"\n         x-init=\"initContentBlockAnim($el)\">\n        \n    <div class=\"content__grid content__grid\">\n                                            <div class=\"content__box content__box--one-hundred\"\n                 style=\"\">\n                                \n                \n                                            <div class=\"prose\"><h5 class=\"heading-m line line-above line--gold\">Percorso<\/h5>\n<p>\u00a0<\/p>\n<p class=\"paragraph-m\">Il tratto del Sentiero di Benedetto attraverso la Stiria ci porta di abbazia in abbazia - da Admont attraverso Seckau fino alla Carinzia. I punti salienti dal punto di vista paesaggistico sono il Parco nazionale del Ges\u00e4use e la traversata dei Niedere Tauern. Il programma prevede anche l'alternanza di natura e cultura e di piccole citt\u00e0 per completare le ricche esperienze naturali.<\/p>\n<\/div>\n                    \n                            <\/div>\n        \n            <\/div>\n<\/div>\n\n<\/section>\n\n<section id='lightpress__section--block_596a5dc8cb11bf49f5b6f946851ac1f3' class='lightpress__section--default-section-space lightpress__section lightpress__section--content'><div class=\"content__inner\"\n         x-init=\"initContentBlockAnim($el)\">\n        \n    <div class=\"content__grid content__grid\">\n                                            <div class=\"content__box content__box--one-hundred\"\n                 style=\"\">\n                                \n                \n                                            <div class=\"prose\"><h5 class=\"heading-m line line-above line--gold text-center\">Altre strutture all'aperto\u00a0<\/h5>\n<p>\u00a0<\/p>\n<p class=\"paragraph-m text-center\">Strutture all'aperto nell'Abbazia di Admont e dintorni<\/p>\n<p class=\"text-center\"><a class=\"admont-button admont-button--outline-gold\" href=\"\/it\/strutture-esterne\/\">STRUTTURE ESTERNE<\/a><\/p>\n<\/div>\n                    \n                            <\/div>\n        \n            <\/div>\n<\/div>\n\n<\/section>\n\n<section id='lightpress__section--block_8d0b9654ee9c08c5760659570e707731' class='lightpress__section--more-links--950 lightpress__section--full-width lightpress__section--default-section-space lightpress__section lightpress__section--more-links'><div class=\"more\" x-init=\"initMoreLinksBlockAnim($el)\">\n            <style>\n            #lightpress__section--block_8d0b9654ee9c08c5760659570e707731 .more {\n                --entry-width: calc(100% \/ 4 - var(--grid-gap) * 4);\n                grid-template-columns: repeat(auto-fit, minmax(max(var(--entry-width),50rem), 1fr));\n            }\n        <\/style>\n    \n                    <a class=\"more__link\" href=\"\/it\/strutture-esterne\/percorso-letterario\/\">\n            <div class=\"more__media\">\n                                    <picture class=\"more__image\">\n                        <source srcset=\"https:\/\/stiftadmont.at\/wp-content\/uploads\/8d967de4fb0deac392e6fc1838a87d15-1024x683.webp\" type=\"image\/webp\">\n                        <source srcset=\"https:\/\/stiftadmont.at\/wp-content\/uploads\/8d967de4fb0deac392e6fc1838a87d15-1024x683.jpg\" type=\"image\/jpeg\">\n                        <img decoding=\"async\" loading=\"lazy\" src=\"https:\/\/stiftadmont.at\/wp-content\/uploads\/8d967de4fb0deac392e6fc1838a87d15-1024x683.jpg\" alt=\"Percorso letterario 2021\" \/>\n                    <\/picture>\n                            <\/div>\n            <div class=\"more__content\">\n                <div class=\"more__title--container\">\n                                            \n                                                                            \n                        <p class=\"text-bold text-white text--serif text--26\">Percorso letterario<\/p>\n                                                            <\/div>\n                                    <div class=\"more__cta\">\n                        <i class=\"fa-thin fa-chevron-right\"><\/i>\n                    <\/div>\n                            <\/div>\n        <\/a>\n                    <a class=\"more__link\" href=\"\/it\/strutture-esterne\/giardino-delle-erbe\/\">\n            <div class=\"more__media\">\n                                    <picture class=\"more__image\">\n                        <source srcset=\"https:\/\/stiftadmont.at\/wp-content\/uploads\/Bildschirmfoto-2021-07-27-um-08.30.59-2-1024x674.webp\" type=\"image\/webp\">\n                        <source srcset=\"https:\/\/stiftadmont.at\/wp-content\/uploads\/Bildschirmfoto-2021-07-27-um-08.30.59-2-1024x674.jpg\" type=\"image\/jpeg\">\n                        <img decoding=\"async\" loading=\"lazy\" src=\"https:\/\/stiftadmont.at\/wp-content\/uploads\/Bildschirmfoto-2021-07-27-um-08.30.59-2-1024x674.png\" alt=\"Giardino delle erbe 2021\" \/>\n                    <\/picture>\n                            <\/div>\n            <div class=\"more__content\">\n                <div class=\"more__title--container\">\n                                            \n                                                                            \n                        <p class=\"text-bold text-white text--serif text--26\">Giardino delle erbe<\/p>\n                                                            <\/div>\n                                    <div class=\"more__cta\">\n                        <i class=\"fa-thin fa-chevron-right\"><\/i>\n                    <\/div>\n                            <\/div>\n        <\/a>\n    \n<\/div>\n\n<\/section>","protected":false},"excerpt":{"rendered":"","protected":false},"author":7,"featured_media":0,"parent":484,"menu_order":5,"comment_status":"closed","ping_status":"closed","template":"","meta":{"_acf_changed":false,"footnotes":""},"categories":[],"class_list":["post-3804","page","type-page","status-publish","hentry"],"acf":[],"yoast_head":"<!-- This site is optimized with the Yoast SEO Premium plugin v26.0 (Yoast SEO v26.8) - https:\/\/yoast.com\/product\/yoast-seo-premium-wordpress\/ -->\n<title>Pilgerwege - Stift Admont<\/title>\n<meta name=\"robots\" content=\"index, follow, max-snippet:-1, max-image-preview:large, max-video-preview:-1\" \/>\n<link rel=\"canonical\" href=\"https:\/\/stiftadmont.at\/it\/strutture-esterne\/percorsi-di-pellegrinaggio\/\" \/>\n<meta property=\"og:locale\" content=\"it_IT\" \/>\n<meta property=\"og:type\" content=\"article\" \/>\n<meta property=\"og:title\" content=\"Pilgerwege\" \/>\n<meta property=\"og:url\" content=\"https:\/\/stiftadmont.at\/it\/strutture-esterne\/percorsi-di-pellegrinaggio\/\" \/>\n<meta property=\"og:site_name\" content=\"Stift Admont\" \/>\n<meta property=\"article:modified_time\" content=\"2025-01-30T08:28:40+00:00\" \/>\n<meta property=\"og:image\" content=\"https:\/\/stiftadmont.at\/wp-content\/uploads\/Klosteranlage-innen.jpg\" \/>\n\t<meta property=\"og:image:width\" content=\"1912\" \/>\n\t<meta property=\"og:image:height\" content=\"1188\" \/>\n\t<meta property=\"og:image:type\" content=\"image\/jpeg\" \/>\n<meta name=\"twitter:card\" content=\"summary_large_image\" \/>\n<script type=\"application\/ld+json\" class=\"yoast-schema-graph\">{\"@context\":\"https:\/\/schema.org\",\"@graph\":[{\"@type\":\"WebPage\",\"@id\":\"https:\/\/stiftadmont.at\/aussenanlagen\/pilgerwege\/\",\"url\":\"https:\/\/stiftadmont.at\/aussenanlagen\/pilgerwege\/\",\"name\":\"Pilgerwege - Stift Admont\",\"isPartOf\":{\"@id\":\"https:\/\/stiftadmont.at\/#website\"},\"datePublished\":\"2021-07-27T06:56:02+00:00\",\"dateModified\":\"2025-01-30T08:28:40+00:00\",\"breadcrumb\":{\"@id\":\"https:\/\/stiftadmont.at\/aussenanlagen\/pilgerwege\/#breadcrumb\"},\"inLanguage\":\"it-IT\",\"potentialAction\":[{\"@type\":\"ReadAction\",\"target\":[\"https:\/\/stiftadmont.at\/aussenanlagen\/pilgerwege\/\"]}]},{\"@type\":\"BreadcrumbList\",\"@id\":\"https:\/\/stiftadmont.at\/aussenanlagen\/pilgerwege\/#breadcrumb\",\"itemListElement\":[{\"@type\":\"ListItem\",\"position\":1,\"name\":\"Start\",\"item\":\"https:\/\/stiftadmont.at\/\"},{\"@type\":\"ListItem\",\"position\":2,\"name\":\"Au\u00dfenanlagen\",\"item\":\"https:\/\/stiftadmont.at\/aussenanlagen\/\"},{\"@type\":\"ListItem\",\"position\":3,\"name\":\"Pilgerwege\"}]},{\"@type\":\"WebSite\",\"@id\":\"https:\/\/stiftadmont.at\/#website\",\"url\":\"https:\/\/stiftadmont.at\/\",\"name\":\"Stift Admont\",\"description\":\"Benediktinerkloster und Sehensw\u00fcrdigkeit im Ges\u00e4use\",\"potentialAction\":[{\"@type\":\"SearchAction\",\"target\":{\"@type\":\"EntryPoint\",\"urlTemplate\":\"https:\/\/stiftadmont.at\/?s={search_term_string}\"},\"query-input\":{\"@type\":\"PropertyValueSpecification\",\"valueRequired\":true,\"valueName\":\"search_term_string\"}}],\"inLanguage\":\"it-IT\"}]}<\/script>\n<!-- \/ Yoast SEO Premium plugin. -->","yoast_head_json":{"title":"Itinerari di pellegrinaggio - Abbazia di Admont","robots":{"index":"index","follow":"follow","max-snippet":"max-snippet:-1","max-image-preview":"max-image-preview:large","max-video-preview":"max-video-preview:-1"},"canonical":"https:\/\/stiftadmont.at\/it\/strutture-esterne\/percorsi-di-pellegrinaggio\/","og_locale":"it_IT","og_type":"article","og_title":"Pilgerwege","og_url":"https:\/\/stiftadmont.at\/it\/strutture-esterne\/percorsi-di-pellegrinaggio\/","og_site_name":"Stift Admont","article_modified_time":"2025-01-30T08:28:40+00:00","og_image":[{"width":1912,"height":1188,"url":"https:\/\/stiftadmont.at\/wp-content\/uploads\/Klosteranlage-innen.jpg","type":"image\/jpeg"}],"twitter_card":"summary_large_image","schema":{"@context":"https:\/\/schema.org","@graph":[{"@type":"WebPage","@id":"https:\/\/stiftadmont.at\/aussenanlagen\/pilgerwege\/","url":"https:\/\/stiftadmont.at\/aussenanlagen\/pilgerwege\/","name":"Itinerari di pellegrinaggio - Abbazia di Admont","isPartOf":{"@id":"https:\/\/stiftadmont.at\/#website"},"datePublished":"2021-07-27T06:56:02+00:00","dateModified":"2025-01-30T08:28:40+00:00","breadcrumb":{"@id":"https:\/\/stiftadmont.at\/aussenanlagen\/pilgerwege\/#breadcrumb"},"inLanguage":"it-IT","potentialAction":[{"@type":"ReadAction","target":["https:\/\/stiftadmont.at\/aussenanlagen\/pilgerwege\/"]}]},{"@type":"BreadcrumbList","@id":"https:\/\/stiftadmont.at\/aussenanlagen\/pilgerwege\/#breadcrumb","itemListElement":[{"@type":"ListItem","position":1,"name":"Start","item":"https:\/\/stiftadmont.at\/"},{"@type":"ListItem","position":2,"name":"Au\u00dfenanlagen","item":"https:\/\/stiftadmont.at\/aussenanlagen\/"},{"@type":"ListItem","position":3,"name":"Pilgerwege"}]},{"@type":"WebSite","@id":"https:\/\/stiftadmont.at\/#website","url":"https:\/\/stiftadmont.at\/","name":"Abbazia di Admont","description":"Monastero benedettino e attrazione turistica nella Ges\u00e4use","potentialAction":[{"@type":"SearchAction","target":{"@type":"EntryPoint","urlTemplate":"https:\/\/stiftadmont.at\/?s={search_term_string}"},"query-input":{"@type":"PropertyValueSpecification","valueRequired":true,"valueName":"search_term_string"}}],"inLanguage":"it-IT"}]}},"_links":{"self":[{"href":"https:\/\/stiftadmont.at\/it\/wp-json\/wp\/v2\/pages\/3804","targetHints":{"allow":["GET"]}}],"collection":[{"href":"https:\/\/stiftadmont.at\/it\/wp-json\/wp\/v2\/pages"}],"about":[{"href":"https:\/\/stiftadmont.at\/it\/wp-json\/wp\/v2\/types\/page"}],"author":[{"embeddable":true,"href":"https:\/\/stiftadmont.at\/it\/wp-json\/wp\/v2\/users\/7"}],"replies":[{"embeddable":true,"href":"https:\/\/stiftadmont.at\/it\/wp-json\/wp\/v2\/comments?post=3804"}],"version-history":[{"count":95,"href":"https:\/\/stiftadmont.at\/it\/wp-json\/wp\/v2\/pages\/3804\/revisions"}],"predecessor-version":[{"id":32374,"href":"https:\/\/stiftadmont.at\/it\/wp-json\/wp\/v2\/pages\/3804\/revisions\/32374"}],"up":[{"embeddable":true,"href":"https:\/\/stiftadmont.at\/it\/wp-json\/wp\/v2\/pages\/484"}],"wp:attachment":[{"href":"https:\/\/stiftadmont.at\/it\/wp-json\/wp\/v2\/media?parent=3804"}],"wp:term":[{"taxonomy":"category","embeddable":true,"href":"https:\/\/stiftadmont.at\/it\/wp-json\/wp\/v2\/categories?post=3804"}],"curies":[{"name":"wp","href":"https:\/\/api.w.org\/{rel}","templated":true}]}}