{"id":39264,"date":"2026-02-02T13:17:04","date_gmt":"2026-02-02T11:17:04","guid":{"rendered":"https:\/\/stiftadmont.at\/?page_id=39264"},"modified":"2026-03-17T12:53:20","modified_gmt":"2026-03-17T10:53:20","slug":"arte-contemporanea-in-vecchi-muri-2026","status":"publish","type":"page","link":"https:\/\/stiftadmont.at\/it\/aktuelle-kunst-in-alten-mauern-2026\/","title":{"rendered":"Arte contemporanea tra vecchie mura"},"content":{"rendered":"<section id='lightpress__section--block_87714cf1faa2698210a5ba8119a99c9b' class='align-center lightpress__section--default-section-space lightpress__section lightpress__section--headline'><div class=\"headline__container\">\n            <h2 class=\"headline text--40 text-medium line line--gold line-above line-middle\">Arte contemporanea nel museo dell'Abbazia di Admont<\/h2>\n        <p class=\"text-center text-gold text--20 text-medium text--uppercase\">Un dialogo tra tradizione e innovazione<\/p>\n        <div class=\"spacer--40\"><\/div>\n<\/div>\n\n<\/section>\n\n<section id='lightpress__section--block_0961d0c98a7b88e63ec041b641f9475e' class='lightpress__section--default-section-space lightpress__section lightpress__section--content'><div class=\"content__inner\"\n         x-init=\"initContentBlockAnim($el)\">\n        \n    <div class=\"content__grid content__grid\">\n                                            <div class=\"content__box content__box--one-hundred\"\n                 style=\"\">\n                                \n                \n                                            <div class=\"prose\"><h5 class=\"heading-m line line-above line--gold\">Arte contemporanea in vecchi muri - mostre speciali 2026: Hannes Schwarz e Josef Pillhofer<\/h5>\n<p class=\"paragraph-m\">\u00a0<\/p>\n<p>Il secondo piano del museo ha ospitato mostre mutevoli ogni anno dall'apertura del museo su larga scala nel 2003. Nel 2026 saranno esposte le opere di due importanti artisti austriaci del XX secolo. In occasione del centesimo compleanno del pittore Hannes Schwarz (1926-2014), sar\u00e0 esposta una panoramica della sua opera. Parallelamente \u00e8 stata organizzata una mostra sullo scultore Josef Pillhofer (1921-2010). Le opere di due protagonisti centrali dell'arte stiriana del dopoguerra entrano cos\u00ec in dialogo: di Hannes Schwarz sono esposti disegni, dipinti e grafiche, mentre di Josef Pillhofer sono esposte opere scultoree, disegni, collage e un arazzo finora raramente esposto.\u00a0<\/p>\n<p>\u00a0<\/p>\n<p><strong>L'inaugurazione di entrambe le mostre avr\u00e0 luogo il 19 marzo 2026, a partire dalle ore 17:00, nel Museo dell'Abbazia di Admont. La registrazione \u00e8 richiesta a <a class=\"email\" href=\"mailto:events@stiftadmont.at\"><span class=\"icon-outer\"><i class=\"fa-light fa-envelope\"><\/i><\/span>events@stiftadmont.at<\/a> richiesto.<\/strong><\/p>\n<p>\u00a0<\/p>\n<p><em><strong>Nota:\u00a0\u00a0<\/strong><strong>Il museo dell'Abbazia di Admont sar\u00e0 aperto dalle 14:00 del 19 marzo 2026 con ingresso gratuito.<\/strong><\/em><\/p>\n<\/div>\n                    \n                            <\/div>\n        \n            <\/div>\n<\/div>\n\n<\/section>\n\n<section id='lightpress__section--block_33356f0fa4b997564df27d70c48fb271' class='bg--beige lightpress__section--colored-bg lightpress__section--default-section-space lightpress__section lightpress__section--content'><div class=\"content__inner\"\n         x-init=\"initContentBlockAnim($el)\">\n        \n    <div class=\"content__grid content__grid--fifty-fifty\">\n                                            <div class=\"content__box content__box\"\n                 style=\"\">\n                                \n                \n                                        <div class=\"content__media stickyTo\" x-init=\"imageSticky($el)\">\n\n                                                                                                <picture\n                                class=\"content__image sticky\">\n                            <source srcset=\"https:\/\/stiftadmont.at\/wp-content\/uploads\/Schwarz_verletzt-1024x687.png\"\n                                    type=\"image\/webp\">\n                            <source srcset=\"https:\/\/stiftadmont.at\/wp-content\/uploads\/Schwarz_verletzt-1024x687.png\"\n                                    type=\"image\/jpeg\">\n                            <img decoding=\"async\" loading=\"lazy\" src=\"https:\/\/stiftadmont.at\/wp-content\/uploads\/Schwarz_verletzt-1024x687.png\" alt=\"Nero ferito\" width=\"600\" height=\"450\" \/>\n                                                                                                            <\/picture>\n\n                    <\/div>\n\n                            <\/div>\n        \n                                                    <div class=\"content__box content__box--2\"\n                     >\n                                        \n                    \n                                                    <div class=\"prose\"><h5 class=\"heading-m line line-above line--gold\">Ferito. Hannes Schwarz nella collezione dell'Abbazia benedettina di Admont<\/h5>\n<p class=\"paragraph-m\">\u00a0<\/p>\n<p>La mostra \u201eVerletzt\u201c offre una visione completa della sfaccettata opera di Hannes Schwarz, caratterizzata da domande esistenziali e cambiamenti stilistici. Dopo le prime opere astratte degli anni Cinquanta e le tecniche di stampa sperimentali del 1959, a partire dalla met\u00e0 degli anni Sessanta la figura umana vulnerabile e deformata diventa il centro dell'attenzione. A partire dal 1975 circa, la serie \u201eVerletzt\u201c (Ferito) segna una svolta verso spazi pittorici ridotti, simili a paesaggi, in cui l'esposizione dell'essere umano \u00e8 tematizzata.<\/p>\n<p>\u00a0<\/p>\n<p><a class=\"admont-button admont-button--secondary\" href=\"https:\/\/stiftadmont.at\/it\/progetto-commemorativo-counterworlds\/\">Progetto commemorativo di Counterworlds - Hannes Schwarz (1926-2014)<\/a><\/p>\n<p>\u00a0<\/p>\n<p><a class=\"admont-button admont-button--secondary\" href=\"https:\/\/stiftadmont.at\/wp-content\/uploads\/STA_Einladung-Vernissage-Verletzt_2026.pdf\" target=\"_blank\" rel=\"noopener\">Volantino Hannes Schwarz<\/a><\/p>\n<p>\u00a0<\/p>\n<\/div>\n                        \n                                    <\/div>\n            \n            <\/div>\n<\/div>\n\n    <div class=\"background__container background__container--beige\">\n    <\/div>\n\n<\/section>\n\n<section id='lightpress__section--block_897b57923b0a3a88b9c99b9f73bd0512' class='lightpress__section--default-section-space lightpress__section lightpress__section--content'><div class=\"content__inner\"\n         x-init=\"initContentBlockAnim($el)\">\n        \n    <div class=\"content__grid content__grid--fifty-fifty\">\n                                            <div class=\"content__box content__box\"\n                 style=\"\">\n                                \n                \n                                            <div class=\"prose\"><h5 class=\"heading-m line line-above line--gold\">Josef Pillhofer. Tra astrazione e figurazione<\/h5>\n<p class=\"paragraph-m\">\u00a0<\/p>\n<p>Josef Pillhofer \u00e8 uno dei pi\u00f9 importanti scultori austriaci della seconda met\u00e0 del XX secolo. Dopo gli studi a Graz e Vienna e un periodo di formazione a Parigi, ha sviluppato un linguaggio formale indipendente tra astrazione e figurazione. Il suo lavoro, che tratta intensamente lo spazio, la struttura e la figura umana, \u00e8 presentato ad Admont con opere selezionate in prestito da collezioni private.<\/p>\n<p>\u00a0<\/p>\n<p><a class=\"admont-button admont-button--secondary\" href=\"https:\/\/stiftadmont.at\/wp-content\/uploads\/STA_Einladung-Vernissage-Pillhofer_2026.pdf\" target=\"_blank\" rel=\"noopener\">Volantino Josef Pillhofer<\/a><\/p>\n<\/div>\n                    \n                            <\/div>\n        \n                                                    <div class=\"content__box content__box--2\"\n                     >\n                                        \n                                            \n                                                    <a href=\"https:\/\/stiftadmont.at\/wp-content\/uploads\/Gegenwartskunst-.mp4\" class=\"content__video content__media\"\n                               x-data\n x-init=\"initContentLightBox('#lightpress__section--block_897b57923b0a3a88b9c99b9f73bd0512 .content__video')\">\n                                                                                                                                <picture class=\"content__image\">\n                                    <source srcset=\"https:\/\/stiftadmont.at\/wp-content\/uploads\/Pillhofer_liegender-Mann-1024x810.webp\" type=\"image\/webp\">\n                                    <source srcset=\"https:\/\/stiftadmont.at\/wp-content\/uploads\/Pillhofer_liegender-Mann-1024x810.jpg\" type=\"image\/jpeg\">\n                                    <img decoding=\"async\" class=\"content__image\" loading=\"lazy\" src=\"https:\/\/stiftadmont.at\/wp-content\/uploads\/Pillhofer_liegender-Mann-1024x810.png\" alt=\"Pillhofer bugiardo\" width=\"600\" height=\"450\" \/>\n                                <\/picture>\n\n                                <span class=\"overlay-dark\"><\/span>\n                                <span class=\"content-overlay\"><\/span>\n                                <div class=\"content__plaque\">\n                                    <div class=\"content__plaque-inner\">\n                                        <span><i class=\"fas fa-play content__icon\"><\/i><\/span>\n                                        <p class=\"paragraph-m\">Gioco<\/p>\n                                    <\/div>\n                                <\/div>\n                            <\/a>\n                        \n                                    <\/div>\n            \n            <\/div>\n<\/div>\n\n<\/section>","protected":false},"excerpt":{"rendered":"","protected":false},"author":7,"featured_media":39253,"parent":0,"menu_order":0,"comment_status":"closed","ping_status":"closed","template":"","meta":{"_acf_changed":false,"footnotes":""},"categories":[],"class_list":["post-39264","page","type-page","status-publish","has-post-thumbnail","hentry"],"acf":[],"yoast_head":"<!-- This site is optimized with the Yoast SEO Premium plugin v26.0 (Yoast SEO v26.8) - https:\/\/yoast.com\/product\/yoast-seo-premium-wordpress\/ -->\n<title>Aktuelle Kunst in alten Mauern - Stift Admont<\/title>\n<meta name=\"robots\" content=\"index, follow, max-snippet:-1, max-image-preview:large, max-video-preview:-1\" \/>\n<link rel=\"canonical\" href=\"https:\/\/stiftadmont.at\/it\/arte-contemporanea-in-vecchi-muri-2026\/\" \/>\n<meta property=\"og:locale\" content=\"it_IT\" \/>\n<meta property=\"og:type\" content=\"article\" \/>\n<meta property=\"og:title\" content=\"Aktuelle Kunst in alten Mauern\" \/>\n<meta property=\"og:url\" content=\"https:\/\/stiftadmont.at\/it\/arte-contemporanea-in-vecchi-muri-2026\/\" \/>\n<meta property=\"og:site_name\" content=\"Stift Admont\" \/>\n<meta property=\"article:modified_time\" content=\"2026-03-17T10:53:20+00:00\" \/>\n<meta property=\"og:image\" content=\"https:\/\/stiftadmont.at\/wp-content\/uploads\/Schwarz_verletzt-1024x687.png\" \/>\n\t<meta property=\"og:image:width\" content=\"1024\" \/>\n\t<meta property=\"og:image:height\" content=\"687\" \/>\n\t<meta property=\"og:image:type\" content=\"image\/png\" \/>\n<meta name=\"twitter:card\" content=\"summary_large_image\" \/>\n<meta name=\"twitter:label1\" content=\"Tempo di lettura stimato\" \/>\n\t<meta name=\"twitter:data1\" content=\"1 minuto\" \/>\n<script type=\"application\/ld+json\" class=\"yoast-schema-graph\">{\"@context\":\"https:\/\/schema.org\",\"@graph\":[{\"@type\":\"WebPage\",\"@id\":\"https:\/\/stiftadmont.at\/aktuelle-kunst-in-alten-mauern-2026\/\",\"url\":\"https:\/\/stiftadmont.at\/aktuelle-kunst-in-alten-mauern-2026\/\",\"name\":\"Aktuelle Kunst in alten Mauern - Stift Admont\",\"isPartOf\":{\"@id\":\"https:\/\/stiftadmont.at\/#website\"},\"primaryImageOfPage\":{\"@id\":\"https:\/\/stiftadmont.at\/aktuelle-kunst-in-alten-mauern-2026\/#primaryimage\"},\"image\":{\"@id\":\"https:\/\/stiftadmont.at\/aktuelle-kunst-in-alten-mauern-2026\/#primaryimage\"},\"thumbnailUrl\":\"https:\/\/stiftadmont.at\/wp-content\/uploads\/Schwarz_verletzt.png\",\"datePublished\":\"2026-02-02T11:17:04+00:00\",\"dateModified\":\"2026-03-17T10:53:20+00:00\",\"breadcrumb\":{\"@id\":\"https:\/\/stiftadmont.at\/aktuelle-kunst-in-alten-mauern-2026\/#breadcrumb\"},\"inLanguage\":\"it-IT\",\"potentialAction\":[{\"@type\":\"ReadAction\",\"target\":[\"https:\/\/stiftadmont.at\/aktuelle-kunst-in-alten-mauern-2026\/\"]}]},{\"@type\":\"ImageObject\",\"inLanguage\":\"it-IT\",\"@id\":\"https:\/\/stiftadmont.at\/aktuelle-kunst-in-alten-mauern-2026\/#primaryimage\",\"url\":\"https:\/\/stiftadmont.at\/wp-content\/uploads\/Schwarz_verletzt.png\",\"contentUrl\":\"https:\/\/stiftadmont.at\/wp-content\/uploads\/Schwarz_verletzt.png\",\"width\":1894,\"height\":1271,\"caption\":\"Schwarz verletzt\"},{\"@type\":\"BreadcrumbList\",\"@id\":\"https:\/\/stiftadmont.at\/aktuelle-kunst-in-alten-mauern-2026\/#breadcrumb\",\"itemListElement\":[{\"@type\":\"ListItem\",\"position\":1,\"name\":\"Start\",\"item\":\"https:\/\/stiftadmont.at\/\"},{\"@type\":\"ListItem\",\"position\":2,\"name\":\"Aktuelle Kunst in alten Mauern\"}]},{\"@type\":\"WebSite\",\"@id\":\"https:\/\/stiftadmont.at\/#website\",\"url\":\"https:\/\/stiftadmont.at\/\",\"name\":\"Stift Admont\",\"description\":\"Benediktinerkloster und Sehensw\u00fcrdigkeit im Ges\u00e4use\",\"potentialAction\":[{\"@type\":\"SearchAction\",\"target\":{\"@type\":\"EntryPoint\",\"urlTemplate\":\"https:\/\/stiftadmont.at\/?s={search_term_string}\"},\"query-input\":{\"@type\":\"PropertyValueSpecification\",\"valueRequired\":true,\"valueName\":\"search_term_string\"}}],\"inLanguage\":\"it-IT\"}]}<\/script>\n<!-- \/ Yoast SEO Premium plugin. -->","yoast_head_json":{"title":"Arte contemporanea tra vecchie mura - Abbazia di Admont","robots":{"index":"index","follow":"follow","max-snippet":"max-snippet:-1","max-image-preview":"max-image-preview:large","max-video-preview":"max-video-preview:-1"},"canonical":"https:\/\/stiftadmont.at\/it\/arte-contemporanea-in-vecchi-muri-2026\/","og_locale":"it_IT","og_type":"article","og_title":"Aktuelle Kunst in alten Mauern","og_url":"https:\/\/stiftadmont.at\/it\/arte-contemporanea-in-vecchi-muri-2026\/","og_site_name":"Stift Admont","article_modified_time":"2026-03-17T10:53:20+00:00","og_image":[{"width":1024,"height":687,"url":"https:\/\/stiftadmont.at\/wp-content\/uploads\/Schwarz_verletzt-1024x687.png","type":"image\/png"}],"twitter_card":"summary_large_image","twitter_misc":{"Tempo di lettura stimato":"1 minuto"},"schema":{"@context":"https:\/\/schema.org","@graph":[{"@type":"WebPage","@id":"https:\/\/stiftadmont.at\/aktuelle-kunst-in-alten-mauern-2026\/","url":"https:\/\/stiftadmont.at\/aktuelle-kunst-in-alten-mauern-2026\/","name":"Arte contemporanea tra vecchie mura - Abbazia di Admont","isPartOf":{"@id":"https:\/\/stiftadmont.at\/#website"},"primaryImageOfPage":{"@id":"https:\/\/stiftadmont.at\/aktuelle-kunst-in-alten-mauern-2026\/#primaryimage"},"image":{"@id":"https:\/\/stiftadmont.at\/aktuelle-kunst-in-alten-mauern-2026\/#primaryimage"},"thumbnailUrl":"https:\/\/stiftadmont.at\/wp-content\/uploads\/Schwarz_verletzt.png","datePublished":"2026-02-02T11:17:04+00:00","dateModified":"2026-03-17T10:53:20+00:00","breadcrumb":{"@id":"https:\/\/stiftadmont.at\/aktuelle-kunst-in-alten-mauern-2026\/#breadcrumb"},"inLanguage":"it-IT","potentialAction":[{"@type":"ReadAction","target":["https:\/\/stiftadmont.at\/aktuelle-kunst-in-alten-mauern-2026\/"]}]},{"@type":"ImageObject","inLanguage":"it-IT","@id":"https:\/\/stiftadmont.at\/aktuelle-kunst-in-alten-mauern-2026\/#primaryimage","url":"https:\/\/stiftadmont.at\/wp-content\/uploads\/Schwarz_verletzt.png","contentUrl":"https:\/\/stiftadmont.at\/wp-content\/uploads\/Schwarz_verletzt.png","width":1894,"height":1271,"caption":"Schwarz verletzt"},{"@type":"BreadcrumbList","@id":"https:\/\/stiftadmont.at\/aktuelle-kunst-in-alten-mauern-2026\/#breadcrumb","itemListElement":[{"@type":"ListItem","position":1,"name":"Start","item":"https:\/\/stiftadmont.at\/"},{"@type":"ListItem","position":2,"name":"Aktuelle Kunst in alten Mauern"}]},{"@type":"WebSite","@id":"https:\/\/stiftadmont.at\/#website","url":"https:\/\/stiftadmont.at\/","name":"Abbazia di Admont","description":"Monastero benedettino e attrazione turistica nella Ges\u00e4use","potentialAction":[{"@type":"SearchAction","target":{"@type":"EntryPoint","urlTemplate":"https:\/\/stiftadmont.at\/?s={search_term_string}"},"query-input":{"@type":"PropertyValueSpecification","valueRequired":true,"valueName":"search_term_string"}}],"inLanguage":"it-IT"}]}},"_links":{"self":[{"href":"https:\/\/stiftadmont.at\/it\/wp-json\/wp\/v2\/pages\/39264","targetHints":{"allow":["GET"]}}],"collection":[{"href":"https:\/\/stiftadmont.at\/it\/wp-json\/wp\/v2\/pages"}],"about":[{"href":"https:\/\/stiftadmont.at\/it\/wp-json\/wp\/v2\/types\/page"}],"author":[{"embeddable":true,"href":"https:\/\/stiftadmont.at\/it\/wp-json\/wp\/v2\/users\/7"}],"replies":[{"embeddable":true,"href":"https:\/\/stiftadmont.at\/it\/wp-json\/wp\/v2\/comments?post=39264"}],"version-history":[{"count":11,"href":"https:\/\/stiftadmont.at\/it\/wp-json\/wp\/v2\/pages\/39264\/revisions"}],"predecessor-version":[{"id":40494,"href":"https:\/\/stiftadmont.at\/it\/wp-json\/wp\/v2\/pages\/39264\/revisions\/40494"}],"wp:featuredmedia":[{"embeddable":true,"href":"https:\/\/stiftadmont.at\/it\/wp-json\/wp\/v2\/media\/39253"}],"wp:attachment":[{"href":"https:\/\/stiftadmont.at\/it\/wp-json\/wp\/v2\/media?parent=39264"}],"wp:term":[{"taxonomy":"category","embeddable":true,"href":"https:\/\/stiftadmont.at\/it\/wp-json\/wp\/v2\/categories?post=39264"}],"curies":[{"name":"wp","href":"https:\/\/api.w.org\/{rel}","templated":true}]}}