{"id":39564,"date":"2026-02-11T13:50:45","date_gmt":"2026-02-11T11:50:45","guid":{"rendered":"https:\/\/stiftadmont.at\/?page_id=39564"},"modified":"2026-03-03T22:25:19","modified_gmt":"2026-03-03T20:25:19","slug":"architettura","status":"publish","type":"page","link":"https:\/\/stiftadmont.at\/it\/pfarren\/pfarrgemeinschaft-frauenberg-ardning-hall\/vikariat-ardning\/seelsorgestelle\/architektur\/","title":{"rendered":"Architettura e arredamento della chiesa di San Giovanni"},"content":{"rendered":"<section id='lightpress__section--block_28f80359fb7d54469ebc2114df297bff' class='align-center lightpress__section--default-section-space lightpress__section lightpress__section--headline'><div class=\"headline__container\">\n            <h2 class=\"headline text--40 text-medium line line--gold line-above line-middle\">Architettura e arredamento della chiesa di San Giovanni<\/h2>\n        <p class=\"text-center text-gold text--20 text-medium text--uppercase\">Qui potete trovare informazioni sull'architettura e l'arredamento della chiesa di San Giovanni ad Ardning.<\/p>\n        <div class=\"spacer--40\"><\/div>\n<\/div>\n\n<\/section>\n\n<section id='lightpress__section--block_2e507143a624687ff4476237072fca97' class='lightpress__section--default-section-space lightpress__section lightpress__section--content'><div class=\"content__inner\"\n         x-init=\"initContentBlockAnim($el)\">\n        \n    <div class=\"content__grid content__grid--fifty-fifty\">\n                                            <div class=\"content__box content__box\"\n                 style=\"\">\n                                \n                \n                                            <div class=\"prose\"><p>La chiesa succursale di San Giovanni Battista ad Ardning \u00e8 una chiesa a navata unica con volta a crociera su pilastri. Il fulcro \u00e8 la struttura barocca del tabernacolo, trasferita qui dal castello di Premst\u00e4tten nel 1980. Sopra di esso si trova una pala d'altare raffigurante San Benedetto di Nursia e sculture barocche di angeli. Nell'abside, le statue di alta qualit\u00e0 di San Giovanni Battista (patrono della chiesa) e di San Giovanni Evangelista, risalenti alla fine del XVII secolo o all'inizio del XVIII secolo, si trovano anch'esse su mensole. Provengono dalla chiesa parrocchiale di Frauenberg e sono state portate ad Ardning solo nel 2016.<\/p>\n<p>\u00a0<\/p>\n<p>Le stazioni della Via Crucis sono opera della monaca benedettina Basilia G\u00fcrth OSB. L'altare celebrativo neobarocco e l'ambone (entrambi creati intorno al 1980) provengono originariamente dalla chiesa parrocchiale di Bad Zell (Alta Austria) e sono stati donati ad Ardning nel 2019.<\/p>\n<\/div>\n                    \n                            <\/div>\n        \n                                                    <div class=\"content__box content__box--2\"\n                     >\n                                        \n                    \n                                                <div class=\"content__media stickyTo\" x-init=\"imageSticky($el)\">\n\n                                                                                    <picture\n                                    class=\"content__image sticky\">\n                                <source srcset=\"https:\/\/stiftadmont.at\/wp-content\/uploads\/Ardning-6-1024x583.webp\" type=\"image\/webp\">\n                                <source srcset=\"https:\/\/stiftadmont.at\/wp-content\/uploads\/Ardning-6-1024x583.jpg\" type=\"image\/jpeg\">\n                                <img decoding=\"async\" class=\"sticky\" loading=\"lazy\" src=\"https:\/\/stiftadmont.at\/wp-content\/uploads\/Ardning-6-1024x583.png\" alt=\"Ardning\" \/>\n\n                                                                                                                            <\/picture>\n\n                        <\/div>\n\n                                    <\/div>\n            \n            <\/div>\n<\/div>\n\n<\/section>","protected":false},"excerpt":{"rendered":"","protected":false},"author":7,"featured_media":0,"parent":39544,"menu_order":0,"comment_status":"closed","ping_status":"closed","template":"","meta":{"_acf_changed":false,"footnotes":""},"categories":[],"class_list":["post-39564","page","type-page","status-publish","hentry"],"acf":[],"yoast_head":"<!-- This site is optimized with the Yoast SEO Premium plugin v26.0 (Yoast SEO v26.8) - https:\/\/yoast.com\/product\/yoast-seo-premium-wordpress\/ -->\n<title>Architektur und Ausstattung der Johanneskirche - Stift Admont<\/title>\n<meta name=\"robots\" content=\"index, follow, max-snippet:-1, max-image-preview:large, max-video-preview:-1\" \/>\n<link rel=\"canonical\" href=\"https:\/\/stiftadmont.at\/it\/parrocchie\/comunita-parrocchiale-frauenberg-sala-ardning\/vicariato-ardning\/centro-di-assistenza-pastorale\/architettura\/\" \/>\n<meta property=\"og:locale\" content=\"it_IT\" \/>\n<meta property=\"og:type\" content=\"article\" \/>\n<meta property=\"og:title\" content=\"Architektur und Ausstattung der Johanneskirche\" \/>\n<meta property=\"og:url\" content=\"https:\/\/stiftadmont.at\/it\/parrocchie\/comunita-parrocchiale-frauenberg-sala-ardning\/vicariato-ardning\/centro-di-assistenza-pastorale\/architettura\/\" \/>\n<meta property=\"og:site_name\" content=\"Stift Admont\" \/>\n<meta property=\"article:modified_time\" content=\"2026-03-03T20:25:19+00:00\" \/>\n<meta property=\"og:image\" content=\"https:\/\/stiftadmont.at\/wp-content\/uploads\/Klosteranlage-innen.jpg\" \/>\n\t<meta property=\"og:image:width\" content=\"1912\" \/>\n\t<meta property=\"og:image:height\" content=\"1188\" \/>\n\t<meta property=\"og:image:type\" content=\"image\/jpeg\" \/>\n<meta name=\"twitter:card\" content=\"summary_large_image\" \/>\n<script type=\"application\/ld+json\" class=\"yoast-schema-graph\">{\"@context\":\"https:\/\/schema.org\",\"@graph\":[{\"@type\":\"WebPage\",\"@id\":\"https:\/\/stiftadmont.at\/pfarren\/pfarrgemeinschaft-frauenberg-ardning-hall\/vikariat-ardning\/seelsorgestelle\/architektur\/\",\"url\":\"https:\/\/stiftadmont.at\/pfarren\/pfarrgemeinschaft-frauenberg-ardning-hall\/vikariat-ardning\/seelsorgestelle\/architektur\/\",\"name\":\"Architektur und Ausstattung der Johanneskirche - Stift Admont\",\"isPartOf\":{\"@id\":\"https:\/\/stiftadmont.at\/#website\"},\"datePublished\":\"2026-02-11T11:50:45+00:00\",\"dateModified\":\"2026-03-03T20:25:19+00:00\",\"breadcrumb\":{\"@id\":\"https:\/\/stiftadmont.at\/pfarren\/pfarrgemeinschaft-frauenberg-ardning-hall\/vikariat-ardning\/seelsorgestelle\/architektur\/#breadcrumb\"},\"inLanguage\":\"it-IT\",\"potentialAction\":[{\"@type\":\"ReadAction\",\"target\":[\"https:\/\/stiftadmont.at\/pfarren\/pfarrgemeinschaft-frauenberg-ardning-hall\/vikariat-ardning\/seelsorgestelle\/architektur\/\"]}]},{\"@type\":\"BreadcrumbList\",\"@id\":\"https:\/\/stiftadmont.at\/pfarren\/pfarrgemeinschaft-frauenberg-ardning-hall\/vikariat-ardning\/seelsorgestelle\/architektur\/#breadcrumb\",\"itemListElement\":[{\"@type\":\"ListItem\",\"position\":1,\"name\":\"Start\",\"item\":\"https:\/\/stiftadmont.at\/\"},{\"@type\":\"ListItem\",\"position\":2,\"name\":\"Pfarren\",\"item\":\"https:\/\/stiftadmont.at\/pfarren\/\"},{\"@type\":\"ListItem\",\"position\":3,\"name\":\"Pfarrgemeinschaft Frauenberg-Ardning-Hall\",\"item\":\"https:\/\/stiftadmont.at\/pfarren\/pfarrgemeinschaft-frauenberg-ardning-hall\/\"},{\"@type\":\"ListItem\",\"position\":4,\"name\":\"Das Vikariat Ardning\",\"item\":\"https:\/\/stiftadmont.at\/pfarren\/pfarrgemeinschaft-frauenberg-ardning-hall\/vikariat-ardning\/\"},{\"@type\":\"ListItem\",\"position\":5,\"name\":\"Das Vikariat Ardning\",\"item\":\"https:\/\/stiftadmont.at\/pfarren\/pfarrgemeinschaft-frauenberg-ardning-hall\/vikariat-ardning\/seelsorgestelle\/\"},{\"@type\":\"ListItem\",\"position\":6,\"name\":\"Architektur und Ausstattung der Johanneskirche\"}]},{\"@type\":\"WebSite\",\"@id\":\"https:\/\/stiftadmont.at\/#website\",\"url\":\"https:\/\/stiftadmont.at\/\",\"name\":\"Stift Admont\",\"description\":\"Benediktinerkloster und Sehensw\u00fcrdigkeit im Ges\u00e4use\",\"potentialAction\":[{\"@type\":\"SearchAction\",\"target\":{\"@type\":\"EntryPoint\",\"urlTemplate\":\"https:\/\/stiftadmont.at\/?s={search_term_string}\"},\"query-input\":{\"@type\":\"PropertyValueSpecification\",\"valueRequired\":true,\"valueName\":\"search_term_string\"}}],\"inLanguage\":\"it-IT\"}]}<\/script>\n<!-- \/ Yoast SEO Premium plugin. -->","yoast_head_json":{"title":"Architettura e arredamento della chiesa di San Giovanni - Abbazia di Admont","robots":{"index":"index","follow":"follow","max-snippet":"max-snippet:-1","max-image-preview":"max-image-preview:large","max-video-preview":"max-video-preview:-1"},"canonical":"https:\/\/stiftadmont.at\/it\/parrocchie\/comunita-parrocchiale-frauenberg-sala-ardning\/vicariato-ardning\/centro-di-assistenza-pastorale\/architettura\/","og_locale":"it_IT","og_type":"article","og_title":"Architektur und Ausstattung der Johanneskirche","og_url":"https:\/\/stiftadmont.at\/it\/parrocchie\/comunita-parrocchiale-frauenberg-sala-ardning\/vicariato-ardning\/centro-di-assistenza-pastorale\/architettura\/","og_site_name":"Stift Admont","article_modified_time":"2026-03-03T20:25:19+00:00","og_image":[{"width":1912,"height":1188,"url":"https:\/\/stiftadmont.at\/wp-content\/uploads\/Klosteranlage-innen.jpg","type":"image\/jpeg"}],"twitter_card":"summary_large_image","schema":{"@context":"https:\/\/schema.org","@graph":[{"@type":"WebPage","@id":"https:\/\/stiftadmont.at\/pfarren\/pfarrgemeinschaft-frauenberg-ardning-hall\/vikariat-ardning\/seelsorgestelle\/architektur\/","url":"https:\/\/stiftadmont.at\/pfarren\/pfarrgemeinschaft-frauenberg-ardning-hall\/vikariat-ardning\/seelsorgestelle\/architektur\/","name":"Architettura e arredamento della chiesa di San Giovanni - Abbazia di Admont","isPartOf":{"@id":"https:\/\/stiftadmont.at\/#website"},"datePublished":"2026-02-11T11:50:45+00:00","dateModified":"2026-03-03T20:25:19+00:00","breadcrumb":{"@id":"https:\/\/stiftadmont.at\/pfarren\/pfarrgemeinschaft-frauenberg-ardning-hall\/vikariat-ardning\/seelsorgestelle\/architektur\/#breadcrumb"},"inLanguage":"it-IT","potentialAction":[{"@type":"ReadAction","target":["https:\/\/stiftadmont.at\/pfarren\/pfarrgemeinschaft-frauenberg-ardning-hall\/vikariat-ardning\/seelsorgestelle\/architektur\/"]}]},{"@type":"BreadcrumbList","@id":"https:\/\/stiftadmont.at\/pfarren\/pfarrgemeinschaft-frauenberg-ardning-hall\/vikariat-ardning\/seelsorgestelle\/architektur\/#breadcrumb","itemListElement":[{"@type":"ListItem","position":1,"name":"Start","item":"https:\/\/stiftadmont.at\/"},{"@type":"ListItem","position":2,"name":"Pfarren","item":"https:\/\/stiftadmont.at\/pfarren\/"},{"@type":"ListItem","position":3,"name":"Pfarrgemeinschaft Frauenberg-Ardning-Hall","item":"https:\/\/stiftadmont.at\/pfarren\/pfarrgemeinschaft-frauenberg-ardning-hall\/"},{"@type":"ListItem","position":4,"name":"Das Vikariat Ardning","item":"https:\/\/stiftadmont.at\/pfarren\/pfarrgemeinschaft-frauenberg-ardning-hall\/vikariat-ardning\/"},{"@type":"ListItem","position":5,"name":"Das Vikariat Ardning","item":"https:\/\/stiftadmont.at\/pfarren\/pfarrgemeinschaft-frauenberg-ardning-hall\/vikariat-ardning\/seelsorgestelle\/"},{"@type":"ListItem","position":6,"name":"Architektur und Ausstattung der Johanneskirche"}]},{"@type":"WebSite","@id":"https:\/\/stiftadmont.at\/#website","url":"https:\/\/stiftadmont.at\/","name":"Abbazia di Admont","description":"Monastero benedettino e attrazione turistica nella Ges\u00e4use","potentialAction":[{"@type":"SearchAction","target":{"@type":"EntryPoint","urlTemplate":"https:\/\/stiftadmont.at\/?s={search_term_string}"},"query-input":{"@type":"PropertyValueSpecification","valueRequired":true,"valueName":"search_term_string"}}],"inLanguage":"it-IT"}]}},"_links":{"self":[{"href":"https:\/\/stiftadmont.at\/it\/wp-json\/wp\/v2\/pages\/39564","targetHints":{"allow":["GET"]}}],"collection":[{"href":"https:\/\/stiftadmont.at\/it\/wp-json\/wp\/v2\/pages"}],"about":[{"href":"https:\/\/stiftadmont.at\/it\/wp-json\/wp\/v2\/types\/page"}],"author":[{"embeddable":true,"href":"https:\/\/stiftadmont.at\/it\/wp-json\/wp\/v2\/users\/7"}],"replies":[{"embeddable":true,"href":"https:\/\/stiftadmont.at\/it\/wp-json\/wp\/v2\/comments?post=39564"}],"version-history":[{"count":6,"href":"https:\/\/stiftadmont.at\/it\/wp-json\/wp\/v2\/pages\/39564\/revisions"}],"predecessor-version":[{"id":39904,"href":"https:\/\/stiftadmont.at\/it\/wp-json\/wp\/v2\/pages\/39564\/revisions\/39904"}],"up":[{"embeddable":true,"href":"https:\/\/stiftadmont.at\/it\/wp-json\/wp\/v2\/pages\/39544"}],"wp:attachment":[{"href":"https:\/\/stiftadmont.at\/it\/wp-json\/wp\/v2\/media?parent=39564"}],"wp:term":[{"taxonomy":"category","embeddable":true,"href":"https:\/\/stiftadmont.at\/it\/wp-json\/wp\/v2\/categories?post=39564"}],"curies":[{"name":"wp","href":"https:\/\/api.w.org\/{rel}","templated":true}]}}