{"id":39926,"date":"2026-03-03T23:49:46","date_gmt":"2026-03-03T21:49:46","guid":{"rendered":"https:\/\/stiftadmont.at\/?page_id=39926"},"modified":"2026-03-04T09:09:03","modified_gmt":"2026-03-04T07:09:03","slug":"prato-dellurna","status":"publish","type":"page","link":"https:\/\/stiftadmont.at\/it\/pfarren\/pfarrgemeinschaft-frauenberg-ardning-hall\/vikariat-ardning\/urnenwiese\/","title":{"rendered":"Nuova opzione di sepoltura - prato per urne ad Ardning"},"content":{"rendered":"<section id='lightpress__section--block_a30173d5f8c92f1333aa53282943d727' class='lightpress__section--default-section-space lightpress__section lightpress__section--content'><div class=\"content__inner\"\n         x-init=\"initContentBlockAnim($el)\">\n        \n    <div class=\"content__grid content__grid--fifty-fifty\">\n                                            <div class=\"content__box content__box\"\n                 style=\"\">\n                                \n                \n                                            <div class=\"prose\"><h5 class=\"heading-m line line-above line--gold\">Nuova opzione di sepoltura - prato per urne ad Ardning<\/h5>\n<p>\u00a0<\/p>\n<p>\u00a0Il cimitero \u00e8 uno dei beni culturali pi\u00f9 importanti di ogni luogo e popolo. \u00c8 un luogo pubblico di commemorazione dei defunti. Vale ancora il detto: \u201eSe vuoi sapere quali persone vivono in un luogo, vai a vedere il cimitero!\u201c.\u201c<\/p>\n<p>\u00a0<\/p>\n<p>\u00c8 importante anche per noi, in termini di fede, che ci sia un luogo comune di ricordo per i nostri cari defunti che sia accessibile a tutti. I loro nomi, scritti nella mano di Dio, non devono essere dimenticati. Per questo motivo attribuiamo grande importanza alla commemorazione dei defunti e alla cura del cimitero e delle tombe.<\/p>\n<p>\u00a0<\/p>\n<p>Allo stesso tempo, sappiamo che dire addio ai defunti e prendersi cura delle loro tombe \u00e8 particolarmente difficile per molte persone oggi.<\/p>\n<p>\u00a0<\/p>\n<p>Oltre ai cimiteri di Ardning e Frauenberg, il prato delle urne di Ardning vuole essere un'opzione dignitosa per l\u201e\u201cultima dimora\" dei nostri defunti. Il prato delle urne \u00e8 un'area del cimitero di Ardning delimitata da una recinzione.\u00a0<\/p>\n<\/div>\n                    \n                            <\/div>\n        \n                                                    <div class=\"content__box content__box--2\"\n                     >\n                                        \n                    \n                                                    <div class=\"prose\"><p>La sepoltura delle urne nel terreno \u00e8 anonima, il che significa che non vi sar\u00e0 posta alcuna lapide o croce. Anche il prato non \u00e8 accessibile; non \u00e8 possibile deporre fiori o accendere candele direttamente sul prato. Tuttavia, c'\u00e8 un bellissimo \u201eluogo della memoria\u201c all'esterno della recinzione. Qui sono elencati i nomi di coloro che sono stati sepolti nel prato ed \u00e8 anche possibile accendere candele e deporre fiori.<\/p>\n<p>\u00a0<\/p>\n<p>La necessit\u00e0 di manutenzione delle tombe \u00e8 completamente eliminata per i parenti: se ne occupa l'amministrazione del cimitero.\u00a0<\/p>\n<p>\u00a0<\/p>\n<p>Ci sono <strong>una quota una tantum di 500 euro <\/strong>per la sepoltura in un'urna decomponibile. Dopo 10 anni, l'amministrazione del cimitero vi chieder\u00e0 se desiderate una \u201eproroga\u201c, cio\u00e8 se la targhetta deve essere rimossa o meno.<\/p>\n<p>\u00a0<\/p>\n<p>Ulteriori informazioni:<\/p>\n<p><strong> Amministrazione del cimitero di Ardning<\/strong> (nell'ufficio parrocchiale di Frauenberg): Patrizia Freydecker.<\/p>\n<p>Mar - Gio 08:30 - 11:30,<\/p>\n<p>Ven 08:30 - 10:00<\/p>\n<p>\u00a0<\/p>\n<p><a class=\"phone\" href=\"tel:+0043 3612\/7333\"><span class=\"icon-outer\"><i class=\"fa-light fa-phone\"><\/i><\/span>+43 3612\/7333<\/a>.<\/p>\n<p><a class=\"email\" href=\"mailto:pfarre.frauenberg@stiftadmont.at\"><span class=\"icon-outer\"><i class=\"fa-light fa-envelope\"><\/i><\/span>pfarre.frauenberg@stiftadmont.at<\/a><\/p>\n<p>\u00a0<\/p>\n<\/div>\n                        \n                                    <\/div>\n            \n            <\/div>\n<\/div>\n\n<\/section>","protected":false},"excerpt":{"rendered":"","protected":false},"author":7,"featured_media":39927,"parent":39535,"menu_order":0,"comment_status":"closed","ping_status":"closed","template":"","meta":{"_acf_changed":false,"footnotes":""},"categories":[],"class_list":["post-39926","page","type-page","status-publish","has-post-thumbnail","hentry"],"acf":[],"yoast_head":"<!-- This site is optimized with the Yoast SEO Premium plugin v26.0 (Yoast SEO v26.8) - https:\/\/yoast.com\/product\/yoast-seo-premium-wordpress\/ -->\n<title>Neue Bestattungsm\u00f6glichkeit \u2013 Urnenwiese in Ardning - Stift Admont<\/title>\n<meta name=\"robots\" content=\"index, follow, max-snippet:-1, max-image-preview:large, max-video-preview:-1\" \/>\n<link rel=\"canonical\" href=\"https:\/\/stiftadmont.at\/it\/parrocchie\/comunita-parrocchiale-frauenberg-sala-ardning\/vicariato-ardning\/prato-dellurna\/\" \/>\n<meta property=\"og:locale\" content=\"it_IT\" \/>\n<meta property=\"og:type\" content=\"article\" \/>\n<meta property=\"og:title\" content=\"Neue Bestattungsm\u00f6glichkeit \u2013 Urnenwiese in Ardning\" \/>\n<meta property=\"og:url\" content=\"https:\/\/stiftadmont.at\/it\/parrocchie\/comunita-parrocchiale-frauenberg-sala-ardning\/vicariato-ardning\/prato-dellurna\/\" \/>\n<meta property=\"og:site_name\" content=\"Stift Admont\" \/>\n<meta property=\"article:modified_time\" content=\"2026-03-04T07:09:03+00:00\" \/>\n<meta property=\"og:image\" content=\"https:\/\/stiftadmont.at\/wp-content\/uploads\/urnenwiese-ardning-769x1024.png\" \/>\n\t<meta property=\"og:image:width\" content=\"769\" \/>\n\t<meta property=\"og:image:height\" content=\"1024\" \/>\n\t<meta property=\"og:image:type\" content=\"image\/png\" \/>\n<meta name=\"twitter:card\" content=\"summary_large_image\" \/>\n<meta name=\"twitter:label1\" content=\"Tempo di lettura stimato\" \/>\n\t<meta name=\"twitter:data1\" content=\"1 minuto\" \/>\n<script type=\"application\/ld+json\" class=\"yoast-schema-graph\">{\"@context\":\"https:\/\/schema.org\",\"@graph\":[{\"@type\":\"WebPage\",\"@id\":\"https:\/\/stiftadmont.at\/pfarren\/pfarrgemeinschaft-frauenberg-ardning-hall\/vikariat-ardning\/urnenwiese\/\",\"url\":\"https:\/\/stiftadmont.at\/pfarren\/pfarrgemeinschaft-frauenberg-ardning-hall\/vikariat-ardning\/urnenwiese\/\",\"name\":\"Neue Bestattungsm\u00f6glichkeit \u2013 Urnenwiese in Ardning - Stift Admont\",\"isPartOf\":{\"@id\":\"https:\/\/stiftadmont.at\/#website\"},\"primaryImageOfPage\":{\"@id\":\"https:\/\/stiftadmont.at\/pfarren\/pfarrgemeinschaft-frauenberg-ardning-hall\/vikariat-ardning\/urnenwiese\/#primaryimage\"},\"image\":{\"@id\":\"https:\/\/stiftadmont.at\/pfarren\/pfarrgemeinschaft-frauenberg-ardning-hall\/vikariat-ardning\/urnenwiese\/#primaryimage\"},\"thumbnailUrl\":\"https:\/\/stiftadmont.at\/wp-content\/uploads\/urnenwiese-ardning.png\",\"datePublished\":\"2026-03-03T21:49:46+00:00\",\"dateModified\":\"2026-03-04T07:09:03+00:00\",\"breadcrumb\":{\"@id\":\"https:\/\/stiftadmont.at\/pfarren\/pfarrgemeinschaft-frauenberg-ardning-hall\/vikariat-ardning\/urnenwiese\/#breadcrumb\"},\"inLanguage\":\"it-IT\",\"potentialAction\":[{\"@type\":\"ReadAction\",\"target\":[\"https:\/\/stiftadmont.at\/pfarren\/pfarrgemeinschaft-frauenberg-ardning-hall\/vikariat-ardning\/urnenwiese\/\"]}]},{\"@type\":\"ImageObject\",\"inLanguage\":\"it-IT\",\"@id\":\"https:\/\/stiftadmont.at\/pfarren\/pfarrgemeinschaft-frauenberg-ardning-hall\/vikariat-ardning\/urnenwiese\/#primaryimage\",\"url\":\"https:\/\/stiftadmont.at\/wp-content\/uploads\/urnenwiese-ardning.png\",\"contentUrl\":\"https:\/\/stiftadmont.at\/wp-content\/uploads\/urnenwiese-ardning.png\",\"width\":1390,\"height\":1851,\"caption\":\"urnenwiese ardning\"},{\"@type\":\"BreadcrumbList\",\"@id\":\"https:\/\/stiftadmont.at\/pfarren\/pfarrgemeinschaft-frauenberg-ardning-hall\/vikariat-ardning\/urnenwiese\/#breadcrumb\",\"itemListElement\":[{\"@type\":\"ListItem\",\"position\":1,\"name\":\"Start\",\"item\":\"https:\/\/stiftadmont.at\/\"},{\"@type\":\"ListItem\",\"position\":2,\"name\":\"Pfarren\",\"item\":\"https:\/\/stiftadmont.at\/pfarren\/\"},{\"@type\":\"ListItem\",\"position\":3,\"name\":\"Pfarrgemeinschaft Frauenberg-Ardning-Hall\",\"item\":\"https:\/\/stiftadmont.at\/pfarren\/pfarrgemeinschaft-frauenberg-ardning-hall\/\"},{\"@type\":\"ListItem\",\"position\":4,\"name\":\"Das Vikariat Ardning\",\"item\":\"https:\/\/stiftadmont.at\/pfarren\/pfarrgemeinschaft-frauenberg-ardning-hall\/vikariat-ardning\/\"},{\"@type\":\"ListItem\",\"position\":5,\"name\":\"Neue Bestattungsm\u00f6glichkeit \u2013 Urnenwiese in Ardning\"}]},{\"@type\":\"WebSite\",\"@id\":\"https:\/\/stiftadmont.at\/#website\",\"url\":\"https:\/\/stiftadmont.at\/\",\"name\":\"Stift Admont\",\"description\":\"Benediktinerkloster und Sehensw\u00fcrdigkeit im Ges\u00e4use\",\"potentialAction\":[{\"@type\":\"SearchAction\",\"target\":{\"@type\":\"EntryPoint\",\"urlTemplate\":\"https:\/\/stiftadmont.at\/?s={search_term_string}\"},\"query-input\":{\"@type\":\"PropertyValueSpecification\",\"valueRequired\":true,\"valueName\":\"search_term_string\"}}],\"inLanguage\":\"it-IT\"}]}<\/script>\n<!-- \/ Yoast SEO Premium plugin. -->","yoast_head_json":{"title":"Nuova opzione di sepoltura - prato per urne ad Ardning - Abbazia di Admont","robots":{"index":"index","follow":"follow","max-snippet":"max-snippet:-1","max-image-preview":"max-image-preview:large","max-video-preview":"max-video-preview:-1"},"canonical":"https:\/\/stiftadmont.at\/it\/parrocchie\/comunita-parrocchiale-frauenberg-sala-ardning\/vicariato-ardning\/prato-dellurna\/","og_locale":"it_IT","og_type":"article","og_title":"Neue Bestattungsm\u00f6glichkeit \u2013 Urnenwiese in Ardning","og_url":"https:\/\/stiftadmont.at\/it\/parrocchie\/comunita-parrocchiale-frauenberg-sala-ardning\/vicariato-ardning\/prato-dellurna\/","og_site_name":"Stift Admont","article_modified_time":"2026-03-04T07:09:03+00:00","og_image":[{"width":769,"height":1024,"url":"https:\/\/stiftadmont.at\/wp-content\/uploads\/urnenwiese-ardning-769x1024.png","type":"image\/png"}],"twitter_card":"summary_large_image","twitter_misc":{"Tempo di lettura stimato":"1 minuto"},"schema":{"@context":"https:\/\/schema.org","@graph":[{"@type":"WebPage","@id":"https:\/\/stiftadmont.at\/pfarren\/pfarrgemeinschaft-frauenberg-ardning-hall\/vikariat-ardning\/urnenwiese\/","url":"https:\/\/stiftadmont.at\/pfarren\/pfarrgemeinschaft-frauenberg-ardning-hall\/vikariat-ardning\/urnenwiese\/","name":"Nuova opzione di sepoltura - prato per urne ad Ardning - Abbazia di Admont","isPartOf":{"@id":"https:\/\/stiftadmont.at\/#website"},"primaryImageOfPage":{"@id":"https:\/\/stiftadmont.at\/pfarren\/pfarrgemeinschaft-frauenberg-ardning-hall\/vikariat-ardning\/urnenwiese\/#primaryimage"},"image":{"@id":"https:\/\/stiftadmont.at\/pfarren\/pfarrgemeinschaft-frauenberg-ardning-hall\/vikariat-ardning\/urnenwiese\/#primaryimage"},"thumbnailUrl":"https:\/\/stiftadmont.at\/wp-content\/uploads\/urnenwiese-ardning.png","datePublished":"2026-03-03T21:49:46+00:00","dateModified":"2026-03-04T07:09:03+00:00","breadcrumb":{"@id":"https:\/\/stiftadmont.at\/pfarren\/pfarrgemeinschaft-frauenberg-ardning-hall\/vikariat-ardning\/urnenwiese\/#breadcrumb"},"inLanguage":"it-IT","potentialAction":[{"@type":"ReadAction","target":["https:\/\/stiftadmont.at\/pfarren\/pfarrgemeinschaft-frauenberg-ardning-hall\/vikariat-ardning\/urnenwiese\/"]}]},{"@type":"ImageObject","inLanguage":"it-IT","@id":"https:\/\/stiftadmont.at\/pfarren\/pfarrgemeinschaft-frauenberg-ardning-hall\/vikariat-ardning\/urnenwiese\/#primaryimage","url":"https:\/\/stiftadmont.at\/wp-content\/uploads\/urnenwiese-ardning.png","contentUrl":"https:\/\/stiftadmont.at\/wp-content\/uploads\/urnenwiese-ardning.png","width":1390,"height":1851,"caption":"urnenwiese ardning"},{"@type":"BreadcrumbList","@id":"https:\/\/stiftadmont.at\/pfarren\/pfarrgemeinschaft-frauenberg-ardning-hall\/vikariat-ardning\/urnenwiese\/#breadcrumb","itemListElement":[{"@type":"ListItem","position":1,"name":"Start","item":"https:\/\/stiftadmont.at\/"},{"@type":"ListItem","position":2,"name":"Pfarren","item":"https:\/\/stiftadmont.at\/pfarren\/"},{"@type":"ListItem","position":3,"name":"Pfarrgemeinschaft Frauenberg-Ardning-Hall","item":"https:\/\/stiftadmont.at\/pfarren\/pfarrgemeinschaft-frauenberg-ardning-hall\/"},{"@type":"ListItem","position":4,"name":"Das Vikariat Ardning","item":"https:\/\/stiftadmont.at\/pfarren\/pfarrgemeinschaft-frauenberg-ardning-hall\/vikariat-ardning\/"},{"@type":"ListItem","position":5,"name":"Neue Bestattungsm\u00f6glichkeit \u2013 Urnenwiese in Ardning"}]},{"@type":"WebSite","@id":"https:\/\/stiftadmont.at\/#website","url":"https:\/\/stiftadmont.at\/","name":"Abbazia di Admont","description":"Monastero benedettino e attrazione turistica nella Ges\u00e4use","potentialAction":[{"@type":"SearchAction","target":{"@type":"EntryPoint","urlTemplate":"https:\/\/stiftadmont.at\/?s={search_term_string}"},"query-input":{"@type":"PropertyValueSpecification","valueRequired":true,"valueName":"search_term_string"}}],"inLanguage":"it-IT"}]}},"_links":{"self":[{"href":"https:\/\/stiftadmont.at\/it\/wp-json\/wp\/v2\/pages\/39926","targetHints":{"allow":["GET"]}}],"collection":[{"href":"https:\/\/stiftadmont.at\/it\/wp-json\/wp\/v2\/pages"}],"about":[{"href":"https:\/\/stiftadmont.at\/it\/wp-json\/wp\/v2\/types\/page"}],"author":[{"embeddable":true,"href":"https:\/\/stiftadmont.at\/it\/wp-json\/wp\/v2\/users\/7"}],"replies":[{"embeddable":true,"href":"https:\/\/stiftadmont.at\/it\/wp-json\/wp\/v2\/comments?post=39926"}],"version-history":[{"count":5,"href":"https:\/\/stiftadmont.at\/it\/wp-json\/wp\/v2\/pages\/39926\/revisions"}],"predecessor-version":[{"id":39936,"href":"https:\/\/stiftadmont.at\/it\/wp-json\/wp\/v2\/pages\/39926\/revisions\/39936"}],"up":[{"embeddable":true,"href":"https:\/\/stiftadmont.at\/it\/wp-json\/wp\/v2\/pages\/39535"}],"wp:featuredmedia":[{"embeddable":true,"href":"https:\/\/stiftadmont.at\/it\/wp-json\/wp\/v2\/media\/39927"}],"wp:attachment":[{"href":"https:\/\/stiftadmont.at\/it\/wp-json\/wp\/v2\/media?parent=39926"}],"wp:term":[{"taxonomy":"category","embeddable":true,"href":"https:\/\/stiftadmont.at\/it\/wp-json\/wp\/v2\/categories?post=39926"}],"curies":[{"name":"wp","href":"https:\/\/api.w.org\/{rel}","templated":true}]}}