{"id":469,"date":"2021-07-15T14:16:36","date_gmt":"2021-07-15T12:16:36","guid":{"rendered":"https:\/\/stiftadmont.at\/?page_id=469"},"modified":"2026-03-06T09:41:58","modified_gmt":"2026-03-06T07:41:58","slug":"negozio-del-monastero-admont","status":"publish","type":"page","link":"https:\/\/stiftadmont.at\/it\/klosterladen-stift-admont\/","title":{"rendered":"Negozio dell'Abbazia di Admont"},"content":{"rendered":"<section id='lightpress__section--block_e6fdb802769a68e2a580535b1b609336' class='align-center lightpress__section--default-section-space lightpress__section lightpress__section--headline'><div class=\"headline__container\">\n            <h2 class=\"headline text--40 text-medium line line--gold line-above line-middle\">Godimento artistico e specialit\u00e0 regionali<\/h2>\n        <p class=\"text-center text-gold text--20 text-medium text--uppercase\">Letteratura, souvenir, vini DVERI PAX con possibilit\u00e0 di degustazione, specialit\u00e0 regionali e molto altro sono disponibili nel negozio del monastero.<\/p>\n        <div class=\"spacer--40\"><\/div>\n<\/div>\n\n<\/section>\n\n<section id='lightpress__section--block_a1c32d312b997d3cd07ff92b328ac9a9' class='bg--beige lightpress__section--colored-bg lightpress__section--default-section-space lightpress__section lightpress__section--content'><div class=\"content__inner\"\n         x-init=\"initContentBlockAnim($el)\">\n        \n    <div class=\"content__grid content__grid--fifty-fifty\">\n                                            <div class=\"content__box content__box\"\n                 style=\"\">\n                                \n                \n                                            <div class=\"prose\"><p>Il <strong>Negozio del monastero dell'Abbazia benedettina di Admont<\/strong> \u00e8 molto pi\u00f9 di un classico negozio di souvenir: \u00e8 un luogo di scoperta, divertimento e ispirazione. Con grande attenzione ai dettagli, offre una selezione esclusiva di prodotti di alta qualit\u00e0 della regione, sapientemente disposti e con un carattere speciale.<\/p>\n<p>Il cuore dell'assortimento \u00e8 la linea di prodotti interni \"Made for Admont\", che stupisce con specialit\u00e0 selezionate a mano: da vini squisiti e liquori pregiati a cioccolatini artigianali, dolci, sciroppi e sale al vino rosso.<\/p>\n<p>\u00a0<\/p>\n<p><span style=\"text-decoration: underline;\"><strong>I punti di forza del negozio del monastero:<\/strong><\/span><\/p>\n<p>\u00a0<\/p>\n<p>-<span style=\"white-space: pre;\"> <\/span>Vini DVERI PAX dal vigneto del monastero in Slovenia - degustazione possibile in negozio<\/p>\n<p>-<span style=\"white-space: pre;\"> <\/span>Un'ampia gamma di articoli devozionali: rosari, croci, angeli custodi, ciondoli e molto altro.<\/p>\n<p>-<span style=\"white-space: pre;\"> <\/span>Letteratura selezionata su temi quali la fede, la famiglia, la cucina e le pubblicazioni del monastero.<\/p>\n<p>-<span style=\"white-space: pre;\"> <\/span>Regali personalizzati per occasioni speciali come battesimi, prime comunioni o cresime<\/p>\n<p>-<span style=\"white-space: pre;\"> <\/span>Cartoline e biglietti con un tocco spirituale e artistico<\/p>\n<p>-<span style=\"white-space: pre;\"> <\/span>Cesti regalo - confezionati con amore, personalizzati su richiesta<\/p>\n<p>\u00a0<\/p>\n<p>Venite a trovarci e lasciatevi ispirare.<\/p>\n<p>Il negozio del monastero \u00e8 liberamente accessibile e pu\u00f2 essere visitato senza biglietto del museo.<\/p>\n<p>\u00a0<\/p>\n<p><strong>Non vediamo l'ora di vedervi!<\/strong><\/p>\n<\/div>\n                    \n                            <\/div>\n        \n                                                    <div class=\"content__box content__box--2\"\n                     >\n                                        \n                                            \n                                                    <a href=\"https:\/\/stiftadmont.at\/wp-content\/uploads\/Klosterladen.mp4\" class=\"content__video content__media\"\n                               x-data\n x-init=\"initContentLightBox('#lightpress__section--block_a1c32d312b997d3cd07ff92b328ac9a9 .content__video')\">\n                                                                                                                                <picture class=\"content__image\">\n                                    <source srcset=\"https:\/\/stiftadmont.at\/wp-content\/uploads\/klosterladen5-1024x682.webp\" type=\"image\/webp\">\n                                    <source srcset=\"https:\/\/stiftadmont.at\/wp-content\/uploads\/klosterladen5-1024x682.jpg\" type=\"image\/jpeg\">\n                                    <img decoding=\"async\" class=\"content__image\" loading=\"lazy\" src=\"https:\/\/stiftadmont.at\/wp-content\/uploads\/klosterladen5-1024x682.png\" alt=\"negozio del monastero\" width=\"600\" height=\"450\" \/>\n                                <\/picture>\n\n                                <span class=\"overlay-dark\"><\/span>\n                                <span class=\"content-overlay\"><\/span>\n                                <div class=\"content__plaque\">\n                                    <div class=\"content__plaque-inner\">\n                                        <span><i class=\"fas fa-play content__icon\"><\/i><\/span>\n                                        <p class=\"paragraph-m\">Gioco<\/p>\n                                    <\/div>\n                                <\/div>\n                            <\/a>\n                        \n                                    <\/div>\n            \n            <\/div>\n<\/div>\n\n    <div class=\"background__container background__container--beige\">\n    <\/div>\n\n<\/section>\n\n<section id='lightpress__section--block_06ce95a907df41efe82d3881cc291933' class='lightpress__section--more-links--950 lightpress__section--full-width lightpress__section--default-section-space lightpress__section lightpress__section--more-links'><div class=\"more\" x-init=\"initMoreLinksBlockAnim($el)\">\n            <style>\n            #lightpress__section--block_06ce95a907df41efe82d3881cc291933 .more {\n                --entry-width: calc(100% \/ 4 - var(--grid-gap) * 4);\n                grid-template-columns: repeat(auto-fit, minmax(max(var(--entry-width),50rem), 1fr));\n            }\n        <\/style>\n    \n                    <a class=\"more__link\" href=\"https:\/\/stiftadmont.at\/it\/negozio-del-monastero-admont\/persone-di-contatto\/\">\n            <div class=\"more__media\">\n                                    <picture class=\"more__image\">\n                        <source srcset=\"https:\/\/stiftadmont.at\/wp-content\/uploads\/Stift-Admont-Loberauer-Silvana_c-Thomas-Sattler_www-1024x683.webp\" type=\"image\/webp\">\n                        <source srcset=\"https:\/\/stiftadmont.at\/wp-content\/uploads\/Stift-Admont-Loberauer-Silvana_c-Thomas-Sattler_www-1024x683.jpg\" type=\"image\/jpeg\">\n                        <img decoding=\"async\" loading=\"lazy\" src=\"https:\/\/stiftadmont.at\/wp-content\/uploads\/Stift-Admont-Loberauer-Silvana_c-Thomas-Sattler_www-1024x683.jpg\" alt=\"Abbazia di Admont Loberauer Silvana c Thomas Sattler www\" \/>\n                    <\/picture>\n                            <\/div>\n            <div class=\"more__content\">\n                <div class=\"more__title--container\">\n                                            \n                                                                            \n                        <p class=\"text-bold text-white text--serif text--26\">Persone di contatto<\/p>\n                                                            <\/div>\n                                    <div class=\"more__cta\">\n                        <i class=\"fa-thin fa-chevron-right\"><\/i>\n                    <\/div>\n                            <\/div>\n        <\/a>\n                    <a class=\"more__link\" href=\"https:\/\/stiftadmont.at\/it\/orari-di-apertura\/\">\n            <div class=\"more__media\">\n                                    <picture class=\"more__image\">\n                        <source srcset=\"https:\/\/stiftadmont.at\/wp-content\/uploads\/Klosterladen4-1024x672.webp\" type=\"image\/webp\">\n                        <source srcset=\"https:\/\/stiftadmont.at\/wp-content\/uploads\/Klosterladen4-1024x672.jpg\" type=\"image\/jpeg\">\n                        <img decoding=\"async\" loading=\"lazy\" src=\"https:\/\/stiftadmont.at\/wp-content\/uploads\/Klosterladen4-1024x672.png\" alt=\"Negozio del monastero\" \/>\n                    <\/picture>\n                            <\/div>\n            <div class=\"more__content\">\n                <div class=\"more__title--container\">\n                                            \n                                                                            \n                        <p class=\"text-bold text-white text--serif text--26\">Orari di apertura del negozio del monastero<\/p>\n                                                            <\/div>\n                                    <div class=\"more__cta\">\n                        <i class=\"fa-thin fa-chevron-right\"><\/i>\n                    <\/div>\n                            <\/div>\n        <\/a>\n                    <a class=\"more__link\" href=\"https:\/\/stiftadmont.at\/it\/negozio-del-monastero-admont\/vini-e-cesti-regalo\/\">\n            <div class=\"more__media\">\n                                    <picture class=\"more__image\">\n                        <source srcset=\"https:\/\/stiftadmont.at\/wp-content\/uploads\/Geschenkskorb_\u00a9Thomas-Sattler_www-1024x683.webp\" type=\"image\/webp\">\n                        <source srcset=\"https:\/\/stiftadmont.at\/wp-content\/uploads\/Geschenkskorb_\u00a9Thomas-Sattler_www-1024x683.jpg\" type=\"image\/jpeg\">\n                        <img decoding=\"async\" loading=\"lazy\" src=\"https:\/\/stiftadmont.at\/wp-content\/uploads\/Geschenkskorb_\u00a9Thomas-Sattler_www-1024x683.jpg\" alt=\"Cesto regalo \u00a9Thomas Sattler www\" \/>\n                    <\/picture>\n                            <\/div>\n            <div class=\"more__content\">\n                <div class=\"more__title--container\">\n                                            \n                                                                            \n                        <p class=\"text-bold text-white text--serif text--26\">Vini pregiati e cesti regalo<\/p>\n                                                            <\/div>\n                                    <div class=\"more__cta\">\n                        <i class=\"fa-thin fa-chevron-right\"><\/i>\n                    <\/div>\n                            <\/div>\n        <\/a>\n                    <a class=\"more__link\" href=\"https:\/\/stiftadmont.at\/it\/negozio-del-monastero-admont\/libro-per-bambini\/\">\n            <div class=\"more__media\">\n                                    <picture class=\"more__image\">\n                        <source srcset=\"https:\/\/stiftadmont.at\/wp-content\/uploads\/Kinder_Museum_c-Thomas-Sattler-58_www-1024x683.webp\" type=\"image\/webp\">\n                        <source srcset=\"https:\/\/stiftadmont.at\/wp-content\/uploads\/Kinder_Museum_c-Thomas-Sattler-58_www-1024x683.jpg\" type=\"image\/jpeg\">\n                        <img decoding=\"async\" loading=\"lazy\" src=\"https:\/\/stiftadmont.at\/wp-content\/uploads\/Kinder_Museum_c-Thomas-Sattler-58_www-1024x683.jpg\" alt=\"Museo dei bambini c Thomas Sattler 58 www\" \/>\n                    <\/picture>\n                            <\/div>\n            <div class=\"more__content\">\n                <div class=\"more__title--container\">\n                                            \n                                                                            \n                        <p class=\"text-bold text-white text--serif text--26\">Il primo libro per bambini Admont Abbey<\/p>\n                                                            <\/div>\n                                    <div class=\"more__cta\">\n                        <i class=\"fa-thin fa-chevron-right\"><\/i>\n                    <\/div>\n                            <\/div>\n        <\/a>\n    \n<\/div>\n\n<\/section>","protected":false},"excerpt":{"rendered":"","protected":false},"author":3,"featured_media":7355,"parent":0,"menu_order":122,"comment_status":"closed","ping_status":"closed","template":"","meta":{"_acf_changed":false,"footnotes":""},"categories":[],"class_list":["post-469","page","type-page","status-publish","has-post-thumbnail","hentry"],"acf":[],"yoast_head":"<!-- This site is optimized with the Yoast SEO Premium plugin v26.0 (Yoast SEO v26.8) - https:\/\/yoast.com\/product\/yoast-seo-premium-wordpress\/ -->\n<title>Klosterladen Stift Admont - Stift Admont<\/title>\n<meta name=\"description\" content=\"Kunstnaher Genuss und regionale Vielfalt! Literatur, Souvenirs, DVERI PAX Weine, regionale Spezialit\u00e4ten und vieles mehr sind im Klosterladen erh\u00e4ltlich.\" \/>\n<meta name=\"robots\" content=\"index, follow, max-snippet:-1, max-image-preview:large, max-video-preview:-1\" \/>\n<link rel=\"canonical\" href=\"https:\/\/stiftadmont.at\/it\/negozio-del-monastero-admont\/\" \/>\n<meta property=\"og:locale\" content=\"it_IT\" \/>\n<meta property=\"og:type\" content=\"article\" \/>\n<meta property=\"og:title\" content=\"Klosterladen Stift Admont\" \/>\n<meta property=\"og:description\" content=\"Kunstnaher Genuss und regionale Vielfalt! Literatur, Souvenirs, DVERI PAX Weine, regionale Spezialit\u00e4ten und vieles mehr sind im Klosterladen erh\u00e4ltlich.\" \/>\n<meta property=\"og:url\" content=\"https:\/\/stiftadmont.at\/it\/negozio-del-monastero-admont\/\" \/>\n<meta property=\"og:site_name\" content=\"Stift Admont\" \/>\n<meta property=\"article:modified_time\" content=\"2026-03-06T07:41:58+00:00\" \/>\n<meta property=\"og:image\" content=\"https:\/\/stiftadmont.at\/wp-content\/uploads\/Museumsshop_\u00a9Thomas-Sattler-4-e1648801069784.jpg\" \/>\n\t<meta property=\"og:image:width\" content=\"2048\" \/>\n\t<meta property=\"og:image:height\" content=\"1365\" \/>\n\t<meta property=\"og:image:type\" content=\"image\/jpeg\" \/>\n<meta name=\"twitter:card\" content=\"summary_large_image\" \/>\n<meta name=\"twitter:label1\" content=\"Tempo di lettura stimato\" \/>\n\t<meta name=\"twitter:data1\" content=\"1 minuto\" \/>\n<script type=\"application\/ld+json\" class=\"yoast-schema-graph\">{\"@context\":\"https:\/\/schema.org\",\"@graph\":[{\"@type\":\"WebPage\",\"@id\":\"https:\/\/stiftadmont.at\/klosterladen-stift-admont\/\",\"url\":\"https:\/\/stiftadmont.at\/klosterladen-stift-admont\/\",\"name\":\"Klosterladen Stift Admont - Stift Admont\",\"isPartOf\":{\"@id\":\"https:\/\/stiftadmont.at\/#website\"},\"primaryImageOfPage\":{\"@id\":\"https:\/\/stiftadmont.at\/klosterladen-stift-admont\/#primaryimage\"},\"image\":{\"@id\":\"https:\/\/stiftadmont.at\/klosterladen-stift-admont\/#primaryimage\"},\"thumbnailUrl\":\"https:\/\/stiftadmont.at\/wp-content\/uploads\/Museumsshop_\u00a9Thomas-Sattler-4-e1648801069784.jpg\",\"datePublished\":\"2021-07-15T12:16:36+00:00\",\"dateModified\":\"2026-03-06T07:41:58+00:00\",\"description\":\"Kunstnaher Genuss und regionale Vielfalt! Literatur, Souvenirs, DVERI PAX Weine, regionale Spezialit\u00e4ten und vieles mehr sind im Klosterladen erh\u00e4ltlich.\",\"breadcrumb\":{\"@id\":\"https:\/\/stiftadmont.at\/klosterladen-stift-admont\/#breadcrumb\"},\"inLanguage\":\"it-IT\",\"potentialAction\":[{\"@type\":\"ReadAction\",\"target\":[\"https:\/\/stiftadmont.at\/klosterladen-stift-admont\/\"]}]},{\"@type\":\"ImageObject\",\"inLanguage\":\"it-IT\",\"@id\":\"https:\/\/stiftadmont.at\/klosterladen-stift-admont\/#primaryimage\",\"url\":\"https:\/\/stiftadmont.at\/wp-content\/uploads\/Museumsshop_\u00a9Thomas-Sattler-4-e1648801069784.jpg\",\"contentUrl\":\"https:\/\/stiftadmont.at\/wp-content\/uploads\/Museumsshop_\u00a9Thomas-Sattler-4-e1648801069784.jpg\",\"width\":2048,\"height\":1365,\"caption\":\"Museumsshop \u00a9Thomas Sattler 4 e1648801069784\"},{\"@type\":\"BreadcrumbList\",\"@id\":\"https:\/\/stiftadmont.at\/klosterladen-stift-admont\/#breadcrumb\",\"itemListElement\":[{\"@type\":\"ListItem\",\"position\":1,\"name\":\"Start\",\"item\":\"https:\/\/stiftadmont.at\/\"},{\"@type\":\"ListItem\",\"position\":2,\"name\":\"Klosterladen Stift Admont\"}]},{\"@type\":\"WebSite\",\"@id\":\"https:\/\/stiftadmont.at\/#website\",\"url\":\"https:\/\/stiftadmont.at\/\",\"name\":\"Stift Admont\",\"description\":\"Benediktinerkloster und Sehensw\u00fcrdigkeit im Ges\u00e4use\",\"potentialAction\":[{\"@type\":\"SearchAction\",\"target\":{\"@type\":\"EntryPoint\",\"urlTemplate\":\"https:\/\/stiftadmont.at\/?s={search_term_string}\"},\"query-input\":{\"@type\":\"PropertyValueSpecification\",\"valueRequired\":true,\"valueName\":\"search_term_string\"}}],\"inLanguage\":\"it-IT\"}]}<\/script>\n<!-- \/ Yoast SEO Premium plugin. -->","yoast_head_json":{"title":"Negozio dell'Abbazia di Admont - Abbazia di Admont","description":"Piacere artistico e diversit\u00e0 regionale! Letteratura, souvenir, vini DVERI PAX, specialit\u00e0 regionali e molto altro sono disponibili nel negozio del monastero.","robots":{"index":"index","follow":"follow","max-snippet":"max-snippet:-1","max-image-preview":"max-image-preview:large","max-video-preview":"max-video-preview:-1"},"canonical":"https:\/\/stiftadmont.at\/it\/negozio-del-monastero-admont\/","og_locale":"it_IT","og_type":"article","og_title":"Klosterladen Stift Admont","og_description":"Kunstnaher Genuss und regionale Vielfalt! Literatur, Souvenirs, DVERI PAX Weine, regionale Spezialit\u00e4ten und vieles mehr sind im Klosterladen erh\u00e4ltlich.","og_url":"https:\/\/stiftadmont.at\/it\/negozio-del-monastero-admont\/","og_site_name":"Stift Admont","article_modified_time":"2026-03-06T07:41:58+00:00","og_image":[{"width":2048,"height":1365,"url":"https:\/\/stiftadmont.at\/wp-content\/uploads\/Museumsshop_\u00a9Thomas-Sattler-4-e1648801069784.jpg","type":"image\/jpeg"}],"twitter_card":"summary_large_image","twitter_misc":{"Tempo di lettura stimato":"1 minuto"},"schema":{"@context":"https:\/\/schema.org","@graph":[{"@type":"WebPage","@id":"https:\/\/stiftadmont.at\/klosterladen-stift-admont\/","url":"https:\/\/stiftadmont.at\/klosterladen-stift-admont\/","name":"Negozio dell'Abbazia di Admont - Abbazia di Admont","isPartOf":{"@id":"https:\/\/stiftadmont.at\/#website"},"primaryImageOfPage":{"@id":"https:\/\/stiftadmont.at\/klosterladen-stift-admont\/#primaryimage"},"image":{"@id":"https:\/\/stiftadmont.at\/klosterladen-stift-admont\/#primaryimage"},"thumbnailUrl":"https:\/\/stiftadmont.at\/wp-content\/uploads\/Museumsshop_\u00a9Thomas-Sattler-4-e1648801069784.jpg","datePublished":"2021-07-15T12:16:36+00:00","dateModified":"2026-03-06T07:41:58+00:00","description":"Piacere artistico e diversit\u00e0 regionale! Letteratura, souvenir, vini DVERI PAX, specialit\u00e0 regionali e molto altro sono disponibili nel negozio del monastero.","breadcrumb":{"@id":"https:\/\/stiftadmont.at\/klosterladen-stift-admont\/#breadcrumb"},"inLanguage":"it-IT","potentialAction":[{"@type":"ReadAction","target":["https:\/\/stiftadmont.at\/klosterladen-stift-admont\/"]}]},{"@type":"ImageObject","inLanguage":"it-IT","@id":"https:\/\/stiftadmont.at\/klosterladen-stift-admont\/#primaryimage","url":"https:\/\/stiftadmont.at\/wp-content\/uploads\/Museumsshop_\u00a9Thomas-Sattler-4-e1648801069784.jpg","contentUrl":"https:\/\/stiftadmont.at\/wp-content\/uploads\/Museumsshop_\u00a9Thomas-Sattler-4-e1648801069784.jpg","width":2048,"height":1365,"caption":"Museumsshop \u00a9Thomas Sattler 4 e1648801069784"},{"@type":"BreadcrumbList","@id":"https:\/\/stiftadmont.at\/klosterladen-stift-admont\/#breadcrumb","itemListElement":[{"@type":"ListItem","position":1,"name":"Start","item":"https:\/\/stiftadmont.at\/"},{"@type":"ListItem","position":2,"name":"Klosterladen Stift Admont"}]},{"@type":"WebSite","@id":"https:\/\/stiftadmont.at\/#website","url":"https:\/\/stiftadmont.at\/","name":"Abbazia di Admont","description":"Monastero benedettino e attrazione turistica nella Ges\u00e4use","potentialAction":[{"@type":"SearchAction","target":{"@type":"EntryPoint","urlTemplate":"https:\/\/stiftadmont.at\/?s={search_term_string}"},"query-input":{"@type":"PropertyValueSpecification","valueRequired":true,"valueName":"search_term_string"}}],"inLanguage":"it-IT"}]}},"_links":{"self":[{"href":"https:\/\/stiftadmont.at\/it\/wp-json\/wp\/v2\/pages\/469","targetHints":{"allow":["GET"]}}],"collection":[{"href":"https:\/\/stiftadmont.at\/it\/wp-json\/wp\/v2\/pages"}],"about":[{"href":"https:\/\/stiftadmont.at\/it\/wp-json\/wp\/v2\/types\/page"}],"author":[{"embeddable":true,"href":"https:\/\/stiftadmont.at\/it\/wp-json\/wp\/v2\/users\/3"}],"replies":[{"embeddable":true,"href":"https:\/\/stiftadmont.at\/it\/wp-json\/wp\/v2\/comments?post=469"}],"version-history":[{"count":570,"href":"https:\/\/stiftadmont.at\/it\/wp-json\/wp\/v2\/pages\/469\/revisions"}],"predecessor-version":[{"id":40009,"href":"https:\/\/stiftadmont.at\/it\/wp-json\/wp\/v2\/pages\/469\/revisions\/40009"}],"wp:featuredmedia":[{"embeddable":true,"href":"https:\/\/stiftadmont.at\/it\/wp-json\/wp\/v2\/media\/7355"}],"wp:attachment":[{"href":"https:\/\/stiftadmont.at\/it\/wp-json\/wp\/v2\/media?parent=469"}],"wp:term":[{"taxonomy":"category","embeddable":true,"href":"https:\/\/stiftadmont.at\/it\/wp-json\/wp\/v2\/categories?post=469"}],"curies":[{"name":"wp","href":"https:\/\/api.w.org\/{rel}","templated":true}]}}