{"id":509,"date":"2021-07-15T14:26:47","date_gmt":"2021-07-15T12:26:47","guid":{"rendered":"https:\/\/stiftadmont.at\/?page_id=509"},"modified":"2026-02-23T18:04:45","modified_gmt":"2026-02-23T16:04:45","slug":"stia-immo-gmbh","status":"publish","type":"page","link":"https:\/\/stiftadmont.at\/it\/stia-immo-gmbh\/","title":{"rendered":"STIA Immo GmbH"},"content":{"rendered":"<section id='lightpress__section--block_031bc673a993270bd8b1305be24de04c' class='align-center lightpress__section--default-section-space lightpress__section lightpress__section--headline'><div class=\"headline__container\">\n            <h2 class=\"headline text--40 text-medium line line--gold line-above line-middle\">STIA Immo GmbH<\/h2>\n        <p class=\"text-center text-gold text--20 text-medium text--uppercase\"> Immobilienkompetenz mit Weitblick und Tradition<\/p>\n        <div class=\"spacer--40\"><\/div>\n<\/div>\n\n<\/section>\n\n<section id='lightpress__section--block_3146f2ad3c90ead446ada6c474c50ad9' class='lightpress__section--default-section-space lightpress__section lightpress__section--content'><div class=\"content__inner\"\n         x-init=\"initContentBlockAnim($el)\">\n        \n    <div class=\"content__grid content__grid--fifty-fifty\">\n                                            <div class=\"content__box content__box\"\n                 style=\"\">\n                                \n                \n                                        <div class=\"content__media stickyTo\" x-init=\"imageSticky($el)\">\n\n                                                                                                <picture\n                                class=\"content__image sticky\">\n                            <source srcset=\"https:\/\/stiftadmont.at\/wp-content\/uploads\/Stia_Immo_\u00a9Thomas-Sattler-e1634723358650-1024x683.jpg\"\n                                    type=\"image\/webp\">\n                            <source srcset=\"https:\/\/stiftadmont.at\/wp-content\/uploads\/Stia_Immo_\u00a9Thomas-Sattler-e1634723358650-1024x683.jpg\"\n                                    type=\"image\/jpeg\">\n                            <img decoding=\"async\" loading=\"lazy\" src=\"https:\/\/stiftadmont.at\/wp-content\/uploads\/Stia_Immo_\u00a9Thomas-Sattler-e1634723358650-1024x683.jpg\" alt=\"Stia Immo \u00a9Thomas Sattler e1634723358650\" width=\"600\" height=\"450\" \/>\n                                                                                                            <\/picture>\n\n                    <\/div>\n\n                            <\/div>\n        \n                                                    <div class=\"content__box content__box--2\"\n                     >\n                                        \n                    \n                                                    <div class=\"prose\"><p data-start=\"70\" data-end=\"362\">Die STIA Immo GmbH ist ein Unternehmen des Benediktinerstiftes Admont und verbindet jahrhundertealte Erfahrung im Umgang mit Immobilien mit modernem Know-how. <strong>Unser Anspruch: Ihre Immobilie in besten H\u00e4nden \u2013 professionell betreut, nachhaltig bewirtschaftet und langfristig im Wert gesichert.<\/strong><\/p>\n<p data-start=\"70\" data-end=\"362\">\u00a0<\/p>\n<p data-start=\"70\" data-end=\"362\">Als verl\u00e4sslicher Partner f\u00fcr Eigent\u00fcmer und Mieter k\u00fcmmern wir uns um alle Phasen im Lebenszyklus einer Immobilie \u2013 von der Entwicklung \u00fcber die Verwaltung bis hin zur werterhaltenden Betreuung. <strong>Unsere Mission ist klar: h\u00f6chste Wohn- und Lebensqualit\u00e4t, kombiniert mit wirtschaftlicher Effizienz.<\/strong><\/p>\n<p data-start=\"364\" data-end=\"661\">\u00a0<\/p>\n<p data-start=\"663\" data-end=\"701\"><strong data-start=\"663\" data-end=\"701\">Unsere Leistungen auf einen Blick:<\/strong><\/p>\n<p data-start=\"663\" data-end=\"701\">\u00a0<\/p>\n<ul data-start=\"703\" data-end=\"1043\">\n<li data-start=\"703\" data-end=\"775\">\n<p data-start=\"705\" data-end=\"775\">Ganzheitliche Immobilienbetreuung mit Erfahrung und Innovationsgeist<\/p>\n<\/li>\n<li data-start=\"776\" data-end=\"905\">\n<p data-start=\"778\" data-end=\"905\">Breites Portfolio an hochwertigen Wohnimmobilien in Graz, Wien, Klagenfurt, Admont, Bruck\/Mur, Judenburg und weiteren St\u00e4dten<\/p>\n<\/li>\n<li data-start=\"906\" data-end=\"972\">\n<p data-start=\"908\" data-end=\"972\">Pers\u00f6nliche Betreuung \u00fcber unsere Standorte in Admont und Graz<\/p>\n<\/li>\n<li data-start=\"973\" data-end=\"1043\">\n<p data-start=\"975\" data-end=\"1043\">Ma\u00dfgeschneiderte L\u00f6sungen zur Werterhaltung und Ertragsoptimierung<\/p>\n<\/li>\n<\/ul>\n<p data-start=\"1045\" data-end=\"1093\" data-is-last-node=\"\" data-is-only-node=\"\">\u00a0<\/p>\n<p data-start=\"1045\" data-end=\"1093\" data-is-last-node=\"\" data-is-only-node=\"\"><strong data-start=\"1045\" data-end=\"1093\" data-is-last-node=\"\">STIA Immo \u2013 wo Tradition auf Zukunft trifft.<\/strong><\/p>\n<\/div>\n                        \n                                    <\/div>\n            \n            <\/div>\n<\/div>\n\n<\/section>\n\n<section id='lightpress__section--block_4d37f4f1085a9682a331b6ede59009b1' class='bg--beige lightpress__section--colored-bg lightpress__section--default-section-space lightpress__section lightpress__section--content'><div class=\"content__inner\"\n         x-init=\"initContentBlockAnim($el)\">\n        \n    <div class=\"content__grid content__grid--fifty-fifty\">\n                                            <div class=\"content__box content__box\"\n                 style=\"\">\n                                \n                \n                                            <div class=\"prose\"><h5 class=\"heading-m line line-above line--gold\">Kontakt Standort Admont<\/h5>\n<p>\u00a0<\/p>\n<p class=\"paragraph-m\">STIA Immo GmbH<br \/>Kirchplatz 1<br \/>8911 Admont<\/p>\n<p>\u00a0<\/p>\n<p><a class=\"phone\" href=\"tel:+4336132312800\"><span class=\"icon-outer\"><i class=\"fa-light fa-phone\"><\/i><\/span>+43 (0) 3613\/2312-800<\/a><\/p>\n<p><a class=\"email\" href=\"mailto:admont@stiaimmo.at\"><span class=\"icon-outer\"><i class=\"fa-light fa-envelope\"><\/i><\/span>admont@stiaimmo.at<\/a><\/p>\n<p>\u00a0<\/p>\n<p>\u00a0<\/p>\n<p>\u00a0<\/p>\n<h5 class=\"heading-m line line-above line--gold\">Kontakt Standort Graz<\/h5>\n<p>\u00a0<\/p>\n<p>Bischofplatz 1<\/p>\n<p>8010 Graz<\/p>\n<p>\u00a0<\/p>\n<p><a class=\"phone\" href=\"tel:+43 (0)316 225526 0\"><span class=\"icon-outer\"><i class=\"fa-light fa-phone\"><\/i><\/span>+43 (0)316 225526 0<\/a><\/p>\n<p><a class=\"email\" href=\"mailto:office@stiaimmo.at\"><span class=\"icon-outer\"><i class=\"fa-light fa-envelope\"><\/i><\/span>office@stiaimmo.at<\/a><\/p>\n<p>\u00a0<\/p>\n<p><a class=\"admont-button admont-button--secondary\" href=\"https:\/\/stiaimmo.at\/\" target=\"_blank\" rel=\"noopener\">STIA IMMO WEBSITE<\/a><\/p>\n<p>\u00a0<\/p>\n<\/div>\n                    \n                            <\/div>\n        \n                                                    <div class=\"content__box content__box--2\"\n                     >\n                                        \n                    \n                                                <div class=\"content__media stickyTo\" x-init=\"imageSticky($el)\">\n\n                                                                                    <picture\n                                    class=\"content__image sticky\">\n                                <source srcset=\"https:\/\/stiftadmont.at\/wp-content\/uploads\/Stia_Immo_\u00a9Thomas-Sattler-4-e1634722942586-1024x683.webp\" type=\"image\/webp\">\n                                <source srcset=\"https:\/\/stiftadmont.at\/wp-content\/uploads\/Stia_Immo_\u00a9Thomas-Sattler-4-e1634722942586-1024x683.jpg\" type=\"image\/jpeg\">\n                                <img decoding=\"async\" class=\"sticky\" loading=\"lazy\" src=\"https:\/\/stiftadmont.at\/wp-content\/uploads\/Stia_Immo_\u00a9Thomas-Sattler-4-e1634722942586-1024x683.jpg\" alt=\"Stia Immo \u00a9Thomas Sattler 4 e1634722942586\" \/>\n\n                                                                                                                            <\/picture>\n\n                        <\/div>\n\n                                    <\/div>\n            \n            <\/div>\n<\/div>\n\n    <div class=\"background__container background__container--beige\">\n    <\/div>\n\n<\/section>\n\n<section id='lightpress__section--block_a127d83eee03bde6ea2b3954c6b48291' class='lightpress__section--default-section-space lightpress__section lightpress__section--image-slider'>\n<div class=\"image-slider\"\n     x-data=\"{ gallery: null, shown: false }\"\n     x-init=\"gallery = initSliderGallery([{&quot;href&quot;:&quot;https:\\\/\\\/stiftadmont.at\\\/wp-content\\\/uploads\\\/Stia_Immo_\\u00a9Thomas-Sattler-12-1920x1280.jpg&quot;,&quot;type&quot;:&quot;image&quot;},{&quot;href&quot;:&quot;https:\\\/\\\/stiftadmont.at\\\/wp-content\\\/uploads\\\/Stia_Immo_\\u00a9Thomas-Sattler-11-e1634722782300-1920x1280.jpg&quot;,&quot;type&quot;:&quot;image&quot;},{&quot;href&quot;:&quot;https:\\\/\\\/stiftadmont.at\\\/wp-content\\\/uploads\\\/Stia_Immo_\\u00a9Thomas-Sattler-8-e1634722808320-1920x1280.jpg&quot;,&quot;type&quot;:&quot;image&quot;},{&quot;href&quot;:&quot;https:\\\/\\\/stiftadmont.at\\\/wp-content\\\/uploads\\\/Stia_Immo_\\u00a9Thomas-Sattler-7-e1634722834443-1920x1280.jpg&quot;,&quot;type&quot;:&quot;image&quot;},{&quot;href&quot;:&quot;https:\\\/\\\/stiftadmont.at\\\/wp-content\\\/uploads\\\/Stia_Immo_\\u00a9Thomas-Sattler-6-e1634722896547-1920x1280.jpg&quot;,&quot;type&quot;:&quot;image&quot;},{&quot;href&quot;:&quot;https:\\\/\\\/stiftadmont.at\\\/wp-content\\\/uploads\\\/Stia_Immo_\\u00a9Thomas-Sattler-4-e1634722942586-1920x1280.jpg&quot;,&quot;type&quot;:&quot;image&quot;}]); initImageSliderBlockAnim($el);\">\n    <div class=\"image-slider__inner\">\n\n        <div class=\"swiper-container\" x-init=\"initImageSliderBlock($el, $refs.btnPrev, $refs.btnNext)\">\n            <div class=\"swiper-wrapper\">\n                                    <div class=\"swiper-slide\">\n                        <div class=\"image-slider__media\">\n                            <img decoding=\"async\" class=\"image-slider__image\"\n                                 src=\"https:\/\/stiftadmont.at\/wp-content\/uploads\/Stia_Immo_\u00a9Thomas-Sattler-12-768x512.jpg\"\n                                 alt=\"Stia Immo \u00a9Thomas Sattler 12 scaled\">\n                        <\/div>\n                    <\/div>\n                                    <div class=\"swiper-slide\">\n                        <div class=\"image-slider__media\">\n                            <img decoding=\"async\" class=\"image-slider__image\"\n                                 src=\"https:\/\/stiftadmont.at\/wp-content\/uploads\/Stia_Immo_\u00a9Thomas-Sattler-11-e1634722782300-768x512.jpg\"\n                                 alt=\"Stia Immo \u00a9Thomas Sattler 11 e1634722782300\">\n                        <\/div>\n                    <\/div>\n                                    <div class=\"swiper-slide\">\n                        <div class=\"image-slider__media\">\n                            <img decoding=\"async\" class=\"image-slider__image\"\n                                 src=\"https:\/\/stiftadmont.at\/wp-content\/uploads\/Stia_Immo_\u00a9Thomas-Sattler-8-e1634722808320-768x512.jpg\"\n                                 alt=\"Stia Immo \u00a9Thomas Sattler 8 e1634722808320\">\n                        <\/div>\n                    <\/div>\n                                    <div class=\"swiper-slide\">\n                        <div class=\"image-slider__media\">\n                            <img decoding=\"async\" class=\"image-slider__image\"\n                                 src=\"https:\/\/stiftadmont.at\/wp-content\/uploads\/Stia_Immo_\u00a9Thomas-Sattler-7-e1634722834443-768x512.jpg\"\n                                 alt=\"Stia Immo \u00a9Thomas Sattler 7 e1634722834443\">\n                        <\/div>\n                    <\/div>\n                                    <div class=\"swiper-slide\">\n                        <div class=\"image-slider__media\">\n                            <img decoding=\"async\" class=\"image-slider__image\"\n                                 src=\"https:\/\/stiftadmont.at\/wp-content\/uploads\/Stia_Immo_\u00a9Thomas-Sattler-6-e1634722896547-768x512.jpg\"\n                                 alt=\"Stia Immo \u00a9Thomas Sattler 6 e1634722896547\">\n                        <\/div>\n                    <\/div>\n                                    <div class=\"swiper-slide\">\n                        <div class=\"image-slider__media\">\n                            <img decoding=\"async\" class=\"image-slider__image\"\n                                 src=\"https:\/\/stiftadmont.at\/wp-content\/uploads\/Stia_Immo_\u00a9Thomas-Sattler-4-e1634722942586-768x512.jpg\"\n                                 alt=\"Stia Immo \u00a9Thomas Sattler 4 e1634722942586\">\n                        <\/div>\n                    <\/div>\n                            <\/div>\n\n            <div class=\"swiper-nav-wrapper\">\n                <button class=\"swiper-button-prev slider-button--prev\" x-ref=\"btnPrev\"\n                        aria-label=\"Vorige Bilder anzeigen\">\n                    <img decoding=\"async\" src=\"\/wp-content\/themes\/stift-admont\/src\/assets\/img\/arrow-left-big-new.svg\" alt=\"Pfeil nach Links\">\n                <\/button>\n\n\n                <a class=\"image-slider__gallery\" @click=\"openGallery(gallery)\"><i class=\"fa-thin fa-plus\"><\/i><\/a>\n                <button class=\"swiper-button-next slider-button--next\"\n                        x-ref=\"btnNext\"\n                        aria-label=\"N\u00e4chste Bilder anzeigen\">\n                    <img decoding=\"async\" src=\"\/wp-content\/themes\/stift-admont\/src\/assets\/img\/arrow-right-big-new.svg\" alt=\"Pfeil nach Rechts\">\n                <\/button>\n            <\/div>\n        <\/div>\n    <\/div>\n\n\n<\/div><\/section>","protected":false},"excerpt":{"rendered":"","protected":false},"author":3,"featured_media":0,"parent":0,"menu_order":123,"comment_status":"closed","ping_status":"closed","template":"","meta":{"_acf_changed":false,"footnotes":""},"categories":[],"class_list":["post-509","page","type-page","status-publish","hentry"],"acf":[],"yoast_head":"<!-- This site is optimized with the Yoast SEO Premium plugin v26.0 (Yoast SEO v26.8) - https:\/\/yoast.com\/product\/yoast-seo-premium-wordpress\/ -->\n<title>STIA Immo GmbH - Stift Admont<\/title>\n<meta name=\"robots\" content=\"index, follow, max-snippet:-1, max-image-preview:large, max-video-preview:-1\" \/>\n<link rel=\"canonical\" href=\"https:\/\/stiftadmont.at\/it\/stia-immo-gmbh\/\" \/>\n<meta property=\"og:locale\" content=\"it_IT\" \/>\n<meta property=\"og:type\" content=\"article\" \/>\n<meta property=\"og:title\" content=\"STIA Immo GmbH\" \/>\n<meta property=\"og:url\" content=\"https:\/\/stiftadmont.at\/it\/stia-immo-gmbh\/\" \/>\n<meta property=\"og:site_name\" content=\"Stift Admont\" \/>\n<meta property=\"article:modified_time\" content=\"2026-02-23T16:04:45+00:00\" \/>\n<meta property=\"og:image\" content=\"https:\/\/stiftadmont.at\/wp-content\/uploads\/Klosteranlage-innen.jpg\" \/>\n\t<meta property=\"og:image:width\" content=\"1912\" \/>\n\t<meta property=\"og:image:height\" content=\"1188\" \/>\n\t<meta property=\"og:image:type\" content=\"image\/jpeg\" \/>\n<meta name=\"twitter:card\" content=\"summary_large_image\" \/>\n<script type=\"application\/ld+json\" class=\"yoast-schema-graph\">{\"@context\":\"https:\/\/schema.org\",\"@graph\":[{\"@type\":\"WebPage\",\"@id\":\"https:\/\/stiftadmont.at\/stia-immo-gmbh\/\",\"url\":\"https:\/\/stiftadmont.at\/stia-immo-gmbh\/\",\"name\":\"STIA Immo GmbH - Stift Admont\",\"isPartOf\":{\"@id\":\"https:\/\/stiftadmont.at\/#website\"},\"datePublished\":\"2021-07-15T12:26:47+00:00\",\"dateModified\":\"2026-02-23T16:04:45+00:00\",\"breadcrumb\":{\"@id\":\"https:\/\/stiftadmont.at\/stia-immo-gmbh\/#breadcrumb\"},\"inLanguage\":\"it-IT\",\"potentialAction\":[{\"@type\":\"ReadAction\",\"target\":[\"https:\/\/stiftadmont.at\/stia-immo-gmbh\/\"]}]},{\"@type\":\"BreadcrumbList\",\"@id\":\"https:\/\/stiftadmont.at\/stia-immo-gmbh\/#breadcrumb\",\"itemListElement\":[{\"@type\":\"ListItem\",\"position\":1,\"name\":\"Start\",\"item\":\"https:\/\/stiftadmont.at\/\"},{\"@type\":\"ListItem\",\"position\":2,\"name\":\"STIA Immo GmbH\"}]},{\"@type\":\"WebSite\",\"@id\":\"https:\/\/stiftadmont.at\/#website\",\"url\":\"https:\/\/stiftadmont.at\/\",\"name\":\"Stift Admont\",\"description\":\"Benediktinerkloster und Sehensw\u00fcrdigkeit im Ges\u00e4use\",\"potentialAction\":[{\"@type\":\"SearchAction\",\"target\":{\"@type\":\"EntryPoint\",\"urlTemplate\":\"https:\/\/stiftadmont.at\/?s={search_term_string}\"},\"query-input\":{\"@type\":\"PropertyValueSpecification\",\"valueRequired\":true,\"valueName\":\"search_term_string\"}}],\"inLanguage\":\"it-IT\"}]}<\/script>\n<!-- \/ Yoast SEO Premium plugin. -->","yoast_head_json":{"title":"STIA Immo GmbH - Abbazia di Admont","robots":{"index":"index","follow":"follow","max-snippet":"max-snippet:-1","max-image-preview":"max-image-preview:large","max-video-preview":"max-video-preview:-1"},"canonical":"https:\/\/stiftadmont.at\/it\/stia-immo-gmbh\/","og_locale":"it_IT","og_type":"article","og_title":"STIA Immo GmbH","og_url":"https:\/\/stiftadmont.at\/it\/stia-immo-gmbh\/","og_site_name":"Stift Admont","article_modified_time":"2026-02-23T16:04:45+00:00","og_image":[{"width":1912,"height":1188,"url":"https:\/\/stiftadmont.at\/wp-content\/uploads\/Klosteranlage-innen.jpg","type":"image\/jpeg"}],"twitter_card":"summary_large_image","schema":{"@context":"https:\/\/schema.org","@graph":[{"@type":"WebPage","@id":"https:\/\/stiftadmont.at\/stia-immo-gmbh\/","url":"https:\/\/stiftadmont.at\/stia-immo-gmbh\/","name":"STIA Immo GmbH - Abbazia di Admont","isPartOf":{"@id":"https:\/\/stiftadmont.at\/#website"},"datePublished":"2021-07-15T12:26:47+00:00","dateModified":"2026-02-23T16:04:45+00:00","breadcrumb":{"@id":"https:\/\/stiftadmont.at\/stia-immo-gmbh\/#breadcrumb"},"inLanguage":"it-IT","potentialAction":[{"@type":"ReadAction","target":["https:\/\/stiftadmont.at\/stia-immo-gmbh\/"]}]},{"@type":"BreadcrumbList","@id":"https:\/\/stiftadmont.at\/stia-immo-gmbh\/#breadcrumb","itemListElement":[{"@type":"ListItem","position":1,"name":"Start","item":"https:\/\/stiftadmont.at\/"},{"@type":"ListItem","position":2,"name":"STIA Immo GmbH"}]},{"@type":"WebSite","@id":"https:\/\/stiftadmont.at\/#website","url":"https:\/\/stiftadmont.at\/","name":"Abbazia di Admont","description":"Monastero benedettino e attrazione turistica nella Ges\u00e4use","potentialAction":[{"@type":"SearchAction","target":{"@type":"EntryPoint","urlTemplate":"https:\/\/stiftadmont.at\/?s={search_term_string}"},"query-input":{"@type":"PropertyValueSpecification","valueRequired":true,"valueName":"search_term_string"}}],"inLanguage":"it-IT"}]}},"_links":{"self":[{"href":"https:\/\/stiftadmont.at\/it\/wp-json\/wp\/v2\/pages\/509","targetHints":{"allow":["GET"]}}],"collection":[{"href":"https:\/\/stiftadmont.at\/it\/wp-json\/wp\/v2\/pages"}],"about":[{"href":"https:\/\/stiftadmont.at\/it\/wp-json\/wp\/v2\/types\/page"}],"author":[{"embeddable":true,"href":"https:\/\/stiftadmont.at\/it\/wp-json\/wp\/v2\/users\/3"}],"replies":[{"embeddable":true,"href":"https:\/\/stiftadmont.at\/it\/wp-json\/wp\/v2\/comments?post=509"}],"version-history":[{"count":75,"href":"https:\/\/stiftadmont.at\/it\/wp-json\/wp\/v2\/pages\/509\/revisions"}],"predecessor-version":[{"id":39781,"href":"https:\/\/stiftadmont.at\/it\/wp-json\/wp\/v2\/pages\/509\/revisions\/39781"}],"wp:attachment":[{"href":"https:\/\/stiftadmont.at\/it\/wp-json\/wp\/v2\/media?parent=509"}],"wp:term":[{"taxonomy":"category","embeddable":true,"href":"https:\/\/stiftadmont.at\/it\/wp-json\/wp\/v2\/categories?post=509"}],"curies":[{"name":"wp","href":"https:\/\/api.w.org\/{rel}","templated":true}]}}