{"id":6162,"date":"2021-09-28T10:39:56","date_gmt":"2021-09-28T08:39:56","guid":{"rendered":"https:\/\/stiftadmont.at\/?page_id=6162"},"modified":"2023-12-08T19:17:42","modified_gmt":"2023-12-08T17:17:42","slug":"di-abrogani-e-nibelunghi","status":"publish","type":"page","link":"https:\/\/stiftadmont.at\/it\/museum\/ausstellungsrueckblick\/von-abrogans-und-nibelungen\/","title":{"rendered":"Di Abrogani e Nibelunghi"},"content":{"rendered":"<section id='lightpress__section--block_6152d4d58663f' class='lightpress__section--default-section-space lightpress__section lightpress__section--content'><div class=\"content__inner\"\n         x-init=\"initContentBlockAnim($el)\">\n        \n    <div class=\"content__grid content__grid--fifty-fifty\">\n                                            <div class=\"content__box content__box\"\n                 style=\"\">\n                                \n                \n                                            <div class=\"prose\"><h2 class=\"heading-xxl line line--gold\">Di Abrogani e Nibelunghi<\/h2>\n<p class=\"paragraph-m\"><strong>Sensazionali ritrovamenti di letteratura tedesca nei monasteri austriaci<\/strong><\/p>\n<p class=\"paragraph-m\">La scoperta dei frammenti degli Abrogani di Admont nel magazzino dei manoscritti dell'Abbazia benedettina di Admont ha fatto pi\u00f9 di un titolo. Documenti di 1200 anni fa, per di pi\u00f9 con iscrizioni in tedesco, mai scoperti prima in una scatola di cartone? Possiamo definirla una scoperta sensazionale.\u00a0<\/p>\n<p class=\"paragraph-m\">Ancora oggi, i monasteri sono veri e propri scrigni quando si tratta di materiale scritto antico e raro. Ogni volta viene alla luce qualcosa di nuovo e degno di nota: questa \u00e8 stata una gradita occasione per riunire in una mostra i sensazionali reperti dei monasteri austriaci.\u00a0<\/p>\n<p class=\"paragraph-m\">\u00a0<\/p>\n<\/div>\n                    \n                            <\/div>\n        \n                                                    <div class=\"content__box content__box--2\"\n                     >\n                                        \n                    \n                                                <div class=\"content__media stickyTo\" x-init=\"imageSticky($el)\">\n\n                                                                                    <picture\n                                    class=\"content__image sticky image-mask\">\n                                <source srcset=\"https:\/\/stiftadmont.at\/wp-content\/uploads\/O0B9457-1-1024x683.webp\" type=\"image\/webp\">\n                                <source srcset=\"https:\/\/stiftadmont.at\/wp-content\/uploads\/O0B9457-1-1024x683.jpg\" type=\"image\/jpeg\">\n                                <img decoding=\"async\" class=\"sticky\" loading=\"lazy\" src=\"https:\/\/stiftadmont.at\/wp-content\/uploads\/O0B9457-1-1024x683.jpg\"\n                                     alt=\"Abbazia di Admont - Di Abrogani e Nibelunghi 2021 - Padre Priore Massimiliano\">\n\n                                                                                                                            <\/picture>\n\n                        <\/div>\n\n                                    <\/div>\n            \n            <\/div>\n<\/div>\n\n<\/section>\n\n<section id='lightpress__section--block_6152d5ed86640' class='lightpress__section--default-section-space lightpress__section lightpress__section--content'><div class=\"content__inner\"\n         x-init=\"initContentBlockAnim($el)\">\n        \n    <div class=\"content__grid content__grid--fifty-fifty\">\n                                            <div class=\"content__box content__box\"\n                 style=\"\">\n                                \n                \n                                            <div class=\"prose\"><p class=\"paragraph-m\">Chi non ha mai sentito le storie di Sigfrido e dei Nibelunghi, della lotta contro il drago e di una spada meravigliosa? I tre manoscritti pi\u00f9 antichi della \"Canzone dei Nibelunghi\", che si trovano a Monaco di Baviera, San Gallo e Karlsruhe, sono stati inseriti nel 2009 nella lista del Patrimonio dell'Umanit\u00e0 dell'UNESCO; l'epopea eroica \u00e8 quindi al pari delle fiabe dei fratelli Grimm, della Nona Sinfonia di Beethoven e dell'invenzione della stampa da parte di Johannes Gutenberg.\u00a0 \u00a0<\/p>\n<p class=\"paragraph-m\">\u00a0<\/p>\n<\/div>\n                    \n                            <\/div>\n        \n                                                    <div class=\"content__box content__box--2\"\n                     >\n                                        \n                    \n                                                    <div class=\"prose\"><p class=\"paragraph-m\">I nuovi ritrovamenti non sono cos\u00ec comuni, ma sono sempre accompagnati da un grande interesse mediatico. Ecco perch\u00e9 il frammento della Canzone dei Nibelunghi ritrovato nell'Abbazia di Melk nel 1998 \u00e8 una delle grandi sensazioni di questa mostra. I \"frammenti dei Nibelunghi\" ritrovati qualche anno dopo a Zwettl, che sono stati molto sfruttati dai media, dopo un esame pi\u00f9 attento si sono rivelati una prima tradizione dell'\"Erec\" (un romanzo eroico su un cavaliere della cerchia di Re Art\u00f9) e sono stati quindi relegati al loro posto, per cos\u00ec dire, anche se meritano certamente il loro superlativo in ambito scientifico.<\/p>\n<\/div>\n                        \n                                    <\/div>\n            \n            <\/div>\n<\/div>\n\n<\/section>\n\n<section id='lightpress__section--block_6152d88986641' class='lightpress__section--default-section-space lightpress__section lightpress__section--content'><div class=\"content__inner\"\n         x-init=\"initContentBlockAnim($el)\">\n        \n    <div class=\"content__grid content__grid\">\n                                            <div class=\"content__box content__box--one-hundred\"\n                 style=\"\">\n                                \n                \n                                            <div class=\"prose\"><h3 class=\"heading-xl line line--gold\">L'importanza dei monasteri austriaci\u00a0<\/h3>\n<p class=\"paragraph-m\">Tuttavia, questa mostra vuole anche richiamare l'attenzione sull'importanza dei monasteri ancora in vita per il patrimonio culturale e letterario della nostra societ\u00e0. I nove monasteri coinvolti in questa mostra conservano testi provenienti da quasi tutti i settori della letteratura cortese dell'Alto Medioevo. Sono rappresentati non solo i grandi eroi come Parzival, Willehalm, Iwein o Alexander, ma anche la pi\u00f9 antica testimonianza scritta di una canzone da menestrello di Walther von der Vogelweide, trascritta in un antico salterio dell'abbazia di Kremsm\u00fcnster. Questi brani meriterebbero sicuramente una relazione sensazionale.\u00a0\u00a0<\/p>\n<p class=\"paragraph-m\">Walther von der Vogelweide, il grande poeta e cantore del Medioevo! Quanto si \u00e8 speculato su di lui, quanti luoghi se ne sono appropriati? Qui troverete le testimonianze scritte pi\u00f9 vicine a lui nel mondo.\u00a0<\/p>\n<\/div>\n                    \n                            <\/div>\n        \n            <\/div>\n<\/div>\n\n<\/section>\n\n<section id='lightpress__section--block_6152d89986642' class='lightpress__section--default-section-space lightpress__section lightpress__section--content'><div class=\"content__inner\"\n         x-init=\"initContentBlockAnim($el)\">\n        \n    <div class=\"content__grid content__grid--fifty-fifty\">\n                                            <div class=\"content__box content__box\"\n                 style=\"\">\n                                \n                \n                                            <div class=\"prose\"><h3 class=\"heading-xl line line--red\">Gli Admont Abrogans\u00a0<\/h3>\n<p class=\"paragraph-m\">Nel 2012, Martin Haltrich ha scoperto un frammento parzialmente tedesco ad Admont. Si tratta di due pezzi di pergamena (ciascuno di circa 12 cm x 9-10 cm), che facevano parte di un foglio utilizzato come copertina di un libro e tagliato a tale scopo.\u00a0<\/p>\n<p class=\"paragraph-m\">A noi oggi sembra una barbarie, ma in passato non era una cosa rara: La gente riciclava la robusta pergamena perch\u00e9 non era pi\u00f9 interessata al contenuto (o non lo capiva pi\u00f9). Il nostro frammento \u00e8 stato staccato nel 1963 durante il restauro di un libro, fotografato e aggiunto alla collezione di frammenti: avrebbe potuto essere letto molto tempo fa, ma non lo \u00e8 stato finch\u00e9 non \u00e8 stato ritrovato. Ma quando \u00e8 stato letto, la sorpresa \u00e8 stata grande: le parole sui resti di foglie appartengono al pi\u00f9 antico libro in lingua tedesca, gli \"Abrogans\".<\/p>\n<p class=\"paragraph-m\">\u00a0<\/p>\n<\/div>\n                    \n                            <\/div>\n        \n                                                    <div class=\"content__box content__box--2\"\n                     >\n                                        \n                    \n                                                <div class=\"content__media stickyTo\" x-init=\"imageSticky($el)\">\n\n                                                                                    <picture\n                                    class=\"content__image sticky\">\n                                <source srcset=\"https:\/\/stiftadmont.at\/wp-content\/uploads\/Abrogans1a-e1632831894693-1024x768.webp\" type=\"image\/webp\">\n                                <source srcset=\"https:\/\/stiftadmont.at\/wp-content\/uploads\/Abrogans1a-e1632831894693-1024x768.jpg\" type=\"image\/jpeg\">\n                                <img decoding=\"async\" class=\"sticky\" loading=\"lazy\" src=\"https:\/\/stiftadmont.at\/wp-content\/uploads\/Abrogans1a-e1632831894693-1024x768.jpg\" alt=\"Di abrogani e nibelunghi 2021\" \/>\n\n                                                                                                                            <\/picture>\n\n                        <\/div>\n\n                                    <\/div>\n            \n            <\/div>\n<\/div>\n\n<\/section>\n\n<section id='lightpress__section--block_6152dd4486647' class='lightpress__section--default-section-space lightpress__section lightpress__section--content'><div class=\"content__inner\"\n         x-init=\"initContentBlockAnim($el)\">\n        \n    <div class=\"content__grid content__grid--fifty-fifty\">\n                                            <div class=\"content__box content__box\"\n                 style=\"\">\n                                \n                \n                                            <div class=\"prose\"><p class=\"paragraph-m\" style=\"font-size: medium;\"><span style=\"font-size: medium;\">Con i monaci benedettini si afferm\u00f2 la tecnica culturale della scrittura negli odierni Paesi di lingua tedesca e questa scrittura era naturalmente il latino. Questa nuova cultura della scrittura apr\u00ec la possibilit\u00e0 di scrivere la lingua tedesca in lettere latine e cos\u00ec, a partire dall'VIII secolo, incontriamo parole, frasi e piccoli testi tedeschi come ospiti di manoscritti latini. Fino ad allora, le rune erano state utilizzate come caratteri per il volgare, principalmente per scopi rituali, ma le rune non erano utilizzate per scrivere libri, solo iscrizioni. La letteratura, d'altra parte, veniva recitata oralmente, non scritta, e quindi la tradizione dei canti eroici, ad esempio, \u00e8 praticamente perduta.<\/span><\/p>\n<p class=\"paragraph-m\" style=\"font-size: medium;\"><span style=\"font-size: medium;\">Gli inizi sporadici della scrittura in lingua tedesca a margine dei manoscritti latini si svilupparono lentamente in un interesse sistematico, che alla fine port\u00f2 al primo libro tedesco, gli \"Abrogans\". Questo \"Abrogans\" era originariamente un dizionario latino-latino. Traducendo il vocabolario latino ivi raccolto in tedesco, pi\u00f9 precisamente in \"antico alto tedesco\", era possibile produrre per la prima volta un dizionario tedesco e questa idea sensazionale fu realizzata a met\u00e0 dell'VIII secolo nella regione di lingua tedesca meridionale.<\/span><\/p>\n<\/div>\n                    \n                            <\/div>\n        \n                                                    <div class=\"content__box content__box--2\"\n                     >\n                                        \n                    \n                                                    <div class=\"prose\"><p class=\"paragraph-m\" style=\"font-size: medium;\"><span style=\"font-size: medium;\">Purtroppo l'\"originale\" di questa impresa non si \u00e8 conservato, ma sono giunti fino a noi tre manoscritti, tutti risalenti all'800 circa. Questi manoscritti sono oggi conservati a San Gallo (Biblioteca dell'Abbazia, Cod. 911), a Parigi (Bibliotheque Nationale, Ms. lat. 7640) e a Karlsruhe (Biblioteca di Stato, Cod. Aug.CXI). Con il frammento di Admont, possediamo ora un altro pezzo molto precoce del periodo intorno all'800, che presenta caratteristiche del tutto particolari.<\/span><\/p>\n<p>\u00a0<\/p>\n<h3 class=\"heading-xl line line--gold\" style=\"margin-top: 0px; z-index: var(--z-content);\">MAGGIORI INFORMAZIONI SULLA MOSTRA<\/h3>\n<p><a class=\"admont-button admont-button--outline-red\" href=\"\/wp-content\/uploads\/Museumszeitung_2018_compr.pdf\">Giornale del museo 2018<\/a><\/p>\n<p><a class=\"admont-button admont-button--outline-red\" href=\"\/wp-content\/uploads\/Stift_Admont_-_Museumszeitung_2019_DE.pdf\">Giornale del museo 2019<\/a><\/p>\n<\/div>\n                        \n                                    <\/div>\n            \n            <\/div>\n<\/div>\n\n<\/section>","protected":false},"excerpt":{"rendered":"","protected":false},"author":7,"featured_media":0,"parent":5864,"menu_order":12,"comment_status":"closed","ping_status":"closed","template":"","meta":{"_acf_changed":false,"footnotes":""},"categories":[73],"class_list":["post-6162","page","type-page","status-publish","hentry","category-ausstellungsrueckblick"],"acf":[],"yoast_head":"<!-- This site is optimized with the Yoast SEO Premium plugin v26.0 (Yoast SEO v26.8) - https:\/\/yoast.com\/product\/yoast-seo-premium-wordpress\/ -->\n<title>Von Abrogans und Nibelungen - Stift Admont<\/title>\n<meta name=\"robots\" content=\"index, follow, max-snippet:-1, max-image-preview:large, max-video-preview:-1\" \/>\n<link rel=\"canonical\" href=\"https:\/\/stiftadmont.at\/it\/museo\/recensione-della-mostra\/di-abrogani-e-nibelunghi\/\" \/>\n<meta property=\"og:locale\" content=\"it_IT\" \/>\n<meta property=\"og:type\" content=\"article\" \/>\n<meta property=\"og:title\" content=\"Von Abrogans und Nibelungen\" \/>\n<meta property=\"og:url\" content=\"https:\/\/stiftadmont.at\/it\/museo\/recensione-della-mostra\/di-abrogani-e-nibelunghi\/\" \/>\n<meta property=\"og:site_name\" content=\"Stift Admont\" \/>\n<meta property=\"article:modified_time\" content=\"2023-12-08T17:17:42+00:00\" \/>\n<meta property=\"og:image\" content=\"https:\/\/stiftadmont.at\/wp-content\/uploads\/Klosteranlage-innen.jpg\" \/>\n\t<meta property=\"og:image:width\" content=\"1912\" \/>\n\t<meta property=\"og:image:height\" content=\"1188\" \/>\n\t<meta property=\"og:image:type\" content=\"image\/jpeg\" \/>\n<meta name=\"twitter:card\" content=\"summary_large_image\" \/>\n<script type=\"application\/ld+json\" class=\"yoast-schema-graph\">{\"@context\":\"https:\/\/schema.org\",\"@graph\":[{\"@type\":\"WebPage\",\"@id\":\"https:\/\/stiftadmont.at\/museum\/ausstellungsrueckblick\/von-abrogans-und-nibelungen\/\",\"url\":\"https:\/\/stiftadmont.at\/museum\/ausstellungsrueckblick\/von-abrogans-und-nibelungen\/\",\"name\":\"Von Abrogans und Nibelungen - Stift Admont\",\"isPartOf\":{\"@id\":\"https:\/\/stiftadmont.at\/#website\"},\"datePublished\":\"2021-09-28T08:39:56+00:00\",\"dateModified\":\"2023-12-08T17:17:42+00:00\",\"breadcrumb\":{\"@id\":\"https:\/\/stiftadmont.at\/museum\/ausstellungsrueckblick\/von-abrogans-und-nibelungen\/#breadcrumb\"},\"inLanguage\":\"it-IT\",\"potentialAction\":[{\"@type\":\"ReadAction\",\"target\":[\"https:\/\/stiftadmont.at\/museum\/ausstellungsrueckblick\/von-abrogans-und-nibelungen\/\"]}]},{\"@type\":\"BreadcrumbList\",\"@id\":\"https:\/\/stiftadmont.at\/museum\/ausstellungsrueckblick\/von-abrogans-und-nibelungen\/#breadcrumb\",\"itemListElement\":[{\"@type\":\"ListItem\",\"position\":1,\"name\":\"Start\",\"item\":\"https:\/\/stiftadmont.at\/\"},{\"@type\":\"ListItem\",\"position\":2,\"name\":\"Museum Stift Admont\",\"item\":\"https:\/\/stiftadmont.at\/museum\/\"},{\"@type\":\"ListItem\",\"position\":3,\"name\":\"Ausstellungsr\u00fcckblick\",\"item\":\"https:\/\/stiftadmont.at\/museum\/ausstellungsrueckblick\/\"},{\"@type\":\"ListItem\",\"position\":4,\"name\":\"Von Abrogans und Nibelungen\"}]},{\"@type\":\"WebSite\",\"@id\":\"https:\/\/stiftadmont.at\/#website\",\"url\":\"https:\/\/stiftadmont.at\/\",\"name\":\"Stift Admont\",\"description\":\"Benediktinerkloster und Sehensw\u00fcrdigkeit im Ges\u00e4use\",\"potentialAction\":[{\"@type\":\"SearchAction\",\"target\":{\"@type\":\"EntryPoint\",\"urlTemplate\":\"https:\/\/stiftadmont.at\/?s={search_term_string}\"},\"query-input\":{\"@type\":\"PropertyValueSpecification\",\"valueRequired\":true,\"valueName\":\"search_term_string\"}}],\"inLanguage\":\"it-IT\"}]}<\/script>\n<!-- \/ Yoast SEO Premium plugin. -->","yoast_head_json":{"title":"Di Abrogani e Nibelunghi - Abbazia di Admont","robots":{"index":"index","follow":"follow","max-snippet":"max-snippet:-1","max-image-preview":"max-image-preview:large","max-video-preview":"max-video-preview:-1"},"canonical":"https:\/\/stiftadmont.at\/it\/museo\/recensione-della-mostra\/di-abrogani-e-nibelunghi\/","og_locale":"it_IT","og_type":"article","og_title":"Von Abrogans und Nibelungen","og_url":"https:\/\/stiftadmont.at\/it\/museo\/recensione-della-mostra\/di-abrogani-e-nibelunghi\/","og_site_name":"Stift Admont","article_modified_time":"2023-12-08T17:17:42+00:00","og_image":[{"width":1912,"height":1188,"url":"https:\/\/stiftadmont.at\/wp-content\/uploads\/Klosteranlage-innen.jpg","type":"image\/jpeg"}],"twitter_card":"summary_large_image","schema":{"@context":"https:\/\/schema.org","@graph":[{"@type":"WebPage","@id":"https:\/\/stiftadmont.at\/museum\/ausstellungsrueckblick\/von-abrogans-und-nibelungen\/","url":"https:\/\/stiftadmont.at\/museum\/ausstellungsrueckblick\/von-abrogans-und-nibelungen\/","name":"Di Abrogani e Nibelunghi - Abbazia di Admont","isPartOf":{"@id":"https:\/\/stiftadmont.at\/#website"},"datePublished":"2021-09-28T08:39:56+00:00","dateModified":"2023-12-08T17:17:42+00:00","breadcrumb":{"@id":"https:\/\/stiftadmont.at\/museum\/ausstellungsrueckblick\/von-abrogans-und-nibelungen\/#breadcrumb"},"inLanguage":"it-IT","potentialAction":[{"@type":"ReadAction","target":["https:\/\/stiftadmont.at\/museum\/ausstellungsrueckblick\/von-abrogans-und-nibelungen\/"]}]},{"@type":"BreadcrumbList","@id":"https:\/\/stiftadmont.at\/museum\/ausstellungsrueckblick\/von-abrogans-und-nibelungen\/#breadcrumb","itemListElement":[{"@type":"ListItem","position":1,"name":"Start","item":"https:\/\/stiftadmont.at\/"},{"@type":"ListItem","position":2,"name":"Museum Stift Admont","item":"https:\/\/stiftadmont.at\/museum\/"},{"@type":"ListItem","position":3,"name":"Ausstellungsr\u00fcckblick","item":"https:\/\/stiftadmont.at\/museum\/ausstellungsrueckblick\/"},{"@type":"ListItem","position":4,"name":"Von Abrogans und Nibelungen"}]},{"@type":"WebSite","@id":"https:\/\/stiftadmont.at\/#website","url":"https:\/\/stiftadmont.at\/","name":"Abbazia di Admont","description":"Monastero benedettino e attrazione turistica nella Ges\u00e4use","potentialAction":[{"@type":"SearchAction","target":{"@type":"EntryPoint","urlTemplate":"https:\/\/stiftadmont.at\/?s={search_term_string}"},"query-input":{"@type":"PropertyValueSpecification","valueRequired":true,"valueName":"search_term_string"}}],"inLanguage":"it-IT"}]}},"_links":{"self":[{"href":"https:\/\/stiftadmont.at\/it\/wp-json\/wp\/v2\/pages\/6162","targetHints":{"allow":["GET"]}}],"collection":[{"href":"https:\/\/stiftadmont.at\/it\/wp-json\/wp\/v2\/pages"}],"about":[{"href":"https:\/\/stiftadmont.at\/it\/wp-json\/wp\/v2\/types\/page"}],"author":[{"embeddable":true,"href":"https:\/\/stiftadmont.at\/it\/wp-json\/wp\/v2\/users\/7"}],"replies":[{"embeddable":true,"href":"https:\/\/stiftadmont.at\/it\/wp-json\/wp\/v2\/comments?post=6162"}],"version-history":[{"count":37,"href":"https:\/\/stiftadmont.at\/it\/wp-json\/wp\/v2\/pages\/6162\/revisions"}],"predecessor-version":[{"id":24254,"href":"https:\/\/stiftadmont.at\/it\/wp-json\/wp\/v2\/pages\/6162\/revisions\/24254"}],"up":[{"embeddable":true,"href":"https:\/\/stiftadmont.at\/it\/wp-json\/wp\/v2\/pages\/5864"}],"wp:attachment":[{"href":"https:\/\/stiftadmont.at\/it\/wp-json\/wp\/v2\/media?parent=6162"}],"wp:term":[{"taxonomy":"category","embeddable":true,"href":"https:\/\/stiftadmont.at\/it\/wp-json\/wp\/v2\/categories?post=6162"}],"curies":[{"name":"wp","href":"https:\/\/api.w.org\/{rel}","templated":true}]}}